{"id":5151,"date":"2022-02-20T21:07:35","date_gmt":"2022-02-20T21:07:35","guid":{"rendered":"https:\/\/medicinasinc.com\/cs\/?post_type=product&#038;p=5151"},"modified":"2022-08-03T12:10:50","modified_gmt":"2022-08-03T12:10:50","slug":"koupit-diazepam-10-mg","status":"publish","type":"product","link":"https:\/\/medicinasinc.com\/cs\/product\/koupit-diazepam-10-mg\/","title":{"rendered":"Kupte si Diazepam 10 mg"},"content":{"rendered":"<p>Kupte si 10 mg dextripamu online (Diazepam)<\/p>\n<p>Diazepam 10 mg na prodej online ve Velk\u00e9 Brit\u00e1nii, Evrop\u011b za nejlep\u0161\u00ed cenu je k dispozici zde. Leg\u00e1ln\u00ed l\u00e9ky jsou k dispozici na bestglobalmeds.com, d\u016fv\u011bryhodn\u00e9 online l\u00e9k\u00e1rn\u011b. Zad\u00e1n\u00edm objedn\u00e1vky online m\u016f\u017eete u\u0161et\u0159it \u010das a pen\u00edze.<\/p>\n<p>Dextripam 10mg tablety lze zakoupit online. Diazepam je l\u00e9k, kter\u00fd se pou\u017e\u00edv\u00e1 k l\u00e9\u010db\u011b \u00fazkosti, p\u0159\u00edznak\u016f z vysazen\u00ed alkoholu nebo svalov\u00fdch k\u0159e\u010d\u00ed.<\/p>\n<p>D\u00e1vku 10 mg diazepamu lze zakoupit ve Spojen\u00e9m kr\u00e1lovstv\u00ed. Diazepam (Valium 10 mg) lze zakoupit na medicinasinc.com. M\u00e1me dobrou z\u00e1sobu pilulek Diazepamu na sklad\u011b!<\/p>\n<p>Diazepam (Generic Valium) a dal\u0161\u00ed&#8230; lze porovn\u00e1vat, lze z\u00edskat ti\u0161t\u011bn\u00e9 kupony a lze nal\u00e9zt strategie pro \u00fasporu pen\u011bz. M\u016f\u017eete zadat objedn\u00e1vku online a nechat si ji doru\u010dit a\u017e k va\u0161im dve\u0159\u00edm.<\/p>\n<div class=\"product-next-previous\">\n<div class=\"product-prev\"><\/div>\n<\/div>\n","protected":false},"excerpt":{"rendered":"<p>Kupte si Diazepam 10 mg na prodej online ve Spojen\u00e9m kr\u00e1lovstv\u00ed, v Evrop\u011b za nejlep\u0161\u00ed cenu je k dispozici zde. Leg\u00e1ln\u00ed l\u00e9ky jsou k dispozici na medicinasinc.com, d\u016fv\u011bryhodn\u00e9 online l\u00e9k\u00e1rn\u011b. Zad\u00e1n\u00edm objedn\u00e1vky online m\u016f\u017eete u\u0161et\u0159it \u010das a pen\u00edze.<\/p>\n<p>Dextripam 10mg tablety lze zakoupit online. Diazepam je l\u00e9k, kter\u00fd se pou\u017e\u00edv\u00e1 k l\u00e9\u010db\u011b \u00fazkosti, p\u0159\u00edznak\u016f z vysazen\u00ed alkoholu nebo svalov\u00fdch k\u0159e\u010d\u00ed.<\/p>\n<p>D\u00e1vku 10 mg diazepamu lze zakoupit ve Spojen\u00e9m kr\u00e1lovstv\u00ed. Diazepam (Valium 10 mg) lze zakoupit na medicinasinc.com. M\u00e1me dobrou z\u00e1sobu pilulek Diazepam na sklad\u011b!<\/p>\n<p>Diazepam (Generic Valium) a dal\u0161\u00ed\u2026 lze porovn\u00e1vat, lze z\u00edskat ti\u0161t\u011bn\u00e9 kupony a nal\u00e9zt strategie pro \u00fasporu pen\u011bz. M\u016f\u017eete zadat objedn\u00e1vku online a nechat si ji doru\u010dit a\u017e k va\u0161im dve\u0159\u00edm.<\/p>\n","protected":false},"featured_media":5170,"comment_status":"open","ping_status":"closed","template":"","meta":[],"product_brand":[],"product_cat":[1117],"product_tag":[],"class_list":{"0":"post-5151","1":"product","2":"type-product","3":"status-publish","4":"has-post-thumbnail","6":"product_cat-koupit-prasky-na-spani-bolest","8":"first","9":"instock","10":"shipping-taxable","11":"purchasable","12":"product-type-variable","13":"has-default-attributes"},"yoast_head":"<!-- This site is optimized with the Yoast SEO plugin v27.3 - https:\/\/yoast.com\/product\/yoast-seo-wordpress\/ -->\n<title>Koupit Diazepam 10 mg - Nejlep\u0161\u00ed nejlep\u0161\u00ed glob\u00e1ln\u00ed l\u00e9ky<\/title>\n<meta name=\"description\" content=\"Koupit Diazepam 10 mg na prodej Velk\u00e1 Brit\u00e1nie, Evropa online za nejlep\u0161\u00ed cenu. medicinasinc.com je d\u016fv\u011bryhodn\u00e1 online l\u00e9k\u00e1rna s leg\u00e1ln\u00edmi drogami. Objedn\u00e1vejte online a \u0161et\u0159ete sv\u016fj \u010das a pen\u00edze.\" \/>\n<meta name=\"robots\" content=\"index, follow, max-snippet:-1, max-image-preview:large, max-video-preview:-1\" \/>\n<link rel=\"canonical\" href=\"https:\/\/medicinasinc.com\/cs\/product\/koupit-diazepam-10-mg\/\" \/>\n<meta property=\"og:locale\" content=\"en_US\" \/>\n<meta property=\"og:type\" content=\"article\" \/>\n<meta property=\"og:title\" content=\"Koupit Diazepam 10 mg - Nejlep\u0161\u00ed nejlep\u0161\u00ed glob\u00e1ln\u00ed l\u00e9ky\" \/>\n<meta property=\"og:description\" content=\"Koupit Diazepam 10 mg na prodej Velk\u00e1 Brit\u00e1nie, Evropa online za nejlep\u0161\u00ed cenu. medicinasinc.com je d\u016fv\u011bryhodn\u00e1 online l\u00e9k\u00e1rna s leg\u00e1ln\u00edmi drogami. Objedn\u00e1vejte online a \u0161et\u0159ete sv\u016fj \u010das a pen\u00edze.\" \/>\n<meta property=\"og:url\" content=\"https:\/\/medicinasinc.com\/cs\/product\/koupit-diazepam-10-mg\/\" \/>\n<meta property=\"og:site_name\" content=\"Medicinas Inc\" \/>\n<meta property=\"article:modified_time\" content=\"2022-08-03T12:10:50+00:00\" \/>\n<meta property=\"og:image\" content=\"https:\/\/medicinasinc.com\/cs\/wp-content\/uploads\/sites\/2\/2022\/02\/Buy-Diazepam-10-mg.jpg\" \/>\n\t<meta property=\"og:image:width\" content=\"400\" \/>\n\t<meta property=\"og:image:height\" content=\"400\" \/>\n\t<meta property=\"og:image:type\" content=\"image\/jpeg\" \/>\n<meta name=\"twitter:card\" content=\"summary_large_image\" \/>\n<meta name=\"twitter:label1\" content=\"Est. reading time\" \/>\n\t<meta name=\"twitter:data1\" content=\"1 minute\" \/>\n<script type=\"application\/ld+json\" class=\"yoast-schema-graph\">{\"@context\":\"https:\\\/\\\/schema.org\",\"@graph\":[{\"@type\":\"WebPage\",\"@id\":\"https:\\\/\\\/medicinasinc.com\\\/cs\\\/product\\\/koupit-diazepam-10-mg\\\/\",\"url\":\"https:\\\/\\\/medicinasinc.com\\\/cs\\\/product\\\/koupit-diazepam-10-mg\\\/\",\"name\":\"Koupit Diazepam 10 mg - Nejlep\u0161\u00ed nejlep\u0161\u00ed glob\u00e1ln\u00ed l\u00e9ky\",\"isPartOf\":{\"@id\":\"https:\\\/\\\/medicinasinc.com\\\/cs\\\/#website\"},\"primaryImageOfPage\":{\"@id\":\"https:\\\/\\\/medicinasinc.com\\\/cs\\\/product\\\/koupit-diazepam-10-mg\\\/#primaryimage\"},\"image\":{\"@id\":\"https:\\\/\\\/medicinasinc.com\\\/cs\\\/product\\\/koupit-diazepam-10-mg\\\/#primaryimage\"},\"thumbnailUrl\":\"https:\\\/\\\/medicinasinc.com\\\/cs\\\/wp-content\\\/uploads\\\/sites\\\/2\\\/2022\\\/02\\\/Buy-Diazepam-10-mg.jpg\",\"datePublished\":\"2022-02-20T21:07:35+00:00\",\"dateModified\":\"2022-08-03T12:10:50+00:00\",\"description\":\"Koupit Diazepam 10 mg na prodej Velk\u00e1 Brit\u00e1nie, Evropa online za nejlep\u0161\u00ed cenu. medicinasinc.com je d\u016fv\u011bryhodn\u00e1 online l\u00e9k\u00e1rna s leg\u00e1ln\u00edmi drogami. Objedn\u00e1vejte online a \u0161et\u0159ete sv\u016fj \u010das a pen\u00edze.\",\"breadcrumb\":{\"@id\":\"https:\\\/\\\/medicinasinc.com\\\/cs\\\/product\\\/koupit-diazepam-10-mg\\\/#breadcrumb\"},\"inLanguage\":\"en-US\",\"potentialAction\":[{\"@type\":\"ReadAction\",\"target\":[\"https:\\\/\\\/medicinasinc.com\\\/cs\\\/product\\\/koupit-diazepam-10-mg\\\/\"]}]},{\"@type\":\"ImageObject\",\"inLanguage\":\"en-US\",\"@id\":\"https:\\\/\\\/medicinasinc.com\\\/cs\\\/product\\\/koupit-diazepam-10-mg\\\/#primaryimage\",\"url\":\"https:\\\/\\\/medicinasinc.com\\\/cs\\\/wp-content\\\/uploads\\\/sites\\\/2\\\/2022\\\/02\\\/Buy-Diazepam-10-mg.jpg\",\"contentUrl\":\"https:\\\/\\\/medicinasinc.com\\\/cs\\\/wp-content\\\/uploads\\\/sites\\\/2\\\/2022\\\/02\\\/Buy-Diazepam-10-mg.jpg\",\"width\":400,\"height\":400},{\"@type\":\"BreadcrumbList\",\"@id\":\"https:\\\/\\\/medicinasinc.com\\\/cs\\\/product\\\/koupit-diazepam-10-mg\\\/#breadcrumb\",\"itemListElement\":[{\"@type\":\"ListItem\",\"position\":1,\"name\":\"Obchod\",\"item\":\"https:\\\/\\\/medicinasinc.com\\\/cs\\\/obchod\\\/\"},{\"@type\":\"ListItem\",\"position\":2,\"name\":\"Kupte si Diazepam 10 mg\"}]},{\"@type\":\"WebSite\",\"@id\":\"https:\\\/\\\/medicinasinc.com\\\/cs\\\/#website\",\"url\":\"https:\\\/\\\/medicinasinc.com\\\/cs\\\/\",\"name\":\"Medicinas Inc\",\"description\":\"Health Medical Clinic\",\"potentialAction\":[{\"@type\":\"SearchAction\",\"target\":{\"@type\":\"EntryPoint\",\"urlTemplate\":\"https:\\\/\\\/medicinasinc.com\\\/cs\\\/?s={search_term_string}\"},\"query-input\":{\"@type\":\"PropertyValueSpecification\",\"valueRequired\":true,\"valueName\":\"search_term_string\"}}],\"inLanguage\":\"en-US\"}]}<\/script>\n<!-- \/ Yoast SEO plugin. -->","yoast_head_json":{"title":"Koupit Diazepam 10 mg - Nejlep\u0161\u00ed nejlep\u0161\u00ed glob\u00e1ln\u00ed l\u00e9ky","description":"Koupit Diazepam 10 mg na prodej Velk\u00e1 Brit\u00e1nie, Evropa online za nejlep\u0161\u00ed cenu. medicinasinc.com je d\u016fv\u011bryhodn\u00e1 online l\u00e9k\u00e1rna s leg\u00e1ln\u00edmi drogami. Objedn\u00e1vejte online a \u0161et\u0159ete sv\u016fj \u010das a pen\u00edze.","robots":{"index":"index","follow":"follow","max-snippet":"max-snippet:-1","max-image-preview":"max-image-preview:large","max-video-preview":"max-video-preview:-1"},"canonical":"https:\/\/medicinasinc.com\/cs\/product\/koupit-diazepam-10-mg\/","og_locale":"en_US","og_type":"article","og_title":"Koupit Diazepam 10 mg - Nejlep\u0161\u00ed nejlep\u0161\u00ed glob\u00e1ln\u00ed l\u00e9ky","og_description":"Koupit Diazepam 10 mg na prodej Velk\u00e1 Brit\u00e1nie, Evropa online za nejlep\u0161\u00ed cenu. medicinasinc.com je d\u016fv\u011bryhodn\u00e1 online l\u00e9k\u00e1rna s leg\u00e1ln\u00edmi drogami. Objedn\u00e1vejte online a \u0161et\u0159ete sv\u016fj \u010das a pen\u00edze.","og_url":"https:\/\/medicinasinc.com\/cs\/product\/koupit-diazepam-10-mg\/","og_site_name":"Medicinas Inc","article_modified_time":"2022-08-03T12:10:50+00:00","og_image":[{"width":400,"height":400,"url":"https:\/\/medicinasinc.com\/cs\/wp-content\/uploads\/sites\/2\/2022\/02\/Buy-Diazepam-10-mg.jpg","type":"image\/jpeg"}],"twitter_card":"summary_large_image","twitter_misc":{"Est. reading time":"1 minute"},"schema":{"@context":"https:\/\/schema.org","@graph":[{"@type":"WebPage","@id":"https:\/\/medicinasinc.com\/cs\/product\/koupit-diazepam-10-mg\/","url":"https:\/\/medicinasinc.com\/cs\/product\/koupit-diazepam-10-mg\/","name":"Koupit Diazepam 10 mg - Nejlep\u0161\u00ed nejlep\u0161\u00ed glob\u00e1ln\u00ed l\u00e9ky","isPartOf":{"@id":"https:\/\/medicinasinc.com\/cs\/#website"},"primaryImageOfPage":{"@id":"https:\/\/medicinasinc.com\/cs\/product\/koupit-diazepam-10-mg\/#primaryimage"},"image":{"@id":"https:\/\/medicinasinc.com\/cs\/product\/koupit-diazepam-10-mg\/#primaryimage"},"thumbnailUrl":"https:\/\/medicinasinc.com\/cs\/wp-content\/uploads\/sites\/2\/2022\/02\/Buy-Diazepam-10-mg.jpg","datePublished":"2022-02-20T21:07:35+00:00","dateModified":"2022-08-03T12:10:50+00:00","description":"Koupit Diazepam 10 mg na prodej Velk\u00e1 Brit\u00e1nie, Evropa online za nejlep\u0161\u00ed cenu. medicinasinc.com je d\u016fv\u011bryhodn\u00e1 online l\u00e9k\u00e1rna s leg\u00e1ln\u00edmi drogami. Objedn\u00e1vejte online a \u0161et\u0159ete sv\u016fj \u010das a pen\u00edze.","breadcrumb":{"@id":"https:\/\/medicinasinc.com\/cs\/product\/koupit-diazepam-10-mg\/#breadcrumb"},"inLanguage":"en-US","potentialAction":[{"@type":"ReadAction","target":["https:\/\/medicinasinc.com\/cs\/product\/koupit-diazepam-10-mg\/"]}]},{"@type":"ImageObject","inLanguage":"en-US","@id":"https:\/\/medicinasinc.com\/cs\/product\/koupit-diazepam-10-mg\/#primaryimage","url":"https:\/\/medicinasinc.com\/cs\/wp-content\/uploads\/sites\/2\/2022\/02\/Buy-Diazepam-10-mg.jpg","contentUrl":"https:\/\/medicinasinc.com\/cs\/wp-content\/uploads\/sites\/2\/2022\/02\/Buy-Diazepam-10-mg.jpg","width":400,"height":400},{"@type":"BreadcrumbList","@id":"https:\/\/medicinasinc.com\/cs\/product\/koupit-diazepam-10-mg\/#breadcrumb","itemListElement":[{"@type":"ListItem","position":1,"name":"Obchod","item":"https:\/\/medicinasinc.com\/cs\/obchod\/"},{"@type":"ListItem","position":2,"name":"Kupte si Diazepam 10 mg"}]},{"@type":"WebSite","@id":"https:\/\/medicinasinc.com\/cs\/#website","url":"https:\/\/medicinasinc.com\/cs\/","name":"Medicinas Inc","description":"Health Medical Clinic","potentialAction":[{"@type":"SearchAction","target":{"@type":"EntryPoint","urlTemplate":"https:\/\/medicinasinc.com\/cs\/?s={search_term_string}"},"query-input":{"@type":"PropertyValueSpecification","valueRequired":true,"valueName":"search_term_string"}}],"inLanguage":"en-US"}]}},"_links":{"self":[{"href":"https:\/\/medicinasinc.com\/cs\/wp-json\/wp\/v2\/product\/5151","targetHints":{"allow":["GET"]}}],"collection":[{"href":"https:\/\/medicinasinc.com\/cs\/wp-json\/wp\/v2\/product"}],"about":[{"href":"https:\/\/medicinasinc.com\/cs\/wp-json\/wp\/v2\/types\/product"}],"replies":[{"embeddable":true,"href":"https:\/\/medicinasinc.com\/cs\/wp-json\/wp\/v2\/comments?post=5151"}],"wp:featuredmedia":[{"embeddable":true,"href":"https:\/\/medicinasinc.com\/cs\/wp-json\/wp\/v2\/media\/5170"}],"wp:attachment":[{"href":"https:\/\/medicinasinc.com\/cs\/wp-json\/wp\/v2\/media?parent=5151"}],"wp:term":[{"taxonomy":"product_brand","embeddable":true,"href":"https:\/\/medicinasinc.com\/cs\/wp-json\/wp\/v2\/product_brand?post=5151"},{"taxonomy":"product_cat","embeddable":true,"href":"https:\/\/medicinasinc.com\/cs\/wp-json\/wp\/v2\/product_cat?post=5151"},{"taxonomy":"product_tag","embeddable":true,"href":"https:\/\/medicinasinc.com\/cs\/wp-json\/wp\/v2\/product_tag?post=5151"}],"curies":[{"name":"wp","href":"https:\/\/api.w.org\/{rel}","templated":true}]}}