{"id":5149,"date":"2022-02-20T21:05:49","date_gmt":"2022-02-20T21:05:49","guid":{"rendered":"https:\/\/medicinasinc.com\/cs\/?post_type=product&#038;p=5149"},"modified":"2022-03-14T12:28:55","modified_gmt":"2022-03-14T12:28:55","slug":"koupit-kodein-sulfat-30-mg","status":"publish","type":"product","link":"https:\/\/medicinasinc.com\/cs\/product\/koupit-kodein-sulfat-30-mg\/","title":{"rendered":"Koupit Kodein sulf\u00e1t 30 mg"},"content":{"rendered":"<p>online n\u00e1kup 30 mg kodeinfosf\u00e1tu<\/p>\n<p>Kodein\u00a0(fosf\u00e1t)\u00a030mg\u00a0pilulky\/tablety:<\/p>\n<p>Kodein\u00a0(fosf\u00e1t) l\u00e9\u010d\u00ed bolest nebo ka\u0161el. Tento l\u00e9k, kter\u00fd tlum\u00ed ka\u0161el a bolest v jednom, je narkotick\u00fd l\u00e9k proti bolesti.<\/p>\n<p>Kodein fosf\u00e1t 30 mg si m\u016f\u017eete koupit na internetu a nechat si ho doru\u010dit p\u0159es noc a\u017e k va\u0161im dve\u0159\u00edm prost\u0159ednictv\u00edm FedEx, ani\u017e byste pot\u0159ebovali l\u00e9ka\u0159sk\u00fd p\u0159edpis. dokud jste v USA.<\/p>\n<p>Codeine Phosphate 30 mg je k dispozici pro n\u00e1kup online, s rychl\u00fdm, bezpe\u010dn\u00fdm a sledovateln\u00fdm doru\u010den\u00edm pro v\u0161echny n\u00e1kupy. Nyn\u00ed je \u010das koupit kodein fosf\u00e1t online.<\/p>\n<p>Tablety kodein fosf\u00e1tu (30 mg). Kodein je siln\u00e9 analgetikum, kter\u00e9 lze z\u00edskat pouze na l\u00e9ka\u0159sk\u00fd p\u0159edpis. Siln\u00fd opi\u00e1t a narkotikum, kter\u00e9 dob\u0159e funguje. Objednejte si&#8230;<\/p>\n<p>sedativa voln\u011b prodejn\u00e1 V sou\u010dasn\u00e9 dob\u011b na trhu. Kodein je l\u00e9k proti bolesti, kter\u00fd lze pou\u017e\u00edt k l\u00e9\u010db\u011b nebo prevenci st\u0159edn\u00edho a\u017e t\u011b\u017ek\u00e9ho nepohodl\u00ed. M\u016f\u017ee b\u00fdt tak\u00e9 pou\u017eit k l\u00e9\u010db\u011b r\u016fzn\u00fdch onemocn\u011bn\u00ed. Kodein je dostupn\u00fd bez l\u00e9ka\u0159sk\u00e9ho p\u0159edpisu za velmi rozumnou cenu online.<\/p>\n","protected":false},"excerpt":{"rendered":"<p>Kodein\u00a0(fosfore\u010dnan)\u00a030 mg pilulky\/tablety: Kodein (fosfore\u010dnan) se pou\u017e\u00edv\u00e1 ke zm\u00edrn\u011bn\u00ed ka\u0161le a bolesti. Tento l\u00e9k, kter\u00fd tlum\u00ed ka\u0161el a bolest v jednom, je narkotick\u00fd l\u00e9k proti bolesti.<\/p>\n<p>Kodein fosf\u00e1t\u00a030 mg si m\u016f\u017eete koupit na internetu a nechat si ho doru\u010dit p\u0159es noc a\u017e k va\u0161im dve\u0159\u00edm prost\u0159ednictv\u00edm FedEx, ani\u017e byste pot\u0159ebovali p\u0159edpis, proto\u017ee pokud jste v USA.<\/p>\n<p>Codeine Phosphate 30 mg je k dispozici pro n\u00e1kup online s rychl\u00fdm, bezpe\u010dn\u00fdm a sledovateln\u00fdm doru\u010den\u00edm pro v\u0161echny n\u00e1kupy. Nyn\u00ed je \u010das koupit kodein fosf\u00e1t online.<\/p>\n<p>Tablety kodein fosf\u00e1tu (30 mg). Kodein je siln\u00e9 analgetikum, kter\u00e9 lze z\u00edskat pouze na l\u00e9ka\u0159sk\u00fd p\u0159edpis. Siln\u00fd opi\u00e1t a narkotikum, kter\u00e9 dob\u0159e funguje. Objednejte si&#8230;<\/p>\n<p>sedativa voln\u011b prodejn\u00e1 V sou\u010dasn\u00e9 dob\u011b na trhu. Kodein je l\u00e9k proti bolesti, kter\u00fd lze pou\u017e\u00edt k l\u00e9\u010db\u011b nebo prevenci st\u0159edn\u00edho a\u017e t\u011b\u017ek\u00e9ho nepohodl\u00ed. M\u016f\u017ee b\u00fdt tak\u00e9 pou\u017eit k l\u00e9\u010db\u011b r\u016fzn\u00fdch onemocn\u011bn\u00ed. Kodein je dostupn\u00fd bez l\u00e9ka\u0159sk\u00e9ho p\u0159edpisu za velmi rozumnou cenu online.<\/p>\n","protected":false},"featured_media":5166,"comment_status":"open","ping_status":"closed","template":"","meta":[],"product_brand":[],"product_cat":[1117],"product_tag":[],"class_list":{"0":"post-5149","1":"product","2":"type-product","3":"status-publish","4":"has-post-thumbnail","6":"product_cat-koupit-prasky-na-spani-bolest","8":"first","9":"instock","10":"shipping-taxable","11":"purchasable","12":"product-type-variable","13":"has-default-attributes"},"yoast_head":"<!-- This site is optimized with the Yoast SEO plugin v27.3 - https:\/\/yoast.com\/product\/yoast-seo-wordpress\/ -->\n<title>Koupit kodein sulf\u00e1t 30 mg - nejlep\u0161\u00ed nejlep\u0161\u00ed glob\u00e1ln\u00ed l\u00e9ky<\/title>\n<meta name=\"description\" content=\"Koupit Codeine Sulfate 30 mg online, doprava p\u0159es noc, zna\u010dkov\u00e9 l\u00e9ky, doru\u010den\u00ed p\u0159es FedEx, DPD Bez p\u0159edpisu, USA, Spojen\u00e9 kr\u00e1lovstv\u00ed, Evropa doru\u010den\u00ed.\" \/>\n<meta name=\"robots\" content=\"index, follow, max-snippet:-1, max-image-preview:large, max-video-preview:-1\" \/>\n<link rel=\"canonical\" href=\"https:\/\/medicinasinc.com\/cs\/product\/koupit-kodein-sulfat-30-mg\/\" \/>\n<meta property=\"og:locale\" content=\"en_US\" \/>\n<meta property=\"og:type\" content=\"article\" \/>\n<meta property=\"og:title\" content=\"Koupit kodein sulf\u00e1t 30 mg - nejlep\u0161\u00ed nejlep\u0161\u00ed glob\u00e1ln\u00ed l\u00e9ky\" \/>\n<meta property=\"og:description\" content=\"Koupit Codeine Sulfate 30 mg online, doprava p\u0159es noc, zna\u010dkov\u00e9 l\u00e9ky, doru\u010den\u00ed p\u0159es FedEx, DPD Bez p\u0159edpisu, USA, Spojen\u00e9 kr\u00e1lovstv\u00ed, Evropa doru\u010den\u00ed.\" \/>\n<meta property=\"og:url\" content=\"https:\/\/medicinasinc.com\/cs\/product\/koupit-kodein-sulfat-30-mg\/\" \/>\n<meta property=\"og:site_name\" content=\"Medicinas Inc\" \/>\n<meta property=\"article:modified_time\" content=\"2022-03-14T12:28:55+00:00\" \/>\n<meta property=\"og:image\" content=\"https:\/\/medicinasinc.com\/cs\/wp-content\/uploads\/sites\/2\/2022\/02\/buy-codeine-sulfate-30mg-online.jpg\" \/>\n\t<meta property=\"og:image:width\" content=\"600\" \/>\n\t<meta property=\"og:image:height\" content=\"600\" \/>\n\t<meta property=\"og:image:type\" content=\"image\/jpeg\" \/>\n<meta name=\"twitter:card\" content=\"summary_large_image\" \/>\n<meta name=\"twitter:label1\" content=\"Est. reading time\" \/>\n\t<meta name=\"twitter:data1\" content=\"1 minute\" \/>\n<script type=\"application\/ld+json\" class=\"yoast-schema-graph\">{\"@context\":\"https:\\\/\\\/schema.org\",\"@graph\":[{\"@type\":\"WebPage\",\"@id\":\"https:\\\/\\\/medicinasinc.com\\\/cs\\\/product\\\/koupit-kodein-sulfat-30-mg\\\/\",\"url\":\"https:\\\/\\\/medicinasinc.com\\\/cs\\\/product\\\/koupit-kodein-sulfat-30-mg\\\/\",\"name\":\"Koupit kodein sulf\u00e1t 30 mg - nejlep\u0161\u00ed nejlep\u0161\u00ed glob\u00e1ln\u00ed l\u00e9ky\",\"isPartOf\":{\"@id\":\"https:\\\/\\\/medicinasinc.com\\\/cs\\\/#website\"},\"primaryImageOfPage\":{\"@id\":\"https:\\\/\\\/medicinasinc.com\\\/cs\\\/product\\\/koupit-kodein-sulfat-30-mg\\\/#primaryimage\"},\"image\":{\"@id\":\"https:\\\/\\\/medicinasinc.com\\\/cs\\\/product\\\/koupit-kodein-sulfat-30-mg\\\/#primaryimage\"},\"thumbnailUrl\":\"https:\\\/\\\/medicinasinc.com\\\/cs\\\/wp-content\\\/uploads\\\/sites\\\/2\\\/2022\\\/02\\\/buy-codeine-sulfate-30mg-online.jpg\",\"datePublished\":\"2022-02-20T21:05:49+00:00\",\"dateModified\":\"2022-03-14T12:28:55+00:00\",\"description\":\"Koupit Codeine Sulfate 30 mg online, doprava p\u0159es noc, zna\u010dkov\u00e9 l\u00e9ky, doru\u010den\u00ed p\u0159es FedEx, DPD Bez p\u0159edpisu, USA, Spojen\u00e9 kr\u00e1lovstv\u00ed, Evropa doru\u010den\u00ed.\",\"breadcrumb\":{\"@id\":\"https:\\\/\\\/medicinasinc.com\\\/cs\\\/product\\\/koupit-kodein-sulfat-30-mg\\\/#breadcrumb\"},\"inLanguage\":\"en-US\",\"potentialAction\":[{\"@type\":\"ReadAction\",\"target\":[\"https:\\\/\\\/medicinasinc.com\\\/cs\\\/product\\\/koupit-kodein-sulfat-30-mg\\\/\"]}]},{\"@type\":\"ImageObject\",\"inLanguage\":\"en-US\",\"@id\":\"https:\\\/\\\/medicinasinc.com\\\/cs\\\/product\\\/koupit-kodein-sulfat-30-mg\\\/#primaryimage\",\"url\":\"https:\\\/\\\/medicinasinc.com\\\/cs\\\/wp-content\\\/uploads\\\/sites\\\/2\\\/2022\\\/02\\\/buy-codeine-sulfate-30mg-online.jpg\",\"contentUrl\":\"https:\\\/\\\/medicinasinc.com\\\/cs\\\/wp-content\\\/uploads\\\/sites\\\/2\\\/2022\\\/02\\\/buy-codeine-sulfate-30mg-online.jpg\",\"width\":600,\"height\":600},{\"@type\":\"BreadcrumbList\",\"@id\":\"https:\\\/\\\/medicinasinc.com\\\/cs\\\/product\\\/koupit-kodein-sulfat-30-mg\\\/#breadcrumb\",\"itemListElement\":[{\"@type\":\"ListItem\",\"position\":1,\"name\":\"Obchod\",\"item\":\"https:\\\/\\\/medicinasinc.com\\\/cs\\\/obchod\\\/\"},{\"@type\":\"ListItem\",\"position\":2,\"name\":\"Koupit Kodein sulf\u00e1t 30 mg\"}]},{\"@type\":\"WebSite\",\"@id\":\"https:\\\/\\\/medicinasinc.com\\\/cs\\\/#website\",\"url\":\"https:\\\/\\\/medicinasinc.com\\\/cs\\\/\",\"name\":\"Medicinas Inc\",\"description\":\"Health Medical Clinic\",\"potentialAction\":[{\"@type\":\"SearchAction\",\"target\":{\"@type\":\"EntryPoint\",\"urlTemplate\":\"https:\\\/\\\/medicinasinc.com\\\/cs\\\/?s={search_term_string}\"},\"query-input\":{\"@type\":\"PropertyValueSpecification\",\"valueRequired\":true,\"valueName\":\"search_term_string\"}}],\"inLanguage\":\"en-US\"}]}<\/script>\n<!-- \/ Yoast SEO plugin. -->","yoast_head_json":{"title":"Koupit kodein sulf\u00e1t 30 mg - nejlep\u0161\u00ed nejlep\u0161\u00ed glob\u00e1ln\u00ed l\u00e9ky","description":"Koupit Codeine Sulfate 30 mg online, doprava p\u0159es noc, zna\u010dkov\u00e9 l\u00e9ky, doru\u010den\u00ed p\u0159es FedEx, DPD Bez p\u0159edpisu, USA, Spojen\u00e9 kr\u00e1lovstv\u00ed, Evropa doru\u010den\u00ed.","robots":{"index":"index","follow":"follow","max-snippet":"max-snippet:-1","max-image-preview":"max-image-preview:large","max-video-preview":"max-video-preview:-1"},"canonical":"https:\/\/medicinasinc.com\/cs\/product\/koupit-kodein-sulfat-30-mg\/","og_locale":"en_US","og_type":"article","og_title":"Koupit kodein sulf\u00e1t 30 mg - nejlep\u0161\u00ed nejlep\u0161\u00ed glob\u00e1ln\u00ed l\u00e9ky","og_description":"Koupit Codeine Sulfate 30 mg online, doprava p\u0159es noc, zna\u010dkov\u00e9 l\u00e9ky, doru\u010den\u00ed p\u0159es FedEx, DPD Bez p\u0159edpisu, USA, Spojen\u00e9 kr\u00e1lovstv\u00ed, Evropa doru\u010den\u00ed.","og_url":"https:\/\/medicinasinc.com\/cs\/product\/koupit-kodein-sulfat-30-mg\/","og_site_name":"Medicinas Inc","article_modified_time":"2022-03-14T12:28:55+00:00","og_image":[{"width":600,"height":600,"url":"https:\/\/medicinasinc.com\/cs\/wp-content\/uploads\/sites\/2\/2022\/02\/buy-codeine-sulfate-30mg-online.jpg","type":"image\/jpeg"}],"twitter_card":"summary_large_image","twitter_misc":{"Est. reading time":"1 minute"},"schema":{"@context":"https:\/\/schema.org","@graph":[{"@type":"WebPage","@id":"https:\/\/medicinasinc.com\/cs\/product\/koupit-kodein-sulfat-30-mg\/","url":"https:\/\/medicinasinc.com\/cs\/product\/koupit-kodein-sulfat-30-mg\/","name":"Koupit kodein sulf\u00e1t 30 mg - nejlep\u0161\u00ed nejlep\u0161\u00ed glob\u00e1ln\u00ed l\u00e9ky","isPartOf":{"@id":"https:\/\/medicinasinc.com\/cs\/#website"},"primaryImageOfPage":{"@id":"https:\/\/medicinasinc.com\/cs\/product\/koupit-kodein-sulfat-30-mg\/#primaryimage"},"image":{"@id":"https:\/\/medicinasinc.com\/cs\/product\/koupit-kodein-sulfat-30-mg\/#primaryimage"},"thumbnailUrl":"https:\/\/medicinasinc.com\/cs\/wp-content\/uploads\/sites\/2\/2022\/02\/buy-codeine-sulfate-30mg-online.jpg","datePublished":"2022-02-20T21:05:49+00:00","dateModified":"2022-03-14T12:28:55+00:00","description":"Koupit Codeine Sulfate 30 mg online, doprava p\u0159es noc, zna\u010dkov\u00e9 l\u00e9ky, doru\u010den\u00ed p\u0159es FedEx, DPD Bez p\u0159edpisu, USA, Spojen\u00e9 kr\u00e1lovstv\u00ed, Evropa doru\u010den\u00ed.","breadcrumb":{"@id":"https:\/\/medicinasinc.com\/cs\/product\/koupit-kodein-sulfat-30-mg\/#breadcrumb"},"inLanguage":"en-US","potentialAction":[{"@type":"ReadAction","target":["https:\/\/medicinasinc.com\/cs\/product\/koupit-kodein-sulfat-30-mg\/"]}]},{"@type":"ImageObject","inLanguage":"en-US","@id":"https:\/\/medicinasinc.com\/cs\/product\/koupit-kodein-sulfat-30-mg\/#primaryimage","url":"https:\/\/medicinasinc.com\/cs\/wp-content\/uploads\/sites\/2\/2022\/02\/buy-codeine-sulfate-30mg-online.jpg","contentUrl":"https:\/\/medicinasinc.com\/cs\/wp-content\/uploads\/sites\/2\/2022\/02\/buy-codeine-sulfate-30mg-online.jpg","width":600,"height":600},{"@type":"BreadcrumbList","@id":"https:\/\/medicinasinc.com\/cs\/product\/koupit-kodein-sulfat-30-mg\/#breadcrumb","itemListElement":[{"@type":"ListItem","position":1,"name":"Obchod","item":"https:\/\/medicinasinc.com\/cs\/obchod\/"},{"@type":"ListItem","position":2,"name":"Koupit Kodein sulf\u00e1t 30 mg"}]},{"@type":"WebSite","@id":"https:\/\/medicinasinc.com\/cs\/#website","url":"https:\/\/medicinasinc.com\/cs\/","name":"Medicinas Inc","description":"Health Medical Clinic","potentialAction":[{"@type":"SearchAction","target":{"@type":"EntryPoint","urlTemplate":"https:\/\/medicinasinc.com\/cs\/?s={search_term_string}"},"query-input":{"@type":"PropertyValueSpecification","valueRequired":true,"valueName":"search_term_string"}}],"inLanguage":"en-US"}]}},"_links":{"self":[{"href":"https:\/\/medicinasinc.com\/cs\/wp-json\/wp\/v2\/product\/5149","targetHints":{"allow":["GET"]}}],"collection":[{"href":"https:\/\/medicinasinc.com\/cs\/wp-json\/wp\/v2\/product"}],"about":[{"href":"https:\/\/medicinasinc.com\/cs\/wp-json\/wp\/v2\/types\/product"}],"replies":[{"embeddable":true,"href":"https:\/\/medicinasinc.com\/cs\/wp-json\/wp\/v2\/comments?post=5149"}],"wp:featuredmedia":[{"embeddable":true,"href":"https:\/\/medicinasinc.com\/cs\/wp-json\/wp\/v2\/media\/5166"}],"wp:attachment":[{"href":"https:\/\/medicinasinc.com\/cs\/wp-json\/wp\/v2\/media?parent=5149"}],"wp:term":[{"taxonomy":"product_brand","embeddable":true,"href":"https:\/\/medicinasinc.com\/cs\/wp-json\/wp\/v2\/product_brand?post=5149"},{"taxonomy":"product_cat","embeddable":true,"href":"https:\/\/medicinasinc.com\/cs\/wp-json\/wp\/v2\/product_cat?post=5149"},{"taxonomy":"product_tag","embeddable":true,"href":"https:\/\/medicinasinc.com\/cs\/wp-json\/wp\/v2\/product_tag?post=5149"}],"curies":[{"name":"wp","href":"https:\/\/api.w.org\/{rel}","templated":true}]}}