{"id":5148,"date":"2022-02-20T21:04:44","date_gmt":"2022-02-20T21:04:44","guid":{"rendered":"https:\/\/medicinasinc.com\/cs\/?post_type=product&#038;p=5148"},"modified":"2022-08-03T11:43:18","modified_gmt":"2022-08-03T11:43:18","slug":"buy-bunex-0-2mg-buprenorfin","status":"publish","type":"product","link":"https:\/\/medicinasinc.com\/cs\/product\/buy-bunex-0-2mg-buprenorfin\/","title":{"rendered":"Koupit Bunex 0,2 mg (buprenorfin)"},"content":{"rendered":"<p>Bunex Buprenorphine pilulky lze zakoupit p\u0159es internet.<\/p>\n<p>Kde mohu z\u00edskat buprenorfin? Kde mohu z\u00edskat voln\u011b prodejn\u00fd buprenorfin?<\/p>\n<p>Je to polosyntetick\u00fd l\u00e9k proti bolesti vyvinut\u00fd z p\u0159irozen\u011b se vyskytuj\u00edc\u00edch chemick\u00fdch slou\u010denin m\u00e1ku opiov\u00e9ho. Opiov\u00fd m\u00e1k je zdrojem chemick\u00e9 l\u00e1tky thebain, kter\u00e1 se pou\u017e\u00edv\u00e1 k v\u00fdrob\u011b buprenorfinu. Proto\u017ee je buprenorfin semisyntetick\u00fd, jedn\u00e1 se o syntetick\u00fd opioid. V\u0161echny drogy poch\u00e1zej\u00edc\u00ed z m\u00e1ku set\u00e9ho jsou v l\u00e9ka\u0159sk\u00e9 komunit\u011b ozna\u010dov\u00e1ny jako opioidy. Opioidy pat\u0159\u00ed k nej\u00fa\u010dinn\u011bj\u0161\u00edm dostupn\u00fdm l\u00e9k\u016fm proti bolesti s \u00fa\u010dinky, kter\u00e9 v\u00fdrazn\u011b p\u0159eva\u017euj\u00ed nad \u00fa\u010dinky v\u011bt\u0161iny ostatn\u00edch drog.<\/p>\n<p>V jak\u00e9m smyslu \u00fa\u010dinkuje l\u00e9k buprenorfin? Kde koupit buprenorfin<\/p>\n<p>Po vst\u0159eb\u00e1n\u00ed do krevn\u00edho \u0159e\u010di\u0161t\u011b m\u00e1 buprenorfin \u00fa\u010dinek na nervov\u00fd syst\u00e9m. K tomu doch\u00e1z\u00ed, kdy\u017e buprenorfin vstupuje do mozku, kde blokuje nervov\u00e1 zakon\u010den\u00ed p\u0159en\u00e1\u0161ej\u00edc\u00ed bolest. Buprenorfin ne\u0159e\u0161\u00ed z\u00e1kladn\u00ed p\u0159\u00ed\u010dinu pacientova nepohodl\u00ed; sp\u00ed\u0161e to sni\u017euje jejich vn\u00edm\u00e1n\u00ed toho, co\u017e jim umo\u017e\u0148uje se uvolnit.<\/p>\n<p>Lidem je buprenorfin p\u0159edepisov\u00e1n pravideln\u011b. Bolest ze svalov\u00fdch k\u0159e\u010d\u00ed je nej\u010dast\u011bj\u0161\u00edm d\u016fvodem, pro\u010d lid\u00e9 u\u017e\u00edvaj\u00ed buprenorfin. Pokud n\u011bkdy zaznamen\u00e1te k\u0159e\u010d, zva\u017ete n\u00e1kup buprenorfinu, abyste zjistili, zda v\u00e1m m\u016f\u017ee pomoci vyrovnat se s nepohodl\u00edm.<br \/>\nPacient\u016fm, kte\u0159\u00ed podstoupili operaci nebo se vyrovn\u00e1vaj\u00ed se zlomeninami, l\u00e9ka\u0159i obvykle p\u0159edepisuj\u00ed buprenorfin. Buprenorfin pom\u00e1h\u00e1 t\u011bmto jedinc\u016fm zvl\u00e1dat jejich bolesti, dokud se nevyl\u00e9\u010d\u00ed ze z\u00e1kladn\u00edho zdroje jejich nepohodl\u00ed.<\/p>\n<p>V jak\u00e9m smyslu p\u016fsob\u00ed l\u00e9k buprenorfin? Kde koupit buprenorfin<\/p>\n<p>\u00darove\u0148 nepohodl\u00ed a du\u0161evn\u00ed s\u00edly \u010dlov\u011bka zna\u010dn\u011b ovliv\u0148uje d\u00e1vkov\u00e1n\u00ed buprenorfinu. Obvykle by se m\u011bla nejprve vyzkou\u0161et n\u00edzk\u00e1 d\u00e1vka 8 mg, a pokud to nezabere, m\u011bla by se zkusit vy\u0161\u0161\u00ed d\u00e1vka 16 mg. Buprenorfin lze zv\u00fd\u0161it na 24 mg, i kdy\u017e je 16 mg ne\u00fa\u010dinn\u00fdch. Obecn\u011b plat\u00ed, \u017ee pokud pl\u00e1nujete koupit buprenorfin online bez l\u00e9ka\u0159sk\u00e9ho p\u0159edpisu, nep\u0159ekra\u010dujte toto doporu\u010den\u00e9 d\u00e1vkov\u00e1n\u00ed.<\/p>\n<p>V jak\u00e9m smyslu l\u00e9k buprenorfin funguje? Kde koupit buprenorfin<\/p>\n<p>Pro t\u011bhotn\u00e9 \u017eeny nen\u00ed buprenorfin vhodnou l\u00e9\u010dbou, proto\u017ee m\u00e1 v\u00fdznamn\u00fd dopad na reproduk\u010dn\u00ed syst\u00e9m \u017een. U\u017e\u00edv\u00e1n\u00ed buprenorfinu m\u016f\u017ee b\u00fdt nebezpe\u010dn\u00e9 pro n\u011bkter\u00e9 lidi, kte\u0159\u00ed jsou citliv\u00ed na opioidy. Kv\u016fli nebezpe\u010d\u00ed u\u017e\u00edv\u00e1n\u00ed buprenorfinu pro pacienty s rakovinou by se m\u011bli p\u0159ed n\u00e1kupem buprenorfinu online poradit s l\u00e9ka\u0159em.<\/p>\n<p>Krom\u011b ospalosti, lenosti, z\u00e1vrat\u00ed, bolest\u00ed hlavy a nevolnosti m\u016f\u017ee buprenorfin zp\u016fsobit \u0159adu dal\u0161\u00edch ne\u017e\u00e1douc\u00edch \u00fa\u010dink\u016f. . Krom\u011b toho mohou n\u011bkte\u0159\u00ed lid\u00e9 zaznamenat zm\u011bnu ve sv\u00e9m hmatu, v takov\u00e9m p\u0159\u00edpad\u011b by m\u011bli vyhledat l\u00e9ka\u0159skou pomoc.<\/p>\n<p>\u00da\u010dinek buprenorfinu<br \/>\nAplikace buprenorfinu<br \/>\nNe\u017e\u00e1douc\u00ed \u00fa\u010dinky na Buprenorfin P\u0159\u00edznaky z\u00e1vislosti na buprenorfinu<\/p>\n","protected":false},"excerpt":{"rendered":"<p>Kupte si Bunex 0,2 mg (buprenorfin) na prodej ve Spojen\u00e9m kr\u00e1lovstv\u00ed, EU online z l\u00e9k\u00e1rny Medicinasinc.com za levn\u00e9 a dostupn\u00e9 ceny s bezpe\u010dnou a rychlou dopravou<\/p>\n<p>Kupte si Bunex 0,2 mg (buprenorfin) online \u2013 od Online l\u00e9k\u00e1rna Bestglobalmeds.com.com za levn\u00e9 a dostupn\u00e9 ceny s bezpe\u010dnou a rychlou dopravou. Kontaktujte n\u00e1s na adrese info@bestglobalmeds.com<\/p>\n<p>Kupte si Bunex 0,2 mg (buprenorfin) online<\/p>\n<p>Bunex 0,2 mg (buprenorfin) ceny online<\/p>\n<p>Ceny Bunexu 0,2 mg (buprenorfin)<\/p>\n<p>&nbsp;<\/p>\n<p>koupit Bunex 0,2 mg (buprenorfin)<\/p>\n","protected":false},"featured_media":5164,"comment_status":"open","ping_status":"closed","template":"","meta":[],"product_brand":[],"product_cat":[1117],"product_tag":[4171,4172,4170,1241,1242,1239,1240,1243,1244,1245,1246],"class_list":{"0":"post-5148","1":"product","2":"type-product","3":"status-publish","4":"has-post-thumbnail","6":"product_cat-koupit-prasky-na-spani-bolest","7":"product_tag-20-mg","8":"product_tag-20-mg-a-steroidy","9":"product_tag-bunex-buprenorfin-0","10":"product_tag-bunex-buprenorfin-8-mg","11":"product_tag-bunex-buprenorfin-online","12":"product_tag-bunex-buprenorphine-0-20mg-online","13":"product_tag-bunex-buprenorphine-0-2mg-by-safe-pharma","14":"product_tag-bunex-buprenorfin","15":"product_tag-buy-buprenorphine-bunex-0-20mg","16":"product_tag-cbt-pharmaceuticals-shop-pain-killers-bunex-buprenorphine-20-mg","17":"product_tag-tramapartramadol-hcl-paracetamol-cena-3-koupit-online-bunexbuprenorfin","19":"first","20":"instock","21":"shipping-taxable","22":"purchasable","23":"product-type-variable","24":"has-default-attributes"},"yoast_head":"<!-- This site is optimized with the Yoast SEO plugin v27.3 - https:\/\/yoast.com\/product\/yoast-seo-wordpress\/ -->\n<title>Koupit Bunex 0,2 mg (Buprenorfin) - Researchem<\/title>\n<meta name=\"description\" content=\"Kupte si Bunex 0,2 mg (buprenorfin) na prodej UK, EU online z l\u00e9k\u00e1rny Medicinasinc.com za levn\u00e9 a dostupn\u00e9 ceny s bezpe\u010dnou a rychlou dopravou\" \/>\n<meta name=\"robots\" content=\"index, follow, max-snippet:-1, max-image-preview:large, max-video-preview:-1\" \/>\n<link rel=\"canonical\" href=\"https:\/\/medicinasinc.com\/cs\/product\/buy-bunex-0-2mg-buprenorfin\/\" \/>\n<meta property=\"og:locale\" content=\"en_US\" \/>\n<meta property=\"og:type\" content=\"article\" \/>\n<meta property=\"og:title\" content=\"Koupit Bunex 0,2 mg (Buprenorfin) - Researchem\" \/>\n<meta property=\"og:description\" content=\"Kupte si Bunex 0,2 mg (buprenorfin) na prodej UK, EU online z l\u00e9k\u00e1rny Medicinasinc.com za levn\u00e9 a dostupn\u00e9 ceny s bezpe\u010dnou a rychlou dopravou\" \/>\n<meta property=\"og:url\" content=\"https:\/\/medicinasinc.com\/cs\/product\/buy-bunex-0-2mg-buprenorfin\/\" \/>\n<meta property=\"og:site_name\" content=\"Medicinas Inc\" \/>\n<meta property=\"article:modified_time\" content=\"2022-08-03T11:43:18+00:00\" \/>\n<meta property=\"og:image\" content=\"https:\/\/medicinasinc.com\/cs\/wp-content\/uploads\/sites\/2\/2022\/02\/Buy-Bunex-0.2mg.jpg\" \/>\n\t<meta property=\"og:image:width\" content=\"600\" \/>\n\t<meta property=\"og:image:height\" content=\"600\" \/>\n\t<meta property=\"og:image:type\" content=\"image\/jpeg\" \/>\n<meta name=\"twitter:card\" content=\"summary_large_image\" \/>\n<meta name=\"twitter:label1\" content=\"Est. reading time\" \/>\n\t<meta name=\"twitter:data1\" content=\"2 minutes\" \/>\n<script type=\"application\/ld+json\" class=\"yoast-schema-graph\">{\"@context\":\"https:\\\/\\\/schema.org\",\"@graph\":[{\"@type\":\"WebPage\",\"@id\":\"https:\\\/\\\/medicinasinc.com\\\/cs\\\/product\\\/buy-bunex-0-2mg-buprenorfin\\\/\",\"url\":\"https:\\\/\\\/medicinasinc.com\\\/cs\\\/product\\\/buy-bunex-0-2mg-buprenorfin\\\/\",\"name\":\"Koupit Bunex 0,2 mg (Buprenorfin) - Researchem\",\"isPartOf\":{\"@id\":\"https:\\\/\\\/medicinasinc.com\\\/cs\\\/#website\"},\"primaryImageOfPage\":{\"@id\":\"https:\\\/\\\/medicinasinc.com\\\/cs\\\/product\\\/buy-bunex-0-2mg-buprenorfin\\\/#primaryimage\"},\"image\":{\"@id\":\"https:\\\/\\\/medicinasinc.com\\\/cs\\\/product\\\/buy-bunex-0-2mg-buprenorfin\\\/#primaryimage\"},\"thumbnailUrl\":\"https:\\\/\\\/medicinasinc.com\\\/cs\\\/wp-content\\\/uploads\\\/sites\\\/2\\\/2022\\\/02\\\/Buy-Bunex-0.2mg.jpg\",\"datePublished\":\"2022-02-20T21:04:44+00:00\",\"dateModified\":\"2022-08-03T11:43:18+00:00\",\"description\":\"Kupte si Bunex 0,2 mg (buprenorfin) na prodej UK, EU online z l\u00e9k\u00e1rny Medicinasinc.com za levn\u00e9 a dostupn\u00e9 ceny s bezpe\u010dnou a rychlou dopravou\",\"breadcrumb\":{\"@id\":\"https:\\\/\\\/medicinasinc.com\\\/cs\\\/product\\\/buy-bunex-0-2mg-buprenorfin\\\/#breadcrumb\"},\"inLanguage\":\"en-US\",\"potentialAction\":[{\"@type\":\"ReadAction\",\"target\":[\"https:\\\/\\\/medicinasinc.com\\\/cs\\\/product\\\/buy-bunex-0-2mg-buprenorfin\\\/\"]}]},{\"@type\":\"ImageObject\",\"inLanguage\":\"en-US\",\"@id\":\"https:\\\/\\\/medicinasinc.com\\\/cs\\\/product\\\/buy-bunex-0-2mg-buprenorfin\\\/#primaryimage\",\"url\":\"https:\\\/\\\/medicinasinc.com\\\/cs\\\/wp-content\\\/uploads\\\/sites\\\/2\\\/2022\\\/02\\\/Buy-Bunex-0.2mg.jpg\",\"contentUrl\":\"https:\\\/\\\/medicinasinc.com\\\/cs\\\/wp-content\\\/uploads\\\/sites\\\/2\\\/2022\\\/02\\\/Buy-Bunex-0.2mg.jpg\",\"width\":600,\"height\":600},{\"@type\":\"BreadcrumbList\",\"@id\":\"https:\\\/\\\/medicinasinc.com\\\/cs\\\/product\\\/buy-bunex-0-2mg-buprenorfin\\\/#breadcrumb\",\"itemListElement\":[{\"@type\":\"ListItem\",\"position\":1,\"name\":\"Obchod\",\"item\":\"https:\\\/\\\/medicinasinc.com\\\/cs\\\/obchod\\\/\"},{\"@type\":\"ListItem\",\"position\":2,\"name\":\"Koupit Bunex 0,2 mg (buprenorfin)\"}]},{\"@type\":\"WebSite\",\"@id\":\"https:\\\/\\\/medicinasinc.com\\\/cs\\\/#website\",\"url\":\"https:\\\/\\\/medicinasinc.com\\\/cs\\\/\",\"name\":\"Medicinas Inc\",\"description\":\"Health Medical Clinic\",\"potentialAction\":[{\"@type\":\"SearchAction\",\"target\":{\"@type\":\"EntryPoint\",\"urlTemplate\":\"https:\\\/\\\/medicinasinc.com\\\/cs\\\/?s={search_term_string}\"},\"query-input\":{\"@type\":\"PropertyValueSpecification\",\"valueRequired\":true,\"valueName\":\"search_term_string\"}}],\"inLanguage\":\"en-US\"}]}<\/script>\n<!-- \/ Yoast SEO plugin. -->","yoast_head_json":{"title":"Koupit Bunex 0,2 mg (Buprenorfin) - Researchem","description":"Kupte si Bunex 0,2 mg (buprenorfin) na prodej UK, EU online z l\u00e9k\u00e1rny Medicinasinc.com za levn\u00e9 a dostupn\u00e9 ceny s bezpe\u010dnou a rychlou dopravou","robots":{"index":"index","follow":"follow","max-snippet":"max-snippet:-1","max-image-preview":"max-image-preview:large","max-video-preview":"max-video-preview:-1"},"canonical":"https:\/\/medicinasinc.com\/cs\/product\/buy-bunex-0-2mg-buprenorfin\/","og_locale":"en_US","og_type":"article","og_title":"Koupit Bunex 0,2 mg (Buprenorfin) - Researchem","og_description":"Kupte si Bunex 0,2 mg (buprenorfin) na prodej UK, EU online z l\u00e9k\u00e1rny Medicinasinc.com za levn\u00e9 a dostupn\u00e9 ceny s bezpe\u010dnou a rychlou dopravou","og_url":"https:\/\/medicinasinc.com\/cs\/product\/buy-bunex-0-2mg-buprenorfin\/","og_site_name":"Medicinas Inc","article_modified_time":"2022-08-03T11:43:18+00:00","og_image":[{"width":600,"height":600,"url":"https:\/\/medicinasinc.com\/cs\/wp-content\/uploads\/sites\/2\/2022\/02\/Buy-Bunex-0.2mg.jpg","type":"image\/jpeg"}],"twitter_card":"summary_large_image","twitter_misc":{"Est. reading time":"2 minutes"},"schema":{"@context":"https:\/\/schema.org","@graph":[{"@type":"WebPage","@id":"https:\/\/medicinasinc.com\/cs\/product\/buy-bunex-0-2mg-buprenorfin\/","url":"https:\/\/medicinasinc.com\/cs\/product\/buy-bunex-0-2mg-buprenorfin\/","name":"Koupit Bunex 0,2 mg (Buprenorfin) - Researchem","isPartOf":{"@id":"https:\/\/medicinasinc.com\/cs\/#website"},"primaryImageOfPage":{"@id":"https:\/\/medicinasinc.com\/cs\/product\/buy-bunex-0-2mg-buprenorfin\/#primaryimage"},"image":{"@id":"https:\/\/medicinasinc.com\/cs\/product\/buy-bunex-0-2mg-buprenorfin\/#primaryimage"},"thumbnailUrl":"https:\/\/medicinasinc.com\/cs\/wp-content\/uploads\/sites\/2\/2022\/02\/Buy-Bunex-0.2mg.jpg","datePublished":"2022-02-20T21:04:44+00:00","dateModified":"2022-08-03T11:43:18+00:00","description":"Kupte si Bunex 0,2 mg (buprenorfin) na prodej UK, EU online z l\u00e9k\u00e1rny Medicinasinc.com za levn\u00e9 a dostupn\u00e9 ceny s bezpe\u010dnou a rychlou dopravou","breadcrumb":{"@id":"https:\/\/medicinasinc.com\/cs\/product\/buy-bunex-0-2mg-buprenorfin\/#breadcrumb"},"inLanguage":"en-US","potentialAction":[{"@type":"ReadAction","target":["https:\/\/medicinasinc.com\/cs\/product\/buy-bunex-0-2mg-buprenorfin\/"]}]},{"@type":"ImageObject","inLanguage":"en-US","@id":"https:\/\/medicinasinc.com\/cs\/product\/buy-bunex-0-2mg-buprenorfin\/#primaryimage","url":"https:\/\/medicinasinc.com\/cs\/wp-content\/uploads\/sites\/2\/2022\/02\/Buy-Bunex-0.2mg.jpg","contentUrl":"https:\/\/medicinasinc.com\/cs\/wp-content\/uploads\/sites\/2\/2022\/02\/Buy-Bunex-0.2mg.jpg","width":600,"height":600},{"@type":"BreadcrumbList","@id":"https:\/\/medicinasinc.com\/cs\/product\/buy-bunex-0-2mg-buprenorfin\/#breadcrumb","itemListElement":[{"@type":"ListItem","position":1,"name":"Obchod","item":"https:\/\/medicinasinc.com\/cs\/obchod\/"},{"@type":"ListItem","position":2,"name":"Koupit Bunex 0,2 mg (buprenorfin)"}]},{"@type":"WebSite","@id":"https:\/\/medicinasinc.com\/cs\/#website","url":"https:\/\/medicinasinc.com\/cs\/","name":"Medicinas Inc","description":"Health Medical Clinic","potentialAction":[{"@type":"SearchAction","target":{"@type":"EntryPoint","urlTemplate":"https:\/\/medicinasinc.com\/cs\/?s={search_term_string}"},"query-input":{"@type":"PropertyValueSpecification","valueRequired":true,"valueName":"search_term_string"}}],"inLanguage":"en-US"}]}},"_links":{"self":[{"href":"https:\/\/medicinasinc.com\/cs\/wp-json\/wp\/v2\/product\/5148","targetHints":{"allow":["GET"]}}],"collection":[{"href":"https:\/\/medicinasinc.com\/cs\/wp-json\/wp\/v2\/product"}],"about":[{"href":"https:\/\/medicinasinc.com\/cs\/wp-json\/wp\/v2\/types\/product"}],"replies":[{"embeddable":true,"href":"https:\/\/medicinasinc.com\/cs\/wp-json\/wp\/v2\/comments?post=5148"}],"wp:featuredmedia":[{"embeddable":true,"href":"https:\/\/medicinasinc.com\/cs\/wp-json\/wp\/v2\/media\/5164"}],"wp:attachment":[{"href":"https:\/\/medicinasinc.com\/cs\/wp-json\/wp\/v2\/media?parent=5148"}],"wp:term":[{"taxonomy":"product_brand","embeddable":true,"href":"https:\/\/medicinasinc.com\/cs\/wp-json\/wp\/v2\/product_brand?post=5148"},{"taxonomy":"product_cat","embeddable":true,"href":"https:\/\/medicinasinc.com\/cs\/wp-json\/wp\/v2\/product_cat?post=5148"},{"taxonomy":"product_tag","embeddable":true,"href":"https:\/\/medicinasinc.com\/cs\/wp-json\/wp\/v2\/product_tag?post=5148"}],"curies":[{"name":"wp","href":"https:\/\/api.w.org\/{rel}","templated":true}]}}