{"id":5125,"date":"2022-02-20T20:43:45","date_gmt":"2022-02-20T20:43:45","guid":{"rendered":"https:\/\/medicinasinc.com\/cs\/?post_type=product&#038;p=5125"},"modified":"2022-03-14T12:29:16","modified_gmt":"2022-03-14T12:29:16","slug":"buy-ativan-0-5mg-1mg-2mg","status":"publish","type":"product","link":"https:\/\/medicinasinc.com\/cs\/product\/buy-ativan-0-5mg-1mg-2mg\/","title":{"rendered":"Koupit Ativan 0,5 mg, 1 mg, 2 mg"},"content":{"rendered":"<p>Nejlep\u0161\u00ed m\u00edsto ke koupi Ativanu je na internetu Co p\u0159esn\u011b je Lorazepam a jak funguje?<br \/> Chcete-li Ativan koupit online, klikn\u011bte sem. Benzodiazepiny, jejich\u017e \u010dlenem je lorazepam, jsou t\u0159\u00eddou l\u00e9k\u016f. P\u0159edpokl\u00e1d\u00e1 se, \u017ee zv\u00fd\u0161en\u00edm aktivity ur\u010dit\u00fdch mozkov\u00fdch neurotransmiter\u016f je lorazepam \u00fa\u010dinn\u00fd.<\/p>\n<p>Za \u00fa\u010delem zm\u00edrn\u011bn\u00ed \u00fazkosti a z\u00e1chvat\u016f se p\u0159edepisuje lorazepam.<\/p>\n<p>N\u00e1kup lorazepamu na internetu nebo v obchod\u011b zdroj mimo Spojen\u00e9 st\u00e1ty je pln\u00fd nebezpe\u010d\u00ed. L\u00e9ky, kter\u00e9 se prod\u00e1vaj\u00ed a distribuuj\u00ed v jin\u00fdch zem\u00edch ne\u017e ve Spojen\u00fdch st\u00e1tech, nespl\u0148uj\u00ed po\u017eadavky FDA na bezpe\u010dn\u00e9 pou\u017e\u00edv\u00e1n\u00ed (FDA). Je mo\u017en\u00e9, \u017ee tyto pilulky nepoch\u00e1zej\u00ed z legitimn\u00ed l\u00e9k\u00e1rny nebo obsahuj\u00ed \u0161kodliv\u00e9 l\u00e1tky.<\/p>\n<p>Pros\u00edm, pozorn\u011b si p\u0159e\u010dt\u011bte toto.<br \/> Pokud m\u00e1te myasthenia gravis, glaukom s \u00fazk\u00fdm \u00fahlem, t\u011b\u017ekou respira\u010dn\u00ed insuficienci nebo alergii na Valium nebo srovnateln\u00e9 l\u00e9ky, m\u011bli byste se vyhnout u\u017e\u00edv\u00e1n\u00ed lorazepamu.<\/p>\n<p>L\u00e9k lorazepam by nem\u011bly u\u017e\u00edvat t\u011bhotn\u00e9 \u017eeny. P\u0159i pod\u00e1n\u00ed d\u00edt\u011bti m\u00e1 tento l\u00e9k potenci\u00e1l vyvolat v\u00e1\u017en\u00e9 porodn\u00ed abnormality nebo \u017eivot ohro\u017euj\u00edc\u00ed abstinen\u010dn\u00ed p\u0159\u00edznaky.<\/p>\n<p>M\u011bli by ho u\u017e\u00edvat pouze osoby, kter\u00fdm je pod\u00e1v\u00e1n lorazepam, proto\u017ee si m\u016f\u017ee vytvo\u0159it n\u00e1vyk. Zneu\u017e\u00edv\u00e1n\u00ed drog m\u016f\u017ee v\u00e9st k z\u00e1vislosti, p\u0159ed\u00e1vkov\u00e1n\u00ed nebo smrti, pokud je l\u00e9k jak\u00fdmkoli zp\u016fsobem zneu\u017eit. Kdokoli s anamn\u00e9zou zneu\u017e\u00edv\u00e1n\u00ed drog nebo z\u00e1vislosti by tento l\u00e9k nikdy nem\u011bl dostat. Zajist\u011bte, aby byl l\u00e9k uchov\u00e1v\u00e1n na bezpe\u010dn\u00e9m m\u00edst\u011b, kde k n\u011bmu nemaj\u00ed p\u0159\u00edstup ostatn\u00ed.<\/p>\n<p>Pokud u\u017e\u00edv\u00e1te lorazepam s alkoholem, opioidy nebo jin\u00fdmi l\u00e9ky, kter\u00e9 zp\u016fsobuj\u00ed ospalost nebo zpomaluj\u00ed d\u00fdch\u00e1n\u00ed, m\u016f\u017ee doj\u00edt k \u00famrt\u00ed ne\u017e\u00e1douc\u00ed \u00fa\u010dinky.<\/p>\n<p>P\u0159ed pou\u017eit\u00edm jak\u00e9hokoli l\u00e9ku se pros\u00edm pora\u010fte se sv\u00fdm poskytovatelem zdravotn\u00ed p\u00e9\u010de.<br \/> n\u00e1sleduj\u00edc\u00ed stavy vy\u017eaduj\u00ed okam\u017eit\u00e9 p\u0159eru\u0161en\u00ed l\u00e9\u010dby lorazepamem<\/p>\n<p>glaukom s \u00fazk\u00fdm \u00fahlem; nebo<\/p>\n<p>Anamn\u00e9za alergi\u00ed na benzodiazepiny (diazepam, alprazolam, Ativan, Klonopin, Restoril, Tranxene, Valium, Versed, Xanax a dal\u0161\u00ed).<\/p>\n<p>Pokud m\u00e1te n\u011bkter\u00fd z n\u00e1sleduj\u00edc\u00edch stav\u016f, nem\u011bli byste u\u017e\u00edvat lorazepam:<\/p>\n<p>CHOPN (chronick\u00e1 obstruk\u010dn\u00ed plicn\u00ed nemoc) nebo sp\u00e1nkov\u00e1 apnoe (d\u00fdch\u00e1n\u00ed, kter\u00e9 se b\u011bhem sp\u00e1nku zastav\u00ed) jsou p\u0159\u00edklady d\u00fdchac\u00edch probl\u00e9m\u016f.<\/p>\n<p>z\u00e1vislost na drog\u00e1ch nebo alkoholu <\/p>\n<p>p\u0159\u00edznaky smutku, \u0161patn\u00e9 n\u00e1lady nebo sebevra\u017eedn\u00fdch my\u0161lenek \u010di \u010din\u016f<\/p>\n<p>onemocn\u011bn\u00ed ledvin nebo jater<\/p>\n<p>mimovoln\u00e9 k\u0159e\u010de<\/p>\n<p>glaukom. <\/p>\n<p>U\u017e\u00edv\u00e1n\u00ed lorazepamu b\u011bhem t\u011bhotenstv\u00ed zvy\u0161uje riziko, \u017ee se va\u0161e d\u00edt\u011b stane z\u00e1visl\u00fdm na l\u00e9ku. V d\u016fsledku toho se u novorozence mohou po narozen\u00ed objevit \u017eivot ohro\u017euj\u00edc\u00ed abstinen\u010dn\u00ed p\u0159\u00edznaky. U d\u011bt\u00ed narozen\u00fdch z\u00e1visl\u00fdch na n\u00e1vykov\u00fdch drog\u00e1ch m\u016f\u017ee b\u00fdt vy\u017eadov\u00e1na l\u00e9ka\u0159sk\u00e1 p\u00e9\u010de po dobu n\u011bkolika t\u00fddn\u016f.<\/p>\n<p>Mus\u00edm u\u017e\u00edvat lorazepam specifick\u00fdm zp\u016fsobem?<br \/> Lorazepam by se m\u011bl pou\u017e\u00edvat p\u0159esn\u011b podle p\u0159edpisu. P\u0159e\u010dt\u011bte si v\u0161echna doporu\u010den\u00ed a pokyny k l\u00e9k\u016fm na \u0161t\u00edtku na p\u0159edpis. P\u0159i u\u017e\u00edv\u00e1n\u00ed lorazepamu v\u017edy dodr\u017eujte pokyny sv\u00e9ho l\u00e9ka\u0159e. \u010c\u00edm v\u00edce budete tento l\u00e9k pou\u017e\u00edvat, t\u00edm je pravd\u011bpodobn\u011bj\u0161\u00ed, \u017ee to budete muset ozn\u00e1mit sv\u00e9mu l\u00e9ka\u0159i.<\/p>\n<p>Lorazepam m\u016f\u017ee b\u00fdt n\u00e1vykov\u00fd. Nespr\u00e1vn\u00e9 pou\u017eit\u00ed m\u016f\u017ee v\u00e9st k z\u00e1vislosti, p\u0159ed\u00e1vkov\u00e1n\u00ed nebo dokonce smrti. Zlikvidujte l\u00e9ky na m\u00edst\u011b mimo dosah ostatn\u00edch. Distribuce nebo prodej tohoto l\u00e9ku je zlo\u010din.<\/p>\n<p>Tekut\u00fd l\u00e9k m\u011b\u0159te opatrn\u011b. Z\u00edskejte p\u0159\u00edstroj na m\u011b\u0159en\u00ed d\u00e1vky nebo pou\u017eijte dodanou injek\u010dn\u00ed st\u0159\u00edka\u010dku (nikoli kuchy\u0148skou l\u017ei\u010dku).<\/p>\n<p>Pokud v\u00e1\u0161 l\u00e9ka\u0159 nena\u0159\u00edd\u00ed jinak, neu\u017e\u00edvejte lorazepam d\u00e9le ne\u017e \u010dty\u0159i m\u011bs\u00edce v kuse. Pokud se va\u0161e p\u0159\u00edznaky nezlep\u0161\u00ed nebo se zhor\u0161\u00ed, kontaktujte sv\u00e9ho l\u00e9ka\u0159e.<\/p>\n<p>P\u0159i dlouhodob\u00e9m u\u017e\u00edv\u00e1n\u00ed tohoto l\u00e9ku m\u016f\u017eete pot\u0159ebovat pravideln\u00e9 l\u00e9ka\u0159sk\u00e9 prohl\u00eddky.<\/p>\n<p>Pokud n\u00e1hle p\u0159estanete u\u017e\u00edv\u00e1n\u00edm tohoto l\u00e9ku riskujete nep\u0159\u00edjemn\u00e9 vedlej\u0161\u00ed \u00fa\u010dinky. Domluvte si sch\u016fzku se sv\u00fdm l\u00e9ka\u0159em, abyste zjistili, jak p\u0159estat u\u017e\u00edvat tento l\u00e9k.<\/p>\n<p>Nevystavujte vlhku nebo vysok\u00fdm teplot\u00e1m; skladujte p\u0159i pokojov\u00e9 teplot\u011b.<\/p>\n<p>Chla\u010fte kapalinu lorazepamu pro dlouhodob\u00e9 skladov\u00e1n\u00ed. Nenech\u00e1vejte tekutiny, kter\u00e9 nebyly spot\u0159ebov\u00e1ny do 90 dn\u016f.<\/p>\n<p>Ve\u010fte si z\u00e1znamy o sv\u00fdch l\u00e9c\u00edch. M\u011bli byste si d\u00e1vat pozor na n\u011bkoho, kdo to zneu\u017e\u00edv\u00e1 nebo nezneu\u017e\u00edv\u00e1.<\/p>\n","protected":false},"excerpt":{"rendered":"<p>Lorazepam 0,5 mg, 1 mg, 2 mg online ceny, koupit ativan 2 mg online, koupit lorazepam tablety online.<\/p>\n<p>Tramadol 50 mg vysok\u00e1 online cena lorazepamu (Ativan) 2mg tableta. Pou\u017e\u00edv\u00e1 se tak\u00e9 p\u0159i l\u00e9\u010db\u011b \u00fazkosti.<\/p>\n<p>pilulky\/tablety Lorazepam (Ativan) 2 mg<\/p>\n<p>\u00dazkost, smutek a nespavost jsou b\u011b\u017en\u00e9 vedlej\u0161\u00ed \u00fa\u010dinky l\u00e9ku na \u00fazkost Ativan ( Lorazepam) (probl\u00e9my se sp\u00e1nkem). Je to druh benzodiazepinu.<\/p>\n<p>Bez l\u00e9ka\u0159sk\u00e9ho p\u0159edpisu si m\u016f\u017eete koupit Lorazepam 2 mg tablety online (bez RX).<\/p>\n","protected":false},"featured_media":5144,"comment_status":"open","ping_status":"closed","template":"","meta":[],"product_brand":[],"product_cat":[1117],"product_tag":[1195,1198,1196,1197,1199,1200,1201,1205,1206,1207,1204,1208,1210,1212,1211,1213,1216,1217,1222,1223,1218,1209,1225,1226,1202,1220,1234,1235,1233,1236,1230,1224,1219,1227,1228,1229,1203,1231,1214,1215,1221,1232],"class_list":{"0":"post-5125","1":"product","2":"type-product","3":"status-publish","4":"has-post-thumbnail","6":"product_cat-koupit-prasky-na-spani-bolest","7":"product_tag-ativan-1-mg-sublingual-tablets","8":"product_tag-ativan-1-mg-tableta-dvka","9":"product_tag-ativan-1-mg-tablets","10":"product_tag-ativan-1-tab","11":"product_tag-vedlej-inky-tablet-ativan-1-mg","12":"product_tag-ativan-2-mg-tablety","13":"product_tag-ativan-2-tab","14":"product_tag-ativan-2mg-tablet","15":"product_tag-ativan-2mg-tablet-in-hindi","16":"product_tag-ativan-2mg-tablet-online-order-amazon","17":"product_tag-ativan-2mg-vedlej-inky","18":"product_tag-ativan-dvkovn-2-mg","19":"product_tag-ativan-tab-0-5-mg","20":"product_tag-ativan-tab-1-mg-50","21":"product_tag-ativan-tab-1mg","22":"product_tag-ativan-tab-1mg-precio","23":"product_tag-ativan-tablets-1mg","24":"product_tag-ativan-tablets-2-5-mg","25":"product_tag-ativan-tablets-uk","26":"product_tag-ativan-tablets-uses","27":"product_tag-ativan-tablety-austrlie","28":"product_tag-ativan-lkrna","29":"product_tag-can-ativan-tablets-be-crushed","30":"product_tag-can-ativan-tablets-be-injected","31":"product_tag-ativan-2-5-mg-cena","32":"product_tag-ativan-tablety-dvkovn","33":"product_tag-co-do-ativan-tablety-vypadaj","34":"product_tag-jak-vypadaj-tablety-ativanu","35":"product_tag-k-emu-jsou-ativan-tablety","36":"product_tag-co-je-ativan-tablety-pouvny","37":"product_tag-tab-ativan-1","38":"product_tag-koupit-ativan-online","39":"product_tag-ativan-tablety-koupit","40":"product_tag-lorazepam-2-mg-tableta-online-doruen","41":"product_tag-lorazepam-tablety-ativan-2mg","42":"product_tag-pfizer-tablet-2-mg","43":"product_tag-ativan-2mg-pilulka","44":"product_tag-tab-ativan-1mg-uses-in-hindi","45":"product_tag-ativan-tablet","46":"product_tag-ativan-tablet-0-5mg","47":"product_tag-ativan-tablety-subblingv-c3-a1ln-c3-ad","48":"product_tag-tivan-2-mg-tablety","50":"first","51":"instock","52":"shipping-taxable","53":"purchasable","54":"product-type-variable"},"yoast_head":"<!-- This site is optimized with the Yoast SEO plugin v27.3 - https:\/\/yoast.com\/product\/yoast-seo-wordpress\/ -->\n<title>Koupit Ativan 2 mg \u2013 Koupit Ativan 1 mg \u2013 Koupit Ativan 0,5 mg \u2013 Nejlep\u0161\u00ed glob\u00e1ln\u00ed l\u00e9ky<\/title>\n<meta name=\"description\" content=\"Koupit tablety Lorazepam online, koupit lorazepam online, koupit Ativan online, Lorazepam 0,5 mg, 1 mg, 2 mg online ceny, koupit ativan 2 mg online Spojen\u00e9 kr\u00e1lovstv\u00ed, Evropa\" \/>\n<meta name=\"robots\" content=\"index, follow, max-snippet:-1, max-image-preview:large, max-video-preview:-1\" \/>\n<link rel=\"canonical\" href=\"https:\/\/medicinasinc.com\/cs\/product\/buy-ativan-0-5mg-1mg-2mg\/\" \/>\n<meta property=\"og:locale\" content=\"en_US\" \/>\n<meta property=\"og:type\" content=\"article\" \/>\n<meta property=\"og:title\" content=\"Koupit Ativan 2 mg \u2013 Koupit Ativan 1 mg \u2013 Koupit Ativan 0,5 mg \u2013 Nejlep\u0161\u00ed glob\u00e1ln\u00ed l\u00e9ky\" \/>\n<meta property=\"og:description\" content=\"Koupit tablety Lorazepam online, koupit lorazepam online, koupit Ativan online, Lorazepam 0,5 mg, 1 mg, 2 mg online ceny, koupit ativan 2 mg online Spojen\u00e9 kr\u00e1lovstv\u00ed, Evropa\" \/>\n<meta property=\"og:url\" content=\"https:\/\/medicinasinc.com\/cs\/product\/buy-ativan-0-5mg-1mg-2mg\/\" \/>\n<meta property=\"og:site_name\" content=\"Medicinas Inc\" \/>\n<meta property=\"article:modified_time\" content=\"2022-03-14T12:29:16+00:00\" \/>\n<meta property=\"og:image\" content=\"https:\/\/medicinasinc.com\/cs\/wp-content\/uploads\/sites\/2\/2022\/02\/Buy-Ativan-Online-1.jpg\" \/>\n\t<meta property=\"og:image:width\" content=\"300\" \/>\n\t<meta property=\"og:image:height\" content=\"300\" \/>\n\t<meta property=\"og:image:type\" content=\"image\/jpeg\" \/>\n<meta name=\"twitter:card\" content=\"summary_large_image\" \/>\n<meta name=\"twitter:label1\" content=\"Est. reading time\" \/>\n\t<meta name=\"twitter:data1\" content=\"3 minutes\" \/>\n<script type=\"application\/ld+json\" class=\"yoast-schema-graph\">{\"@context\":\"https:\\\/\\\/schema.org\",\"@graph\":[{\"@type\":\"WebPage\",\"@id\":\"https:\\\/\\\/medicinasinc.com\\\/cs\\\/product\\\/buy-ativan-0-5mg-1mg-2mg\\\/\",\"url\":\"https:\\\/\\\/medicinasinc.com\\\/cs\\\/product\\\/buy-ativan-0-5mg-1mg-2mg\\\/\",\"name\":\"Koupit Ativan 2 mg \u2013 Koupit Ativan 1 mg \u2013 Koupit Ativan 0,5 mg \u2013 Nejlep\u0161\u00ed glob\u00e1ln\u00ed l\u00e9ky\",\"isPartOf\":{\"@id\":\"https:\\\/\\\/medicinasinc.com\\\/cs\\\/#website\"},\"primaryImageOfPage\":{\"@id\":\"https:\\\/\\\/medicinasinc.com\\\/cs\\\/product\\\/buy-ativan-0-5mg-1mg-2mg\\\/#primaryimage\"},\"image\":{\"@id\":\"https:\\\/\\\/medicinasinc.com\\\/cs\\\/product\\\/buy-ativan-0-5mg-1mg-2mg\\\/#primaryimage\"},\"thumbnailUrl\":\"https:\\\/\\\/medicinasinc.com\\\/cs\\\/wp-content\\\/uploads\\\/sites\\\/2\\\/2022\\\/02\\\/Buy-Ativan-Online-1.jpg\",\"datePublished\":\"2022-02-20T20:43:45+00:00\",\"dateModified\":\"2022-03-14T12:29:16+00:00\",\"description\":\"Koupit tablety Lorazepam online, koupit lorazepam online, koupit Ativan online, Lorazepam 0,5 mg, 1 mg, 2 mg online ceny, koupit ativan 2 mg online Spojen\u00e9 kr\u00e1lovstv\u00ed, Evropa\",\"breadcrumb\":{\"@id\":\"https:\\\/\\\/medicinasinc.com\\\/cs\\\/product\\\/buy-ativan-0-5mg-1mg-2mg\\\/#breadcrumb\"},\"inLanguage\":\"en-US\",\"potentialAction\":[{\"@type\":\"ReadAction\",\"target\":[\"https:\\\/\\\/medicinasinc.com\\\/cs\\\/product\\\/buy-ativan-0-5mg-1mg-2mg\\\/\"]}]},{\"@type\":\"ImageObject\",\"inLanguage\":\"en-US\",\"@id\":\"https:\\\/\\\/medicinasinc.com\\\/cs\\\/product\\\/buy-ativan-0-5mg-1mg-2mg\\\/#primaryimage\",\"url\":\"https:\\\/\\\/medicinasinc.com\\\/cs\\\/wp-content\\\/uploads\\\/sites\\\/2\\\/2022\\\/02\\\/Buy-Ativan-Online-1.jpg\",\"contentUrl\":\"https:\\\/\\\/medicinasinc.com\\\/cs\\\/wp-content\\\/uploads\\\/sites\\\/2\\\/2022\\\/02\\\/Buy-Ativan-Online-1.jpg\",\"width\":300,\"height\":300},{\"@type\":\"BreadcrumbList\",\"@id\":\"https:\\\/\\\/medicinasinc.com\\\/cs\\\/product\\\/buy-ativan-0-5mg-1mg-2mg\\\/#breadcrumb\",\"itemListElement\":[{\"@type\":\"ListItem\",\"position\":1,\"name\":\"Obchod\",\"item\":\"https:\\\/\\\/medicinasinc.com\\\/cs\\\/obchod\\\/\"},{\"@type\":\"ListItem\",\"position\":2,\"name\":\"Koupit Ativan 0,5 mg, 1 mg, 2 mg\"}]},{\"@type\":\"WebSite\",\"@id\":\"https:\\\/\\\/medicinasinc.com\\\/cs\\\/#website\",\"url\":\"https:\\\/\\\/medicinasinc.com\\\/cs\\\/\",\"name\":\"Medicinas Inc\",\"description\":\"Health Medical Clinic\",\"potentialAction\":[{\"@type\":\"SearchAction\",\"target\":{\"@type\":\"EntryPoint\",\"urlTemplate\":\"https:\\\/\\\/medicinasinc.com\\\/cs\\\/?s={search_term_string}\"},\"query-input\":{\"@type\":\"PropertyValueSpecification\",\"valueRequired\":true,\"valueName\":\"search_term_string\"}}],\"inLanguage\":\"en-US\"}]}<\/script>\n<!-- \/ Yoast SEO plugin. -->","yoast_head_json":{"title":"Koupit Ativan 2 mg \u2013 Koupit Ativan 1 mg \u2013 Koupit Ativan 0,5 mg \u2013 Nejlep\u0161\u00ed glob\u00e1ln\u00ed l\u00e9ky","description":"Koupit tablety Lorazepam online, koupit lorazepam online, koupit Ativan online, Lorazepam 0,5 mg, 1 mg, 2 mg online ceny, koupit ativan 2 mg online Spojen\u00e9 kr\u00e1lovstv\u00ed, Evropa","robots":{"index":"index","follow":"follow","max-snippet":"max-snippet:-1","max-image-preview":"max-image-preview:large","max-video-preview":"max-video-preview:-1"},"canonical":"https:\/\/medicinasinc.com\/cs\/product\/buy-ativan-0-5mg-1mg-2mg\/","og_locale":"en_US","og_type":"article","og_title":"Koupit Ativan 2 mg \u2013 Koupit Ativan 1 mg \u2013 Koupit Ativan 0,5 mg \u2013 Nejlep\u0161\u00ed glob\u00e1ln\u00ed l\u00e9ky","og_description":"Koupit tablety Lorazepam online, koupit lorazepam online, koupit Ativan online, Lorazepam 0,5 mg, 1 mg, 2 mg online ceny, koupit ativan 2 mg online Spojen\u00e9 kr\u00e1lovstv\u00ed, Evropa","og_url":"https:\/\/medicinasinc.com\/cs\/product\/buy-ativan-0-5mg-1mg-2mg\/","og_site_name":"Medicinas Inc","article_modified_time":"2022-03-14T12:29:16+00:00","og_image":[{"width":300,"height":300,"url":"https:\/\/medicinasinc.com\/cs\/wp-content\/uploads\/sites\/2\/2022\/02\/Buy-Ativan-Online-1.jpg","type":"image\/jpeg"}],"twitter_card":"summary_large_image","twitter_misc":{"Est. reading time":"3 minutes"},"schema":{"@context":"https:\/\/schema.org","@graph":[{"@type":"WebPage","@id":"https:\/\/medicinasinc.com\/cs\/product\/buy-ativan-0-5mg-1mg-2mg\/","url":"https:\/\/medicinasinc.com\/cs\/product\/buy-ativan-0-5mg-1mg-2mg\/","name":"Koupit Ativan 2 mg \u2013 Koupit Ativan 1 mg \u2013 Koupit Ativan 0,5 mg \u2013 Nejlep\u0161\u00ed glob\u00e1ln\u00ed l\u00e9ky","isPartOf":{"@id":"https:\/\/medicinasinc.com\/cs\/#website"},"primaryImageOfPage":{"@id":"https:\/\/medicinasinc.com\/cs\/product\/buy-ativan-0-5mg-1mg-2mg\/#primaryimage"},"image":{"@id":"https:\/\/medicinasinc.com\/cs\/product\/buy-ativan-0-5mg-1mg-2mg\/#primaryimage"},"thumbnailUrl":"https:\/\/medicinasinc.com\/cs\/wp-content\/uploads\/sites\/2\/2022\/02\/Buy-Ativan-Online-1.jpg","datePublished":"2022-02-20T20:43:45+00:00","dateModified":"2022-03-14T12:29:16+00:00","description":"Koupit tablety Lorazepam online, koupit lorazepam online, koupit Ativan online, Lorazepam 0,5 mg, 1 mg, 2 mg online ceny, koupit ativan 2 mg online Spojen\u00e9 kr\u00e1lovstv\u00ed, Evropa","breadcrumb":{"@id":"https:\/\/medicinasinc.com\/cs\/product\/buy-ativan-0-5mg-1mg-2mg\/#breadcrumb"},"inLanguage":"en-US","potentialAction":[{"@type":"ReadAction","target":["https:\/\/medicinasinc.com\/cs\/product\/buy-ativan-0-5mg-1mg-2mg\/"]}]},{"@type":"ImageObject","inLanguage":"en-US","@id":"https:\/\/medicinasinc.com\/cs\/product\/buy-ativan-0-5mg-1mg-2mg\/#primaryimage","url":"https:\/\/medicinasinc.com\/cs\/wp-content\/uploads\/sites\/2\/2022\/02\/Buy-Ativan-Online-1.jpg","contentUrl":"https:\/\/medicinasinc.com\/cs\/wp-content\/uploads\/sites\/2\/2022\/02\/Buy-Ativan-Online-1.jpg","width":300,"height":300},{"@type":"BreadcrumbList","@id":"https:\/\/medicinasinc.com\/cs\/product\/buy-ativan-0-5mg-1mg-2mg\/#breadcrumb","itemListElement":[{"@type":"ListItem","position":1,"name":"Obchod","item":"https:\/\/medicinasinc.com\/cs\/obchod\/"},{"@type":"ListItem","position":2,"name":"Koupit Ativan 0,5 mg, 1 mg, 2 mg"}]},{"@type":"WebSite","@id":"https:\/\/medicinasinc.com\/cs\/#website","url":"https:\/\/medicinasinc.com\/cs\/","name":"Medicinas Inc","description":"Health Medical Clinic","potentialAction":[{"@type":"SearchAction","target":{"@type":"EntryPoint","urlTemplate":"https:\/\/medicinasinc.com\/cs\/?s={search_term_string}"},"query-input":{"@type":"PropertyValueSpecification","valueRequired":true,"valueName":"search_term_string"}}],"inLanguage":"en-US"}]}},"_links":{"self":[{"href":"https:\/\/medicinasinc.com\/cs\/wp-json\/wp\/v2\/product\/5125","targetHints":{"allow":["GET"]}}],"collection":[{"href":"https:\/\/medicinasinc.com\/cs\/wp-json\/wp\/v2\/product"}],"about":[{"href":"https:\/\/medicinasinc.com\/cs\/wp-json\/wp\/v2\/types\/product"}],"replies":[{"embeddable":true,"href":"https:\/\/medicinasinc.com\/cs\/wp-json\/wp\/v2\/comments?post=5125"}],"wp:featuredmedia":[{"embeddable":true,"href":"https:\/\/medicinasinc.com\/cs\/wp-json\/wp\/v2\/media\/5144"}],"wp:attachment":[{"href":"https:\/\/medicinasinc.com\/cs\/wp-json\/wp\/v2\/media?parent=5125"}],"wp:term":[{"taxonomy":"product_brand","embeddable":true,"href":"https:\/\/medicinasinc.com\/cs\/wp-json\/wp\/v2\/product_brand?post=5125"},{"taxonomy":"product_cat","embeddable":true,"href":"https:\/\/medicinasinc.com\/cs\/wp-json\/wp\/v2\/product_cat?post=5125"},{"taxonomy":"product_tag","embeddable":true,"href":"https:\/\/medicinasinc.com\/cs\/wp-json\/wp\/v2\/product_tag?post=5125"}],"curies":[{"name":"wp","href":"https:\/\/api.w.org\/{rel}","templated":true}]}}