{"id":5124,"date":"2022-02-20T20:42:48","date_gmt":"2022-02-20T20:42:48","guid":{"rendered":"https:\/\/medicinasinc.com\/cs\/?post_type=product&#038;p=5124"},"modified":"2022-03-14T12:29:24","modified_gmt":"2022-03-14T12:29:24","slug":"buy-ambien-10-mg","status":"publish","type":"product","link":"https:\/\/medicinasinc.com\/cs\/product\/buy-ambien-10-mg\/","title":{"rendered":"Koupit Ambien 10 mg"},"content":{"rendered":"<div class=\"ty-tabs cm-j-tabs clearfix\">\n<p>zakoupit Ambien 10 mg online<\/p>\n<h2><a href=\"https:\/\/www.bestglobalmeds.com\/category\/blog\/\" target=\"_blank\" rel=\"noopener\">Koupit Ambien 10mg p\u0159es noc doru\u010den\u00ed<\/a><\/h2>\n<h2>Koupit Ambien 10mg online<\/h2>\n<p>Nejni\u017e\u0161\u00ed cena\u00a0<em>Ambien<\/em>\u00a0(<em>Zolpidem<\/em>\u00a05mg &amp;\u00a0<em>10mg<\/em>) Pilulky a prvn\u00ed leg\u00e1ln\u00ed registrovan\u00e1 online l\u00e9ka\u0159sk\u00e1 slu\u017eba v USA, kter\u00e1 je nab\u00edz\u00ed. Free Tracked UK Delivery.Ambien, Zolpidem, ambien\u00a0<em>10 mg<\/em>, Zolpidem tartr\u00e1t, koupit pr\u00e1\u0161ky na span\u00ed online, koupit proti \u00fazkosti online, antidepresiva,\u00a0<em>koupit ambien<\/em>\u00a0bez p\u0159edpisu.<\/p>\n<ul class=\"ty-tabs__list\">\n<li id=\"description\" class=\"ty-tabs__item cm-js active\"><a class=\"ty-tabs__a\">Popis<\/a><\/li>\n<li id=\"product_tab_9\" class=\"ty-tabs__item cm-js\"><a class=\"ty-tabs__a\">Informace o pacientovi<\/a><\/li>\n<\/ul><\/div>\n<div id=\"tabs_content \" class=\"cm-tabs-content ty-tabs__content clearfix\">\n<div id=\"content_description\" class=\"ty-wysiwyg-content content-description active\">\n<div>\n<div class=\"product-description\">\n<h4>Sp\u00e1nek se Zolpidem a Ambien<\/h4>\n<table>\n<thead>\n<tr>\n<th>Zolpidem<\/th>\n<th>\u010c\u00e1stka<\/th>\n<th>Typ<\/th>\n<th>Z\u00e1soba<\/th>\n<\/tr>\n<\/thead>\n<tbody>\n<tr>\n<th>Ambien<\/th>\n<th>5 mg<\/th>\n<th>Tablety<\/th>\n<th>Koupit US\u2713<\/th>\n<\/tr>\n<tr>\n<td>Zolpidem tablety<\/td>\n<td>5 mg<\/td>\n<td>Pilulky<\/td>\n<td>Online USA \u2713<\/td>\n<\/tr>\n<tr>\n<td>Ambien tablety<\/td>\n<td>10 mg<\/td>\n<td>Medicin e<\/td>\n<td>US \u2713<\/td>\n<\/tr>\n<\/tbody>\n<\/table>\n<h4>Opat\u0159en\u00ed p\u0159ed u\u017eit\u00edm Zolpidemu<\/h4>\n<p>Existuj\u00ed preventivn\u00ed opat\u0159en\u00ed, kter\u00e1 je t\u0159eba zv\u00e1\u017eit, ne\u017e se rozhodnete vz\u00edt to. Za ur\u010dit\u00fdch okolnost\u00ed to nemus\u00ed b\u00fdt nejvhodn\u011bj\u0161\u00ed volba l\u00e9ku. Zeptejte se sv\u00e9ho l\u00e9ka\u0159e na to, zda je vhodn\u00e9 jej u\u017e\u00edvat jako l\u00e9\u010dbu nespavosti. Pokud m\u00e1te n\u011bkterou z n\u00e1sleduj\u00edc\u00edch okolnost\u00ed, vyhledejte l\u00e9ka\u0159skou pomoc:<\/p>\n<ul>\n<li>Alkoholismus nebo zneu\u017e\u00edv\u00e1n\u00ed drog v anamn\u00e9ze<\/li>\n<li>T\u011bhotn\u00e1 nebo t\u011bhotenstv\u00ed pl\u00e1nuj\u00edc\u00ed<\/li>\n<li>M\u00e1te d\u00fdchac\u00ed pot\u00ed\u017ee (bronchitida, astma nebo emfyz\u00e9m)<\/li>\n<li>Amn\u00e9za onemocn\u011bn\u00ed jater nebo ledvin<\/li>\n<li>M\u00e1 myasthenia gravis (nervovou poruchu vedouc\u00ed k oslaben\u00ed sval\u016f)<\/li>\n<li>Alergie na n\u011bkterou ze slo\u017eek<\/li>\n<li>M\u00e1 opakuj\u00edc\u00ed se poruchu osobnosti nebo depresi<\/li>\n<li>M\u00e1 sp\u00e1nkovou apnoe<\/li>\n<li>Star\u0161\u00ed osoby<\/li>\n<\/ul>\n<p>Velmi vz\u00e1cn\u011b V t\u011bchto p\u0159\u00edpadech m\u016f\u017ee u\u017e\u00edv\u00e1n\u00ed p\u0159\u00edpravku Ambien v\u00e9st k ne\u017e\u00e1douc\u00edm reakc\u00edm v\u010detn\u011b otok\u016f rt\u016f, obli\u010deje, hrdla a jazyka nebo k pot\u00ed\u017e\u00edm s d\u00fdch\u00e1n\u00edm. Rovn\u011b\u017e se doporu\u010duje, aby se nepou\u017e\u00edval nep\u0159etr\u017eit\u011b d\u00e9le ne\u017e 4 t\u00fddny, proto\u017ee m\u016f\u017ee v\u00e9st k abstinen\u010dn\u00edm p\u0159\u00edznak\u016fm, jako je zvracen\u00ed, nevolnost, \u00fazkost a \u017ealude\u010dn\u00ed k\u0159e\u010de. Zn\u00e1m\u00fd jako kr\u00e1tkodob\u00e1 <a href=\"https:\/\/globalhomed.com\/\">l\u00e9\u010dba nespavosti<\/a>. Jakmile jej p\u0159estanete pou\u017e\u00edvat, m\u016f\u017eete m\u00edt probl\u00e9my se sp\u00e1nkem. \u0158\u00edk\u00e1 se tomu \u201erebound insomnie\u201c, kter\u00e1 nakonec odezn\u00ed po jednom a\u017e dvou dnech. V\u017edy se o u\u017e\u00edv\u00e1n\u00ed tohoto l\u00e9ku na span\u00ed pora\u010fte se sv\u00fdm l\u00e9ka\u0159em.<\/p>\n<h2>zakoupit Ambien 10 mg online<\/h2>\n<\/p><\/div><\/div><\/div><\/div>\n","protected":false},"excerpt":{"rendered":"<p>Kupte si pilulky Ambien 10 mg online. Ambien se pou\u017e\u00edv\u00e1 k l\u00e9\u010db\u011b poruchy sp\u00e1nku. Tableta pro rychl\u00e9 vybit\u00ed se pou\u017e\u00edv\u00e1, aby v\u00e1m pomohla p\u0159ik\u00fdvnout, kdy\u017e poprv\u00e9 jdete na pohovku.<\/p>\n<p>Ambien, Zolpidem, ambien\u00a0<em>10 mg<\/em>, Zolpidem tartr\u00e1t, koupit pr\u00e1\u0161ky na span\u00ed online, koupit anti \u00fazkost online, antidepresiva,\u00a0<em>koupit ambien<\/em>\u00a0bez p\u0159edpisu.<\/p>\n","protected":false},"featured_media":5142,"comment_status":"open","ping_status":"closed","template":"","meta":[],"product_brand":[],"product_cat":[1117],"product_tag":[],"class_list":{"0":"post-5124","1":"product","2":"type-product","3":"status-publish","4":"has-post-thumbnail","6":"product_cat-koupit-prasky-na-spani-bolest","8":"first","9":"instock","10":"shipping-taxable","11":"purchasable","12":"product-type-variable","13":"has-default-attributes"},"yoast_head":"<!-- This site is optimized with the Yoast SEO plugin v27.3 - https:\/\/yoast.com\/product\/yoast-seo-wordpress\/ -->\n<title>Koupit Ambien 10 mg - Ambien 10 mg - Nejlep\u0161\u00ed glob\u00e1ln\u00ed l\u00e9ky<\/title>\n<meta name=\"description\" content=\"Koupit Ambien 10 mg, Ambien, Zolpidem, ambien\u00a010 mg, Zolpidem tartr\u00e1t, koupit pr\u00e1\u0161ky na span\u00ed online, koupit proti \u00fazkosti online, antidepresiva, koupit ambien\u00a0bez p\u0159edpisu.\" \/>\n<meta name=\"robots\" content=\"index, follow, max-snippet:-1, max-image-preview:large, max-video-preview:-1\" \/>\n<link rel=\"canonical\" href=\"https:\/\/medicinasinc.com\/cs\/product\/buy-ambien-10-mg\/\" \/>\n<meta property=\"og:locale\" content=\"en_US\" \/>\n<meta property=\"og:type\" content=\"article\" \/>\n<meta property=\"og:title\" content=\"Koupit Ambien 10 mg - Ambien 10 mg - Nejlep\u0161\u00ed glob\u00e1ln\u00ed l\u00e9ky\" \/>\n<meta property=\"og:description\" content=\"Koupit Ambien 10 mg, Ambien, Zolpidem, ambien\u00a010 mg, Zolpidem tartr\u00e1t, koupit pr\u00e1\u0161ky na span\u00ed online, koupit proti \u00fazkosti online, antidepresiva, koupit ambien\u00a0bez p\u0159edpisu.\" \/>\n<meta property=\"og:url\" content=\"https:\/\/medicinasinc.com\/cs\/product\/buy-ambien-10-mg\/\" \/>\n<meta property=\"og:site_name\" content=\"Medicinas Inc\" \/>\n<meta property=\"article:modified_time\" content=\"2022-03-14T12:29:24+00:00\" \/>\n<meta property=\"og:image\" content=\"https:\/\/medicinasinc.com\/cs\/wp-content\/uploads\/sites\/2\/2022\/02\/Buy-Ambien-10mg.jpg\" \/>\n\t<meta property=\"og:image:width\" content=\"225\" \/>\n\t<meta property=\"og:image:height\" content=\"225\" \/>\n\t<meta property=\"og:image:type\" content=\"image\/jpeg\" \/>\n<meta name=\"twitter:card\" content=\"summary_large_image\" \/>\n<meta name=\"twitter:label1\" content=\"Est. reading time\" \/>\n\t<meta name=\"twitter:data1\" content=\"2 minutes\" \/>\n<script type=\"application\/ld+json\" class=\"yoast-schema-graph\">{\"@context\":\"https:\\\/\\\/schema.org\",\"@graph\":[{\"@type\":\"WebPage\",\"@id\":\"https:\\\/\\\/medicinasinc.com\\\/cs\\\/product\\\/buy-ambien-10-mg\\\/\",\"url\":\"https:\\\/\\\/medicinasinc.com\\\/cs\\\/product\\\/buy-ambien-10-mg\\\/\",\"name\":\"Koupit Ambien 10 mg - Ambien 10 mg - Nejlep\u0161\u00ed glob\u00e1ln\u00ed l\u00e9ky\",\"isPartOf\":{\"@id\":\"https:\\\/\\\/medicinasinc.com\\\/cs\\\/#website\"},\"primaryImageOfPage\":{\"@id\":\"https:\\\/\\\/medicinasinc.com\\\/cs\\\/product\\\/buy-ambien-10-mg\\\/#primaryimage\"},\"image\":{\"@id\":\"https:\\\/\\\/medicinasinc.com\\\/cs\\\/product\\\/buy-ambien-10-mg\\\/#primaryimage\"},\"thumbnailUrl\":\"https:\\\/\\\/medicinasinc.com\\\/cs\\\/wp-content\\\/uploads\\\/sites\\\/2\\\/2022\\\/02\\\/Buy-Ambien-10mg.jpg\",\"datePublished\":\"2022-02-20T20:42:48+00:00\",\"dateModified\":\"2022-03-14T12:29:24+00:00\",\"description\":\"Koupit Ambien 10 mg, Ambien, Zolpidem, ambien\u00a010 mg, Zolpidem tartr\u00e1t, koupit pr\u00e1\u0161ky na span\u00ed online, koupit proti \u00fazkosti online, antidepresiva, koupit ambien\u00a0bez p\u0159edpisu.\",\"breadcrumb\":{\"@id\":\"https:\\\/\\\/medicinasinc.com\\\/cs\\\/product\\\/buy-ambien-10-mg\\\/#breadcrumb\"},\"inLanguage\":\"en-US\",\"potentialAction\":[{\"@type\":\"ReadAction\",\"target\":[\"https:\\\/\\\/medicinasinc.com\\\/cs\\\/product\\\/buy-ambien-10-mg\\\/\"]}]},{\"@type\":\"ImageObject\",\"inLanguage\":\"en-US\",\"@id\":\"https:\\\/\\\/medicinasinc.com\\\/cs\\\/product\\\/buy-ambien-10-mg\\\/#primaryimage\",\"url\":\"https:\\\/\\\/medicinasinc.com\\\/cs\\\/wp-content\\\/uploads\\\/sites\\\/2\\\/2022\\\/02\\\/Buy-Ambien-10mg.jpg\",\"contentUrl\":\"https:\\\/\\\/medicinasinc.com\\\/cs\\\/wp-content\\\/uploads\\\/sites\\\/2\\\/2022\\\/02\\\/Buy-Ambien-10mg.jpg\",\"width\":225,\"height\":225},{\"@type\":\"BreadcrumbList\",\"@id\":\"https:\\\/\\\/medicinasinc.com\\\/cs\\\/product\\\/buy-ambien-10-mg\\\/#breadcrumb\",\"itemListElement\":[{\"@type\":\"ListItem\",\"position\":1,\"name\":\"Obchod\",\"item\":\"https:\\\/\\\/medicinasinc.com\\\/cs\\\/obchod\\\/\"},{\"@type\":\"ListItem\",\"position\":2,\"name\":\"Koupit Ambien 10 mg\"}]},{\"@type\":\"WebSite\",\"@id\":\"https:\\\/\\\/medicinasinc.com\\\/cs\\\/#website\",\"url\":\"https:\\\/\\\/medicinasinc.com\\\/cs\\\/\",\"name\":\"Medicinas Inc\",\"description\":\"Health Medical Clinic\",\"potentialAction\":[{\"@type\":\"SearchAction\",\"target\":{\"@type\":\"EntryPoint\",\"urlTemplate\":\"https:\\\/\\\/medicinasinc.com\\\/cs\\\/?s={search_term_string}\"},\"query-input\":{\"@type\":\"PropertyValueSpecification\",\"valueRequired\":true,\"valueName\":\"search_term_string\"}}],\"inLanguage\":\"en-US\"}]}<\/script>\n<!-- \/ Yoast SEO plugin. -->","yoast_head_json":{"title":"Koupit Ambien 10 mg - Ambien 10 mg - Nejlep\u0161\u00ed glob\u00e1ln\u00ed l\u00e9ky","description":"Koupit Ambien 10 mg, Ambien, Zolpidem, ambien\u00a010 mg, Zolpidem tartr\u00e1t, koupit pr\u00e1\u0161ky na span\u00ed online, koupit proti \u00fazkosti online, antidepresiva, koupit ambien\u00a0bez p\u0159edpisu.","robots":{"index":"index","follow":"follow","max-snippet":"max-snippet:-1","max-image-preview":"max-image-preview:large","max-video-preview":"max-video-preview:-1"},"canonical":"https:\/\/medicinasinc.com\/cs\/product\/buy-ambien-10-mg\/","og_locale":"en_US","og_type":"article","og_title":"Koupit Ambien 10 mg - Ambien 10 mg - Nejlep\u0161\u00ed glob\u00e1ln\u00ed l\u00e9ky","og_description":"Koupit Ambien 10 mg, Ambien, Zolpidem, ambien\u00a010 mg, Zolpidem tartr\u00e1t, koupit pr\u00e1\u0161ky na span\u00ed online, koupit proti \u00fazkosti online, antidepresiva, koupit ambien\u00a0bez p\u0159edpisu.","og_url":"https:\/\/medicinasinc.com\/cs\/product\/buy-ambien-10-mg\/","og_site_name":"Medicinas Inc","article_modified_time":"2022-03-14T12:29:24+00:00","og_image":[{"width":225,"height":225,"url":"https:\/\/medicinasinc.com\/cs\/wp-content\/uploads\/sites\/2\/2022\/02\/Buy-Ambien-10mg.jpg","type":"image\/jpeg"}],"twitter_card":"summary_large_image","twitter_misc":{"Est. reading time":"2 minutes"},"schema":{"@context":"https:\/\/schema.org","@graph":[{"@type":"WebPage","@id":"https:\/\/medicinasinc.com\/cs\/product\/buy-ambien-10-mg\/","url":"https:\/\/medicinasinc.com\/cs\/product\/buy-ambien-10-mg\/","name":"Koupit Ambien 10 mg - Ambien 10 mg - Nejlep\u0161\u00ed glob\u00e1ln\u00ed l\u00e9ky","isPartOf":{"@id":"https:\/\/medicinasinc.com\/cs\/#website"},"primaryImageOfPage":{"@id":"https:\/\/medicinasinc.com\/cs\/product\/buy-ambien-10-mg\/#primaryimage"},"image":{"@id":"https:\/\/medicinasinc.com\/cs\/product\/buy-ambien-10-mg\/#primaryimage"},"thumbnailUrl":"https:\/\/medicinasinc.com\/cs\/wp-content\/uploads\/sites\/2\/2022\/02\/Buy-Ambien-10mg.jpg","datePublished":"2022-02-20T20:42:48+00:00","dateModified":"2022-03-14T12:29:24+00:00","description":"Koupit Ambien 10 mg, Ambien, Zolpidem, ambien\u00a010 mg, Zolpidem tartr\u00e1t, koupit pr\u00e1\u0161ky na span\u00ed online, koupit proti \u00fazkosti online, antidepresiva, koupit ambien\u00a0bez p\u0159edpisu.","breadcrumb":{"@id":"https:\/\/medicinasinc.com\/cs\/product\/buy-ambien-10-mg\/#breadcrumb"},"inLanguage":"en-US","potentialAction":[{"@type":"ReadAction","target":["https:\/\/medicinasinc.com\/cs\/product\/buy-ambien-10-mg\/"]}]},{"@type":"ImageObject","inLanguage":"en-US","@id":"https:\/\/medicinasinc.com\/cs\/product\/buy-ambien-10-mg\/#primaryimage","url":"https:\/\/medicinasinc.com\/cs\/wp-content\/uploads\/sites\/2\/2022\/02\/Buy-Ambien-10mg.jpg","contentUrl":"https:\/\/medicinasinc.com\/cs\/wp-content\/uploads\/sites\/2\/2022\/02\/Buy-Ambien-10mg.jpg","width":225,"height":225},{"@type":"BreadcrumbList","@id":"https:\/\/medicinasinc.com\/cs\/product\/buy-ambien-10-mg\/#breadcrumb","itemListElement":[{"@type":"ListItem","position":1,"name":"Obchod","item":"https:\/\/medicinasinc.com\/cs\/obchod\/"},{"@type":"ListItem","position":2,"name":"Koupit Ambien 10 mg"}]},{"@type":"WebSite","@id":"https:\/\/medicinasinc.com\/cs\/#website","url":"https:\/\/medicinasinc.com\/cs\/","name":"Medicinas Inc","description":"Health Medical Clinic","potentialAction":[{"@type":"SearchAction","target":{"@type":"EntryPoint","urlTemplate":"https:\/\/medicinasinc.com\/cs\/?s={search_term_string}"},"query-input":{"@type":"PropertyValueSpecification","valueRequired":true,"valueName":"search_term_string"}}],"inLanguage":"en-US"}]}},"_links":{"self":[{"href":"https:\/\/medicinasinc.com\/cs\/wp-json\/wp\/v2\/product\/5124","targetHints":{"allow":["GET"]}}],"collection":[{"href":"https:\/\/medicinasinc.com\/cs\/wp-json\/wp\/v2\/product"}],"about":[{"href":"https:\/\/medicinasinc.com\/cs\/wp-json\/wp\/v2\/types\/product"}],"replies":[{"embeddable":true,"href":"https:\/\/medicinasinc.com\/cs\/wp-json\/wp\/v2\/comments?post=5124"}],"wp:featuredmedia":[{"embeddable":true,"href":"https:\/\/medicinasinc.com\/cs\/wp-json\/wp\/v2\/media\/5142"}],"wp:attachment":[{"href":"https:\/\/medicinasinc.com\/cs\/wp-json\/wp\/v2\/media?parent=5124"}],"wp:term":[{"taxonomy":"product_brand","embeddable":true,"href":"https:\/\/medicinasinc.com\/cs\/wp-json\/wp\/v2\/product_brand?post=5124"},{"taxonomy":"product_cat","embeddable":true,"href":"https:\/\/medicinasinc.com\/cs\/wp-json\/wp\/v2\/product_cat?post=5124"},{"taxonomy":"product_tag","embeddable":true,"href":"https:\/\/medicinasinc.com\/cs\/wp-json\/wp\/v2\/product_tag?post=5124"}],"curies":[{"name":"wp","href":"https:\/\/api.w.org\/{rel}","templated":true}]}}