{"id":5123,"date":"2022-02-20T20:39:42","date_gmt":"2022-02-20T20:39:42","guid":{"rendered":"https:\/\/medicinasinc.com\/cs\/?post_type=product&#038;p=5123"},"modified":"2022-03-14T12:29:40","modified_gmt":"2022-03-14T12:29:40","slug":"koupit-alprox-2mg-xanax","status":"publish","type":"product","link":"https:\/\/medicinasinc.com\/cs\/product\/koupit-alprox-2mg-xanax\/","title":{"rendered":"Koupit Alprox 2 mg (Xanax)"},"content":{"rendered":"<p>Hled\u00e1te XANAX 2 mg na prodej za rozumnou cenu? Vyu\u017eijte n\u00edzk\u00e9 ceny a rychl\u00e9 doru\u010den\u00ed XANAX 2 mg od spole\u010dnosti Best Global Meds a\u017e k va\u0161im dve\u0159\u00edm!<\/p>\n<p>Ve Spojen\u00e9m kr\u00e1lovstv\u00ed m\u016f\u017eete Alprazolam zakoupit online. Velk\u00e1 Brit\u00e1nie\/EU zna\u010dka Alprazolamu (Xanax) 2 mg&#8230; L\u00e9ky na \u00fazkost 2 mg tablety jsou siln\u011bj\u0161\u00ed ve Spojen\u00e9m kr\u00e1lovstv\u00ed.<\/p>\n<p>Kde mohu koupit Xanax online? Kde si mohu koupit Xanax 2MG online? Kde si mohu koupit Xanax 1MG online?<\/p>\n<p>S Xanaxem jsou mo\u017en\u00e9 sedativn\u00ed a sedativn\u00ed \u00fa\u010dinky.<\/p>\n<p>Xanax 2Mg Koupit online Uk Je to k\u0159e\u010dovit\u00e9 vid\u011bt morfologicky Objedn\u00e1vku Xanaxu p\u0159es noc. Waxier Wilburn vzdoruje n\u00e1kupu Xanax Online Reddit vylep\u0161uje nab\u00eddku n\u00e1ro\u010dn\u011bj\u0161\u00edm zp\u016fsobem.<\/p>\n<p>Xanax bez l\u00e9ka\u0159sk\u00e9ho p\u0159edpisu lze zakoupit levn\u011b online. Kde mohu koupit fentermin ve velk\u00e9m za nejni\u017e\u0161\u00ed cenu? Obr\u00e1zky 2mg xanaxov\u00fdch generik<\/p>\n<p>Tento l\u00e9k se pou\u017e\u00edv\u00e1 k l\u00e9\u010db\u011b panick\u00fdch poruch a \u00fazkostn\u00fdch poruch, jako je neo\u010dek\u00e1van\u00fd intenzivn\u00ed strach a nap\u011bt\u00ed zp\u016fsoben\u00e9 stresem. Alprazolam je 0,5 MG, 1 MG, 2 MG tableta. Nejlep\u0161\u00ed je za\u010d\u00edt s n\u00edzkou d\u00e1vkou a propracovat se k v\u011bt\u0161\u00ed. Abyste se vyhnuli abstinen\u010dn\u00edm p\u0159\u00edznak\u016fm, jako jsou z\u00e1chvaty, agresivn\u00ed chov\u00e1n\u00ed, rozmazan\u00e9 vid\u011bn\u00ed atd., pokud n\u00e1hle p\u0159estanete u\u017e\u00edvat tento l\u00e9k.<\/p>\n<p>Alprazolam 0,5 MG Tablet m\u016f\u017eete u\u017e\u00edvat s j\u00eddlem nebo bez j\u00eddla, podle va\u0161\u00ed preference. Nep\u0159ekra\u010dujte doporu\u010den\u00e9 d\u00e1vkov\u00e1n\u00ed. Pokud zaznamen\u00e1te jak\u00e9koli ne\u017e\u00e1douc\u00ed \u00fa\u010dinky, okam\u017eit\u011b se domluvte se sv\u00fdm l\u00e9ka\u0159em. Abyste se vyhnuli abstinen\u010dn\u00edm p\u0159\u00edznak\u016fm, nep\u0159est\u00e1vejte u\u017e\u00edvat l\u00e9ky, ani\u017e byste nejprve nav\u0161t\u00edvili sv\u00e9ho l\u00e9ka\u0159e!<\/p>\n<p>Co je sou\u010d\u00e1st\u00ed tohoto procesu<br \/> Hyperpolarizace a stabilita neuron\u00e1ln\u00ed membr\u00e1ny jsou dosa\u017eeny interakc\u00ed tohoto l\u00e9ku s chloridem kan\u00e1l\u016f, co\u017e zabra\u0148uje dodate\u010dn\u00e9mu buzen\u00ed bun\u011bk.<\/p>\n","protected":false},"excerpt":{"rendered":"<p>Alprox 2mg pilulky lze zakoupit online (Xanax). Co je Alprox 2 mg? D\u00e1 se to koupit online? Je Alprox 2 mg voln\u011b prodejn\u00fd?<\/p>\n<p>Nakupujte Alprazolam Xanax 2 mg Tablet ve Spojen\u00e9m kr\u00e1lovstv\u00ed, v Evrop\u011b v na\u0161\u00ed online l\u00e9k\u00e1rn\u011b Best Global Medicines s rychl\u00fdm glob\u00e1ln\u00edm doru\u010den\u00edm! Nejlep\u0161\u00ed ceny Alprazolam 2 MG Tablet objev\u00edte pr\u00e1v\u011b zde!<\/p>\n<p>Xanax 2 mg tableta se pou\u017e\u00edv\u00e1 k l\u00e9\u010db\u011b panick\u00fdch poruch a \u00fazkosti, jako je neo\u010dek\u00e1van\u00fd intenzivn\u00ed strach a nap\u011bt\u00ed zp\u016fsoben\u00e9 stresem. Koupit Xanax 2 mg tablety. Nejlep\u0161\u00ed je za\u010d\u00edt s n\u00edzkou d\u00e1vkou a propracovat se k v\u011bt\u0161\u00ed. Pokud n\u00e1hle p\u0159estanete u\u017e\u00edvat tento l\u00e9k, mohou se objevit abstinen\u010dn\u00ed p\u0159\u00edznaky v\u010detn\u011b z\u00e1chvat\u016f, agresivn\u00edho chov\u00e1n\u00ed, rozmazan\u00e9ho vid\u011bn\u00ed a dal\u0161\u00edch.<\/p>\n","protected":false},"featured_media":5140,"comment_status":"open","ping_status":"closed","template":"","meta":[],"product_brand":[],"product_cat":[703],"product_tag":[1126,1125,1127,1128,1129,1130,1131,1136,1137,1138,1139,1144,1145,1146,1147,1151,1133,1143,1149,1150,1153,1140,1142,1141,1156,1159,1160,1161,1162,1163,1155,1164,1165,1166,1132,1152,1167,1168,1154,1178,1171,1148,1172,1173,1176,1177,1179,1180,1181,1183,1182,1193,1194,1189,1134,1175,1185,1186,1187,1170,1135,1169,1192,1188,1157,1158,1174,1190,1191,1184],"class_list":{"0":"post-5123","1":"product","2":"type-product","3":"status-publish","4":"has-post-thumbnail","6":"product_cat-kupte-si-psychedelicke-drogy","7":"product_tag-alprazolam-25-pro-koky","8":"product_tag-alprazolam-25","9":"product_tag-alprazolam-0-25-mg","10":"product_tag-alprazolam-0-5-mg-cena","11":"product_tag-alprazolam-1-mg-modr","12":"product_tag-alprazolam-2-mg-tyinky","13":"product_tag-alprazolam-a-alkohol","14":"product_tag-alprazolam-dogs","15":"product_tag-alprazolam-dose-for-dogs","16":"product_tag-alprazolam-dosis-para-dormir-profundamente","17":"product_tag-alprazolam-efectos-secundarios","18":"product_tag-alprazolam-for-sleep","19":"product_tag-alprazolam-from-mexico","20":"product_tag-alprazolam-intensol","21":"product_tag-alprazolam-interactions","22":"product_tag-alprazolam-k-emu-se-pouv","23":"product_tag-alprazolam-modr-pilulka","24":"product_tag-alprazolam-na-prodej","25":"product_tag-alprazolam-online","26":"product_tag-alprazolam-para-dormir","27":"product_tag-alprazolam-powder-for-sale","28":"product_tag-alprazolam-pro-psy","29":"product_tag-vedlej-inky-alprazolamu-pro-psy","30":"product_tag-alprazolam-pro-psy-online","31":"product_tag-alprazolam-psychonaut","32":"product_tag-alprazolam-synthesis","33":"product_tag-alprazolam-urine-detection-time","34":"product_tag-alprazolam-use","35":"product_tag-alprazolam-vs-klonazepam","36":"product_tag-alprazolam-vs-lorazepam","37":"product_tag-alprazolam-vyslov","38":"product_tag-alprazolam-xanax","39":"product_tag-alprazolam-xr","40":"product_tag-alprazolam-lut","41":"product_tag-alprazolam-modr","42":"product_tag-alprazolam-prek","43":"product_tag-buy-alprazolam","44":"product_tag-buy-alprazolam-online","45":"product_tag-alprazolam-cena","46":"product_tag-chipkov-alprazolam","47":"product_tag-clonazepam-vs-alprazolam","48":"product_tag-alprazolam-svalov-c3-a1-relaxa-c4-8dn-c3-ad-d-c3-a1vka","49":"product_tag-diazepam-vs-alprazolam","50":"product_tag-difference-between-alprazolam-and-lorazepam","51":"product_tag-farmapram-alprazolam","52":"product_tag-farmapram-alprazolam-2-mg","53":"product_tag-flualprazolam-vs-alprazolam","54":"product_tag-greenstone-alprazolam","55":"product_tag-how-long-does-alprazolam-last-in-urine-reddit","56":"product_tag-is-alprazolam-a-controlled-substance","57":"product_tag-jak-nakoupit-alprazolam-online","58":"product_tag-co-je-alprazolam-pouito-na-sdlet","59":"product_tag-kde-k-koupit-alprazolam-online","60":"product_tag-nkup-alprazolam-online","61":"product_tag-alprazolam-lhev","62":"product_tag-lkai-kte-pedepisuj-alprazolam-v-mm-okol","63":"product_tag-lorazepam-vs-alprazolam","64":"product_tag-lorazepam-vs-alprazolam-reddit","65":"product_tag-mexick-alprazolam-2-mg","66":"product_tag-can-alprazolam-get-you-high","67":"product_tag-alprazolam-cost","68":"product_tag-nkup-alprazolam","69":"product_tag-nejlep-msto-k-koupit-alprazolam-online","70":"product_tag-objednat-alprazolam-online","71":"product_tag-alprazolam-refill-pravidla","72":"product_tag-alprazolam-recenze","73":"product_tag-rozdl-mezi-lorazepam-a-alprazolam","74":"product_tag-sandoz-alprazolam","75":"product_tag-snort-alprazolam","76":"product_tag-tekut-alprazolam","78":"first","79":"instock","80":"shipping-taxable","81":"purchasable","82":"product-type-variable"},"yoast_head":"<!-- This site is optimized with the Yoast SEO plugin v27.3 - https:\/\/yoast.com\/product\/yoast-seo-wordpress\/ -->\n<title>Koupit Alprox 2 mg (Xanax) \u2013 Objednejte si Xanax \u2013 nejlep\u0161\u00ed nejlep\u0161\u00ed glob\u00e1ln\u00ed l\u00e9ky<\/title>\n<meta name=\"description\" content=\"Koupit Alprox 2 mg pilulky online (Xanax). koupit Alprox online, Alprox online, koupit online alprox, koupit xanax, Koupit Alprazolam Xanax 2 mg Tablet UK, Evropa\" \/>\n<meta name=\"robots\" content=\"index, follow, max-snippet:-1, max-image-preview:large, max-video-preview:-1\" \/>\n<link rel=\"canonical\" href=\"https:\/\/medicinasinc.com\/cs\/product\/koupit-alprox-2mg-xanax\/\" \/>\n<meta property=\"og:locale\" content=\"en_US\" \/>\n<meta property=\"og:type\" content=\"article\" \/>\n<meta property=\"og:title\" content=\"Koupit Alprox 2 mg (Xanax) \u2013 Objednejte si Xanax \u2013 nejlep\u0161\u00ed nejlep\u0161\u00ed glob\u00e1ln\u00ed l\u00e9ky\" \/>\n<meta property=\"og:description\" content=\"Koupit Alprox 2 mg pilulky online (Xanax). koupit Alprox online, Alprox online, koupit online alprox, koupit xanax, Koupit Alprazolam Xanax 2 mg Tablet UK, Evropa\" \/>\n<meta property=\"og:url\" content=\"https:\/\/medicinasinc.com\/cs\/product\/koupit-alprox-2mg-xanax\/\" \/>\n<meta property=\"og:site_name\" content=\"Medicinas Inc\" \/>\n<meta property=\"article:modified_time\" content=\"2022-03-14T12:29:40+00:00\" \/>\n<meta property=\"og:image\" content=\"https:\/\/medicinasinc.com\/cs\/wp-content\/uploads\/sites\/2\/2022\/02\/Buy-Alprox-2mg.jpg\" \/>\n\t<meta property=\"og:image:width\" content=\"600\" \/>\n\t<meta property=\"og:image:height\" content=\"600\" \/>\n\t<meta property=\"og:image:type\" content=\"image\/jpeg\" \/>\n<meta name=\"twitter:card\" content=\"summary_large_image\" \/>\n<meta name=\"twitter:label1\" content=\"Est. reading time\" \/>\n\t<meta name=\"twitter:data1\" content=\"2 minutes\" \/>\n<script type=\"application\/ld+json\" class=\"yoast-schema-graph\">{\"@context\":\"https:\\\/\\\/schema.org\",\"@graph\":[{\"@type\":\"WebPage\",\"@id\":\"https:\\\/\\\/medicinasinc.com\\\/cs\\\/product\\\/koupit-alprox-2mg-xanax\\\/\",\"url\":\"https:\\\/\\\/medicinasinc.com\\\/cs\\\/product\\\/koupit-alprox-2mg-xanax\\\/\",\"name\":\"Koupit Alprox 2 mg (Xanax) \u2013 Objednejte si Xanax \u2013 nejlep\u0161\u00ed nejlep\u0161\u00ed glob\u00e1ln\u00ed l\u00e9ky\",\"isPartOf\":{\"@id\":\"https:\\\/\\\/medicinasinc.com\\\/cs\\\/#website\"},\"primaryImageOfPage\":{\"@id\":\"https:\\\/\\\/medicinasinc.com\\\/cs\\\/product\\\/koupit-alprox-2mg-xanax\\\/#primaryimage\"},\"image\":{\"@id\":\"https:\\\/\\\/medicinasinc.com\\\/cs\\\/product\\\/koupit-alprox-2mg-xanax\\\/#primaryimage\"},\"thumbnailUrl\":\"https:\\\/\\\/medicinasinc.com\\\/cs\\\/wp-content\\\/uploads\\\/sites\\\/2\\\/2022\\\/02\\\/Buy-Alprox-2mg.jpg\",\"datePublished\":\"2022-02-20T20:39:42+00:00\",\"dateModified\":\"2022-03-14T12:29:40+00:00\",\"description\":\"Koupit Alprox 2 mg pilulky online (Xanax). koupit Alprox online, Alprox online, koupit online alprox, koupit xanax, Koupit Alprazolam Xanax 2 mg Tablet UK, Evropa\",\"breadcrumb\":{\"@id\":\"https:\\\/\\\/medicinasinc.com\\\/cs\\\/product\\\/koupit-alprox-2mg-xanax\\\/#breadcrumb\"},\"inLanguage\":\"en-US\",\"potentialAction\":[{\"@type\":\"ReadAction\",\"target\":[\"https:\\\/\\\/medicinasinc.com\\\/cs\\\/product\\\/koupit-alprox-2mg-xanax\\\/\"]}]},{\"@type\":\"ImageObject\",\"inLanguage\":\"en-US\",\"@id\":\"https:\\\/\\\/medicinasinc.com\\\/cs\\\/product\\\/koupit-alprox-2mg-xanax\\\/#primaryimage\",\"url\":\"https:\\\/\\\/medicinasinc.com\\\/cs\\\/wp-content\\\/uploads\\\/sites\\\/2\\\/2022\\\/02\\\/Buy-Alprox-2mg.jpg\",\"contentUrl\":\"https:\\\/\\\/medicinasinc.com\\\/cs\\\/wp-content\\\/uploads\\\/sites\\\/2\\\/2022\\\/02\\\/Buy-Alprox-2mg.jpg\",\"width\":600,\"height\":600},{\"@type\":\"BreadcrumbList\",\"@id\":\"https:\\\/\\\/medicinasinc.com\\\/cs\\\/product\\\/koupit-alprox-2mg-xanax\\\/#breadcrumb\",\"itemListElement\":[{\"@type\":\"ListItem\",\"position\":1,\"name\":\"Obchod\",\"item\":\"https:\\\/\\\/medicinasinc.com\\\/cs\\\/obchod\\\/\"},{\"@type\":\"ListItem\",\"position\":2,\"name\":\"Koupit Alprox 2 mg (Xanax)\"}]},{\"@type\":\"WebSite\",\"@id\":\"https:\\\/\\\/medicinasinc.com\\\/cs\\\/#website\",\"url\":\"https:\\\/\\\/medicinasinc.com\\\/cs\\\/\",\"name\":\"Medicinas Inc\",\"description\":\"Health Medical Clinic\",\"potentialAction\":[{\"@type\":\"SearchAction\",\"target\":{\"@type\":\"EntryPoint\",\"urlTemplate\":\"https:\\\/\\\/medicinasinc.com\\\/cs\\\/?s={search_term_string}\"},\"query-input\":{\"@type\":\"PropertyValueSpecification\",\"valueRequired\":true,\"valueName\":\"search_term_string\"}}],\"inLanguage\":\"en-US\"}]}<\/script>\n<!-- \/ Yoast SEO plugin. -->","yoast_head_json":{"title":"Koupit Alprox 2 mg (Xanax) \u2013 Objednejte si Xanax \u2013 nejlep\u0161\u00ed nejlep\u0161\u00ed glob\u00e1ln\u00ed l\u00e9ky","description":"Koupit Alprox 2 mg pilulky online (Xanax). koupit Alprox online, Alprox online, koupit online alprox, koupit xanax, Koupit Alprazolam Xanax 2 mg Tablet UK, Evropa","robots":{"index":"index","follow":"follow","max-snippet":"max-snippet:-1","max-image-preview":"max-image-preview:large","max-video-preview":"max-video-preview:-1"},"canonical":"https:\/\/medicinasinc.com\/cs\/product\/koupit-alprox-2mg-xanax\/","og_locale":"en_US","og_type":"article","og_title":"Koupit Alprox 2 mg (Xanax) \u2013 Objednejte si Xanax \u2013 nejlep\u0161\u00ed nejlep\u0161\u00ed glob\u00e1ln\u00ed l\u00e9ky","og_description":"Koupit Alprox 2 mg pilulky online (Xanax). koupit Alprox online, Alprox online, koupit online alprox, koupit xanax, Koupit Alprazolam Xanax 2 mg Tablet UK, Evropa","og_url":"https:\/\/medicinasinc.com\/cs\/product\/koupit-alprox-2mg-xanax\/","og_site_name":"Medicinas Inc","article_modified_time":"2022-03-14T12:29:40+00:00","og_image":[{"width":600,"height":600,"url":"https:\/\/medicinasinc.com\/cs\/wp-content\/uploads\/sites\/2\/2022\/02\/Buy-Alprox-2mg.jpg","type":"image\/jpeg"}],"twitter_card":"summary_large_image","twitter_misc":{"Est. reading time":"2 minutes"},"schema":{"@context":"https:\/\/schema.org","@graph":[{"@type":"WebPage","@id":"https:\/\/medicinasinc.com\/cs\/product\/koupit-alprox-2mg-xanax\/","url":"https:\/\/medicinasinc.com\/cs\/product\/koupit-alprox-2mg-xanax\/","name":"Koupit Alprox 2 mg (Xanax) \u2013 Objednejte si Xanax \u2013 nejlep\u0161\u00ed nejlep\u0161\u00ed glob\u00e1ln\u00ed l\u00e9ky","isPartOf":{"@id":"https:\/\/medicinasinc.com\/cs\/#website"},"primaryImageOfPage":{"@id":"https:\/\/medicinasinc.com\/cs\/product\/koupit-alprox-2mg-xanax\/#primaryimage"},"image":{"@id":"https:\/\/medicinasinc.com\/cs\/product\/koupit-alprox-2mg-xanax\/#primaryimage"},"thumbnailUrl":"https:\/\/medicinasinc.com\/cs\/wp-content\/uploads\/sites\/2\/2022\/02\/Buy-Alprox-2mg.jpg","datePublished":"2022-02-20T20:39:42+00:00","dateModified":"2022-03-14T12:29:40+00:00","description":"Koupit Alprox 2 mg pilulky online (Xanax). koupit Alprox online, Alprox online, koupit online alprox, koupit xanax, Koupit Alprazolam Xanax 2 mg Tablet UK, Evropa","breadcrumb":{"@id":"https:\/\/medicinasinc.com\/cs\/product\/koupit-alprox-2mg-xanax\/#breadcrumb"},"inLanguage":"en-US","potentialAction":[{"@type":"ReadAction","target":["https:\/\/medicinasinc.com\/cs\/product\/koupit-alprox-2mg-xanax\/"]}]},{"@type":"ImageObject","inLanguage":"en-US","@id":"https:\/\/medicinasinc.com\/cs\/product\/koupit-alprox-2mg-xanax\/#primaryimage","url":"https:\/\/medicinasinc.com\/cs\/wp-content\/uploads\/sites\/2\/2022\/02\/Buy-Alprox-2mg.jpg","contentUrl":"https:\/\/medicinasinc.com\/cs\/wp-content\/uploads\/sites\/2\/2022\/02\/Buy-Alprox-2mg.jpg","width":600,"height":600},{"@type":"BreadcrumbList","@id":"https:\/\/medicinasinc.com\/cs\/product\/koupit-alprox-2mg-xanax\/#breadcrumb","itemListElement":[{"@type":"ListItem","position":1,"name":"Obchod","item":"https:\/\/medicinasinc.com\/cs\/obchod\/"},{"@type":"ListItem","position":2,"name":"Koupit Alprox 2 mg (Xanax)"}]},{"@type":"WebSite","@id":"https:\/\/medicinasinc.com\/cs\/#website","url":"https:\/\/medicinasinc.com\/cs\/","name":"Medicinas Inc","description":"Health Medical Clinic","potentialAction":[{"@type":"SearchAction","target":{"@type":"EntryPoint","urlTemplate":"https:\/\/medicinasinc.com\/cs\/?s={search_term_string}"},"query-input":{"@type":"PropertyValueSpecification","valueRequired":true,"valueName":"search_term_string"}}],"inLanguage":"en-US"}]}},"_links":{"self":[{"href":"https:\/\/medicinasinc.com\/cs\/wp-json\/wp\/v2\/product\/5123","targetHints":{"allow":["GET"]}}],"collection":[{"href":"https:\/\/medicinasinc.com\/cs\/wp-json\/wp\/v2\/product"}],"about":[{"href":"https:\/\/medicinasinc.com\/cs\/wp-json\/wp\/v2\/types\/product"}],"replies":[{"embeddable":true,"href":"https:\/\/medicinasinc.com\/cs\/wp-json\/wp\/v2\/comments?post=5123"}],"wp:featuredmedia":[{"embeddable":true,"href":"https:\/\/medicinasinc.com\/cs\/wp-json\/wp\/v2\/media\/5140"}],"wp:attachment":[{"href":"https:\/\/medicinasinc.com\/cs\/wp-json\/wp\/v2\/media?parent=5123"}],"wp:term":[{"taxonomy":"product_brand","embeddable":true,"href":"https:\/\/medicinasinc.com\/cs\/wp-json\/wp\/v2\/product_brand?post=5123"},{"taxonomy":"product_cat","embeddable":true,"href":"https:\/\/medicinasinc.com\/cs\/wp-json\/wp\/v2\/product_cat?post=5123"},{"taxonomy":"product_tag","embeddable":true,"href":"https:\/\/medicinasinc.com\/cs\/wp-json\/wp\/v2\/product_tag?post=5123"}],"curies":[{"name":"wp","href":"https:\/\/api.w.org\/{rel}","templated":true}]}}