{"id":5122,"date":"2022-02-20T20:38:15","date_gmt":"2022-02-20T20:38:15","guid":{"rendered":"https:\/\/medicinasinc.com\/cs\/?post_type=product&#038;p=5122"},"modified":"2022-08-03T11:40:32","modified_gmt":"2022-08-03T11:40:32","slug":"buy-adderall-30-mg","status":"publish","type":"product","link":"https:\/\/medicinasinc.com\/cs\/product\/buy-adderall-30-mg\/","title":{"rendered":"Koupit Adderall 30 mg"},"content":{"rendered":"<p>Nakupte Adderall 30mg or\u00e1ln\u00ed pilulky online pomoc\u00ed bitcoinu. Krom\u011b toho se pou\u017e\u00edv\u00e1 k l\u00e9\u010db\u011b poruchy pozornosti s hyperaktivitou (ADHD) a narkolepsie.<\/p>\n<p>Kupte si Adderall 30 mg online s rychl\u00fdm glob\u00e1ln\u00edm dod\u00e1n\u00edm z na\u0161\u00ed online l\u00e9k\u00e1rny Global Med! Nejv\u011bt\u0161\u00ed Adderall 30 mg ke koupi najdete zde!<\/p>\n<p>Adderall 30 MG je l\u00e9k na p\u0159edpis, kter\u00fd vznik\u00e1 sm\u00edch\u00e1n\u00edm a dextroamfetaminem. Tyto dv\u011b slo\u017eky p\u016fsob\u00ed jako hlavn\u00ed stimulanty nervov\u00e9ho syst\u00e9mu. Krom\u011b toho maj\u00ed tyto stimulanty vliv na chemick\u00e9 l\u00e1tky a neurony v mozku, kter\u00e9 reguluj\u00ed impulsy a hyperaktivitu. L\u00e9k se prim\u00e1rn\u011b pou\u017e\u00edv\u00e1 k l\u00e9\u010db\u011b narkolepsie a poruchy pozornosti s hyperaktivitou (ADHD). Spot\u0159eba je povolena v omezen\u00e9m po\u010dtu zem\u00ed, jmenovit\u011b v Kanad\u011b a Spojen\u00fdch st\u00e1tech.<\/p>\n<p>Nejz\u00e1va\u017en\u011bj\u0161\u00edm probl\u00e9mem s n\u00e1kupem Adderall 30Mg online je toto slovo, kter\u00e9 za\u010d\u00edn\u00e1 na W<\/p>\n<p>Ka\u017ed\u00e1 dcera nebo chlapec se narodil s pom\u011brn\u011b dobrou pam\u011bt\u00ed.<\/p>\n<p>Kupte si Adderall 30 mg. Neexistuje \u017e\u00e1dn\u00fd po\u017eadavek na p\u0159edpis. Doprava je zcela bezpe\u010dn\u00e1 a diskr\u00e9tn\u00ed. Doru\u010den\u00ed je mo\u017en\u00e9 p\u0159es noc. Garantovan\u00e9 vr\u00e1cen\u00ed pen\u011bz.<\/p>\n<p>M\u016f\u017eete si koupit Adderall pilulky bez l\u00e9ka\u0159sk\u00e9ho p\u0159edpisu online, adderall na po\u010d\u00edta\u010di otev\u0159en\u00e9 a Mohu si Adderall koupit online.<\/p>\n<p>D\u00e1vkov\u00e1 opat\u0159en\u00ed:<\/p>\n<p>A\u010dkoli osoba m\u016f\u017ee vy\u017eadovat Adderall XR, m\u011bla by p\u0159ed prvn\u00ed d\u00e1vkou nav\u0161t\u00edvit l\u00e9ka\u0159e, pokud m\u00e1 hyperaktivn\u00ed \u0161t\u00edtnou \u017el\u00e1zu, st\u0159edn\u011b t\u011b\u017ek\u00fd a\u017e t\u011b\u017ek\u00fd vysok\u00fd krevn\u00ed tlak, glaukom, jak\u00e9koli srde\u010dn\u00ed onemocn\u011bn\u00ed nebo byla d\u0159\u00edve z\u00e1visl\u00e1 na drog\u00e1ch nebo alkoholu. Krom\u011b toho jsou jednotlivci vyz\u00fdv\u00e1ni, aby nezneu\u017e\u00edvali d\u00e1vkov\u00e1n\u00ed l\u00e9ku, proto\u017ee by to mohlo m\u00edt za n\u00e1sledek z\u00e1va\u017en\u00e9 negativn\u00ed \u00fa\u010dinky na srdce nebo v nejhor\u0161\u00edm p\u0159\u00edpad\u011b smrt.<\/p>\n<p>Pozitivn\u00ed v\u00fdsledek:<\/p>\n<p>Jako ka\u017ed\u00e1 l\u00e1tka, jej\u00ed konzumace m\u00e1 \u0159adu \u00fa\u010dink\u016f, pozitivn\u00edch i \u0161patn\u00fdch. Krom\u011b toho m\u00e1 Adderall 30 MG. Bylo zji\u0161t\u011bno, \u017ee jeho u\u017e\u00edv\u00e1n\u00ed po krat\u0161\u00ed dobu podle doporu\u010den\u00ed l\u00e9ka\u0159e m\u00e1 p\u0159\u00edzniv\u00fd \u00fa\u010dinek na zdrav\u00ed \u010dlov\u011bka t\u00edm, \u017ee zabra\u0148uje symptom\u016fm ADHD. K tomu doch\u00e1z\u00ed z n\u00e1sleduj\u00edc\u00edch d\u016fvod\u016f:<\/p>\n<p>Zvy\u0161uje hladiny neurotransmiter\u016f, jako je dopamin a norepinefrin v na\u0161em mozku. Krom\u011b toho tyto specifick\u00e9 slou\u010deniny v mozku slou\u017e\u00ed ke zv\u00fd\u0161en\u00ed hladiny energie, bd\u011blosti a soust\u0159ed\u011bn\u00ed.<br \/>\nL\u00e9k m\u016f\u017ee zrychlit srde\u010dn\u00ed frekvenci a udr\u017eet prokrven\u00ed sval\u016f.<br \/>\nD\u016fsledn\u00e9 u\u017e\u00edv\u00e1n\u00ed podle pokyn\u016f l\u00e9ka\u0159\u016f m\u016f\u017ee v\u00fdsledkem je zv\u00fd\u0161en\u00e1 energie a el\u00e1n, co\u017e je pova\u017eov\u00e1no za srovnateln\u00e9 s konzumac\u00ed kokainu.<br \/>\nNegativn\u00ed v\u00fdsledek:<\/p>\n<p>Vzhledem k tomu, \u017ee Adderall 30 MG je vysoce citliv\u00fd l\u00e9k, jeho konzumace bez l\u00e9ka\u0159sk\u00e9ho p\u0159edpisu p\u0159edpis m\u016f\u017ee m\u00edt \u0161patn\u00fd vliv na va\u0161e zdrav\u00ed.<\/p>\n<p>Podr\u00e1\u017ed\u011bnost<br \/>\nRedukce hmotnosti, kter\u00e1 je nezdrav\u00e1 v d\u016fsledku potla\u010den\u00ed chuti k j\u00eddlu<br \/>\nNespavost a naru\u0161en\u00fd sp\u00e1nek<br \/>\nZ\u00e1va\u017en\u00e9 srde\u010dn\u00ed komplikace<\/p>\n<p>&nbsp;<\/p>\n<p>&nbsp;<\/p>\n<p>&nbsp;<\/p>\n<p>V p\u0159\u00edpad\u011b zneu\u017eit\u00ed:<\/p>\n<p>L\u00e9ka\u0159i v\u017edy doporu\u010dovali pacienti u\u017e\u00edvali l\u00e9ky opatrn\u011b, a pokud byl Adderall 30 MG zneu\u017eit, vedlo to ke zv\u00fd\u0161en\u00ed hladiny energie a siln\u00e9mu povzbuzen\u00ed. Nadm\u011brn\u00e9 u\u017e\u00edv\u00e1n\u00ed posledn\u011b jmenovan\u00e9 l\u00e1tky m\u016f\u017ee m\u00edt nav\u00edc za n\u00e1sledek nep\u0159\u00edjemn\u00e9 p\u0159\u00edznaky, jako jsou:<\/p>\n<p>Sn\u00ed\u017een\u00e1 pozornost na konkr\u00e9tn\u00ed \u00fakoly<br \/>\nDeprese a pomalost<br \/>\nM\u011bjte na pam\u011bti tyto body \u00fanavy:<\/p>\n<p>Nav\u00edc je zde n\u011bkolik v\u011bc\u00ed, kter\u00e9 je t\u0159eba zv\u00e1\u017eit p\u0159ed pou\u017eit\u00edm Adderall 30 MG.<\/p>\n<p>V\u00fdzkumn\u00edci doporu\u010dili jednotlivc\u016fm, aby jej nepo\u017eili, pokud u\u017eili inhibitory MAO, jako je linezolid, injekce methylenov\u00e9 mod\u0159i, isokarboxazid nebo rasagilin v p\u0159edchoz\u00edch 14 dnech, proto\u017ee by to mohlo m\u00edt za n\u00e1sledek z\u00e1va\u017enou farmakologickou interakci, kter\u00e1 je jist\u011b nezdrav\u00e1.<\/p>\n<p>Krom\u011b toho by se m\u011bl \u010dlov\u011bk alergick\u00fd na stimula\u010dn\u00ed l\u00e9ky vyvarovat, nebo pokud se ji\u017e vyrovn\u00e1v\u00e1 s n\u00e1sleduj\u00edc\u00ed:<\/p>\n<p>Jak\u00e9koli v\u00e1\u017en\u00e9 onemocn\u011bn\u00ed koron\u00e1rn\u00edch tepen nebo srdce<br \/>\nHypertenze (norm\u00e1ln\u00ed a\u017e vysok\u00e1)<br \/>\n\u00dazkost a stres na nejvy\u0161\u0161\u00ed \u00farovni<br \/>\nZ\u00e1vislost na drog\u00e1ch nebo alkoholu<br \/>\nCo kdy\u017e je n\u011bkdo z\u00e1visl\u00fd na Adderall XR?<\/p>\n<p>Z\u00e1vislost na takov\u00e9 l\u00e1tce se m\u016f\u017ee projevovat dv\u011bma zp\u016fsoby: psychicky a fyzicky.<\/p>\n<p>Pokud ji \u010dlov\u011bk bere denn\u011b a zako\u0159en\u00ed se mu v \u017eivot\u011b, vyp\u011bstuje si psychickou z\u00e1vislost resp. z\u00e1vislost na n\u011bm. Nav\u00edc omezen\u00ed p\u0159\u00edstupu k n\u011bmu z jak\u00e9hokoli d\u016fvodu by mohlo b\u00fdt znepokojiv\u00e9 a du\u0161evn\u011b z\u00e1visl\u00ed jedinci by m\u011bli pravideln\u00fd stres nebo bolesti hlavy.<\/p>\n<p>U ment\u00e1ln\u011b z\u00e1visl\u00fdch jedinc\u016f spot\u0159eba \u010dasto eskaluje na nebezpe\u010dnou \u00farove\u0148 a jsou nuceni k pokra\u010dovat v pit\u00ed, i kdy\u017e riskuj\u00ed sv\u016fj \u017eivot. V tomto p\u0159\u00edpad\u011b je v\u0161ak k dispozici l\u00e9k. Tento vzorec chov\u00e1n\u00ed lze zm\u011bnit pomoc\u00ed psychiatrick\u00e9 l\u00e9\u010dby. Podle odborn\u00edk\u016f m\u016f\u017ee b\u00fdt prosp\u011b\u0161n\u00e1 terapie zvan\u00e1 kognitivn\u011b behavior\u00e1ln\u00ed terapie.<\/p>\n<p>Zadruh\u00e9, kdy\u017e je \u010dlov\u011bk zvykl\u00fd m\u00edt v mozku k dispozici vy\u0161\u0161\u00ed hladinu dopaminu, sn\u00ed\u017een\u00ed Adderall XR m\u016f\u017ee v\u00e9st ke sn\u00ed\u017een\u00ed dopaminu \u00farovn\u011b, co\u017e m\u00e1 za n\u00e1sledek n\u00e1sleduj\u00edc\u00ed:<\/p>\n<p>&nbsp;<\/p>\n<p>Deprese nebo vy\u010derp\u00e1n\u00ed<br \/>\nNep\u0159irozen\u00fd sp\u00e1nek nebo bd\u011bn\u00ed po neobvykle dlouhou dobu<\/p>\n<p>Je je nutn\u00e9 zde zd\u016fraznit, \u017ee fyzick\u00e1 z\u00e1vislost m\u016f\u017ee vyvolat nutk\u00e1n\u00ed konzumovat v\u00edce l\u00e1tky za \u00fa\u010delem udr\u017een\u00ed spokojenosti, co\u017e m\u016f\u017ee m\u00edt za n\u00e1sledek \u0159adu nep\u0159\u00edzniv\u00fdch \u00fa\u010dink\u016f a p\u0159ed\u00e1vkov\u00e1n\u00ed.<\/p>\n<p>Po\u017e\u00edvejte je v\u0161ak pouze pod veden\u00edm odborn\u00edka nebo s nejv\u011bt\u0161\u00ed opatrnost\u00ed m\u016f\u017ee chr\u00e1nit lidi p\u0159ed negativn\u00edmi d\u016fsledky.<\/p>\n","protected":false},"excerpt":{"rendered":"<p>Nakupte Adderall 30 mg ve Spojen\u00e9m kr\u00e1lovstv\u00ed a Evrop\u011b v na\u0161\u00ed online l\u00e9k\u00e1rn\u011b Medicinas Inc s rychl\u00fdm mezin\u00e1rodn\u00edm doru\u010den\u00edm! Zde najdete nejlep\u0161\u00ed Adderall 30 mg k zakoupen\u00ed!<\/p>\n<p>Kupte Adderall 30 mg online. Kupte si Adderall 30 mg online od jednoho z nejv\u011bt\u0161\u00edch online obchodn\u00edk\u016f za nejlep\u0161\u00ed cenu. Adderall je tak\u00e9 zn\u00e1m\u00fd jako amfetamin a dextroamfetamin a pou\u017e\u00edv\u00e1 se k l\u00e9\u010db\u011b poruchy pozornosti s hyperaktivitou (ADHD) (porucha pozornosti s hyperaktivitou).<\/p>\n<p>Adderall 30 MG je l\u00e9k na p\u0159edpis, kter\u00fd se vyr\u00e1b\u00ed sm\u00edch\u00e1n\u00edm a dextroamfetaminu. Tyto dv\u011b slo\u017eky p\u016fsob\u00ed jako hlavn\u00ed stimulanty nervov\u00e9ho syst\u00e9mu. Tyto stimulanty maj\u00ed nav\u00edc vliv na chemick\u00e9 l\u00e1tky a neurony v mozku, kter\u00e9 reguluj\u00ed impulsy a hyperaktivitu.<\/p>\n","protected":false},"featured_media":5138,"comment_status":"open","ping_status":"closed","template":"","meta":[],"product_brand":[],"product_cat":[1117],"product_tag":[1118,1120,1124,1119,1123,1121,1122],"class_list":{"0":"post-5122","1":"product","2":"type-product","3":"status-publish","4":"has-post-thumbnail","6":"product_cat-koupit-prasky-na-spani-bolest","7":"product_tag-adderall-30-mg-na-prodej","8":"product_tag-jak-nakoupit-adderall-30-mg-online","9":"product_tag-kde-k-koupit-adderall-30-mg-online","10":"product_tag-buy-adderall-30-mg-online","11":"product_tag-nejlep-msto-na-koupit-adderall-30-mg-online","12":"product_tag-order-adderall-30-mg-online","13":"product_tag-purchase-adderall-30-mg-online","15":"first","16":"instock","17":"shipping-taxable","18":"purchasable","19":"product-type-variable","20":"has-default-attributes"},"yoast_head":"<!-- This site is optimized with the Yoast SEO plugin v27.3 - https:\/\/yoast.com\/product\/yoast-seo-wordpress\/ -->\n<title>Koupit Adderall 30 mg - Adderall 30 mg - Nejlep\u0161\u00ed glob\u00e1ln\u00ed l\u00e9ky<\/title>\n<meta name=\"description\" content=\"Koupit pilulky Adderall 30 mg online. Koupit Adderall online 30 mg od jednoho z nejlep\u0161\u00edch prodejc\u016f online za nejlep\u0161\u00ed cenu. Adderall je tak\u00e9 zn\u00e1m\u00fd jako amfetamin a dextroamfetamin pou\u017e\u00edvan\u00fd k l\u00e9\u010db\u011b ADHD (porucha pozornosti s hyperaktivitou).\" \/>\n<meta name=\"robots\" content=\"index, follow, max-snippet:-1, max-image-preview:large, max-video-preview:-1\" \/>\n<link rel=\"canonical\" href=\"https:\/\/medicinasinc.com\/cs\/product\/buy-adderall-30-mg\/\" \/>\n<meta property=\"og:locale\" content=\"en_US\" \/>\n<meta property=\"og:type\" content=\"article\" \/>\n<meta property=\"og:title\" content=\"Koupit Adderall 30 mg - Adderall 30 mg - Nejlep\u0161\u00ed glob\u00e1ln\u00ed l\u00e9ky\" \/>\n<meta property=\"og:description\" content=\"Koupit pilulky Adderall 30 mg online. Koupit Adderall online 30 mg od jednoho z nejlep\u0161\u00edch prodejc\u016f online za nejlep\u0161\u00ed cenu. Adderall je tak\u00e9 zn\u00e1m\u00fd jako amfetamin a dextroamfetamin pou\u017e\u00edvan\u00fd k l\u00e9\u010db\u011b ADHD (porucha pozornosti s hyperaktivitou).\" \/>\n<meta property=\"og:url\" content=\"https:\/\/medicinasinc.com\/cs\/product\/buy-adderall-30-mg\/\" \/>\n<meta property=\"og:site_name\" content=\"Medicinas Inc\" \/>\n<meta property=\"article:modified_time\" content=\"2022-08-03T11:40:32+00:00\" \/>\n<meta property=\"og:image\" content=\"https:\/\/medicinasinc.com\/cs\/wp-content\/uploads\/sites\/2\/2022\/02\/Buy-Adderall-30-MG.jpg\" \/>\n\t<meta property=\"og:image:width\" content=\"392\" \/>\n\t<meta property=\"og:image:height\" content=\"300\" \/>\n\t<meta property=\"og:image:type\" content=\"image\/jpeg\" \/>\n<meta name=\"twitter:card\" content=\"summary_large_image\" \/>\n<meta name=\"twitter:label1\" content=\"Est. reading time\" \/>\n\t<meta name=\"twitter:data1\" content=\"4 minutes\" \/>\n<script type=\"application\/ld+json\" class=\"yoast-schema-graph\">{\"@context\":\"https:\\\/\\\/schema.org\",\"@graph\":[{\"@type\":\"WebPage\",\"@id\":\"https:\\\/\\\/medicinasinc.com\\\/cs\\\/product\\\/buy-adderall-30-mg\\\/\",\"url\":\"https:\\\/\\\/medicinasinc.com\\\/cs\\\/product\\\/buy-adderall-30-mg\\\/\",\"name\":\"Koupit Adderall 30 mg - Adderall 30 mg - Nejlep\u0161\u00ed glob\u00e1ln\u00ed l\u00e9ky\",\"isPartOf\":{\"@id\":\"https:\\\/\\\/medicinasinc.com\\\/cs\\\/#website\"},\"primaryImageOfPage\":{\"@id\":\"https:\\\/\\\/medicinasinc.com\\\/cs\\\/product\\\/buy-adderall-30-mg\\\/#primaryimage\"},\"image\":{\"@id\":\"https:\\\/\\\/medicinasinc.com\\\/cs\\\/product\\\/buy-adderall-30-mg\\\/#primaryimage\"},\"thumbnailUrl\":\"https:\\\/\\\/medicinasinc.com\\\/cs\\\/wp-content\\\/uploads\\\/sites\\\/2\\\/2022\\\/02\\\/Buy-Adderall-30-MG.jpg\",\"datePublished\":\"2022-02-20T20:38:15+00:00\",\"dateModified\":\"2022-08-03T11:40:32+00:00\",\"description\":\"Koupit pilulky Adderall 30 mg online. Koupit Adderall online 30 mg od jednoho z nejlep\u0161\u00edch prodejc\u016f online za nejlep\u0161\u00ed cenu. Adderall je tak\u00e9 zn\u00e1m\u00fd jako amfetamin a dextroamfetamin pou\u017e\u00edvan\u00fd k l\u00e9\u010db\u011b ADHD (porucha pozornosti s hyperaktivitou).\",\"breadcrumb\":{\"@id\":\"https:\\\/\\\/medicinasinc.com\\\/cs\\\/product\\\/buy-adderall-30-mg\\\/#breadcrumb\"},\"inLanguage\":\"en-US\",\"potentialAction\":[{\"@type\":\"ReadAction\",\"target\":[\"https:\\\/\\\/medicinasinc.com\\\/cs\\\/product\\\/buy-adderall-30-mg\\\/\"]}]},{\"@type\":\"ImageObject\",\"inLanguage\":\"en-US\",\"@id\":\"https:\\\/\\\/medicinasinc.com\\\/cs\\\/product\\\/buy-adderall-30-mg\\\/#primaryimage\",\"url\":\"https:\\\/\\\/medicinasinc.com\\\/cs\\\/wp-content\\\/uploads\\\/sites\\\/2\\\/2022\\\/02\\\/Buy-Adderall-30-MG.jpg\",\"contentUrl\":\"https:\\\/\\\/medicinasinc.com\\\/cs\\\/wp-content\\\/uploads\\\/sites\\\/2\\\/2022\\\/02\\\/Buy-Adderall-30-MG.jpg\",\"width\":392,\"height\":300},{\"@type\":\"BreadcrumbList\",\"@id\":\"https:\\\/\\\/medicinasinc.com\\\/cs\\\/product\\\/buy-adderall-30-mg\\\/#breadcrumb\",\"itemListElement\":[{\"@type\":\"ListItem\",\"position\":1,\"name\":\"Obchod\",\"item\":\"https:\\\/\\\/medicinasinc.com\\\/cs\\\/obchod\\\/\"},{\"@type\":\"ListItem\",\"position\":2,\"name\":\"Koupit Adderall 30 mg\"}]},{\"@type\":\"WebSite\",\"@id\":\"https:\\\/\\\/medicinasinc.com\\\/cs\\\/#website\",\"url\":\"https:\\\/\\\/medicinasinc.com\\\/cs\\\/\",\"name\":\"Medicinas Inc\",\"description\":\"Health Medical Clinic\",\"potentialAction\":[{\"@type\":\"SearchAction\",\"target\":{\"@type\":\"EntryPoint\",\"urlTemplate\":\"https:\\\/\\\/medicinasinc.com\\\/cs\\\/?s={search_term_string}\"},\"query-input\":{\"@type\":\"PropertyValueSpecification\",\"valueRequired\":true,\"valueName\":\"search_term_string\"}}],\"inLanguage\":\"en-US\"}]}<\/script>\n<!-- \/ Yoast SEO plugin. -->","yoast_head_json":{"title":"Koupit Adderall 30 mg - Adderall 30 mg - Nejlep\u0161\u00ed glob\u00e1ln\u00ed l\u00e9ky","description":"Koupit pilulky Adderall 30 mg online. Koupit Adderall online 30 mg od jednoho z nejlep\u0161\u00edch prodejc\u016f online za nejlep\u0161\u00ed cenu. Adderall je tak\u00e9 zn\u00e1m\u00fd jako amfetamin a dextroamfetamin pou\u017e\u00edvan\u00fd k l\u00e9\u010db\u011b ADHD (porucha pozornosti s hyperaktivitou).","robots":{"index":"index","follow":"follow","max-snippet":"max-snippet:-1","max-image-preview":"max-image-preview:large","max-video-preview":"max-video-preview:-1"},"canonical":"https:\/\/medicinasinc.com\/cs\/product\/buy-adderall-30-mg\/","og_locale":"en_US","og_type":"article","og_title":"Koupit Adderall 30 mg - Adderall 30 mg - Nejlep\u0161\u00ed glob\u00e1ln\u00ed l\u00e9ky","og_description":"Koupit pilulky Adderall 30 mg online. Koupit Adderall online 30 mg od jednoho z nejlep\u0161\u00edch prodejc\u016f online za nejlep\u0161\u00ed cenu. Adderall je tak\u00e9 zn\u00e1m\u00fd jako amfetamin a dextroamfetamin pou\u017e\u00edvan\u00fd k l\u00e9\u010db\u011b ADHD (porucha pozornosti s hyperaktivitou).","og_url":"https:\/\/medicinasinc.com\/cs\/product\/buy-adderall-30-mg\/","og_site_name":"Medicinas Inc","article_modified_time":"2022-08-03T11:40:32+00:00","og_image":[{"width":392,"height":300,"url":"https:\/\/medicinasinc.com\/cs\/wp-content\/uploads\/sites\/2\/2022\/02\/Buy-Adderall-30-MG.jpg","type":"image\/jpeg"}],"twitter_card":"summary_large_image","twitter_misc":{"Est. reading time":"4 minutes"},"schema":{"@context":"https:\/\/schema.org","@graph":[{"@type":"WebPage","@id":"https:\/\/medicinasinc.com\/cs\/product\/buy-adderall-30-mg\/","url":"https:\/\/medicinasinc.com\/cs\/product\/buy-adderall-30-mg\/","name":"Koupit Adderall 30 mg - Adderall 30 mg - Nejlep\u0161\u00ed glob\u00e1ln\u00ed l\u00e9ky","isPartOf":{"@id":"https:\/\/medicinasinc.com\/cs\/#website"},"primaryImageOfPage":{"@id":"https:\/\/medicinasinc.com\/cs\/product\/buy-adderall-30-mg\/#primaryimage"},"image":{"@id":"https:\/\/medicinasinc.com\/cs\/product\/buy-adderall-30-mg\/#primaryimage"},"thumbnailUrl":"https:\/\/medicinasinc.com\/cs\/wp-content\/uploads\/sites\/2\/2022\/02\/Buy-Adderall-30-MG.jpg","datePublished":"2022-02-20T20:38:15+00:00","dateModified":"2022-08-03T11:40:32+00:00","description":"Koupit pilulky Adderall 30 mg online. Koupit Adderall online 30 mg od jednoho z nejlep\u0161\u00edch prodejc\u016f online za nejlep\u0161\u00ed cenu. Adderall je tak\u00e9 zn\u00e1m\u00fd jako amfetamin a dextroamfetamin pou\u017e\u00edvan\u00fd k l\u00e9\u010db\u011b ADHD (porucha pozornosti s hyperaktivitou).","breadcrumb":{"@id":"https:\/\/medicinasinc.com\/cs\/product\/buy-adderall-30-mg\/#breadcrumb"},"inLanguage":"en-US","potentialAction":[{"@type":"ReadAction","target":["https:\/\/medicinasinc.com\/cs\/product\/buy-adderall-30-mg\/"]}]},{"@type":"ImageObject","inLanguage":"en-US","@id":"https:\/\/medicinasinc.com\/cs\/product\/buy-adderall-30-mg\/#primaryimage","url":"https:\/\/medicinasinc.com\/cs\/wp-content\/uploads\/sites\/2\/2022\/02\/Buy-Adderall-30-MG.jpg","contentUrl":"https:\/\/medicinasinc.com\/cs\/wp-content\/uploads\/sites\/2\/2022\/02\/Buy-Adderall-30-MG.jpg","width":392,"height":300},{"@type":"BreadcrumbList","@id":"https:\/\/medicinasinc.com\/cs\/product\/buy-adderall-30-mg\/#breadcrumb","itemListElement":[{"@type":"ListItem","position":1,"name":"Obchod","item":"https:\/\/medicinasinc.com\/cs\/obchod\/"},{"@type":"ListItem","position":2,"name":"Koupit Adderall 30 mg"}]},{"@type":"WebSite","@id":"https:\/\/medicinasinc.com\/cs\/#website","url":"https:\/\/medicinasinc.com\/cs\/","name":"Medicinas Inc","description":"Health Medical Clinic","potentialAction":[{"@type":"SearchAction","target":{"@type":"EntryPoint","urlTemplate":"https:\/\/medicinasinc.com\/cs\/?s={search_term_string}"},"query-input":{"@type":"PropertyValueSpecification","valueRequired":true,"valueName":"search_term_string"}}],"inLanguage":"en-US"}]}},"_links":{"self":[{"href":"https:\/\/medicinasinc.com\/cs\/wp-json\/wp\/v2\/product\/5122","targetHints":{"allow":["GET"]}}],"collection":[{"href":"https:\/\/medicinasinc.com\/cs\/wp-json\/wp\/v2\/product"}],"about":[{"href":"https:\/\/medicinasinc.com\/cs\/wp-json\/wp\/v2\/types\/product"}],"replies":[{"embeddable":true,"href":"https:\/\/medicinasinc.com\/cs\/wp-json\/wp\/v2\/comments?post=5122"}],"wp:featuredmedia":[{"embeddable":true,"href":"https:\/\/medicinasinc.com\/cs\/wp-json\/wp\/v2\/media\/5138"}],"wp:attachment":[{"href":"https:\/\/medicinasinc.com\/cs\/wp-json\/wp\/v2\/media?parent=5122"}],"wp:term":[{"taxonomy":"product_brand","embeddable":true,"href":"https:\/\/medicinasinc.com\/cs\/wp-json\/wp\/v2\/product_brand?post=5122"},{"taxonomy":"product_cat","embeddable":true,"href":"https:\/\/medicinasinc.com\/cs\/wp-json\/wp\/v2\/product_cat?post=5122"},{"taxonomy":"product_tag","embeddable":true,"href":"https:\/\/medicinasinc.com\/cs\/wp-json\/wp\/v2\/product_tag?post=5122"}],"curies":[{"name":"wp","href":"https:\/\/api.w.org\/{rel}","templated":true}]}}