{"id":5096,"date":"2022-02-20T20:15:06","date_gmt":"2022-02-20T20:15:06","guid":{"rendered":"https:\/\/medicinasinc.com\/cs\/?post_type=product&#038;p=5096"},"modified":"2022-03-14T12:30:05","modified_gmt":"2022-03-14T12:30:05","slug":"grapefruit-plevel-kmen","status":"publish","type":"product","link":"https:\/\/medicinasinc.com\/cs\/product\/grapefruit-plevel-kmen\/","title":{"rendered":"Grapefruitov\u00fd kmen"},"content":{"rendered":"<p><strong>Online n\u00e1kup vysoce kvalitn\u00ed grapefruitov\u00e9 marihuany<\/strong><\/p>\n<p>Grapfruit je t\u00e9m\u011b\u0159 \u010dist\u00fd kmen sativy. Vznikla k\u0159\u00ed\u017een\u00edm Cinderella 99 s nezn\u00e1mou sativou chutnaj\u00edc\u00ed po grapefruitu. Toto nen\u00ed rekrea\u010dn\u00ed odr\u016fda marihuany; nab\u00edz\u00ed tak\u00e9 nep\u0159ebern\u00e9 mno\u017estv\u00ed l\u00e9ka\u0159sk\u00fdch charakteristik. Po n\u011bkolika \u0161luc\u00edch se budete c\u00edtit m\u00e9n\u011b vystresovan\u00ed, depresivn\u00ed a m\u00e9n\u011b bolestiv\u00ed.<\/p>\n<p><strong>Sativa<\/strong>\u00a0\u2013 100 %<\/p>\n<p><strong>THC<\/strong>: 17\u201320 %<\/p>\n<h3><strong>D\u016fle\u017eit\u00e9 informace o doprav\u011b<\/strong><\/h3>\n<ul>\n<li><strong>Doprava ZDARMA pro objedn\u00e1vky v hodnot\u011b 175 USD nebo v\u00edce<\/strong><\/li>\n<li>Nach\u00e1z\u00edme se na z\u00e1padn\u00edm pob\u0159e\u017e\u00ed Kanady<\/li>\n<li><strong>Doru\u010den\u00ed objedn\u00e1vek bude trvat p\u0159ibli\u017en\u011b 3 pracovn\u00ed dny<\/strong>\u00a0pot\u00e9, co Canada Post obdr\u017e\u00ed bal\u00ed\u010dek *za p\u0159edpokladu, \u017ee z Kanady \u017e\u00e1dn\u00e1 zpo\u017ed\u011bn\u00ed Po\u0161ta*<\/li>\n<li>Bal\u00ed\u010dky budou odesl\u00e1ny na z\u00e1klad\u011b \u010dasu,\u00a0<strong>kdy je platba p\u0159ijata<\/strong>\u00a0NE v okam\u017eiku zad\u00e1n\u00ed objedn\u00e1vky.<\/li>\n<li>Objedn\u00e1vky s platbou p\u0159ijat\u00e9 mezi 12:00 PST \u2013 12:00 PST (od p\u016flnoci do poledne) bude odesl\u00e1no ve stejn\u00fd den.<\/li>\n<li>Objedn\u00e1vky s platbou p\u0159ijat\u00e9 po 12:00 PST (v poledne) budou odesl\u00e1ny n\u00e1sleduj\u00edc\u00ed den.<\/li>\n<\/ul>\n<div class=\" product-next-previous\">\n<div class=\"product-prev\"><\/div><\/div>\n","protected":false},"excerpt":{"rendered":"<div class=\"woocommerce-product-details__short-description\">\n<p>Grapfruit je vysoce \u00fa\u010dinn\u00fd kmen marihuany sativa vytvo\u0159en\u00fd k\u0159\u00ed\u017een\u00edm Cinderella 99 s grapefruitem. Grapefruit m\u00e1 revitaliza\u010dn\u00ed vlastnosti a navozuje pocity veselosti. Tento kmen m\u00e1 tropick\u00fd chu\u0165ov\u00fd profil a v\u016fni citrus\u016f.<\/p>\n<p>Koupit Grapefruit Marihuana Strain je vysoce \u00fa\u010dinn\u00fd kmen marihuany sativa vytvo\u0159en\u00fd k\u0159\u00ed\u017een\u00edm Cinderella 99 s grapefruitem. Grapefruit Marihuana Kmen na prodej online<\/p>\n<p>Grapfruit Marihuana nejvy\u0161\u0161\u00ed kvality dostupn\u00e9 online.<\/p>\n<p>Grapfruit Cannabis je kmen sativa. 70 % dominantn\u00ed hybridn\u00ed Sativa \/ 30 % Indica THC: 20 %\u201325 %, CBN: 1 %<\/p>\n<\/p><\/div>\n","protected":false},"featured_media":5115,"comment_status":"open","ping_status":"closed","template":"","meta":[],"product_brand":[],"product_cat":[778],"product_tag":[1060,1061,1066,1067,1068,1069,1074,1075,1076,1077,1082,1083,1084,1085,1092,1093,1094,1095,1100,1101,1102,1103,1108,1109,1110,1111,1114,1116,1078,1086,1062,1063,1065,1073,1064,1072,1071,1079,1080,1070,1081,1104,1106,1096,1088,1090,1091,1105,1099,1107,1089,1112,1113,1097,1098,1087,1115],"class_list":{"0":"post-5096","1":"product","2":"type-product","3":"status-publish","4":"has-post-thumbnail","6":"product_cat-trava-na-prodej","7":"product_tag-buy-grapefruit-strain-online-in-australia","8":"product_tag-buy-grapefruit-strain-online-in-austria","9":"product_tag-buy-grapefruit-strain-online-in-croatia","10":"product_tag-buy-grapefruit-strain-online-in-denmark","11":"product_tag-buy-grapefruit-strain-online-in-england","12":"product_tag-buy-grapefruit-strain-online-in-finland","13":"product_tag-buy-grapefruit-strain-online-in-italy","14":"product_tag-buy-grapefruit-strain-online-in-japan","15":"product_tag-buy-grapefruit-strain-online-in-malta","16":"product_tag-buy-grapefruit-strain-online-in-mexico","17":"product_tag-buy-grapefruit-strain-online-in-spain","18":"product_tag-buy-grapefruit-strain-online-in-switzerland","19":"product_tag-buy-grapefruit-strain-online-in-turkey","20":"product_tag-buy-grapefruit-strain-online-in-usa","21":"product_tag-buy-weed-online-in-canada","22":"product_tag-buy-weed-online-in-china","23":"product_tag-buy-weed-online-in-croatia","24":"product_tag-buy-weed-online-in-denmark","25":"product_tag-buy-weed-online-in-hungary","26":"product_tag-buy-weed-online-in-ireland","27":"product_tag-buy-weed-online-in-italy","28":"product_tag-buy-weed-online-in-japan","29":"product_tag-buy-weed-online-in-russia","30":"product_tag-buy-weed-online-in-scotland","31":"product_tag-buy-weed-online-in-spain","32":"product_tag-buy-weed-online-in-switzerland","33":"product_tag-buy-weed-online-online-in-uk","34":"product_tag-grapefruit-plevel-na-prodej-online","35":"product_tag-koupit-grapefruitov-kmen-online-na-novm-zlandu","36":"product_tag-koupit-grapefruitov-kmen-online-online-in-uk","37":"product_tag-koupit-grapefruitov-kmen-online-v-blorusku","38":"product_tag-koupit-grapefruit-kmen-online-v-bulharsku","39":"product_tag-koupit-grapefruitov-kmen-online-v-n","40":"product_tag-koupit-grapefruit-kmen-online-v-irsku","41":"product_tag-koupit-grapefruitov-kmen-online-v-kanad","42":"product_tag-koupit-grapefruitov-kmen-online-v-maarsku","43":"product_tag-koupit-grapefruitov-kmen-online-v-nmecku","44":"product_tag-koupit-grapefruit-kmen-online-in-pillipines","45":"product_tag-koupit-grapefruitov-kmen-online-v-rusku","46":"product_tag-koupit-grapefruitov-kmen-online-ve-francii","47":"product_tag-koupit-grapefruitov-kmen-online-ve-skotsku","48":"product_tag-koupit-plevel-online-in-malta","49":"product_tag-koupit-plevel-online-na-novem-zelandu","50":"product_tag-buy-weed-online-in-england","51":"product_tag-koupit-plevel-online-v-australii","52":"product_tag-koupit-plevel-online-v-blorusku","53":"product_tag-koupit-plevel-online-v-bulharsku","54":"product_tag-koupit-plevel-online-v-mexiku","55":"product_tag-koupit-plevel-online-v-nmecku","56":"product_tag-buy-weed-online-in-plipines","57":"product_tag-koupit-plevel-online-v-rakousku","58":"product_tag-koupit-plevel-online-v-turecku","59":"product_tag-koupit-plevel-online-v-usa","60":"product_tag-koupit-plevel-online-ve-finsku","61":"product_tag-koupit-plevel-online-ve-francii","62":"product_tag-koupit-grapefruit-plevel-kmen-online","63":"product_tag-levn-grapefruit-marihuana-na-prodej-online","65":"first","66":"instock","67":"shipping-taxable","68":"purchasable","69":"product-type-variable","70":"has-default-attributes"},"yoast_head":"<!-- This site is optimized with the Yoast SEO plugin v27.3 - https:\/\/yoast.com\/product\/yoast-seo-wordpress\/ -->\n<title>Kupte si kmen Grapefruit Weed \u2013 nejlep\u0161\u00ed nejlep\u0161\u00ed glob\u00e1ln\u00ed l\u00e9ky<\/title>\n<meta name=\"description\" content=\"Buy Grapefruit Weed Strain je siln\u00fd kmen sativa marihuany vyroben\u00fd k\u0159\u00ed\u017een\u00edm Cinderella 99. Koupit Grapefruit Marihuana Strain online\" \/>\n<meta name=\"robots\" content=\"index, follow, max-snippet:-1, max-image-preview:large, max-video-preview:-1\" \/>\n<link rel=\"canonical\" href=\"https:\/\/medicinasinc.com\/cs\/product\/grapefruit-plevel-kmen\/\" \/>\n<meta property=\"og:locale\" content=\"en_US\" \/>\n<meta property=\"og:type\" content=\"article\" \/>\n<meta property=\"og:title\" content=\"Kupte si kmen Grapefruit Weed \u2013 nejlep\u0161\u00ed nejlep\u0161\u00ed glob\u00e1ln\u00ed l\u00e9ky\" \/>\n<meta property=\"og:description\" content=\"Buy Grapefruit Weed Strain je siln\u00fd kmen sativa marihuany vyroben\u00fd k\u0159\u00ed\u017een\u00edm Cinderella 99. Koupit Grapefruit Marihuana Strain online\" \/>\n<meta property=\"og:url\" content=\"https:\/\/medicinasinc.com\/cs\/product\/grapefruit-plevel-kmen\/\" \/>\n<meta property=\"og:site_name\" content=\"Medicinas Inc\" \/>\n<meta property=\"article:modified_time\" content=\"2022-03-14T12:30:05+00:00\" \/>\n<meta property=\"og:image\" content=\"https:\/\/medicinasinc.com\/cs\/wp-content\/uploads\/sites\/2\/2022\/02\/Buy-Grapefruit-Weed-Strain.jpg\" \/>\n\t<meta property=\"og:image:width\" content=\"600\" \/>\n\t<meta property=\"og:image:height\" content=\"600\" \/>\n\t<meta property=\"og:image:type\" content=\"image\/jpeg\" \/>\n<meta name=\"twitter:card\" content=\"summary_large_image\" \/>\n<meta name=\"twitter:label1\" content=\"Est. reading time\" \/>\n\t<meta name=\"twitter:data1\" content=\"1 minute\" \/>\n<script type=\"application\/ld+json\" class=\"yoast-schema-graph\">{\"@context\":\"https:\\\/\\\/schema.org\",\"@graph\":[{\"@type\":\"WebPage\",\"@id\":\"https:\\\/\\\/medicinasinc.com\\\/cs\\\/product\\\/grapefruit-plevel-kmen\\\/\",\"url\":\"https:\\\/\\\/medicinasinc.com\\\/cs\\\/product\\\/grapefruit-plevel-kmen\\\/\",\"name\":\"Kupte si kmen Grapefruit Weed \u2013 nejlep\u0161\u00ed nejlep\u0161\u00ed glob\u00e1ln\u00ed l\u00e9ky\",\"isPartOf\":{\"@id\":\"https:\\\/\\\/medicinasinc.com\\\/cs\\\/#website\"},\"primaryImageOfPage\":{\"@id\":\"https:\\\/\\\/medicinasinc.com\\\/cs\\\/product\\\/grapefruit-plevel-kmen\\\/#primaryimage\"},\"image\":{\"@id\":\"https:\\\/\\\/medicinasinc.com\\\/cs\\\/product\\\/grapefruit-plevel-kmen\\\/#primaryimage\"},\"thumbnailUrl\":\"https:\\\/\\\/medicinasinc.com\\\/cs\\\/wp-content\\\/uploads\\\/sites\\\/2\\\/2022\\\/02\\\/Buy-Grapefruit-Weed-Strain.jpg\",\"datePublished\":\"2022-02-20T20:15:06+00:00\",\"dateModified\":\"2022-03-14T12:30:05+00:00\",\"description\":\"Buy Grapefruit Weed Strain je siln\u00fd kmen sativa marihuany vyroben\u00fd k\u0159\u00ed\u017een\u00edm Cinderella 99. Koupit Grapefruit Marihuana Strain online\",\"breadcrumb\":{\"@id\":\"https:\\\/\\\/medicinasinc.com\\\/cs\\\/product\\\/grapefruit-plevel-kmen\\\/#breadcrumb\"},\"inLanguage\":\"en-US\",\"potentialAction\":[{\"@type\":\"ReadAction\",\"target\":[\"https:\\\/\\\/medicinasinc.com\\\/cs\\\/product\\\/grapefruit-plevel-kmen\\\/\"]}]},{\"@type\":\"ImageObject\",\"inLanguage\":\"en-US\",\"@id\":\"https:\\\/\\\/medicinasinc.com\\\/cs\\\/product\\\/grapefruit-plevel-kmen\\\/#primaryimage\",\"url\":\"https:\\\/\\\/medicinasinc.com\\\/cs\\\/wp-content\\\/uploads\\\/sites\\\/2\\\/2022\\\/02\\\/Buy-Grapefruit-Weed-Strain.jpg\",\"contentUrl\":\"https:\\\/\\\/medicinasinc.com\\\/cs\\\/wp-content\\\/uploads\\\/sites\\\/2\\\/2022\\\/02\\\/Buy-Grapefruit-Weed-Strain.jpg\",\"width\":600,\"height\":600},{\"@type\":\"BreadcrumbList\",\"@id\":\"https:\\\/\\\/medicinasinc.com\\\/cs\\\/product\\\/grapefruit-plevel-kmen\\\/#breadcrumb\",\"itemListElement\":[{\"@type\":\"ListItem\",\"position\":1,\"name\":\"Obchod\",\"item\":\"https:\\\/\\\/medicinasinc.com\\\/cs\\\/obchod\\\/\"},{\"@type\":\"ListItem\",\"position\":2,\"name\":\"Grapefruitov\u00fd kmen\"}]},{\"@type\":\"WebSite\",\"@id\":\"https:\\\/\\\/medicinasinc.com\\\/cs\\\/#website\",\"url\":\"https:\\\/\\\/medicinasinc.com\\\/cs\\\/\",\"name\":\"Medicinas Inc\",\"description\":\"Health Medical Clinic\",\"potentialAction\":[{\"@type\":\"SearchAction\",\"target\":{\"@type\":\"EntryPoint\",\"urlTemplate\":\"https:\\\/\\\/medicinasinc.com\\\/cs\\\/?s={search_term_string}\"},\"query-input\":{\"@type\":\"PropertyValueSpecification\",\"valueRequired\":true,\"valueName\":\"search_term_string\"}}],\"inLanguage\":\"en-US\"}]}<\/script>\n<!-- \/ Yoast SEO plugin. -->","yoast_head_json":{"title":"Kupte si kmen Grapefruit Weed \u2013 nejlep\u0161\u00ed nejlep\u0161\u00ed glob\u00e1ln\u00ed l\u00e9ky","description":"Buy Grapefruit Weed Strain je siln\u00fd kmen sativa marihuany vyroben\u00fd k\u0159\u00ed\u017een\u00edm Cinderella 99. Koupit Grapefruit Marihuana Strain online","robots":{"index":"index","follow":"follow","max-snippet":"max-snippet:-1","max-image-preview":"max-image-preview:large","max-video-preview":"max-video-preview:-1"},"canonical":"https:\/\/medicinasinc.com\/cs\/product\/grapefruit-plevel-kmen\/","og_locale":"en_US","og_type":"article","og_title":"Kupte si kmen Grapefruit Weed \u2013 nejlep\u0161\u00ed nejlep\u0161\u00ed glob\u00e1ln\u00ed l\u00e9ky","og_description":"Buy Grapefruit Weed Strain je siln\u00fd kmen sativa marihuany vyroben\u00fd k\u0159\u00ed\u017een\u00edm Cinderella 99. Koupit Grapefruit Marihuana Strain online","og_url":"https:\/\/medicinasinc.com\/cs\/product\/grapefruit-plevel-kmen\/","og_site_name":"Medicinas Inc","article_modified_time":"2022-03-14T12:30:05+00:00","og_image":[{"width":600,"height":600,"url":"https:\/\/medicinasinc.com\/cs\/wp-content\/uploads\/sites\/2\/2022\/02\/Buy-Grapefruit-Weed-Strain.jpg","type":"image\/jpeg"}],"twitter_card":"summary_large_image","twitter_misc":{"Est. reading time":"1 minute"},"schema":{"@context":"https:\/\/schema.org","@graph":[{"@type":"WebPage","@id":"https:\/\/medicinasinc.com\/cs\/product\/grapefruit-plevel-kmen\/","url":"https:\/\/medicinasinc.com\/cs\/product\/grapefruit-plevel-kmen\/","name":"Kupte si kmen Grapefruit Weed \u2013 nejlep\u0161\u00ed nejlep\u0161\u00ed glob\u00e1ln\u00ed l\u00e9ky","isPartOf":{"@id":"https:\/\/medicinasinc.com\/cs\/#website"},"primaryImageOfPage":{"@id":"https:\/\/medicinasinc.com\/cs\/product\/grapefruit-plevel-kmen\/#primaryimage"},"image":{"@id":"https:\/\/medicinasinc.com\/cs\/product\/grapefruit-plevel-kmen\/#primaryimage"},"thumbnailUrl":"https:\/\/medicinasinc.com\/cs\/wp-content\/uploads\/sites\/2\/2022\/02\/Buy-Grapefruit-Weed-Strain.jpg","datePublished":"2022-02-20T20:15:06+00:00","dateModified":"2022-03-14T12:30:05+00:00","description":"Buy Grapefruit Weed Strain je siln\u00fd kmen sativa marihuany vyroben\u00fd k\u0159\u00ed\u017een\u00edm Cinderella 99. Koupit Grapefruit Marihuana Strain online","breadcrumb":{"@id":"https:\/\/medicinasinc.com\/cs\/product\/grapefruit-plevel-kmen\/#breadcrumb"},"inLanguage":"en-US","potentialAction":[{"@type":"ReadAction","target":["https:\/\/medicinasinc.com\/cs\/product\/grapefruit-plevel-kmen\/"]}]},{"@type":"ImageObject","inLanguage":"en-US","@id":"https:\/\/medicinasinc.com\/cs\/product\/grapefruit-plevel-kmen\/#primaryimage","url":"https:\/\/medicinasinc.com\/cs\/wp-content\/uploads\/sites\/2\/2022\/02\/Buy-Grapefruit-Weed-Strain.jpg","contentUrl":"https:\/\/medicinasinc.com\/cs\/wp-content\/uploads\/sites\/2\/2022\/02\/Buy-Grapefruit-Weed-Strain.jpg","width":600,"height":600},{"@type":"BreadcrumbList","@id":"https:\/\/medicinasinc.com\/cs\/product\/grapefruit-plevel-kmen\/#breadcrumb","itemListElement":[{"@type":"ListItem","position":1,"name":"Obchod","item":"https:\/\/medicinasinc.com\/cs\/obchod\/"},{"@type":"ListItem","position":2,"name":"Grapefruitov\u00fd kmen"}]},{"@type":"WebSite","@id":"https:\/\/medicinasinc.com\/cs\/#website","url":"https:\/\/medicinasinc.com\/cs\/","name":"Medicinas Inc","description":"Health Medical Clinic","potentialAction":[{"@type":"SearchAction","target":{"@type":"EntryPoint","urlTemplate":"https:\/\/medicinasinc.com\/cs\/?s={search_term_string}"},"query-input":{"@type":"PropertyValueSpecification","valueRequired":true,"valueName":"search_term_string"}}],"inLanguage":"en-US"}]}},"_links":{"self":[{"href":"https:\/\/medicinasinc.com\/cs\/wp-json\/wp\/v2\/product\/5096","targetHints":{"allow":["GET"]}}],"collection":[{"href":"https:\/\/medicinasinc.com\/cs\/wp-json\/wp\/v2\/product"}],"about":[{"href":"https:\/\/medicinasinc.com\/cs\/wp-json\/wp\/v2\/types\/product"}],"replies":[{"embeddable":true,"href":"https:\/\/medicinasinc.com\/cs\/wp-json\/wp\/v2\/comments?post=5096"}],"wp:featuredmedia":[{"embeddable":true,"href":"https:\/\/medicinasinc.com\/cs\/wp-json\/wp\/v2\/media\/5115"}],"wp:attachment":[{"href":"https:\/\/medicinasinc.com\/cs\/wp-json\/wp\/v2\/media?parent=5096"}],"wp:term":[{"taxonomy":"product_brand","embeddable":true,"href":"https:\/\/medicinasinc.com\/cs\/wp-json\/wp\/v2\/product_brand?post=5096"},{"taxonomy":"product_cat","embeddable":true,"href":"https:\/\/medicinasinc.com\/cs\/wp-json\/wp\/v2\/product_cat?post=5096"},{"taxonomy":"product_tag","embeddable":true,"href":"https:\/\/medicinasinc.com\/cs\/wp-json\/wp\/v2\/product_tag?post=5096"}],"curies":[{"name":"wp","href":"https:\/\/api.w.org\/{rel}","templated":true}]}}