{"id":5095,"date":"2022-02-20T20:14:14","date_gmt":"2022-02-20T20:14:14","guid":{"rendered":"https:\/\/medicinasinc.com\/cs\/?post_type=product&#038;p=5095"},"modified":"2022-03-14T12:30:15","modified_gmt":"2022-03-14T12:30:15","slug":"tunak-kush","status":"publish","type":"product","link":"https:\/\/medicinasinc.com\/cs\/product\/tunak-kush\/","title":{"rendered":"Tuna Kush"},"content":{"rendered":"<p><strong>Velikost poupat: st\u0159edn\u00ed<\/strong><br \/> <strong>Textura: lehce lepkav\u00e1 \/ lehce lepkav\u00e1<br \/> P\u0159\u00edchut\u011b: zemit\u00e1 \/ d\u0159evit\u00e1 \/ \u0161tiplav\u00e1<\/strong><\/p>\n<div class=\"product-next-previous\">\n<div class=\"product-prev\">Tuna Kush je fenom\u00e9n Britsk\u00e9 Kolumbie, kter\u00fd se vrac\u00ed na trhy s l\u00e9\u010debn\u00fdm konop\u00edm v Severn\u00ed Americe. Toto plemeno bylo nazv\u00e1no jedn\u00edm z nej\u00fa\u010dinn\u011bj\u0161\u00edch na trhu, generuje kompaktn\u00ed, tlust\u00e9 nugety, kter\u00e9 jsou hust\u011b pota\u017eeny prysky\u0159ic\u00ed. Zat\u00edmco Tuna Kush nen\u00ed zn\u00e1m\u00fd pro vysok\u00e9 v\u00fdnosy, to, co se objev\u00ed z t\u011bchto ten\u010d\u00edch stonk\u016f, bude siln\u00e9 a chutn\u00e9. Jak ji\u017e bylo \u0159e\u010deno, pokud se tento kmen dostane do va\u0161eho r\u016fstu, mo\u017en\u00e1 budete cht\u00edt vylep\u0161it sv\u00e9 uhl\u00edkov\u00e9 filtry, proto\u017ee tento pupen smrd\u00ed! O\u010dek\u00e1vejte kombinaci \u0161tiplav\u00e9ho skunku, paliva a jemn\u00e9 sladkosti.<\/div><\/div>\n","protected":false},"excerpt":{"rendered":"<p>Kupte si Tuna Kush je jedn\u00edm z nej\u00fa\u010dinn\u011bj\u0161\u00edch kmen\u016f konop\u00ed indica dostupn\u00fdch k prodeji. Jeden toke navod\u00ed hlubok\u00fd pocit vzru\u0161en\u00ed a relaxace.<\/p>\n<p>Bluefin Tuna Kush je hybridn\u00ed kmen s dominantn\u00edm Indikou, kter\u00fd kombinuje to nejlep\u0161\u00ed z Blueberry a BC zn\u00e1m\u00e9ho Tuna Kush.<\/p>\n","protected":false},"featured_media":5113,"comment_status":"open","ping_status":"closed","template":"","meta":[],"product_brand":[],"product_cat":[778],"product_tag":[],"class_list":{"0":"post-5095","1":"product","2":"type-product","3":"status-publish","4":"has-post-thumbnail","6":"product_cat-trava-na-prodej","8":"first","9":"instock","10":"shipping-taxable","11":"purchasable","12":"product-type-variable","13":"has-default-attributes"},"yoast_head":"<!-- This site is optimized with the Yoast SEO plugin v27.3 - https:\/\/yoast.com\/product\/yoast-seo-wordpress\/ -->\n<title>Koupit Tuna Kush - Tuna Kush - Nejlep\u0161\u00ed glob\u00e1ln\u00ed l\u00e9ky<\/title>\n<meta name=\"description\" content=\"Kupte si tr\u00e1vu Tuna Kush na prodej je jedn\u00edm z nej\u00fa\u010dinn\u011bj\u0161\u00edch dostupn\u00fdch kmen\u016f konop\u00ed indica. Jeden toke v\u00e1s uvede do hlubok\u00e9ho stavu euforie a relaxace.\" \/>\n<meta name=\"robots\" content=\"index, follow, max-snippet:-1, max-image-preview:large, max-video-preview:-1\" \/>\n<link rel=\"canonical\" href=\"https:\/\/medicinasinc.com\/cs\/product\/tunak-kush\/\" \/>\n<meta property=\"og:locale\" content=\"en_US\" \/>\n<meta property=\"og:type\" content=\"article\" \/>\n<meta property=\"og:title\" content=\"Koupit Tuna Kush - Tuna Kush - Nejlep\u0161\u00ed glob\u00e1ln\u00ed l\u00e9ky\" \/>\n<meta property=\"og:description\" content=\"Kupte si tr\u00e1vu Tuna Kush na prodej je jedn\u00edm z nej\u00fa\u010dinn\u011bj\u0161\u00edch dostupn\u00fdch kmen\u016f konop\u00ed indica. Jeden toke v\u00e1s uvede do hlubok\u00e9ho stavu euforie a relaxace.\" \/>\n<meta property=\"og:url\" content=\"https:\/\/medicinasinc.com\/cs\/product\/tunak-kush\/\" \/>\n<meta property=\"og:site_name\" content=\"Medicinas Inc\" \/>\n<meta property=\"article:modified_time\" content=\"2022-03-14T12:30:15+00:00\" \/>\n<meta property=\"og:image\" content=\"https:\/\/medicinasinc.com\/cs\/wp-content\/uploads\/sites\/2\/2022\/02\/Buy-Tuna-Kush.jpg\" \/>\n\t<meta property=\"og:image:width\" content=\"1024\" \/>\n\t<meta property=\"og:image:height\" content=\"768\" \/>\n\t<meta property=\"og:image:type\" content=\"image\/jpeg\" \/>\n<meta name=\"twitter:card\" content=\"summary_large_image\" \/>\n<meta name=\"twitter:label1\" content=\"Est. reading time\" \/>\n\t<meta name=\"twitter:data1\" content=\"1 minute\" \/>\n<script type=\"application\/ld+json\" class=\"yoast-schema-graph\">{\"@context\":\"https:\\\/\\\/schema.org\",\"@graph\":[{\"@type\":\"WebPage\",\"@id\":\"https:\\\/\\\/medicinasinc.com\\\/cs\\\/product\\\/tunak-kush\\\/\",\"url\":\"https:\\\/\\\/medicinasinc.com\\\/cs\\\/product\\\/tunak-kush\\\/\",\"name\":\"Koupit Tuna Kush - Tuna Kush - Nejlep\u0161\u00ed glob\u00e1ln\u00ed l\u00e9ky\",\"isPartOf\":{\"@id\":\"https:\\\/\\\/medicinasinc.com\\\/cs\\\/#website\"},\"primaryImageOfPage\":{\"@id\":\"https:\\\/\\\/medicinasinc.com\\\/cs\\\/product\\\/tunak-kush\\\/#primaryimage\"},\"image\":{\"@id\":\"https:\\\/\\\/medicinasinc.com\\\/cs\\\/product\\\/tunak-kush\\\/#primaryimage\"},\"thumbnailUrl\":\"https:\\\/\\\/medicinasinc.com\\\/cs\\\/wp-content\\\/uploads\\\/sites\\\/2\\\/2022\\\/02\\\/Buy-Tuna-Kush.jpg\",\"datePublished\":\"2022-02-20T20:14:14+00:00\",\"dateModified\":\"2022-03-14T12:30:15+00:00\",\"description\":\"Kupte si tr\u00e1vu Tuna Kush na prodej je jedn\u00edm z nej\u00fa\u010dinn\u011bj\u0161\u00edch dostupn\u00fdch kmen\u016f konop\u00ed indica. Jeden toke v\u00e1s uvede do hlubok\u00e9ho stavu euforie a relaxace.\",\"breadcrumb\":{\"@id\":\"https:\\\/\\\/medicinasinc.com\\\/cs\\\/product\\\/tunak-kush\\\/#breadcrumb\"},\"inLanguage\":\"en-US\",\"potentialAction\":[{\"@type\":\"ReadAction\",\"target\":[\"https:\\\/\\\/medicinasinc.com\\\/cs\\\/product\\\/tunak-kush\\\/\"]}]},{\"@type\":\"ImageObject\",\"inLanguage\":\"en-US\",\"@id\":\"https:\\\/\\\/medicinasinc.com\\\/cs\\\/product\\\/tunak-kush\\\/#primaryimage\",\"url\":\"https:\\\/\\\/medicinasinc.com\\\/cs\\\/wp-content\\\/uploads\\\/sites\\\/2\\\/2022\\\/02\\\/Buy-Tuna-Kush.jpg\",\"contentUrl\":\"https:\\\/\\\/medicinasinc.com\\\/cs\\\/wp-content\\\/uploads\\\/sites\\\/2\\\/2022\\\/02\\\/Buy-Tuna-Kush.jpg\",\"width\":1024,\"height\":768},{\"@type\":\"BreadcrumbList\",\"@id\":\"https:\\\/\\\/medicinasinc.com\\\/cs\\\/product\\\/tunak-kush\\\/#breadcrumb\",\"itemListElement\":[{\"@type\":\"ListItem\",\"position\":1,\"name\":\"Obchod\",\"item\":\"https:\\\/\\\/medicinasinc.com\\\/cs\\\/obchod\\\/\"},{\"@type\":\"ListItem\",\"position\":2,\"name\":\"Tuna Kush\"}]},{\"@type\":\"WebSite\",\"@id\":\"https:\\\/\\\/medicinasinc.com\\\/cs\\\/#website\",\"url\":\"https:\\\/\\\/medicinasinc.com\\\/cs\\\/\",\"name\":\"Medicinas Inc\",\"description\":\"Health Medical Clinic\",\"potentialAction\":[{\"@type\":\"SearchAction\",\"target\":{\"@type\":\"EntryPoint\",\"urlTemplate\":\"https:\\\/\\\/medicinasinc.com\\\/cs\\\/?s={search_term_string}\"},\"query-input\":{\"@type\":\"PropertyValueSpecification\",\"valueRequired\":true,\"valueName\":\"search_term_string\"}}],\"inLanguage\":\"en-US\"}]}<\/script>\n<!-- \/ Yoast SEO plugin. -->","yoast_head_json":{"title":"Koupit Tuna Kush - Tuna Kush - Nejlep\u0161\u00ed glob\u00e1ln\u00ed l\u00e9ky","description":"Kupte si tr\u00e1vu Tuna Kush na prodej je jedn\u00edm z nej\u00fa\u010dinn\u011bj\u0161\u00edch dostupn\u00fdch kmen\u016f konop\u00ed indica. Jeden toke v\u00e1s uvede do hlubok\u00e9ho stavu euforie a relaxace.","robots":{"index":"index","follow":"follow","max-snippet":"max-snippet:-1","max-image-preview":"max-image-preview:large","max-video-preview":"max-video-preview:-1"},"canonical":"https:\/\/medicinasinc.com\/cs\/product\/tunak-kush\/","og_locale":"en_US","og_type":"article","og_title":"Koupit Tuna Kush - Tuna Kush - Nejlep\u0161\u00ed glob\u00e1ln\u00ed l\u00e9ky","og_description":"Kupte si tr\u00e1vu Tuna Kush na prodej je jedn\u00edm z nej\u00fa\u010dinn\u011bj\u0161\u00edch dostupn\u00fdch kmen\u016f konop\u00ed indica. Jeden toke v\u00e1s uvede do hlubok\u00e9ho stavu euforie a relaxace.","og_url":"https:\/\/medicinasinc.com\/cs\/product\/tunak-kush\/","og_site_name":"Medicinas Inc","article_modified_time":"2022-03-14T12:30:15+00:00","og_image":[{"width":1024,"height":768,"url":"https:\/\/medicinasinc.com\/cs\/wp-content\/uploads\/sites\/2\/2022\/02\/Buy-Tuna-Kush.jpg","type":"image\/jpeg"}],"twitter_card":"summary_large_image","twitter_misc":{"Est. reading time":"1 minute"},"schema":{"@context":"https:\/\/schema.org","@graph":[{"@type":"WebPage","@id":"https:\/\/medicinasinc.com\/cs\/product\/tunak-kush\/","url":"https:\/\/medicinasinc.com\/cs\/product\/tunak-kush\/","name":"Koupit Tuna Kush - Tuna Kush - Nejlep\u0161\u00ed glob\u00e1ln\u00ed l\u00e9ky","isPartOf":{"@id":"https:\/\/medicinasinc.com\/cs\/#website"},"primaryImageOfPage":{"@id":"https:\/\/medicinasinc.com\/cs\/product\/tunak-kush\/#primaryimage"},"image":{"@id":"https:\/\/medicinasinc.com\/cs\/product\/tunak-kush\/#primaryimage"},"thumbnailUrl":"https:\/\/medicinasinc.com\/cs\/wp-content\/uploads\/sites\/2\/2022\/02\/Buy-Tuna-Kush.jpg","datePublished":"2022-02-20T20:14:14+00:00","dateModified":"2022-03-14T12:30:15+00:00","description":"Kupte si tr\u00e1vu Tuna Kush na prodej je jedn\u00edm z nej\u00fa\u010dinn\u011bj\u0161\u00edch dostupn\u00fdch kmen\u016f konop\u00ed indica. Jeden toke v\u00e1s uvede do hlubok\u00e9ho stavu euforie a relaxace.","breadcrumb":{"@id":"https:\/\/medicinasinc.com\/cs\/product\/tunak-kush\/#breadcrumb"},"inLanguage":"en-US","potentialAction":[{"@type":"ReadAction","target":["https:\/\/medicinasinc.com\/cs\/product\/tunak-kush\/"]}]},{"@type":"ImageObject","inLanguage":"en-US","@id":"https:\/\/medicinasinc.com\/cs\/product\/tunak-kush\/#primaryimage","url":"https:\/\/medicinasinc.com\/cs\/wp-content\/uploads\/sites\/2\/2022\/02\/Buy-Tuna-Kush.jpg","contentUrl":"https:\/\/medicinasinc.com\/cs\/wp-content\/uploads\/sites\/2\/2022\/02\/Buy-Tuna-Kush.jpg","width":1024,"height":768},{"@type":"BreadcrumbList","@id":"https:\/\/medicinasinc.com\/cs\/product\/tunak-kush\/#breadcrumb","itemListElement":[{"@type":"ListItem","position":1,"name":"Obchod","item":"https:\/\/medicinasinc.com\/cs\/obchod\/"},{"@type":"ListItem","position":2,"name":"Tuna Kush"}]},{"@type":"WebSite","@id":"https:\/\/medicinasinc.com\/cs\/#website","url":"https:\/\/medicinasinc.com\/cs\/","name":"Medicinas Inc","description":"Health Medical Clinic","potentialAction":[{"@type":"SearchAction","target":{"@type":"EntryPoint","urlTemplate":"https:\/\/medicinasinc.com\/cs\/?s={search_term_string}"},"query-input":{"@type":"PropertyValueSpecification","valueRequired":true,"valueName":"search_term_string"}}],"inLanguage":"en-US"}]}},"_links":{"self":[{"href":"https:\/\/medicinasinc.com\/cs\/wp-json\/wp\/v2\/product\/5095","targetHints":{"allow":["GET"]}}],"collection":[{"href":"https:\/\/medicinasinc.com\/cs\/wp-json\/wp\/v2\/product"}],"about":[{"href":"https:\/\/medicinasinc.com\/cs\/wp-json\/wp\/v2\/types\/product"}],"replies":[{"embeddable":true,"href":"https:\/\/medicinasinc.com\/cs\/wp-json\/wp\/v2\/comments?post=5095"}],"wp:featuredmedia":[{"embeddable":true,"href":"https:\/\/medicinasinc.com\/cs\/wp-json\/wp\/v2\/media\/5113"}],"wp:attachment":[{"href":"https:\/\/medicinasinc.com\/cs\/wp-json\/wp\/v2\/media?parent=5095"}],"wp:term":[{"taxonomy":"product_brand","embeddable":true,"href":"https:\/\/medicinasinc.com\/cs\/wp-json\/wp\/v2\/product_brand?post=5095"},{"taxonomy":"product_cat","embeddable":true,"href":"https:\/\/medicinasinc.com\/cs\/wp-json\/wp\/v2\/product_cat?post=5095"},{"taxonomy":"product_tag","embeddable":true,"href":"https:\/\/medicinasinc.com\/cs\/wp-json\/wp\/v2\/product_tag?post=5095"}],"curies":[{"name":"wp","href":"https:\/\/api.w.org\/{rel}","templated":true}]}}