{"id":5094,"date":"2022-02-20T20:12:57","date_gmt":"2022-02-20T20:12:57","guid":{"rendered":"https:\/\/medicinasinc.com\/cs\/?post_type=product&#038;p=5094"},"modified":"2022-03-14T12:30:29","modified_gmt":"2022-03-14T12:30:29","slug":"koupit-ruzovy-kush","status":"publish","type":"product","link":"https:\/\/medicinasinc.com\/cs\/product\/koupit-ruzovy-kush\/","title":{"rendered":"Kupte si Pink Kush"},"content":{"rendered":"<p><strong>N\u00e1kup Pink Kush online<\/strong><\/p>\n<p>Pink Kush, stejn\u011b jako jeho sourozenec OG Kush, je velmi vyhled\u00e1van\u00fdm hybridem s dominanc\u00ed indica se siln\u00fdmi \u00fa\u010dinky zam\u011b\u0159en\u00fdmi na t\u011blo. R\u016f\u017eov\u00e9 chloupky vyr\u016fstaj\u00ed z jasn\u011b zelen\u00fdch pupen\u016f, kter\u00e9 jsou sotva viditeln\u00e9 pod vrstvou trichom\u016f podobn\u00fdch cukru a dod\u00e1vaj\u00ed sladkou v\u016fni vanilky a cukrov\u00ed. P\u0159edpokl\u00e1d\u00e1 se, \u017ee \u00fa\u010dinnost tohoto kmene je ohromuj\u00edc\u00ed a bylo zji\u0161t\u011bno, \u017ee i mal\u00e9 d\u00e1vky zm\u00edr\u0148uj\u00ed bolest, nespavost a ztr\u00e1tu chuti k j\u00eddlu. Rozkv\u011bt Pink Kush trv\u00e1 10 a\u017e 11 t\u00fddn\u016f, ale d\u00edky enormn\u00edm v\u00fdnos\u016fm pupen\u016f na nejvy\u0161\u0161\u00ed polici se \u010dek\u00e1n\u00ed vyplat\u00ed.<\/p>\n<div class=\"product-next-previous\">\n<div class=\"product-prev\"><\/div><\/div>\n","protected":false},"excerpt":{"rendered":"<p>Nakupte si konop\u00ed Pink Kush a dal\u0161\u00ed AAA+ kmeny plevele v obl\u00edben\u00e9m evropsk\u00e9m online l\u00e9k\u00e1rn\u011b. Objednejte je\u0161t\u011b dnes a vyu\u017eijte bezplatn\u00e9 doru\u010den\u00ed u v\u0161ech objedn\u00e1vek nad 150 $!<\/p>\n<p>Pink Kush, stejn\u011b jako jeho sourozenec OG Kush, je velmi vyhled\u00e1van\u00fdm hybridem s dominanc\u00ed indica se siln\u00fdmi \u00fa\u010dinky zam\u011b\u0159en\u00fdmi na t\u011blo.<\/p>\n<div>\n<p class=\"percentage\"><span class=\"heading\">THC:\u00a0<\/span>25\u00a0%<\/p>\n<\/p><\/div>\n<div class=\"panel-heading\">m\u016f\u017ee ulevit <i class=\"fa fa-info-circle\" title=\"Z\u0159eknut\u00ed se odpov\u011bdnosti: V\u0161echny informace o kmenech konop\u00ed zobrazen\u00e9 na t\u00e9to webov\u00e9 str\u00e1nce jsou zalo\u017eeny na u\u017eivatelsk\u00fdch recenz\u00edch. Zobrazen\u00e1 data o kmenech by m\u011bla b\u00fdt pova\u017eov\u00e1na za informativn\u00ed n\u00e1stroj, nikoli jako l\u00e9ka\u0159sk\u00e1 doporu\u010den\u00ed. Konzultujte pros\u00edm sv\u00e9ho l\u00e9ka\u0159e p\u0159ed u\u017eit\u00edm konop\u00ed pro l\u00e9\u010debn\u00e9 \u00fa\u010dely.\" data-toggle=\"tooltip\" data-placement=\"right\"><\/i><\/div>\n<div class=\"panel-body well tags-list\">Ztr\u00e1ta chuti k j\u00eddlu,\u00a0Chronick\u00e1 bolest,\u00a0Deprese,\u00a0Insomnie,\u00a0Nevolnost<\/div>\n<ul>\n<li>AAAAA p\u0159edstavuje to nejlep\u0161\u00ed z nejlep\u0161\u00edch!<\/li>\n<li>Kontaktujte n\u00e1s ohledn\u011b velkoobchodn\u00edch objedn\u00e1vek<\/li>\n<li>Celosv\u011btov\u00e1 doprava.<\/li>\n<\/ul>\n","protected":false},"featured_media":5111,"comment_status":"open","ping_status":"closed","template":"","meta":[],"product_brand":[],"product_cat":[778],"product_tag":[1049,634,1052,1053,1050,1051,1054,1055,1056,1057,1058,1059],"class_list":{"0":"post-5094","1":"product","2":"type-product","3":"status-publish","4":"has-post-thumbnail","6":"product_cat-trava-na-prodej","7":"product_tag-buy-cannabis-online-uk","8":"product_tag-buy-marijuana-online-uk","9":"product_tag-hybridn-pleveln-kmeny","10":"product_tag-marihuana-kmeny-online","11":"product_tag-buy-medical-marihuana-online-uk","12":"product_tag-koupit-nembutal","13":"product_tag-online-marijuana-sales","14":"product_tag-online-lebn-prodej-marihuany","15":"product_tag-oxycontin-80-mg","16":"product_tag-bolest-tablety-na-prodej","17":"product_tag-rekrean-marihuana-vdejna","18":"product_tag-trva-na-prodej-v-italii","20":"first","21":"instock","22":"shipping-taxable","23":"purchasable","24":"product-type-variable","25":"has-default-attributes"},"yoast_head":"<!-- This site is optimized with the Yoast SEO plugin v27.3 - https:\/\/yoast.com\/product\/yoast-seo-wordpress\/ -->\n<title>Koupit Pink Kush online \u2013 nejlep\u0161\u00ed nejlep\u0161\u00ed glob\u00e1ln\u00ed l\u00e9ky<\/title>\n<meta name=\"description\" content=\"Kupte si kmen plevele Pink Kush a dal\u0161\u00ed plevel AAA+ z obl\u00edben\u00e9 evropsk\u00e9 online l\u00e9k\u00e1rny. Objednejte je\u0161t\u011b dnes a vyu\u017eijte dopravu zdarma na v\u0161echny objedn\u00e1vky nad 150 $!\" \/>\n<meta name=\"robots\" content=\"index, follow, max-snippet:-1, max-image-preview:large, max-video-preview:-1\" \/>\n<link rel=\"canonical\" href=\"https:\/\/medicinasinc.com\/cs\/product\/koupit-ruzovy-kush\/\" \/>\n<meta property=\"og:locale\" content=\"en_US\" \/>\n<meta property=\"og:type\" content=\"article\" \/>\n<meta property=\"og:title\" content=\"Koupit Pink Kush online \u2013 nejlep\u0161\u00ed nejlep\u0161\u00ed glob\u00e1ln\u00ed l\u00e9ky\" \/>\n<meta property=\"og:description\" content=\"Kupte si kmen plevele Pink Kush a dal\u0161\u00ed plevel AAA+ z obl\u00edben\u00e9 evropsk\u00e9 online l\u00e9k\u00e1rny. Objednejte je\u0161t\u011b dnes a vyu\u017eijte dopravu zdarma na v\u0161echny objedn\u00e1vky nad 150 $!\" \/>\n<meta property=\"og:url\" content=\"https:\/\/medicinasinc.com\/cs\/product\/koupit-ruzovy-kush\/\" \/>\n<meta property=\"og:site_name\" content=\"Medicinas Inc\" \/>\n<meta property=\"article:modified_time\" content=\"2022-03-14T12:30:29+00:00\" \/>\n<meta property=\"og:image\" content=\"https:\/\/medicinasinc.com\/cs\/wp-content\/uploads\/sites\/2\/2022\/02\/Buy-Pink-Kush.jpg\" \/>\n\t<meta property=\"og:image:width\" content=\"450\" \/>\n\t<meta property=\"og:image:height\" content=\"450\" \/>\n\t<meta property=\"og:image:type\" content=\"image\/jpeg\" \/>\n<meta name=\"twitter:card\" content=\"summary_large_image\" \/>\n<meta name=\"twitter:label1\" content=\"Est. reading time\" \/>\n\t<meta name=\"twitter:data1\" content=\"1 minute\" \/>\n<script type=\"application\/ld+json\" class=\"yoast-schema-graph\">{\"@context\":\"https:\\\/\\\/schema.org\",\"@graph\":[{\"@type\":\"WebPage\",\"@id\":\"https:\\\/\\\/medicinasinc.com\\\/cs\\\/product\\\/koupit-ruzovy-kush\\\/\",\"url\":\"https:\\\/\\\/medicinasinc.com\\\/cs\\\/product\\\/koupit-ruzovy-kush\\\/\",\"name\":\"Koupit Pink Kush online \u2013 nejlep\u0161\u00ed nejlep\u0161\u00ed glob\u00e1ln\u00ed l\u00e9ky\",\"isPartOf\":{\"@id\":\"https:\\\/\\\/medicinasinc.com\\\/cs\\\/#website\"},\"primaryImageOfPage\":{\"@id\":\"https:\\\/\\\/medicinasinc.com\\\/cs\\\/product\\\/koupit-ruzovy-kush\\\/#primaryimage\"},\"image\":{\"@id\":\"https:\\\/\\\/medicinasinc.com\\\/cs\\\/product\\\/koupit-ruzovy-kush\\\/#primaryimage\"},\"thumbnailUrl\":\"https:\\\/\\\/medicinasinc.com\\\/cs\\\/wp-content\\\/uploads\\\/sites\\\/2\\\/2022\\\/02\\\/Buy-Pink-Kush.jpg\",\"datePublished\":\"2022-02-20T20:12:57+00:00\",\"dateModified\":\"2022-03-14T12:30:29+00:00\",\"description\":\"Kupte si kmen plevele Pink Kush a dal\u0161\u00ed plevel AAA+ z obl\u00edben\u00e9 evropsk\u00e9 online l\u00e9k\u00e1rny. Objednejte je\u0161t\u011b dnes a vyu\u017eijte dopravu zdarma na v\u0161echny objedn\u00e1vky nad 150 $!\",\"breadcrumb\":{\"@id\":\"https:\\\/\\\/medicinasinc.com\\\/cs\\\/product\\\/koupit-ruzovy-kush\\\/#breadcrumb\"},\"inLanguage\":\"en-US\",\"potentialAction\":[{\"@type\":\"ReadAction\",\"target\":[\"https:\\\/\\\/medicinasinc.com\\\/cs\\\/product\\\/koupit-ruzovy-kush\\\/\"]}]},{\"@type\":\"ImageObject\",\"inLanguage\":\"en-US\",\"@id\":\"https:\\\/\\\/medicinasinc.com\\\/cs\\\/product\\\/koupit-ruzovy-kush\\\/#primaryimage\",\"url\":\"https:\\\/\\\/medicinasinc.com\\\/cs\\\/wp-content\\\/uploads\\\/sites\\\/2\\\/2022\\\/02\\\/Buy-Pink-Kush.jpg\",\"contentUrl\":\"https:\\\/\\\/medicinasinc.com\\\/cs\\\/wp-content\\\/uploads\\\/sites\\\/2\\\/2022\\\/02\\\/Buy-Pink-Kush.jpg\",\"width\":450,\"height\":450},{\"@type\":\"BreadcrumbList\",\"@id\":\"https:\\\/\\\/medicinasinc.com\\\/cs\\\/product\\\/koupit-ruzovy-kush\\\/#breadcrumb\",\"itemListElement\":[{\"@type\":\"ListItem\",\"position\":1,\"name\":\"Obchod\",\"item\":\"https:\\\/\\\/medicinasinc.com\\\/cs\\\/obchod\\\/\"},{\"@type\":\"ListItem\",\"position\":2,\"name\":\"Kupte si Pink Kush\"}]},{\"@type\":\"WebSite\",\"@id\":\"https:\\\/\\\/medicinasinc.com\\\/cs\\\/#website\",\"url\":\"https:\\\/\\\/medicinasinc.com\\\/cs\\\/\",\"name\":\"Medicinas Inc\",\"description\":\"Health Medical Clinic\",\"potentialAction\":[{\"@type\":\"SearchAction\",\"target\":{\"@type\":\"EntryPoint\",\"urlTemplate\":\"https:\\\/\\\/medicinasinc.com\\\/cs\\\/?s={search_term_string}\"},\"query-input\":{\"@type\":\"PropertyValueSpecification\",\"valueRequired\":true,\"valueName\":\"search_term_string\"}}],\"inLanguage\":\"en-US\"}]}<\/script>\n<!-- \/ Yoast SEO plugin. -->","yoast_head_json":{"title":"Koupit Pink Kush online \u2013 nejlep\u0161\u00ed nejlep\u0161\u00ed glob\u00e1ln\u00ed l\u00e9ky","description":"Kupte si kmen plevele Pink Kush a dal\u0161\u00ed plevel AAA+ z obl\u00edben\u00e9 evropsk\u00e9 online l\u00e9k\u00e1rny. Objednejte je\u0161t\u011b dnes a vyu\u017eijte dopravu zdarma na v\u0161echny objedn\u00e1vky nad 150 $!","robots":{"index":"index","follow":"follow","max-snippet":"max-snippet:-1","max-image-preview":"max-image-preview:large","max-video-preview":"max-video-preview:-1"},"canonical":"https:\/\/medicinasinc.com\/cs\/product\/koupit-ruzovy-kush\/","og_locale":"en_US","og_type":"article","og_title":"Koupit Pink Kush online \u2013 nejlep\u0161\u00ed nejlep\u0161\u00ed glob\u00e1ln\u00ed l\u00e9ky","og_description":"Kupte si kmen plevele Pink Kush a dal\u0161\u00ed plevel AAA+ z obl\u00edben\u00e9 evropsk\u00e9 online l\u00e9k\u00e1rny. Objednejte je\u0161t\u011b dnes a vyu\u017eijte dopravu zdarma na v\u0161echny objedn\u00e1vky nad 150 $!","og_url":"https:\/\/medicinasinc.com\/cs\/product\/koupit-ruzovy-kush\/","og_site_name":"Medicinas Inc","article_modified_time":"2022-03-14T12:30:29+00:00","og_image":[{"width":450,"height":450,"url":"https:\/\/medicinasinc.com\/cs\/wp-content\/uploads\/sites\/2\/2022\/02\/Buy-Pink-Kush.jpg","type":"image\/jpeg"}],"twitter_card":"summary_large_image","twitter_misc":{"Est. reading time":"1 minute"},"schema":{"@context":"https:\/\/schema.org","@graph":[{"@type":"WebPage","@id":"https:\/\/medicinasinc.com\/cs\/product\/koupit-ruzovy-kush\/","url":"https:\/\/medicinasinc.com\/cs\/product\/koupit-ruzovy-kush\/","name":"Koupit Pink Kush online \u2013 nejlep\u0161\u00ed nejlep\u0161\u00ed glob\u00e1ln\u00ed l\u00e9ky","isPartOf":{"@id":"https:\/\/medicinasinc.com\/cs\/#website"},"primaryImageOfPage":{"@id":"https:\/\/medicinasinc.com\/cs\/product\/koupit-ruzovy-kush\/#primaryimage"},"image":{"@id":"https:\/\/medicinasinc.com\/cs\/product\/koupit-ruzovy-kush\/#primaryimage"},"thumbnailUrl":"https:\/\/medicinasinc.com\/cs\/wp-content\/uploads\/sites\/2\/2022\/02\/Buy-Pink-Kush.jpg","datePublished":"2022-02-20T20:12:57+00:00","dateModified":"2022-03-14T12:30:29+00:00","description":"Kupte si kmen plevele Pink Kush a dal\u0161\u00ed plevel AAA+ z obl\u00edben\u00e9 evropsk\u00e9 online l\u00e9k\u00e1rny. Objednejte je\u0161t\u011b dnes a vyu\u017eijte dopravu zdarma na v\u0161echny objedn\u00e1vky nad 150 $!","breadcrumb":{"@id":"https:\/\/medicinasinc.com\/cs\/product\/koupit-ruzovy-kush\/#breadcrumb"},"inLanguage":"en-US","potentialAction":[{"@type":"ReadAction","target":["https:\/\/medicinasinc.com\/cs\/product\/koupit-ruzovy-kush\/"]}]},{"@type":"ImageObject","inLanguage":"en-US","@id":"https:\/\/medicinasinc.com\/cs\/product\/koupit-ruzovy-kush\/#primaryimage","url":"https:\/\/medicinasinc.com\/cs\/wp-content\/uploads\/sites\/2\/2022\/02\/Buy-Pink-Kush.jpg","contentUrl":"https:\/\/medicinasinc.com\/cs\/wp-content\/uploads\/sites\/2\/2022\/02\/Buy-Pink-Kush.jpg","width":450,"height":450},{"@type":"BreadcrumbList","@id":"https:\/\/medicinasinc.com\/cs\/product\/koupit-ruzovy-kush\/#breadcrumb","itemListElement":[{"@type":"ListItem","position":1,"name":"Obchod","item":"https:\/\/medicinasinc.com\/cs\/obchod\/"},{"@type":"ListItem","position":2,"name":"Kupte si Pink Kush"}]},{"@type":"WebSite","@id":"https:\/\/medicinasinc.com\/cs\/#website","url":"https:\/\/medicinasinc.com\/cs\/","name":"Medicinas Inc","description":"Health Medical Clinic","potentialAction":[{"@type":"SearchAction","target":{"@type":"EntryPoint","urlTemplate":"https:\/\/medicinasinc.com\/cs\/?s={search_term_string}"},"query-input":{"@type":"PropertyValueSpecification","valueRequired":true,"valueName":"search_term_string"}}],"inLanguage":"en-US"}]}},"_links":{"self":[{"href":"https:\/\/medicinasinc.com\/cs\/wp-json\/wp\/v2\/product\/5094","targetHints":{"allow":["GET"]}}],"collection":[{"href":"https:\/\/medicinasinc.com\/cs\/wp-json\/wp\/v2\/product"}],"about":[{"href":"https:\/\/medicinasinc.com\/cs\/wp-json\/wp\/v2\/types\/product"}],"replies":[{"embeddable":true,"href":"https:\/\/medicinasinc.com\/cs\/wp-json\/wp\/v2\/comments?post=5094"}],"wp:featuredmedia":[{"embeddable":true,"href":"https:\/\/medicinasinc.com\/cs\/wp-json\/wp\/v2\/media\/5111"}],"wp:attachment":[{"href":"https:\/\/medicinasinc.com\/cs\/wp-json\/wp\/v2\/media?parent=5094"}],"wp:term":[{"taxonomy":"product_brand","embeddable":true,"href":"https:\/\/medicinasinc.com\/cs\/wp-json\/wp\/v2\/product_brand?post=5094"},{"taxonomy":"product_cat","embeddable":true,"href":"https:\/\/medicinasinc.com\/cs\/wp-json\/wp\/v2\/product_cat?post=5094"},{"taxonomy":"product_tag","embeddable":true,"href":"https:\/\/medicinasinc.com\/cs\/wp-json\/wp\/v2\/product_tag?post=5094"}],"curies":[{"name":"wp","href":"https:\/\/api.w.org\/{rel}","templated":true}]}}