{"id":5093,"date":"2022-02-20T20:12:04","date_gmt":"2022-02-20T20:12:04","guid":{"rendered":"https:\/\/medicinasinc.com\/cs\/?post_type=product&#038;p=5093"},"modified":"2022-03-14T12:30:40","modified_gmt":"2022-03-14T12:30:40","slug":"koupit-tresen-gorila-lepidlo","status":"publish","type":"product","link":"https:\/\/medicinasinc.com\/cs\/product\/koupit-tresen-gorila-lepidlo\/","title":{"rendered":"Kupte si lepidlo Cherry Gorilla Glue"},"content":{"rendered":"<p><strong>Nakupujte online Marihuanu Cherry Gorilla.<\/strong><\/p>\n<p>Marihuanu Cherry Gorilla lze zakoupit online. Kupte si kmen konop\u00ed Cherry Gorilla. Hybrid obsahuj\u00edc\u00ed 50 % Sativa a 50 % Indica THC: 17\u201318 %<\/p>\n<p>\u00da\u010dinky<br \/> T\u011blo povzn\u00e1\u0161ej\u00edc\u00ed, mozkov\u00e9, \u0161\u0165astn\u00e9, uvol\u0148uj\u00edc\u00ed, povzn\u00e1\u0161ej\u00edc\u00ed<br \/> M\u016f\u017ee zm\u00edrnit<br \/> deprese, \u00danava, Nespavost, Nevolnost, Stres<br \/> P\u0159\u00edchut\u011b<br \/> T\u0159e\u0161e\u0148, k\u00e1va, nafta, sladk\u00e9<\/p>\n","protected":false},"excerpt":{"rendered":"<div class=\"woocommerce-product-details__short-description\">\n<p>Nakupte marihuanu aka Cherry Gorilla Glue na \u010dern\u00e9m trhu za nejlep\u0161\u00ed cenu. V\u0161echny na\u0161e produkty jsou vytvo\u0159eny za pou\u017eit\u00ed zcela p\u0159\u00edrodn\u00edch slo\u017eek bez obsahu THC. Objednejte si online je\u0161t\u011b dnes!<\/p>\n<p>Marihuanu Cherry Gorilla lze zakoupit online. 100% zaru\u010den\u00e9 doru\u010den\u00ed a sledov\u00e1n\u00ed, stejn\u011b jako velk\u00fd v\u00fdb\u011br po\u017eivatin, koncentr\u00e1t\u016f, sativ, indic a hybrid\u016f.<\/p>\n<p>T\u0159e\u0161e\u0148 Gorilla, n\u011bkdy ozna\u010dovan\u00e1 jako &amp;#8220 ;Lepidlo Cherry Gorilla,&#8221; je vz\u00e1cn\u00fd, rovnom\u011brn\u011b vyv\u00e1\u017een\u00fd hybridn\u00ed kmen (50 indica\/50 sativa) produkovan\u00fd k\u0159\u00ed\u017een\u00edm.<\/p>\n<\/p><\/div>\n","protected":false},"featured_media":5109,"comment_status":"open","ping_status":"closed","template":"","meta":[],"product_brand":[],"product_cat":[778],"product_tag":[1041,1045,1046,1042,1043,1048,1047,1044],"class_list":{"0":"post-5093","1":"product","2":"type-product","3":"status-publish","4":"has-post-thumbnail","6":"product_cat-trava-na-prodej","7":"product_tag-cherry-glue-strain-leafly","8":"product_tag-tee-gorila-kmen-list","9":"product_tag-cherry-gorilla-strain-reddit","10":"product_tag-cherry-gorilla-f2","11":"product_tag-cherry-gorilla-seeds","12":"product_tag-gorilla-cherry-fruit","13":"product_tag-tee-gorila-kmen-recenze","14":"product_tag-tee-gorila-kmen-efekty","16":"first","17":"instock","18":"shipping-taxable","19":"purchasable","20":"product-type-variable","21":"has-default-attributes"},"yoast_head":"<!-- This site is optimized with the Yoast SEO plugin v27.3 - https:\/\/yoast.com\/product\/yoast-seo-wordpress\/ -->\n<title>Koupit Cherry Gorilla Glue - aka Cherry Gorilla Glue - Best Global Meds<\/title>\n<meta name=\"description\" content=\"Nakupujte aka Cherry Gorilla Glue Marihuana Online za nejlep\u0161\u00ed tr\u017en\u00ed cenu. V\u0161echny na\u0161e produkty jsou vyrobeny z \u010dist\u011b p\u0159\u00edrodn\u00edch surovin bez THC. Objednejte nyn\u00ed online!\" \/>\n<meta name=\"robots\" content=\"index, follow, max-snippet:-1, max-image-preview:large, max-video-preview:-1\" \/>\n<link rel=\"canonical\" href=\"https:\/\/medicinasinc.com\/cs\/product\/koupit-tresen-gorila-lepidlo\/\" \/>\n<meta property=\"og:locale\" content=\"en_US\" \/>\n<meta property=\"og:type\" content=\"article\" \/>\n<meta property=\"og:title\" content=\"Koupit Cherry Gorilla Glue - aka Cherry Gorilla Glue - Best Global Meds\" \/>\n<meta property=\"og:description\" content=\"Nakupujte aka Cherry Gorilla Glue Marihuana Online za nejlep\u0161\u00ed tr\u017en\u00ed cenu. V\u0161echny na\u0161e produkty jsou vyrobeny z \u010dist\u011b p\u0159\u00edrodn\u00edch surovin bez THC. Objednejte nyn\u00ed online!\" \/>\n<meta property=\"og:url\" content=\"https:\/\/medicinasinc.com\/cs\/product\/koupit-tresen-gorila-lepidlo\/\" \/>\n<meta property=\"og:site_name\" content=\"Medicinas Inc\" \/>\n<meta property=\"article:modified_time\" content=\"2022-03-14T12:30:40+00:00\" \/>\n<meta property=\"og:image\" content=\"https:\/\/medicinasinc.com\/cs\/wp-content\/uploads\/sites\/2\/2022\/02\/Buy-Cherry-Gorilla-Marijuana.jpg\" \/>\n\t<meta property=\"og:image:width\" content=\"1080\" \/>\n\t<meta property=\"og:image:height\" content=\"1080\" \/>\n\t<meta property=\"og:image:type\" content=\"image\/jpeg\" \/>\n<meta name=\"twitter:card\" content=\"summary_large_image\" \/>\n<meta name=\"twitter:label1\" content=\"Est. reading time\" \/>\n\t<meta name=\"twitter:data1\" content=\"1 minute\" \/>\n<script type=\"application\/ld+json\" class=\"yoast-schema-graph\">{\"@context\":\"https:\\\/\\\/schema.org\",\"@graph\":[{\"@type\":\"WebPage\",\"@id\":\"https:\\\/\\\/medicinasinc.com\\\/cs\\\/product\\\/koupit-tresen-gorila-lepidlo\\\/\",\"url\":\"https:\\\/\\\/medicinasinc.com\\\/cs\\\/product\\\/koupit-tresen-gorila-lepidlo\\\/\",\"name\":\"Koupit Cherry Gorilla Glue - aka Cherry Gorilla Glue - Best Global Meds\",\"isPartOf\":{\"@id\":\"https:\\\/\\\/medicinasinc.com\\\/cs\\\/#website\"},\"primaryImageOfPage\":{\"@id\":\"https:\\\/\\\/medicinasinc.com\\\/cs\\\/product\\\/koupit-tresen-gorila-lepidlo\\\/#primaryimage\"},\"image\":{\"@id\":\"https:\\\/\\\/medicinasinc.com\\\/cs\\\/product\\\/koupit-tresen-gorila-lepidlo\\\/#primaryimage\"},\"thumbnailUrl\":\"https:\\\/\\\/medicinasinc.com\\\/cs\\\/wp-content\\\/uploads\\\/sites\\\/2\\\/2022\\\/02\\\/Buy-Cherry-Gorilla-Marijuana.jpg\",\"datePublished\":\"2022-02-20T20:12:04+00:00\",\"dateModified\":\"2022-03-14T12:30:40+00:00\",\"description\":\"Nakupujte aka Cherry Gorilla Glue Marihuana Online za nejlep\u0161\u00ed tr\u017en\u00ed cenu. V\u0161echny na\u0161e produkty jsou vyrobeny z \u010dist\u011b p\u0159\u00edrodn\u00edch surovin bez THC. Objednejte nyn\u00ed online!\",\"breadcrumb\":{\"@id\":\"https:\\\/\\\/medicinasinc.com\\\/cs\\\/product\\\/koupit-tresen-gorila-lepidlo\\\/#breadcrumb\"},\"inLanguage\":\"en-US\",\"potentialAction\":[{\"@type\":\"ReadAction\",\"target\":[\"https:\\\/\\\/medicinasinc.com\\\/cs\\\/product\\\/koupit-tresen-gorila-lepidlo\\\/\"]}]},{\"@type\":\"ImageObject\",\"inLanguage\":\"en-US\",\"@id\":\"https:\\\/\\\/medicinasinc.com\\\/cs\\\/product\\\/koupit-tresen-gorila-lepidlo\\\/#primaryimage\",\"url\":\"https:\\\/\\\/medicinasinc.com\\\/cs\\\/wp-content\\\/uploads\\\/sites\\\/2\\\/2022\\\/02\\\/Buy-Cherry-Gorilla-Marijuana.jpg\",\"contentUrl\":\"https:\\\/\\\/medicinasinc.com\\\/cs\\\/wp-content\\\/uploads\\\/sites\\\/2\\\/2022\\\/02\\\/Buy-Cherry-Gorilla-Marijuana.jpg\",\"width\":1080,\"height\":1080},{\"@type\":\"BreadcrumbList\",\"@id\":\"https:\\\/\\\/medicinasinc.com\\\/cs\\\/product\\\/koupit-tresen-gorila-lepidlo\\\/#breadcrumb\",\"itemListElement\":[{\"@type\":\"ListItem\",\"position\":1,\"name\":\"Obchod\",\"item\":\"https:\\\/\\\/medicinasinc.com\\\/cs\\\/obchod\\\/\"},{\"@type\":\"ListItem\",\"position\":2,\"name\":\"Kupte si lepidlo Cherry Gorilla Glue\"}]},{\"@type\":\"WebSite\",\"@id\":\"https:\\\/\\\/medicinasinc.com\\\/cs\\\/#website\",\"url\":\"https:\\\/\\\/medicinasinc.com\\\/cs\\\/\",\"name\":\"Medicinas Inc\",\"description\":\"Health Medical Clinic\",\"potentialAction\":[{\"@type\":\"SearchAction\",\"target\":{\"@type\":\"EntryPoint\",\"urlTemplate\":\"https:\\\/\\\/medicinasinc.com\\\/cs\\\/?s={search_term_string}\"},\"query-input\":{\"@type\":\"PropertyValueSpecification\",\"valueRequired\":true,\"valueName\":\"search_term_string\"}}],\"inLanguage\":\"en-US\"}]}<\/script>\n<!-- \/ Yoast SEO plugin. -->","yoast_head_json":{"title":"Koupit Cherry Gorilla Glue - aka Cherry Gorilla Glue - Best Global Meds","description":"Nakupujte aka Cherry Gorilla Glue Marihuana Online za nejlep\u0161\u00ed tr\u017en\u00ed cenu. V\u0161echny na\u0161e produkty jsou vyrobeny z \u010dist\u011b p\u0159\u00edrodn\u00edch surovin bez THC. Objednejte nyn\u00ed online!","robots":{"index":"index","follow":"follow","max-snippet":"max-snippet:-1","max-image-preview":"max-image-preview:large","max-video-preview":"max-video-preview:-1"},"canonical":"https:\/\/medicinasinc.com\/cs\/product\/koupit-tresen-gorila-lepidlo\/","og_locale":"en_US","og_type":"article","og_title":"Koupit Cherry Gorilla Glue - aka Cherry Gorilla Glue - Best Global Meds","og_description":"Nakupujte aka Cherry Gorilla Glue Marihuana Online za nejlep\u0161\u00ed tr\u017en\u00ed cenu. V\u0161echny na\u0161e produkty jsou vyrobeny z \u010dist\u011b p\u0159\u00edrodn\u00edch surovin bez THC. Objednejte nyn\u00ed online!","og_url":"https:\/\/medicinasinc.com\/cs\/product\/koupit-tresen-gorila-lepidlo\/","og_site_name":"Medicinas Inc","article_modified_time":"2022-03-14T12:30:40+00:00","og_image":[{"width":1080,"height":1080,"url":"https:\/\/medicinasinc.com\/cs\/wp-content\/uploads\/sites\/2\/2022\/02\/Buy-Cherry-Gorilla-Marijuana.jpg","type":"image\/jpeg"}],"twitter_card":"summary_large_image","twitter_misc":{"Est. reading time":"1 minute"},"schema":{"@context":"https:\/\/schema.org","@graph":[{"@type":"WebPage","@id":"https:\/\/medicinasinc.com\/cs\/product\/koupit-tresen-gorila-lepidlo\/","url":"https:\/\/medicinasinc.com\/cs\/product\/koupit-tresen-gorila-lepidlo\/","name":"Koupit Cherry Gorilla Glue - aka Cherry Gorilla Glue - Best Global Meds","isPartOf":{"@id":"https:\/\/medicinasinc.com\/cs\/#website"},"primaryImageOfPage":{"@id":"https:\/\/medicinasinc.com\/cs\/product\/koupit-tresen-gorila-lepidlo\/#primaryimage"},"image":{"@id":"https:\/\/medicinasinc.com\/cs\/product\/koupit-tresen-gorila-lepidlo\/#primaryimage"},"thumbnailUrl":"https:\/\/medicinasinc.com\/cs\/wp-content\/uploads\/sites\/2\/2022\/02\/Buy-Cherry-Gorilla-Marijuana.jpg","datePublished":"2022-02-20T20:12:04+00:00","dateModified":"2022-03-14T12:30:40+00:00","description":"Nakupujte aka Cherry Gorilla Glue Marihuana Online za nejlep\u0161\u00ed tr\u017en\u00ed cenu. V\u0161echny na\u0161e produkty jsou vyrobeny z \u010dist\u011b p\u0159\u00edrodn\u00edch surovin bez THC. Objednejte nyn\u00ed online!","breadcrumb":{"@id":"https:\/\/medicinasinc.com\/cs\/product\/koupit-tresen-gorila-lepidlo\/#breadcrumb"},"inLanguage":"en-US","potentialAction":[{"@type":"ReadAction","target":["https:\/\/medicinasinc.com\/cs\/product\/koupit-tresen-gorila-lepidlo\/"]}]},{"@type":"ImageObject","inLanguage":"en-US","@id":"https:\/\/medicinasinc.com\/cs\/product\/koupit-tresen-gorila-lepidlo\/#primaryimage","url":"https:\/\/medicinasinc.com\/cs\/wp-content\/uploads\/sites\/2\/2022\/02\/Buy-Cherry-Gorilla-Marijuana.jpg","contentUrl":"https:\/\/medicinasinc.com\/cs\/wp-content\/uploads\/sites\/2\/2022\/02\/Buy-Cherry-Gorilla-Marijuana.jpg","width":1080,"height":1080},{"@type":"BreadcrumbList","@id":"https:\/\/medicinasinc.com\/cs\/product\/koupit-tresen-gorila-lepidlo\/#breadcrumb","itemListElement":[{"@type":"ListItem","position":1,"name":"Obchod","item":"https:\/\/medicinasinc.com\/cs\/obchod\/"},{"@type":"ListItem","position":2,"name":"Kupte si lepidlo Cherry Gorilla Glue"}]},{"@type":"WebSite","@id":"https:\/\/medicinasinc.com\/cs\/#website","url":"https:\/\/medicinasinc.com\/cs\/","name":"Medicinas Inc","description":"Health Medical Clinic","potentialAction":[{"@type":"SearchAction","target":{"@type":"EntryPoint","urlTemplate":"https:\/\/medicinasinc.com\/cs\/?s={search_term_string}"},"query-input":{"@type":"PropertyValueSpecification","valueRequired":true,"valueName":"search_term_string"}}],"inLanguage":"en-US"}]}},"_links":{"self":[{"href":"https:\/\/medicinasinc.com\/cs\/wp-json\/wp\/v2\/product\/5093","targetHints":{"allow":["GET"]}}],"collection":[{"href":"https:\/\/medicinasinc.com\/cs\/wp-json\/wp\/v2\/product"}],"about":[{"href":"https:\/\/medicinasinc.com\/cs\/wp-json\/wp\/v2\/types\/product"}],"replies":[{"embeddable":true,"href":"https:\/\/medicinasinc.com\/cs\/wp-json\/wp\/v2\/comments?post=5093"}],"wp:featuredmedia":[{"embeddable":true,"href":"https:\/\/medicinasinc.com\/cs\/wp-json\/wp\/v2\/media\/5109"}],"wp:attachment":[{"href":"https:\/\/medicinasinc.com\/cs\/wp-json\/wp\/v2\/media?parent=5093"}],"wp:term":[{"taxonomy":"product_brand","embeddable":true,"href":"https:\/\/medicinasinc.com\/cs\/wp-json\/wp\/v2\/product_brand?post=5093"},{"taxonomy":"product_cat","embeddable":true,"href":"https:\/\/medicinasinc.com\/cs\/wp-json\/wp\/v2\/product_cat?post=5093"},{"taxonomy":"product_tag","embeddable":true,"href":"https:\/\/medicinasinc.com\/cs\/wp-json\/wp\/v2\/product_tag?post=5093"}],"curies":[{"name":"wp","href":"https:\/\/api.w.org\/{rel}","templated":true}]}}