{"id":5070,"date":"2022-02-20T19:52:54","date_gmt":"2022-02-20T19:52:54","guid":{"rendered":"https:\/\/medicinasinc.com\/cs\/?post_type=product&#038;p=5070"},"modified":"2022-03-14T12:30:50","modified_gmt":"2022-03-14T12:30:50","slug":"koupit-super-kysely-skunk","status":"publish","type":"product","link":"https:\/\/medicinasinc.com\/cs\/product\/koupit-super-kysely-skunk\/","title":{"rendered":"Kupte si Super Sour Skunk"},"content":{"rendered":"<h1 class=\"product_title entry-title\">Nakupte marihuanu Super Sour Skunk online Specifikace pro Super Sour Diesel Autoflower kmen<\/h1>\n<p>Typ: Sativa Dominantn\u00ed<br \/> Genetika Rodi\u010de: Sour Diesel X Super Silver Haze<br \/> Doba kv\u011btu: 9 a\u017e 11 t\u00fddn\u016f<br \/> Podneb\u00ed: Slune\u010dn\u00e9 \/ St\u0159edomo\u0159sk\u00e9<br \/> V\u00fdnos: 315 g\/m2 uvnit\u0159 \/ 370 g\/rostlina venku<br \/> P\u0159\u00edchut\u011b: Ko\u0159en\u011bn\u00e1, kysel\u00e1, nafta, \u0161tiplav\u00e1, zemit\u00e1 <br \/> \u00darove\u0148 THC: 18 %-24 %<br \/> \u00darove\u0148 CBD: 1 %<br \/> V\u00fd\u0161ka: Vysok\u00e1<br \/> Obdob\u00ed sklizn\u011b: Konec \u0159\u00edjna<br \/> Obt\u00ed\u017enost p\u011bstov\u00e1n\u00ed: St\u0159edn\u00ed<\/p>\n<div class=\"product-next-previous\">\n<div class=\"product-prev\"><\/div><\/div>\n","protected":false},"excerpt":{"rendered":"<p>Super Sour Skunk Marihuana na prodej ve Spojen\u00e9m kr\u00e1lovstv\u00ed a Evrop\u011b za nejvy\u0161\u0161\u00ed cenu. Poskytujeme bezpe\u010dn\u00e9 a zabezpe\u010den\u00e9 mezin\u00e1rodn\u00ed z\u00e1silky.<\/p>\n<p>Nakupte Super Sour Skunk ve va\u0161\u00ed oblasti. Zadejte objedn\u00e1vku online. Vyzvednut\u00ed nebo doru\u010den\u00ed ve stejn\u00fd den.<\/p>\n<p>Kupte si v\u00fddejn\u00ed balen\u00ed Novinka Super Sour Skunk Cali Tuna Cin Labels. M\u00e1me 1000 kus\u016f skladem a p\u0159ipraveno k odesl\u00e1n\u00ed. Nav\u00edc jsou k dispozici vlastn\u00ed designy Cali.<\/p>\n<p>.<\/p>\n","protected":false},"featured_media":5089,"comment_status":"open","ping_status":"closed","template":"","meta":[],"product_brand":[],"product_cat":[778],"product_tag":[1035,1034,1036,1037,1038,1033,1039,1040],"class_list":{"0":"post-5070","1":"product","2":"type-product","3":"status-publish","4":"has-post-thumbnail","6":"product_cat-trava-na-prodej","7":"product_tag-kyselo-skunk-a-scete","8":"product_tag-sour-skunk-cbd","9":"product_tag-sour-skunk-strain-allbud","10":"product_tag-sour-skunk-strain-indica-or-sativa","11":"product_tag-kysel-skunk-kmen-listov","12":"product_tag-sour-skunk-auto","13":"product_tag-super-skunk","14":"product_tag-super-sour-skunk-strain","16":"first","17":"instock","18":"shipping-taxable","19":"purchasable","20":"product-type-variable","21":"has-default-attributes"},"yoast_head":"<!-- This site is optimized with the Yoast SEO plugin v27.3 - https:\/\/yoast.com\/product\/yoast-seo-wordpress\/ -->\n<title>Kupte si marihuanu Super Sour Skunk online \u2013 nejlep\u0161\u00ed nejlep\u0161\u00ed glob\u00e1ln\u00ed l\u00e9ky<\/title>\n<meta name=\"description\" content=\"Kupte si Super Sour Skunk Marihuana na prodej ve Velk\u00e9 Brit\u00e1nii, Evrop\u011b online za nejlep\u0161\u00ed cenu. Zaru\u010dujeme bezpe\u010dnou a bezpe\u010dnou p\u0159epravu po cel\u00e9m sv\u011bt\u011b\" \/>\n<meta name=\"robots\" content=\"index, follow, max-snippet:-1, max-image-preview:large, max-video-preview:-1\" \/>\n<link rel=\"canonical\" href=\"https:\/\/medicinasinc.com\/cs\/product\/koupit-super-kysely-skunk\/\" \/>\n<meta property=\"og:locale\" content=\"en_US\" \/>\n<meta property=\"og:type\" content=\"article\" \/>\n<meta property=\"og:title\" content=\"Kupte si marihuanu Super Sour Skunk online \u2013 nejlep\u0161\u00ed nejlep\u0161\u00ed glob\u00e1ln\u00ed l\u00e9ky\" \/>\n<meta property=\"og:description\" content=\"Kupte si Super Sour Skunk Marihuana na prodej ve Velk\u00e9 Brit\u00e1nii, Evrop\u011b online za nejlep\u0161\u00ed cenu. Zaru\u010dujeme bezpe\u010dnou a bezpe\u010dnou p\u0159epravu po cel\u00e9m sv\u011bt\u011b\" \/>\n<meta property=\"og:url\" content=\"https:\/\/medicinasinc.com\/cs\/product\/koupit-super-kysely-skunk\/\" \/>\n<meta property=\"og:site_name\" content=\"Medicinas Inc\" \/>\n<meta property=\"article:modified_time\" content=\"2022-03-14T12:30:50+00:00\" \/>\n<meta property=\"og:image\" content=\"https:\/\/medicinasinc.com\/cs\/wp-content\/uploads\/sites\/2\/2022\/02\/Buy-Super-Sour-Skunk.jpg\" \/>\n\t<meta property=\"og:image:width\" content=\"667\" \/>\n\t<meta property=\"og:image:height\" content=\"1000\" \/>\n\t<meta property=\"og:image:type\" content=\"image\/jpeg\" \/>\n<meta name=\"twitter:card\" content=\"summary_large_image\" \/>\n<meta name=\"twitter:label1\" content=\"Est. reading time\" \/>\n\t<meta name=\"twitter:data1\" content=\"1 minute\" \/>\n<script type=\"application\/ld+json\" class=\"yoast-schema-graph\">{\"@context\":\"https:\\\/\\\/schema.org\",\"@graph\":[{\"@type\":\"WebPage\",\"@id\":\"https:\\\/\\\/medicinasinc.com\\\/cs\\\/product\\\/koupit-super-kysely-skunk\\\/\",\"url\":\"https:\\\/\\\/medicinasinc.com\\\/cs\\\/product\\\/koupit-super-kysely-skunk\\\/\",\"name\":\"Kupte si marihuanu Super Sour Skunk online \u2013 nejlep\u0161\u00ed nejlep\u0161\u00ed glob\u00e1ln\u00ed l\u00e9ky\",\"isPartOf\":{\"@id\":\"https:\\\/\\\/medicinasinc.com\\\/cs\\\/#website\"},\"primaryImageOfPage\":{\"@id\":\"https:\\\/\\\/medicinasinc.com\\\/cs\\\/product\\\/koupit-super-kysely-skunk\\\/#primaryimage\"},\"image\":{\"@id\":\"https:\\\/\\\/medicinasinc.com\\\/cs\\\/product\\\/koupit-super-kysely-skunk\\\/#primaryimage\"},\"thumbnailUrl\":\"https:\\\/\\\/medicinasinc.com\\\/cs\\\/wp-content\\\/uploads\\\/sites\\\/2\\\/2022\\\/02\\\/Buy-Super-Sour-Skunk.jpg\",\"datePublished\":\"2022-02-20T19:52:54+00:00\",\"dateModified\":\"2022-03-14T12:30:50+00:00\",\"description\":\"Kupte si Super Sour Skunk Marihuana na prodej ve Velk\u00e9 Brit\u00e1nii, Evrop\u011b online za nejlep\u0161\u00ed cenu. Zaru\u010dujeme bezpe\u010dnou a bezpe\u010dnou p\u0159epravu po cel\u00e9m sv\u011bt\u011b\",\"breadcrumb\":{\"@id\":\"https:\\\/\\\/medicinasinc.com\\\/cs\\\/product\\\/koupit-super-kysely-skunk\\\/#breadcrumb\"},\"inLanguage\":\"en-US\",\"potentialAction\":[{\"@type\":\"ReadAction\",\"target\":[\"https:\\\/\\\/medicinasinc.com\\\/cs\\\/product\\\/koupit-super-kysely-skunk\\\/\"]}]},{\"@type\":\"ImageObject\",\"inLanguage\":\"en-US\",\"@id\":\"https:\\\/\\\/medicinasinc.com\\\/cs\\\/product\\\/koupit-super-kysely-skunk\\\/#primaryimage\",\"url\":\"https:\\\/\\\/medicinasinc.com\\\/cs\\\/wp-content\\\/uploads\\\/sites\\\/2\\\/2022\\\/02\\\/Buy-Super-Sour-Skunk.jpg\",\"contentUrl\":\"https:\\\/\\\/medicinasinc.com\\\/cs\\\/wp-content\\\/uploads\\\/sites\\\/2\\\/2022\\\/02\\\/Buy-Super-Sour-Skunk.jpg\",\"width\":667,\"height\":1000},{\"@type\":\"BreadcrumbList\",\"@id\":\"https:\\\/\\\/medicinasinc.com\\\/cs\\\/product\\\/koupit-super-kysely-skunk\\\/#breadcrumb\",\"itemListElement\":[{\"@type\":\"ListItem\",\"position\":1,\"name\":\"Obchod\",\"item\":\"https:\\\/\\\/medicinasinc.com\\\/cs\\\/obchod\\\/\"},{\"@type\":\"ListItem\",\"position\":2,\"name\":\"Kupte si Super Sour Skunk\"}]},{\"@type\":\"WebSite\",\"@id\":\"https:\\\/\\\/medicinasinc.com\\\/cs\\\/#website\",\"url\":\"https:\\\/\\\/medicinasinc.com\\\/cs\\\/\",\"name\":\"Medicinas Inc\",\"description\":\"Health Medical Clinic\",\"potentialAction\":[{\"@type\":\"SearchAction\",\"target\":{\"@type\":\"EntryPoint\",\"urlTemplate\":\"https:\\\/\\\/medicinasinc.com\\\/cs\\\/?s={search_term_string}\"},\"query-input\":{\"@type\":\"PropertyValueSpecification\",\"valueRequired\":true,\"valueName\":\"search_term_string\"}}],\"inLanguage\":\"en-US\"}]}<\/script>\n<!-- \/ Yoast SEO plugin. -->","yoast_head_json":{"title":"Kupte si marihuanu Super Sour Skunk online \u2013 nejlep\u0161\u00ed nejlep\u0161\u00ed glob\u00e1ln\u00ed l\u00e9ky","description":"Kupte si Super Sour Skunk Marihuana na prodej ve Velk\u00e9 Brit\u00e1nii, Evrop\u011b online za nejlep\u0161\u00ed cenu. Zaru\u010dujeme bezpe\u010dnou a bezpe\u010dnou p\u0159epravu po cel\u00e9m sv\u011bt\u011b","robots":{"index":"index","follow":"follow","max-snippet":"max-snippet:-1","max-image-preview":"max-image-preview:large","max-video-preview":"max-video-preview:-1"},"canonical":"https:\/\/medicinasinc.com\/cs\/product\/koupit-super-kysely-skunk\/","og_locale":"en_US","og_type":"article","og_title":"Kupte si marihuanu Super Sour Skunk online \u2013 nejlep\u0161\u00ed nejlep\u0161\u00ed glob\u00e1ln\u00ed l\u00e9ky","og_description":"Kupte si Super Sour Skunk Marihuana na prodej ve Velk\u00e9 Brit\u00e1nii, Evrop\u011b online za nejlep\u0161\u00ed cenu. Zaru\u010dujeme bezpe\u010dnou a bezpe\u010dnou p\u0159epravu po cel\u00e9m sv\u011bt\u011b","og_url":"https:\/\/medicinasinc.com\/cs\/product\/koupit-super-kysely-skunk\/","og_site_name":"Medicinas Inc","article_modified_time":"2022-03-14T12:30:50+00:00","og_image":[{"width":667,"height":1000,"url":"https:\/\/medicinasinc.com\/cs\/wp-content\/uploads\/sites\/2\/2022\/02\/Buy-Super-Sour-Skunk.jpg","type":"image\/jpeg"}],"twitter_card":"summary_large_image","twitter_misc":{"Est. reading time":"1 minute"},"schema":{"@context":"https:\/\/schema.org","@graph":[{"@type":"WebPage","@id":"https:\/\/medicinasinc.com\/cs\/product\/koupit-super-kysely-skunk\/","url":"https:\/\/medicinasinc.com\/cs\/product\/koupit-super-kysely-skunk\/","name":"Kupte si marihuanu Super Sour Skunk online \u2013 nejlep\u0161\u00ed nejlep\u0161\u00ed glob\u00e1ln\u00ed l\u00e9ky","isPartOf":{"@id":"https:\/\/medicinasinc.com\/cs\/#website"},"primaryImageOfPage":{"@id":"https:\/\/medicinasinc.com\/cs\/product\/koupit-super-kysely-skunk\/#primaryimage"},"image":{"@id":"https:\/\/medicinasinc.com\/cs\/product\/koupit-super-kysely-skunk\/#primaryimage"},"thumbnailUrl":"https:\/\/medicinasinc.com\/cs\/wp-content\/uploads\/sites\/2\/2022\/02\/Buy-Super-Sour-Skunk.jpg","datePublished":"2022-02-20T19:52:54+00:00","dateModified":"2022-03-14T12:30:50+00:00","description":"Kupte si Super Sour Skunk Marihuana na prodej ve Velk\u00e9 Brit\u00e1nii, Evrop\u011b online za nejlep\u0161\u00ed cenu. Zaru\u010dujeme bezpe\u010dnou a bezpe\u010dnou p\u0159epravu po cel\u00e9m sv\u011bt\u011b","breadcrumb":{"@id":"https:\/\/medicinasinc.com\/cs\/product\/koupit-super-kysely-skunk\/#breadcrumb"},"inLanguage":"en-US","potentialAction":[{"@type":"ReadAction","target":["https:\/\/medicinasinc.com\/cs\/product\/koupit-super-kysely-skunk\/"]}]},{"@type":"ImageObject","inLanguage":"en-US","@id":"https:\/\/medicinasinc.com\/cs\/product\/koupit-super-kysely-skunk\/#primaryimage","url":"https:\/\/medicinasinc.com\/cs\/wp-content\/uploads\/sites\/2\/2022\/02\/Buy-Super-Sour-Skunk.jpg","contentUrl":"https:\/\/medicinasinc.com\/cs\/wp-content\/uploads\/sites\/2\/2022\/02\/Buy-Super-Sour-Skunk.jpg","width":667,"height":1000},{"@type":"BreadcrumbList","@id":"https:\/\/medicinasinc.com\/cs\/product\/koupit-super-kysely-skunk\/#breadcrumb","itemListElement":[{"@type":"ListItem","position":1,"name":"Obchod","item":"https:\/\/medicinasinc.com\/cs\/obchod\/"},{"@type":"ListItem","position":2,"name":"Kupte si Super Sour Skunk"}]},{"@type":"WebSite","@id":"https:\/\/medicinasinc.com\/cs\/#website","url":"https:\/\/medicinasinc.com\/cs\/","name":"Medicinas Inc","description":"Health Medical Clinic","potentialAction":[{"@type":"SearchAction","target":{"@type":"EntryPoint","urlTemplate":"https:\/\/medicinasinc.com\/cs\/?s={search_term_string}"},"query-input":{"@type":"PropertyValueSpecification","valueRequired":true,"valueName":"search_term_string"}}],"inLanguage":"en-US"}]}},"_links":{"self":[{"href":"https:\/\/medicinasinc.com\/cs\/wp-json\/wp\/v2\/product\/5070","targetHints":{"allow":["GET"]}}],"collection":[{"href":"https:\/\/medicinasinc.com\/cs\/wp-json\/wp\/v2\/product"}],"about":[{"href":"https:\/\/medicinasinc.com\/cs\/wp-json\/wp\/v2\/types\/product"}],"replies":[{"embeddable":true,"href":"https:\/\/medicinasinc.com\/cs\/wp-json\/wp\/v2\/comments?post=5070"}],"wp:featuredmedia":[{"embeddable":true,"href":"https:\/\/medicinasinc.com\/cs\/wp-json\/wp\/v2\/media\/5089"}],"wp:attachment":[{"href":"https:\/\/medicinasinc.com\/cs\/wp-json\/wp\/v2\/media?parent=5070"}],"wp:term":[{"taxonomy":"product_brand","embeddable":true,"href":"https:\/\/medicinasinc.com\/cs\/wp-json\/wp\/v2\/product_brand?post=5070"},{"taxonomy":"product_cat","embeddable":true,"href":"https:\/\/medicinasinc.com\/cs\/wp-json\/wp\/v2\/product_cat?post=5070"},{"taxonomy":"product_tag","embeddable":true,"href":"https:\/\/medicinasinc.com\/cs\/wp-json\/wp\/v2\/product_tag?post=5070"}],"curies":[{"name":"wp","href":"https:\/\/api.w.org\/{rel}","templated":true}]}}