{"id":5069,"date":"2022-02-20T19:51:48","date_gmt":"2022-02-20T19:51:48","guid":{"rendered":"https:\/\/medicinasinc.com\/cs\/?post_type=product&#038;p=5069"},"modified":"2022-03-14T12:31:01","modified_gmt":"2022-03-14T12:31:01","slug":"koupit-super-kyselou-naftu","status":"publish","type":"product","link":"https:\/\/medicinasinc.com\/cs\/product\/koupit-super-kyselou-naftu\/","title":{"rendered":"Kupte si Super Sour Diesel"},"content":{"rendered":"<p>Marihuana Super Sour Diesel na prodej online.<\/p>\n<p>Marihuana Super Sour Diesel na prodej online.<\/p>\n<p>Obsah Sativa THC v superkysel\u00e9 naftov\u00e9 marihuan\u011b se pohybuje mezi 18 a 24 procenty.<\/p>\n<p>\u00da\u010dinky<br \/> Mozkov\u00e9, energizuj\u00edc\u00ed, euforie, radost<br \/> mohou ulevit<br \/> ADD\/ADHD, chronick\u00e1 bolest, deprese, o\u010dn\u00ed tlak, \u00fanava, fibromyalgie, ztr\u00e1ta chuti k j\u00eddlu, migr\u00e9ny, Stres<br \/> P\u0159\u00edchut\u011b<br \/> Citrusov\u00e9, naftov\u00e9, ko\u0159enit\u00e9, sladk\u00e9<br \/> aroma<br \/> Naftov\u00e9, bylinn\u00e9, \u0161tiplav\u00e9, kysel\u00e9, ko\u0159enit\u00e9<\/p>\n","protected":false},"excerpt":{"rendered":"<div class=\"woocommerce-product-details__short-description\">\n<p>Super Sour Diesel AAAA je odr\u016fda marihuany vytvo\u0159en\u00e1 k\u0159\u00ed\u017een\u00edm Super Silver Haze s Sour Diesel.<\/p>\n<p>Marihuana Super Sour Diesel k prodeji online. <\/p>\n<p>Nakupujte tr\u00e1vu online. Marihuana na prodej. Kupte si vysoce kvalitn\u00ed l\u00e9ka\u0159skou marihuanu a kmeny konop\u00ed online.<\/p>\n<\/p><\/div>\n","protected":false},"featured_media":5087,"comment_status":"open","ping_status":"closed","template":"","meta":[],"product_brand":[],"product_cat":[778],"product_tag":[1028,1025,1026,1032,1027,1030,1029,1031],"class_list":{"0":"post-5069","1":"product","2":"type-product","3":"status-publish","4":"has-post-thumbnail","6":"product_cat-trava-na-prodej","7":"product_tag-super-kysel-nafta-cena","8":"product_tag-super-sour-diesel-allbud","9":"product_tag-super-kysel-nafta-cbd","10":"product_tag-super-kysel-nafta-vs-kysel-nafta","11":"product_tag-super-kysel-diesel-efekty","12":"product_tag-super-kysel-nafta-kmen","13":"product_tag-superkyselina-c3-a9-c3-a1-nafta-semena","14":"product_tag-super-kysel-diesel-terpeny","16":"first","17":"instock","18":"shipping-taxable","19":"purchasable","20":"product-type-variable","21":"has-default-attributes"},"yoast_head":"<!-- This site is optimized with the Yoast SEO plugin v27.3 - https:\/\/yoast.com\/product\/yoast-seo-wordpress\/ -->\n<title>Kupte si Super Sour Diesel \u2013 nejlep\u0161\u00ed nejlep\u0161\u00ed glob\u00e1ln\u00ed l\u00e9ky<\/title>\n<meta name=\"description\" content=\"Kupte si Super Sour Diesel AAAA na prodej v nejlep\u0161\u00ed l\u00e9ka\u0159sk\u00e9 rekrea\u010dn\u00ed l\u00e9k\u00e1rn\u011b, kmen marihuany vyroben\u00fd k\u0159\u00ed\u017een\u00edm Super Silver Haze s Sour Diesel.\" \/>\n<meta name=\"robots\" content=\"index, follow, max-snippet:-1, max-image-preview:large, max-video-preview:-1\" \/>\n<link rel=\"canonical\" href=\"https:\/\/medicinasinc.com\/cs\/product\/koupit-super-kyselou-naftu\/\" \/>\n<meta property=\"og:locale\" content=\"en_US\" \/>\n<meta property=\"og:type\" content=\"article\" \/>\n<meta property=\"og:title\" content=\"Kupte si Super Sour Diesel \u2013 nejlep\u0161\u00ed nejlep\u0161\u00ed glob\u00e1ln\u00ed l\u00e9ky\" \/>\n<meta property=\"og:description\" content=\"Kupte si Super Sour Diesel AAAA na prodej v nejlep\u0161\u00ed l\u00e9ka\u0159sk\u00e9 rekrea\u010dn\u00ed l\u00e9k\u00e1rn\u011b, kmen marihuany vyroben\u00fd k\u0159\u00ed\u017een\u00edm Super Silver Haze s Sour Diesel.\" \/>\n<meta property=\"og:url\" content=\"https:\/\/medicinasinc.com\/cs\/product\/koupit-super-kyselou-naftu\/\" \/>\n<meta property=\"og:site_name\" content=\"Medicinas Inc\" \/>\n<meta property=\"article:modified_time\" content=\"2022-03-14T12:31:01+00:00\" \/>\n<meta property=\"og:image\" content=\"https:\/\/medicinasinc.com\/cs\/wp-content\/uploads\/sites\/2\/2022\/02\/Buy-Super-Sour-Diesel-scaled-1.jpg\" \/>\n\t<meta property=\"og:image:width\" content=\"1920\" \/>\n\t<meta property=\"og:image:height\" content=\"2560\" \/>\n\t<meta property=\"og:image:type\" content=\"image\/jpeg\" \/>\n<meta name=\"twitter:card\" content=\"summary_large_image\" \/>\n<meta name=\"twitter:label1\" content=\"Est. reading time\" \/>\n\t<meta name=\"twitter:data1\" content=\"1 minute\" \/>\n<script type=\"application\/ld+json\" class=\"yoast-schema-graph\">{\"@context\":\"https:\\\/\\\/schema.org\",\"@graph\":[{\"@type\":\"WebPage\",\"@id\":\"https:\\\/\\\/medicinasinc.com\\\/cs\\\/product\\\/koupit-super-kyselou-naftu\\\/\",\"url\":\"https:\\\/\\\/medicinasinc.com\\\/cs\\\/product\\\/koupit-super-kyselou-naftu\\\/\",\"name\":\"Kupte si Super Sour Diesel \u2013 nejlep\u0161\u00ed nejlep\u0161\u00ed glob\u00e1ln\u00ed l\u00e9ky\",\"isPartOf\":{\"@id\":\"https:\\\/\\\/medicinasinc.com\\\/cs\\\/#website\"},\"primaryImageOfPage\":{\"@id\":\"https:\\\/\\\/medicinasinc.com\\\/cs\\\/product\\\/koupit-super-kyselou-naftu\\\/#primaryimage\"},\"image\":{\"@id\":\"https:\\\/\\\/medicinasinc.com\\\/cs\\\/product\\\/koupit-super-kyselou-naftu\\\/#primaryimage\"},\"thumbnailUrl\":\"https:\\\/\\\/medicinasinc.com\\\/cs\\\/wp-content\\\/uploads\\\/sites\\\/2\\\/2022\\\/02\\\/Buy-Super-Sour-Diesel-scaled-1.jpg\",\"datePublished\":\"2022-02-20T19:51:48+00:00\",\"dateModified\":\"2022-03-14T12:31:01+00:00\",\"description\":\"Kupte si Super Sour Diesel AAAA na prodej v nejlep\u0161\u00ed l\u00e9ka\u0159sk\u00e9 rekrea\u010dn\u00ed l\u00e9k\u00e1rn\u011b, kmen marihuany vyroben\u00fd k\u0159\u00ed\u017een\u00edm Super Silver Haze s Sour Diesel.\",\"breadcrumb\":{\"@id\":\"https:\\\/\\\/medicinasinc.com\\\/cs\\\/product\\\/koupit-super-kyselou-naftu\\\/#breadcrumb\"},\"inLanguage\":\"en-US\",\"potentialAction\":[{\"@type\":\"ReadAction\",\"target\":[\"https:\\\/\\\/medicinasinc.com\\\/cs\\\/product\\\/koupit-super-kyselou-naftu\\\/\"]}]},{\"@type\":\"ImageObject\",\"inLanguage\":\"en-US\",\"@id\":\"https:\\\/\\\/medicinasinc.com\\\/cs\\\/product\\\/koupit-super-kyselou-naftu\\\/#primaryimage\",\"url\":\"https:\\\/\\\/medicinasinc.com\\\/cs\\\/wp-content\\\/uploads\\\/sites\\\/2\\\/2022\\\/02\\\/Buy-Super-Sour-Diesel-scaled-1.jpg\",\"contentUrl\":\"https:\\\/\\\/medicinasinc.com\\\/cs\\\/wp-content\\\/uploads\\\/sites\\\/2\\\/2022\\\/02\\\/Buy-Super-Sour-Diesel-scaled-1.jpg\",\"width\":1920,\"height\":2560},{\"@type\":\"BreadcrumbList\",\"@id\":\"https:\\\/\\\/medicinasinc.com\\\/cs\\\/product\\\/koupit-super-kyselou-naftu\\\/#breadcrumb\",\"itemListElement\":[{\"@type\":\"ListItem\",\"position\":1,\"name\":\"Obchod\",\"item\":\"https:\\\/\\\/medicinasinc.com\\\/cs\\\/obchod\\\/\"},{\"@type\":\"ListItem\",\"position\":2,\"name\":\"Kupte si Super Sour Diesel\"}]},{\"@type\":\"WebSite\",\"@id\":\"https:\\\/\\\/medicinasinc.com\\\/cs\\\/#website\",\"url\":\"https:\\\/\\\/medicinasinc.com\\\/cs\\\/\",\"name\":\"Medicinas Inc\",\"description\":\"Health Medical Clinic\",\"potentialAction\":[{\"@type\":\"SearchAction\",\"target\":{\"@type\":\"EntryPoint\",\"urlTemplate\":\"https:\\\/\\\/medicinasinc.com\\\/cs\\\/?s={search_term_string}\"},\"query-input\":{\"@type\":\"PropertyValueSpecification\",\"valueRequired\":true,\"valueName\":\"search_term_string\"}}],\"inLanguage\":\"en-US\"}]}<\/script>\n<!-- \/ Yoast SEO plugin. -->","yoast_head_json":{"title":"Kupte si Super Sour Diesel \u2013 nejlep\u0161\u00ed nejlep\u0161\u00ed glob\u00e1ln\u00ed l\u00e9ky","description":"Kupte si Super Sour Diesel AAAA na prodej v nejlep\u0161\u00ed l\u00e9ka\u0159sk\u00e9 rekrea\u010dn\u00ed l\u00e9k\u00e1rn\u011b, kmen marihuany vyroben\u00fd k\u0159\u00ed\u017een\u00edm Super Silver Haze s Sour Diesel.","robots":{"index":"index","follow":"follow","max-snippet":"max-snippet:-1","max-image-preview":"max-image-preview:large","max-video-preview":"max-video-preview:-1"},"canonical":"https:\/\/medicinasinc.com\/cs\/product\/koupit-super-kyselou-naftu\/","og_locale":"en_US","og_type":"article","og_title":"Kupte si Super Sour Diesel \u2013 nejlep\u0161\u00ed nejlep\u0161\u00ed glob\u00e1ln\u00ed l\u00e9ky","og_description":"Kupte si Super Sour Diesel AAAA na prodej v nejlep\u0161\u00ed l\u00e9ka\u0159sk\u00e9 rekrea\u010dn\u00ed l\u00e9k\u00e1rn\u011b, kmen marihuany vyroben\u00fd k\u0159\u00ed\u017een\u00edm Super Silver Haze s Sour Diesel.","og_url":"https:\/\/medicinasinc.com\/cs\/product\/koupit-super-kyselou-naftu\/","og_site_name":"Medicinas Inc","article_modified_time":"2022-03-14T12:31:01+00:00","og_image":[{"width":1920,"height":2560,"url":"https:\/\/medicinasinc.com\/cs\/wp-content\/uploads\/sites\/2\/2022\/02\/Buy-Super-Sour-Diesel-scaled-1.jpg","type":"image\/jpeg"}],"twitter_card":"summary_large_image","twitter_misc":{"Est. reading time":"1 minute"},"schema":{"@context":"https:\/\/schema.org","@graph":[{"@type":"WebPage","@id":"https:\/\/medicinasinc.com\/cs\/product\/koupit-super-kyselou-naftu\/","url":"https:\/\/medicinasinc.com\/cs\/product\/koupit-super-kyselou-naftu\/","name":"Kupte si Super Sour Diesel \u2013 nejlep\u0161\u00ed nejlep\u0161\u00ed glob\u00e1ln\u00ed l\u00e9ky","isPartOf":{"@id":"https:\/\/medicinasinc.com\/cs\/#website"},"primaryImageOfPage":{"@id":"https:\/\/medicinasinc.com\/cs\/product\/koupit-super-kyselou-naftu\/#primaryimage"},"image":{"@id":"https:\/\/medicinasinc.com\/cs\/product\/koupit-super-kyselou-naftu\/#primaryimage"},"thumbnailUrl":"https:\/\/medicinasinc.com\/cs\/wp-content\/uploads\/sites\/2\/2022\/02\/Buy-Super-Sour-Diesel-scaled-1.jpg","datePublished":"2022-02-20T19:51:48+00:00","dateModified":"2022-03-14T12:31:01+00:00","description":"Kupte si Super Sour Diesel AAAA na prodej v nejlep\u0161\u00ed l\u00e9ka\u0159sk\u00e9 rekrea\u010dn\u00ed l\u00e9k\u00e1rn\u011b, kmen marihuany vyroben\u00fd k\u0159\u00ed\u017een\u00edm Super Silver Haze s Sour Diesel.","breadcrumb":{"@id":"https:\/\/medicinasinc.com\/cs\/product\/koupit-super-kyselou-naftu\/#breadcrumb"},"inLanguage":"en-US","potentialAction":[{"@type":"ReadAction","target":["https:\/\/medicinasinc.com\/cs\/product\/koupit-super-kyselou-naftu\/"]}]},{"@type":"ImageObject","inLanguage":"en-US","@id":"https:\/\/medicinasinc.com\/cs\/product\/koupit-super-kyselou-naftu\/#primaryimage","url":"https:\/\/medicinasinc.com\/cs\/wp-content\/uploads\/sites\/2\/2022\/02\/Buy-Super-Sour-Diesel-scaled-1.jpg","contentUrl":"https:\/\/medicinasinc.com\/cs\/wp-content\/uploads\/sites\/2\/2022\/02\/Buy-Super-Sour-Diesel-scaled-1.jpg","width":1920,"height":2560},{"@type":"BreadcrumbList","@id":"https:\/\/medicinasinc.com\/cs\/product\/koupit-super-kyselou-naftu\/#breadcrumb","itemListElement":[{"@type":"ListItem","position":1,"name":"Obchod","item":"https:\/\/medicinasinc.com\/cs\/obchod\/"},{"@type":"ListItem","position":2,"name":"Kupte si Super Sour Diesel"}]},{"@type":"WebSite","@id":"https:\/\/medicinasinc.com\/cs\/#website","url":"https:\/\/medicinasinc.com\/cs\/","name":"Medicinas Inc","description":"Health Medical Clinic","potentialAction":[{"@type":"SearchAction","target":{"@type":"EntryPoint","urlTemplate":"https:\/\/medicinasinc.com\/cs\/?s={search_term_string}"},"query-input":{"@type":"PropertyValueSpecification","valueRequired":true,"valueName":"search_term_string"}}],"inLanguage":"en-US"}]}},"_links":{"self":[{"href":"https:\/\/medicinasinc.com\/cs\/wp-json\/wp\/v2\/product\/5069","targetHints":{"allow":["GET"]}}],"collection":[{"href":"https:\/\/medicinasinc.com\/cs\/wp-json\/wp\/v2\/product"}],"about":[{"href":"https:\/\/medicinasinc.com\/cs\/wp-json\/wp\/v2\/types\/product"}],"replies":[{"embeddable":true,"href":"https:\/\/medicinasinc.com\/cs\/wp-json\/wp\/v2\/comments?post=5069"}],"wp:featuredmedia":[{"embeddable":true,"href":"https:\/\/medicinasinc.com\/cs\/wp-json\/wp\/v2\/media\/5087"}],"wp:attachment":[{"href":"https:\/\/medicinasinc.com\/cs\/wp-json\/wp\/v2\/media?parent=5069"}],"wp:term":[{"taxonomy":"product_brand","embeddable":true,"href":"https:\/\/medicinasinc.com\/cs\/wp-json\/wp\/v2\/product_brand?post=5069"},{"taxonomy":"product_cat","embeddable":true,"href":"https:\/\/medicinasinc.com\/cs\/wp-json\/wp\/v2\/product_cat?post=5069"},{"taxonomy":"product_tag","embeddable":true,"href":"https:\/\/medicinasinc.com\/cs\/wp-json\/wp\/v2\/product_tag?post=5069"}],"curies":[{"name":"wp","href":"https:\/\/api.w.org\/{rel}","templated":true}]}}