{"id":5068,"date":"2022-02-20T19:50:54","date_gmt":"2022-02-20T19:50:54","guid":{"rendered":"https:\/\/medicinasinc.com\/cs\/?post_type=product&#038;p=5068"},"modified":"2022-03-14T12:31:15","modified_gmt":"2022-03-14T12:31:15","slug":"koupit-super-citron-opar","status":"publish","type":"product","link":"https:\/\/medicinasinc.com\/cs\/product\/koupit-super-citron-opar\/","title":{"rendered":"Kupte si Super Lemon Haze"},"content":{"rendered":"<p>Online n\u00e1kup Super Lamon Haze<\/p>\n<p>Tento lahodn\u00fd citronov\u00fd kmen je dob\u0159e v\u00fdnosn\u00fd kmen, kter\u00fd je vhodn\u00fd pro jakoukoli skupinu veter\u00e1n\u016f. Super Lemon Haze je jedn\u00edm z nejobl\u00edben\u011bj\u0161\u00edch kmen\u016f, zejm\u00e9na mezi indick\u00fdmi nad\u0161enci, a \u00fasp\u011b\u0161n\u011b je p\u0159evedl na sativu. Super Lemon Haze je bezpochyby jedine\u010dn\u00fd. Tento v\u00edt\u011bz Cannabis Cupu je k\u0159\u00ed\u017eencem Lemon Skunk a Super Silver Haze, co\u017e z n\u011bj d\u011bl\u00e1 rodokmen a jednu z nejlep\u0161\u00edch sativ, kter\u00e9 jsou dnes k dispozici. M\u016f\u017eete si koupit Super Lamon Haze online a naj\u00edt jej na prodej online. Tento hybrid s dominanc\u00ed sativy skute\u010dn\u011b dostoj\u00ed sv\u00e9mu jm\u00e9nu se siln\u00fdm limonick\u00fdm aroma, kter\u00e9 neuv\u011b\u0159iteln\u011b von\u00ed. Super Lemon Haze za\u010d\u00edn\u00e1 pomalu, ale plynule a graduje do ohromn\u00e9 \u200b\u200beuforick\u00e9 v\u00fd\u0161ky, d\u00edky kter\u00e9 chcete vzru\u0161en\u00edm vysko\u010dit ze \u017eidle. Tento kmen je tak\u00e9 obl\u00edbenou l\u00e9ka\u0159skou verz\u00ed, proto\u017ee m\u016f\u017ee b\u00fdt pou\u017eit k l\u00e9\u010db\u011b \u0161irok\u00e9 \u0161k\u00e1ly onemocn\u011bn\u00ed.<\/p>\n<p>\u00da\u010dinky<\/p>\n<p>V\u0161echny tyto super-sativa efekty jsou zalo\u017eeny na energii. Prim\u00e1rn\u00ed charakteristikou v\u0161ak je, \u017ee se jedn\u00e1 o skv\u011bl\u00fd ka\u017edodenn\u00ed pokus d\u00edky sv\u00e9 schopnosti u\u010dinit jej efektivn\u00edm a p\u0159\u00edle\u017eitostn\u011b inovativn\u00edm. Super Lemon Haze v\u00e1s dok\u00e1\u017ee dostate\u010dn\u011b uklidnit, abyste se c\u00edtili p\u0159\u00edjemn\u011b. Super Lemon Haze je ide\u00e1ln\u00ed spole\u010dn\u00edk pro \u0161t\u011bst\u00ed. Pokud m\u00e1te p\u0159ed sebou dlouh\u00fd den a pot\u0159ebujete v\u011bci ud\u011blat d\u016fkladn\u011b, tato sativa je spr\u00e1vn\u00e1 cesta.<br \/> Budete m\u00edt kilo tohoto lahodn\u00e9ho poup\u011bte, kter\u00e9 podr\u017e\u00ed ka\u017ed\u00e9ho v s\u00e1le, a dal\u0161\u00ed vyt\u00e1hnout t\u011b nahoru. Super Lemon Haze nem\u00e1 \u017e\u00e1dn\u00fd dopad na za\u010d\u00ednaj\u00edc\u00ed podniky. Jeho \u00fa\u010dinek m\u016f\u017ee zp\u016fsobit p\u0159\u00edjemn\u00e9 mozkov\u00e9 opojen\u00ed, kter\u00e9 v\u00e1m umo\u017en\u00ed jasn\u011bji myslet a vybavit si informace, kter\u00e9 byste jinak zapomn\u011bli. Krom\u011b toho se m\u00e1 za to, \u017ee tento tlak zp\u016fsobuje, \u017ee se c\u00edt\u00edte trochu svi\u017en\u011b, co\u017e je ide\u00e1ln\u00ed pro romantickou noc. V\u016fn\u011b: Vo\u0148av\u00e9 poup\u011b by m\u011blo evokovat obrazy citrusov\u00fdch plod\u016f. Super Lemon Haze m\u00e1 citr\u00f3nov\u011b nasl\u00e1dlou chu\u0165 s n\u00e1dechem ko\u0159en\u00ed a extr\u00e9mn\u011b kyselou v\u016fni. Sladk\u00e1 citronov\u00e1 chu\u0165 je vyv\u00e1\u017eena dotekem zemitosti a ko\u0159en\u00ed a vytv\u00e1\u0159\u00ed \u00fa\u017easn\u00fd z\u00e1\u017eitek. Super Lemon Haze m\u00e1 extr\u00e9mn\u011b p\u0159\u00edjemnou v\u016fni. Tato sativa m\u00e1 p\u0159\u00edjemnou osv\u011b\u017euj\u00edc\u00ed v\u016fni a na jazyku by m\u011bla p\u0159etrv\u00e1vat citronov\u00e1 uzemnost. Je to, jako byste vdechovali bonb\u00f3n s v\u00fdrazn\u00fdm bylinkov\u00fdm podt\u00f3nem.<\/p>\n<p>L\u00e9ka\u0159sk\u00e9 v\u00fdhody<\/p>\n<p>Super Lemon Haze se doporu\u010duje pro r\u016fzn\u00e9 nemoci a symptomy. S touto silnou z\u00e1t\u011b\u017e\u00ed lze snadno bojovat s chronickou \u00fanavou d\u00edky jej\u00ed schopnosti navodit stabiln\u00ed a povznesen\u00fd stav mysli, kter\u00fd v\u00e1s stimuluje dokonce d\u011blat v\u011bci. Krom\u011b toho je tento kmen dobr\u00fd v boji proti stresu a smutku. Super Lemon Haze m\u00e1 schopnost l\u00e9\u010dit r\u016fzn\u00e9 pot\u00ed\u017ee spojen\u00e9 s vysoce stresov\u00fdm \u017eivotn\u00edm stylem a dok\u00e1\u017ee se snadno zbavit men\u0161\u00edch bolest\u00ed, jako jsou migr\u00e9ny, bolesti hlavy, kloub\u016f a svalov\u00e9 k\u0159e\u010de. Super Lemon Haze je v\u0161estrann\u00fd, spolehliv\u00fd l\u00e9k proti bolesti, kter\u00fd uvol\u0148uje a brn\u00ed t\u011blo a maskuje jak\u00e9koli dal\u0161\u00ed fyzick\u00e9 probl\u00e9my, kter\u00e9 se mohou objevit. Povzn\u00e1\u0161ej\u00edc\u00ed chu\u0165 a v\u016fn\u011b p\u0159isp\u00edvaj\u00ed k jeho atraktivit\u011b, d\u00edky \u010demu\u017e je p\u0159\u00edjemn\u00fd i pro lidi, u kter\u00fdch je nepravd\u011bpodobn\u00e9, \u017ee by konop\u00ed pou\u017e\u00edvali k l\u00e9\u010db\u011b sv\u00e9 nemoci.<\/p>\n","protected":false},"excerpt":{"rendered":"<div class=\"woocommerce-product-details__short-description\">\n<p>Nakupte kmen marihuany Super Lemon Haze ve Spojen\u00e9m kr\u00e1lovstv\u00ed a v Evrop\u011b. Je to siln\u00fd citrusov\u00fd a sladk\u00fd hybrid s dominanc\u00ed Sativy. Tato kv\u011btina je v\u00fdsledkem k\u0159\u00ed\u017een\u00ed mezi citronov\u00fdm skunkem a st\u0159\u00edbrn\u00fdm oparem.<\/p>\n<p>Online n\u00e1kup kmene marihuany Super Lemon Haze.<\/p>\n<p>Super Lemon Haze je hybrid s dominantou Sativy &#8211; 80 % Sativa \/ 20 % Indica. Obsah Indica THC je 25 %, obsah CBD je 1 % a obsah CBN je 2 %.<\/p>\n<\/p><\/div>\n","protected":false},"featured_media":5085,"comment_status":"open","ping_status":"closed","template":"","meta":[],"product_brand":[],"product_cat":[778],"product_tag":[1020,1019,1022,486,487,1024,1021,1023],"class_list":{"0":"post-5068","1":"product","2":"type-product","3":"status-publish","4":"has-post-thumbnail","6":"product_cat-trava-na-prodej","7":"product_tag-citronov-semena-na-prodej","8":"product_tag-is-super-lemon-haze-psychedelic","9":"product_tag-super-lemon-haze-autoflower-semena","10":"product_tag-super-lemon-haze-price","11":"product_tag-super-citronov-semena","12":"product_tag-super-lemon-haze-seeds-usa","13":"product_tag-super-lemon-haze-autoflower","14":"product_tag-super-lemon-hale-efekty","16":"first","17":"instock","18":"shipping-taxable","19":"purchasable","20":"product-type-variable","21":"has-default-attributes"},"yoast_head":"<!-- This site is optimized with the Yoast SEO plugin v27.3 - https:\/\/yoast.com\/product\/yoast-seo-wordpress\/ -->\n<title>Kupte si Super Lemon Haze \u2013 nejlep\u0161\u00ed nejlep\u0161\u00ed glob\u00e1ln\u00ed l\u00e9ky<\/title>\n<meta name=\"description\" content=\"Kupte si kmen marihuany Super Lemon Haze UK, Evropa, \u0161tiplav\u00fd citrusov\u00fd a sladk\u00fd hybrid s dominantn\u00edm postaven\u00edm Sativa. Tato kv\u011btina je k\u0159\u00ed\u017eenec citr\u00f3nov\u00e9ho skunka &amp; st\u0159\u00edbrn\u00fd opar.\" \/>\n<meta name=\"robots\" content=\"index, follow, max-snippet:-1, max-image-preview:large, max-video-preview:-1\" \/>\n<link rel=\"canonical\" href=\"https:\/\/medicinasinc.com\/cs\/product\/koupit-super-citron-opar\/\" \/>\n<meta property=\"og:locale\" content=\"en_US\" \/>\n<meta property=\"og:type\" content=\"article\" \/>\n<meta property=\"og:title\" content=\"Kupte si Super Lemon Haze \u2013 nejlep\u0161\u00ed nejlep\u0161\u00ed glob\u00e1ln\u00ed l\u00e9ky\" \/>\n<meta property=\"og:description\" content=\"Kupte si kmen marihuany Super Lemon Haze UK, Evropa, \u0161tiplav\u00fd citrusov\u00fd a sladk\u00fd hybrid s dominantn\u00edm postaven\u00edm Sativa. Tato kv\u011btina je k\u0159\u00ed\u017eenec citr\u00f3nov\u00e9ho skunka &amp; st\u0159\u00edbrn\u00fd opar.\" \/>\n<meta property=\"og:url\" content=\"https:\/\/medicinasinc.com\/cs\/product\/koupit-super-citron-opar\/\" \/>\n<meta property=\"og:site_name\" content=\"Medicinas Inc\" \/>\n<meta property=\"article:modified_time\" content=\"2022-03-14T12:31:15+00:00\" \/>\n<meta property=\"og:image\" content=\"https:\/\/medicinasinc.com\/cs\/wp-content\/uploads\/sites\/2\/2022\/02\/Buy-Super-Lemon-Haze.jpg\" \/>\n\t<meta property=\"og:image:width\" content=\"1080\" \/>\n\t<meta property=\"og:image:height\" content=\"1080\" \/>\n\t<meta property=\"og:image:type\" content=\"image\/jpeg\" \/>\n<meta name=\"twitter:card\" content=\"summary_large_image\" \/>\n<meta name=\"twitter:label1\" content=\"Est. reading time\" \/>\n\t<meta name=\"twitter:data1\" content=\"3 minutes\" \/>\n<script type=\"application\/ld+json\" class=\"yoast-schema-graph\">{\"@context\":\"https:\\\/\\\/schema.org\",\"@graph\":[{\"@type\":\"WebPage\",\"@id\":\"https:\\\/\\\/medicinasinc.com\\\/cs\\\/product\\\/koupit-super-citron-opar\\\/\",\"url\":\"https:\\\/\\\/medicinasinc.com\\\/cs\\\/product\\\/koupit-super-citron-opar\\\/\",\"name\":\"Kupte si Super Lemon Haze \u2013 nejlep\u0161\u00ed nejlep\u0161\u00ed glob\u00e1ln\u00ed l\u00e9ky\",\"isPartOf\":{\"@id\":\"https:\\\/\\\/medicinasinc.com\\\/cs\\\/#website\"},\"primaryImageOfPage\":{\"@id\":\"https:\\\/\\\/medicinasinc.com\\\/cs\\\/product\\\/koupit-super-citron-opar\\\/#primaryimage\"},\"image\":{\"@id\":\"https:\\\/\\\/medicinasinc.com\\\/cs\\\/product\\\/koupit-super-citron-opar\\\/#primaryimage\"},\"thumbnailUrl\":\"https:\\\/\\\/medicinasinc.com\\\/cs\\\/wp-content\\\/uploads\\\/sites\\\/2\\\/2022\\\/02\\\/Buy-Super-Lemon-Haze.jpg\",\"datePublished\":\"2022-02-20T19:50:54+00:00\",\"dateModified\":\"2022-03-14T12:31:15+00:00\",\"description\":\"Kupte si kmen marihuany Super Lemon Haze UK, Evropa, \u0161tiplav\u00fd citrusov\u00fd a sladk\u00fd hybrid s dominantn\u00edm postaven\u00edm Sativa. Tato kv\u011btina je k\u0159\u00ed\u017eenec citr\u00f3nov\u00e9ho skunka &amp; st\u0159\u00edbrn\u00fd opar.\",\"breadcrumb\":{\"@id\":\"https:\\\/\\\/medicinasinc.com\\\/cs\\\/product\\\/koupit-super-citron-opar\\\/#breadcrumb\"},\"inLanguage\":\"en-US\",\"potentialAction\":[{\"@type\":\"ReadAction\",\"target\":[\"https:\\\/\\\/medicinasinc.com\\\/cs\\\/product\\\/koupit-super-citron-opar\\\/\"]}]},{\"@type\":\"ImageObject\",\"inLanguage\":\"en-US\",\"@id\":\"https:\\\/\\\/medicinasinc.com\\\/cs\\\/product\\\/koupit-super-citron-opar\\\/#primaryimage\",\"url\":\"https:\\\/\\\/medicinasinc.com\\\/cs\\\/wp-content\\\/uploads\\\/sites\\\/2\\\/2022\\\/02\\\/Buy-Super-Lemon-Haze.jpg\",\"contentUrl\":\"https:\\\/\\\/medicinasinc.com\\\/cs\\\/wp-content\\\/uploads\\\/sites\\\/2\\\/2022\\\/02\\\/Buy-Super-Lemon-Haze.jpg\",\"width\":1080,\"height\":1080},{\"@type\":\"BreadcrumbList\",\"@id\":\"https:\\\/\\\/medicinasinc.com\\\/cs\\\/product\\\/koupit-super-citron-opar\\\/#breadcrumb\",\"itemListElement\":[{\"@type\":\"ListItem\",\"position\":1,\"name\":\"Obchod\",\"item\":\"https:\\\/\\\/medicinasinc.com\\\/cs\\\/obchod\\\/\"},{\"@type\":\"ListItem\",\"position\":2,\"name\":\"Kupte si Super Lemon Haze\"}]},{\"@type\":\"WebSite\",\"@id\":\"https:\\\/\\\/medicinasinc.com\\\/cs\\\/#website\",\"url\":\"https:\\\/\\\/medicinasinc.com\\\/cs\\\/\",\"name\":\"Medicinas Inc\",\"description\":\"Health Medical Clinic\",\"potentialAction\":[{\"@type\":\"SearchAction\",\"target\":{\"@type\":\"EntryPoint\",\"urlTemplate\":\"https:\\\/\\\/medicinasinc.com\\\/cs\\\/?s={search_term_string}\"},\"query-input\":{\"@type\":\"PropertyValueSpecification\",\"valueRequired\":true,\"valueName\":\"search_term_string\"}}],\"inLanguage\":\"en-US\"}]}<\/script>\n<!-- \/ Yoast SEO plugin. -->","yoast_head_json":{"title":"Kupte si Super Lemon Haze \u2013 nejlep\u0161\u00ed nejlep\u0161\u00ed glob\u00e1ln\u00ed l\u00e9ky","description":"Kupte si kmen marihuany Super Lemon Haze UK, Evropa, \u0161tiplav\u00fd citrusov\u00fd a sladk\u00fd hybrid s dominantn\u00edm postaven\u00edm Sativa. Tato kv\u011btina je k\u0159\u00ed\u017eenec citr\u00f3nov\u00e9ho skunka &amp; st\u0159\u00edbrn\u00fd opar.","robots":{"index":"index","follow":"follow","max-snippet":"max-snippet:-1","max-image-preview":"max-image-preview:large","max-video-preview":"max-video-preview:-1"},"canonical":"https:\/\/medicinasinc.com\/cs\/product\/koupit-super-citron-opar\/","og_locale":"en_US","og_type":"article","og_title":"Kupte si Super Lemon Haze \u2013 nejlep\u0161\u00ed nejlep\u0161\u00ed glob\u00e1ln\u00ed l\u00e9ky","og_description":"Kupte si kmen marihuany Super Lemon Haze UK, Evropa, \u0161tiplav\u00fd citrusov\u00fd a sladk\u00fd hybrid s dominantn\u00edm postaven\u00edm Sativa. Tato kv\u011btina je k\u0159\u00ed\u017eenec citr\u00f3nov\u00e9ho skunka &amp; st\u0159\u00edbrn\u00fd opar.","og_url":"https:\/\/medicinasinc.com\/cs\/product\/koupit-super-citron-opar\/","og_site_name":"Medicinas Inc","article_modified_time":"2022-03-14T12:31:15+00:00","og_image":[{"width":1080,"height":1080,"url":"https:\/\/medicinasinc.com\/cs\/wp-content\/uploads\/sites\/2\/2022\/02\/Buy-Super-Lemon-Haze.jpg","type":"image\/jpeg"}],"twitter_card":"summary_large_image","twitter_misc":{"Est. reading time":"3 minutes"},"schema":{"@context":"https:\/\/schema.org","@graph":[{"@type":"WebPage","@id":"https:\/\/medicinasinc.com\/cs\/product\/koupit-super-citron-opar\/","url":"https:\/\/medicinasinc.com\/cs\/product\/koupit-super-citron-opar\/","name":"Kupte si Super Lemon Haze \u2013 nejlep\u0161\u00ed nejlep\u0161\u00ed glob\u00e1ln\u00ed l\u00e9ky","isPartOf":{"@id":"https:\/\/medicinasinc.com\/cs\/#website"},"primaryImageOfPage":{"@id":"https:\/\/medicinasinc.com\/cs\/product\/koupit-super-citron-opar\/#primaryimage"},"image":{"@id":"https:\/\/medicinasinc.com\/cs\/product\/koupit-super-citron-opar\/#primaryimage"},"thumbnailUrl":"https:\/\/medicinasinc.com\/cs\/wp-content\/uploads\/sites\/2\/2022\/02\/Buy-Super-Lemon-Haze.jpg","datePublished":"2022-02-20T19:50:54+00:00","dateModified":"2022-03-14T12:31:15+00:00","description":"Kupte si kmen marihuany Super Lemon Haze UK, Evropa, \u0161tiplav\u00fd citrusov\u00fd a sladk\u00fd hybrid s dominantn\u00edm postaven\u00edm Sativa. Tato kv\u011btina je k\u0159\u00ed\u017eenec citr\u00f3nov\u00e9ho skunka &amp; st\u0159\u00edbrn\u00fd opar.","breadcrumb":{"@id":"https:\/\/medicinasinc.com\/cs\/product\/koupit-super-citron-opar\/#breadcrumb"},"inLanguage":"en-US","potentialAction":[{"@type":"ReadAction","target":["https:\/\/medicinasinc.com\/cs\/product\/koupit-super-citron-opar\/"]}]},{"@type":"ImageObject","inLanguage":"en-US","@id":"https:\/\/medicinasinc.com\/cs\/product\/koupit-super-citron-opar\/#primaryimage","url":"https:\/\/medicinasinc.com\/cs\/wp-content\/uploads\/sites\/2\/2022\/02\/Buy-Super-Lemon-Haze.jpg","contentUrl":"https:\/\/medicinasinc.com\/cs\/wp-content\/uploads\/sites\/2\/2022\/02\/Buy-Super-Lemon-Haze.jpg","width":1080,"height":1080},{"@type":"BreadcrumbList","@id":"https:\/\/medicinasinc.com\/cs\/product\/koupit-super-citron-opar\/#breadcrumb","itemListElement":[{"@type":"ListItem","position":1,"name":"Obchod","item":"https:\/\/medicinasinc.com\/cs\/obchod\/"},{"@type":"ListItem","position":2,"name":"Kupte si Super Lemon Haze"}]},{"@type":"WebSite","@id":"https:\/\/medicinasinc.com\/cs\/#website","url":"https:\/\/medicinasinc.com\/cs\/","name":"Medicinas Inc","description":"Health Medical Clinic","potentialAction":[{"@type":"SearchAction","target":{"@type":"EntryPoint","urlTemplate":"https:\/\/medicinasinc.com\/cs\/?s={search_term_string}"},"query-input":{"@type":"PropertyValueSpecification","valueRequired":true,"valueName":"search_term_string"}}],"inLanguage":"en-US"}]}},"_links":{"self":[{"href":"https:\/\/medicinasinc.com\/cs\/wp-json\/wp\/v2\/product\/5068","targetHints":{"allow":["GET"]}}],"collection":[{"href":"https:\/\/medicinasinc.com\/cs\/wp-json\/wp\/v2\/product"}],"about":[{"href":"https:\/\/medicinasinc.com\/cs\/wp-json\/wp\/v2\/types\/product"}],"replies":[{"embeddable":true,"href":"https:\/\/medicinasinc.com\/cs\/wp-json\/wp\/v2\/comments?post=5068"}],"wp:featuredmedia":[{"embeddable":true,"href":"https:\/\/medicinasinc.com\/cs\/wp-json\/wp\/v2\/media\/5085"}],"wp:attachment":[{"href":"https:\/\/medicinasinc.com\/cs\/wp-json\/wp\/v2\/media?parent=5068"}],"wp:term":[{"taxonomy":"product_brand","embeddable":true,"href":"https:\/\/medicinasinc.com\/cs\/wp-json\/wp\/v2\/product_brand?post=5068"},{"taxonomy":"product_cat","embeddable":true,"href":"https:\/\/medicinasinc.com\/cs\/wp-json\/wp\/v2\/product_cat?post=5068"},{"taxonomy":"product_tag","embeddable":true,"href":"https:\/\/medicinasinc.com\/cs\/wp-json\/wp\/v2\/product_tag?post=5068"}],"curies":[{"name":"wp","href":"https:\/\/api.w.org\/{rel}","templated":true}]}}