{"id":5066,"date":"2022-02-20T19:49:25","date_gmt":"2022-02-20T19:49:25","guid":{"rendered":"https:\/\/medicinasinc.com\/cs\/?post_type=product&#038;p=5066"},"modified":"2022-03-14T12:31:25","modified_gmt":"2022-03-14T12:31:25","slug":"koupit-snoops-sen-marihuana","status":"publish","type":"product","link":"https:\/\/medicinasinc.com\/cs\/product\/koupit-snoops-sen-marihuana\/","title":{"rendered":"Kupte si marihuanu Snoop&#8217;s Dream"},"content":{"rendered":"<p><strong>Kmen marihuany Snoops Dream lze zakoupit online.<\/strong><\/p>\n<p>Kmen marihuany Snoops Dream lze zakoupit online.<\/p>\n<p>Efekty<br \/> Kreativn\u00ed, energizuj\u00edc\u00ed , euforie, chichot\u00e1n\u00ed, \u0161\u0165astn\u00fd, relaxa\u010dn\u00ed, povzn\u00e1\u0161ej\u00edc\u00ed<br \/> m\u016f\u017ee ulevit<br \/> bipol\u00e1rn\u00ed porucha, chronick\u00e1 bolest, deprese, \u00fanava, bolesti hlavy, nespavost, PMS, PTSD, stres<br \/> P\u0159\u00edchut\u011b<br \/> Berry, Bor\u016fvka, m\u00e1slov\u00e1, borovice, sladk\u00e1, sladk\u00e1, vanilka<\/p>\n","protected":false},"excerpt":{"rendered":"<p>Kupte si kmen marihuany Snoops Dream lze zakoupit online. Snoop&#8217;s Dream je kmen marihuany vyvinut\u00fd spole\u010dnost\u00ed Snoop Dogg. Hybridn\u00ed &#8211; 50 % Sativa, 50 % Indica THC: 26 %<\/p>\n<p>Snoop&#8217;s Dream je odr\u016fda konop\u00ed pojmenovan\u00e1 po hip-hopov\u00e9m um\u011blci Snoop Dogovi. Projevil zna\u010dn\u00fd z\u00e1jem o sektor marihuany.<\/p>\n<p>Snoop&#8217;s Dream je kmen marihuany vyvinut\u00fd Snoop Doggem. Hybridn\u00ed &#8211; 50 % Sativa, 50 % Indica Obsah THC: 26 %. Nab\u00edz\u00edme mo\u017enost online n\u00e1kupu l\u00e9ka\u0159sk\u00e9 marihuany, vosku a rozbit\u00ed a tr\u00e1vy.<\/p>\n","protected":false},"featured_media":5083,"comment_status":"open","ping_status":"closed","template":"","meta":[],"product_brand":[],"product_cat":[778],"product_tag":[1012,1014,1015,1011,1013,1016,1017,1018],"class_list":{"0":"post-5066","1":"product","2":"type-product","3":"status-publish","4":"has-post-thumbnail","6":"product_cat-trava-na-prodej","7":"product_tag-dream-dog-strain","8":"product_tag-listy-by-snoop-kmeny","9":"product_tag-master-kush-price","10":"product_tag-modr-snov-cena","11":"product_tag-rostouc-snoops-sen","12":"product_tag-snoop-dawg-strain-redbud-roots","13":"product_tag-snoop-strains","14":"product_tag-snoops-sen-wikileaf","16":"first","17":"instock","18":"shipping-taxable","19":"purchasable","20":"product-type-variable","21":"has-default-attributes"},"yoast_head":"<!-- This site is optimized with the Yoast SEO plugin v27.3 - https:\/\/yoast.com\/product\/yoast-seo-wordpress\/ -->\n<title>Kupte si marihuanu Snoops Dream \u2013 nejlep\u0161\u00ed nejlep\u0161\u00ed glob\u00e1ln\u00ed l\u00e9ky<\/title>\n<meta name=\"description\" content=\"Crossing the Blue Dream with Master Kush, dv\u011b \u017eiv\u00e9, siln\u00e9 odr\u016fdy, o kter\u00fdch se \u0159\u00edk\u00e1, \u017ee jsou ... Toto je nejlep\u0161\u00ed platforma pro Buy Snoop&#039;s Dream marihuana na prodej.\" \/>\n<meta name=\"robots\" content=\"index, follow, max-snippet:-1, max-image-preview:large, max-video-preview:-1\" \/>\n<link rel=\"canonical\" href=\"https:\/\/medicinasinc.com\/cs\/product\/koupit-snoops-sen-marihuana\/\" \/>\n<meta property=\"og:locale\" content=\"en_US\" \/>\n<meta property=\"og:type\" content=\"article\" \/>\n<meta property=\"og:title\" content=\"Kupte si marihuanu Snoops Dream \u2013 nejlep\u0161\u00ed nejlep\u0161\u00ed glob\u00e1ln\u00ed l\u00e9ky\" \/>\n<meta property=\"og:description\" content=\"Crossing the Blue Dream with Master Kush, dv\u011b \u017eiv\u00e9, siln\u00e9 odr\u016fdy, o kter\u00fdch se \u0159\u00edk\u00e1, \u017ee jsou ... Toto je nejlep\u0161\u00ed platforma pro Buy Snoop&#039;s Dream marihuana na prodej.\" \/>\n<meta property=\"og:url\" content=\"https:\/\/medicinasinc.com\/cs\/product\/koupit-snoops-sen-marihuana\/\" \/>\n<meta property=\"og:site_name\" content=\"Medicinas Inc\" \/>\n<meta property=\"article:modified_time\" content=\"2022-03-14T12:31:25+00:00\" \/>\n<meta property=\"og:image\" content=\"https:\/\/medicinasinc.com\/cs\/wp-content\/uploads\/sites\/2\/2022\/02\/Buy-Snoops-Dream-Marijuana.jpg\" \/>\n\t<meta property=\"og:image:width\" content=\"2000\" \/>\n\t<meta property=\"og:image:height\" content=\"1333\" \/>\n\t<meta property=\"og:image:type\" content=\"image\/jpeg\" \/>\n<meta name=\"twitter:card\" content=\"summary_large_image\" \/>\n<meta name=\"twitter:label1\" content=\"Est. reading time\" \/>\n\t<meta name=\"twitter:data1\" content=\"1 minute\" \/>\n<script type=\"application\/ld+json\" class=\"yoast-schema-graph\">{\"@context\":\"https:\\\/\\\/schema.org\",\"@graph\":[{\"@type\":\"WebPage\",\"@id\":\"https:\\\/\\\/medicinasinc.com\\\/cs\\\/product\\\/koupit-snoops-sen-marihuana\\\/\",\"url\":\"https:\\\/\\\/medicinasinc.com\\\/cs\\\/product\\\/koupit-snoops-sen-marihuana\\\/\",\"name\":\"Kupte si marihuanu Snoops Dream \u2013 nejlep\u0161\u00ed nejlep\u0161\u00ed glob\u00e1ln\u00ed l\u00e9ky\",\"isPartOf\":{\"@id\":\"https:\\\/\\\/medicinasinc.com\\\/cs\\\/#website\"},\"primaryImageOfPage\":{\"@id\":\"https:\\\/\\\/medicinasinc.com\\\/cs\\\/product\\\/koupit-snoops-sen-marihuana\\\/#primaryimage\"},\"image\":{\"@id\":\"https:\\\/\\\/medicinasinc.com\\\/cs\\\/product\\\/koupit-snoops-sen-marihuana\\\/#primaryimage\"},\"thumbnailUrl\":\"https:\\\/\\\/medicinasinc.com\\\/cs\\\/wp-content\\\/uploads\\\/sites\\\/2\\\/2022\\\/02\\\/Buy-Snoops-Dream-Marijuana.jpg\",\"datePublished\":\"2022-02-20T19:49:25+00:00\",\"dateModified\":\"2022-03-14T12:31:25+00:00\",\"description\":\"Crossing the Blue Dream with Master Kush, dv\u011b \u017eiv\u00e9, siln\u00e9 odr\u016fdy, o kter\u00fdch se \u0159\u00edk\u00e1, \u017ee jsou ... Toto je nejlep\u0161\u00ed platforma pro Buy Snoop's Dream marihuana na prodej.\",\"breadcrumb\":{\"@id\":\"https:\\\/\\\/medicinasinc.com\\\/cs\\\/product\\\/koupit-snoops-sen-marihuana\\\/#breadcrumb\"},\"inLanguage\":\"en-US\",\"potentialAction\":[{\"@type\":\"ReadAction\",\"target\":[\"https:\\\/\\\/medicinasinc.com\\\/cs\\\/product\\\/koupit-snoops-sen-marihuana\\\/\"]}]},{\"@type\":\"ImageObject\",\"inLanguage\":\"en-US\",\"@id\":\"https:\\\/\\\/medicinasinc.com\\\/cs\\\/product\\\/koupit-snoops-sen-marihuana\\\/#primaryimage\",\"url\":\"https:\\\/\\\/medicinasinc.com\\\/cs\\\/wp-content\\\/uploads\\\/sites\\\/2\\\/2022\\\/02\\\/Buy-Snoops-Dream-Marijuana.jpg\",\"contentUrl\":\"https:\\\/\\\/medicinasinc.com\\\/cs\\\/wp-content\\\/uploads\\\/sites\\\/2\\\/2022\\\/02\\\/Buy-Snoops-Dream-Marijuana.jpg\",\"width\":2000,\"height\":1333},{\"@type\":\"BreadcrumbList\",\"@id\":\"https:\\\/\\\/medicinasinc.com\\\/cs\\\/product\\\/koupit-snoops-sen-marihuana\\\/#breadcrumb\",\"itemListElement\":[{\"@type\":\"ListItem\",\"position\":1,\"name\":\"Obchod\",\"item\":\"https:\\\/\\\/medicinasinc.com\\\/cs\\\/obchod\\\/\"},{\"@type\":\"ListItem\",\"position\":2,\"name\":\"Kupte si marihuanu Snoop&#8217;s Dream\"}]},{\"@type\":\"WebSite\",\"@id\":\"https:\\\/\\\/medicinasinc.com\\\/cs\\\/#website\",\"url\":\"https:\\\/\\\/medicinasinc.com\\\/cs\\\/\",\"name\":\"Medicinas Inc\",\"description\":\"Health Medical Clinic\",\"potentialAction\":[{\"@type\":\"SearchAction\",\"target\":{\"@type\":\"EntryPoint\",\"urlTemplate\":\"https:\\\/\\\/medicinasinc.com\\\/cs\\\/?s={search_term_string}\"},\"query-input\":{\"@type\":\"PropertyValueSpecification\",\"valueRequired\":true,\"valueName\":\"search_term_string\"}}],\"inLanguage\":\"en-US\"}]}<\/script>\n<!-- \/ Yoast SEO plugin. -->","yoast_head_json":{"title":"Kupte si marihuanu Snoops Dream \u2013 nejlep\u0161\u00ed nejlep\u0161\u00ed glob\u00e1ln\u00ed l\u00e9ky","description":"Crossing the Blue Dream with Master Kush, dv\u011b \u017eiv\u00e9, siln\u00e9 odr\u016fdy, o kter\u00fdch se \u0159\u00edk\u00e1, \u017ee jsou ... Toto je nejlep\u0161\u00ed platforma pro Buy Snoop's Dream marihuana na prodej.","robots":{"index":"index","follow":"follow","max-snippet":"max-snippet:-1","max-image-preview":"max-image-preview:large","max-video-preview":"max-video-preview:-1"},"canonical":"https:\/\/medicinasinc.com\/cs\/product\/koupit-snoops-sen-marihuana\/","og_locale":"en_US","og_type":"article","og_title":"Kupte si marihuanu Snoops Dream \u2013 nejlep\u0161\u00ed nejlep\u0161\u00ed glob\u00e1ln\u00ed l\u00e9ky","og_description":"Crossing the Blue Dream with Master Kush, dv\u011b \u017eiv\u00e9, siln\u00e9 odr\u016fdy, o kter\u00fdch se \u0159\u00edk\u00e1, \u017ee jsou ... Toto je nejlep\u0161\u00ed platforma pro Buy Snoop's Dream marihuana na prodej.","og_url":"https:\/\/medicinasinc.com\/cs\/product\/koupit-snoops-sen-marihuana\/","og_site_name":"Medicinas Inc","article_modified_time":"2022-03-14T12:31:25+00:00","og_image":[{"width":2000,"height":1333,"url":"https:\/\/medicinasinc.com\/cs\/wp-content\/uploads\/sites\/2\/2022\/02\/Buy-Snoops-Dream-Marijuana.jpg","type":"image\/jpeg"}],"twitter_card":"summary_large_image","twitter_misc":{"Est. reading time":"1 minute"},"schema":{"@context":"https:\/\/schema.org","@graph":[{"@type":"WebPage","@id":"https:\/\/medicinasinc.com\/cs\/product\/koupit-snoops-sen-marihuana\/","url":"https:\/\/medicinasinc.com\/cs\/product\/koupit-snoops-sen-marihuana\/","name":"Kupte si marihuanu Snoops Dream \u2013 nejlep\u0161\u00ed nejlep\u0161\u00ed glob\u00e1ln\u00ed l\u00e9ky","isPartOf":{"@id":"https:\/\/medicinasinc.com\/cs\/#website"},"primaryImageOfPage":{"@id":"https:\/\/medicinasinc.com\/cs\/product\/koupit-snoops-sen-marihuana\/#primaryimage"},"image":{"@id":"https:\/\/medicinasinc.com\/cs\/product\/koupit-snoops-sen-marihuana\/#primaryimage"},"thumbnailUrl":"https:\/\/medicinasinc.com\/cs\/wp-content\/uploads\/sites\/2\/2022\/02\/Buy-Snoops-Dream-Marijuana.jpg","datePublished":"2022-02-20T19:49:25+00:00","dateModified":"2022-03-14T12:31:25+00:00","description":"Crossing the Blue Dream with Master Kush, dv\u011b \u017eiv\u00e9, siln\u00e9 odr\u016fdy, o kter\u00fdch se \u0159\u00edk\u00e1, \u017ee jsou ... Toto je nejlep\u0161\u00ed platforma pro Buy Snoop's Dream marihuana na prodej.","breadcrumb":{"@id":"https:\/\/medicinasinc.com\/cs\/product\/koupit-snoops-sen-marihuana\/#breadcrumb"},"inLanguage":"en-US","potentialAction":[{"@type":"ReadAction","target":["https:\/\/medicinasinc.com\/cs\/product\/koupit-snoops-sen-marihuana\/"]}]},{"@type":"ImageObject","inLanguage":"en-US","@id":"https:\/\/medicinasinc.com\/cs\/product\/koupit-snoops-sen-marihuana\/#primaryimage","url":"https:\/\/medicinasinc.com\/cs\/wp-content\/uploads\/sites\/2\/2022\/02\/Buy-Snoops-Dream-Marijuana.jpg","contentUrl":"https:\/\/medicinasinc.com\/cs\/wp-content\/uploads\/sites\/2\/2022\/02\/Buy-Snoops-Dream-Marijuana.jpg","width":2000,"height":1333},{"@type":"BreadcrumbList","@id":"https:\/\/medicinasinc.com\/cs\/product\/koupit-snoops-sen-marihuana\/#breadcrumb","itemListElement":[{"@type":"ListItem","position":1,"name":"Obchod","item":"https:\/\/medicinasinc.com\/cs\/obchod\/"},{"@type":"ListItem","position":2,"name":"Kupte si marihuanu Snoop&#8217;s Dream"}]},{"@type":"WebSite","@id":"https:\/\/medicinasinc.com\/cs\/#website","url":"https:\/\/medicinasinc.com\/cs\/","name":"Medicinas Inc","description":"Health Medical Clinic","potentialAction":[{"@type":"SearchAction","target":{"@type":"EntryPoint","urlTemplate":"https:\/\/medicinasinc.com\/cs\/?s={search_term_string}"},"query-input":{"@type":"PropertyValueSpecification","valueRequired":true,"valueName":"search_term_string"}}],"inLanguage":"en-US"}]}},"_links":{"self":[{"href":"https:\/\/medicinasinc.com\/cs\/wp-json\/wp\/v2\/product\/5066","targetHints":{"allow":["GET"]}}],"collection":[{"href":"https:\/\/medicinasinc.com\/cs\/wp-json\/wp\/v2\/product"}],"about":[{"href":"https:\/\/medicinasinc.com\/cs\/wp-json\/wp\/v2\/types\/product"}],"replies":[{"embeddable":true,"href":"https:\/\/medicinasinc.com\/cs\/wp-json\/wp\/v2\/comments?post=5066"}],"wp:featuredmedia":[{"embeddable":true,"href":"https:\/\/medicinasinc.com\/cs\/wp-json\/wp\/v2\/media\/5083"}],"wp:attachment":[{"href":"https:\/\/medicinasinc.com\/cs\/wp-json\/wp\/v2\/media?parent=5066"}],"wp:term":[{"taxonomy":"product_brand","embeddable":true,"href":"https:\/\/medicinasinc.com\/cs\/wp-json\/wp\/v2\/product_brand?post=5066"},{"taxonomy":"product_cat","embeddable":true,"href":"https:\/\/medicinasinc.com\/cs\/wp-json\/wp\/v2\/product_cat?post=5066"},{"taxonomy":"product_tag","embeddable":true,"href":"https:\/\/medicinasinc.com\/cs\/wp-json\/wp\/v2\/product_tag?post=5066"}],"curies":[{"name":"wp","href":"https:\/\/api.w.org\/{rel}","templated":true}]}}