{"id":5047,"date":"2022-02-20T19:35:13","date_gmt":"2022-02-20T19:35:13","guid":{"rendered":"https:\/\/medicinasinc.com\/cs\/?post_type=product&#038;p=5047"},"modified":"2022-03-14T12:31:35","modified_gmt":"2022-03-14T12:31:35","slug":"kup-purple-dracka-marihuana-aaaaa","status":"publish","type":"product","link":"https:\/\/medicinasinc.com\/cs\/product\/kup-purple-dracka-marihuana-aaaaa\/","title":{"rendered":"Koupit marihuanu Purple Dragon (AAAAA)"},"content":{"rendered":"<p>Konop\u00ed Purple Dragon (AAAAA) \u2013 30 % Sativa \/ 60 % Indica<\/p>\n<p>Purple Dragon je hybridn\u00ed kmen s dominantn\u00ed indikou vytvo\u0159en\u00fd k\u0159\u00ed\u017een\u00edm siln\u00e9ho Purple Urkle s modr\u00fdm drakem. Purple Dragon poskytuje vyv\u00e1\u017eenou d\u00e1vku, kter\u00e1 uklid\u0148uje a uvol\u0148uje mysl a t\u011blo. Tento kmen vytv\u00e1\u0159\u00ed aroma, kter\u00e9 je zcela neobvykl\u00e9, kombinuje pi\u017emovou \u0161alv\u011bj s v\u00fdraznou kv\u011btinovou chut\u00ed, kter\u00e1 p\u0159etrv\u00e1v\u00e1 na pat\u0159e. Po vdechnut\u00ed tohoto nap\u011bt\u00ed se mysl nabud\u00ed energi\u00ed a siln\u00e1 euforie rychle za\u017eene obavy a deprese. Purple Dragon nejprve u\u017eivatel\u016fm p\u0159in\u00e1\u0161\u00ed vzru\u0161uj\u00edc\u00ed a stimuluj\u00edc\u00ed du\u0161evn\u00ed jasnost; tyto v\u00fdhody se v\u0161ak postupn\u011b vytr\u00e1cej\u00ed a u\u017eivatel\u00e9 zanech\u00e1vaj\u00ed hodiny \u00falevy od bolesti a sedace. Obecn\u00e9 t\u011blesn\u00e9 bolesti ustoup\u00ed, jak se t\u011blo u\u017eivatele postupn\u011b dostane do stavu uvoln\u011bn\u00ed poci\u0165ovan\u00e9ho jak fyzicky, tak psychicky. Purple Dragon je u\u017eite\u010dn\u00e1 mo\u017enost l\u00e9\u010dby r\u016fzn\u00fdch nemoc\u00ed, v\u010detn\u011b \u00fazkosti, deprese, poruch n\u00e1lady, fyzick\u00e9ho vy\u010derp\u00e1n\u00ed, migr\u00e9n\/bolest\u00ed hlavy, chronick\u00e9 bolesti a ztr\u00e1ty chuti k j\u00eddlu.<\/p>\n<div class=\"product-next-previous\">\n<div class=\"product-prev\"><\/div><\/div>\n","protected":false},"excerpt":{"rendered":"<p>Purple Dragon Crassula (Crassula multicava) je \u00fa\u017easn\u00fd a barevn\u00fd sukulent, kter\u00fd m\u00e1 velk\u00e9&#8230; Kupte si t\u0159i nebo v\u00edce polo\u017eek a z\u00edskejte je za 10,80 $ za ka\u017edou.<\/p>\n<ul>\n<li>AAAAA p\u0159edstavuje to nejlep\u0161\u00ed z nejlep\u0161\u00edho!<\/li>\n<li>Kontaktujte n\u00e1s pro velkoobchodn\u00ed objedn\u00e1vky<\/li>\n<li>Celosv\u011btov\u011b doprava.<\/li>\n<\/ul>\n","protected":false},"featured_media":5067,"comment_status":"open","ping_status":"closed","template":"","meta":[],"product_brand":[],"product_cat":[778],"product_tag":[1007,1008,1006,1010,1009],"class_list":{"0":"post-5047","1":"product","2":"type-product","3":"status-publish","4":"has-post-thumbnail","6":"product_cat-trava-na-prodej","7":"product_tag-fialov-a-zelen-karikatura-draka","8":"product_tag-fialov-dra-nky-recenze","9":"product_tag-zelen-c3-a1-a-fialov-c3-a1-dra-c4-8d-c3-ad-jm-c3-a9na","10":"product_tag-purple-dragon-stuffed-animal-big","11":"product_tag-web-strnka-fialho-draka","13":"first","14":"instock","15":"shipping-taxable","16":"purchasable","17":"product-type-variable","18":"has-default-attributes"},"yoast_head":"<!-- This site is optimized with the Yoast SEO plugin v27.3 - https:\/\/yoast.com\/product\/yoast-seo-wordpress\/ -->\n<title>Koupit Purple Dragon (AAAAA) \u2013 Nejlep\u0161\u00ed nejlep\u0161\u00ed glob\u00e1ln\u00ed l\u00e9ky<\/title>\n<meta name=\"description\" content=\"Kupte si kmen marihuany Purple Dragon. \u00c9terick\u00fd a neskute\u010dn\u00fd fialov\u00fd drak je str\u00e1\u017ecem nadpozemsk\u00fdch krystal\u016f. Digit\u00e1ln\u011b maloval Tobias Vyseri.\" \/>\n<meta name=\"robots\" content=\"index, follow, max-snippet:-1, max-image-preview:large, max-video-preview:-1\" \/>\n<link rel=\"canonical\" href=\"https:\/\/medicinasinc.com\/cs\/product\/kup-purple-dracka-marihuana-aaaaa\/\" \/>\n<meta property=\"og:locale\" content=\"en_US\" \/>\n<meta property=\"og:type\" content=\"article\" \/>\n<meta property=\"og:title\" content=\"Koupit Purple Dragon (AAAAA) \u2013 Nejlep\u0161\u00ed nejlep\u0161\u00ed glob\u00e1ln\u00ed l\u00e9ky\" \/>\n<meta property=\"og:description\" content=\"Kupte si kmen marihuany Purple Dragon. \u00c9terick\u00fd a neskute\u010dn\u00fd fialov\u00fd drak je str\u00e1\u017ecem nadpozemsk\u00fdch krystal\u016f. Digit\u00e1ln\u011b maloval Tobias Vyseri.\" \/>\n<meta property=\"og:url\" content=\"https:\/\/medicinasinc.com\/cs\/product\/kup-purple-dracka-marihuana-aaaaa\/\" \/>\n<meta property=\"og:site_name\" content=\"Medicinas Inc\" \/>\n<meta property=\"article:modified_time\" content=\"2022-03-14T12:31:35+00:00\" \/>\n<meta property=\"og:image\" content=\"https:\/\/medicinasinc.com\/cs\/wp-content\/uploads\/sites\/2\/2022\/02\/Buy-Purple-Dragon.jpg\" \/>\n\t<meta property=\"og:image:width\" content=\"541\" \/>\n\t<meta property=\"og:image:height\" content=\"459\" \/>\n\t<meta property=\"og:image:type\" content=\"image\/jpeg\" \/>\n<meta name=\"twitter:card\" content=\"summary_large_image\" \/>\n<meta name=\"twitter:label1\" content=\"Est. reading time\" \/>\n\t<meta name=\"twitter:data1\" content=\"1 minute\" \/>\n<script type=\"application\/ld+json\" class=\"yoast-schema-graph\">{\"@context\":\"https:\\\/\\\/schema.org\",\"@graph\":[{\"@type\":\"WebPage\",\"@id\":\"https:\\\/\\\/medicinasinc.com\\\/cs\\\/product\\\/kup-purple-dracka-marihuana-aaaaa\\\/\",\"url\":\"https:\\\/\\\/medicinasinc.com\\\/cs\\\/product\\\/kup-purple-dracka-marihuana-aaaaa\\\/\",\"name\":\"Koupit Purple Dragon (AAAAA) \u2013 Nejlep\u0161\u00ed nejlep\u0161\u00ed glob\u00e1ln\u00ed l\u00e9ky\",\"isPartOf\":{\"@id\":\"https:\\\/\\\/medicinasinc.com\\\/cs\\\/#website\"},\"primaryImageOfPage\":{\"@id\":\"https:\\\/\\\/medicinasinc.com\\\/cs\\\/product\\\/kup-purple-dracka-marihuana-aaaaa\\\/#primaryimage\"},\"image\":{\"@id\":\"https:\\\/\\\/medicinasinc.com\\\/cs\\\/product\\\/kup-purple-dracka-marihuana-aaaaa\\\/#primaryimage\"},\"thumbnailUrl\":\"https:\\\/\\\/medicinasinc.com\\\/cs\\\/wp-content\\\/uploads\\\/sites\\\/2\\\/2022\\\/02\\\/Buy-Purple-Dragon.jpg\",\"datePublished\":\"2022-02-20T19:35:13+00:00\",\"dateModified\":\"2022-03-14T12:31:35+00:00\",\"description\":\"Kupte si kmen marihuany Purple Dragon. \u00c9terick\u00fd a neskute\u010dn\u00fd fialov\u00fd drak je str\u00e1\u017ecem nadpozemsk\u00fdch krystal\u016f. Digit\u00e1ln\u011b maloval Tobias Vyseri.\",\"breadcrumb\":{\"@id\":\"https:\\\/\\\/medicinasinc.com\\\/cs\\\/product\\\/kup-purple-dracka-marihuana-aaaaa\\\/#breadcrumb\"},\"inLanguage\":\"en-US\",\"potentialAction\":[{\"@type\":\"ReadAction\",\"target\":[\"https:\\\/\\\/medicinasinc.com\\\/cs\\\/product\\\/kup-purple-dracka-marihuana-aaaaa\\\/\"]}]},{\"@type\":\"ImageObject\",\"inLanguage\":\"en-US\",\"@id\":\"https:\\\/\\\/medicinasinc.com\\\/cs\\\/product\\\/kup-purple-dracka-marihuana-aaaaa\\\/#primaryimage\",\"url\":\"https:\\\/\\\/medicinasinc.com\\\/cs\\\/wp-content\\\/uploads\\\/sites\\\/2\\\/2022\\\/02\\\/Buy-Purple-Dragon.jpg\",\"contentUrl\":\"https:\\\/\\\/medicinasinc.com\\\/cs\\\/wp-content\\\/uploads\\\/sites\\\/2\\\/2022\\\/02\\\/Buy-Purple-Dragon.jpg\",\"width\":541,\"height\":459},{\"@type\":\"BreadcrumbList\",\"@id\":\"https:\\\/\\\/medicinasinc.com\\\/cs\\\/product\\\/kup-purple-dracka-marihuana-aaaaa\\\/#breadcrumb\",\"itemListElement\":[{\"@type\":\"ListItem\",\"position\":1,\"name\":\"Obchod\",\"item\":\"https:\\\/\\\/medicinasinc.com\\\/cs\\\/obchod\\\/\"},{\"@type\":\"ListItem\",\"position\":2,\"name\":\"Koupit marihuanu Purple Dragon (AAAAA)\"}]},{\"@type\":\"WebSite\",\"@id\":\"https:\\\/\\\/medicinasinc.com\\\/cs\\\/#website\",\"url\":\"https:\\\/\\\/medicinasinc.com\\\/cs\\\/\",\"name\":\"Medicinas Inc\",\"description\":\"Health Medical Clinic\",\"potentialAction\":[{\"@type\":\"SearchAction\",\"target\":{\"@type\":\"EntryPoint\",\"urlTemplate\":\"https:\\\/\\\/medicinasinc.com\\\/cs\\\/?s={search_term_string}\"},\"query-input\":{\"@type\":\"PropertyValueSpecification\",\"valueRequired\":true,\"valueName\":\"search_term_string\"}}],\"inLanguage\":\"en-US\"}]}<\/script>\n<!-- \/ Yoast SEO plugin. -->","yoast_head_json":{"title":"Koupit Purple Dragon (AAAAA) \u2013 Nejlep\u0161\u00ed nejlep\u0161\u00ed glob\u00e1ln\u00ed l\u00e9ky","description":"Kupte si kmen marihuany Purple Dragon. \u00c9terick\u00fd a neskute\u010dn\u00fd fialov\u00fd drak je str\u00e1\u017ecem nadpozemsk\u00fdch krystal\u016f. Digit\u00e1ln\u011b maloval Tobias Vyseri.","robots":{"index":"index","follow":"follow","max-snippet":"max-snippet:-1","max-image-preview":"max-image-preview:large","max-video-preview":"max-video-preview:-1"},"canonical":"https:\/\/medicinasinc.com\/cs\/product\/kup-purple-dracka-marihuana-aaaaa\/","og_locale":"en_US","og_type":"article","og_title":"Koupit Purple Dragon (AAAAA) \u2013 Nejlep\u0161\u00ed nejlep\u0161\u00ed glob\u00e1ln\u00ed l\u00e9ky","og_description":"Kupte si kmen marihuany Purple Dragon. \u00c9terick\u00fd a neskute\u010dn\u00fd fialov\u00fd drak je str\u00e1\u017ecem nadpozemsk\u00fdch krystal\u016f. Digit\u00e1ln\u011b maloval Tobias Vyseri.","og_url":"https:\/\/medicinasinc.com\/cs\/product\/kup-purple-dracka-marihuana-aaaaa\/","og_site_name":"Medicinas Inc","article_modified_time":"2022-03-14T12:31:35+00:00","og_image":[{"width":541,"height":459,"url":"https:\/\/medicinasinc.com\/cs\/wp-content\/uploads\/sites\/2\/2022\/02\/Buy-Purple-Dragon.jpg","type":"image\/jpeg"}],"twitter_card":"summary_large_image","twitter_misc":{"Est. reading time":"1 minute"},"schema":{"@context":"https:\/\/schema.org","@graph":[{"@type":"WebPage","@id":"https:\/\/medicinasinc.com\/cs\/product\/kup-purple-dracka-marihuana-aaaaa\/","url":"https:\/\/medicinasinc.com\/cs\/product\/kup-purple-dracka-marihuana-aaaaa\/","name":"Koupit Purple Dragon (AAAAA) \u2013 Nejlep\u0161\u00ed nejlep\u0161\u00ed glob\u00e1ln\u00ed l\u00e9ky","isPartOf":{"@id":"https:\/\/medicinasinc.com\/cs\/#website"},"primaryImageOfPage":{"@id":"https:\/\/medicinasinc.com\/cs\/product\/kup-purple-dracka-marihuana-aaaaa\/#primaryimage"},"image":{"@id":"https:\/\/medicinasinc.com\/cs\/product\/kup-purple-dracka-marihuana-aaaaa\/#primaryimage"},"thumbnailUrl":"https:\/\/medicinasinc.com\/cs\/wp-content\/uploads\/sites\/2\/2022\/02\/Buy-Purple-Dragon.jpg","datePublished":"2022-02-20T19:35:13+00:00","dateModified":"2022-03-14T12:31:35+00:00","description":"Kupte si kmen marihuany Purple Dragon. \u00c9terick\u00fd a neskute\u010dn\u00fd fialov\u00fd drak je str\u00e1\u017ecem nadpozemsk\u00fdch krystal\u016f. Digit\u00e1ln\u011b maloval Tobias Vyseri.","breadcrumb":{"@id":"https:\/\/medicinasinc.com\/cs\/product\/kup-purple-dracka-marihuana-aaaaa\/#breadcrumb"},"inLanguage":"en-US","potentialAction":[{"@type":"ReadAction","target":["https:\/\/medicinasinc.com\/cs\/product\/kup-purple-dracka-marihuana-aaaaa\/"]}]},{"@type":"ImageObject","inLanguage":"en-US","@id":"https:\/\/medicinasinc.com\/cs\/product\/kup-purple-dracka-marihuana-aaaaa\/#primaryimage","url":"https:\/\/medicinasinc.com\/cs\/wp-content\/uploads\/sites\/2\/2022\/02\/Buy-Purple-Dragon.jpg","contentUrl":"https:\/\/medicinasinc.com\/cs\/wp-content\/uploads\/sites\/2\/2022\/02\/Buy-Purple-Dragon.jpg","width":541,"height":459},{"@type":"BreadcrumbList","@id":"https:\/\/medicinasinc.com\/cs\/product\/kup-purple-dracka-marihuana-aaaaa\/#breadcrumb","itemListElement":[{"@type":"ListItem","position":1,"name":"Obchod","item":"https:\/\/medicinasinc.com\/cs\/obchod\/"},{"@type":"ListItem","position":2,"name":"Koupit marihuanu Purple Dragon (AAAAA)"}]},{"@type":"WebSite","@id":"https:\/\/medicinasinc.com\/cs\/#website","url":"https:\/\/medicinasinc.com\/cs\/","name":"Medicinas Inc","description":"Health Medical Clinic","potentialAction":[{"@type":"SearchAction","target":{"@type":"EntryPoint","urlTemplate":"https:\/\/medicinasinc.com\/cs\/?s={search_term_string}"},"query-input":{"@type":"PropertyValueSpecification","valueRequired":true,"valueName":"search_term_string"}}],"inLanguage":"en-US"}]}},"_links":{"self":[{"href":"https:\/\/medicinasinc.com\/cs\/wp-json\/wp\/v2\/product\/5047","targetHints":{"allow":["GET"]}}],"collection":[{"href":"https:\/\/medicinasinc.com\/cs\/wp-json\/wp\/v2\/product"}],"about":[{"href":"https:\/\/medicinasinc.com\/cs\/wp-json\/wp\/v2\/types\/product"}],"replies":[{"embeddable":true,"href":"https:\/\/medicinasinc.com\/cs\/wp-json\/wp\/v2\/comments?post=5047"}],"wp:featuredmedia":[{"embeddable":true,"href":"https:\/\/medicinasinc.com\/cs\/wp-json\/wp\/v2\/media\/5067"}],"wp:attachment":[{"href":"https:\/\/medicinasinc.com\/cs\/wp-json\/wp\/v2\/media?parent=5047"}],"wp:term":[{"taxonomy":"product_brand","embeddable":true,"href":"https:\/\/medicinasinc.com\/cs\/wp-json\/wp\/v2\/product_brand?post=5047"},{"taxonomy":"product_cat","embeddable":true,"href":"https:\/\/medicinasinc.com\/cs\/wp-json\/wp\/v2\/product_cat?post=5047"},{"taxonomy":"product_tag","embeddable":true,"href":"https:\/\/medicinasinc.com\/cs\/wp-json\/wp\/v2\/product_tag?post=5047"}],"curies":[{"name":"wp","href":"https:\/\/api.w.org\/{rel}","templated":true}]}}