{"id":5046,"date":"2022-02-20T19:34:10","date_gmt":"2022-02-20T19:34:10","guid":{"rendered":"https:\/\/medicinasinc.com\/cs\/?post_type=product&#038;p=5046"},"modified":"2022-03-14T12:31:47","modified_gmt":"2022-03-14T12:31:47","slug":"koupit-cokolada-fondue-kmen","status":"publish","type":"product","link":"https:\/\/medicinasinc.com\/cs\/product\/koupit-cokolada-fondue-kmen\/","title":{"rendered":"Koupit Chocolate Fondue Strain"},"content":{"rendered":"<p>Informace o odr\u016fd\u011b Chocolate Fondue<\/p>\n<p>\u010cokol\u00e1dov\u00e9 fondue je k\u0159\u00ed\u017eenec s dominantn\u00ed sativou vyvinut\u00fd spole\u010dnost\u00ed DNA Genetics, kter\u00fd kombinuje povzn\u00e1\u0161ej\u00edc\u00ed schopnosti \u010dokol\u00e1dy s uklid\u0148uj\u00edc\u00edmi \u00fa\u010dinky a jedine\u010dnou chut\u00ed s\u00fdra Exodus.<\/p>\n<p>\u00da\u010dinky \u010dokol\u00e1dov\u00e9ho fondue zklid\u0148uj\u00ed t\u011blo a zklid\u0148uj\u00ed mysl a ukol\u00e9b\u00e1 v\u00e1s do stavu p\u0159\u00edjemn\u00e9ho v\u011bdom\u00ed. Tato odr\u016fda konop\u00ed je skv\u011bl\u00e1 ve dne i v noci d\u00edky sv\u00e9 rozmanit\u00e9 v\u016fni a sladk\u00fdm p\u0159\u00edchut\u00edm.<\/p>\n<p>L\u00e9\u010div\u00e9 vlastnosti odr\u016fdy Chocolate Fondue Strain<\/p>\n<p>Existuje mnoho d\u016fvod\u016f, pro\u010d pou\u017e\u00edvat odr\u016fdy konop\u00ed. N\u00e1sleduje \u0161est hlavn\u00edch d\u016fvod\u016f, pro\u010d zv\u00e1\u017eit jejich pou\u017eit\u00ed. P\u0159irozen\u011b, \u010d\u00edm vy\u0161\u0161\u00ed je potence, t\u00edm siln\u011bj\u0161\u00ed je vysok\u00e1!<\/p>\n<p>1 \u2013 Zm\u00edr\u0148uje chronickou bolest<\/p>\n<p>Konop\u00ed obsahuje chemick\u00e9 slo\u017een\u00ed, kter\u00e9 pom\u00e1h\u00e1 zm\u00edr\u0148ovat bolest. Obecn\u011b plat\u00ed, \u017ee barva konop\u00ed tak\u00e9 nazna\u010duje jeho s\u00edlu. Mnoho lid\u00ed zjistilo, \u017ee je to pravda.<\/p>\n<p>2 &#8211; Zv\u00fd\u0161en\u00e1 kapacita plic<\/p>\n<p>V\u00edte? Kou\u0159en\u00ed konop\u00ed je mnohem lep\u0161\u00ed ne\u017e kou\u0159en\u00ed cigaret. Nav\u00edc v\u00e1m pom\u016f\u017ee zv\u00fd\u0161it kapacitu plic.<\/p>\n<p>3 \u2013 Obezita<\/p>\n<p>Naprost\u00e1 v\u011bt\u0161ina u\u017eivatel\u016f marihuany nen\u00ed ob\u00e9zn\u00ed. Pravideln\u00e9 u\u017e\u00edv\u00e1n\u00ed tohoto kv\u011btu marihuany v\u00e1m toti\u017e pom\u016f\u017ee kontrolovat spot\u0159ebu kalori\u00ed.<\/p>\n<p>4 \u2013 Prevence diabetu<\/p>\n<p>Jakmile je diagnostikov\u00e1n diabetes, budete ho m\u00edt po zbytek sv\u00e9ho \u017eivota. \u017eivot. Hladinu cukru v krvi m\u016f\u017eete jednodu\u0161e \u0159\u00eddit tak, aby d\u00e1le nerostla.<\/p>\n<p>Konop\u00ed m\u016f\u017ee pomoci stabilizovat hladinu cukru v krvi a sn\u00ed\u017eit krevn\u00ed tlak!<\/p>\n<p>5 \u2013 Pom\u00e1h\u00e1 depresivn\u00edm jedinc\u016fm<\/p>\n<p> p&gt; <\/p>\n<p>N\u011bkte\u0159\u00ed lid\u00e9 jsou v depresi, ani\u017e by si toho byli v\u011bdomi. Konop\u00ed m\u016f\u017ee pomoci uklidnit va\u0161i n\u00e1ladu v p\u0159\u00edpad\u011b deprese.<\/p>\n<p>Kde koupit \u010dokol\u00e1dov\u00e9 fondue v Kanad\u011b<\/p>\n<p>V Kanad\u011b jsou i jin\u00e9 l\u00e9k\u00e1rny, kde m\u016f\u017eete \u010dokol\u00e1dov\u00e9 fondue z\u00edskat kmen plevele, na\u0161e v\u00fddejna v Mail Order Marihuana nab\u00edz\u00ed n\u011bkter\u00e9 z nejkvalitn\u011bj\u0161\u00edch dostupn\u00fdch produkt\u016f.<\/p>\n<p>Zaru\u010dujeme, \u017ee dostanete vysoce kvalitn\u00ed produkty nebo v\u00e1m vr\u00e1t\u00edme pen\u00edze!<\/p>\n<p>Nav\u00edc , objedn\u00e1vky nad 100 $ maj\u00ed dopravu zdarma!<\/p>\n","protected":false},"excerpt":{"rendered":"<div class=\"woocommerce-product-details__short-description\">\n<p>Nakupte kvalitn\u00ed \u010dokol\u00e1dov\u00e9 fondue kmen online. Chocolate Fondue Strain je dominantn\u00ed hybrid sativy \u2013 80 % Sativa \/ 20 % Indica THC: 17 %<\/p>\n<\/p><\/div>\n","protected":false},"featured_media":5065,"comment_status":"open","ping_status":"closed","template":"","meta":[],"product_brand":[],"product_cat":[778],"product_tag":[1005,1004],"class_list":{"0":"post-5046","1":"product","2":"type-product","3":"status-publish","4":"has-post-thumbnail","6":"product_cat-trava-na-prodej","7":"product_tag-chocolate-fudge-strain","8":"product_tag-sr-fondue-kmen","10":"first","11":"instock","12":"shipping-taxable","13":"purchasable","14":"product-type-variable","15":"has-default-attributes"},"yoast_head":"<!-- This site is optimized with the Yoast SEO plugin v27.3 - https:\/\/yoast.com\/product\/yoast-seo-wordpress\/ -->\n<title>Kupte si kvalitn\u00ed \u010dokol\u00e1dov\u00e9 fondue kmen online \u2013 nejlep\u0161\u00ed glob\u00e1ln\u00ed l\u00e9ky<\/title>\n<meta name=\"description\" content=\"Kupte si kvalitn\u00ed \u010dokol\u00e1dov\u00e9 fondue kmen online. Chocolate Fondue Strain je dominantn\u00ed hybrid sativy \u2013 80 % Sativa \/ 20 % Indica THC: 17 %\" \/>\n<meta name=\"robots\" content=\"index, follow, max-snippet:-1, max-image-preview:large, max-video-preview:-1\" \/>\n<link rel=\"canonical\" href=\"https:\/\/medicinasinc.com\/cs\/product\/koupit-cokolada-fondue-kmen\/\" \/>\n<meta property=\"og:locale\" content=\"en_US\" \/>\n<meta property=\"og:type\" content=\"article\" \/>\n<meta property=\"og:title\" content=\"Kupte si kvalitn\u00ed \u010dokol\u00e1dov\u00e9 fondue kmen online \u2013 nejlep\u0161\u00ed glob\u00e1ln\u00ed l\u00e9ky\" \/>\n<meta property=\"og:description\" content=\"Kupte si kvalitn\u00ed \u010dokol\u00e1dov\u00e9 fondue kmen online. Chocolate Fondue Strain je dominantn\u00ed hybrid sativy \u2013 80 % Sativa \/ 20 % Indica THC: 17 %\" \/>\n<meta property=\"og:url\" content=\"https:\/\/medicinasinc.com\/cs\/product\/koupit-cokolada-fondue-kmen\/\" \/>\n<meta property=\"og:site_name\" content=\"Medicinas Inc\" \/>\n<meta property=\"article:modified_time\" content=\"2022-03-14T12:31:47+00:00\" \/>\n<meta property=\"og:image\" content=\"https:\/\/medicinasinc.com\/cs\/wp-content\/uploads\/sites\/2\/2022\/02\/Buy-Quality-Chocolate-Fondue.jpg\" \/>\n\t<meta property=\"og:image:width\" content=\"667\" \/>\n\t<meta property=\"og:image:height\" content=\"1000\" \/>\n\t<meta property=\"og:image:type\" content=\"image\/jpeg\" \/>\n<meta name=\"twitter:card\" content=\"summary_large_image\" \/>\n<meta name=\"twitter:label1\" content=\"Est. reading time\" \/>\n\t<meta name=\"twitter:data1\" content=\"2 minutes\" \/>\n<script type=\"application\/ld+json\" class=\"yoast-schema-graph\">{\"@context\":\"https:\\\/\\\/schema.org\",\"@graph\":[{\"@type\":\"WebPage\",\"@id\":\"https:\\\/\\\/medicinasinc.com\\\/cs\\\/product\\\/koupit-cokolada-fondue-kmen\\\/\",\"url\":\"https:\\\/\\\/medicinasinc.com\\\/cs\\\/product\\\/koupit-cokolada-fondue-kmen\\\/\",\"name\":\"Kupte si kvalitn\u00ed \u010dokol\u00e1dov\u00e9 fondue kmen online \u2013 nejlep\u0161\u00ed glob\u00e1ln\u00ed l\u00e9ky\",\"isPartOf\":{\"@id\":\"https:\\\/\\\/medicinasinc.com\\\/cs\\\/#website\"},\"primaryImageOfPage\":{\"@id\":\"https:\\\/\\\/medicinasinc.com\\\/cs\\\/product\\\/koupit-cokolada-fondue-kmen\\\/#primaryimage\"},\"image\":{\"@id\":\"https:\\\/\\\/medicinasinc.com\\\/cs\\\/product\\\/koupit-cokolada-fondue-kmen\\\/#primaryimage\"},\"thumbnailUrl\":\"https:\\\/\\\/medicinasinc.com\\\/cs\\\/wp-content\\\/uploads\\\/sites\\\/2\\\/2022\\\/02\\\/Buy-Quality-Chocolate-Fondue.jpg\",\"datePublished\":\"2022-02-20T19:34:10+00:00\",\"dateModified\":\"2022-03-14T12:31:47+00:00\",\"description\":\"Kupte si kvalitn\u00ed \u010dokol\u00e1dov\u00e9 fondue kmen online. Chocolate Fondue Strain je dominantn\u00ed hybrid sativy \u2013 80 % Sativa \\\/ 20 % Indica THC: 17 %\",\"breadcrumb\":{\"@id\":\"https:\\\/\\\/medicinasinc.com\\\/cs\\\/product\\\/koupit-cokolada-fondue-kmen\\\/#breadcrumb\"},\"inLanguage\":\"en-US\",\"potentialAction\":[{\"@type\":\"ReadAction\",\"target\":[\"https:\\\/\\\/medicinasinc.com\\\/cs\\\/product\\\/koupit-cokolada-fondue-kmen\\\/\"]}]},{\"@type\":\"ImageObject\",\"inLanguage\":\"en-US\",\"@id\":\"https:\\\/\\\/medicinasinc.com\\\/cs\\\/product\\\/koupit-cokolada-fondue-kmen\\\/#primaryimage\",\"url\":\"https:\\\/\\\/medicinasinc.com\\\/cs\\\/wp-content\\\/uploads\\\/sites\\\/2\\\/2022\\\/02\\\/Buy-Quality-Chocolate-Fondue.jpg\",\"contentUrl\":\"https:\\\/\\\/medicinasinc.com\\\/cs\\\/wp-content\\\/uploads\\\/sites\\\/2\\\/2022\\\/02\\\/Buy-Quality-Chocolate-Fondue.jpg\",\"width\":667,\"height\":1000},{\"@type\":\"BreadcrumbList\",\"@id\":\"https:\\\/\\\/medicinasinc.com\\\/cs\\\/product\\\/koupit-cokolada-fondue-kmen\\\/#breadcrumb\",\"itemListElement\":[{\"@type\":\"ListItem\",\"position\":1,\"name\":\"Obchod\",\"item\":\"https:\\\/\\\/medicinasinc.com\\\/cs\\\/obchod\\\/\"},{\"@type\":\"ListItem\",\"position\":2,\"name\":\"Koupit Chocolate Fondue Strain\"}]},{\"@type\":\"WebSite\",\"@id\":\"https:\\\/\\\/medicinasinc.com\\\/cs\\\/#website\",\"url\":\"https:\\\/\\\/medicinasinc.com\\\/cs\\\/\",\"name\":\"Medicinas Inc\",\"description\":\"Health Medical Clinic\",\"potentialAction\":[{\"@type\":\"SearchAction\",\"target\":{\"@type\":\"EntryPoint\",\"urlTemplate\":\"https:\\\/\\\/medicinasinc.com\\\/cs\\\/?s={search_term_string}\"},\"query-input\":{\"@type\":\"PropertyValueSpecification\",\"valueRequired\":true,\"valueName\":\"search_term_string\"}}],\"inLanguage\":\"en-US\"}]}<\/script>\n<!-- \/ Yoast SEO plugin. -->","yoast_head_json":{"title":"Kupte si kvalitn\u00ed \u010dokol\u00e1dov\u00e9 fondue kmen online \u2013 nejlep\u0161\u00ed glob\u00e1ln\u00ed l\u00e9ky","description":"Kupte si kvalitn\u00ed \u010dokol\u00e1dov\u00e9 fondue kmen online. Chocolate Fondue Strain je dominantn\u00ed hybrid sativy \u2013 80 % Sativa \/ 20 % Indica THC: 17 %","robots":{"index":"index","follow":"follow","max-snippet":"max-snippet:-1","max-image-preview":"max-image-preview:large","max-video-preview":"max-video-preview:-1"},"canonical":"https:\/\/medicinasinc.com\/cs\/product\/koupit-cokolada-fondue-kmen\/","og_locale":"en_US","og_type":"article","og_title":"Kupte si kvalitn\u00ed \u010dokol\u00e1dov\u00e9 fondue kmen online \u2013 nejlep\u0161\u00ed glob\u00e1ln\u00ed l\u00e9ky","og_description":"Kupte si kvalitn\u00ed \u010dokol\u00e1dov\u00e9 fondue kmen online. Chocolate Fondue Strain je dominantn\u00ed hybrid sativy \u2013 80 % Sativa \/ 20 % Indica THC: 17 %","og_url":"https:\/\/medicinasinc.com\/cs\/product\/koupit-cokolada-fondue-kmen\/","og_site_name":"Medicinas Inc","article_modified_time":"2022-03-14T12:31:47+00:00","og_image":[{"width":667,"height":1000,"url":"https:\/\/medicinasinc.com\/cs\/wp-content\/uploads\/sites\/2\/2022\/02\/Buy-Quality-Chocolate-Fondue.jpg","type":"image\/jpeg"}],"twitter_card":"summary_large_image","twitter_misc":{"Est. reading time":"2 minutes"},"schema":{"@context":"https:\/\/schema.org","@graph":[{"@type":"WebPage","@id":"https:\/\/medicinasinc.com\/cs\/product\/koupit-cokolada-fondue-kmen\/","url":"https:\/\/medicinasinc.com\/cs\/product\/koupit-cokolada-fondue-kmen\/","name":"Kupte si kvalitn\u00ed \u010dokol\u00e1dov\u00e9 fondue kmen online \u2013 nejlep\u0161\u00ed glob\u00e1ln\u00ed l\u00e9ky","isPartOf":{"@id":"https:\/\/medicinasinc.com\/cs\/#website"},"primaryImageOfPage":{"@id":"https:\/\/medicinasinc.com\/cs\/product\/koupit-cokolada-fondue-kmen\/#primaryimage"},"image":{"@id":"https:\/\/medicinasinc.com\/cs\/product\/koupit-cokolada-fondue-kmen\/#primaryimage"},"thumbnailUrl":"https:\/\/medicinasinc.com\/cs\/wp-content\/uploads\/sites\/2\/2022\/02\/Buy-Quality-Chocolate-Fondue.jpg","datePublished":"2022-02-20T19:34:10+00:00","dateModified":"2022-03-14T12:31:47+00:00","description":"Kupte si kvalitn\u00ed \u010dokol\u00e1dov\u00e9 fondue kmen online. Chocolate Fondue Strain je dominantn\u00ed hybrid sativy \u2013 80 % Sativa \/ 20 % Indica THC: 17 %","breadcrumb":{"@id":"https:\/\/medicinasinc.com\/cs\/product\/koupit-cokolada-fondue-kmen\/#breadcrumb"},"inLanguage":"en-US","potentialAction":[{"@type":"ReadAction","target":["https:\/\/medicinasinc.com\/cs\/product\/koupit-cokolada-fondue-kmen\/"]}]},{"@type":"ImageObject","inLanguage":"en-US","@id":"https:\/\/medicinasinc.com\/cs\/product\/koupit-cokolada-fondue-kmen\/#primaryimage","url":"https:\/\/medicinasinc.com\/cs\/wp-content\/uploads\/sites\/2\/2022\/02\/Buy-Quality-Chocolate-Fondue.jpg","contentUrl":"https:\/\/medicinasinc.com\/cs\/wp-content\/uploads\/sites\/2\/2022\/02\/Buy-Quality-Chocolate-Fondue.jpg","width":667,"height":1000},{"@type":"BreadcrumbList","@id":"https:\/\/medicinasinc.com\/cs\/product\/koupit-cokolada-fondue-kmen\/#breadcrumb","itemListElement":[{"@type":"ListItem","position":1,"name":"Obchod","item":"https:\/\/medicinasinc.com\/cs\/obchod\/"},{"@type":"ListItem","position":2,"name":"Koupit Chocolate Fondue Strain"}]},{"@type":"WebSite","@id":"https:\/\/medicinasinc.com\/cs\/#website","url":"https:\/\/medicinasinc.com\/cs\/","name":"Medicinas Inc","description":"Health Medical Clinic","potentialAction":[{"@type":"SearchAction","target":{"@type":"EntryPoint","urlTemplate":"https:\/\/medicinasinc.com\/cs\/?s={search_term_string}"},"query-input":{"@type":"PropertyValueSpecification","valueRequired":true,"valueName":"search_term_string"}}],"inLanguage":"en-US"}]}},"_links":{"self":[{"href":"https:\/\/medicinasinc.com\/cs\/wp-json\/wp\/v2\/product\/5046","targetHints":{"allow":["GET"]}}],"collection":[{"href":"https:\/\/medicinasinc.com\/cs\/wp-json\/wp\/v2\/product"}],"about":[{"href":"https:\/\/medicinasinc.com\/cs\/wp-json\/wp\/v2\/types\/product"}],"replies":[{"embeddable":true,"href":"https:\/\/medicinasinc.com\/cs\/wp-json\/wp\/v2\/comments?post=5046"}],"wp:featuredmedia":[{"embeddable":true,"href":"https:\/\/medicinasinc.com\/cs\/wp-json\/wp\/v2\/media\/5065"}],"wp:attachment":[{"href":"https:\/\/medicinasinc.com\/cs\/wp-json\/wp\/v2\/media?parent=5046"}],"wp:term":[{"taxonomy":"product_brand","embeddable":true,"href":"https:\/\/medicinasinc.com\/cs\/wp-json\/wp\/v2\/product_brand?post=5046"},{"taxonomy":"product_cat","embeddable":true,"href":"https:\/\/medicinasinc.com\/cs\/wp-json\/wp\/v2\/product_cat?post=5046"},{"taxonomy":"product_tag","embeddable":true,"href":"https:\/\/medicinasinc.com\/cs\/wp-json\/wp\/v2\/product_tag?post=5046"}],"curies":[{"name":"wp","href":"https:\/\/api.w.org\/{rel}","templated":true}]}}