{"id":5045,"date":"2022-02-20T19:32:59","date_gmt":"2022-02-20T19:32:59","guid":{"rendered":"https:\/\/medicinasinc.com\/cs\/?post_type=product&#038;p=5045"},"modified":"2022-03-14T12:32:02","modified_gmt":"2022-03-14T12:32:02","slug":"koupit-skalna-hora-boruvka","status":"publish","type":"product","link":"https:\/\/medicinasinc.com\/cs\/product\/koupit-skalna-hora-boruvka\/","title":{"rendered":"Kupte si Rocky Mountain Blueberry"},"content":{"rendered":"<h1><a href=\"https:\/\/www.bestglobalmeds.com\/product\/marihuana\/rocky-mountain\/\">Koupit Rocky Mountain Blueberry<\/a> Kmen<\/h1>\n<p>Rocky Mountain Blueberry je dominantn\u00ed Indica Hybridn\u00ed \u2013 70 % Indica \/ 30 % Sativa THC: 15 % \u2013 18 %<\/p>\n<p>\u00da\u010dinky<br \/> Vzru\u0161en\u00fd, kreativn\u00ed, energizuj\u00edc\u00ed, \u0161\u0165astn\u00fd, motivovan\u00fd, relaxa\u010dn\u00ed<br \/> M\u016f\u017ee zm\u00edrnit<br \/> deprese , \u00danava, Glaukom, Bolesti hlavy, Stres<br \/> P\u0159\u00edchut\u011b<br \/> Bobule, Cukrov\u00ed, Ovocn\u00e9, Sladk\u00e9<br \/> V\u016fn\u011b<br \/> Bobule, Bor\u016fvky, Zemit\u00e9, Bylinn\u00e9, Sladk\u00e9<\/p>\n<p>Komenn\u00e9 Mountain Blueberry je indica dominantn\u00ed hybridn\u00ed kmen vy\u0161lecht\u011bn\u00fd z \u00fa\u017easn\u011b chutn\u00fdch kmen\u016f Shishkaberry a Blueberry. Tato odr\u016fda je zn\u00e1m\u00e1 svou sv\u016fdnou chut\u00ed \u2013 podobnou sv\u016fdn\u00fdm, \u010derstv\u011b natrhan\u00fdm bor\u016fvk\u00e1m nebo \u0161\u0165avnat\u00e9mu cukrov\u00ed s p\u0159\u00edchut\u00ed bor\u016fvek! V\u016fn\u011b je stejn\u011b delik\u00e1tn\u00ed, s t\u00f3ny zemit\u00fdch bor\u016fvek, \u010derstv\u00e9 borovice a \u0161petky citronu. Rocky Mountain Blueberry high je tak sladk\u00e9, jak chutn\u00e1, se stimuluj\u00edc\u00edmi a povzbuzuj\u00edc\u00edmi \u00fa\u010dinky, kter\u00e9 jsou ide\u00e1ln\u00ed pro p\u0159\u00edpravu na venkovn\u00ed dobrodru\u017estv\u00ed. Budete se c\u00edtit pohodln\u011b a p\u0159itom p\u0159ipraveni vyrazit na t\u00faru, plavat, b\u011bhat nebo cokoli jin\u00e9ho, \u200b\u200bco v\u00e1s napadne, kdy\u017e budete venku. Tato n\u00e1lada m\u016f\u017ee b\u00fdt ob\u010das m\u00edrn\u011b mraven\u010d\u00ed, tak\u017ee se c\u00edt\u00edte trochu \u00fazkostliv\u011b a m\u00edrn\u011b vzru\u0161en\u011b. Rocky Mountain Blueberry je \u00fadajn\u011b ide\u00e1ln\u00ed pro l\u00e9\u010dbu nemoc\u00ed, jako je vy\u010derp\u00e1n\u00ed, deprese, bolesti hlavy nebo migr\u00e9ny a glaukom nebo vysok\u00fd o\u010dn\u00ed tlak, proto\u017ee k t\u011bmto \u00fa\u010dink\u016fm m\u00e1 v\u00fdznamn\u00fd pr\u016fm\u011brn\u00fd obsah THC 15-18 procent. Toto poup\u011b charakterizuj\u00ed tmav\u011b olivov\u011b zelen\u00e9 pecky s modr\u00fdm podt\u00f3nem a povlakem \u017eiv\u00fdch levandulov\u011b zbarven\u00fdch trichom\u016f.<\/p>\n","protected":false},"excerpt":{"rendered":"<div class=\"woocommerce-product-details__short-description\">\n<p>Online n\u00e1kup odr\u016fdy Rocky Mountain Blueberry. Rocky Mountain Blueberry je dominantn\u00ed Indica Hybrid &#8211; 70 % Indica \/ 30 % Sativa. Obsah THC v sativ\u011b: 15 %\u201318 %<\/p>\n<p>Rocky Mountain Blueberry je hybridn\u00ed kmen s dominantn\u00ed indikou vy\u0161lecht\u011bn\u00fd z neuv\u011b\u0159iteln\u011b chutn\u00fdch rodi\u010d\u016f Shishkaberry X Blueberry.<\/p>\n<\/p><\/div>\n","protected":false},"featured_media":5063,"comment_status":"open","ping_status":"closed","template":"","meta":[],"product_brand":[],"product_cat":[778],"product_tag":[996,999,998,1003,997,1000,1001,1002],"class_list":{"0":"post-5045","1":"product","2":"type-product","3":"status-publish","4":"has-post-thumbnail","6":"product_cat-trava-na-prodej","7":"product_tag-blueberry-strain-allbud","8":"product_tag-hora-a","9":"product_tag-hora-berry-kush-kmen","10":"product_tag-swiss-berry-kmen","11":"product_tag-mikado-strain-leafly","12":"product_tag-rocky-mountain-fire-strain","13":"product_tag-rocky-mountain-high-strain","14":"product_tag-shazam-strain-leafly","16":"first","17":"instock","18":"shipping-taxable","19":"purchasable","20":"product-type-variable","21":"has-default-attributes"},"yoast_head":"<!-- This site is optimized with the Yoast SEO plugin v27.3 - https:\/\/yoast.com\/product\/yoast-seo-wordpress\/ -->\n<title>Kupte si kmen Rocky Mountain Blueberry \u2013 nejlep\u0161\u00ed glob\u00e1ln\u00ed l\u00e9ky<\/title>\n<meta name=\"description\" content=\"Koupit Rocky Mountain Blueberry Kmen Rocky Mountain Blueberry je Indica Dominant Hybrid - 70 % Indica \/ 30 % Sativa THC: 15 % - 18 % Vzru\u0161en\u00e9, kreativn\u00ed.\" \/>\n<meta name=\"robots\" content=\"index, follow, max-snippet:-1, max-image-preview:large, max-video-preview:-1\" \/>\n<link rel=\"canonical\" href=\"https:\/\/medicinasinc.com\/cs\/product\/koupit-skalna-hora-boruvka\/\" \/>\n<meta property=\"og:locale\" content=\"en_US\" \/>\n<meta property=\"og:type\" content=\"article\" \/>\n<meta property=\"og:title\" content=\"Kupte si kmen Rocky Mountain Blueberry \u2013 nejlep\u0161\u00ed glob\u00e1ln\u00ed l\u00e9ky\" \/>\n<meta property=\"og:description\" content=\"Koupit Rocky Mountain Blueberry Kmen Rocky Mountain Blueberry je Indica Dominant Hybrid - 70 % Indica \/ 30 % Sativa THC: 15 % - 18 % Vzru\u0161en\u00e9, kreativn\u00ed.\" \/>\n<meta property=\"og:url\" content=\"https:\/\/medicinasinc.com\/cs\/product\/koupit-skalna-hora-boruvka\/\" \/>\n<meta property=\"og:site_name\" content=\"Medicinas Inc\" \/>\n<meta property=\"article:modified_time\" content=\"2022-03-14T12:32:02+00:00\" \/>\n<meta property=\"og:image\" content=\"https:\/\/medicinasinc.com\/cs\/wp-content\/uploads\/sites\/2\/2022\/02\/Buy-Rocky-Mountain-Blueberry.jpg\" \/>\n\t<meta property=\"og:image:width\" content=\"1200\" \/>\n\t<meta property=\"og:image:height\" content=\"630\" \/>\n\t<meta property=\"og:image:type\" content=\"image\/jpeg\" \/>\n<meta name=\"twitter:card\" content=\"summary_large_image\" \/>\n<meta name=\"twitter:label1\" content=\"Est. reading time\" \/>\n\t<meta name=\"twitter:data1\" content=\"1 minute\" \/>\n<script type=\"application\/ld+json\" class=\"yoast-schema-graph\">{\"@context\":\"https:\\\/\\\/schema.org\",\"@graph\":[{\"@type\":\"WebPage\",\"@id\":\"https:\\\/\\\/medicinasinc.com\\\/cs\\\/product\\\/koupit-skalna-hora-boruvka\\\/\",\"url\":\"https:\\\/\\\/medicinasinc.com\\\/cs\\\/product\\\/koupit-skalna-hora-boruvka\\\/\",\"name\":\"Kupte si kmen Rocky Mountain Blueberry \u2013 nejlep\u0161\u00ed glob\u00e1ln\u00ed l\u00e9ky\",\"isPartOf\":{\"@id\":\"https:\\\/\\\/medicinasinc.com\\\/cs\\\/#website\"},\"primaryImageOfPage\":{\"@id\":\"https:\\\/\\\/medicinasinc.com\\\/cs\\\/product\\\/koupit-skalna-hora-boruvka\\\/#primaryimage\"},\"image\":{\"@id\":\"https:\\\/\\\/medicinasinc.com\\\/cs\\\/product\\\/koupit-skalna-hora-boruvka\\\/#primaryimage\"},\"thumbnailUrl\":\"https:\\\/\\\/medicinasinc.com\\\/cs\\\/wp-content\\\/uploads\\\/sites\\\/2\\\/2022\\\/02\\\/Buy-Rocky-Mountain-Blueberry.jpg\",\"datePublished\":\"2022-02-20T19:32:59+00:00\",\"dateModified\":\"2022-03-14T12:32:02+00:00\",\"description\":\"Koupit Rocky Mountain Blueberry Kmen Rocky Mountain Blueberry je Indica Dominant Hybrid - 70 % Indica \\\/ 30 % Sativa THC: 15 % - 18 % Vzru\u0161en\u00e9, kreativn\u00ed.\",\"breadcrumb\":{\"@id\":\"https:\\\/\\\/medicinasinc.com\\\/cs\\\/product\\\/koupit-skalna-hora-boruvka\\\/#breadcrumb\"},\"inLanguage\":\"en-US\",\"potentialAction\":[{\"@type\":\"ReadAction\",\"target\":[\"https:\\\/\\\/medicinasinc.com\\\/cs\\\/product\\\/koupit-skalna-hora-boruvka\\\/\"]}]},{\"@type\":\"ImageObject\",\"inLanguage\":\"en-US\",\"@id\":\"https:\\\/\\\/medicinasinc.com\\\/cs\\\/product\\\/koupit-skalna-hora-boruvka\\\/#primaryimage\",\"url\":\"https:\\\/\\\/medicinasinc.com\\\/cs\\\/wp-content\\\/uploads\\\/sites\\\/2\\\/2022\\\/02\\\/Buy-Rocky-Mountain-Blueberry.jpg\",\"contentUrl\":\"https:\\\/\\\/medicinasinc.com\\\/cs\\\/wp-content\\\/uploads\\\/sites\\\/2\\\/2022\\\/02\\\/Buy-Rocky-Mountain-Blueberry.jpg\",\"width\":1200,\"height\":630},{\"@type\":\"BreadcrumbList\",\"@id\":\"https:\\\/\\\/medicinasinc.com\\\/cs\\\/product\\\/koupit-skalna-hora-boruvka\\\/#breadcrumb\",\"itemListElement\":[{\"@type\":\"ListItem\",\"position\":1,\"name\":\"Obchod\",\"item\":\"https:\\\/\\\/medicinasinc.com\\\/cs\\\/obchod\\\/\"},{\"@type\":\"ListItem\",\"position\":2,\"name\":\"Kupte si Rocky Mountain Blueberry\"}]},{\"@type\":\"WebSite\",\"@id\":\"https:\\\/\\\/medicinasinc.com\\\/cs\\\/#website\",\"url\":\"https:\\\/\\\/medicinasinc.com\\\/cs\\\/\",\"name\":\"Medicinas Inc\",\"description\":\"Health Medical Clinic\",\"potentialAction\":[{\"@type\":\"SearchAction\",\"target\":{\"@type\":\"EntryPoint\",\"urlTemplate\":\"https:\\\/\\\/medicinasinc.com\\\/cs\\\/?s={search_term_string}\"},\"query-input\":{\"@type\":\"PropertyValueSpecification\",\"valueRequired\":true,\"valueName\":\"search_term_string\"}}],\"inLanguage\":\"en-US\"}]}<\/script>\n<!-- \/ Yoast SEO plugin. -->","yoast_head_json":{"title":"Kupte si kmen Rocky Mountain Blueberry \u2013 nejlep\u0161\u00ed glob\u00e1ln\u00ed l\u00e9ky","description":"Koupit Rocky Mountain Blueberry Kmen Rocky Mountain Blueberry je Indica Dominant Hybrid - 70 % Indica \/ 30 % Sativa THC: 15 % - 18 % Vzru\u0161en\u00e9, kreativn\u00ed.","robots":{"index":"index","follow":"follow","max-snippet":"max-snippet:-1","max-image-preview":"max-image-preview:large","max-video-preview":"max-video-preview:-1"},"canonical":"https:\/\/medicinasinc.com\/cs\/product\/koupit-skalna-hora-boruvka\/","og_locale":"en_US","og_type":"article","og_title":"Kupte si kmen Rocky Mountain Blueberry \u2013 nejlep\u0161\u00ed glob\u00e1ln\u00ed l\u00e9ky","og_description":"Koupit Rocky Mountain Blueberry Kmen Rocky Mountain Blueberry je Indica Dominant Hybrid - 70 % Indica \/ 30 % Sativa THC: 15 % - 18 % Vzru\u0161en\u00e9, kreativn\u00ed.","og_url":"https:\/\/medicinasinc.com\/cs\/product\/koupit-skalna-hora-boruvka\/","og_site_name":"Medicinas Inc","article_modified_time":"2022-03-14T12:32:02+00:00","og_image":[{"width":1200,"height":630,"url":"https:\/\/medicinasinc.com\/cs\/wp-content\/uploads\/sites\/2\/2022\/02\/Buy-Rocky-Mountain-Blueberry.jpg","type":"image\/jpeg"}],"twitter_card":"summary_large_image","twitter_misc":{"Est. reading time":"1 minute"},"schema":{"@context":"https:\/\/schema.org","@graph":[{"@type":"WebPage","@id":"https:\/\/medicinasinc.com\/cs\/product\/koupit-skalna-hora-boruvka\/","url":"https:\/\/medicinasinc.com\/cs\/product\/koupit-skalna-hora-boruvka\/","name":"Kupte si kmen Rocky Mountain Blueberry \u2013 nejlep\u0161\u00ed glob\u00e1ln\u00ed l\u00e9ky","isPartOf":{"@id":"https:\/\/medicinasinc.com\/cs\/#website"},"primaryImageOfPage":{"@id":"https:\/\/medicinasinc.com\/cs\/product\/koupit-skalna-hora-boruvka\/#primaryimage"},"image":{"@id":"https:\/\/medicinasinc.com\/cs\/product\/koupit-skalna-hora-boruvka\/#primaryimage"},"thumbnailUrl":"https:\/\/medicinasinc.com\/cs\/wp-content\/uploads\/sites\/2\/2022\/02\/Buy-Rocky-Mountain-Blueberry.jpg","datePublished":"2022-02-20T19:32:59+00:00","dateModified":"2022-03-14T12:32:02+00:00","description":"Koupit Rocky Mountain Blueberry Kmen Rocky Mountain Blueberry je Indica Dominant Hybrid - 70 % Indica \/ 30 % Sativa THC: 15 % - 18 % Vzru\u0161en\u00e9, kreativn\u00ed.","breadcrumb":{"@id":"https:\/\/medicinasinc.com\/cs\/product\/koupit-skalna-hora-boruvka\/#breadcrumb"},"inLanguage":"en-US","potentialAction":[{"@type":"ReadAction","target":["https:\/\/medicinasinc.com\/cs\/product\/koupit-skalna-hora-boruvka\/"]}]},{"@type":"ImageObject","inLanguage":"en-US","@id":"https:\/\/medicinasinc.com\/cs\/product\/koupit-skalna-hora-boruvka\/#primaryimage","url":"https:\/\/medicinasinc.com\/cs\/wp-content\/uploads\/sites\/2\/2022\/02\/Buy-Rocky-Mountain-Blueberry.jpg","contentUrl":"https:\/\/medicinasinc.com\/cs\/wp-content\/uploads\/sites\/2\/2022\/02\/Buy-Rocky-Mountain-Blueberry.jpg","width":1200,"height":630},{"@type":"BreadcrumbList","@id":"https:\/\/medicinasinc.com\/cs\/product\/koupit-skalna-hora-boruvka\/#breadcrumb","itemListElement":[{"@type":"ListItem","position":1,"name":"Obchod","item":"https:\/\/medicinasinc.com\/cs\/obchod\/"},{"@type":"ListItem","position":2,"name":"Kupte si Rocky Mountain Blueberry"}]},{"@type":"WebSite","@id":"https:\/\/medicinasinc.com\/cs\/#website","url":"https:\/\/medicinasinc.com\/cs\/","name":"Medicinas Inc","description":"Health Medical Clinic","potentialAction":[{"@type":"SearchAction","target":{"@type":"EntryPoint","urlTemplate":"https:\/\/medicinasinc.com\/cs\/?s={search_term_string}"},"query-input":{"@type":"PropertyValueSpecification","valueRequired":true,"valueName":"search_term_string"}}],"inLanguage":"en-US"}]}},"_links":{"self":[{"href":"https:\/\/medicinasinc.com\/cs\/wp-json\/wp\/v2\/product\/5045","targetHints":{"allow":["GET"]}}],"collection":[{"href":"https:\/\/medicinasinc.com\/cs\/wp-json\/wp\/v2\/product"}],"about":[{"href":"https:\/\/medicinasinc.com\/cs\/wp-json\/wp\/v2\/types\/product"}],"replies":[{"embeddable":true,"href":"https:\/\/medicinasinc.com\/cs\/wp-json\/wp\/v2\/comments?post=5045"}],"wp:featuredmedia":[{"embeddable":true,"href":"https:\/\/medicinasinc.com\/cs\/wp-json\/wp\/v2\/media\/5063"}],"wp:attachment":[{"href":"https:\/\/medicinasinc.com\/cs\/wp-json\/wp\/v2\/media?parent=5045"}],"wp:term":[{"taxonomy":"product_brand","embeddable":true,"href":"https:\/\/medicinasinc.com\/cs\/wp-json\/wp\/v2\/product_brand?post=5045"},{"taxonomy":"product_cat","embeddable":true,"href":"https:\/\/medicinasinc.com\/cs\/wp-json\/wp\/v2\/product_cat?post=5045"},{"taxonomy":"product_tag","embeddable":true,"href":"https:\/\/medicinasinc.com\/cs\/wp-json\/wp\/v2\/product_tag?post=5045"}],"curies":[{"name":"wp","href":"https:\/\/api.w.org\/{rel}","templated":true}]}}