{"id":5044,"date":"2022-02-20T19:31:39","date_gmt":"2022-02-20T19:31:39","guid":{"rendered":"https:\/\/medicinasinc.com\/cs\/?post_type=product&#038;p=5044"},"modified":"2022-03-14T12:32:14","modified_gmt":"2022-03-14T12:32:14","slug":"buy-purple-wreck-marihuana","status":"publish","type":"product","link":"https:\/\/medicinasinc.com\/cs\/product\/buy-purple-wreck-marihuana\/","title":{"rendered":"Kupte si Purple Wreck Marihuana"},"content":{"rendered":"<div class=\"et_pb_column et_pb_column_3_8 et_pb_column_inner et_pb_column_inner_4 \">\n<div>\n<div>Saluft_ple&#8221; Indica-dominantn\u00ed hybridn\u00ed kmen, kter\u00fd m\u00e1 schopnost ohromit i ty nejzku\u0161en\u011bj\u0161\u00ed konzumenty konop\u00ed. Purple Wreck je mixem mezi extr\u00e9mn\u011b popul\u00e1rn\u00ed sativou Trainwreck a barevn\u00fdm, aromatick\u00fdm Purple Urkle. Byl vytvo\u0159en DNA Genetics, slavn\u00fdmi chovateli Chocolope a LA Confidential. Purple Wreck je vynikaj\u00edc\u00ed volbou pro konzumaci na konci dne d\u00edky sv\u00e9 siln\u00e9, uklid\u0148uj\u00edc\u00ed t\u011blesn\u00e9 v\u00fd\u0161ce a v\u00fdrazn\u00e9 chuti. Analytical 360, za\u0159\u00edzen\u00ed na testov\u00e1n\u00ed konop\u00ed, zjistilo, \u017ee vzorky kmene obsahuj\u00ed hladiny THC v rozmez\u00ed od 10 % do ohromuj\u00edc\u00edch 31 %.<\/p>\n<p>Purple Wreck se vyzna\u010duje obrovsk\u00fdmi, dokonale tvarovan\u00fdmi kv\u011bty. Tyto pupeny maj\u00ed vzhled miniaturn\u00edch v\u00e1no\u010dn\u00edch stromk\u016f a zu\u017euj\u00ed se od \u0161irok\u00e9 z\u00e1kladny ke \u0161pi\u010dat\u00e9 \u0161pi\u010dce. Jejich struktura vypad\u00e1 jako k\u0159\u00ed\u017eenec mezi indikou a sativou \u2013 a\u010dkoliv je uvnit\u0159 kompaktn\u00ed a hust\u00e1, listy se spir\u00e1lovit\u011b vyv\u00edjej\u00ed sm\u011brem ven s nad\u00fdchanou texturou na vn\u011bj\u0161\u00ed stran\u011b. Pravou hv\u011bzdou kmene jsou tyto listy, kter\u00e9 spot\u0159ebitele osl\u0148uj\u00ed strakatou kombinac\u00ed olivov\u011b zelen\u00e9, fialov\u00e9 a fialov\u00e9. Tyto fialov\u00e9 odst\u00edny jsou zp\u016fsobeny chladn\u011bj\u0161\u00edm ne\u017e pr\u016fm\u011brn\u00fdm po\u010das\u00edm aktivuj\u00edc\u00edm antokyanov\u00e9 pigmenty v DNA kmene. Nakonec lepkav\u00e9 b\u00edl\u00e9 trichomy pokr\u00fdvaj\u00ed cel\u00fd povrch t\u011bchto obrovsk\u00fdch nuget\u016f a dod\u00e1vaj\u00ed orosen\u00fd, mraziv\u00fd vzhled.<\/p>\n<p>Hybridy konop\u00ed jsou k\u0159\u00ed\u017eenci mezi kmeny indica a sativa. Zat\u00edmco konverzace t\u00fdkaj\u00edc\u00ed se kmen\u016f konop\u00ed maj\u00ed tendenci se zam\u011b\u0159ovat na rozd\u00edly mezi sativou a indikou, toto je pouze jeden aspekt obr\u00e1zku. Ve skute\u010dnosti v\u011bt\u0161ina kultivar\u016f marihuany, kter\u00e9 jsou nyn\u00ed k dispozici, nen\u00ed \u010dist\u00e1 sativa. Typicky se bude jednat o hybridy s dominantn\u00edm znakem nebo sativou nebo o kombinaci obou 50\/50. N\u00e1kup Purple Wreck online<\/p>\n<p>N\u00e1kup Purple Wreck online<\/p>\n<\/p><\/div><\/div><\/div>\n<div class=\"product-next-previous\">\n<div class=\"product- p\u0159edchoz\u00ed\"><\/div><\/div>\n","protected":false},"excerpt":{"rendered":"<p>Fialov\u00fd vrak &#8211; Koupit Purple Wreck online &#8211; Purple Wreck je hybrid s dominanc\u00ed indica, kter\u00fd dok\u00e1\u017ee ohromit i toho nejzku\u0161en\u011bj\u0161\u00edho u\u017eivatele konop\u00ed.<\/p>\n<p>Kmen marihuany Purple Wreck lze zakoupit online.<\/p>\n<p>Marihuana Purple Wreck je Indica kmen marihuany. Dominantn\u00ed hybrid &#8211; 60 % Indica \/ 40 % Sativa Obsah THC v sativ\u011b: 18\u201325 %<\/p>\n<p>1 oz. minim\u00e1ln\u00ed objedn\u00e1vka<\/p>\n<p>&nbsp;<\/p>\n","protected":false},"featured_media":5061,"comment_status":"open","ping_status":"closed","template":"","meta":[],"product_brand":[],"product_cat":[778],"product_tag":[988,989,990,993,994,991,992,995],"class_list":{"0":"post-5044","1":"product","2":"type-product","3":"status-publish","4":"has-post-thumbnail","6":"product_cat-trava-na-prodej","7":"product_tag-fialov-vrak-cena","8":"product_tag-fialov-vrak-pept-efekty","9":"product_tag-purple-trainwreck-strain-review","10":"product_tag-fialov-troska-kmen-allbud","11":"product_tag-fialov-vrak-kmen-rezerva-privada","12":"product_tag-fialov-troska-list","13":"product_tag-purple-wreck-sativa-or-indica","14":"product_tag-vrak-den-c4-9bt-c3-ad-cena","16":"first","17":"instock","18":"shipping-taxable","19":"purchasable","20":"product-type-simple"},"yoast_head":"<!-- This site is optimized with the Yoast SEO plugin v27.2 - https:\/\/yoast.com\/product\/yoast-seo-wordpress\/ -->\n<title>Kupte si Purple Wreck Marihuana \u2013 nejlep\u0161\u00ed nejlep\u0161\u00ed glob\u00e1ln\u00ed l\u00e9ky<\/title>\n<meta name=\"description\" content=\"Kupte si marihuanu Purple Wreck online \u2013 Purple Wreck je hybrid s dominanc\u00ed indica se schopnost\u00ed zap\u016fsobit i na zku\u0161en\u00e9 konzumenty konop\u00ed.\" \/>\n<meta name=\"robots\" content=\"index, follow, max-snippet:-1, max-image-preview:large, max-video-preview:-1\" \/>\n<link rel=\"canonical\" href=\"https:\/\/medicinasinc.com\/cs\/product\/buy-purple-wreck-marihuana\/\" \/>\n<meta property=\"og:locale\" content=\"en_US\" \/>\n<meta property=\"og:type\" content=\"article\" \/>\n<meta property=\"og:title\" content=\"Kupte si Purple Wreck Marihuana \u2013 nejlep\u0161\u00ed nejlep\u0161\u00ed glob\u00e1ln\u00ed l\u00e9ky\" \/>\n<meta property=\"og:description\" content=\"Kupte si marihuanu Purple Wreck online \u2013 Purple Wreck je hybrid s dominanc\u00ed indica se schopnost\u00ed zap\u016fsobit i na zku\u0161en\u00e9 konzumenty konop\u00ed.\" \/>\n<meta property=\"og:url\" content=\"https:\/\/medicinasinc.com\/cs\/product\/buy-purple-wreck-marihuana\/\" \/>\n<meta property=\"og:site_name\" content=\"Medicinas Inc\" \/>\n<meta property=\"article:modified_time\" content=\"2022-03-14T12:32:14+00:00\" \/>\n<meta property=\"og:image\" content=\"https:\/\/medicinasinc.com\/cs\/wp-content\/uploads\/sites\/2\/2022\/02\/Buy-Purple-Wreck-Marijuana-1.jpg\" \/>\n\t<meta property=\"og:image:width\" content=\"1245\" \/>\n\t<meta property=\"og:image:height\" content=\"1024\" \/>\n\t<meta property=\"og:image:type\" content=\"image\/jpeg\" \/>\n<meta name=\"twitter:card\" content=\"summary_large_image\" \/>\n<meta name=\"twitter:label1\" content=\"Est. reading time\" \/>\n\t<meta name=\"twitter:data1\" content=\"2 minutes\" \/>\n<script type=\"application\/ld+json\" class=\"yoast-schema-graph\">{\"@context\":\"https:\/\/schema.org\",\"@graph\":[{\"@type\":\"WebPage\",\"@id\":\"https:\/\/medicinasinc.com\/cs\/product\/buy-purple-wreck-marihuana\/\",\"url\":\"https:\/\/medicinasinc.com\/cs\/product\/buy-purple-wreck-marihuana\/\",\"name\":\"Kupte si Purple Wreck Marihuana \u2013 nejlep\u0161\u00ed nejlep\u0161\u00ed glob\u00e1ln\u00ed l\u00e9ky\",\"isPartOf\":{\"@id\":\"https:\/\/medicinasinc.com\/cs\/#website\"},\"primaryImageOfPage\":{\"@id\":\"https:\/\/medicinasinc.com\/cs\/product\/buy-purple-wreck-marihuana\/#primaryimage\"},\"image\":{\"@id\":\"https:\/\/medicinasinc.com\/cs\/product\/buy-purple-wreck-marihuana\/#primaryimage\"},\"thumbnailUrl\":\"https:\/\/medicinasinc.com\/cs\/wp-content\/uploads\/sites\/2\/2022\/02\/Buy-Purple-Wreck-Marijuana-1.jpg\",\"datePublished\":\"2022-02-20T19:31:39+00:00\",\"dateModified\":\"2022-03-14T12:32:14+00:00\",\"description\":\"Kupte si marihuanu Purple Wreck online \u2013 Purple Wreck je hybrid s dominanc\u00ed indica se schopnost\u00ed zap\u016fsobit i na zku\u0161en\u00e9 konzumenty konop\u00ed.\",\"breadcrumb\":{\"@id\":\"https:\/\/medicinasinc.com\/cs\/product\/buy-purple-wreck-marihuana\/#breadcrumb\"},\"inLanguage\":\"en-US\",\"potentialAction\":[{\"@type\":\"ReadAction\",\"target\":[\"https:\/\/medicinasinc.com\/cs\/product\/buy-purple-wreck-marihuana\/\"]}]},{\"@type\":\"ImageObject\",\"inLanguage\":\"en-US\",\"@id\":\"https:\/\/medicinasinc.com\/cs\/product\/buy-purple-wreck-marihuana\/#primaryimage\",\"url\":\"https:\/\/medicinasinc.com\/cs\/wp-content\/uploads\/sites\/2\/2022\/02\/Buy-Purple-Wreck-Marijuana-1.jpg\",\"contentUrl\":\"https:\/\/medicinasinc.com\/cs\/wp-content\/uploads\/sites\/2\/2022\/02\/Buy-Purple-Wreck-Marijuana-1.jpg\",\"width\":1245,\"height\":1024},{\"@type\":\"BreadcrumbList\",\"@id\":\"https:\/\/medicinasinc.com\/cs\/product\/buy-purple-wreck-marihuana\/#breadcrumb\",\"itemListElement\":[{\"@type\":\"ListItem\",\"position\":1,\"name\":\"Obchod\",\"item\":\"https:\/\/medicinasinc.com\/cs\/obchod\/\"},{\"@type\":\"ListItem\",\"position\":2,\"name\":\"Kupte si Purple Wreck Marihuana\"}]},{\"@type\":\"WebSite\",\"@id\":\"https:\/\/medicinasinc.com\/cs\/#website\",\"url\":\"https:\/\/medicinasinc.com\/cs\/\",\"name\":\"Medicinas Inc\",\"description\":\"Health Medical Clinic\",\"potentialAction\":[{\"@type\":\"SearchAction\",\"target\":{\"@type\":\"EntryPoint\",\"urlTemplate\":\"https:\/\/medicinasinc.com\/cs\/?s={search_term_string}\"},\"query-input\":{\"@type\":\"PropertyValueSpecification\",\"valueRequired\":true,\"valueName\":\"search_term_string\"}}],\"inLanguage\":\"en-US\"}]}<\/script>\n<!-- \/ Yoast SEO plugin. -->","yoast_head_json":{"title":"Kupte si Purple Wreck Marihuana \u2013 nejlep\u0161\u00ed nejlep\u0161\u00ed glob\u00e1ln\u00ed l\u00e9ky","description":"Kupte si marihuanu Purple Wreck online \u2013 Purple Wreck je hybrid s dominanc\u00ed indica se schopnost\u00ed zap\u016fsobit i na zku\u0161en\u00e9 konzumenty konop\u00ed.","robots":{"index":"index","follow":"follow","max-snippet":"max-snippet:-1","max-image-preview":"max-image-preview:large","max-video-preview":"max-video-preview:-1"},"canonical":"https:\/\/medicinasinc.com\/cs\/product\/buy-purple-wreck-marihuana\/","og_locale":"en_US","og_type":"article","og_title":"Kupte si Purple Wreck Marihuana \u2013 nejlep\u0161\u00ed nejlep\u0161\u00ed glob\u00e1ln\u00ed l\u00e9ky","og_description":"Kupte si marihuanu Purple Wreck online \u2013 Purple Wreck je hybrid s dominanc\u00ed indica se schopnost\u00ed zap\u016fsobit i na zku\u0161en\u00e9 konzumenty konop\u00ed.","og_url":"https:\/\/medicinasinc.com\/cs\/product\/buy-purple-wreck-marihuana\/","og_site_name":"Medicinas Inc","article_modified_time":"2022-03-14T12:32:14+00:00","og_image":[{"width":1245,"height":1024,"url":"https:\/\/medicinasinc.com\/cs\/wp-content\/uploads\/sites\/2\/2022\/02\/Buy-Purple-Wreck-Marijuana-1.jpg","type":"image\/jpeg"}],"twitter_card":"summary_large_image","twitter_misc":{"Est. reading time":"2 minutes"},"schema":{"@context":"https:\/\/schema.org","@graph":[{"@type":"WebPage","@id":"https:\/\/medicinasinc.com\/cs\/product\/buy-purple-wreck-marihuana\/","url":"https:\/\/medicinasinc.com\/cs\/product\/buy-purple-wreck-marihuana\/","name":"Kupte si Purple Wreck Marihuana \u2013 nejlep\u0161\u00ed nejlep\u0161\u00ed glob\u00e1ln\u00ed l\u00e9ky","isPartOf":{"@id":"https:\/\/medicinasinc.com\/cs\/#website"},"primaryImageOfPage":{"@id":"https:\/\/medicinasinc.com\/cs\/product\/buy-purple-wreck-marihuana\/#primaryimage"},"image":{"@id":"https:\/\/medicinasinc.com\/cs\/product\/buy-purple-wreck-marihuana\/#primaryimage"},"thumbnailUrl":"https:\/\/medicinasinc.com\/cs\/wp-content\/uploads\/sites\/2\/2022\/02\/Buy-Purple-Wreck-Marijuana-1.jpg","datePublished":"2022-02-20T19:31:39+00:00","dateModified":"2022-03-14T12:32:14+00:00","description":"Kupte si marihuanu Purple Wreck online \u2013 Purple Wreck je hybrid s dominanc\u00ed indica se schopnost\u00ed zap\u016fsobit i na zku\u0161en\u00e9 konzumenty konop\u00ed.","breadcrumb":{"@id":"https:\/\/medicinasinc.com\/cs\/product\/buy-purple-wreck-marihuana\/#breadcrumb"},"inLanguage":"en-US","potentialAction":[{"@type":"ReadAction","target":["https:\/\/medicinasinc.com\/cs\/product\/buy-purple-wreck-marihuana\/"]}]},{"@type":"ImageObject","inLanguage":"en-US","@id":"https:\/\/medicinasinc.com\/cs\/product\/buy-purple-wreck-marihuana\/#primaryimage","url":"https:\/\/medicinasinc.com\/cs\/wp-content\/uploads\/sites\/2\/2022\/02\/Buy-Purple-Wreck-Marijuana-1.jpg","contentUrl":"https:\/\/medicinasinc.com\/cs\/wp-content\/uploads\/sites\/2\/2022\/02\/Buy-Purple-Wreck-Marijuana-1.jpg","width":1245,"height":1024},{"@type":"BreadcrumbList","@id":"https:\/\/medicinasinc.com\/cs\/product\/buy-purple-wreck-marihuana\/#breadcrumb","itemListElement":[{"@type":"ListItem","position":1,"name":"Obchod","item":"https:\/\/medicinasinc.com\/cs\/obchod\/"},{"@type":"ListItem","position":2,"name":"Kupte si Purple Wreck Marihuana"}]},{"@type":"WebSite","@id":"https:\/\/medicinasinc.com\/cs\/#website","url":"https:\/\/medicinasinc.com\/cs\/","name":"Medicinas Inc","description":"Health Medical Clinic","potentialAction":[{"@type":"SearchAction","target":{"@type":"EntryPoint","urlTemplate":"https:\/\/medicinasinc.com\/cs\/?s={search_term_string}"},"query-input":{"@type":"PropertyValueSpecification","valueRequired":true,"valueName":"search_term_string"}}],"inLanguage":"en-US"}]}},"_links":{"self":[{"href":"https:\/\/medicinasinc.com\/cs\/wp-json\/wp\/v2\/product\/5044","targetHints":{"allow":["GET"]}}],"collection":[{"href":"https:\/\/medicinasinc.com\/cs\/wp-json\/wp\/v2\/product"}],"about":[{"href":"https:\/\/medicinasinc.com\/cs\/wp-json\/wp\/v2\/types\/product"}],"replies":[{"embeddable":true,"href":"https:\/\/medicinasinc.com\/cs\/wp-json\/wp\/v2\/comments?post=5044"}],"wp:featuredmedia":[{"embeddable":true,"href":"https:\/\/medicinasinc.com\/cs\/wp-json\/wp\/v2\/media\/5061"}],"wp:attachment":[{"href":"https:\/\/medicinasinc.com\/cs\/wp-json\/wp\/v2\/media?parent=5044"}],"wp:term":[{"taxonomy":"product_brand","embeddable":true,"href":"https:\/\/medicinasinc.com\/cs\/wp-json\/wp\/v2\/product_brand?post=5044"},{"taxonomy":"product_cat","embeddable":true,"href":"https:\/\/medicinasinc.com\/cs\/wp-json\/wp\/v2\/product_cat?post=5044"},{"taxonomy":"product_tag","embeddable":true,"href":"https:\/\/medicinasinc.com\/cs\/wp-json\/wp\/v2\/product_tag?post=5044"}],"curies":[{"name":"wp","href":"https:\/\/api.w.org\/{rel}","templated":true}]}}