{"id":5037,"date":"2022-02-20T19:24:52","date_gmt":"2022-02-20T19:24:52","guid":{"rendered":"https:\/\/medicinasinc.com\/cs\/?post_type=product&#038;p=5037"},"modified":"2022-03-14T12:32:31","modified_gmt":"2022-03-14T12:32:31","slug":"buy-nirvana-special-cannabis","status":"publish","type":"product","link":"https:\/\/medicinasinc.com\/cs\/product\/buy-nirvana-special-cannabis\/","title":{"rendered":"Kupte si Nirvana Special Cannabis"},"content":{"rendered":"<p>Nirvana Special je unik\u00e1tn\u00ed sativa dominantn\u00ed hybridn\u00ed kmen (75% sativa\/25% indica) vyroben\u00fd sm\u00edch\u00e1n\u00edm ikonick\u00fdch kmen\u016f Jock Horror a Oaxacan Sativa. Tento klidn\u00fd pupen vyhr\u00e1l v roce 2008 HighLife Cup v Amsterdamu a odvezl si dom\u016f zlatou medaili za Best Bio celkov\u011b. Se sv\u00fdm siln\u00fdm funk\u010dn\u00edm, ale kreativn\u00edm vysok\u00fdm a ohromuj\u00edc\u00edm pr\u016fm\u011brn\u00fdm obsahem THC 26-27 procent nen\u00ed divu, \u017ee je Nirvana Special tak popul\u00e1rn\u00ed! Nirvana Special high za\u010d\u00edn\u00e1 v\u00fdbuchem zv\u00fd\u0161en\u00e9 energie, kter\u00e1 ve v\u00e1s zanech\u00e1 pocit veselosti a motivace. Budete se c\u00edtit nabit\u00ed a extr\u00e9mn\u011b kreativn\u00ed, d\u00edky \u010demu\u017e je toto skv\u011bl\u00e9 pro jak\u00e9koli du\u0161evn\u00ed pr\u00e1ce, kter\u00e9 m\u00e1te po ruce, nebo prost\u011b jen vyj\u00edt ven. D\u00edky t\u011bmto \u00fa\u010dink\u016fm spolu s vysok\u00fdm obsahem THC je Nirvana Special ide\u00e1ln\u00ed pro l\u00e9\u010dbu chronick\u00e9 \u00fanavy, deprese, chronick\u00e9ho stresu, nespavosti a ztr\u00e1ty chuti k j\u00eddlu. Tento pupen m\u00e1 sladkou a ovocnou chu\u0165 skunky s v\u00fddechem, kter\u00fd je docela kysel\u00fd. V\u016fn\u011b je pon\u011bkud skunkov\u00e1 a aromatick\u00e1, se siln\u00fdm kysel\u00fdm ovocn\u00fdm podtextem. Poupata Nirvana Special jsou nad\u00fdchan\u00e9 m\u00e1tov\u011b zelen\u00e9 pecky ve tvaru popcornu pokryt\u00e9 sv\u011btl\u00fdmi p\u00eds\u010dit\u00fdmi krystalov\u00fdmi trichomy.<\/p>\n<p>Sativa Dominant Hybrid \u2013 75 % Sativa \/ 25 % Indica<\/p>\n<p>THC: 26\u201327 % <\/p>\n<p>B\u011b\u017en\u00e9 pou\u017eit\u00ed: deprese, \u00fanava, nespavost, ztr\u00e1ta chuti k j\u00eddlu, stres<\/p>\n<p>\u00da\u010dinky: kreativn\u00ed, energizuj\u00edc\u00ed, \u0161\u0165astn\u00fd, motivace, povzn\u00e1\u0161ej\u00edc\u00ed<\/p>\n","protected":false},"excerpt":{"rendered":"<p>Nirvana Special Cannabis Strain USA. Toto je vz\u00e1cn\u00fd dominantn\u00ed hybrid (75 % sativa\/25 % indica) kmen.<em>Kupte si Nirvana Special Cannabis<\/em>\u00a0Kmen.<\/p>\n","protected":false},"featured_media":5054,"comment_status":"open","ping_status":"closed","template":"","meta":[],"product_brand":[],"product_cat":[778],"product_tag":[],"class_list":{"0":"post-5037","1":"product","2":"type-product","3":"status-publish","4":"has-post-thumbnail","6":"product_cat-trava-na-prodej","8":"first","9":"instock","10":"shipping-taxable","11":"purchasable","12":"product-type-variable","13":"has-default-attributes"},"yoast_head":"<!-- This site is optimized with the Yoast SEO plugin v27.3 - https:\/\/yoast.com\/product\/yoast-seo-wordpress\/ -->\n<title>Kupte si Nirvana Special Cannabis \u2013 nejlep\u0161\u00ed nejlep\u0161\u00ed glob\u00e1ln\u00ed l\u00e9ky<\/title>\n<meta name=\"description\" content=\"Nirvana Special Cannabis Strain USA. Jedn\u00e1 se o vz\u00e1cn\u00fd dominantn\u00ed hybrid (75% sativa\/25% indica) kmen. Kupte si Nirvana Special Cannabis Strain.\" \/>\n<meta name=\"robots\" content=\"index, follow, max-snippet:-1, max-image-preview:large, max-video-preview:-1\" \/>\n<link rel=\"canonical\" href=\"https:\/\/medicinasinc.com\/cs\/product\/buy-nirvana-special-cannabis\/\" \/>\n<meta property=\"og:locale\" content=\"en_US\" \/>\n<meta property=\"og:type\" content=\"article\" \/>\n<meta property=\"og:title\" content=\"Kupte si Nirvana Special Cannabis \u2013 nejlep\u0161\u00ed nejlep\u0161\u00ed glob\u00e1ln\u00ed l\u00e9ky\" \/>\n<meta property=\"og:description\" content=\"Nirvana Special Cannabis Strain USA. Jedn\u00e1 se o vz\u00e1cn\u00fd dominantn\u00ed hybrid (75% sativa\/25% indica) kmen. Kupte si Nirvana Special Cannabis Strain.\" \/>\n<meta property=\"og:url\" content=\"https:\/\/medicinasinc.com\/cs\/product\/buy-nirvana-special-cannabis\/\" \/>\n<meta property=\"og:site_name\" content=\"Medicinas Inc\" \/>\n<meta property=\"article:modified_time\" content=\"2022-03-14T12:32:31+00:00\" \/>\n<meta property=\"og:image\" content=\"https:\/\/medicinasinc.com\/cs\/wp-content\/uploads\/sites\/2\/2022\/02\/Buy-Nirvana-Special-Cannabis.jpg\" \/>\n\t<meta property=\"og:image:width\" content=\"1920\" \/>\n\t<meta property=\"og:image:height\" content=\"1920\" \/>\n\t<meta property=\"og:image:type\" content=\"image\/jpeg\" \/>\n<meta name=\"twitter:card\" content=\"summary_large_image\" \/>\n<meta name=\"twitter:label1\" content=\"Est. reading time\" \/>\n\t<meta name=\"twitter:data1\" content=\"1 minute\" \/>\n<script type=\"application\/ld+json\" class=\"yoast-schema-graph\">{\"@context\":\"https:\\\/\\\/schema.org\",\"@graph\":[{\"@type\":\"WebPage\",\"@id\":\"https:\\\/\\\/medicinasinc.com\\\/cs\\\/product\\\/buy-nirvana-special-cannabis\\\/\",\"url\":\"https:\\\/\\\/medicinasinc.com\\\/cs\\\/product\\\/buy-nirvana-special-cannabis\\\/\",\"name\":\"Kupte si Nirvana Special Cannabis \u2013 nejlep\u0161\u00ed nejlep\u0161\u00ed glob\u00e1ln\u00ed l\u00e9ky\",\"isPartOf\":{\"@id\":\"https:\\\/\\\/medicinasinc.com\\\/cs\\\/#website\"},\"primaryImageOfPage\":{\"@id\":\"https:\\\/\\\/medicinasinc.com\\\/cs\\\/product\\\/buy-nirvana-special-cannabis\\\/#primaryimage\"},\"image\":{\"@id\":\"https:\\\/\\\/medicinasinc.com\\\/cs\\\/product\\\/buy-nirvana-special-cannabis\\\/#primaryimage\"},\"thumbnailUrl\":\"https:\\\/\\\/medicinasinc.com\\\/cs\\\/wp-content\\\/uploads\\\/sites\\\/2\\\/2022\\\/02\\\/Buy-Nirvana-Special-Cannabis.jpg\",\"datePublished\":\"2022-02-20T19:24:52+00:00\",\"dateModified\":\"2022-03-14T12:32:31+00:00\",\"description\":\"Nirvana Special Cannabis Strain USA. Jedn\u00e1 se o vz\u00e1cn\u00fd dominantn\u00ed hybrid (75% sativa\\\/25% indica) kmen. Kupte si Nirvana Special Cannabis Strain.\",\"breadcrumb\":{\"@id\":\"https:\\\/\\\/medicinasinc.com\\\/cs\\\/product\\\/buy-nirvana-special-cannabis\\\/#breadcrumb\"},\"inLanguage\":\"en-US\",\"potentialAction\":[{\"@type\":\"ReadAction\",\"target\":[\"https:\\\/\\\/medicinasinc.com\\\/cs\\\/product\\\/buy-nirvana-special-cannabis\\\/\"]}]},{\"@type\":\"ImageObject\",\"inLanguage\":\"en-US\",\"@id\":\"https:\\\/\\\/medicinasinc.com\\\/cs\\\/product\\\/buy-nirvana-special-cannabis\\\/#primaryimage\",\"url\":\"https:\\\/\\\/medicinasinc.com\\\/cs\\\/wp-content\\\/uploads\\\/sites\\\/2\\\/2022\\\/02\\\/Buy-Nirvana-Special-Cannabis.jpg\",\"contentUrl\":\"https:\\\/\\\/medicinasinc.com\\\/cs\\\/wp-content\\\/uploads\\\/sites\\\/2\\\/2022\\\/02\\\/Buy-Nirvana-Special-Cannabis.jpg\",\"width\":1920,\"height\":1920},{\"@type\":\"BreadcrumbList\",\"@id\":\"https:\\\/\\\/medicinasinc.com\\\/cs\\\/product\\\/buy-nirvana-special-cannabis\\\/#breadcrumb\",\"itemListElement\":[{\"@type\":\"ListItem\",\"position\":1,\"name\":\"Obchod\",\"item\":\"https:\\\/\\\/medicinasinc.com\\\/cs\\\/obchod\\\/\"},{\"@type\":\"ListItem\",\"position\":2,\"name\":\"Kupte si Nirvana Special Cannabis\"}]},{\"@type\":\"WebSite\",\"@id\":\"https:\\\/\\\/medicinasinc.com\\\/cs\\\/#website\",\"url\":\"https:\\\/\\\/medicinasinc.com\\\/cs\\\/\",\"name\":\"Medicinas Inc\",\"description\":\"Health Medical Clinic\",\"potentialAction\":[{\"@type\":\"SearchAction\",\"target\":{\"@type\":\"EntryPoint\",\"urlTemplate\":\"https:\\\/\\\/medicinasinc.com\\\/cs\\\/?s={search_term_string}\"},\"query-input\":{\"@type\":\"PropertyValueSpecification\",\"valueRequired\":true,\"valueName\":\"search_term_string\"}}],\"inLanguage\":\"en-US\"}]}<\/script>\n<!-- \/ Yoast SEO plugin. -->","yoast_head_json":{"title":"Kupte si Nirvana Special Cannabis \u2013 nejlep\u0161\u00ed nejlep\u0161\u00ed glob\u00e1ln\u00ed l\u00e9ky","description":"Nirvana Special Cannabis Strain USA. Jedn\u00e1 se o vz\u00e1cn\u00fd dominantn\u00ed hybrid (75% sativa\/25% indica) kmen. Kupte si Nirvana Special Cannabis Strain.","robots":{"index":"index","follow":"follow","max-snippet":"max-snippet:-1","max-image-preview":"max-image-preview:large","max-video-preview":"max-video-preview:-1"},"canonical":"https:\/\/medicinasinc.com\/cs\/product\/buy-nirvana-special-cannabis\/","og_locale":"en_US","og_type":"article","og_title":"Kupte si Nirvana Special Cannabis \u2013 nejlep\u0161\u00ed nejlep\u0161\u00ed glob\u00e1ln\u00ed l\u00e9ky","og_description":"Nirvana Special Cannabis Strain USA. Jedn\u00e1 se o vz\u00e1cn\u00fd dominantn\u00ed hybrid (75% sativa\/25% indica) kmen. Kupte si Nirvana Special Cannabis Strain.","og_url":"https:\/\/medicinasinc.com\/cs\/product\/buy-nirvana-special-cannabis\/","og_site_name":"Medicinas Inc","article_modified_time":"2022-03-14T12:32:31+00:00","og_image":[{"width":1920,"height":1920,"url":"https:\/\/medicinasinc.com\/cs\/wp-content\/uploads\/sites\/2\/2022\/02\/Buy-Nirvana-Special-Cannabis.jpg","type":"image\/jpeg"}],"twitter_card":"summary_large_image","twitter_misc":{"Est. reading time":"1 minute"},"schema":{"@context":"https:\/\/schema.org","@graph":[{"@type":"WebPage","@id":"https:\/\/medicinasinc.com\/cs\/product\/buy-nirvana-special-cannabis\/","url":"https:\/\/medicinasinc.com\/cs\/product\/buy-nirvana-special-cannabis\/","name":"Kupte si Nirvana Special Cannabis \u2013 nejlep\u0161\u00ed nejlep\u0161\u00ed glob\u00e1ln\u00ed l\u00e9ky","isPartOf":{"@id":"https:\/\/medicinasinc.com\/cs\/#website"},"primaryImageOfPage":{"@id":"https:\/\/medicinasinc.com\/cs\/product\/buy-nirvana-special-cannabis\/#primaryimage"},"image":{"@id":"https:\/\/medicinasinc.com\/cs\/product\/buy-nirvana-special-cannabis\/#primaryimage"},"thumbnailUrl":"https:\/\/medicinasinc.com\/cs\/wp-content\/uploads\/sites\/2\/2022\/02\/Buy-Nirvana-Special-Cannabis.jpg","datePublished":"2022-02-20T19:24:52+00:00","dateModified":"2022-03-14T12:32:31+00:00","description":"Nirvana Special Cannabis Strain USA. Jedn\u00e1 se o vz\u00e1cn\u00fd dominantn\u00ed hybrid (75% sativa\/25% indica) kmen. Kupte si Nirvana Special Cannabis Strain.","breadcrumb":{"@id":"https:\/\/medicinasinc.com\/cs\/product\/buy-nirvana-special-cannabis\/#breadcrumb"},"inLanguage":"en-US","potentialAction":[{"@type":"ReadAction","target":["https:\/\/medicinasinc.com\/cs\/product\/buy-nirvana-special-cannabis\/"]}]},{"@type":"ImageObject","inLanguage":"en-US","@id":"https:\/\/medicinasinc.com\/cs\/product\/buy-nirvana-special-cannabis\/#primaryimage","url":"https:\/\/medicinasinc.com\/cs\/wp-content\/uploads\/sites\/2\/2022\/02\/Buy-Nirvana-Special-Cannabis.jpg","contentUrl":"https:\/\/medicinasinc.com\/cs\/wp-content\/uploads\/sites\/2\/2022\/02\/Buy-Nirvana-Special-Cannabis.jpg","width":1920,"height":1920},{"@type":"BreadcrumbList","@id":"https:\/\/medicinasinc.com\/cs\/product\/buy-nirvana-special-cannabis\/#breadcrumb","itemListElement":[{"@type":"ListItem","position":1,"name":"Obchod","item":"https:\/\/medicinasinc.com\/cs\/obchod\/"},{"@type":"ListItem","position":2,"name":"Kupte si Nirvana Special Cannabis"}]},{"@type":"WebSite","@id":"https:\/\/medicinasinc.com\/cs\/#website","url":"https:\/\/medicinasinc.com\/cs\/","name":"Medicinas Inc","description":"Health Medical Clinic","potentialAction":[{"@type":"SearchAction","target":{"@type":"EntryPoint","urlTemplate":"https:\/\/medicinasinc.com\/cs\/?s={search_term_string}"},"query-input":{"@type":"PropertyValueSpecification","valueRequired":true,"valueName":"search_term_string"}}],"inLanguage":"en-US"}]}},"_links":{"self":[{"href":"https:\/\/medicinasinc.com\/cs\/wp-json\/wp\/v2\/product\/5037","targetHints":{"allow":["GET"]}}],"collection":[{"href":"https:\/\/medicinasinc.com\/cs\/wp-json\/wp\/v2\/product"}],"about":[{"href":"https:\/\/medicinasinc.com\/cs\/wp-json\/wp\/v2\/types\/product"}],"replies":[{"embeddable":true,"href":"https:\/\/medicinasinc.com\/cs\/wp-json\/wp\/v2\/comments?post=5037"}],"wp:featuredmedia":[{"embeddable":true,"href":"https:\/\/medicinasinc.com\/cs\/wp-json\/wp\/v2\/media\/5054"}],"wp:attachment":[{"href":"https:\/\/medicinasinc.com\/cs\/wp-json\/wp\/v2\/media?parent=5037"}],"wp:term":[{"taxonomy":"product_brand","embeddable":true,"href":"https:\/\/medicinasinc.com\/cs\/wp-json\/wp\/v2\/product_brand?post=5037"},{"taxonomy":"product_cat","embeddable":true,"href":"https:\/\/medicinasinc.com\/cs\/wp-json\/wp\/v2\/product_cat?post=5037"},{"taxonomy":"product_tag","embeddable":true,"href":"https:\/\/medicinasinc.com\/cs\/wp-json\/wp\/v2\/product_tag?post=5037"}],"curies":[{"name":"wp","href":"https:\/\/api.w.org\/{rel}","templated":true}]}}