{"id":5020,"date":"2022-02-20T19:11:16","date_gmt":"2022-02-20T19:11:16","guid":{"rendered":"https:\/\/medicinasinc.com\/cs\/?post_type=product&#038;p=5020"},"modified":"2022-03-14T12:32:39","modified_gmt":"2022-03-14T12:32:39","slug":"koupit-matka-draku-marihuana","status":"publish","type":"product","link":"https:\/\/medicinasinc.com\/cs\/product\/koupit-matka-draku-marihuana\/","title":{"rendered":"Kupte si marihuanu Mother of Dragons"},"content":{"rendered":"<p>N\u00e1kup marihuany Mother of Dragons<\/p>\n<p>Mother of Dragons je velmi vz\u00e1cn\u00fd, rovnom\u011brn\u011b vyv\u00e1\u017een\u00fd hybrid (50 procent Indica\/50 procent Sativa) kmen s nezn\u00e1m\u00fdm p\u016fvodem kv\u016fli utajen\u00ed chovatel\u016f a obecn\u00e9mu nedostatku znalost\u00ed o n\u011bm. p\u016fvod. Tento vz\u00e1cn\u00fd kmen, pojmenovan\u00fd po slavn\u00e9 Daenerys Targaryen ze Hry o tr\u016fny, m\u00e1 ohnivou p\u0159\u00edchu\u0165, kter\u00e1 rozp\u00e1l\u00ed va\u0161e chu\u0165ov\u00e9 poh\u00e1rky. V\u016fn\u011b je jako v nebi, s t\u011b\u017ek\u00fdm a \u0161tiplav\u00fdm kushy skunky podtextem a vysoce ko\u0159enit\u00fdm travnat\u00fdm n\u00e1dechem, kter\u00fd se uvol\u0148uje, kdy\u017e nugy ho\u0159\u00ed. Ji\u017e po n\u011bkolika \u00faderech v\u00e1s Matka drak\u016f zvedne a va\u0161e my\u0161lenky budou l\u00e9tat vzh\u016fru cel\u00e9 hodiny. Za\u010d\u00edn\u00e1 to mozkov\u00fdm vlivem, kter\u00fd p\u0159enese va\u0161i mysl do stavu dokonal\u00e9 ext\u00e1ze a va\u0161eho ducha do stavu \u010dist\u00e9 spokojenosti. Zat\u00edmco va\u0161e mysl a duch l\u00e9taj\u00ed nad oblohou, va\u0161e t\u011blo za\u017eije m\u00edrnou \u00farove\u0148 relaxace, kter\u00e1 m\u016f\u017ee zanechat ur\u010dit\u00fd pocit ospalosti. Je zn\u00e1mo, \u017ee tato n\u00e1lada u n\u011bkter\u00fdch lid\u00ed zp\u016fsobuje \u00fazkost, tak\u017ee se j\u00ed vyhn\u011bte, pokud k n\u00ed m\u00e1te sklony. Mother of Dragons je ide\u00e1ln\u00ed alternativou pro osoby trp\u00edc\u00ed chronick\u00fdm stresem, smutkem, v\u00fdkyvy n\u00e1lad a chronickou bolest\u00ed, proto\u017ee k t\u011bmto \u00fa\u010dink\u016fm p\u0159ipo\u010d\u00edt\u00e1v\u00e1 vysok\u00fd pr\u016fm\u011brn\u00fd obsah THC 23-28 procent. Toto poup\u011b se skl\u00e1d\u00e1 z lesn\u00edch zelen\u00fdch pecek ve tvaru hrozn\u016f pokryt\u00fdch chlupat\u00fdmi jantarov\u00fdmi chloupky a trichomy oslniv\u00fdch jantarov\u00fdch krystal\u016f.<\/p>\n<p>Kupte si Marihuanu Mother of Dragons nyn\u00ed od Tegridy Farms&#8217; Online Cannabis Dispensary<\/p>\n","protected":false},"excerpt":{"rendered":"<div class=\"woocommerce-product-details__short-description\">\n<p>Nakupte marihuanu Mother of Dragons levn\u011b online. Matka drak\u016f marihuana je hybridn\u00ed \u2013 50 % Sativa \/ 50 % Indica THC: 23 % \u2013 28 %<\/p>\n<div class=\"woocommerce-product-details__short-description\">\n<p><strong>Velikost pupen\u016f<\/strong>: Mal\u00e1 \u2013 St\u0159edn\u00ed<br \/> <strong>Typ kmene<\/strong>: 40 % Indica 60 % Sativa<br \/> <strong>Textura<\/strong>: Norm\u00e1ln\u00ed \u2013 Lepkav\u00e1<br \/> <strong>P\u0159\u00edchu\u0165<\/strong>: Bylinn\u00e9 | Sweet<br \/> <strong>L\u00e9ka\u0159sk\u00e9 pou\u017eit\u00ed<\/strong>: \u00dazkost | Chronick\u00e1 bolest | Deprese | Stres<br \/> <strong>Obsah THC<\/strong>: 26 % Nejvy\u0161\u0161\u00ed test\u00a0<strong>CBD<\/strong>: &gt;1 %<\/p>\n<\/p><\/div>\n<p class=\"stock out-of- akcie\"> <\/div>\n","protected":false},"featured_media":5038,"comment_status":"open","ping_status":"closed","template":"","meta":[],"product_brand":[],"product_cat":[778],"product_tag":[960,961,962,963,965,966,970,972,974,975,976,977,978,987,480,985,986,973,461,971,967,968,969,964,615,455,981,980,979,983,982,984],"class_list":{"0":"post-5020","1":"product","2":"type-product","3":"status-publish","4":"has-post-thumbnail","6":"product_cat-trava-na-prodej","7":"product_tag-best-place-to-buy-marijuana-seeds-online","8":"product_tag-buy-actavis-syrup","9":"product_tag-buy-cough-syrup-with-codeine","10":"product_tag-buy-illegal-marijuana-online","11":"product_tag-buy-marijuana","12":"product_tag-buy-marijuana-online-canada","13":"product_tag-buy-nirvana-special-marijuana-strain-online","14":"product_tag-buy-real-marijuana-online","15":"product_tag-buy-synthetic-marijuana-online","16":"product_tag-can-you-buy","17":"product_tag-can-you-buy-marijuana-online","18":"product_tag-can-you-buy-marijuana-seeds-online","19":"product_tag-jak-koupit-marihuanu-online","20":"product_tag-kde-koupit-cbd-olej-nedaleko-me","21":"product_tag-kde-koupit-marihuanu-online","22":"product_tag-kde-mohu-koupit-marihuanu-online","23":"product_tag-kde-mohu-koupit-semena-marihuany-online","24":"product_tag-koupit-safe-zdravotni-marihuana-online","25":"product_tag-koupit-lebnou-marihuanu-online","26":"product_tag-koupit-online-actavis-sirup-proti-kali","27":"product_tag-koupit-semena-marihuany-online","28":"product_tag-buy-marihuana-seeds-online-canada","29":"product_tag-buy-marihuana-seeds-online-usa","30":"product_tag-buy-lean-codeine-online","31":"product_tag-koupit-konopn-olej-online","32":"product_tag-koupit-marihuanu-online","33":"product_tag-lkask-marihuana-online","34":"product_tag-marihuana-online-koupit-konop","35":"product_tag-marihuanov-oleje-na-vaping-na-prodej","36":"product_tag-objednat-kodein-sirup-kael-online","37":"product_tag-online-legally","38":"product_tag-promethazin-kodein-sirup-na-prodej","40":"first","41":"instock","42":"shipping-taxable","43":"purchasable","44":"product-type-variable","45":"has-default-attributes"},"yoast_head":"<!-- This site is optimized with the Yoast SEO plugin v27.3 - https:\/\/yoast.com\/product\/yoast-seo-wordpress\/ -->\n<title>Koupit Mother of Dragons Marihuana - Nejlep\u0161\u00ed glob\u00e1ln\u00ed l\u00e9ky<\/title>\n<meta name=\"description\" content=\"Kupte si marihuanu Mother of Dragons levn\u011b online. Matka drak\u016f marihuana je hybridn\u00ed \u2013 50 % Sativa \/ 50 % Indica THC: 23 % \u2013 28 %\" \/>\n<meta name=\"robots\" content=\"index, follow, max-snippet:-1, max-image-preview:large, max-video-preview:-1\" \/>\n<link rel=\"canonical\" href=\"https:\/\/medicinasinc.com\/cs\/product\/koupit-matka-draku-marihuana\/\" \/>\n<meta property=\"og:locale\" content=\"en_US\" \/>\n<meta property=\"og:type\" content=\"article\" \/>\n<meta property=\"og:title\" content=\"Koupit Mother of Dragons Marihuana - Nejlep\u0161\u00ed glob\u00e1ln\u00ed l\u00e9ky\" \/>\n<meta property=\"og:description\" content=\"Kupte si marihuanu Mother of Dragons levn\u011b online. Matka drak\u016f marihuana je hybridn\u00ed \u2013 50 % Sativa \/ 50 % Indica THC: 23 % \u2013 28 %\" \/>\n<meta property=\"og:url\" content=\"https:\/\/medicinasinc.com\/cs\/product\/koupit-matka-draku-marihuana\/\" \/>\n<meta property=\"og:site_name\" content=\"Medicinas Inc\" \/>\n<meta property=\"article:modified_time\" content=\"2022-03-14T12:32:39+00:00\" \/>\n<meta property=\"og:image\" content=\"https:\/\/medicinasinc.com\/cs\/wp-content\/uploads\/sites\/2\/2022\/02\/Buy-Mother-of-Dragons-Marijuana.jpg\" \/>\n\t<meta property=\"og:image:width\" content=\"1000\" \/>\n\t<meta property=\"og:image:height\" content=\"1000\" \/>\n\t<meta property=\"og:image:type\" content=\"image\/jpeg\" \/>\n<meta name=\"twitter:card\" content=\"summary_large_image\" \/>\n<meta name=\"twitter:label1\" content=\"Est. reading time\" \/>\n\t<meta name=\"twitter:data1\" content=\"2 minutes\" \/>\n<script type=\"application\/ld+json\" class=\"yoast-schema-graph\">{\"@context\":\"https:\\\/\\\/schema.org\",\"@graph\":[{\"@type\":\"WebPage\",\"@id\":\"https:\\\/\\\/medicinasinc.com\\\/cs\\\/product\\\/koupit-matka-draku-marihuana\\\/\",\"url\":\"https:\\\/\\\/medicinasinc.com\\\/cs\\\/product\\\/koupit-matka-draku-marihuana\\\/\",\"name\":\"Koupit Mother of Dragons Marihuana - Nejlep\u0161\u00ed glob\u00e1ln\u00ed l\u00e9ky\",\"isPartOf\":{\"@id\":\"https:\\\/\\\/medicinasinc.com\\\/cs\\\/#website\"},\"primaryImageOfPage\":{\"@id\":\"https:\\\/\\\/medicinasinc.com\\\/cs\\\/product\\\/koupit-matka-draku-marihuana\\\/#primaryimage\"},\"image\":{\"@id\":\"https:\\\/\\\/medicinasinc.com\\\/cs\\\/product\\\/koupit-matka-draku-marihuana\\\/#primaryimage\"},\"thumbnailUrl\":\"https:\\\/\\\/medicinasinc.com\\\/cs\\\/wp-content\\\/uploads\\\/sites\\\/2\\\/2022\\\/02\\\/Buy-Mother-of-Dragons-Marijuana.jpg\",\"datePublished\":\"2022-02-20T19:11:16+00:00\",\"dateModified\":\"2022-03-14T12:32:39+00:00\",\"description\":\"Kupte si marihuanu Mother of Dragons levn\u011b online. Matka drak\u016f marihuana je hybridn\u00ed \u2013 50 % Sativa \\\/ 50 % Indica THC: 23 % \u2013 28 %\",\"breadcrumb\":{\"@id\":\"https:\\\/\\\/medicinasinc.com\\\/cs\\\/product\\\/koupit-matka-draku-marihuana\\\/#breadcrumb\"},\"inLanguage\":\"en-US\",\"potentialAction\":[{\"@type\":\"ReadAction\",\"target\":[\"https:\\\/\\\/medicinasinc.com\\\/cs\\\/product\\\/koupit-matka-draku-marihuana\\\/\"]}]},{\"@type\":\"ImageObject\",\"inLanguage\":\"en-US\",\"@id\":\"https:\\\/\\\/medicinasinc.com\\\/cs\\\/product\\\/koupit-matka-draku-marihuana\\\/#primaryimage\",\"url\":\"https:\\\/\\\/medicinasinc.com\\\/cs\\\/wp-content\\\/uploads\\\/sites\\\/2\\\/2022\\\/02\\\/Buy-Mother-of-Dragons-Marijuana.jpg\",\"contentUrl\":\"https:\\\/\\\/medicinasinc.com\\\/cs\\\/wp-content\\\/uploads\\\/sites\\\/2\\\/2022\\\/02\\\/Buy-Mother-of-Dragons-Marijuana.jpg\",\"width\":1000,\"height\":1000},{\"@type\":\"BreadcrumbList\",\"@id\":\"https:\\\/\\\/medicinasinc.com\\\/cs\\\/product\\\/koupit-matka-draku-marihuana\\\/#breadcrumb\",\"itemListElement\":[{\"@type\":\"ListItem\",\"position\":1,\"name\":\"Obchod\",\"item\":\"https:\\\/\\\/medicinasinc.com\\\/cs\\\/obchod\\\/\"},{\"@type\":\"ListItem\",\"position\":2,\"name\":\"Kupte si marihuanu Mother of Dragons\"}]},{\"@type\":\"WebSite\",\"@id\":\"https:\\\/\\\/medicinasinc.com\\\/cs\\\/#website\",\"url\":\"https:\\\/\\\/medicinasinc.com\\\/cs\\\/\",\"name\":\"Medicinas Inc\",\"description\":\"Health Medical Clinic\",\"potentialAction\":[{\"@type\":\"SearchAction\",\"target\":{\"@type\":\"EntryPoint\",\"urlTemplate\":\"https:\\\/\\\/medicinasinc.com\\\/cs\\\/?s={search_term_string}\"},\"query-input\":{\"@type\":\"PropertyValueSpecification\",\"valueRequired\":true,\"valueName\":\"search_term_string\"}}],\"inLanguage\":\"en-US\"}]}<\/script>\n<!-- \/ Yoast SEO plugin. -->","yoast_head_json":{"title":"Koupit Mother of Dragons Marihuana - Nejlep\u0161\u00ed glob\u00e1ln\u00ed l\u00e9ky","description":"Kupte si marihuanu Mother of Dragons levn\u011b online. Matka drak\u016f marihuana je hybridn\u00ed \u2013 50 % Sativa \/ 50 % Indica THC: 23 % \u2013 28 %","robots":{"index":"index","follow":"follow","max-snippet":"max-snippet:-1","max-image-preview":"max-image-preview:large","max-video-preview":"max-video-preview:-1"},"canonical":"https:\/\/medicinasinc.com\/cs\/product\/koupit-matka-draku-marihuana\/","og_locale":"en_US","og_type":"article","og_title":"Koupit Mother of Dragons Marihuana - Nejlep\u0161\u00ed glob\u00e1ln\u00ed l\u00e9ky","og_description":"Kupte si marihuanu Mother of Dragons levn\u011b online. Matka drak\u016f marihuana je hybridn\u00ed \u2013 50 % Sativa \/ 50 % Indica THC: 23 % \u2013 28 %","og_url":"https:\/\/medicinasinc.com\/cs\/product\/koupit-matka-draku-marihuana\/","og_site_name":"Medicinas Inc","article_modified_time":"2022-03-14T12:32:39+00:00","og_image":[{"width":1000,"height":1000,"url":"https:\/\/medicinasinc.com\/cs\/wp-content\/uploads\/sites\/2\/2022\/02\/Buy-Mother-of-Dragons-Marijuana.jpg","type":"image\/jpeg"}],"twitter_card":"summary_large_image","twitter_misc":{"Est. reading time":"2 minutes"},"schema":{"@context":"https:\/\/schema.org","@graph":[{"@type":"WebPage","@id":"https:\/\/medicinasinc.com\/cs\/product\/koupit-matka-draku-marihuana\/","url":"https:\/\/medicinasinc.com\/cs\/product\/koupit-matka-draku-marihuana\/","name":"Koupit Mother of Dragons Marihuana - Nejlep\u0161\u00ed glob\u00e1ln\u00ed l\u00e9ky","isPartOf":{"@id":"https:\/\/medicinasinc.com\/cs\/#website"},"primaryImageOfPage":{"@id":"https:\/\/medicinasinc.com\/cs\/product\/koupit-matka-draku-marihuana\/#primaryimage"},"image":{"@id":"https:\/\/medicinasinc.com\/cs\/product\/koupit-matka-draku-marihuana\/#primaryimage"},"thumbnailUrl":"https:\/\/medicinasinc.com\/cs\/wp-content\/uploads\/sites\/2\/2022\/02\/Buy-Mother-of-Dragons-Marijuana.jpg","datePublished":"2022-02-20T19:11:16+00:00","dateModified":"2022-03-14T12:32:39+00:00","description":"Kupte si marihuanu Mother of Dragons levn\u011b online. Matka drak\u016f marihuana je hybridn\u00ed \u2013 50 % Sativa \/ 50 % Indica THC: 23 % \u2013 28 %","breadcrumb":{"@id":"https:\/\/medicinasinc.com\/cs\/product\/koupit-matka-draku-marihuana\/#breadcrumb"},"inLanguage":"en-US","potentialAction":[{"@type":"ReadAction","target":["https:\/\/medicinasinc.com\/cs\/product\/koupit-matka-draku-marihuana\/"]}]},{"@type":"ImageObject","inLanguage":"en-US","@id":"https:\/\/medicinasinc.com\/cs\/product\/koupit-matka-draku-marihuana\/#primaryimage","url":"https:\/\/medicinasinc.com\/cs\/wp-content\/uploads\/sites\/2\/2022\/02\/Buy-Mother-of-Dragons-Marijuana.jpg","contentUrl":"https:\/\/medicinasinc.com\/cs\/wp-content\/uploads\/sites\/2\/2022\/02\/Buy-Mother-of-Dragons-Marijuana.jpg","width":1000,"height":1000},{"@type":"BreadcrumbList","@id":"https:\/\/medicinasinc.com\/cs\/product\/koupit-matka-draku-marihuana\/#breadcrumb","itemListElement":[{"@type":"ListItem","position":1,"name":"Obchod","item":"https:\/\/medicinasinc.com\/cs\/obchod\/"},{"@type":"ListItem","position":2,"name":"Kupte si marihuanu Mother of Dragons"}]},{"@type":"WebSite","@id":"https:\/\/medicinasinc.com\/cs\/#website","url":"https:\/\/medicinasinc.com\/cs\/","name":"Medicinas Inc","description":"Health Medical Clinic","potentialAction":[{"@type":"SearchAction","target":{"@type":"EntryPoint","urlTemplate":"https:\/\/medicinasinc.com\/cs\/?s={search_term_string}"},"query-input":{"@type":"PropertyValueSpecification","valueRequired":true,"valueName":"search_term_string"}}],"inLanguage":"en-US"}]}},"_links":{"self":[{"href":"https:\/\/medicinasinc.com\/cs\/wp-json\/wp\/v2\/product\/5020","targetHints":{"allow":["GET"]}}],"collection":[{"href":"https:\/\/medicinasinc.com\/cs\/wp-json\/wp\/v2\/product"}],"about":[{"href":"https:\/\/medicinasinc.com\/cs\/wp-json\/wp\/v2\/types\/product"}],"replies":[{"embeddable":true,"href":"https:\/\/medicinasinc.com\/cs\/wp-json\/wp\/v2\/comments?post=5020"}],"wp:featuredmedia":[{"embeddable":true,"href":"https:\/\/medicinasinc.com\/cs\/wp-json\/wp\/v2\/media\/5038"}],"wp:attachment":[{"href":"https:\/\/medicinasinc.com\/cs\/wp-json\/wp\/v2\/media?parent=5020"}],"wp:term":[{"taxonomy":"product_brand","embeddable":true,"href":"https:\/\/medicinasinc.com\/cs\/wp-json\/wp\/v2\/product_brand?post=5020"},{"taxonomy":"product_cat","embeddable":true,"href":"https:\/\/medicinasinc.com\/cs\/wp-json\/wp\/v2\/product_cat?post=5020"},{"taxonomy":"product_tag","embeddable":true,"href":"https:\/\/medicinasinc.com\/cs\/wp-json\/wp\/v2\/product_tag?post=5020"}],"curies":[{"name":"wp","href":"https:\/\/api.w.org\/{rel}","templated":true}]}}