{"id":5019,"date":"2022-02-20T19:10:26","date_gmt":"2022-02-20T19:10:26","guid":{"rendered":"https:\/\/medicinasinc.com\/cs\/?post_type=product&#038;p=5019"},"modified":"2022-03-14T12:32:52","modified_gmt":"2022-03-14T12:32:52","slug":"amnezie-opar","status":"publish","type":"product","link":"https:\/\/medicinasinc.com\/cs\/product\/amnezie-opar\/","title":{"rendered":"Amnesia Haze"},"content":{"rendered":"<p>Amnesia Haze Strain Online n\u00e1kup<\/p>\n<p>Amnesia Haze Strain Online je hybrid s dominanc\u00ed Sativy vytvo\u0159en\u00fd k\u0159\u00ed\u017een\u00edm Haze s n\u011bkolika odli\u0161n\u00fdmi zemsk\u00fdmi kmeny, v\u010detn\u011b thajsk\u00fdch, havajsk\u00fdch a afgh\u00e1nsk\u00fdch. Pom\u011br sativy a indiky je p\u0159ibli\u017en\u011b 80:20. THC je pom\u011brn\u011b vysok\u00e9, v ur\u010dit\u00fdch testech p\u0159esahuje 22 %, ale CBD je v\u00fdrazn\u011b m\u00e9n\u011b \u00fa\u010dinn\u00e9, dosahuje o n\u011bco m\u00e9n\u011b ne\u017e 1 %. High je euforick\u00e9 a kreativn\u00ed, s psychoaktivn\u00edm zv\u00fd\u0161en\u00edm n\u00e1lady a p\u0159\u00edpadem chichot\u00e1n\u00ed. Amnesia Haze m\u00e1 ovocnou, ha\u0161i\u0161ovou chu\u0165 a sladk\u00e9, zemit\u00e9 aroma se stopami ohniv\u00e9ho pep\u0159e. Nugy jsou sv\u011btle zelen\u00e9 s tmav\u011b hn\u011bd\u00fdmi vl\u00e1kny a povrchem pokryt\u00fdm trichomy. Je to vynikaj\u00edc\u00ed alternativa pro \u00falevu od \u00fazkosti a deprese, stejn\u011b jako \u00fanavy, symptom\u016f ADHD, migr\u00e9nov\u00fdch bolest\u00ed hlavy, zm\u011bn n\u00e1lad a fyzick\u00e9 bolesti.<\/p>\n<p>Nakupujte online od Best Global Meds za levnou cenu!<\/p>\n<p>My v Best Global Meds nab\u00edz\u00edme kv\u011bty marihuany p\u0159i amn\u00e9zii za rozumnou cenu. Amnesia haze je Sativa-dominantn\u00ed hybrid vyroben\u00fd ze dvou prim\u00e1rn\u00edch kmen\u016f konop\u00ed, Sativa a Indica. Pou\u017e\u00edv\u00e1 se pro r\u016fzn\u00e9 terapeutick\u00e9 a rekrea\u010dn\u00ed aplikace. Amnesia Haze je vynikaj\u00edc\u00ed alternativou pro soust\u0159ed\u011bn\u00ed se na pr\u00e1ci na odlehl\u00e9m m\u00edst\u011b. Se zemit\u00fdmi citr\u00f3nov\u00fdmi a citrusov\u00fdmi t\u00f3ny je Amnesia Haze ide\u00e1ln\u00edm kmenem pro za\u010d\u00e1tek dne s \u00fasm\u011bvem.<\/p>\n<div class=\"product-next-previous\">\n<div class=\"product-prev\"><\/div><\/div>\n","protected":false},"excerpt":{"rendered":"<p>Amnesia Haze na prodej online ve Spojen\u00e9m kr\u00e1lovstv\u00ed a Evrop\u011b, Amnesia Haze je obl\u00edben\u00e1 v Evrop\u011b. Tato velmi psychedelick\u00e1 Sativa je nejl\u00e9pe vyhrazena pro zku\u0161en\u00e9 spot\u0159ebitele.<\/p>\n<p>Amnesia Haze je mo\u017en\u00e1 sv\u011btov\u011b nejobl\u00edben\u011bj\u0161\u00edm kmenem.<\/p>\n<p>Amnesia Haze je extr\u00e9mn\u011b opojn\u00fd a psychedelick\u00fd hybridn\u00ed kmen. <\/p>\n","protected":false},"featured_media":5036,"comment_status":"open","ping_status":"closed","template":"","meta":[],"product_brand":[],"product_cat":[778],"product_tag":[956,959,957,958],"class_list":{"0":"post-5019","1":"product","2":"type-product","3":"status-publish","4":"has-post-thumbnail","6":"product_cat-trava-na-prodej","7":"product_tag-amnzie","8":"product_tag-kde-na-koupit-amnesia-haze-strain-online","9":"product_tag-buy-amnesia-haze-online","10":"product_tag-marihuana","12":"first","13":"instock","14":"shipping-taxable","15":"purchasable","16":"product-type-variable","17":"has-default-attributes"},"yoast_head":"<!-- This site is optimized with the Yoast SEO plugin v27.3 - https:\/\/yoast.com\/product\/yoast-seo-wordpress\/ -->\n<title>Amnesia Haze - Amnesia Haze kmeny plevel\u016f - Nejlep\u0161\u00ed nejlep\u0161\u00ed glob\u00e1ln\u00ed l\u00e9ky<\/title>\n<meta name=\"description\" content=\"Koupit Amnesia Haze Na prodej Velk\u00e1 Brit\u00e1nie, Evropa online, Amnesia Haze je evropsk\u00fdm favoritem. Tento siln\u011b psychedelick\u00fd kmen je Sativa, kterou je nejlep\u0161\u00ed p\u0159enechat zku\u0161en\u00fdm spot\u0159ebitel\u016fm.\" \/>\n<meta name=\"robots\" content=\"index, follow, max-snippet:-1, max-image-preview:large, max-video-preview:-1\" \/>\n<link rel=\"canonical\" href=\"https:\/\/medicinasinc.com\/cs\/product\/amnezie-opar\/\" \/>\n<meta property=\"og:locale\" content=\"en_US\" \/>\n<meta property=\"og:type\" content=\"article\" \/>\n<meta property=\"og:title\" content=\"Amnesia Haze - Amnesia Haze kmeny plevel\u016f - Nejlep\u0161\u00ed nejlep\u0161\u00ed glob\u00e1ln\u00ed l\u00e9ky\" \/>\n<meta property=\"og:description\" content=\"Koupit Amnesia Haze Na prodej Velk\u00e1 Brit\u00e1nie, Evropa online, Amnesia Haze je evropsk\u00fdm favoritem. Tento siln\u011b psychedelick\u00fd kmen je Sativa, kterou je nejlep\u0161\u00ed p\u0159enechat zku\u0161en\u00fdm spot\u0159ebitel\u016fm.\" \/>\n<meta property=\"og:url\" content=\"https:\/\/medicinasinc.com\/cs\/product\/amnezie-opar\/\" \/>\n<meta property=\"og:site_name\" content=\"Medicinas Inc\" \/>\n<meta property=\"article:modified_time\" content=\"2022-03-14T12:32:52+00:00\" \/>\n<meta property=\"og:image\" content=\"https:\/\/medicinasinc.com\/cs\/wp-content\/uploads\/sites\/2\/2022\/02\/Buy-Amnesia-Haze.jpg\" \/>\n\t<meta property=\"og:image:width\" content=\"1159\" \/>\n\t<meta property=\"og:image:height\" content=\"1043\" \/>\n\t<meta property=\"og:image:type\" content=\"image\/jpeg\" \/>\n<meta name=\"twitter:card\" content=\"summary_large_image\" \/>\n<meta name=\"twitter:label1\" content=\"Est. reading time\" \/>\n\t<meta name=\"twitter:data1\" content=\"1 minute\" \/>\n<script type=\"application\/ld+json\" class=\"yoast-schema-graph\">{\"@context\":\"https:\\\/\\\/schema.org\",\"@graph\":[{\"@type\":\"WebPage\",\"@id\":\"https:\\\/\\\/medicinasinc.com\\\/cs\\\/product\\\/amnezie-opar\\\/\",\"url\":\"https:\\\/\\\/medicinasinc.com\\\/cs\\\/product\\\/amnezie-opar\\\/\",\"name\":\"Amnesia Haze - Amnesia Haze kmeny plevel\u016f - Nejlep\u0161\u00ed nejlep\u0161\u00ed glob\u00e1ln\u00ed l\u00e9ky\",\"isPartOf\":{\"@id\":\"https:\\\/\\\/medicinasinc.com\\\/cs\\\/#website\"},\"primaryImageOfPage\":{\"@id\":\"https:\\\/\\\/medicinasinc.com\\\/cs\\\/product\\\/amnezie-opar\\\/#primaryimage\"},\"image\":{\"@id\":\"https:\\\/\\\/medicinasinc.com\\\/cs\\\/product\\\/amnezie-opar\\\/#primaryimage\"},\"thumbnailUrl\":\"https:\\\/\\\/medicinasinc.com\\\/cs\\\/wp-content\\\/uploads\\\/sites\\\/2\\\/2022\\\/02\\\/Buy-Amnesia-Haze.jpg\",\"datePublished\":\"2022-02-20T19:10:26+00:00\",\"dateModified\":\"2022-03-14T12:32:52+00:00\",\"description\":\"Koupit Amnesia Haze Na prodej Velk\u00e1 Brit\u00e1nie, Evropa online, Amnesia Haze je evropsk\u00fdm favoritem. Tento siln\u011b psychedelick\u00fd kmen je Sativa, kterou je nejlep\u0161\u00ed p\u0159enechat zku\u0161en\u00fdm spot\u0159ebitel\u016fm.\",\"breadcrumb\":{\"@id\":\"https:\\\/\\\/medicinasinc.com\\\/cs\\\/product\\\/amnezie-opar\\\/#breadcrumb\"},\"inLanguage\":\"en-US\",\"potentialAction\":[{\"@type\":\"ReadAction\",\"target\":[\"https:\\\/\\\/medicinasinc.com\\\/cs\\\/product\\\/amnezie-opar\\\/\"]}]},{\"@type\":\"ImageObject\",\"inLanguage\":\"en-US\",\"@id\":\"https:\\\/\\\/medicinasinc.com\\\/cs\\\/product\\\/amnezie-opar\\\/#primaryimage\",\"url\":\"https:\\\/\\\/medicinasinc.com\\\/cs\\\/wp-content\\\/uploads\\\/sites\\\/2\\\/2022\\\/02\\\/Buy-Amnesia-Haze.jpg\",\"contentUrl\":\"https:\\\/\\\/medicinasinc.com\\\/cs\\\/wp-content\\\/uploads\\\/sites\\\/2\\\/2022\\\/02\\\/Buy-Amnesia-Haze.jpg\",\"width\":1159,\"height\":1043},{\"@type\":\"BreadcrumbList\",\"@id\":\"https:\\\/\\\/medicinasinc.com\\\/cs\\\/product\\\/amnezie-opar\\\/#breadcrumb\",\"itemListElement\":[{\"@type\":\"ListItem\",\"position\":1,\"name\":\"Obchod\",\"item\":\"https:\\\/\\\/medicinasinc.com\\\/cs\\\/obchod\\\/\"},{\"@type\":\"ListItem\",\"position\":2,\"name\":\"Amnesia Haze\"}]},{\"@type\":\"WebSite\",\"@id\":\"https:\\\/\\\/medicinasinc.com\\\/cs\\\/#website\",\"url\":\"https:\\\/\\\/medicinasinc.com\\\/cs\\\/\",\"name\":\"Medicinas Inc\",\"description\":\"Health Medical Clinic\",\"potentialAction\":[{\"@type\":\"SearchAction\",\"target\":{\"@type\":\"EntryPoint\",\"urlTemplate\":\"https:\\\/\\\/medicinasinc.com\\\/cs\\\/?s={search_term_string}\"},\"query-input\":{\"@type\":\"PropertyValueSpecification\",\"valueRequired\":true,\"valueName\":\"search_term_string\"}}],\"inLanguage\":\"en-US\"}]}<\/script>\n<!-- \/ Yoast SEO plugin. -->","yoast_head_json":{"title":"Amnesia Haze - Amnesia Haze kmeny plevel\u016f - Nejlep\u0161\u00ed nejlep\u0161\u00ed glob\u00e1ln\u00ed l\u00e9ky","description":"Koupit Amnesia Haze Na prodej Velk\u00e1 Brit\u00e1nie, Evropa online, Amnesia Haze je evropsk\u00fdm favoritem. Tento siln\u011b psychedelick\u00fd kmen je Sativa, kterou je nejlep\u0161\u00ed p\u0159enechat zku\u0161en\u00fdm spot\u0159ebitel\u016fm.","robots":{"index":"index","follow":"follow","max-snippet":"max-snippet:-1","max-image-preview":"max-image-preview:large","max-video-preview":"max-video-preview:-1"},"canonical":"https:\/\/medicinasinc.com\/cs\/product\/amnezie-opar\/","og_locale":"en_US","og_type":"article","og_title":"Amnesia Haze - Amnesia Haze kmeny plevel\u016f - Nejlep\u0161\u00ed nejlep\u0161\u00ed glob\u00e1ln\u00ed l\u00e9ky","og_description":"Koupit Amnesia Haze Na prodej Velk\u00e1 Brit\u00e1nie, Evropa online, Amnesia Haze je evropsk\u00fdm favoritem. Tento siln\u011b psychedelick\u00fd kmen je Sativa, kterou je nejlep\u0161\u00ed p\u0159enechat zku\u0161en\u00fdm spot\u0159ebitel\u016fm.","og_url":"https:\/\/medicinasinc.com\/cs\/product\/amnezie-opar\/","og_site_name":"Medicinas Inc","article_modified_time":"2022-03-14T12:32:52+00:00","og_image":[{"width":1159,"height":1043,"url":"https:\/\/medicinasinc.com\/cs\/wp-content\/uploads\/sites\/2\/2022\/02\/Buy-Amnesia-Haze.jpg","type":"image\/jpeg"}],"twitter_card":"summary_large_image","twitter_misc":{"Est. reading time":"1 minute"},"schema":{"@context":"https:\/\/schema.org","@graph":[{"@type":"WebPage","@id":"https:\/\/medicinasinc.com\/cs\/product\/amnezie-opar\/","url":"https:\/\/medicinasinc.com\/cs\/product\/amnezie-opar\/","name":"Amnesia Haze - Amnesia Haze kmeny plevel\u016f - Nejlep\u0161\u00ed nejlep\u0161\u00ed glob\u00e1ln\u00ed l\u00e9ky","isPartOf":{"@id":"https:\/\/medicinasinc.com\/cs\/#website"},"primaryImageOfPage":{"@id":"https:\/\/medicinasinc.com\/cs\/product\/amnezie-opar\/#primaryimage"},"image":{"@id":"https:\/\/medicinasinc.com\/cs\/product\/amnezie-opar\/#primaryimage"},"thumbnailUrl":"https:\/\/medicinasinc.com\/cs\/wp-content\/uploads\/sites\/2\/2022\/02\/Buy-Amnesia-Haze.jpg","datePublished":"2022-02-20T19:10:26+00:00","dateModified":"2022-03-14T12:32:52+00:00","description":"Koupit Amnesia Haze Na prodej Velk\u00e1 Brit\u00e1nie, Evropa online, Amnesia Haze je evropsk\u00fdm favoritem. Tento siln\u011b psychedelick\u00fd kmen je Sativa, kterou je nejlep\u0161\u00ed p\u0159enechat zku\u0161en\u00fdm spot\u0159ebitel\u016fm.","breadcrumb":{"@id":"https:\/\/medicinasinc.com\/cs\/product\/amnezie-opar\/#breadcrumb"},"inLanguage":"en-US","potentialAction":[{"@type":"ReadAction","target":["https:\/\/medicinasinc.com\/cs\/product\/amnezie-opar\/"]}]},{"@type":"ImageObject","inLanguage":"en-US","@id":"https:\/\/medicinasinc.com\/cs\/product\/amnezie-opar\/#primaryimage","url":"https:\/\/medicinasinc.com\/cs\/wp-content\/uploads\/sites\/2\/2022\/02\/Buy-Amnesia-Haze.jpg","contentUrl":"https:\/\/medicinasinc.com\/cs\/wp-content\/uploads\/sites\/2\/2022\/02\/Buy-Amnesia-Haze.jpg","width":1159,"height":1043},{"@type":"BreadcrumbList","@id":"https:\/\/medicinasinc.com\/cs\/product\/amnezie-opar\/#breadcrumb","itemListElement":[{"@type":"ListItem","position":1,"name":"Obchod","item":"https:\/\/medicinasinc.com\/cs\/obchod\/"},{"@type":"ListItem","position":2,"name":"Amnesia Haze"}]},{"@type":"WebSite","@id":"https:\/\/medicinasinc.com\/cs\/#website","url":"https:\/\/medicinasinc.com\/cs\/","name":"Medicinas Inc","description":"Health Medical Clinic","potentialAction":[{"@type":"SearchAction","target":{"@type":"EntryPoint","urlTemplate":"https:\/\/medicinasinc.com\/cs\/?s={search_term_string}"},"query-input":{"@type":"PropertyValueSpecification","valueRequired":true,"valueName":"search_term_string"}}],"inLanguage":"en-US"}]}},"_links":{"self":[{"href":"https:\/\/medicinasinc.com\/cs\/wp-json\/wp\/v2\/product\/5019","targetHints":{"allow":["GET"]}}],"collection":[{"href":"https:\/\/medicinasinc.com\/cs\/wp-json\/wp\/v2\/product"}],"about":[{"href":"https:\/\/medicinasinc.com\/cs\/wp-json\/wp\/v2\/types\/product"}],"replies":[{"embeddable":true,"href":"https:\/\/medicinasinc.com\/cs\/wp-json\/wp\/v2\/comments?post=5019"}],"wp:featuredmedia":[{"embeddable":true,"href":"https:\/\/medicinasinc.com\/cs\/wp-json\/wp\/v2\/media\/5036"}],"wp:attachment":[{"href":"https:\/\/medicinasinc.com\/cs\/wp-json\/wp\/v2\/media?parent=5019"}],"wp:term":[{"taxonomy":"product_brand","embeddable":true,"href":"https:\/\/medicinasinc.com\/cs\/wp-json\/wp\/v2\/product_brand?post=5019"},{"taxonomy":"product_cat","embeddable":true,"href":"https:\/\/medicinasinc.com\/cs\/wp-json\/wp\/v2\/product_cat?post=5019"},{"taxonomy":"product_tag","embeddable":true,"href":"https:\/\/medicinasinc.com\/cs\/wp-json\/wp\/v2\/product_tag?post=5019"}],"curies":[{"name":"wp","href":"https:\/\/api.w.org\/{rel}","templated":true}]}}