{"id":5018,"date":"2022-02-20T19:09:20","date_gmt":"2022-02-20T19:09:20","guid":{"rendered":"https:\/\/medicinasinc.com\/cs\/?post_type=product&#038;p=5018"},"modified":"2022-03-14T12:33:00","modified_gmt":"2022-03-14T12:33:00","slug":"koupit-ananas-expres-marihuana","status":"publish","type":"product","link":"https:\/\/medicinasinc.com\/cs\/product\/koupit-ananas-expres-marihuana\/","title":{"rendered":"Kupte si Pineapple Express Marihuana"},"content":{"rendered":"<h1>Kupte si Pineapple Express Marihuana Strain online.<\/h1>\n<p>Kupte si Pineapple Express Marihuana Strain online.<\/p>\n<p>\u00da\u010dinky<br \/> Energizuj\u00edc\u00ed, euforie, soust\u0159ed\u011bn\u00ed<br \/> M\u016f\u017ee ulevit<br \/> Chronick\u00e1 bolest, deprese, \u00fanava, ztr\u00e1ta chuti k j\u00eddlu, migr\u00e9ny, nevolnost, no\u010dn\u00ed m\u016fry<br \/> P\u0159\u00edchut\u011b<br \/> Citrusov\u00e9, Borovicov\u00e9, Ananasov\u00e9, Sladk\u00e9, Tropick\u00e9<br \/> V\u016fn\u011b<br \/> Zemit\u00e9, Borovicov\u00e9, Ananasov\u00e9, Sweet<\/p>\n<p>Mus\u00edte v\u0161ak m\u00edt na pam\u011bti, \u017ee nap\u011bt\u00ed nen\u00ed tak velk\u00e9, jak jej film vykresluje. Pineapple Express v\u0161ak poskytuje lehk\u00fd a p\u0159\u00edjemn\u00fd znecitlivuj\u00edc\u00ed efekt, na kter\u00fd se m\u016f\u017eete t\u011b\u0161it.<\/p>\n<p>Kmen je k dispozici ve tvaru p\u0159esn\u011b vyv\u00e1\u017een\u00fdch nuget\u016f p\u0159ipom\u00ednaj\u00edc\u00edch polystyrenov\u00fd popcorn. Nem\u00e1 sladkou chu\u0165, ale d\u00edky citrusov\u00fdm podt\u00f3n\u016fm m\u00e1 zvl\u00e1\u0161tn\u00ed aroma. Chu\u0165 je docela jedine\u010dn\u00e1, s n\u00e1dechem ananasu na n\u00e1dechu. Pineapple Express je preferov\u00e1n pro l\u00e9\u010dbu r\u016fzn\u00fdch zdravotn\u00edch stav\u016f, v\u010detn\u011b \u00fazkosti a stresu. Je v\u0161ak podstatn\u011b \u00fasp\u011b\u0161n\u011bj\u0161\u00ed p\u0159i sou\u010dasn\u00e9 l\u00e9\u010db\u011b p\u0159\u00edznak\u016f chronick\u00e9 deprese. Pokud poci\u0165ujete m\u00edrn\u00e9 bolesti a bolesti, jste na spr\u00e1vn\u00e9m m\u00edst\u011b. Po pota\u017een\u00ed si v\u0161imnete, \u017ee Pineapple Express je klidn\u00fd a povzbuzuj\u00edc\u00ed.<\/p>\n","protected":false},"excerpt":{"rendered":"<div class=\"woocommerce-product-details__short-description\">\n<p>Nakupte Pineapple Express Marihuana Strain na prodej online. Koupit Pineapple Express Marihuana kmen. Dominantn\u00ed hybrid sativa \u2013 60 % Sativa \/ 40 % Indica THC: 25 %, CBN: 1 %<\/p>\n<\/p><\/div>\n","protected":false},"featured_media":5034,"comment_status":"open","ping_status":"closed","template":"","meta":[],"product_brand":[],"product_cat":[778],"product_tag":[954,950,952,951,949,948,955,953],"class_list":{"0":"post-5018","1":"product","2":"type-product","3":"status-publish","4":"has-post-thumbnail","6":"product_cat-trava-na-prodej","7":"product_tag-ananasov-expresn-kmen-sativa-nebo-indica","8":"product_tag-ananas-expres-kmen-allbud","9":"product_tag-ananas-expres-kmen-info","10":"product_tag-ananas-expresn-napnac-efekty","11":"product_tag-ananas-expres-semena","12":"product_tag-ananas-expres-afghnistn","13":"product_tag-pineapple-express-vape-cartridge","14":"product_tag-ananas-expres-kmen-recenze","16":"first","17":"instock","18":"shipping-taxable","19":"purchasable","20":"product-type-variable","21":"has-default-attributes"},"yoast_head":"<!-- This site is optimized with the Yoast SEO plugin v27.3 - https:\/\/yoast.com\/product\/yoast-seo-wordpress\/ -->\n<title>Koupit Pineapple Express Marihuana \u2013 nejlep\u0161\u00ed nejlep\u0161\u00ed glob\u00e1ln\u00ed l\u00e9ky<\/title>\n<meta name=\"description\" content=\"Koupit Pineapple Express Marihuana Strain na prodej online. Koupit Pineapple Express Marihuana kmen. Dominantn\u00ed hybrid sativy \u2013 60 % Sativa \/ 40 % Indica THC: 25 %, CBN: 1 %\" \/>\n<meta name=\"robots\" content=\"index, follow, max-snippet:-1, max-image-preview:large, max-video-preview:-1\" \/>\n<link rel=\"canonical\" href=\"https:\/\/medicinasinc.com\/cs\/product\/koupit-ananas-expres-marihuana\/\" \/>\n<meta property=\"og:locale\" content=\"en_US\" \/>\n<meta property=\"og:type\" content=\"article\" \/>\n<meta property=\"og:title\" content=\"Koupit Pineapple Express Marihuana \u2013 nejlep\u0161\u00ed nejlep\u0161\u00ed glob\u00e1ln\u00ed l\u00e9ky\" \/>\n<meta property=\"og:description\" content=\"Koupit Pineapple Express Marihuana Strain na prodej online. Koupit Pineapple Express Marihuana kmen. Dominantn\u00ed hybrid sativy \u2013 60 % Sativa \/ 40 % Indica THC: 25 %, CBN: 1 %\" \/>\n<meta property=\"og:url\" content=\"https:\/\/medicinasinc.com\/cs\/product\/koupit-ananas-expres-marihuana\/\" \/>\n<meta property=\"og:site_name\" content=\"Medicinas Inc\" \/>\n<meta property=\"article:modified_time\" content=\"2022-03-14T12:33:00+00:00\" \/>\n<meta property=\"og:image\" content=\"https:\/\/medicinasinc.com\/cs\/wp-content\/uploads\/sites\/2\/2022\/02\/Buy-Pineapple-Express-Marijuana.jpeg\" \/>\n\t<meta property=\"og:image:width\" content=\"600\" \/>\n\t<meta property=\"og:image:height\" content=\"600\" \/>\n\t<meta property=\"og:image:type\" content=\"image\/jpeg\" \/>\n<meta name=\"twitter:card\" content=\"summary_large_image\" \/>\n<meta name=\"twitter:label1\" content=\"Est. reading time\" \/>\n\t<meta name=\"twitter:data1\" content=\"1 minute\" \/>\n<script type=\"application\/ld+json\" class=\"yoast-schema-graph\">{\"@context\":\"https:\\\/\\\/schema.org\",\"@graph\":[{\"@type\":\"WebPage\",\"@id\":\"https:\\\/\\\/medicinasinc.com\\\/cs\\\/product\\\/koupit-ananas-expres-marihuana\\\/\",\"url\":\"https:\\\/\\\/medicinasinc.com\\\/cs\\\/product\\\/koupit-ananas-expres-marihuana\\\/\",\"name\":\"Koupit Pineapple Express Marihuana \u2013 nejlep\u0161\u00ed nejlep\u0161\u00ed glob\u00e1ln\u00ed l\u00e9ky\",\"isPartOf\":{\"@id\":\"https:\\\/\\\/medicinasinc.com\\\/cs\\\/#website\"},\"primaryImageOfPage\":{\"@id\":\"https:\\\/\\\/medicinasinc.com\\\/cs\\\/product\\\/koupit-ananas-expres-marihuana\\\/#primaryimage\"},\"image\":{\"@id\":\"https:\\\/\\\/medicinasinc.com\\\/cs\\\/product\\\/koupit-ananas-expres-marihuana\\\/#primaryimage\"},\"thumbnailUrl\":\"https:\\\/\\\/medicinasinc.com\\\/cs\\\/wp-content\\\/uploads\\\/sites\\\/2\\\/2022\\\/02\\\/Buy-Pineapple-Express-Marijuana.jpeg\",\"datePublished\":\"2022-02-20T19:09:20+00:00\",\"dateModified\":\"2022-03-14T12:33:00+00:00\",\"description\":\"Koupit Pineapple Express Marihuana Strain na prodej online. Koupit Pineapple Express Marihuana kmen. Dominantn\u00ed hybrid sativy \u2013 60 % Sativa \\\/ 40 % Indica THC: 25 %, CBN: 1 %\",\"breadcrumb\":{\"@id\":\"https:\\\/\\\/medicinasinc.com\\\/cs\\\/product\\\/koupit-ananas-expres-marihuana\\\/#breadcrumb\"},\"inLanguage\":\"en-US\",\"potentialAction\":[{\"@type\":\"ReadAction\",\"target\":[\"https:\\\/\\\/medicinasinc.com\\\/cs\\\/product\\\/koupit-ananas-expres-marihuana\\\/\"]}]},{\"@type\":\"ImageObject\",\"inLanguage\":\"en-US\",\"@id\":\"https:\\\/\\\/medicinasinc.com\\\/cs\\\/product\\\/koupit-ananas-expres-marihuana\\\/#primaryimage\",\"url\":\"https:\\\/\\\/medicinasinc.com\\\/cs\\\/wp-content\\\/uploads\\\/sites\\\/2\\\/2022\\\/02\\\/Buy-Pineapple-Express-Marijuana.jpeg\",\"contentUrl\":\"https:\\\/\\\/medicinasinc.com\\\/cs\\\/wp-content\\\/uploads\\\/sites\\\/2\\\/2022\\\/02\\\/Buy-Pineapple-Express-Marijuana.jpeg\",\"width\":600,\"height\":600},{\"@type\":\"BreadcrumbList\",\"@id\":\"https:\\\/\\\/medicinasinc.com\\\/cs\\\/product\\\/koupit-ananas-expres-marihuana\\\/#breadcrumb\",\"itemListElement\":[{\"@type\":\"ListItem\",\"position\":1,\"name\":\"Obchod\",\"item\":\"https:\\\/\\\/medicinasinc.com\\\/cs\\\/obchod\\\/\"},{\"@type\":\"ListItem\",\"position\":2,\"name\":\"Kupte si Pineapple Express Marihuana\"}]},{\"@type\":\"WebSite\",\"@id\":\"https:\\\/\\\/medicinasinc.com\\\/cs\\\/#website\",\"url\":\"https:\\\/\\\/medicinasinc.com\\\/cs\\\/\",\"name\":\"Medicinas Inc\",\"description\":\"Health Medical Clinic\",\"potentialAction\":[{\"@type\":\"SearchAction\",\"target\":{\"@type\":\"EntryPoint\",\"urlTemplate\":\"https:\\\/\\\/medicinasinc.com\\\/cs\\\/?s={search_term_string}\"},\"query-input\":{\"@type\":\"PropertyValueSpecification\",\"valueRequired\":true,\"valueName\":\"search_term_string\"}}],\"inLanguage\":\"en-US\"}]}<\/script>\n<!-- \/ Yoast SEO plugin. -->","yoast_head_json":{"title":"Koupit Pineapple Express Marihuana \u2013 nejlep\u0161\u00ed nejlep\u0161\u00ed glob\u00e1ln\u00ed l\u00e9ky","description":"Koupit Pineapple Express Marihuana Strain na prodej online. Koupit Pineapple Express Marihuana kmen. Dominantn\u00ed hybrid sativy \u2013 60 % Sativa \/ 40 % Indica THC: 25 %, CBN: 1 %","robots":{"index":"index","follow":"follow","max-snippet":"max-snippet:-1","max-image-preview":"max-image-preview:large","max-video-preview":"max-video-preview:-1"},"canonical":"https:\/\/medicinasinc.com\/cs\/product\/koupit-ananas-expres-marihuana\/","og_locale":"en_US","og_type":"article","og_title":"Koupit Pineapple Express Marihuana \u2013 nejlep\u0161\u00ed nejlep\u0161\u00ed glob\u00e1ln\u00ed l\u00e9ky","og_description":"Koupit Pineapple Express Marihuana Strain na prodej online. Koupit Pineapple Express Marihuana kmen. Dominantn\u00ed hybrid sativy \u2013 60 % Sativa \/ 40 % Indica THC: 25 %, CBN: 1 %","og_url":"https:\/\/medicinasinc.com\/cs\/product\/koupit-ananas-expres-marihuana\/","og_site_name":"Medicinas Inc","article_modified_time":"2022-03-14T12:33:00+00:00","og_image":[{"width":600,"height":600,"url":"https:\/\/medicinasinc.com\/cs\/wp-content\/uploads\/sites\/2\/2022\/02\/Buy-Pineapple-Express-Marijuana.jpeg","type":"image\/jpeg"}],"twitter_card":"summary_large_image","twitter_misc":{"Est. reading time":"1 minute"},"schema":{"@context":"https:\/\/schema.org","@graph":[{"@type":"WebPage","@id":"https:\/\/medicinasinc.com\/cs\/product\/koupit-ananas-expres-marihuana\/","url":"https:\/\/medicinasinc.com\/cs\/product\/koupit-ananas-expres-marihuana\/","name":"Koupit Pineapple Express Marihuana \u2013 nejlep\u0161\u00ed nejlep\u0161\u00ed glob\u00e1ln\u00ed l\u00e9ky","isPartOf":{"@id":"https:\/\/medicinasinc.com\/cs\/#website"},"primaryImageOfPage":{"@id":"https:\/\/medicinasinc.com\/cs\/product\/koupit-ananas-expres-marihuana\/#primaryimage"},"image":{"@id":"https:\/\/medicinasinc.com\/cs\/product\/koupit-ananas-expres-marihuana\/#primaryimage"},"thumbnailUrl":"https:\/\/medicinasinc.com\/cs\/wp-content\/uploads\/sites\/2\/2022\/02\/Buy-Pineapple-Express-Marijuana.jpeg","datePublished":"2022-02-20T19:09:20+00:00","dateModified":"2022-03-14T12:33:00+00:00","description":"Koupit Pineapple Express Marihuana Strain na prodej online. Koupit Pineapple Express Marihuana kmen. Dominantn\u00ed hybrid sativy \u2013 60 % Sativa \/ 40 % Indica THC: 25 %, CBN: 1 %","breadcrumb":{"@id":"https:\/\/medicinasinc.com\/cs\/product\/koupit-ananas-expres-marihuana\/#breadcrumb"},"inLanguage":"en-US","potentialAction":[{"@type":"ReadAction","target":["https:\/\/medicinasinc.com\/cs\/product\/koupit-ananas-expres-marihuana\/"]}]},{"@type":"ImageObject","inLanguage":"en-US","@id":"https:\/\/medicinasinc.com\/cs\/product\/koupit-ananas-expres-marihuana\/#primaryimage","url":"https:\/\/medicinasinc.com\/cs\/wp-content\/uploads\/sites\/2\/2022\/02\/Buy-Pineapple-Express-Marijuana.jpeg","contentUrl":"https:\/\/medicinasinc.com\/cs\/wp-content\/uploads\/sites\/2\/2022\/02\/Buy-Pineapple-Express-Marijuana.jpeg","width":600,"height":600},{"@type":"BreadcrumbList","@id":"https:\/\/medicinasinc.com\/cs\/product\/koupit-ananas-expres-marihuana\/#breadcrumb","itemListElement":[{"@type":"ListItem","position":1,"name":"Obchod","item":"https:\/\/medicinasinc.com\/cs\/obchod\/"},{"@type":"ListItem","position":2,"name":"Kupte si Pineapple Express Marihuana"}]},{"@type":"WebSite","@id":"https:\/\/medicinasinc.com\/cs\/#website","url":"https:\/\/medicinasinc.com\/cs\/","name":"Medicinas Inc","description":"Health Medical Clinic","potentialAction":[{"@type":"SearchAction","target":{"@type":"EntryPoint","urlTemplate":"https:\/\/medicinasinc.com\/cs\/?s={search_term_string}"},"query-input":{"@type":"PropertyValueSpecification","valueRequired":true,"valueName":"search_term_string"}}],"inLanguage":"en-US"}]}},"_links":{"self":[{"href":"https:\/\/medicinasinc.com\/cs\/wp-json\/wp\/v2\/product\/5018","targetHints":{"allow":["GET"]}}],"collection":[{"href":"https:\/\/medicinasinc.com\/cs\/wp-json\/wp\/v2\/product"}],"about":[{"href":"https:\/\/medicinasinc.com\/cs\/wp-json\/wp\/v2\/types\/product"}],"replies":[{"embeddable":true,"href":"https:\/\/medicinasinc.com\/cs\/wp-json\/wp\/v2\/comments?post=5018"}],"wp:featuredmedia":[{"embeddable":true,"href":"https:\/\/medicinasinc.com\/cs\/wp-json\/wp\/v2\/media\/5034"}],"wp:attachment":[{"href":"https:\/\/medicinasinc.com\/cs\/wp-json\/wp\/v2\/media?parent=5018"}],"wp:term":[{"taxonomy":"product_brand","embeddable":true,"href":"https:\/\/medicinasinc.com\/cs\/wp-json\/wp\/v2\/product_brand?post=5018"},{"taxonomy":"product_cat","embeddable":true,"href":"https:\/\/medicinasinc.com\/cs\/wp-json\/wp\/v2\/product_cat?post=5018"},{"taxonomy":"product_tag","embeddable":true,"href":"https:\/\/medicinasinc.com\/cs\/wp-json\/wp\/v2\/product_tag?post=5018"}],"curies":[{"name":"wp","href":"https:\/\/api.w.org\/{rel}","templated":true}]}}