{"id":4996,"date":"2022-02-20T18:53:00","date_gmt":"2022-02-20T18:53:00","guid":{"rendered":"https:\/\/medicinasinc.com\/cs\/?post_type=product&#038;p=4996"},"modified":"2022-08-03T12:18:03","modified_gmt":"2022-08-03T12:18:03","slug":"koupit-citron-skunk","status":"publish","type":"product","link":"https:\/\/medicinasinc.com\/cs\/product\/koupit-citron-skunk\/","title":{"rendered":"Kupte si Lemon Skunk"},"content":{"rendered":"<p>Lemon Skunk je k dispozici v online v\u00fddejn\u011b marihuany spole\u010dnosti Chronic Post.<\/p>\n<p>ChronicPost Lemon Skunk je mnoha cenami ov\u011bn\u010den\u00fd hybrid Sativa s citr\u00f3novou p\u0159\u00edchut\u00ed a obsahem THC a\u017e 22 %. V roce 2009 byl za\u0159azen do \u017eeb\u0159\u00ed\u010dku High Times deseti nejlep\u0161\u00edch kmen\u016f.<\/p>\n<p>Obsah THC v Lemon Skunk se pohybuje v pr\u016fm\u011bru mezi 14 a 15 % a byl testov\u00e1n a\u017e na 22 % THC. Je zn\u00e1mo, \u017ee jeho vysok\u00e1 hladina stimuluje mozkov\u00e9 funkce, co\u017e vede k v\u011bt\u0161\u00ed kreativit\u011b a zahaluje u\u017eivatele do radostn\u00e9ho a energizuj\u00edc\u00edho bzu\u010den\u00ed. Mnoho recenzent\u016f charakterizovalo jejich Lemon Skunk vysoce jako introspektivn\u00ed, vzbuzuj\u00edc\u00ed my\u0161lenky a zlep\u0161uj\u00edc\u00ed vynal\u00e9zavost. Po jedn\u00e9 a\u017e dvou hodin\u00e1ch se za\u010dnou projevovat indica slo\u017eky kmene, tak\u017ee u\u017eivatel bude lehce unaven\u00fd, proto\u017ee mozkov\u00e9 \u00fa\u010dinky odezn\u00ed.<\/p>\n<p>Lemon Skunk je pon\u011bkud vysok\u00e1 a produktivn\u00ed rostlina, kter\u00e1 je p\u0159esn\u011b to, co n\u00e1zev napov\u00edd\u00e1 \u2013 siln\u011b citrusov\u011b zabarven\u00e1 varianta Skunk se siln\u00fdm a uklid\u0148uj\u00edc\u00edm \u00fa\u010dinkem. M\u00e1 charakteristick\u00e1 limetkov\u011b zelen\u00e1 poupata a \u017eiv\u00e9 oran\u017eov\u00e9 pest\u00edky Skunk, co\u017e vede k mraziv\u00fdm, hust\u00fdm kol\u00e1m ve tvaru kop\u00ed.<\/p>\n","protected":false},"excerpt":{"rendered":"<div class=\"woocommerce-product-details__short-description\">\n<p>Lemon Skunk obsahuje st\u0159edn\u00ed mno\u017estv\u00ed THC a velmi m\u00e1lo CBD. Objevte v\u00edce o DNA Genetics Lemon Skunk a nakupujte u Tokyo Smoke je\u0161t\u011b dnes.<\/p>\n<p>Lemon Skunk Weed na prodej online. Lemon Kush je sm\u011bs\u00ed Master Kush a Lemon Joy a poskytuje n\u00edzk\u00fd a\u017e st\u0159edn\u00ed v\u00fdnos. Doporu\u010deno pro pacienty s HIV\/AIDS, glaukomem, Parkinsonovou chorobou, \u00fazkost\u00ed a chronickou bolest\u00ed<\/p>\n<p><strong>Velikost pupen\u016f:\u00a0<\/strong>Mal\u00e9<br \/>\n<strong>Textura:\u00a0<\/strong>Such\u00e9<br \/>\n<strong>P\u0159\u00edchut\u011b:\u00a0<\/strong>Citron \/ Citrus \/ \u010cerstv\u00e9<br \/>\n<strong>B\u011b\u017en\u00e9 pou\u017eit\u00ed:<\/strong>\u00a0Bolest \/ chu\u0165 k j\u00eddlu \/ deprese<br \/>\n<strong><a href=\"https:\/\/medicinasinc.com\/cs\/product\/koupit-citron-skunk\/\">THC<\/a>:<\/strong>\u00a022\u00a0\u00a0 \u00a0<strong><a href=\"https:\/\/medicinasinc.com\/cs\/product\/koupit-citron-skunk\/\">CBD<\/a>: &lt;<\/strong>1 %<\/p>\n<\/div>\n","protected":false},"featured_media":5013,"comment_status":"open","ping_status":"closed","template":"","meta":[],"product_brand":[],"product_cat":[778],"product_tag":[932,939,933,935,937,938,934,936],"class_list":{"0":"post-4996","1":"product","2":"type-product","3":"status-publish","4":"has-post-thumbnail","6":"product_cat-trava-na-prodej","7":"product_tag-best-lemon-skunk-seeds","8":"product_tag-citronov-skunk-chu","9":"product_tag-citron-skunk-auto","10":"product_tag-citron-skunk-cbd","11":"product_tag-lemon-skunk-indica-or-sativa","12":"product_tag-lemon-skunk-price","13":"product_tag-citron-skunk-kartu-c5-a1e","14":"product_tag-citron-skunk-sklenk-semena-recenze","16":"first","17":"instock","18":"shipping-taxable","19":"purchasable","20":"product-type-variable","21":"has-default-attributes"},"yoast_head":"<!-- This site is optimized with the Yoast SEO plugin v27.3 - https:\/\/yoast.com\/product\/yoast-seo-wordpress\/ -->\n<title>Koupit Lemon Skunk \u2013 nejlep\u0161\u00ed nejlep\u0161\u00ed glob\u00e1ln\u00ed l\u00e9ky<\/title>\n<meta name=\"description\" content=\"Koupit Lemon Skunk Weed online. Lemon Kush je k\u0159\u00ed\u017eenec mezi Master Kush a Lemon Joy, m\u00e1 n\u00edzkou a\u017e st\u0159edn\u00ed v\u00fdt\u011b\u017enost. Doporu\u010deno pro pacienty s HIV\/AIDS, glaukomem, Parkinsonovou chorobou, \u00fazkost\u00ed, chronickou bolest\u00ed\u2026\" \/>\n<meta name=\"robots\" content=\"index, follow, max-snippet:-1, max-image-preview:large, max-video-preview:-1\" \/>\n<link rel=\"canonical\" href=\"https:\/\/medicinasinc.com\/cs\/product\/koupit-citron-skunk\/\" \/>\n<meta property=\"og:locale\" content=\"en_US\" \/>\n<meta property=\"og:type\" content=\"article\" \/>\n<meta property=\"og:title\" content=\"Koupit Lemon Skunk \u2013 nejlep\u0161\u00ed nejlep\u0161\u00ed glob\u00e1ln\u00ed l\u00e9ky\" \/>\n<meta property=\"og:description\" content=\"Koupit Lemon Skunk Weed online. Lemon Kush je k\u0159\u00ed\u017eenec mezi Master Kush a Lemon Joy, m\u00e1 n\u00edzkou a\u017e st\u0159edn\u00ed v\u00fdt\u011b\u017enost. Doporu\u010deno pro pacienty s HIV\/AIDS, glaukomem, Parkinsonovou chorobou, \u00fazkost\u00ed, chronickou bolest\u00ed\u2026\" \/>\n<meta property=\"og:url\" content=\"https:\/\/medicinasinc.com\/cs\/product\/koupit-citron-skunk\/\" \/>\n<meta property=\"og:site_name\" content=\"Medicinas Inc\" \/>\n<meta property=\"article:modified_time\" content=\"2022-08-03T12:18:03+00:00\" \/>\n<meta property=\"og:image\" content=\"https:\/\/medicinasinc.com\/cs\/wp-content\/uploads\/sites\/2\/2022\/02\/Buy-Lemon-Skunk.jpg\" \/>\n\t<meta property=\"og:image:width\" content=\"2403\" \/>\n\t<meta property=\"og:image:height\" content=\"2403\" \/>\n\t<meta property=\"og:image:type\" content=\"image\/jpeg\" \/>\n<meta name=\"twitter:card\" content=\"summary_large_image\" \/>\n<meta name=\"twitter:label1\" content=\"Est. reading time\" \/>\n\t<meta name=\"twitter:data1\" content=\"1 minute\" \/>\n<script type=\"application\/ld+json\" class=\"yoast-schema-graph\">{\"@context\":\"https:\\\/\\\/schema.org\",\"@graph\":[{\"@type\":\"WebPage\",\"@id\":\"https:\\\/\\\/medicinasinc.com\\\/cs\\\/product\\\/koupit-citron-skunk\\\/\",\"url\":\"https:\\\/\\\/medicinasinc.com\\\/cs\\\/product\\\/koupit-citron-skunk\\\/\",\"name\":\"Koupit Lemon Skunk \u2013 nejlep\u0161\u00ed nejlep\u0161\u00ed glob\u00e1ln\u00ed l\u00e9ky\",\"isPartOf\":{\"@id\":\"https:\\\/\\\/medicinasinc.com\\\/cs\\\/#website\"},\"primaryImageOfPage\":{\"@id\":\"https:\\\/\\\/medicinasinc.com\\\/cs\\\/product\\\/koupit-citron-skunk\\\/#primaryimage\"},\"image\":{\"@id\":\"https:\\\/\\\/medicinasinc.com\\\/cs\\\/product\\\/koupit-citron-skunk\\\/#primaryimage\"},\"thumbnailUrl\":\"https:\\\/\\\/medicinasinc.com\\\/cs\\\/wp-content\\\/uploads\\\/sites\\\/2\\\/2022\\\/02\\\/Buy-Lemon-Skunk.jpg\",\"datePublished\":\"2022-02-20T18:53:00+00:00\",\"dateModified\":\"2022-08-03T12:18:03+00:00\",\"description\":\"Koupit Lemon Skunk Weed online. Lemon Kush je k\u0159\u00ed\u017eenec mezi Master Kush a Lemon Joy, m\u00e1 n\u00edzkou a\u017e st\u0159edn\u00ed v\u00fdt\u011b\u017enost. Doporu\u010deno pro pacienty s HIV\\\/AIDS, glaukomem, Parkinsonovou chorobou, \u00fazkost\u00ed, chronickou bolest\u00ed\u2026\",\"breadcrumb\":{\"@id\":\"https:\\\/\\\/medicinasinc.com\\\/cs\\\/product\\\/koupit-citron-skunk\\\/#breadcrumb\"},\"inLanguage\":\"en-US\",\"potentialAction\":[{\"@type\":\"ReadAction\",\"target\":[\"https:\\\/\\\/medicinasinc.com\\\/cs\\\/product\\\/koupit-citron-skunk\\\/\"]}]},{\"@type\":\"ImageObject\",\"inLanguage\":\"en-US\",\"@id\":\"https:\\\/\\\/medicinasinc.com\\\/cs\\\/product\\\/koupit-citron-skunk\\\/#primaryimage\",\"url\":\"https:\\\/\\\/medicinasinc.com\\\/cs\\\/wp-content\\\/uploads\\\/sites\\\/2\\\/2022\\\/02\\\/Buy-Lemon-Skunk.jpg\",\"contentUrl\":\"https:\\\/\\\/medicinasinc.com\\\/cs\\\/wp-content\\\/uploads\\\/sites\\\/2\\\/2022\\\/02\\\/Buy-Lemon-Skunk.jpg\",\"width\":2403,\"height\":2403},{\"@type\":\"BreadcrumbList\",\"@id\":\"https:\\\/\\\/medicinasinc.com\\\/cs\\\/product\\\/koupit-citron-skunk\\\/#breadcrumb\",\"itemListElement\":[{\"@type\":\"ListItem\",\"position\":1,\"name\":\"Obchod\",\"item\":\"https:\\\/\\\/medicinasinc.com\\\/cs\\\/obchod\\\/\"},{\"@type\":\"ListItem\",\"position\":2,\"name\":\"Kupte si Lemon Skunk\"}]},{\"@type\":\"WebSite\",\"@id\":\"https:\\\/\\\/medicinasinc.com\\\/cs\\\/#website\",\"url\":\"https:\\\/\\\/medicinasinc.com\\\/cs\\\/\",\"name\":\"Medicinas Inc\",\"description\":\"Health Medical Clinic\",\"potentialAction\":[{\"@type\":\"SearchAction\",\"target\":{\"@type\":\"EntryPoint\",\"urlTemplate\":\"https:\\\/\\\/medicinasinc.com\\\/cs\\\/?s={search_term_string}\"},\"query-input\":{\"@type\":\"PropertyValueSpecification\",\"valueRequired\":true,\"valueName\":\"search_term_string\"}}],\"inLanguage\":\"en-US\"}]}<\/script>\n<!-- \/ Yoast SEO plugin. -->","yoast_head_json":{"title":"Koupit Lemon Skunk \u2013 nejlep\u0161\u00ed nejlep\u0161\u00ed glob\u00e1ln\u00ed l\u00e9ky","description":"Koupit Lemon Skunk Weed online. Lemon Kush je k\u0159\u00ed\u017eenec mezi Master Kush a Lemon Joy, m\u00e1 n\u00edzkou a\u017e st\u0159edn\u00ed v\u00fdt\u011b\u017enost. Doporu\u010deno pro pacienty s HIV\/AIDS, glaukomem, Parkinsonovou chorobou, \u00fazkost\u00ed, chronickou bolest\u00ed\u2026","robots":{"index":"index","follow":"follow","max-snippet":"max-snippet:-1","max-image-preview":"max-image-preview:large","max-video-preview":"max-video-preview:-1"},"canonical":"https:\/\/medicinasinc.com\/cs\/product\/koupit-citron-skunk\/","og_locale":"en_US","og_type":"article","og_title":"Koupit Lemon Skunk \u2013 nejlep\u0161\u00ed nejlep\u0161\u00ed glob\u00e1ln\u00ed l\u00e9ky","og_description":"Koupit Lemon Skunk Weed online. Lemon Kush je k\u0159\u00ed\u017eenec mezi Master Kush a Lemon Joy, m\u00e1 n\u00edzkou a\u017e st\u0159edn\u00ed v\u00fdt\u011b\u017enost. Doporu\u010deno pro pacienty s HIV\/AIDS, glaukomem, Parkinsonovou chorobou, \u00fazkost\u00ed, chronickou bolest\u00ed\u2026","og_url":"https:\/\/medicinasinc.com\/cs\/product\/koupit-citron-skunk\/","og_site_name":"Medicinas Inc","article_modified_time":"2022-08-03T12:18:03+00:00","og_image":[{"width":2403,"height":2403,"url":"https:\/\/medicinasinc.com\/cs\/wp-content\/uploads\/sites\/2\/2022\/02\/Buy-Lemon-Skunk.jpg","type":"image\/jpeg"}],"twitter_card":"summary_large_image","twitter_misc":{"Est. reading time":"1 minute"},"schema":{"@context":"https:\/\/schema.org","@graph":[{"@type":"WebPage","@id":"https:\/\/medicinasinc.com\/cs\/product\/koupit-citron-skunk\/","url":"https:\/\/medicinasinc.com\/cs\/product\/koupit-citron-skunk\/","name":"Koupit Lemon Skunk \u2013 nejlep\u0161\u00ed nejlep\u0161\u00ed glob\u00e1ln\u00ed l\u00e9ky","isPartOf":{"@id":"https:\/\/medicinasinc.com\/cs\/#website"},"primaryImageOfPage":{"@id":"https:\/\/medicinasinc.com\/cs\/product\/koupit-citron-skunk\/#primaryimage"},"image":{"@id":"https:\/\/medicinasinc.com\/cs\/product\/koupit-citron-skunk\/#primaryimage"},"thumbnailUrl":"https:\/\/medicinasinc.com\/cs\/wp-content\/uploads\/sites\/2\/2022\/02\/Buy-Lemon-Skunk.jpg","datePublished":"2022-02-20T18:53:00+00:00","dateModified":"2022-08-03T12:18:03+00:00","description":"Koupit Lemon Skunk Weed online. Lemon Kush je k\u0159\u00ed\u017eenec mezi Master Kush a Lemon Joy, m\u00e1 n\u00edzkou a\u017e st\u0159edn\u00ed v\u00fdt\u011b\u017enost. Doporu\u010deno pro pacienty s HIV\/AIDS, glaukomem, Parkinsonovou chorobou, \u00fazkost\u00ed, chronickou bolest\u00ed\u2026","breadcrumb":{"@id":"https:\/\/medicinasinc.com\/cs\/product\/koupit-citron-skunk\/#breadcrumb"},"inLanguage":"en-US","potentialAction":[{"@type":"ReadAction","target":["https:\/\/medicinasinc.com\/cs\/product\/koupit-citron-skunk\/"]}]},{"@type":"ImageObject","inLanguage":"en-US","@id":"https:\/\/medicinasinc.com\/cs\/product\/koupit-citron-skunk\/#primaryimage","url":"https:\/\/medicinasinc.com\/cs\/wp-content\/uploads\/sites\/2\/2022\/02\/Buy-Lemon-Skunk.jpg","contentUrl":"https:\/\/medicinasinc.com\/cs\/wp-content\/uploads\/sites\/2\/2022\/02\/Buy-Lemon-Skunk.jpg","width":2403,"height":2403},{"@type":"BreadcrumbList","@id":"https:\/\/medicinasinc.com\/cs\/product\/koupit-citron-skunk\/#breadcrumb","itemListElement":[{"@type":"ListItem","position":1,"name":"Obchod","item":"https:\/\/medicinasinc.com\/cs\/obchod\/"},{"@type":"ListItem","position":2,"name":"Kupte si Lemon Skunk"}]},{"@type":"WebSite","@id":"https:\/\/medicinasinc.com\/cs\/#website","url":"https:\/\/medicinasinc.com\/cs\/","name":"Medicinas Inc","description":"Health Medical Clinic","potentialAction":[{"@type":"SearchAction","target":{"@type":"EntryPoint","urlTemplate":"https:\/\/medicinasinc.com\/cs\/?s={search_term_string}"},"query-input":{"@type":"PropertyValueSpecification","valueRequired":true,"valueName":"search_term_string"}}],"inLanguage":"en-US"}]}},"_links":{"self":[{"href":"https:\/\/medicinasinc.com\/cs\/wp-json\/wp\/v2\/product\/4996","targetHints":{"allow":["GET"]}}],"collection":[{"href":"https:\/\/medicinasinc.com\/cs\/wp-json\/wp\/v2\/product"}],"about":[{"href":"https:\/\/medicinasinc.com\/cs\/wp-json\/wp\/v2\/types\/product"}],"replies":[{"embeddable":true,"href":"https:\/\/medicinasinc.com\/cs\/wp-json\/wp\/v2\/comments?post=4996"}],"wp:featuredmedia":[{"embeddable":true,"href":"https:\/\/medicinasinc.com\/cs\/wp-json\/wp\/v2\/media\/5013"}],"wp:attachment":[{"href":"https:\/\/medicinasinc.com\/cs\/wp-json\/wp\/v2\/media?parent=4996"}],"wp:term":[{"taxonomy":"product_brand","embeddable":true,"href":"https:\/\/medicinasinc.com\/cs\/wp-json\/wp\/v2\/product_brand?post=4996"},{"taxonomy":"product_cat","embeddable":true,"href":"https:\/\/medicinasinc.com\/cs\/wp-json\/wp\/v2\/product_cat?post=4996"},{"taxonomy":"product_tag","embeddable":true,"href":"https:\/\/medicinasinc.com\/cs\/wp-json\/wp\/v2\/product_tag?post=4996"}],"curies":[{"name":"wp","href":"https:\/\/api.w.org\/{rel}","templated":true}]}}