{"id":4995,"date":"2022-02-20T18:51:43","date_gmt":"2022-02-20T18:51:43","guid":{"rendered":"https:\/\/medicinasinc.com\/cs\/?post_type=product&#038;p=4995"},"modified":"2022-03-14T12:33:47","modified_gmt":"2022-03-14T12:33:47","slug":"koupit-citron-a-marihuana","status":"publish","type":"product","link":"https:\/\/medicinasinc.com\/cs\/product\/koupit-citron-a-marihuana\/","title":{"rendered":"Kupte si Lemon OG Marihuana"},"content":{"rendered":"<p>Lemon OG Marihuana kmen na prodej online.<\/p>\n<p>Lemon OG Marihuana kmen na prodej online.<\/p>\n<p>Kreativn\u00ed, energizuj\u00edc\u00ed, koncentra\u010dn\u00ed, radostn\u00e9 a relaxa\u010dn\u00ed \u00fa\u010dinky<br \/> Mo\u017en\u00e1 \u00falevy Chronick\u00e1 bolest, nespavost, ztr\u00e1ta chuti k j\u00eddlu a stresov\u00e9 p\u0159\u00edchut\u011b<br \/> Citrusov\u00e9, pikantn\u00ed<br \/> V\u016fn\u011b<br \/> Citrusov\u00e9, zemit\u00e9, citr\u00f3nov\u00e9, \u0161tiplav\u00e9 a kysel\u00e9<\/p>\n","protected":false},"excerpt":{"rendered":"<p>Nakupte marihuanu Lemon OG (AA) v Evrop\u011b, Spojen\u00e9m kr\u00e1lovstv\u00ed a Kanad\u011b z nejv\u011bt\u0161\u00ed online l\u00e9k\u00e1rny na sv\u011bt\u011b, Buy My Weed Online.<\/p>\n<p>Lemon OG Marihuana Strain na prodej online. <\/p>\n<p>Nakupte online citronovou a marihuanovou odr\u016fdu. Hybridn\u00ed &#8211; 50 % Sativa\/50 % Indica Obsah THC Indika: 22 %, Obsah CBN: 1 %<\/p>\n","protected":false},"featured_media":5007,"comment_status":"open","ping_status":"closed","template":"","meta":[],"product_brand":[],"product_cat":[778],"product_tag":[924,929,930,928,927,925,926,931],"class_list":{"0":"post-4995","1":"product","2":"type-product","3":"status-publish","4":"has-post-thumbnail","6":"product_cat-trava-na-prodej","7":"product_tag-bruce-citron-nafta","8":"product_tag-citron-a-kmen-allbud","9":"product_tag-citron-zkittle-holandsk-ve","10":"product_tag-citron-a-listov","11":"product_tag-citron-kush-na-prodej","12":"product_tag-female-seeds-lemon-kush","13":"product_tag-kush-seedsman","14":"product_tag-pun-a","16":"first","17":"instock","18":"shipping-taxable","19":"purchasable","20":"product-type-variable"},"yoast_head":"<!-- This site is optimized with the Yoast SEO plugin v27.3 - https:\/\/yoast.com\/product\/yoast-seo-wordpress\/ -->\n<title>Kupte si Lemon OG Marihuana kmen online \u2013 nejlep\u0161\u00ed glob\u00e1ln\u00ed l\u00e9ky<\/title>\n<meta name=\"description\" content=\"Kupte si Lemon OG marihuanu\u00a0(AA) na prodej v Evrop\u011b, Spojen\u00e9m kr\u00e1lovstv\u00ed, Kanad\u011b od nejv\u011bt\u0161\u00ed online l\u00e9k\u00e1rny Buy My Weed Online.\" \/>\n<meta name=\"robots\" content=\"index, follow, max-snippet:-1, max-image-preview:large, max-video-preview:-1\" \/>\n<link rel=\"canonical\" href=\"https:\/\/medicinasinc.com\/cs\/product\/koupit-citron-a-marihuana\/\" \/>\n<meta property=\"og:locale\" content=\"en_US\" \/>\n<meta property=\"og:type\" content=\"article\" \/>\n<meta property=\"og:title\" content=\"Kupte si Lemon OG Marihuana kmen online \u2013 nejlep\u0161\u00ed glob\u00e1ln\u00ed l\u00e9ky\" \/>\n<meta property=\"og:description\" content=\"Kupte si Lemon OG marihuanu\u00a0(AA) na prodej v Evrop\u011b, Spojen\u00e9m kr\u00e1lovstv\u00ed, Kanad\u011b od nejv\u011bt\u0161\u00ed online l\u00e9k\u00e1rny Buy My Weed Online.\" \/>\n<meta property=\"og:url\" content=\"https:\/\/medicinasinc.com\/cs\/product\/koupit-citron-a-marihuana\/\" \/>\n<meta property=\"og:site_name\" content=\"Medicinas Inc\" \/>\n<meta property=\"article:modified_time\" content=\"2022-03-14T12:33:47+00:00\" \/>\n<meta property=\"og:image\" content=\"https:\/\/medicinasinc.com\/cs\/wp-content\/uploads\/sites\/2\/2022\/02\/Buy-Lemon-OG.jpg\" \/>\n\t<meta property=\"og:image:width\" content=\"2000\" \/>\n\t<meta property=\"og:image:height\" content=\"2000\" \/>\n\t<meta property=\"og:image:type\" content=\"image\/jpeg\" \/>\n<meta name=\"twitter:card\" content=\"summary_large_image\" \/>\n<meta name=\"twitter:label1\" content=\"Est. reading time\" \/>\n\t<meta name=\"twitter:data1\" content=\"1 minute\" \/>\n<script type=\"application\/ld+json\" class=\"yoast-schema-graph\">{\"@context\":\"https:\\\/\\\/schema.org\",\"@graph\":[{\"@type\":\"WebPage\",\"@id\":\"https:\\\/\\\/medicinasinc.com\\\/cs\\\/product\\\/koupit-citron-a-marihuana\\\/\",\"url\":\"https:\\\/\\\/medicinasinc.com\\\/cs\\\/product\\\/koupit-citron-a-marihuana\\\/\",\"name\":\"Kupte si Lemon OG Marihuana kmen online \u2013 nejlep\u0161\u00ed glob\u00e1ln\u00ed l\u00e9ky\",\"isPartOf\":{\"@id\":\"https:\\\/\\\/medicinasinc.com\\\/cs\\\/#website\"},\"primaryImageOfPage\":{\"@id\":\"https:\\\/\\\/medicinasinc.com\\\/cs\\\/product\\\/koupit-citron-a-marihuana\\\/#primaryimage\"},\"image\":{\"@id\":\"https:\\\/\\\/medicinasinc.com\\\/cs\\\/product\\\/koupit-citron-a-marihuana\\\/#primaryimage\"},\"thumbnailUrl\":\"https:\\\/\\\/medicinasinc.com\\\/cs\\\/wp-content\\\/uploads\\\/sites\\\/2\\\/2022\\\/02\\\/Buy-Lemon-OG.jpg\",\"datePublished\":\"2022-02-20T18:51:43+00:00\",\"dateModified\":\"2022-03-14T12:33:47+00:00\",\"description\":\"Kupte si Lemon OG marihuanu\u00a0(AA) na prodej v Evrop\u011b, Spojen\u00e9m kr\u00e1lovstv\u00ed, Kanad\u011b od nejv\u011bt\u0161\u00ed online l\u00e9k\u00e1rny Buy My Weed Online.\",\"breadcrumb\":{\"@id\":\"https:\\\/\\\/medicinasinc.com\\\/cs\\\/product\\\/koupit-citron-a-marihuana\\\/#breadcrumb\"},\"inLanguage\":\"en-US\",\"potentialAction\":[{\"@type\":\"ReadAction\",\"target\":[\"https:\\\/\\\/medicinasinc.com\\\/cs\\\/product\\\/koupit-citron-a-marihuana\\\/\"]}]},{\"@type\":\"ImageObject\",\"inLanguage\":\"en-US\",\"@id\":\"https:\\\/\\\/medicinasinc.com\\\/cs\\\/product\\\/koupit-citron-a-marihuana\\\/#primaryimage\",\"url\":\"https:\\\/\\\/medicinasinc.com\\\/cs\\\/wp-content\\\/uploads\\\/sites\\\/2\\\/2022\\\/02\\\/Buy-Lemon-OG.jpg\",\"contentUrl\":\"https:\\\/\\\/medicinasinc.com\\\/cs\\\/wp-content\\\/uploads\\\/sites\\\/2\\\/2022\\\/02\\\/Buy-Lemon-OG.jpg\",\"width\":2000,\"height\":2000},{\"@type\":\"BreadcrumbList\",\"@id\":\"https:\\\/\\\/medicinasinc.com\\\/cs\\\/product\\\/koupit-citron-a-marihuana\\\/#breadcrumb\",\"itemListElement\":[{\"@type\":\"ListItem\",\"position\":1,\"name\":\"Obchod\",\"item\":\"https:\\\/\\\/medicinasinc.com\\\/cs\\\/obchod\\\/\"},{\"@type\":\"ListItem\",\"position\":2,\"name\":\"Kupte si Lemon OG Marihuana\"}]},{\"@type\":\"WebSite\",\"@id\":\"https:\\\/\\\/medicinasinc.com\\\/cs\\\/#website\",\"url\":\"https:\\\/\\\/medicinasinc.com\\\/cs\\\/\",\"name\":\"Medicinas Inc\",\"description\":\"Health Medical Clinic\",\"potentialAction\":[{\"@type\":\"SearchAction\",\"target\":{\"@type\":\"EntryPoint\",\"urlTemplate\":\"https:\\\/\\\/medicinasinc.com\\\/cs\\\/?s={search_term_string}\"},\"query-input\":{\"@type\":\"PropertyValueSpecification\",\"valueRequired\":true,\"valueName\":\"search_term_string\"}}],\"inLanguage\":\"en-US\"}]}<\/script>\n<!-- \/ Yoast SEO plugin. -->","yoast_head_json":{"title":"Kupte si Lemon OG Marihuana kmen online \u2013 nejlep\u0161\u00ed glob\u00e1ln\u00ed l\u00e9ky","description":"Kupte si Lemon OG marihuanu\u00a0(AA) na prodej v Evrop\u011b, Spojen\u00e9m kr\u00e1lovstv\u00ed, Kanad\u011b od nejv\u011bt\u0161\u00ed online l\u00e9k\u00e1rny Buy My Weed Online.","robots":{"index":"index","follow":"follow","max-snippet":"max-snippet:-1","max-image-preview":"max-image-preview:large","max-video-preview":"max-video-preview:-1"},"canonical":"https:\/\/medicinasinc.com\/cs\/product\/koupit-citron-a-marihuana\/","og_locale":"en_US","og_type":"article","og_title":"Kupte si Lemon OG Marihuana kmen online \u2013 nejlep\u0161\u00ed glob\u00e1ln\u00ed l\u00e9ky","og_description":"Kupte si Lemon OG marihuanu\u00a0(AA) na prodej v Evrop\u011b, Spojen\u00e9m kr\u00e1lovstv\u00ed, Kanad\u011b od nejv\u011bt\u0161\u00ed online l\u00e9k\u00e1rny Buy My Weed Online.","og_url":"https:\/\/medicinasinc.com\/cs\/product\/koupit-citron-a-marihuana\/","og_site_name":"Medicinas Inc","article_modified_time":"2022-03-14T12:33:47+00:00","og_image":[{"width":2000,"height":2000,"url":"https:\/\/medicinasinc.com\/cs\/wp-content\/uploads\/sites\/2\/2022\/02\/Buy-Lemon-OG.jpg","type":"image\/jpeg"}],"twitter_card":"summary_large_image","twitter_misc":{"Est. reading time":"1 minute"},"schema":{"@context":"https:\/\/schema.org","@graph":[{"@type":"WebPage","@id":"https:\/\/medicinasinc.com\/cs\/product\/koupit-citron-a-marihuana\/","url":"https:\/\/medicinasinc.com\/cs\/product\/koupit-citron-a-marihuana\/","name":"Kupte si Lemon OG Marihuana kmen online \u2013 nejlep\u0161\u00ed glob\u00e1ln\u00ed l\u00e9ky","isPartOf":{"@id":"https:\/\/medicinasinc.com\/cs\/#website"},"primaryImageOfPage":{"@id":"https:\/\/medicinasinc.com\/cs\/product\/koupit-citron-a-marihuana\/#primaryimage"},"image":{"@id":"https:\/\/medicinasinc.com\/cs\/product\/koupit-citron-a-marihuana\/#primaryimage"},"thumbnailUrl":"https:\/\/medicinasinc.com\/cs\/wp-content\/uploads\/sites\/2\/2022\/02\/Buy-Lemon-OG.jpg","datePublished":"2022-02-20T18:51:43+00:00","dateModified":"2022-03-14T12:33:47+00:00","description":"Kupte si Lemon OG marihuanu\u00a0(AA) na prodej v Evrop\u011b, Spojen\u00e9m kr\u00e1lovstv\u00ed, Kanad\u011b od nejv\u011bt\u0161\u00ed online l\u00e9k\u00e1rny Buy My Weed Online.","breadcrumb":{"@id":"https:\/\/medicinasinc.com\/cs\/product\/koupit-citron-a-marihuana\/#breadcrumb"},"inLanguage":"en-US","potentialAction":[{"@type":"ReadAction","target":["https:\/\/medicinasinc.com\/cs\/product\/koupit-citron-a-marihuana\/"]}]},{"@type":"ImageObject","inLanguage":"en-US","@id":"https:\/\/medicinasinc.com\/cs\/product\/koupit-citron-a-marihuana\/#primaryimage","url":"https:\/\/medicinasinc.com\/cs\/wp-content\/uploads\/sites\/2\/2022\/02\/Buy-Lemon-OG.jpg","contentUrl":"https:\/\/medicinasinc.com\/cs\/wp-content\/uploads\/sites\/2\/2022\/02\/Buy-Lemon-OG.jpg","width":2000,"height":2000},{"@type":"BreadcrumbList","@id":"https:\/\/medicinasinc.com\/cs\/product\/koupit-citron-a-marihuana\/#breadcrumb","itemListElement":[{"@type":"ListItem","position":1,"name":"Obchod","item":"https:\/\/medicinasinc.com\/cs\/obchod\/"},{"@type":"ListItem","position":2,"name":"Kupte si Lemon OG Marihuana"}]},{"@type":"WebSite","@id":"https:\/\/medicinasinc.com\/cs\/#website","url":"https:\/\/medicinasinc.com\/cs\/","name":"Medicinas Inc","description":"Health Medical Clinic","potentialAction":[{"@type":"SearchAction","target":{"@type":"EntryPoint","urlTemplate":"https:\/\/medicinasinc.com\/cs\/?s={search_term_string}"},"query-input":{"@type":"PropertyValueSpecification","valueRequired":true,"valueName":"search_term_string"}}],"inLanguage":"en-US"}]}},"_links":{"self":[{"href":"https:\/\/medicinasinc.com\/cs\/wp-json\/wp\/v2\/product\/4995","targetHints":{"allow":["GET"]}}],"collection":[{"href":"https:\/\/medicinasinc.com\/cs\/wp-json\/wp\/v2\/product"}],"about":[{"href":"https:\/\/medicinasinc.com\/cs\/wp-json\/wp\/v2\/types\/product"}],"replies":[{"embeddable":true,"href":"https:\/\/medicinasinc.com\/cs\/wp-json\/wp\/v2\/comments?post=4995"}],"wp:featuredmedia":[{"embeddable":true,"href":"https:\/\/medicinasinc.com\/cs\/wp-json\/wp\/v2\/media\/5007"}],"wp:attachment":[{"href":"https:\/\/medicinasinc.com\/cs\/wp-json\/wp\/v2\/media?parent=4995"}],"wp:term":[{"taxonomy":"product_brand","embeddable":true,"href":"https:\/\/medicinasinc.com\/cs\/wp-json\/wp\/v2\/product_brand?post=4995"},{"taxonomy":"product_cat","embeddable":true,"href":"https:\/\/medicinasinc.com\/cs\/wp-json\/wp\/v2\/product_cat?post=4995"},{"taxonomy":"product_tag","embeddable":true,"href":"https:\/\/medicinasinc.com\/cs\/wp-json\/wp\/v2\/product_tag?post=4995"}],"curies":[{"name":"wp","href":"https:\/\/api.w.org\/{rel}","templated":true}]}}