{"id":4971,"date":"2022-02-20T18:31:57","date_gmt":"2022-02-20T18:31:57","guid":{"rendered":"https:\/\/medicinasinc.com\/cs\/?post_type=product&#038;p=4971"},"modified":"2022-03-14T12:33:59","modified_gmt":"2022-03-14T12:33:59","slug":"koupit-khalifa-kush","status":"publish","type":"product","link":"https:\/\/medicinasinc.com\/cs\/product\/koupit-khalifa-kush\/","title":{"rendered":"Koupit Khalifa Kush"},"content":{"rendered":"<p>Online n\u00e1kup marihuany Khalifa Kush.<\/p>\n<p>Online n\u00e1kup marihuany Khalifa Kush.<\/p>\n<p>Cerebr\u00e1ln\u00ed, kreativn\u00ed, euforick\u00e9 a relaxa\u010dn\u00ed \u00fa\u010dinky<br \/> Mohou pomoci p\u0159i \u00falev\u011b Artritida, chronick\u00e1 bolest, deprese, \u00fanava, bolesti hlavy, ztr\u00e1ta chuti k j\u00eddlu, migr\u00e9ny, nevolnost, PTSD a stresov\u00e9 p\u0159\u00edchut\u011b<br \/> Citron, citrus, borovice a sladk\u00e9<\/p>\n","protected":false},"excerpt":{"rendered":"<p>Online n\u00e1kup Khalifa Kush Khalifa Kush na prodej online Nejlep\u0161\u00ed l\u00e9ka\u0159sk\u00e9 konop\u00ed Khalifa na prodej v m\u00e9m okol\u00ed N\u00e1kup l\u00e9ka\u0159sk\u00e9 marihuany online online n\u00e1kup l\u00e9ka\u0159sk\u00e9 marihuany.<\/p>\n<p>Co byste m\u011bli v\u011bd\u011bt, ne\u017e si zakoup\u00edte Wiz Khalifa OG? Wiz Khalifa OG, \u010dasto zn\u00e1m\u00fd jako Khalifa Kush, je hybridn\u00ed kmen konop\u00ed. Nakupujte\u00a0online!<\/p>\n<p>Chu\u0165 a v\u016fn\u011b khalifa kush jsou citrusov\u00e9 a piniov\u00e9. P\u0159i l\u00e9ka\u0159sk\u00e9m pou\u017eit\u00ed m\u016f\u017ee b\u00fdt khalifa kush \u00fa\u010dinn\u00fd p\u0159i \u00fanav\u011b, nap\u011bt\u00ed, \u00fazkosti a depresi, zat\u00edmco vysok\u00fd obsah CBD je vynikaj\u00edc\u00ed pro v\u00e1\u017en\u011bj\u0161\u00ed poruchy. Koncentrace THC v Khalifa Kush se pohybuje mezi 15 % a 29 %.<\/p>\n<p>OG Hybrid Genetics Lemon x Zemit\u00fd x Borovicov\u00fd Kush \u0160t\u011bst\u00ed \u00d7 Euforie x Relaxace x Kreativita x Povzn\u00e1\u0161ej\u00edc\u00ed<\/p>\n<p>Online n\u00e1kup Khalifa Kush Marihuana.<\/p>\n<p>Dominantn\u00ed hybrid &#8211; 80 % Indica \/ 20 % Sativa THC: 24\u201326 %<\/p>\n","protected":false},"featured_media":4985,"comment_status":"open","ping_status":"closed","template":"","meta":[],"product_brand":[],"product_cat":[778],"product_tag":[],"class_list":{"0":"post-4971","1":"product","2":"type-product","3":"status-publish","4":"has-post-thumbnail","6":"product_cat-trava-na-prodej","8":"first","9":"instock","10":"shipping-taxable","11":"purchasable","12":"product-type-variable","13":"has-default-attributes"},"yoast_head":"<!-- This site is optimized with the Yoast SEO plugin v27.3 - https:\/\/yoast.com\/product\/yoast-seo-wordpress\/ -->\n<title>Kupte si Khalifa Kush marihuanu online \u2013 nejlep\u0161\u00ed nejlep\u0161\u00ed glob\u00e1ln\u00ed l\u00e9ky<\/title>\n<meta name=\"description\" content=\"Koupit Khalifa Kush Online Khalifa Kush na prodej online Nejlep\u0161\u00ed l\u00e9ka\u0159sk\u00e9 konop\u00ed Khalifa na prodej v m\u00e9m okol\u00ed Koupit l\u00e9ka\u0159sk\u00e9 konop\u00ed online Koupit l\u00e9ka\u0159skou marihuanu online.\" \/>\n<meta name=\"robots\" content=\"index, follow, max-snippet:-1, max-image-preview:large, max-video-preview:-1\" \/>\n<link rel=\"canonical\" href=\"https:\/\/medicinasinc.com\/cs\/product\/koupit-khalifa-kush\/\" \/>\n<meta property=\"og:locale\" content=\"en_US\" \/>\n<meta property=\"og:type\" content=\"article\" \/>\n<meta property=\"og:title\" content=\"Kupte si Khalifa Kush marihuanu online \u2013 nejlep\u0161\u00ed nejlep\u0161\u00ed glob\u00e1ln\u00ed l\u00e9ky\" \/>\n<meta property=\"og:description\" content=\"Koupit Khalifa Kush Online Khalifa Kush na prodej online Nejlep\u0161\u00ed l\u00e9ka\u0159sk\u00e9 konop\u00ed Khalifa na prodej v m\u00e9m okol\u00ed Koupit l\u00e9ka\u0159sk\u00e9 konop\u00ed online Koupit l\u00e9ka\u0159skou marihuanu online.\" \/>\n<meta property=\"og:url\" content=\"https:\/\/medicinasinc.com\/cs\/product\/koupit-khalifa-kush\/\" \/>\n<meta property=\"og:site_name\" content=\"Medicinas Inc\" \/>\n<meta property=\"article:modified_time\" content=\"2022-03-14T12:33:59+00:00\" \/>\n<meta property=\"og:image\" content=\"https:\/\/medicinasinc.com\/cs\/wp-content\/uploads\/sites\/2\/2022\/02\/Buy-Khalifa-Kush.jpeg\" \/>\n\t<meta property=\"og:image:width\" content=\"1141\" \/>\n\t<meta property=\"og:image:height\" content=\"1064\" \/>\n\t<meta property=\"og:image:type\" content=\"image\/jpeg\" \/>\n<meta name=\"twitter:card\" content=\"summary_large_image\" \/>\n<meta name=\"twitter:label1\" content=\"Est. reading time\" \/>\n\t<meta name=\"twitter:data1\" content=\"1 minute\" \/>\n<script type=\"application\/ld+json\" class=\"yoast-schema-graph\">{\"@context\":\"https:\\\/\\\/schema.org\",\"@graph\":[{\"@type\":\"WebPage\",\"@id\":\"https:\\\/\\\/medicinasinc.com\\\/cs\\\/product\\\/koupit-khalifa-kush\\\/\",\"url\":\"https:\\\/\\\/medicinasinc.com\\\/cs\\\/product\\\/koupit-khalifa-kush\\\/\",\"name\":\"Kupte si Khalifa Kush marihuanu online \u2013 nejlep\u0161\u00ed nejlep\u0161\u00ed glob\u00e1ln\u00ed l\u00e9ky\",\"isPartOf\":{\"@id\":\"https:\\\/\\\/medicinasinc.com\\\/cs\\\/#website\"},\"primaryImageOfPage\":{\"@id\":\"https:\\\/\\\/medicinasinc.com\\\/cs\\\/product\\\/koupit-khalifa-kush\\\/#primaryimage\"},\"image\":{\"@id\":\"https:\\\/\\\/medicinasinc.com\\\/cs\\\/product\\\/koupit-khalifa-kush\\\/#primaryimage\"},\"thumbnailUrl\":\"https:\\\/\\\/medicinasinc.com\\\/cs\\\/wp-content\\\/uploads\\\/sites\\\/2\\\/2022\\\/02\\\/Buy-Khalifa-Kush.jpeg\",\"datePublished\":\"2022-02-20T18:31:57+00:00\",\"dateModified\":\"2022-03-14T12:33:59+00:00\",\"description\":\"Koupit Khalifa Kush Online Khalifa Kush na prodej online Nejlep\u0161\u00ed l\u00e9ka\u0159sk\u00e9 konop\u00ed Khalifa na prodej v m\u00e9m okol\u00ed Koupit l\u00e9ka\u0159sk\u00e9 konop\u00ed online Koupit l\u00e9ka\u0159skou marihuanu online.\",\"breadcrumb\":{\"@id\":\"https:\\\/\\\/medicinasinc.com\\\/cs\\\/product\\\/koupit-khalifa-kush\\\/#breadcrumb\"},\"inLanguage\":\"en-US\",\"potentialAction\":[{\"@type\":\"ReadAction\",\"target\":[\"https:\\\/\\\/medicinasinc.com\\\/cs\\\/product\\\/koupit-khalifa-kush\\\/\"]}]},{\"@type\":\"ImageObject\",\"inLanguage\":\"en-US\",\"@id\":\"https:\\\/\\\/medicinasinc.com\\\/cs\\\/product\\\/koupit-khalifa-kush\\\/#primaryimage\",\"url\":\"https:\\\/\\\/medicinasinc.com\\\/cs\\\/wp-content\\\/uploads\\\/sites\\\/2\\\/2022\\\/02\\\/Buy-Khalifa-Kush.jpeg\",\"contentUrl\":\"https:\\\/\\\/medicinasinc.com\\\/cs\\\/wp-content\\\/uploads\\\/sites\\\/2\\\/2022\\\/02\\\/Buy-Khalifa-Kush.jpeg\",\"width\":1141,\"height\":1064},{\"@type\":\"BreadcrumbList\",\"@id\":\"https:\\\/\\\/medicinasinc.com\\\/cs\\\/product\\\/koupit-khalifa-kush\\\/#breadcrumb\",\"itemListElement\":[{\"@type\":\"ListItem\",\"position\":1,\"name\":\"Obchod\",\"item\":\"https:\\\/\\\/medicinasinc.com\\\/cs\\\/obchod\\\/\"},{\"@type\":\"ListItem\",\"position\":2,\"name\":\"Koupit Khalifa Kush\"}]},{\"@type\":\"WebSite\",\"@id\":\"https:\\\/\\\/medicinasinc.com\\\/cs\\\/#website\",\"url\":\"https:\\\/\\\/medicinasinc.com\\\/cs\\\/\",\"name\":\"Medicinas Inc\",\"description\":\"Health Medical Clinic\",\"potentialAction\":[{\"@type\":\"SearchAction\",\"target\":{\"@type\":\"EntryPoint\",\"urlTemplate\":\"https:\\\/\\\/medicinasinc.com\\\/cs\\\/?s={search_term_string}\"},\"query-input\":{\"@type\":\"PropertyValueSpecification\",\"valueRequired\":true,\"valueName\":\"search_term_string\"}}],\"inLanguage\":\"en-US\"}]}<\/script>\n<!-- \/ Yoast SEO plugin. -->","yoast_head_json":{"title":"Kupte si Khalifa Kush marihuanu online \u2013 nejlep\u0161\u00ed nejlep\u0161\u00ed glob\u00e1ln\u00ed l\u00e9ky","description":"Koupit Khalifa Kush Online Khalifa Kush na prodej online Nejlep\u0161\u00ed l\u00e9ka\u0159sk\u00e9 konop\u00ed Khalifa na prodej v m\u00e9m okol\u00ed Koupit l\u00e9ka\u0159sk\u00e9 konop\u00ed online Koupit l\u00e9ka\u0159skou marihuanu online.","robots":{"index":"index","follow":"follow","max-snippet":"max-snippet:-1","max-image-preview":"max-image-preview:large","max-video-preview":"max-video-preview:-1"},"canonical":"https:\/\/medicinasinc.com\/cs\/product\/koupit-khalifa-kush\/","og_locale":"en_US","og_type":"article","og_title":"Kupte si Khalifa Kush marihuanu online \u2013 nejlep\u0161\u00ed nejlep\u0161\u00ed glob\u00e1ln\u00ed l\u00e9ky","og_description":"Koupit Khalifa Kush Online Khalifa Kush na prodej online Nejlep\u0161\u00ed l\u00e9ka\u0159sk\u00e9 konop\u00ed Khalifa na prodej v m\u00e9m okol\u00ed Koupit l\u00e9ka\u0159sk\u00e9 konop\u00ed online Koupit l\u00e9ka\u0159skou marihuanu online.","og_url":"https:\/\/medicinasinc.com\/cs\/product\/koupit-khalifa-kush\/","og_site_name":"Medicinas Inc","article_modified_time":"2022-03-14T12:33:59+00:00","og_image":[{"width":1141,"height":1064,"url":"https:\/\/medicinasinc.com\/cs\/wp-content\/uploads\/sites\/2\/2022\/02\/Buy-Khalifa-Kush.jpeg","type":"image\/jpeg"}],"twitter_card":"summary_large_image","twitter_misc":{"Est. reading time":"1 minute"},"schema":{"@context":"https:\/\/schema.org","@graph":[{"@type":"WebPage","@id":"https:\/\/medicinasinc.com\/cs\/product\/koupit-khalifa-kush\/","url":"https:\/\/medicinasinc.com\/cs\/product\/koupit-khalifa-kush\/","name":"Kupte si Khalifa Kush marihuanu online \u2013 nejlep\u0161\u00ed nejlep\u0161\u00ed glob\u00e1ln\u00ed l\u00e9ky","isPartOf":{"@id":"https:\/\/medicinasinc.com\/cs\/#website"},"primaryImageOfPage":{"@id":"https:\/\/medicinasinc.com\/cs\/product\/koupit-khalifa-kush\/#primaryimage"},"image":{"@id":"https:\/\/medicinasinc.com\/cs\/product\/koupit-khalifa-kush\/#primaryimage"},"thumbnailUrl":"https:\/\/medicinasinc.com\/cs\/wp-content\/uploads\/sites\/2\/2022\/02\/Buy-Khalifa-Kush.jpeg","datePublished":"2022-02-20T18:31:57+00:00","dateModified":"2022-03-14T12:33:59+00:00","description":"Koupit Khalifa Kush Online Khalifa Kush na prodej online Nejlep\u0161\u00ed l\u00e9ka\u0159sk\u00e9 konop\u00ed Khalifa na prodej v m\u00e9m okol\u00ed Koupit l\u00e9ka\u0159sk\u00e9 konop\u00ed online Koupit l\u00e9ka\u0159skou marihuanu online.","breadcrumb":{"@id":"https:\/\/medicinasinc.com\/cs\/product\/koupit-khalifa-kush\/#breadcrumb"},"inLanguage":"en-US","potentialAction":[{"@type":"ReadAction","target":["https:\/\/medicinasinc.com\/cs\/product\/koupit-khalifa-kush\/"]}]},{"@type":"ImageObject","inLanguage":"en-US","@id":"https:\/\/medicinasinc.com\/cs\/product\/koupit-khalifa-kush\/#primaryimage","url":"https:\/\/medicinasinc.com\/cs\/wp-content\/uploads\/sites\/2\/2022\/02\/Buy-Khalifa-Kush.jpeg","contentUrl":"https:\/\/medicinasinc.com\/cs\/wp-content\/uploads\/sites\/2\/2022\/02\/Buy-Khalifa-Kush.jpeg","width":1141,"height":1064},{"@type":"BreadcrumbList","@id":"https:\/\/medicinasinc.com\/cs\/product\/koupit-khalifa-kush\/#breadcrumb","itemListElement":[{"@type":"ListItem","position":1,"name":"Obchod","item":"https:\/\/medicinasinc.com\/cs\/obchod\/"},{"@type":"ListItem","position":2,"name":"Koupit Khalifa Kush"}]},{"@type":"WebSite","@id":"https:\/\/medicinasinc.com\/cs\/#website","url":"https:\/\/medicinasinc.com\/cs\/","name":"Medicinas Inc","description":"Health Medical Clinic","potentialAction":[{"@type":"SearchAction","target":{"@type":"EntryPoint","urlTemplate":"https:\/\/medicinasinc.com\/cs\/?s={search_term_string}"},"query-input":{"@type":"PropertyValueSpecification","valueRequired":true,"valueName":"search_term_string"}}],"inLanguage":"en-US"}]}},"_links":{"self":[{"href":"https:\/\/medicinasinc.com\/cs\/wp-json\/wp\/v2\/product\/4971","targetHints":{"allow":["GET"]}}],"collection":[{"href":"https:\/\/medicinasinc.com\/cs\/wp-json\/wp\/v2\/product"}],"about":[{"href":"https:\/\/medicinasinc.com\/cs\/wp-json\/wp\/v2\/types\/product"}],"replies":[{"embeddable":true,"href":"https:\/\/medicinasinc.com\/cs\/wp-json\/wp\/v2\/comments?post=4971"}],"wp:featuredmedia":[{"embeddable":true,"href":"https:\/\/medicinasinc.com\/cs\/wp-json\/wp\/v2\/media\/4985"}],"wp:attachment":[{"href":"https:\/\/medicinasinc.com\/cs\/wp-json\/wp\/v2\/media?parent=4971"}],"wp:term":[{"taxonomy":"product_brand","embeddable":true,"href":"https:\/\/medicinasinc.com\/cs\/wp-json\/wp\/v2\/product_brand?post=4971"},{"taxonomy":"product_cat","embeddable":true,"href":"https:\/\/medicinasinc.com\/cs\/wp-json\/wp\/v2\/product_cat?post=4971"},{"taxonomy":"product_tag","embeddable":true,"href":"https:\/\/medicinasinc.com\/cs\/wp-json\/wp\/v2\/product_tag?post=4971"}],"curies":[{"name":"wp","href":"https:\/\/api.w.org\/{rel}","templated":true}]}}