{"id":4970,"date":"2022-02-20T18:30:09","date_gmt":"2022-02-20T18:30:09","guid":{"rendered":"https:\/\/medicinasinc.com\/cs\/?post_type=product&#038;p=4970"},"modified":"2022-03-14T12:34:14","modified_gmt":"2022-03-14T12:34:14","slug":"kup-jezis-a-travu","status":"publish","type":"product","link":"https:\/\/medicinasinc.com\/cs\/product\/kup-jezis-a-travu\/","title":{"rendered":"Kupte si Jesus OG Weed"},"content":{"rendered":"<p>Marihuana kmen Jesus OG lze zakoupit online. Jesus OG je Sativa Dominant Hybrid \u2013 80 procent Sativa. Sativa \/ 20 % Indica THC: 21 % &#8211; 25 %<\/p>\n<p>Energetick\u00e9, euforick\u00e9, zaost\u0159uj\u00edc\u00ed, \u0161\u0165astn\u00e9 a povzn\u00e1\u0161ej\u00edc\u00ed \u00fa\u010dinky mohou zm\u00edrnit ADD\/ADHD, bipol\u00e1rn\u00ed poruchu, chronickou bolest, depresi, \u00fanavu, bolesti hlavy, migr\u00e9ny, Nevolnost, PTSD a stresov\u00e9 p\u0159\u00edchut\u011b<br \/> Citron, jehli\u010d\u00ed, sladk\u00e9 a pikantn\u00ed<br \/> Aroma<br \/> Citr\u00f3nov\u00e9, \u0161tiplav\u00e9 a sladk\u00e9<\/p>\n","protected":false},"excerpt":{"rendered":"<p>Kupte si Jesus OG Marihuana Strain online. Jesus og marihuana kmen je Sativa Dominant Hybrid &#8211; 80 % Sativa \/ 20 % Indica THC: 21 % \u2013 25 %<\/p>\n","protected":false},"featured_media":4983,"comment_status":"open","ping_status":"closed","template":"","meta":[],"product_brand":[],"product_cat":[778],"product_tag":[909,885,887,888,889,892,626,895,459,899,900,901,470,473,477,904,905,919,906,907,912,913,914,918,916,917,890,896,897,898,902,903,891,893,894,455,911,908,910,614,886,920,921,922,915,923],"class_list":{"0":"post-4970","1":"product","2":"type-product","3":"status-publish","4":"has-post-thumbnail","6":"product_cat-trava-na-prodej","7":"product_tag-lkrny-kter-nevyaduj-lkaskou-kartu-v-mn","8":"product_tag-best-marijuana-strains","9":"product_tag-bipolar-disorder","10":"product_tag-blue-dream-marijuana-strain","11":"product_tag-buy-ace-killer-og-marijuana","12":"product_tag-buy-illegal-weed-online","13":"product_tag-buy-legal-weed-online","14":"product_tag-buy-marijuana-online-no-medical-card","15":"product_tag-buy-marijuana-online-usa","16":"product_tag-buy-real-weed-online","17":"product_tag-buy-recreational-weed-online","18":"product_tag-buy-skunk-online-uk","19":"product_tag-buy-weed-online","20":"product_tag-buy-weed-online-europe","21":"product_tag-buying-weed-online","22":"product_tag-charlottes-web-rope-c3-ad-kmen","23":"product_tag-chronic-pain","24":"product_tag-citronov-a-samokvetouc","25":"product_tag-dawg-cookies-indica-strain","26":"product_tag-deprese","27":"product_tag-dispensary-near-me-recreational","28":"product_tag-dispensary-weed-strains","29":"product_tag-edibles-online-no-medical-card","30":"product_tag-jesus-og-strain","31":"product_tag-je-og-feminizovan-semena","32":"product_tag-je-a-semena","33":"product_tag-buy-ahoe-hydro-og-indica","34":"product_tag-koupit-lebn-konopn-olej-online","35":"product_tag-buy-my-weed-online-review","36":"product_tag-koupit-prezidentsk-kush-napt","37":"product_tag-koupit-plevel-online-koupit-marihuanu-online","38":"product_tag-buy-weed-onlne-uk","39":"product_tag-koupit-gelato-marihuana-online","40":"product_tag-koupit-jesus-og-marihuana-kmen-online","41":"product_tag-koupit-khalifa-kush-marihuana","42":"product_tag-koupit-marihuanu-online","43":"product_tag-ambulance-nedaleko-me-oteveno-pozdn","44":"product_tag-ambulance-nedaleko-me-oteveno-nyn","45":"product_tag-lkrny-ta-lo-mimo-stt","46":"product_tag-nejlep-online-vdejna","47":"product_tag-best-online-dispenary-canada","48":"product_tag-pacific-seed-bank-autoflower","49":"product_tag-platina-a-kush-seed","50":"product_tag-tga-subcool-jesus-og","51":"product_tag-nava","52":"product_tag-yoda-og-breeder","54":"first","55":"instock","56":"shipping-taxable","57":"purchasable","58":"product-type-variable","59":"has-default-attributes"},"yoast_head":"<!-- This site is optimized with the Yoast SEO plugin v27.3 - https:\/\/yoast.com\/product\/yoast-seo-wordpress\/ -->\n<title>Kupte si Jesus OG Weed Marihuana kmen \u2013 nejlep\u0161\u00ed glob\u00e1ln\u00ed l\u00e9ky<\/title>\n<meta name=\"description\" content=\"Koupit Jesus OG Marihuana Strain na prodej online. Kmen Jesus og marihuana je Sativa Dominant Hybrid \u2013 80 % Sativa \/ 20 % Indica THC: 21 % \u2013 25 %\" \/>\n<meta name=\"robots\" content=\"index, follow, max-snippet:-1, max-image-preview:large, max-video-preview:-1\" \/>\n<link rel=\"canonical\" href=\"https:\/\/medicinasinc.com\/cs\/product\/kup-jezis-a-travu\/\" \/>\n<meta property=\"og:locale\" content=\"en_US\" \/>\n<meta property=\"og:type\" content=\"article\" \/>\n<meta property=\"og:title\" content=\"Kupte si Jesus OG Weed Marihuana kmen \u2013 nejlep\u0161\u00ed glob\u00e1ln\u00ed l\u00e9ky\" \/>\n<meta property=\"og:description\" content=\"Koupit Jesus OG Marihuana Strain na prodej online. Kmen Jesus og marihuana je Sativa Dominant Hybrid \u2013 80 % Sativa \/ 20 % Indica THC: 21 % \u2013 25 %\" \/>\n<meta property=\"og:url\" content=\"https:\/\/medicinasinc.com\/cs\/product\/kup-jezis-a-travu\/\" \/>\n<meta property=\"og:site_name\" content=\"Medicinas Inc\" \/>\n<meta property=\"article:modified_time\" content=\"2022-03-14T12:34:14+00:00\" \/>\n<meta property=\"og:image\" content=\"https:\/\/medicinasinc.com\/cs\/wp-content\/uploads\/sites\/2\/2022\/02\/buy-Jesus-OG.png\" \/>\n\t<meta property=\"og:image:width\" content=\"600\" \/>\n\t<meta property=\"og:image:height\" content=\"600\" \/>\n\t<meta property=\"og:image:type\" content=\"image\/png\" \/>\n<meta name=\"twitter:card\" content=\"summary_large_image\" \/>\n<meta name=\"twitter:label1\" content=\"Est. reading time\" \/>\n\t<meta name=\"twitter:data1\" content=\"1 minute\" \/>\n<script type=\"application\/ld+json\" class=\"yoast-schema-graph\">{\"@context\":\"https:\\\/\\\/schema.org\",\"@graph\":[{\"@type\":\"WebPage\",\"@id\":\"https:\\\/\\\/medicinasinc.com\\\/cs\\\/product\\\/kup-jezis-a-travu\\\/\",\"url\":\"https:\\\/\\\/medicinasinc.com\\\/cs\\\/product\\\/kup-jezis-a-travu\\\/\",\"name\":\"Kupte si Jesus OG Weed Marihuana kmen \u2013 nejlep\u0161\u00ed glob\u00e1ln\u00ed l\u00e9ky\",\"isPartOf\":{\"@id\":\"https:\\\/\\\/medicinasinc.com\\\/cs\\\/#website\"},\"primaryImageOfPage\":{\"@id\":\"https:\\\/\\\/medicinasinc.com\\\/cs\\\/product\\\/kup-jezis-a-travu\\\/#primaryimage\"},\"image\":{\"@id\":\"https:\\\/\\\/medicinasinc.com\\\/cs\\\/product\\\/kup-jezis-a-travu\\\/#primaryimage\"},\"thumbnailUrl\":\"https:\\\/\\\/medicinasinc.com\\\/cs\\\/wp-content\\\/uploads\\\/sites\\\/2\\\/2022\\\/02\\\/buy-Jesus-OG.png\",\"datePublished\":\"2022-02-20T18:30:09+00:00\",\"dateModified\":\"2022-03-14T12:34:14+00:00\",\"description\":\"Koupit Jesus OG Marihuana Strain na prodej online. Kmen Jesus og marihuana je Sativa Dominant Hybrid \u2013 80 % Sativa \\\/ 20 % Indica THC: 21 % \u2013 25 %\",\"breadcrumb\":{\"@id\":\"https:\\\/\\\/medicinasinc.com\\\/cs\\\/product\\\/kup-jezis-a-travu\\\/#breadcrumb\"},\"inLanguage\":\"en-US\",\"potentialAction\":[{\"@type\":\"ReadAction\",\"target\":[\"https:\\\/\\\/medicinasinc.com\\\/cs\\\/product\\\/kup-jezis-a-travu\\\/\"]}]},{\"@type\":\"ImageObject\",\"inLanguage\":\"en-US\",\"@id\":\"https:\\\/\\\/medicinasinc.com\\\/cs\\\/product\\\/kup-jezis-a-travu\\\/#primaryimage\",\"url\":\"https:\\\/\\\/medicinasinc.com\\\/cs\\\/wp-content\\\/uploads\\\/sites\\\/2\\\/2022\\\/02\\\/buy-Jesus-OG.png\",\"contentUrl\":\"https:\\\/\\\/medicinasinc.com\\\/cs\\\/wp-content\\\/uploads\\\/sites\\\/2\\\/2022\\\/02\\\/buy-Jesus-OG.png\",\"width\":600,\"height\":600},{\"@type\":\"BreadcrumbList\",\"@id\":\"https:\\\/\\\/medicinasinc.com\\\/cs\\\/product\\\/kup-jezis-a-travu\\\/#breadcrumb\",\"itemListElement\":[{\"@type\":\"ListItem\",\"position\":1,\"name\":\"Obchod\",\"item\":\"https:\\\/\\\/medicinasinc.com\\\/cs\\\/obchod\\\/\"},{\"@type\":\"ListItem\",\"position\":2,\"name\":\"Kupte si Jesus OG Weed\"}]},{\"@type\":\"WebSite\",\"@id\":\"https:\\\/\\\/medicinasinc.com\\\/cs\\\/#website\",\"url\":\"https:\\\/\\\/medicinasinc.com\\\/cs\\\/\",\"name\":\"Medicinas Inc\",\"description\":\"Health Medical Clinic\",\"potentialAction\":[{\"@type\":\"SearchAction\",\"target\":{\"@type\":\"EntryPoint\",\"urlTemplate\":\"https:\\\/\\\/medicinasinc.com\\\/cs\\\/?s={search_term_string}\"},\"query-input\":{\"@type\":\"PropertyValueSpecification\",\"valueRequired\":true,\"valueName\":\"search_term_string\"}}],\"inLanguage\":\"en-US\"}]}<\/script>\n<!-- \/ Yoast SEO plugin. -->","yoast_head_json":{"title":"Kupte si Jesus OG Weed Marihuana kmen \u2013 nejlep\u0161\u00ed glob\u00e1ln\u00ed l\u00e9ky","description":"Koupit Jesus OG Marihuana Strain na prodej online. Kmen Jesus og marihuana je Sativa Dominant Hybrid \u2013 80 % Sativa \/ 20 % Indica THC: 21 % \u2013 25 %","robots":{"index":"index","follow":"follow","max-snippet":"max-snippet:-1","max-image-preview":"max-image-preview:large","max-video-preview":"max-video-preview:-1"},"canonical":"https:\/\/medicinasinc.com\/cs\/product\/kup-jezis-a-travu\/","og_locale":"en_US","og_type":"article","og_title":"Kupte si Jesus OG Weed Marihuana kmen \u2013 nejlep\u0161\u00ed glob\u00e1ln\u00ed l\u00e9ky","og_description":"Koupit Jesus OG Marihuana Strain na prodej online. Kmen Jesus og marihuana je Sativa Dominant Hybrid \u2013 80 % Sativa \/ 20 % Indica THC: 21 % \u2013 25 %","og_url":"https:\/\/medicinasinc.com\/cs\/product\/kup-jezis-a-travu\/","og_site_name":"Medicinas Inc","article_modified_time":"2022-03-14T12:34:14+00:00","og_image":[{"width":600,"height":600,"url":"https:\/\/medicinasinc.com\/cs\/wp-content\/uploads\/sites\/2\/2022\/02\/buy-Jesus-OG.png","type":"image\/png"}],"twitter_card":"summary_large_image","twitter_misc":{"Est. reading time":"1 minute"},"schema":{"@context":"https:\/\/schema.org","@graph":[{"@type":"WebPage","@id":"https:\/\/medicinasinc.com\/cs\/product\/kup-jezis-a-travu\/","url":"https:\/\/medicinasinc.com\/cs\/product\/kup-jezis-a-travu\/","name":"Kupte si Jesus OG Weed Marihuana kmen \u2013 nejlep\u0161\u00ed glob\u00e1ln\u00ed l\u00e9ky","isPartOf":{"@id":"https:\/\/medicinasinc.com\/cs\/#website"},"primaryImageOfPage":{"@id":"https:\/\/medicinasinc.com\/cs\/product\/kup-jezis-a-travu\/#primaryimage"},"image":{"@id":"https:\/\/medicinasinc.com\/cs\/product\/kup-jezis-a-travu\/#primaryimage"},"thumbnailUrl":"https:\/\/medicinasinc.com\/cs\/wp-content\/uploads\/sites\/2\/2022\/02\/buy-Jesus-OG.png","datePublished":"2022-02-20T18:30:09+00:00","dateModified":"2022-03-14T12:34:14+00:00","description":"Koupit Jesus OG Marihuana Strain na prodej online. Kmen Jesus og marihuana je Sativa Dominant Hybrid \u2013 80 % Sativa \/ 20 % Indica THC: 21 % \u2013 25 %","breadcrumb":{"@id":"https:\/\/medicinasinc.com\/cs\/product\/kup-jezis-a-travu\/#breadcrumb"},"inLanguage":"en-US","potentialAction":[{"@type":"ReadAction","target":["https:\/\/medicinasinc.com\/cs\/product\/kup-jezis-a-travu\/"]}]},{"@type":"ImageObject","inLanguage":"en-US","@id":"https:\/\/medicinasinc.com\/cs\/product\/kup-jezis-a-travu\/#primaryimage","url":"https:\/\/medicinasinc.com\/cs\/wp-content\/uploads\/sites\/2\/2022\/02\/buy-Jesus-OG.png","contentUrl":"https:\/\/medicinasinc.com\/cs\/wp-content\/uploads\/sites\/2\/2022\/02\/buy-Jesus-OG.png","width":600,"height":600},{"@type":"BreadcrumbList","@id":"https:\/\/medicinasinc.com\/cs\/product\/kup-jezis-a-travu\/#breadcrumb","itemListElement":[{"@type":"ListItem","position":1,"name":"Obchod","item":"https:\/\/medicinasinc.com\/cs\/obchod\/"},{"@type":"ListItem","position":2,"name":"Kupte si Jesus OG Weed"}]},{"@type":"WebSite","@id":"https:\/\/medicinasinc.com\/cs\/#website","url":"https:\/\/medicinasinc.com\/cs\/","name":"Medicinas Inc","description":"Health Medical Clinic","potentialAction":[{"@type":"SearchAction","target":{"@type":"EntryPoint","urlTemplate":"https:\/\/medicinasinc.com\/cs\/?s={search_term_string}"},"query-input":{"@type":"PropertyValueSpecification","valueRequired":true,"valueName":"search_term_string"}}],"inLanguage":"en-US"}]}},"_links":{"self":[{"href":"https:\/\/medicinasinc.com\/cs\/wp-json\/wp\/v2\/product\/4970","targetHints":{"allow":["GET"]}}],"collection":[{"href":"https:\/\/medicinasinc.com\/cs\/wp-json\/wp\/v2\/product"}],"about":[{"href":"https:\/\/medicinasinc.com\/cs\/wp-json\/wp\/v2\/types\/product"}],"replies":[{"embeddable":true,"href":"https:\/\/medicinasinc.com\/cs\/wp-json\/wp\/v2\/comments?post=4970"}],"wp:featuredmedia":[{"embeddable":true,"href":"https:\/\/medicinasinc.com\/cs\/wp-json\/wp\/v2\/media\/4983"}],"wp:attachment":[{"href":"https:\/\/medicinasinc.com\/cs\/wp-json\/wp\/v2\/media?parent=4970"}],"wp:term":[{"taxonomy":"product_brand","embeddable":true,"href":"https:\/\/medicinasinc.com\/cs\/wp-json\/wp\/v2\/product_brand?post=4970"},{"taxonomy":"product_cat","embeddable":true,"href":"https:\/\/medicinasinc.com\/cs\/wp-json\/wp\/v2\/product_cat?post=4970"},{"taxonomy":"product_tag","embeddable":true,"href":"https:\/\/medicinasinc.com\/cs\/wp-json\/wp\/v2\/product_tag?post=4970"}],"curies":[{"name":"wp","href":"https:\/\/api.w.org\/{rel}","templated":true}]}}