{"id":4968,"date":"2022-02-20T18:28:25","date_gmt":"2022-02-20T18:28:25","guid":{"rendered":"https:\/\/medicinasinc.com\/cs\/?post_type=product&#038;p=4968"},"modified":"2022-03-14T12:34:31","modified_gmt":"2022-03-14T12:34:31","slug":"koupit-nekonecnou-euforii-marihuanu","status":"publish","type":"product","link":"https:\/\/medicinasinc.com\/cs\/product\/koupit-nekonecnou-euforii-marihuanu\/","title":{"rendered":"Kupte si marihuanu Infinite Euphoria"},"content":{"rendered":"<p>Kupte si Marihuana Infinite Euphoria online.<\/p>\n<p>Kupte si Marihuana Infinite Euphoria online.<\/p>\n<p>Energetick\u00e9, euforick\u00e9, \u0161\u0165astn\u00e9, dlouhodob\u00e9, povzn\u00e1\u0161ej\u00edc\u00ed \u00fa\u010dinky mohou zm\u00edrnit \u00fazkost, deprese, \u00fanavu, zm\u011bny n\u00e1lad, a stresov\u00e9 p\u0159\u00edchut\u011b<br \/> Citrusy, jehli\u010d\u00ed, skunky a sladk\u00e9<\/p>\n","protected":false},"excerpt":{"rendered":"<p>Nakupte online marihuanu Infinite Euphoria. Koupit Infinite Euphoria Marihuana Hybrid &#8211; 50 % Sativa\/50 % Indica THC: 23 % &#8211; 29 %<\/p>\n","protected":false},"featured_media":4981,"comment_status":"open","ping_status":"closed","template":"","meta":[],"product_brand":[],"product_cat":[778],"product_tag":[852,853,854,856,857,877,858,859,860,861,862,864,865,866,867,863,455,868,872,871,870,869,855,873,882,883,881,884,876,878,879,880,874,875],"class_list":{"0":"post-4968","1":"product","2":"type-product","3":"status-publish","4":"has-post-thumbnail","6":"product_cat-trava-na-prodej","7":"product_tag-100-sativa-kmen","8":"product_tag-ak47-marijuana-grade-aa-sativa","9":"product_tag-austrlie-plevel-na-prodej-online","10":"product_tag-best-sativa-strains-cartridge","11":"product_tag-best-sativa-strains-for-energy-2020","12":"product_tag-uk-weed-for-sell-online","13":"product_tag-buy-weed-online-cheap","14":"product_tag-buy-weed-online-colorado","15":"product_tag-buy-weed-online-legit","16":"product_tag-buy-weed-online-nyc","17":"product_tag-buy-weed-online-reddit","18":"product_tag-denver-plevel-na-prodej-in-usa","19":"product_tag-exotic-strains-2020","20":"product_tag-highest-yielding-sativa-strains","21":"product_tag-khalifa-kush-grade-a-hybrid","22":"product_tag-konopn-olej-konopn-cbd-olej","23":"product_tag-koupit-marihuanu-online","24":"product_tag-legal-weed-for-sale-online","25":"product_tag-lkask-marihuana-na-prodej-online","26":"product_tag-marihuana-marihuana-na-prodej","27":"product_tag-marihuana-na-prodej-v-coloradu","28":"product_tag-marihuana-na-prodej-v-kalifornii","29":"product_tag-nejlep-sativa-kmeny-2020","30":"product_tag-nyc-plevel-na-prodej-online","31":"product_tag-trva-na-prodej-online","32":"product_tag-trva-na-prodej-online-v-kanad","33":"product_tag-trva-na-prodej-blzko-me","34":"product_tag-weed-online-weed-online-for-sell","35":"product_tag-uk-weed-for-sale-online","36":"product_tag-usa-konopn-olej","37":"product_tag-usa-marihuana-for-sell-online","38":"product_tag-usa-plevel-na-prodej","39":"product_tag-venkovn-sativa-kmeny","40":"product_tag-vz-c3-a1cn-c3-a9-sativa-kmeny","42":"first","43":"instock","44":"shipping-taxable","45":"purchasable","46":"product-type-variable","47":"has-default-attributes"},"yoast_head":"<!-- This site is optimized with the Yoast SEO plugin v27.3 - https:\/\/yoast.com\/product\/yoast-seo-wordpress\/ -->\n<title>Kupte si Infinite Euphoria Marihuana \u2013 nejlep\u0161\u00ed nejlep\u0161\u00ed glob\u00e1ln\u00ed l\u00e9ky<\/title>\n<meta name=\"description\" content=\"Koupit Infinite Euphoria Marihuana na prodej online. Koupit Infinite Euphoria Marihuana Hybrid \u2013 50 % Sativa \/ 50 % Indica THC: 23 % \u2013 29 %\" \/>\n<meta name=\"robots\" content=\"index, follow, max-snippet:-1, max-image-preview:large, max-video-preview:-1\" \/>\n<link rel=\"canonical\" href=\"https:\/\/medicinasinc.com\/cs\/product\/koupit-nekonecnou-euforii-marihuanu\/\" \/>\n<meta property=\"og:locale\" content=\"en_US\" \/>\n<meta property=\"og:type\" content=\"article\" \/>\n<meta property=\"og:title\" content=\"Kupte si Infinite Euphoria Marihuana \u2013 nejlep\u0161\u00ed nejlep\u0161\u00ed glob\u00e1ln\u00ed l\u00e9ky\" \/>\n<meta property=\"og:description\" content=\"Koupit Infinite Euphoria Marihuana na prodej online. Koupit Infinite Euphoria Marihuana Hybrid \u2013 50 % Sativa \/ 50 % Indica THC: 23 % \u2013 29 %\" \/>\n<meta property=\"og:url\" content=\"https:\/\/medicinasinc.com\/cs\/product\/koupit-nekonecnou-euforii-marihuanu\/\" \/>\n<meta property=\"og:site_name\" content=\"Medicinas Inc\" \/>\n<meta property=\"article:modified_time\" content=\"2022-03-14T12:34:31+00:00\" \/>\n<meta property=\"og:image\" content=\"https:\/\/medicinasinc.com\/cs\/wp-content\/uploads\/sites\/2\/2022\/02\/Buy-Infinite-Euphoria-Marijuana.jpg\" \/>\n\t<meta property=\"og:image:width\" content=\"225\" \/>\n\t<meta property=\"og:image:height\" content=\"225\" \/>\n\t<meta property=\"og:image:type\" content=\"image\/jpeg\" \/>\n<meta name=\"twitter:card\" content=\"summary_large_image\" \/>\n<meta name=\"twitter:label1\" content=\"Est. reading time\" \/>\n\t<meta name=\"twitter:data1\" content=\"1 minute\" \/>\n<script type=\"application\/ld+json\" class=\"yoast-schema-graph\">{\"@context\":\"https:\\\/\\\/schema.org\",\"@graph\":[{\"@type\":\"WebPage\",\"@id\":\"https:\\\/\\\/medicinasinc.com\\\/cs\\\/product\\\/koupit-nekonecnou-euforii-marihuanu\\\/\",\"url\":\"https:\\\/\\\/medicinasinc.com\\\/cs\\\/product\\\/koupit-nekonecnou-euforii-marihuanu\\\/\",\"name\":\"Kupte si Infinite Euphoria Marihuana \u2013 nejlep\u0161\u00ed nejlep\u0161\u00ed glob\u00e1ln\u00ed l\u00e9ky\",\"isPartOf\":{\"@id\":\"https:\\\/\\\/medicinasinc.com\\\/cs\\\/#website\"},\"primaryImageOfPage\":{\"@id\":\"https:\\\/\\\/medicinasinc.com\\\/cs\\\/product\\\/koupit-nekonecnou-euforii-marihuanu\\\/#primaryimage\"},\"image\":{\"@id\":\"https:\\\/\\\/medicinasinc.com\\\/cs\\\/product\\\/koupit-nekonecnou-euforii-marihuanu\\\/#primaryimage\"},\"thumbnailUrl\":\"https:\\\/\\\/medicinasinc.com\\\/cs\\\/wp-content\\\/uploads\\\/sites\\\/2\\\/2022\\\/02\\\/Buy-Infinite-Euphoria-Marijuana.jpg\",\"datePublished\":\"2022-02-20T18:28:25+00:00\",\"dateModified\":\"2022-03-14T12:34:31+00:00\",\"description\":\"Koupit Infinite Euphoria Marihuana na prodej online. Koupit Infinite Euphoria Marihuana Hybrid \u2013 50 % Sativa \\\/ 50 % Indica THC: 23 % \u2013 29 %\",\"breadcrumb\":{\"@id\":\"https:\\\/\\\/medicinasinc.com\\\/cs\\\/product\\\/koupit-nekonecnou-euforii-marihuanu\\\/#breadcrumb\"},\"inLanguage\":\"en-US\",\"potentialAction\":[{\"@type\":\"ReadAction\",\"target\":[\"https:\\\/\\\/medicinasinc.com\\\/cs\\\/product\\\/koupit-nekonecnou-euforii-marihuanu\\\/\"]}]},{\"@type\":\"ImageObject\",\"inLanguage\":\"en-US\",\"@id\":\"https:\\\/\\\/medicinasinc.com\\\/cs\\\/product\\\/koupit-nekonecnou-euforii-marihuanu\\\/#primaryimage\",\"url\":\"https:\\\/\\\/medicinasinc.com\\\/cs\\\/wp-content\\\/uploads\\\/sites\\\/2\\\/2022\\\/02\\\/Buy-Infinite-Euphoria-Marijuana.jpg\",\"contentUrl\":\"https:\\\/\\\/medicinasinc.com\\\/cs\\\/wp-content\\\/uploads\\\/sites\\\/2\\\/2022\\\/02\\\/Buy-Infinite-Euphoria-Marijuana.jpg\",\"width\":225,\"height\":225},{\"@type\":\"BreadcrumbList\",\"@id\":\"https:\\\/\\\/medicinasinc.com\\\/cs\\\/product\\\/koupit-nekonecnou-euforii-marihuanu\\\/#breadcrumb\",\"itemListElement\":[{\"@type\":\"ListItem\",\"position\":1,\"name\":\"Obchod\",\"item\":\"https:\\\/\\\/medicinasinc.com\\\/cs\\\/obchod\\\/\"},{\"@type\":\"ListItem\",\"position\":2,\"name\":\"Kupte si marihuanu Infinite Euphoria\"}]},{\"@type\":\"WebSite\",\"@id\":\"https:\\\/\\\/medicinasinc.com\\\/cs\\\/#website\",\"url\":\"https:\\\/\\\/medicinasinc.com\\\/cs\\\/\",\"name\":\"Medicinas Inc\",\"description\":\"Health Medical Clinic\",\"potentialAction\":[{\"@type\":\"SearchAction\",\"target\":{\"@type\":\"EntryPoint\",\"urlTemplate\":\"https:\\\/\\\/medicinasinc.com\\\/cs\\\/?s={search_term_string}\"},\"query-input\":{\"@type\":\"PropertyValueSpecification\",\"valueRequired\":true,\"valueName\":\"search_term_string\"}}],\"inLanguage\":\"en-US\"}]}<\/script>\n<!-- \/ Yoast SEO plugin. -->","yoast_head_json":{"title":"Kupte si Infinite Euphoria Marihuana \u2013 nejlep\u0161\u00ed nejlep\u0161\u00ed glob\u00e1ln\u00ed l\u00e9ky","description":"Koupit Infinite Euphoria Marihuana na prodej online. Koupit Infinite Euphoria Marihuana Hybrid \u2013 50 % Sativa \/ 50 % Indica THC: 23 % \u2013 29 %","robots":{"index":"index","follow":"follow","max-snippet":"max-snippet:-1","max-image-preview":"max-image-preview:large","max-video-preview":"max-video-preview:-1"},"canonical":"https:\/\/medicinasinc.com\/cs\/product\/koupit-nekonecnou-euforii-marihuanu\/","og_locale":"en_US","og_type":"article","og_title":"Kupte si Infinite Euphoria Marihuana \u2013 nejlep\u0161\u00ed nejlep\u0161\u00ed glob\u00e1ln\u00ed l\u00e9ky","og_description":"Koupit Infinite Euphoria Marihuana na prodej online. Koupit Infinite Euphoria Marihuana Hybrid \u2013 50 % Sativa \/ 50 % Indica THC: 23 % \u2013 29 %","og_url":"https:\/\/medicinasinc.com\/cs\/product\/koupit-nekonecnou-euforii-marihuanu\/","og_site_name":"Medicinas Inc","article_modified_time":"2022-03-14T12:34:31+00:00","og_image":[{"width":225,"height":225,"url":"https:\/\/medicinasinc.com\/cs\/wp-content\/uploads\/sites\/2\/2022\/02\/Buy-Infinite-Euphoria-Marijuana.jpg","type":"image\/jpeg"}],"twitter_card":"summary_large_image","twitter_misc":{"Est. reading time":"1 minute"},"schema":{"@context":"https:\/\/schema.org","@graph":[{"@type":"WebPage","@id":"https:\/\/medicinasinc.com\/cs\/product\/koupit-nekonecnou-euforii-marihuanu\/","url":"https:\/\/medicinasinc.com\/cs\/product\/koupit-nekonecnou-euforii-marihuanu\/","name":"Kupte si Infinite Euphoria Marihuana \u2013 nejlep\u0161\u00ed nejlep\u0161\u00ed glob\u00e1ln\u00ed l\u00e9ky","isPartOf":{"@id":"https:\/\/medicinasinc.com\/cs\/#website"},"primaryImageOfPage":{"@id":"https:\/\/medicinasinc.com\/cs\/product\/koupit-nekonecnou-euforii-marihuanu\/#primaryimage"},"image":{"@id":"https:\/\/medicinasinc.com\/cs\/product\/koupit-nekonecnou-euforii-marihuanu\/#primaryimage"},"thumbnailUrl":"https:\/\/medicinasinc.com\/cs\/wp-content\/uploads\/sites\/2\/2022\/02\/Buy-Infinite-Euphoria-Marijuana.jpg","datePublished":"2022-02-20T18:28:25+00:00","dateModified":"2022-03-14T12:34:31+00:00","description":"Koupit Infinite Euphoria Marihuana na prodej online. Koupit Infinite Euphoria Marihuana Hybrid \u2013 50 % Sativa \/ 50 % Indica THC: 23 % \u2013 29 %","breadcrumb":{"@id":"https:\/\/medicinasinc.com\/cs\/product\/koupit-nekonecnou-euforii-marihuanu\/#breadcrumb"},"inLanguage":"en-US","potentialAction":[{"@type":"ReadAction","target":["https:\/\/medicinasinc.com\/cs\/product\/koupit-nekonecnou-euforii-marihuanu\/"]}]},{"@type":"ImageObject","inLanguage":"en-US","@id":"https:\/\/medicinasinc.com\/cs\/product\/koupit-nekonecnou-euforii-marihuanu\/#primaryimage","url":"https:\/\/medicinasinc.com\/cs\/wp-content\/uploads\/sites\/2\/2022\/02\/Buy-Infinite-Euphoria-Marijuana.jpg","contentUrl":"https:\/\/medicinasinc.com\/cs\/wp-content\/uploads\/sites\/2\/2022\/02\/Buy-Infinite-Euphoria-Marijuana.jpg","width":225,"height":225},{"@type":"BreadcrumbList","@id":"https:\/\/medicinasinc.com\/cs\/product\/koupit-nekonecnou-euforii-marihuanu\/#breadcrumb","itemListElement":[{"@type":"ListItem","position":1,"name":"Obchod","item":"https:\/\/medicinasinc.com\/cs\/obchod\/"},{"@type":"ListItem","position":2,"name":"Kupte si marihuanu Infinite Euphoria"}]},{"@type":"WebSite","@id":"https:\/\/medicinasinc.com\/cs\/#website","url":"https:\/\/medicinasinc.com\/cs\/","name":"Medicinas Inc","description":"Health Medical Clinic","potentialAction":[{"@type":"SearchAction","target":{"@type":"EntryPoint","urlTemplate":"https:\/\/medicinasinc.com\/cs\/?s={search_term_string}"},"query-input":{"@type":"PropertyValueSpecification","valueRequired":true,"valueName":"search_term_string"}}],"inLanguage":"en-US"}]}},"_links":{"self":[{"href":"https:\/\/medicinasinc.com\/cs\/wp-json\/wp\/v2\/product\/4968","targetHints":{"allow":["GET"]}}],"collection":[{"href":"https:\/\/medicinasinc.com\/cs\/wp-json\/wp\/v2\/product"}],"about":[{"href":"https:\/\/medicinasinc.com\/cs\/wp-json\/wp\/v2\/types\/product"}],"replies":[{"embeddable":true,"href":"https:\/\/medicinasinc.com\/cs\/wp-json\/wp\/v2\/comments?post=4968"}],"wp:featuredmedia":[{"embeddable":true,"href":"https:\/\/medicinasinc.com\/cs\/wp-json\/wp\/v2\/media\/4981"}],"wp:attachment":[{"href":"https:\/\/medicinasinc.com\/cs\/wp-json\/wp\/v2\/media?parent=4968"}],"wp:term":[{"taxonomy":"product_brand","embeddable":true,"href":"https:\/\/medicinasinc.com\/cs\/wp-json\/wp\/v2\/product_brand?post=4968"},{"taxonomy":"product_cat","embeddable":true,"href":"https:\/\/medicinasinc.com\/cs\/wp-json\/wp\/v2\/product_cat?post=4968"},{"taxonomy":"product_tag","embeddable":true,"href":"https:\/\/medicinasinc.com\/cs\/wp-json\/wp\/v2\/product_tag?post=4968"}],"curies":[{"name":"wp","href":"https:\/\/api.w.org\/{rel}","templated":true}]}}