{"id":4953,"date":"2022-02-20T18:14:51","date_gmt":"2022-02-20T18:14:51","guid":{"rendered":"https:\/\/medicinasinc.com\/cs\/?post_type=product&#038;p=4953"},"modified":"2022-03-14T12:34:52","modified_gmt":"2022-03-14T12:34:52","slug":"koupit-dedecek-fialovy-kmen","status":"publish","type":"product","link":"https:\/\/medicinasinc.com\/cs\/product\/koupit-dedecek-fialovy-kmen\/","title":{"rendered":"Koupit Granddaddy Purple Strain"},"content":{"rendered":"<p>Kupte Marihuanu Granddaddy Purple online.<\/p>\n<p>Nakupte marihuanu Granddaddy Purple online.<\/p>\n<p>Kmen marihuany Granddaddy Purple je hybrid \u2013 Kmen Marihuany Granddaddy Purple je hybrid \u2013 50 % Sativa \/ 50 % Indica THC: 20 %\u201327 %, CBD: 1 %<\/p>\n<p>Cerebr\u00e1ln\u00ed, euforie, radost, hlad, relaxa\u010dn\u00ed \u00fa\u010dinky<br \/> M\u016f\u017ee pomoci p\u0159i \u00falev\u011b od artritidy, chronick\u00e9 bolesti, deprese, nespavosti, Ztr\u00e1ta chuti k j\u00eddlu, migr\u00e9ny, svalov\u00e9 k\u0159e\u010de, PTSD a p\u0159\u00edchut\u011b stresu<br \/> Ovocn\u00e9, hroznov\u00e9, borovicov\u00e9 a sladk\u00e9<\/p>\n","protected":false},"excerpt":{"rendered":"<p>Co byste m\u011bli v\u011bd\u011bt, ne\u017e si koup\u00edte Granddaddy Purple? Tento kmen, zn\u00e1m\u00fd tak\u00e9 jako GDP, je dob\u0159e zn\u00e1m\u00fd k\u0159\u00ed\u017eenec Indica Purple Urkle a Big Bud.<\/p>\n<p>Nakupte Granddaddy Purple Marihuana online.<\/p>\n<p>Kanada Nejlep\u0161\u00ed z\u00e1silkov\u00fd WEED ! M\u00e1te z\u00e1jem o n\u00e1kup l\u00e9ka\u0159sk\u00e9 marihuany online v Kanad\u011b?<\/p>\n<p>&nbsp;<\/p>\n<p>&nbsp;<\/p>\n","protected":false},"featured_media":4967,"comment_status":"open","ping_status":"closed","template":"","meta":[],"product_brand":[],"product_cat":[778],"product_tag":[839,841,842,838,837,835,836,840],"class_list":{"0":"post-4953","1":"product","2":"type-product","3":"status-publish","4":"has-post-thumbnail","6":"product_cat-trava-na-prodej","7":"product_tag-ddeek-fialov-blzko-m","8":"product_tag-fialov-kush","9":"product_tag-fialov-urkle","10":"product_tag-ddeek-fialov-kmen-indica-nebo-sativa","11":"product_tag-ddeek-fialov-olej","12":"product_tag-grand-daddy-purp-cart","13":"product_tag-ceny-praddeka","14":"product_tag-obrzky-ddeka-fialov-kmeny","16":"first","17":"instock","18":"shipping-taxable","19":"purchasable","20":"product-type-simple"},"yoast_head":"<!-- This site is optimized with the Yoast SEO plugin v27.3 - https:\/\/yoast.com\/product\/yoast-seo-wordpress\/ -->\n<title>Koupit Granddaddy Purple Strain \u2013 nejlep\u0161\u00ed glob\u00e1ln\u00ed l\u00e9ky<\/title>\n<meta name=\"description\" content=\"Co byste m\u011bli v\u011bd\u011bt, ne\u017e si koup\u00edte kmen Granddaddy Purple? Tento kmen, ozna\u010dovan\u00fd tak\u00e9 jako GDP, je slavn\u00fd k\u0159\u00ed\u017eenec Indica mezi Purple Urkle a Big Bud.\" \/>\n<meta name=\"robots\" content=\"index, follow, max-snippet:-1, max-image-preview:large, max-video-preview:-1\" \/>\n<link rel=\"canonical\" href=\"https:\/\/medicinasinc.com\/cs\/product\/koupit-dedecek-fialovy-kmen\/\" \/>\n<meta property=\"og:locale\" content=\"en_US\" \/>\n<meta property=\"og:type\" content=\"article\" \/>\n<meta property=\"og:title\" content=\"Koupit Granddaddy Purple Strain \u2013 nejlep\u0161\u00ed glob\u00e1ln\u00ed l\u00e9ky\" \/>\n<meta property=\"og:description\" content=\"Co byste m\u011bli v\u011bd\u011bt, ne\u017e si koup\u00edte kmen Granddaddy Purple? Tento kmen, ozna\u010dovan\u00fd tak\u00e9 jako GDP, je slavn\u00fd k\u0159\u00ed\u017eenec Indica mezi Purple Urkle a Big Bud.\" \/>\n<meta property=\"og:url\" content=\"https:\/\/medicinasinc.com\/cs\/product\/koupit-dedecek-fialovy-kmen\/\" \/>\n<meta property=\"og:site_name\" content=\"Medicinas Inc\" \/>\n<meta property=\"article:modified_time\" content=\"2022-03-14T12:34:52+00:00\" \/>\n<meta property=\"og:image\" content=\"https:\/\/medicinasinc.com\/cs\/wp-content\/uploads\/sites\/2\/2022\/02\/Buy-Granddaddy-Purple-Strain.jpg\" \/>\n\t<meta property=\"og:image:width\" content=\"1822\" \/>\n\t<meta property=\"og:image:height\" content=\"2429\" \/>\n\t<meta property=\"og:image:type\" content=\"image\/jpeg\" \/>\n<meta name=\"twitter:card\" content=\"summary_large_image\" \/>\n<meta name=\"twitter:label1\" content=\"Est. reading time\" \/>\n\t<meta name=\"twitter:data1\" content=\"1 minute\" \/>\n<script type=\"application\/ld+json\" class=\"yoast-schema-graph\">{\"@context\":\"https:\\\/\\\/schema.org\",\"@graph\":[{\"@type\":\"WebPage\",\"@id\":\"https:\\\/\\\/medicinasinc.com\\\/cs\\\/product\\\/koupit-dedecek-fialovy-kmen\\\/\",\"url\":\"https:\\\/\\\/medicinasinc.com\\\/cs\\\/product\\\/koupit-dedecek-fialovy-kmen\\\/\",\"name\":\"Koupit Granddaddy Purple Strain \u2013 nejlep\u0161\u00ed glob\u00e1ln\u00ed l\u00e9ky\",\"isPartOf\":{\"@id\":\"https:\\\/\\\/medicinasinc.com\\\/cs\\\/#website\"},\"primaryImageOfPage\":{\"@id\":\"https:\\\/\\\/medicinasinc.com\\\/cs\\\/product\\\/koupit-dedecek-fialovy-kmen\\\/#primaryimage\"},\"image\":{\"@id\":\"https:\\\/\\\/medicinasinc.com\\\/cs\\\/product\\\/koupit-dedecek-fialovy-kmen\\\/#primaryimage\"},\"thumbnailUrl\":\"https:\\\/\\\/medicinasinc.com\\\/cs\\\/wp-content\\\/uploads\\\/sites\\\/2\\\/2022\\\/02\\\/Buy-Granddaddy-Purple-Strain.jpg\",\"datePublished\":\"2022-02-20T18:14:51+00:00\",\"dateModified\":\"2022-03-14T12:34:52+00:00\",\"description\":\"Co byste m\u011bli v\u011bd\u011bt, ne\u017e si koup\u00edte kmen Granddaddy Purple? Tento kmen, ozna\u010dovan\u00fd tak\u00e9 jako GDP, je slavn\u00fd k\u0159\u00ed\u017eenec Indica mezi Purple Urkle a Big Bud.\",\"breadcrumb\":{\"@id\":\"https:\\\/\\\/medicinasinc.com\\\/cs\\\/product\\\/koupit-dedecek-fialovy-kmen\\\/#breadcrumb\"},\"inLanguage\":\"en-US\",\"potentialAction\":[{\"@type\":\"ReadAction\",\"target\":[\"https:\\\/\\\/medicinasinc.com\\\/cs\\\/product\\\/koupit-dedecek-fialovy-kmen\\\/\"]}]},{\"@type\":\"ImageObject\",\"inLanguage\":\"en-US\",\"@id\":\"https:\\\/\\\/medicinasinc.com\\\/cs\\\/product\\\/koupit-dedecek-fialovy-kmen\\\/#primaryimage\",\"url\":\"https:\\\/\\\/medicinasinc.com\\\/cs\\\/wp-content\\\/uploads\\\/sites\\\/2\\\/2022\\\/02\\\/Buy-Granddaddy-Purple-Strain.jpg\",\"contentUrl\":\"https:\\\/\\\/medicinasinc.com\\\/cs\\\/wp-content\\\/uploads\\\/sites\\\/2\\\/2022\\\/02\\\/Buy-Granddaddy-Purple-Strain.jpg\",\"width\":1822,\"height\":2429},{\"@type\":\"BreadcrumbList\",\"@id\":\"https:\\\/\\\/medicinasinc.com\\\/cs\\\/product\\\/koupit-dedecek-fialovy-kmen\\\/#breadcrumb\",\"itemListElement\":[{\"@type\":\"ListItem\",\"position\":1,\"name\":\"Obchod\",\"item\":\"https:\\\/\\\/medicinasinc.com\\\/cs\\\/obchod\\\/\"},{\"@type\":\"ListItem\",\"position\":2,\"name\":\"Koupit Granddaddy Purple Strain\"}]},{\"@type\":\"WebSite\",\"@id\":\"https:\\\/\\\/medicinasinc.com\\\/cs\\\/#website\",\"url\":\"https:\\\/\\\/medicinasinc.com\\\/cs\\\/\",\"name\":\"Medicinas Inc\",\"description\":\"Health Medical Clinic\",\"potentialAction\":[{\"@type\":\"SearchAction\",\"target\":{\"@type\":\"EntryPoint\",\"urlTemplate\":\"https:\\\/\\\/medicinasinc.com\\\/cs\\\/?s={search_term_string}\"},\"query-input\":{\"@type\":\"PropertyValueSpecification\",\"valueRequired\":true,\"valueName\":\"search_term_string\"}}],\"inLanguage\":\"en-US\"}]}<\/script>\n<!-- \/ Yoast SEO plugin. -->","yoast_head_json":{"title":"Koupit Granddaddy Purple Strain \u2013 nejlep\u0161\u00ed glob\u00e1ln\u00ed l\u00e9ky","description":"Co byste m\u011bli v\u011bd\u011bt, ne\u017e si koup\u00edte kmen Granddaddy Purple? Tento kmen, ozna\u010dovan\u00fd tak\u00e9 jako GDP, je slavn\u00fd k\u0159\u00ed\u017eenec Indica mezi Purple Urkle a Big Bud.","robots":{"index":"index","follow":"follow","max-snippet":"max-snippet:-1","max-image-preview":"max-image-preview:large","max-video-preview":"max-video-preview:-1"},"canonical":"https:\/\/medicinasinc.com\/cs\/product\/koupit-dedecek-fialovy-kmen\/","og_locale":"en_US","og_type":"article","og_title":"Koupit Granddaddy Purple Strain \u2013 nejlep\u0161\u00ed glob\u00e1ln\u00ed l\u00e9ky","og_description":"Co byste m\u011bli v\u011bd\u011bt, ne\u017e si koup\u00edte kmen Granddaddy Purple? Tento kmen, ozna\u010dovan\u00fd tak\u00e9 jako GDP, je slavn\u00fd k\u0159\u00ed\u017eenec Indica mezi Purple Urkle a Big Bud.","og_url":"https:\/\/medicinasinc.com\/cs\/product\/koupit-dedecek-fialovy-kmen\/","og_site_name":"Medicinas Inc","article_modified_time":"2022-03-14T12:34:52+00:00","og_image":[{"width":1822,"height":2429,"url":"https:\/\/medicinasinc.com\/cs\/wp-content\/uploads\/sites\/2\/2022\/02\/Buy-Granddaddy-Purple-Strain.jpg","type":"image\/jpeg"}],"twitter_card":"summary_large_image","twitter_misc":{"Est. reading time":"1 minute"},"schema":{"@context":"https:\/\/schema.org","@graph":[{"@type":"WebPage","@id":"https:\/\/medicinasinc.com\/cs\/product\/koupit-dedecek-fialovy-kmen\/","url":"https:\/\/medicinasinc.com\/cs\/product\/koupit-dedecek-fialovy-kmen\/","name":"Koupit Granddaddy Purple Strain \u2013 nejlep\u0161\u00ed glob\u00e1ln\u00ed l\u00e9ky","isPartOf":{"@id":"https:\/\/medicinasinc.com\/cs\/#website"},"primaryImageOfPage":{"@id":"https:\/\/medicinasinc.com\/cs\/product\/koupit-dedecek-fialovy-kmen\/#primaryimage"},"image":{"@id":"https:\/\/medicinasinc.com\/cs\/product\/koupit-dedecek-fialovy-kmen\/#primaryimage"},"thumbnailUrl":"https:\/\/medicinasinc.com\/cs\/wp-content\/uploads\/sites\/2\/2022\/02\/Buy-Granddaddy-Purple-Strain.jpg","datePublished":"2022-02-20T18:14:51+00:00","dateModified":"2022-03-14T12:34:52+00:00","description":"Co byste m\u011bli v\u011bd\u011bt, ne\u017e si koup\u00edte kmen Granddaddy Purple? Tento kmen, ozna\u010dovan\u00fd tak\u00e9 jako GDP, je slavn\u00fd k\u0159\u00ed\u017eenec Indica mezi Purple Urkle a Big Bud.","breadcrumb":{"@id":"https:\/\/medicinasinc.com\/cs\/product\/koupit-dedecek-fialovy-kmen\/#breadcrumb"},"inLanguage":"en-US","potentialAction":[{"@type":"ReadAction","target":["https:\/\/medicinasinc.com\/cs\/product\/koupit-dedecek-fialovy-kmen\/"]}]},{"@type":"ImageObject","inLanguage":"en-US","@id":"https:\/\/medicinasinc.com\/cs\/product\/koupit-dedecek-fialovy-kmen\/#primaryimage","url":"https:\/\/medicinasinc.com\/cs\/wp-content\/uploads\/sites\/2\/2022\/02\/Buy-Granddaddy-Purple-Strain.jpg","contentUrl":"https:\/\/medicinasinc.com\/cs\/wp-content\/uploads\/sites\/2\/2022\/02\/Buy-Granddaddy-Purple-Strain.jpg","width":1822,"height":2429},{"@type":"BreadcrumbList","@id":"https:\/\/medicinasinc.com\/cs\/product\/koupit-dedecek-fialovy-kmen\/#breadcrumb","itemListElement":[{"@type":"ListItem","position":1,"name":"Obchod","item":"https:\/\/medicinasinc.com\/cs\/obchod\/"},{"@type":"ListItem","position":2,"name":"Koupit Granddaddy Purple Strain"}]},{"@type":"WebSite","@id":"https:\/\/medicinasinc.com\/cs\/#website","url":"https:\/\/medicinasinc.com\/cs\/","name":"Medicinas Inc","description":"Health Medical Clinic","potentialAction":[{"@type":"SearchAction","target":{"@type":"EntryPoint","urlTemplate":"https:\/\/medicinasinc.com\/cs\/?s={search_term_string}"},"query-input":{"@type":"PropertyValueSpecification","valueRequired":true,"valueName":"search_term_string"}}],"inLanguage":"en-US"}]}},"_links":{"self":[{"href":"https:\/\/medicinasinc.com\/cs\/wp-json\/wp\/v2\/product\/4953","targetHints":{"allow":["GET"]}}],"collection":[{"href":"https:\/\/medicinasinc.com\/cs\/wp-json\/wp\/v2\/product"}],"about":[{"href":"https:\/\/medicinasinc.com\/cs\/wp-json\/wp\/v2\/types\/product"}],"replies":[{"embeddable":true,"href":"https:\/\/medicinasinc.com\/cs\/wp-json\/wp\/v2\/comments?post=4953"}],"wp:featuredmedia":[{"embeddable":true,"href":"https:\/\/medicinasinc.com\/cs\/wp-json\/wp\/v2\/media\/4967"}],"wp:attachment":[{"href":"https:\/\/medicinasinc.com\/cs\/wp-json\/wp\/v2\/media?parent=4953"}],"wp:term":[{"taxonomy":"product_brand","embeddable":true,"href":"https:\/\/medicinasinc.com\/cs\/wp-json\/wp\/v2\/product_brand?post=4953"},{"taxonomy":"product_cat","embeddable":true,"href":"https:\/\/medicinasinc.com\/cs\/wp-json\/wp\/v2\/product_cat?post=4953"},{"taxonomy":"product_tag","embeddable":true,"href":"https:\/\/medicinasinc.com\/cs\/wp-json\/wp\/v2\/product_tag?post=4953"}],"curies":[{"name":"wp","href":"https:\/\/api.w.org\/{rel}","templated":true}]}}