{"id":4946,"date":"2022-02-20T18:08:57","date_gmt":"2022-02-20T18:08:57","guid":{"rendered":"https:\/\/medicinasinc.com\/cs\/?post_type=product&#038;p=4946"},"modified":"2022-03-14T12:35:04","modified_gmt":"2022-03-14T12:35:04","slug":"koupit-gorila-susenka-marihuana","status":"publish","type":"product","link":"https:\/\/medicinasinc.com\/cs\/product\/koupit-gorila-susenka-marihuana\/","title":{"rendered":"Koupit Gorilla Biscuit Marihuana"},"content":{"rendered":"<h1><\/h1>\n<p>Online n\u00e1kup kmene marihuany Gorilla Biscuit.<\/p>\n<p>Online n\u00e1kup kmene Gorilla Biscuit Marihuana.<\/p>\n<p>Marihuana z goril\u00edch su\u0161enek je Indica. Dominantn\u00ed hybrid \u2013 60 % Indica \/ 40 % Sativa Obsah THC v sativ\u011b: 15 %\u201320 %<\/p>\n<p>Vzbuzen\u00ed, euforie, hlad, relaxace a ospalost<br \/> M\u016f\u017ee pomoci p\u0159i l\u00e9\u010db\u011b anorexie, k\u0159e\u010d\u00ed , Deprese, nespavost a p\u0159\u00edchut\u011b stresu<br \/> V\u016fn\u011b k\u00e1vy, citronu a borovice<br \/> Zemit\u00e9, \u0161tiplav\u00e9 a ko\u0159enit\u00e9<\/p>\n<p>Gorilla Biscuit od Seeds of Compassion je indick\u00e1 odr\u016fda odvozen\u00e1 ze spojen\u00ed fenotyp\u016f Sensi Star&#8217;s Terpentine a Stardawg IX. Tato neobvykl\u00e1 a pom\u011brn\u011b star\u00e1 sm\u011bs je pojmenov\u00e1na po metakvalonu, \u010dasto zn\u00e1m\u00e9m jako quaaludes, droze s uklid\u0148uj\u00edc\u00edm a exotick\u00fdm \u00fa\u010dinkem na t\u011blo. Jeho majetek pokra\u010duje podobn\u011b uklid\u0148uj\u00edc\u00edm zp\u016fsobem, tak\u017ee p\u0159\u00edv\u011bsky jsou t\u011b\u017ek\u00e9 a voln\u00e9. Gorilla Biscuit m\u00e1 siln\u00fd terpenov\u00fd profil se siln\u00fdm aroma borovice-sol a k\u00e1vov\u00fdch zrn.<\/p>\n<p>Kmen Gorilla Biscuits: Skute\u010dn\u00fd stoner kmen, Gorilla OG&#8217;s high se vyv\u00edj\u00ed postupn\u011b a stav\u00ed se do stavu uchv\u00e1cen\u00ed, kter\u00e9 trv\u00e1 po del\u0161\u00ed dobu. Jakmile jej\u00ed v\u011bci zcela ovl\u00e1dnou va\u0161e my\u0161lenky a t\u011blo, va\u0161e p\u0159em\u00edt\u00e1n\u00ed nemus\u00ed b\u00fdt tak jasn\u00e9 jako p\u0159ed n\u011bkolika hodinami. Nejviditeln\u011bj\u0161\u00edm aspektem va\u0161eho z\u00e1\u017eitku bude pevn\u00fd dojem z\u00e1mku love seat, kter\u00fd znesnadn\u00ed uspokojen\u00ed jak\u00fdchkoli z\u00e1ludn\u00fdch choutek. Na\u0161\u00edm n\u00e1vrhem je pokro\u010dit za hranice \u010dasu se zamet\u00e1n\u00edm, podlo\u017ekou a velk\u00fdm mno\u017estv\u00edm j\u00eddla obsa\u017een\u00e9ho v dosahu pa\u017ee. Tato neobvykl\u00e1 a pom\u011brn\u011b star\u00e1 sm\u011bs je pojmenov\u00e1na po metakvalonu, \u010dasto zn\u00e1m\u00e9m jako quaaludes, droze s uklid\u0148uj\u00edc\u00edm a exotick\u00fdm \u00fa\u010dinkem na t\u011blo. Jeho majetek pokra\u010duje podobn\u011b uklid\u0148uj\u00edc\u00edm zp\u016fsobem, tak\u017ee p\u0159\u00edv\u011bsky jsou t\u011b\u017ek\u00e9 a voln\u00e9. Gorilla Biscuit m\u00e1 robustn\u00ed terpenov\u00fd profil se siln\u00fdm aroma borovice-sol a k\u00e1vov\u00e9ho bourbonu.<\/p>\n","protected":false},"excerpt":{"rendered":"<p>Kupte si Gorilla Biscuit Marihuana kmen online. S v\u00edce ne\u017e 15let\u00fdmi zku\u0161enostmi v sektoru l\u00e9\u010div\u00e9 marihuany jsme kanadsk\u00fdm l\u00eddrem v z\u00e1silkov\u00fdch objedn\u00e1vk\u00e1ch konop\u00ed.<\/p>\n","protected":false},"featured_media":4960,"comment_status":"open","ping_status":"closed","template":"","meta":[],"product_brand":[],"product_cat":[778],"product_tag":[827,828,834,831,830,833,829,832],"class_list":{"0":"post-4946","1":"product","2":"type-product","3":"status-publish","4":"has-post-thumbnail","6":"product_cat-trava-na-prodej","7":"product_tag-biscuit-strain","8":"product_tag-bizkitz-strain","9":"product_tag-cukr-suenky-kmen","10":"product_tag-gorila-suenky-droga","11":"product_tag-ekto-chladi-kmen","12":"product_tag-hrozn-chladi-kmen","13":"product_tag-california-pomeran-c4-8d-kmen","14":"product_tag-gorila-suenky-merch","16":"first","17":"instock","18":"shipping-taxable","19":"purchasable","20":"product-type-variable","21":"has-default-attributes"},"yoast_head":"<!-- This site is optimized with the Yoast SEO plugin v27.3 - https:\/\/yoast.com\/product\/yoast-seo-wordpress\/ -->\n<title>Koupit Gorilla Biscuit Marihuana \u2013 nejlep\u0161\u00ed nejlep\u0161\u00ed glob\u00e1ln\u00ed l\u00e9ky<\/title>\n<meta name=\"description\" content=\"Koupit Gorilla Biscuit Marihuana kmen na prodej online. L\u00eddr v oblasti objedn\u00e1vek konop\u00ed v Kanad\u011b s v\u00edce ne\u017e 15let\u00fdmi zku\u0161enostmi v odv\u011btv\u00ed l\u00e9ka\u0159sk\u00e9 marihuany.\" \/>\n<meta name=\"robots\" content=\"index, follow, max-snippet:-1, max-image-preview:large, max-video-preview:-1\" \/>\n<link rel=\"canonical\" href=\"https:\/\/medicinasinc.com\/cs\/product\/koupit-gorila-susenka-marihuana\/\" \/>\n<meta property=\"og:locale\" content=\"en_US\" \/>\n<meta property=\"og:type\" content=\"article\" \/>\n<meta property=\"og:title\" content=\"Koupit Gorilla Biscuit Marihuana \u2013 nejlep\u0161\u00ed nejlep\u0161\u00ed glob\u00e1ln\u00ed l\u00e9ky\" \/>\n<meta property=\"og:description\" content=\"Koupit Gorilla Biscuit Marihuana kmen na prodej online. L\u00eddr v oblasti objedn\u00e1vek konop\u00ed v Kanad\u011b s v\u00edce ne\u017e 15let\u00fdmi zku\u0161enostmi v odv\u011btv\u00ed l\u00e9ka\u0159sk\u00e9 marihuany.\" \/>\n<meta property=\"og:url\" content=\"https:\/\/medicinasinc.com\/cs\/product\/koupit-gorila-susenka-marihuana\/\" \/>\n<meta property=\"og:site_name\" content=\"Medicinas Inc\" \/>\n<meta property=\"article:modified_time\" content=\"2022-03-14T12:35:04+00:00\" \/>\n<meta property=\"og:image\" content=\"https:\/\/medicinasinc.com\/cs\/wp-content\/uploads\/sites\/2\/2022\/02\/Buy-Gorilla-Biscuit-Marijuana.jpg\" \/>\n\t<meta property=\"og:image:width\" content=\"420\" \/>\n\t<meta property=\"og:image:height\" content=\"630\" \/>\n\t<meta property=\"og:image:type\" content=\"image\/jpeg\" \/>\n<meta name=\"twitter:card\" content=\"summary_large_image\" \/>\n<meta name=\"twitter:label1\" content=\"Est. reading time\" \/>\n\t<meta name=\"twitter:data1\" content=\"2 minutes\" \/>\n<script type=\"application\/ld+json\" class=\"yoast-schema-graph\">{\"@context\":\"https:\\\/\\\/schema.org\",\"@graph\":[{\"@type\":\"WebPage\",\"@id\":\"https:\\\/\\\/medicinasinc.com\\\/cs\\\/product\\\/koupit-gorila-susenka-marihuana\\\/\",\"url\":\"https:\\\/\\\/medicinasinc.com\\\/cs\\\/product\\\/koupit-gorila-susenka-marihuana\\\/\",\"name\":\"Koupit Gorilla Biscuit Marihuana \u2013 nejlep\u0161\u00ed nejlep\u0161\u00ed glob\u00e1ln\u00ed l\u00e9ky\",\"isPartOf\":{\"@id\":\"https:\\\/\\\/medicinasinc.com\\\/cs\\\/#website\"},\"primaryImageOfPage\":{\"@id\":\"https:\\\/\\\/medicinasinc.com\\\/cs\\\/product\\\/koupit-gorila-susenka-marihuana\\\/#primaryimage\"},\"image\":{\"@id\":\"https:\\\/\\\/medicinasinc.com\\\/cs\\\/product\\\/koupit-gorila-susenka-marihuana\\\/#primaryimage\"},\"thumbnailUrl\":\"https:\\\/\\\/medicinasinc.com\\\/cs\\\/wp-content\\\/uploads\\\/sites\\\/2\\\/2022\\\/02\\\/Buy-Gorilla-Biscuit-Marijuana.jpg\",\"datePublished\":\"2022-02-20T18:08:57+00:00\",\"dateModified\":\"2022-03-14T12:35:04+00:00\",\"description\":\"Koupit Gorilla Biscuit Marihuana kmen na prodej online. L\u00eddr v oblasti objedn\u00e1vek konop\u00ed v Kanad\u011b s v\u00edce ne\u017e 15let\u00fdmi zku\u0161enostmi v odv\u011btv\u00ed l\u00e9ka\u0159sk\u00e9 marihuany.\",\"breadcrumb\":{\"@id\":\"https:\\\/\\\/medicinasinc.com\\\/cs\\\/product\\\/koupit-gorila-susenka-marihuana\\\/#breadcrumb\"},\"inLanguage\":\"en-US\",\"potentialAction\":[{\"@type\":\"ReadAction\",\"target\":[\"https:\\\/\\\/medicinasinc.com\\\/cs\\\/product\\\/koupit-gorila-susenka-marihuana\\\/\"]}]},{\"@type\":\"ImageObject\",\"inLanguage\":\"en-US\",\"@id\":\"https:\\\/\\\/medicinasinc.com\\\/cs\\\/product\\\/koupit-gorila-susenka-marihuana\\\/#primaryimage\",\"url\":\"https:\\\/\\\/medicinasinc.com\\\/cs\\\/wp-content\\\/uploads\\\/sites\\\/2\\\/2022\\\/02\\\/Buy-Gorilla-Biscuit-Marijuana.jpg\",\"contentUrl\":\"https:\\\/\\\/medicinasinc.com\\\/cs\\\/wp-content\\\/uploads\\\/sites\\\/2\\\/2022\\\/02\\\/Buy-Gorilla-Biscuit-Marijuana.jpg\",\"width\":420,\"height\":630},{\"@type\":\"BreadcrumbList\",\"@id\":\"https:\\\/\\\/medicinasinc.com\\\/cs\\\/product\\\/koupit-gorila-susenka-marihuana\\\/#breadcrumb\",\"itemListElement\":[{\"@type\":\"ListItem\",\"position\":1,\"name\":\"Obchod\",\"item\":\"https:\\\/\\\/medicinasinc.com\\\/cs\\\/obchod\\\/\"},{\"@type\":\"ListItem\",\"position\":2,\"name\":\"Koupit Gorilla Biscuit Marihuana\"}]},{\"@type\":\"WebSite\",\"@id\":\"https:\\\/\\\/medicinasinc.com\\\/cs\\\/#website\",\"url\":\"https:\\\/\\\/medicinasinc.com\\\/cs\\\/\",\"name\":\"Medicinas Inc\",\"description\":\"Health Medical Clinic\",\"potentialAction\":[{\"@type\":\"SearchAction\",\"target\":{\"@type\":\"EntryPoint\",\"urlTemplate\":\"https:\\\/\\\/medicinasinc.com\\\/cs\\\/?s={search_term_string}\"},\"query-input\":{\"@type\":\"PropertyValueSpecification\",\"valueRequired\":true,\"valueName\":\"search_term_string\"}}],\"inLanguage\":\"en-US\"}]}<\/script>\n<!-- \/ Yoast SEO plugin. -->","yoast_head_json":{"title":"Koupit Gorilla Biscuit Marihuana \u2013 nejlep\u0161\u00ed nejlep\u0161\u00ed glob\u00e1ln\u00ed l\u00e9ky","description":"Koupit Gorilla Biscuit Marihuana kmen na prodej online. L\u00eddr v oblasti objedn\u00e1vek konop\u00ed v Kanad\u011b s v\u00edce ne\u017e 15let\u00fdmi zku\u0161enostmi v odv\u011btv\u00ed l\u00e9ka\u0159sk\u00e9 marihuany.","robots":{"index":"index","follow":"follow","max-snippet":"max-snippet:-1","max-image-preview":"max-image-preview:large","max-video-preview":"max-video-preview:-1"},"canonical":"https:\/\/medicinasinc.com\/cs\/product\/koupit-gorila-susenka-marihuana\/","og_locale":"en_US","og_type":"article","og_title":"Koupit Gorilla Biscuit Marihuana \u2013 nejlep\u0161\u00ed nejlep\u0161\u00ed glob\u00e1ln\u00ed l\u00e9ky","og_description":"Koupit Gorilla Biscuit Marihuana kmen na prodej online. L\u00eddr v oblasti objedn\u00e1vek konop\u00ed v Kanad\u011b s v\u00edce ne\u017e 15let\u00fdmi zku\u0161enostmi v odv\u011btv\u00ed l\u00e9ka\u0159sk\u00e9 marihuany.","og_url":"https:\/\/medicinasinc.com\/cs\/product\/koupit-gorila-susenka-marihuana\/","og_site_name":"Medicinas Inc","article_modified_time":"2022-03-14T12:35:04+00:00","og_image":[{"width":420,"height":630,"url":"https:\/\/medicinasinc.com\/cs\/wp-content\/uploads\/sites\/2\/2022\/02\/Buy-Gorilla-Biscuit-Marijuana.jpg","type":"image\/jpeg"}],"twitter_card":"summary_large_image","twitter_misc":{"Est. reading time":"2 minutes"},"schema":{"@context":"https:\/\/schema.org","@graph":[{"@type":"WebPage","@id":"https:\/\/medicinasinc.com\/cs\/product\/koupit-gorila-susenka-marihuana\/","url":"https:\/\/medicinasinc.com\/cs\/product\/koupit-gorila-susenka-marihuana\/","name":"Koupit Gorilla Biscuit Marihuana \u2013 nejlep\u0161\u00ed nejlep\u0161\u00ed glob\u00e1ln\u00ed l\u00e9ky","isPartOf":{"@id":"https:\/\/medicinasinc.com\/cs\/#website"},"primaryImageOfPage":{"@id":"https:\/\/medicinasinc.com\/cs\/product\/koupit-gorila-susenka-marihuana\/#primaryimage"},"image":{"@id":"https:\/\/medicinasinc.com\/cs\/product\/koupit-gorila-susenka-marihuana\/#primaryimage"},"thumbnailUrl":"https:\/\/medicinasinc.com\/cs\/wp-content\/uploads\/sites\/2\/2022\/02\/Buy-Gorilla-Biscuit-Marijuana.jpg","datePublished":"2022-02-20T18:08:57+00:00","dateModified":"2022-03-14T12:35:04+00:00","description":"Koupit Gorilla Biscuit Marihuana kmen na prodej online. L\u00eddr v oblasti objedn\u00e1vek konop\u00ed v Kanad\u011b s v\u00edce ne\u017e 15let\u00fdmi zku\u0161enostmi v odv\u011btv\u00ed l\u00e9ka\u0159sk\u00e9 marihuany.","breadcrumb":{"@id":"https:\/\/medicinasinc.com\/cs\/product\/koupit-gorila-susenka-marihuana\/#breadcrumb"},"inLanguage":"en-US","potentialAction":[{"@type":"ReadAction","target":["https:\/\/medicinasinc.com\/cs\/product\/koupit-gorila-susenka-marihuana\/"]}]},{"@type":"ImageObject","inLanguage":"en-US","@id":"https:\/\/medicinasinc.com\/cs\/product\/koupit-gorila-susenka-marihuana\/#primaryimage","url":"https:\/\/medicinasinc.com\/cs\/wp-content\/uploads\/sites\/2\/2022\/02\/Buy-Gorilla-Biscuit-Marijuana.jpg","contentUrl":"https:\/\/medicinasinc.com\/cs\/wp-content\/uploads\/sites\/2\/2022\/02\/Buy-Gorilla-Biscuit-Marijuana.jpg","width":420,"height":630},{"@type":"BreadcrumbList","@id":"https:\/\/medicinasinc.com\/cs\/product\/koupit-gorila-susenka-marihuana\/#breadcrumb","itemListElement":[{"@type":"ListItem","position":1,"name":"Obchod","item":"https:\/\/medicinasinc.com\/cs\/obchod\/"},{"@type":"ListItem","position":2,"name":"Koupit Gorilla Biscuit Marihuana"}]},{"@type":"WebSite","@id":"https:\/\/medicinasinc.com\/cs\/#website","url":"https:\/\/medicinasinc.com\/cs\/","name":"Medicinas Inc","description":"Health Medical Clinic","potentialAction":[{"@type":"SearchAction","target":{"@type":"EntryPoint","urlTemplate":"https:\/\/medicinasinc.com\/cs\/?s={search_term_string}"},"query-input":{"@type":"PropertyValueSpecification","valueRequired":true,"valueName":"search_term_string"}}],"inLanguage":"en-US"}]}},"_links":{"self":[{"href":"https:\/\/medicinasinc.com\/cs\/wp-json\/wp\/v2\/product\/4946","targetHints":{"allow":["GET"]}}],"collection":[{"href":"https:\/\/medicinasinc.com\/cs\/wp-json\/wp\/v2\/product"}],"about":[{"href":"https:\/\/medicinasinc.com\/cs\/wp-json\/wp\/v2\/types\/product"}],"replies":[{"embeddable":true,"href":"https:\/\/medicinasinc.com\/cs\/wp-json\/wp\/v2\/comments?post=4946"}],"wp:featuredmedia":[{"embeddable":true,"href":"https:\/\/medicinasinc.com\/cs\/wp-json\/wp\/v2\/media\/4960"}],"wp:attachment":[{"href":"https:\/\/medicinasinc.com\/cs\/wp-json\/wp\/v2\/media?parent=4946"}],"wp:term":[{"taxonomy":"product_brand","embeddable":true,"href":"https:\/\/medicinasinc.com\/cs\/wp-json\/wp\/v2\/product_brand?post=4946"},{"taxonomy":"product_cat","embeddable":true,"href":"https:\/\/medicinasinc.com\/cs\/wp-json\/wp\/v2\/product_cat?post=4946"},{"taxonomy":"product_tag","embeddable":true,"href":"https:\/\/medicinasinc.com\/cs\/wp-json\/wp\/v2\/product_tag?post=4946"}],"curies":[{"name":"wp","href":"https:\/\/api.w.org\/{rel}","templated":true}]}}