{"id":4940,"date":"2022-02-20T18:04:10","date_gmt":"2022-02-20T18:04:10","guid":{"rendered":"https:\/\/medicinasinc.com\/cs\/?post_type=product&#038;p=4940"},"modified":"2022-03-14T12:35:16","modified_gmt":"2022-03-14T12:35:16","slug":"koupit-durban-poison-marihuana","status":"publish","type":"product","link":"https:\/\/medicinasinc.com\/cs\/product\/koupit-durban-poison-marihuana\/","title":{"rendered":"Kupte si marihuanu Durban Poison"},"content":{"rendered":"<p>Online n\u00e1kup Durban Poison Marihuana Strain<\/p>\n<p>Tento vysoce \u00fa\u010dinn\u00fd kmen zp\u016fsob\u00ed v\u00e1\u017en\u00fd z\u00e1sah do mozku. Durban Poison je \u010dist\u00fd kmen sativy, kter\u00fd je obl\u00edben\u00fdm inbredn\u00edm potomkem jihoafrick\u00e9ho kmene sativy. V 70. letech 20. stolet\u00ed Ed Rosenthal, americk\u00fd konopn\u00fd aktivista, identifikoval p\u016fvodn\u00ed kmen a p\u0159edstavil jej do Spojen\u00fdch st\u00e1t\u016f. Mezi kamen\u00edky a pacienty s l\u00e9ka\u0159skou marihuanou v tomto m\u011bst\u011b je dlouhodob\u011b obl\u00edben\u00e1. Durban Poison m\u00e1 obsah THC a\u017e 24 %, co\u017e z n\u011bj d\u011bl\u00e1 jeden z nej\u00fa\u010dinn\u011bj\u0161\u00edch dostupn\u00fdch kmen\u016f. Tento kmen poskytuje silnou, p\u0159\u00edjemnou v\u00fd\u0161ku hlavy, kter\u00e1 je ide\u00e1ln\u00ed pro kreativn\u00ed \u00fasil\u00ed a denn\u00ed aktivity. Spolu se suchem v \u00fastech je mo\u017en\u00fdm ne\u017e\u00e1douc\u00edm \u00fa\u010dinkem paranoia. Durban Poison je \u00fa\u010dinn\u00e1 l\u00e9\u010dba deprese a \u00fazkosti, stejn\u011b jako chronick\u00e9 bolesti a nevolnosti. Tento kmen je vhodn\u00fd pro vytv\u00e1\u0159en\u00ed koncentr\u00e1t\u016f d\u00edky mno\u017estv\u00ed velk\u00fdch trichom\u016f na pupenu. P\u0159evl\u00e1daj\u00edc\u00ed v\u016fn\u011b a chu\u0165 Durban Poison jsou zemit\u00e9 a sladk\u00e9, se slab\u00fdm aroma borovice. Pupeny jsou kulat\u00e9 a siln\u00e9, pokryt\u00e9 bohat\u00fdmi trichomy. Tento kmen je ide\u00e1ln\u00ed pro obdob\u00ed fyzick\u00e9 aktivity, dom\u00e1c\u00edch prac\u00ed a dal\u0161\u00edch aktivit za denn\u00edho sv\u011btla.<\/p>\n","protected":false},"excerpt":{"rendered":"<div class=\"woocommerce-product-details__short-description\">\n<p>Durban Poison m\u00e1 obsah THC a\u017e 24 %, d\u00edky \u010demu\u017e se \u0159ad\u00ed mezi sv\u011btovou zna\u010dku&#8217; \u017ee tyto obchody prod\u00e1vaj\u00ed n\u011bkter\u00e9 z t\u011bchto jedine\u010dn\u00fdch kmen\u016f.<\/p>\n<p>Kmen Durban Poison si z\u00edskal celosv\u011btovou p\u0159ita\u017elivost d\u00edky sv\u00e9 p\u0159\u00edjemn\u00e9 v\u016fni a energizuj\u00edc\u00edm, povzn\u00e1\u0161ej\u00edc\u00edm \u00fa\u010dink\u016fm. Nav\u0161tivte n\u00e1s.<\/p>\n<p>Durban Poison Marihuana Strain lze zakoupit online. Durban Poison je africk\u00e1 sativa Landrace kmen konop\u00ed. Vynikaj\u00edc\u00ed pro pacienty, kte\u0159\u00ed hledaj\u00ed silnou mozkovou z\u00e1t\u011b\u017e, kter\u00e1 pom\u016f\u017ee v boji proti stresu a \u00fanav\u011b.<\/p>\n<\/p><\/div>\n","protected":false},"featured_media":4954,"comment_status":"open","ping_status":"closed","template":"","meta":[],"product_brand":[],"product_cat":[778],"product_tag":[822,820,825,821,823,826,819,824],"class_list":{"0":"post-4940","1":"product","2":"type-product","3":"status-publish","4":"has-post-thumbnail","6":"product_cat-trava-na-prodej","7":"product_tag-durban-poison-grow","8":"product_tag-durban-poison-autoflower","9":"product_tag-durban-poison-veg-time","10":"product_tag-durban-poison-crosses","11":"product_tag-durban-jed-historie","12":"product_tag-is-durban-the-same-as-durban-poison","13":"product_tag-nejlep-durban-jedov-semena","14":"product_tag-durban-jedovat-semena-jin-afrika","16":"first","17":"instock","18":"shipping-taxable","19":"purchasable","20":"product-type-variable","21":"has-default-attributes"},"yoast_head":"<!-- This site is optimized with the Yoast SEO plugin v27.3 - https:\/\/yoast.com\/product\/yoast-seo-wordpress\/ -->\n<title>Kupte si marihuanu Durban Poison \u2013 nejlep\u0161\u00ed nejlep\u0161\u00ed glob\u00e1ln\u00ed l\u00e9ky<\/title>\n<meta name=\"description\" content=\"Koupit kmen Durban Poison na prodej online, z\u00edskal si celosv\u011btovou popularitu pro svou sladkou v\u016fni a energick\u00e9, povzn\u00e1\u0161ej\u00edc\u00ed \u00fa\u010dinky. Nav\u0161tivte n\u00e1s.\" \/>\n<meta name=\"robots\" content=\"index, follow, max-snippet:-1, max-image-preview:large, max-video-preview:-1\" \/>\n<link rel=\"canonical\" href=\"https:\/\/medicinasinc.com\/cs\/product\/koupit-durban-poison-marihuana\/\" \/>\n<meta property=\"og:locale\" content=\"en_US\" \/>\n<meta property=\"og:type\" content=\"article\" \/>\n<meta property=\"og:title\" content=\"Kupte si marihuanu Durban Poison \u2013 nejlep\u0161\u00ed nejlep\u0161\u00ed glob\u00e1ln\u00ed l\u00e9ky\" \/>\n<meta property=\"og:description\" content=\"Koupit kmen Durban Poison na prodej online, z\u00edskal si celosv\u011btovou popularitu pro svou sladkou v\u016fni a energick\u00e9, povzn\u00e1\u0161ej\u00edc\u00ed \u00fa\u010dinky. Nav\u0161tivte n\u00e1s.\" \/>\n<meta property=\"og:url\" content=\"https:\/\/medicinasinc.com\/cs\/product\/koupit-durban-poison-marihuana\/\" \/>\n<meta property=\"og:site_name\" content=\"Medicinas Inc\" \/>\n<meta property=\"article:modified_time\" content=\"2022-03-14T12:35:16+00:00\" \/>\n<meta property=\"og:image\" content=\"https:\/\/medicinasinc.com\/cs\/wp-content\/uploads\/sites\/2\/2022\/02\/Buy-Durban-Poison-Marijuana.jpg\" \/>\n\t<meta property=\"og:image:width\" content=\"225\" \/>\n\t<meta property=\"og:image:height\" content=\"225\" \/>\n\t<meta property=\"og:image:type\" content=\"image\/jpeg\" \/>\n<meta name=\"twitter:card\" content=\"summary_large_image\" \/>\n<meta name=\"twitter:label1\" content=\"Est. reading time\" \/>\n\t<meta name=\"twitter:data1\" content=\"1 minute\" \/>\n<script type=\"application\/ld+json\" class=\"yoast-schema-graph\">{\"@context\":\"https:\\\/\\\/schema.org\",\"@graph\":[{\"@type\":\"WebPage\",\"@id\":\"https:\\\/\\\/medicinasinc.com\\\/cs\\\/product\\\/koupit-durban-poison-marihuana\\\/\",\"url\":\"https:\\\/\\\/medicinasinc.com\\\/cs\\\/product\\\/koupit-durban-poison-marihuana\\\/\",\"name\":\"Kupte si marihuanu Durban Poison \u2013 nejlep\u0161\u00ed nejlep\u0161\u00ed glob\u00e1ln\u00ed l\u00e9ky\",\"isPartOf\":{\"@id\":\"https:\\\/\\\/medicinasinc.com\\\/cs\\\/#website\"},\"primaryImageOfPage\":{\"@id\":\"https:\\\/\\\/medicinasinc.com\\\/cs\\\/product\\\/koupit-durban-poison-marihuana\\\/#primaryimage\"},\"image\":{\"@id\":\"https:\\\/\\\/medicinasinc.com\\\/cs\\\/product\\\/koupit-durban-poison-marihuana\\\/#primaryimage\"},\"thumbnailUrl\":\"https:\\\/\\\/medicinasinc.com\\\/cs\\\/wp-content\\\/uploads\\\/sites\\\/2\\\/2022\\\/02\\\/Buy-Durban-Poison-Marijuana.jpg\",\"datePublished\":\"2022-02-20T18:04:10+00:00\",\"dateModified\":\"2022-03-14T12:35:16+00:00\",\"description\":\"Koupit kmen Durban Poison na prodej online, z\u00edskal si celosv\u011btovou popularitu pro svou sladkou v\u016fni a energick\u00e9, povzn\u00e1\u0161ej\u00edc\u00ed \u00fa\u010dinky. Nav\u0161tivte n\u00e1s.\",\"breadcrumb\":{\"@id\":\"https:\\\/\\\/medicinasinc.com\\\/cs\\\/product\\\/koupit-durban-poison-marihuana\\\/#breadcrumb\"},\"inLanguage\":\"en-US\",\"potentialAction\":[{\"@type\":\"ReadAction\",\"target\":[\"https:\\\/\\\/medicinasinc.com\\\/cs\\\/product\\\/koupit-durban-poison-marihuana\\\/\"]}]},{\"@type\":\"ImageObject\",\"inLanguage\":\"en-US\",\"@id\":\"https:\\\/\\\/medicinasinc.com\\\/cs\\\/product\\\/koupit-durban-poison-marihuana\\\/#primaryimage\",\"url\":\"https:\\\/\\\/medicinasinc.com\\\/cs\\\/wp-content\\\/uploads\\\/sites\\\/2\\\/2022\\\/02\\\/Buy-Durban-Poison-Marijuana.jpg\",\"contentUrl\":\"https:\\\/\\\/medicinasinc.com\\\/cs\\\/wp-content\\\/uploads\\\/sites\\\/2\\\/2022\\\/02\\\/Buy-Durban-Poison-Marijuana.jpg\",\"width\":225,\"height\":225},{\"@type\":\"BreadcrumbList\",\"@id\":\"https:\\\/\\\/medicinasinc.com\\\/cs\\\/product\\\/koupit-durban-poison-marihuana\\\/#breadcrumb\",\"itemListElement\":[{\"@type\":\"ListItem\",\"position\":1,\"name\":\"Obchod\",\"item\":\"https:\\\/\\\/medicinasinc.com\\\/cs\\\/obchod\\\/\"},{\"@type\":\"ListItem\",\"position\":2,\"name\":\"Kupte si marihuanu Durban Poison\"}]},{\"@type\":\"WebSite\",\"@id\":\"https:\\\/\\\/medicinasinc.com\\\/cs\\\/#website\",\"url\":\"https:\\\/\\\/medicinasinc.com\\\/cs\\\/\",\"name\":\"Medicinas Inc\",\"description\":\"Health Medical Clinic\",\"potentialAction\":[{\"@type\":\"SearchAction\",\"target\":{\"@type\":\"EntryPoint\",\"urlTemplate\":\"https:\\\/\\\/medicinasinc.com\\\/cs\\\/?s={search_term_string}\"},\"query-input\":{\"@type\":\"PropertyValueSpecification\",\"valueRequired\":true,\"valueName\":\"search_term_string\"}}],\"inLanguage\":\"en-US\"}]}<\/script>\n<!-- \/ Yoast SEO plugin. -->","yoast_head_json":{"title":"Kupte si marihuanu Durban Poison \u2013 nejlep\u0161\u00ed nejlep\u0161\u00ed glob\u00e1ln\u00ed l\u00e9ky","description":"Koupit kmen Durban Poison na prodej online, z\u00edskal si celosv\u011btovou popularitu pro svou sladkou v\u016fni a energick\u00e9, povzn\u00e1\u0161ej\u00edc\u00ed \u00fa\u010dinky. Nav\u0161tivte n\u00e1s.","robots":{"index":"index","follow":"follow","max-snippet":"max-snippet:-1","max-image-preview":"max-image-preview:large","max-video-preview":"max-video-preview:-1"},"canonical":"https:\/\/medicinasinc.com\/cs\/product\/koupit-durban-poison-marihuana\/","og_locale":"en_US","og_type":"article","og_title":"Kupte si marihuanu Durban Poison \u2013 nejlep\u0161\u00ed nejlep\u0161\u00ed glob\u00e1ln\u00ed l\u00e9ky","og_description":"Koupit kmen Durban Poison na prodej online, z\u00edskal si celosv\u011btovou popularitu pro svou sladkou v\u016fni a energick\u00e9, povzn\u00e1\u0161ej\u00edc\u00ed \u00fa\u010dinky. Nav\u0161tivte n\u00e1s.","og_url":"https:\/\/medicinasinc.com\/cs\/product\/koupit-durban-poison-marihuana\/","og_site_name":"Medicinas Inc","article_modified_time":"2022-03-14T12:35:16+00:00","og_image":[{"width":225,"height":225,"url":"https:\/\/medicinasinc.com\/cs\/wp-content\/uploads\/sites\/2\/2022\/02\/Buy-Durban-Poison-Marijuana.jpg","type":"image\/jpeg"}],"twitter_card":"summary_large_image","twitter_misc":{"Est. reading time":"1 minute"},"schema":{"@context":"https:\/\/schema.org","@graph":[{"@type":"WebPage","@id":"https:\/\/medicinasinc.com\/cs\/product\/koupit-durban-poison-marihuana\/","url":"https:\/\/medicinasinc.com\/cs\/product\/koupit-durban-poison-marihuana\/","name":"Kupte si marihuanu Durban Poison \u2013 nejlep\u0161\u00ed nejlep\u0161\u00ed glob\u00e1ln\u00ed l\u00e9ky","isPartOf":{"@id":"https:\/\/medicinasinc.com\/cs\/#website"},"primaryImageOfPage":{"@id":"https:\/\/medicinasinc.com\/cs\/product\/koupit-durban-poison-marihuana\/#primaryimage"},"image":{"@id":"https:\/\/medicinasinc.com\/cs\/product\/koupit-durban-poison-marihuana\/#primaryimage"},"thumbnailUrl":"https:\/\/medicinasinc.com\/cs\/wp-content\/uploads\/sites\/2\/2022\/02\/Buy-Durban-Poison-Marijuana.jpg","datePublished":"2022-02-20T18:04:10+00:00","dateModified":"2022-03-14T12:35:16+00:00","description":"Koupit kmen Durban Poison na prodej online, z\u00edskal si celosv\u011btovou popularitu pro svou sladkou v\u016fni a energick\u00e9, povzn\u00e1\u0161ej\u00edc\u00ed \u00fa\u010dinky. Nav\u0161tivte n\u00e1s.","breadcrumb":{"@id":"https:\/\/medicinasinc.com\/cs\/product\/koupit-durban-poison-marihuana\/#breadcrumb"},"inLanguage":"en-US","potentialAction":[{"@type":"ReadAction","target":["https:\/\/medicinasinc.com\/cs\/product\/koupit-durban-poison-marihuana\/"]}]},{"@type":"ImageObject","inLanguage":"en-US","@id":"https:\/\/medicinasinc.com\/cs\/product\/koupit-durban-poison-marihuana\/#primaryimage","url":"https:\/\/medicinasinc.com\/cs\/wp-content\/uploads\/sites\/2\/2022\/02\/Buy-Durban-Poison-Marijuana.jpg","contentUrl":"https:\/\/medicinasinc.com\/cs\/wp-content\/uploads\/sites\/2\/2022\/02\/Buy-Durban-Poison-Marijuana.jpg","width":225,"height":225},{"@type":"BreadcrumbList","@id":"https:\/\/medicinasinc.com\/cs\/product\/koupit-durban-poison-marihuana\/#breadcrumb","itemListElement":[{"@type":"ListItem","position":1,"name":"Obchod","item":"https:\/\/medicinasinc.com\/cs\/obchod\/"},{"@type":"ListItem","position":2,"name":"Kupte si marihuanu Durban Poison"}]},{"@type":"WebSite","@id":"https:\/\/medicinasinc.com\/cs\/#website","url":"https:\/\/medicinasinc.com\/cs\/","name":"Medicinas Inc","description":"Health Medical Clinic","potentialAction":[{"@type":"SearchAction","target":{"@type":"EntryPoint","urlTemplate":"https:\/\/medicinasinc.com\/cs\/?s={search_term_string}"},"query-input":{"@type":"PropertyValueSpecification","valueRequired":true,"valueName":"search_term_string"}}],"inLanguage":"en-US"}]}},"_links":{"self":[{"href":"https:\/\/medicinasinc.com\/cs\/wp-json\/wp\/v2\/product\/4940","targetHints":{"allow":["GET"]}}],"collection":[{"href":"https:\/\/medicinasinc.com\/cs\/wp-json\/wp\/v2\/product"}],"about":[{"href":"https:\/\/medicinasinc.com\/cs\/wp-json\/wp\/v2\/types\/product"}],"replies":[{"embeddable":true,"href":"https:\/\/medicinasinc.com\/cs\/wp-json\/wp\/v2\/comments?post=4940"}],"wp:featuredmedia":[{"embeddable":true,"href":"https:\/\/medicinasinc.com\/cs\/wp-json\/wp\/v2\/media\/4954"}],"wp:attachment":[{"href":"https:\/\/medicinasinc.com\/cs\/wp-json\/wp\/v2\/media?parent=4940"}],"wp:term":[{"taxonomy":"product_brand","embeddable":true,"href":"https:\/\/medicinasinc.com\/cs\/wp-json\/wp\/v2\/product_brand?post=4940"},{"taxonomy":"product_cat","embeddable":true,"href":"https:\/\/medicinasinc.com\/cs\/wp-json\/wp\/v2\/product_cat?post=4940"},{"taxonomy":"product_tag","embeddable":true,"href":"https:\/\/medicinasinc.com\/cs\/wp-json\/wp\/v2\/product_tag?post=4940"}],"curies":[{"name":"wp","href":"https:\/\/api.w.org\/{rel}","templated":true}]}}