{"id":4938,"date":"2022-02-20T18:02:35","date_gmt":"2022-02-20T18:02:35","guid":{"rendered":"https:\/\/medicinasinc.com\/cs\/?post_type=product&#038;p=4938"},"modified":"2022-03-14T12:35:26","modified_gmt":"2022-03-14T12:35:26","slug":"koupit-tresnovy-kolac-marihuana-kmen","status":"publish","type":"product","link":"https:\/\/medicinasinc.com\/cs\/product\/koupit-tresnovy-kolac-marihuana-kmen\/","title":{"rendered":"Koupit Cherry Pie Marihuana kmen"},"content":{"rendered":"<p>Online n\u00e1kup kmene Cherry Pie s marihuanou.<\/p>\n<p>Online n\u00e1kup kmene Cherry Pie s marihuanou.<\/p>\n<p>Cherry Pie s kmenem marihuany lze zakoupit online. Hybridn\u00ed \u2013 80 % Indica \/ 20 % Sativa THC: 16\u201324 %, CBD: 1 %<\/p>\n<p>\u00da\u010dinky<br \/> Kreativn\u00ed, euforie, spokojenost a relaxace<br \/> Mo\u017en\u00e1 \u00faleva<br \/> Porucha pozornosti\/hyperaktivita, \u00fazkost, bipol\u00e1rn\u00ed porucha, chronick\u00e1 bolest, deprese, hyperaktivita a nespavost<br \/> P\u0159\u00edchut\u011b<br \/> Bobule, t\u0159e\u0161n\u011b a sladk\u00e9<br \/> V\u016fn\u011b<br \/> T\u0159e\u0161\u0148ov\u00e9, bor\u016fvkov\u00e9, zemit\u00e9, a sladk\u00e9<\/p>\n","protected":false},"excerpt":{"rendered":"<p>Kupte si kmen Marihuana Cherry Pie online. Cherry Pie Marihuana Strain lze zakoupit online. Hybridn\u00ed &#8211; 80 % Indica \/ 20 % Sativa THC: 16\u201324 %, CBD: 1 %<\/p>\n","protected":false},"featured_media":4952,"comment_status":"open","ping_status":"closed","template":"","meta":[],"product_brand":[],"product_cat":[778],"product_tag":[811,812,817,818,813,814,816,815],"class_list":{"0":"post-4938","1":"product","2":"type-product","3":"status-publish","4":"has-post-thumbnail","6":"product_cat-trava-na-prodej","7":"product_tag-cherry-pie-og-strain","8":"product_tag-cherry-pie-recipe","9":"product_tag-cherry-pie-strain-sativa-or-indica","10":"product_tag-cherry-pie-strain-yield","11":"product_tag-semena-teovho-kole","12":"product_tag-teov-kol-kmen-allbud","13":"product_tag-teov-kol-kmen-cena","14":"product_tag-efekty-teovho-kole","16":"first","17":"instock","18":"shipping-taxable","19":"purchasable","20":"product-type-variable","21":"has-default-attributes"},"yoast_head":"<!-- This site is optimized with the Yoast SEO plugin v27.3 - https:\/\/yoast.com\/product\/yoast-seo-wordpress\/ -->\n<title>Kupte si kmen Cherry Pie Marihuana \u2013 nejlep\u0161\u00ed nejlep\u0161\u00ed glob\u00e1ln\u00ed l\u00e9ky<\/title>\n<meta name=\"description\" content=\"Koupit Marihuanov\u00fd kmen Cherry Pie na prodej online. Koupit Cherry Pie Marihuana kmen online. Hybridn\u00ed \u2013 80 % Indica \/ 20 % Sativa THC: 16 % \u2013 24 %, CBD: 1 %\" \/>\n<meta name=\"robots\" content=\"index, follow, max-snippet:-1, max-image-preview:large, max-video-preview:-1\" \/>\n<link rel=\"canonical\" href=\"https:\/\/medicinasinc.com\/cs\/product\/koupit-tresnovy-kolac-marihuana-kmen\/\" \/>\n<meta property=\"og:locale\" content=\"en_US\" \/>\n<meta property=\"og:type\" content=\"article\" \/>\n<meta property=\"og:title\" content=\"Kupte si kmen Cherry Pie Marihuana \u2013 nejlep\u0161\u00ed nejlep\u0161\u00ed glob\u00e1ln\u00ed l\u00e9ky\" \/>\n<meta property=\"og:description\" content=\"Koupit Marihuanov\u00fd kmen Cherry Pie na prodej online. Koupit Cherry Pie Marihuana kmen online. Hybridn\u00ed \u2013 80 % Indica \/ 20 % Sativa THC: 16 % \u2013 24 %, CBD: 1 %\" \/>\n<meta property=\"og:url\" content=\"https:\/\/medicinasinc.com\/cs\/product\/koupit-tresnovy-kolac-marihuana-kmen\/\" \/>\n<meta property=\"og:site_name\" content=\"Medicinas Inc\" \/>\n<meta property=\"article:modified_time\" content=\"2022-03-14T12:35:26+00:00\" \/>\n<meta property=\"og:image\" content=\"https:\/\/medicinasinc.com\/cs\/wp-content\/uploads\/sites\/2\/2022\/02\/Buy-Cherry-Pie-Marijuana.jpg\" \/>\n\t<meta property=\"og:image:width\" content=\"1080\" \/>\n\t<meta property=\"og:image:height\" content=\"1080\" \/>\n\t<meta property=\"og:image:type\" content=\"image\/jpeg\" \/>\n<meta name=\"twitter:card\" content=\"summary_large_image\" \/>\n<meta name=\"twitter:label1\" content=\"Est. reading time\" \/>\n\t<meta name=\"twitter:data1\" content=\"1 minute\" \/>\n<script type=\"application\/ld+json\" class=\"yoast-schema-graph\">{\"@context\":\"https:\\\/\\\/schema.org\",\"@graph\":[{\"@type\":\"WebPage\",\"@id\":\"https:\\\/\\\/medicinasinc.com\\\/cs\\\/product\\\/koupit-tresnovy-kolac-marihuana-kmen\\\/\",\"url\":\"https:\\\/\\\/medicinasinc.com\\\/cs\\\/product\\\/koupit-tresnovy-kolac-marihuana-kmen\\\/\",\"name\":\"Kupte si kmen Cherry Pie Marihuana \u2013 nejlep\u0161\u00ed nejlep\u0161\u00ed glob\u00e1ln\u00ed l\u00e9ky\",\"isPartOf\":{\"@id\":\"https:\\\/\\\/medicinasinc.com\\\/cs\\\/#website\"},\"primaryImageOfPage\":{\"@id\":\"https:\\\/\\\/medicinasinc.com\\\/cs\\\/product\\\/koupit-tresnovy-kolac-marihuana-kmen\\\/#primaryimage\"},\"image\":{\"@id\":\"https:\\\/\\\/medicinasinc.com\\\/cs\\\/product\\\/koupit-tresnovy-kolac-marihuana-kmen\\\/#primaryimage\"},\"thumbnailUrl\":\"https:\\\/\\\/medicinasinc.com\\\/cs\\\/wp-content\\\/uploads\\\/sites\\\/2\\\/2022\\\/02\\\/Buy-Cherry-Pie-Marijuana.jpg\",\"datePublished\":\"2022-02-20T18:02:35+00:00\",\"dateModified\":\"2022-03-14T12:35:26+00:00\",\"description\":\"Koupit Marihuanov\u00fd kmen Cherry Pie na prodej online. Koupit Cherry Pie Marihuana kmen online. Hybridn\u00ed \u2013 80 % Indica \\\/ 20 % Sativa THC: 16 % \u2013 24 %, CBD: 1 %\",\"breadcrumb\":{\"@id\":\"https:\\\/\\\/medicinasinc.com\\\/cs\\\/product\\\/koupit-tresnovy-kolac-marihuana-kmen\\\/#breadcrumb\"},\"inLanguage\":\"en-US\",\"potentialAction\":[{\"@type\":\"ReadAction\",\"target\":[\"https:\\\/\\\/medicinasinc.com\\\/cs\\\/product\\\/koupit-tresnovy-kolac-marihuana-kmen\\\/\"]}]},{\"@type\":\"ImageObject\",\"inLanguage\":\"en-US\",\"@id\":\"https:\\\/\\\/medicinasinc.com\\\/cs\\\/product\\\/koupit-tresnovy-kolac-marihuana-kmen\\\/#primaryimage\",\"url\":\"https:\\\/\\\/medicinasinc.com\\\/cs\\\/wp-content\\\/uploads\\\/sites\\\/2\\\/2022\\\/02\\\/Buy-Cherry-Pie-Marijuana.jpg\",\"contentUrl\":\"https:\\\/\\\/medicinasinc.com\\\/cs\\\/wp-content\\\/uploads\\\/sites\\\/2\\\/2022\\\/02\\\/Buy-Cherry-Pie-Marijuana.jpg\",\"width\":1080,\"height\":1080},{\"@type\":\"BreadcrumbList\",\"@id\":\"https:\\\/\\\/medicinasinc.com\\\/cs\\\/product\\\/koupit-tresnovy-kolac-marihuana-kmen\\\/#breadcrumb\",\"itemListElement\":[{\"@type\":\"ListItem\",\"position\":1,\"name\":\"Obchod\",\"item\":\"https:\\\/\\\/medicinasinc.com\\\/cs\\\/obchod\\\/\"},{\"@type\":\"ListItem\",\"position\":2,\"name\":\"Koupit Cherry Pie Marihuana kmen\"}]},{\"@type\":\"WebSite\",\"@id\":\"https:\\\/\\\/medicinasinc.com\\\/cs\\\/#website\",\"url\":\"https:\\\/\\\/medicinasinc.com\\\/cs\\\/\",\"name\":\"Medicinas Inc\",\"description\":\"Health Medical Clinic\",\"potentialAction\":[{\"@type\":\"SearchAction\",\"target\":{\"@type\":\"EntryPoint\",\"urlTemplate\":\"https:\\\/\\\/medicinasinc.com\\\/cs\\\/?s={search_term_string}\"},\"query-input\":{\"@type\":\"PropertyValueSpecification\",\"valueRequired\":true,\"valueName\":\"search_term_string\"}}],\"inLanguage\":\"en-US\"}]}<\/script>\n<!-- \/ Yoast SEO plugin. -->","yoast_head_json":{"title":"Kupte si kmen Cherry Pie Marihuana \u2013 nejlep\u0161\u00ed nejlep\u0161\u00ed glob\u00e1ln\u00ed l\u00e9ky","description":"Koupit Marihuanov\u00fd kmen Cherry Pie na prodej online. Koupit Cherry Pie Marihuana kmen online. Hybridn\u00ed \u2013 80 % Indica \/ 20 % Sativa THC: 16 % \u2013 24 %, CBD: 1 %","robots":{"index":"index","follow":"follow","max-snippet":"max-snippet:-1","max-image-preview":"max-image-preview:large","max-video-preview":"max-video-preview:-1"},"canonical":"https:\/\/medicinasinc.com\/cs\/product\/koupit-tresnovy-kolac-marihuana-kmen\/","og_locale":"en_US","og_type":"article","og_title":"Kupte si kmen Cherry Pie Marihuana \u2013 nejlep\u0161\u00ed nejlep\u0161\u00ed glob\u00e1ln\u00ed l\u00e9ky","og_description":"Koupit Marihuanov\u00fd kmen Cherry Pie na prodej online. Koupit Cherry Pie Marihuana kmen online. Hybridn\u00ed \u2013 80 % Indica \/ 20 % Sativa THC: 16 % \u2013 24 %, CBD: 1 %","og_url":"https:\/\/medicinasinc.com\/cs\/product\/koupit-tresnovy-kolac-marihuana-kmen\/","og_site_name":"Medicinas Inc","article_modified_time":"2022-03-14T12:35:26+00:00","og_image":[{"width":1080,"height":1080,"url":"https:\/\/medicinasinc.com\/cs\/wp-content\/uploads\/sites\/2\/2022\/02\/Buy-Cherry-Pie-Marijuana.jpg","type":"image\/jpeg"}],"twitter_card":"summary_large_image","twitter_misc":{"Est. reading time":"1 minute"},"schema":{"@context":"https:\/\/schema.org","@graph":[{"@type":"WebPage","@id":"https:\/\/medicinasinc.com\/cs\/product\/koupit-tresnovy-kolac-marihuana-kmen\/","url":"https:\/\/medicinasinc.com\/cs\/product\/koupit-tresnovy-kolac-marihuana-kmen\/","name":"Kupte si kmen Cherry Pie Marihuana \u2013 nejlep\u0161\u00ed nejlep\u0161\u00ed glob\u00e1ln\u00ed l\u00e9ky","isPartOf":{"@id":"https:\/\/medicinasinc.com\/cs\/#website"},"primaryImageOfPage":{"@id":"https:\/\/medicinasinc.com\/cs\/product\/koupit-tresnovy-kolac-marihuana-kmen\/#primaryimage"},"image":{"@id":"https:\/\/medicinasinc.com\/cs\/product\/koupit-tresnovy-kolac-marihuana-kmen\/#primaryimage"},"thumbnailUrl":"https:\/\/medicinasinc.com\/cs\/wp-content\/uploads\/sites\/2\/2022\/02\/Buy-Cherry-Pie-Marijuana.jpg","datePublished":"2022-02-20T18:02:35+00:00","dateModified":"2022-03-14T12:35:26+00:00","description":"Koupit Marihuanov\u00fd kmen Cherry Pie na prodej online. Koupit Cherry Pie Marihuana kmen online. Hybridn\u00ed \u2013 80 % Indica \/ 20 % Sativa THC: 16 % \u2013 24 %, CBD: 1 %","breadcrumb":{"@id":"https:\/\/medicinasinc.com\/cs\/product\/koupit-tresnovy-kolac-marihuana-kmen\/#breadcrumb"},"inLanguage":"en-US","potentialAction":[{"@type":"ReadAction","target":["https:\/\/medicinasinc.com\/cs\/product\/koupit-tresnovy-kolac-marihuana-kmen\/"]}]},{"@type":"ImageObject","inLanguage":"en-US","@id":"https:\/\/medicinasinc.com\/cs\/product\/koupit-tresnovy-kolac-marihuana-kmen\/#primaryimage","url":"https:\/\/medicinasinc.com\/cs\/wp-content\/uploads\/sites\/2\/2022\/02\/Buy-Cherry-Pie-Marijuana.jpg","contentUrl":"https:\/\/medicinasinc.com\/cs\/wp-content\/uploads\/sites\/2\/2022\/02\/Buy-Cherry-Pie-Marijuana.jpg","width":1080,"height":1080},{"@type":"BreadcrumbList","@id":"https:\/\/medicinasinc.com\/cs\/product\/koupit-tresnovy-kolac-marihuana-kmen\/#breadcrumb","itemListElement":[{"@type":"ListItem","position":1,"name":"Obchod","item":"https:\/\/medicinasinc.com\/cs\/obchod\/"},{"@type":"ListItem","position":2,"name":"Koupit Cherry Pie Marihuana kmen"}]},{"@type":"WebSite","@id":"https:\/\/medicinasinc.com\/cs\/#website","url":"https:\/\/medicinasinc.com\/cs\/","name":"Medicinas Inc","description":"Health Medical Clinic","potentialAction":[{"@type":"SearchAction","target":{"@type":"EntryPoint","urlTemplate":"https:\/\/medicinasinc.com\/cs\/?s={search_term_string}"},"query-input":{"@type":"PropertyValueSpecification","valueRequired":true,"valueName":"search_term_string"}}],"inLanguage":"en-US"}]}},"_links":{"self":[{"href":"https:\/\/medicinasinc.com\/cs\/wp-json\/wp\/v2\/product\/4938","targetHints":{"allow":["GET"]}}],"collection":[{"href":"https:\/\/medicinasinc.com\/cs\/wp-json\/wp\/v2\/product"}],"about":[{"href":"https:\/\/medicinasinc.com\/cs\/wp-json\/wp\/v2\/types\/product"}],"replies":[{"embeddable":true,"href":"https:\/\/medicinasinc.com\/cs\/wp-json\/wp\/v2\/comments?post=4938"}],"wp:featuredmedia":[{"embeddable":true,"href":"https:\/\/medicinasinc.com\/cs\/wp-json\/wp\/v2\/media\/4952"}],"wp:attachment":[{"href":"https:\/\/medicinasinc.com\/cs\/wp-json\/wp\/v2\/media?parent=4938"}],"wp:term":[{"taxonomy":"product_brand","embeddable":true,"href":"https:\/\/medicinasinc.com\/cs\/wp-json\/wp\/v2\/product_brand?post=4938"},{"taxonomy":"product_cat","embeddable":true,"href":"https:\/\/medicinasinc.com\/cs\/wp-json\/wp\/v2\/product_cat?post=4938"},{"taxonomy":"product_tag","embeddable":true,"href":"https:\/\/medicinasinc.com\/cs\/wp-json\/wp\/v2\/product_tag?post=4938"}],"curies":[{"name":"wp","href":"https:\/\/api.w.org\/{rel}","templated":true}]}}