{"id":4928,"date":"2022-02-20T17:53:26","date_gmt":"2022-02-20T17:53:26","guid":{"rendered":"https:\/\/medicinasinc.com\/cs\/?post_type=product&#038;p=4928"},"modified":"2022-03-14T12:35:35","modified_gmt":"2022-03-14T12:35:35","slug":"koupit-cookies-gelato","status":"publish","type":"product","link":"https:\/\/medicinasinc.com\/cs\/product\/koupit-cookies-gelato\/","title":{"rendered":"Koupit Cookies Gelato"},"content":{"rendered":"<p>Cookies Gelato je potomkem dvou slavn\u00fdch kmen\u016f marihuany. Zd\u011bdila \u0161\u00edlenou s\u00edlu, sladkou chu\u0165 a neskute\u010dnou produktivitu. A Cali Bliss ka\u017ed\u00fd z t\u011bchto prvk\u016f optimalizovala. Toto je nyn\u00ed \u010d\u00edslo 2 a bylo v\u00fdrazn\u011b vylep\u0161eno. Nav\u00edc se pou\u017e\u00edv\u00e1 25% THC m\u00edsto 23% THC.<\/p>\n<p>Na za\u010d\u00e1tek bychom r\u00e1di poskytli n\u011bjak\u00fd kontext pro p\u011bstitele tohoto kr\u00e1sn\u00e9ho kmene Cookies Gelato. Cali Bliss je relativn\u011b nov\u00fd p\u011bstitelsk\u00fd t\u00fdm. Jsou to t\u011b\u017ec\u00ed nar\u00e1\u017ee\u010di a trvalo n\u00e1m asi rok a p\u016fl, ne\u017e jsme naskladnili n\u011bkter\u00e9 jejich kmeny. M\u011bli jsme to \u0161t\u011bst\u00ed, \u017ee jsme z\u00edskali hned t\u0159i z nich. V\u011bnuj\u00ed se autentick\u00e9 kalifornsk\u00e9 genetice, ale s p\u0159evratem. N\u011bkter\u00fdm kmen\u016fm trv\u00e1 roky, ne\u017e se vyvinou do bodu, kdy jsou tito lid\u00e9 spokojeni.<\/p>\n<p>\u201eJak budete konzumovat v\u00edce konop\u00ed, zv\u00fd\u0161\u00ed se va\u0161e tolerance. Za\u010d\u00e1te\u010dn\u00edk\u016fm nen\u00ed pot\u0159eba moc se ukamenovat. P\u00e1r \u0161luk\u016f z posta\u010d\u00ed slab\u00fd kmen. Po n\u011bkolika letech v\u0161ak ost\u0159\u00edlen\u00ed ku\u0159\u00e1ci vy\u017eaduj\u00ed siln\u011bj\u0161\u00ed marihuanu, aby dos\u00e1hli stejn\u00fdch \u00fa\u010dink\u016f. Jedn\u00edm z t\u011bchto kmen\u016f je Cookies Gelato. Dod\u00e1v\u00e1 monstr\u00f3zn\u00ed d\u00e1vku THC, kter\u00e1 okam\u017eit\u011b p\u0159enese mysl do zm\u011bn\u011bn\u00e9ho stavu v\u011bdom\u00ed a udr\u017euje to cel\u00e9 hodiny.\u201c<\/p>\n<p>Mocn\u00e9 \u00fa\u010dinky cookies Gelato jsou v\u00fdsledkem jej\u00edch mocn\u00fdch rodi\u010dovsk\u00fdch kmen\u016f Girl Scout Cookies a Gelato. Toto dynamick\u00e9 duo je v\u0161ak proslul\u00e9 nejen svou hrubou silou. Jak jejich jm\u00e9na napov\u00eddaj\u00ed, oba maj\u00ed sladk\u00e9 a sladk\u00e9 terpenov\u00e9 profily. Cookies Gelato zt\u011bles\u0148uje nejlep\u0161\u00ed vlastnosti obou t\u011bchto legend\u00e1rn\u00edch odr\u016fd.<\/p>\n<p>Poupata na tomto chl\u00e1pkovi jsou \u0159\u00eddk\u00e1 a na mal\u00e9 stran\u011b (to je d\u00e1no geneticky \u2013 nejde to obej\u00edt). Dodate\u010dn\u00e1 nad\u00fdchanost a m\u011bkkost. To znamen\u00e1, \u017ee samotn\u00fd pupen m\u00e1 v\u00edce vzdu\u0161n\u00e9ho prostoru. To m\u016f\u017ee m\u00edt za n\u00e1sledek rychlej\u0161\u00ed sp\u00e1len\u00ed a tvrd\u0161\u00ed pocit, pokud se to nebere v \u00favahu. Jednodu\u0161e proto zajist\u011bte, aby byl pevn\u011b zabalen, abyste odstranili jak\u00fdkoli vzduchov\u00fd prostor. P\u0159i v\u00e1len\u00ed jointu nebo uzen\u00ed m\u00edsy ji pevn\u011b zabalte. Toto je povaha kmene.<\/p>\n<p>CO ZNAMEN\u00c1 \u010c\u00cdSLO DV\u011a?<\/p>\n<p>\u2013 Rozs\u00e1hl\u00e9 \u00fa\u010dinky (jemn\u011bj\u0161\u00ed)<\/p>\n<p>\u2013 Vylep\u0161en\u00e1 chu\u0165 (jemn\u011bj\u0161\u00ed profil terp) <\/p>\n<p>\u2013 Zv\u00fd\u0161en\u00fd obsah THC (d\u0159\u00edve 23 procent , nyn\u00ed je 25 procent )<\/p>\n<p>\u2013 Nav\u00edc lep\u0161\u00ed l\u00e9\u010dba a \u00faprava<\/p>\n<p>\u00da\u010cINKY:<\/p>\n<p>Kreativn\u00ed, radostn\u00e9 a euforick\u00e9<\/p>\n<p>L\u00c9KA\u0158SK\u00c9:<\/p>\n<p>\u00dazkost, stres a chronick\u00e1 bolest<\/p>\n<p>THC:<\/p>\n<p>25 % <\/p>\n<div class=\"product-next-previous\">\n<div class=\"product-prev\"><\/div><\/div>\n","protected":false},"excerpt":{"rendered":"<p>Nakupujte marihuanov\u00e9 su\u0161enky Gelato na prodej online. Chem Willie je hybrid s dominantn\u00edm sativem \u2013 70 % sativa a 30 % indika. Indica THC: 15 %<\/p>\n","protected":false},"featured_media":4941,"comment_status":"open","ping_status":"closed","template":"","meta":[],"product_brand":[],"product_cat":[778],"product_tag":[803,804,805,806,808,809,810,807],"class_list":{"0":"post-4928","1":"product","2":"type-product","3":"status-publish","4":"has-post-thumbnail","6":"product_cat-trava-na-prodej","7":"product_tag-cookies-gelato-42","8":"product_tag-cookies-gelato-41","9":"product_tag-cookies-gelato-flowering-time","10":"product_tag-cookies-gelato-grow-diary","11":"product_tag-gelato-cookies-a-smetana","12":"product_tag-gelato-cookies-kmen-allbud","13":"product_tag-gelato-cookies-strain-wikileaf","14":"product_tag-su-c5-a1enky-gelato-v-c3-bdt-c4-9b-c5-beek","16":"first","17":"instock","18":"shipping-taxable","19":"purchasable","20":"product-type-variable","21":"has-default-attributes"},"yoast_head":"<!-- This site is optimized with the Yoast SEO plugin v27.3 - https:\/\/yoast.com\/product\/yoast-seo-wordpress\/ -->\n<title>Koupit Cookies Gelato - Cookies Gelato na prodej - Nejlep\u0161\u00ed nejlep\u0161\u00ed glob\u00e1ln\u00ed l\u00e9ky<\/title>\n<meta name=\"description\" content=\"Koupit Cookies Gelato Marihuana na prodej online. Chem willie je Sativa Dominant Hybrid \u2013 70 % Sativa \/ 30 % Indica THC: 15 %\" \/>\n<meta name=\"robots\" content=\"index, follow, max-snippet:-1, max-image-preview:large, max-video-preview:-1\" \/>\n<link rel=\"canonical\" href=\"https:\/\/medicinasinc.com\/cs\/product\/koupit-cookies-gelato\/\" \/>\n<meta property=\"og:locale\" content=\"en_US\" \/>\n<meta property=\"og:type\" content=\"article\" \/>\n<meta property=\"og:title\" content=\"Koupit Cookies Gelato - Cookies Gelato na prodej - Nejlep\u0161\u00ed nejlep\u0161\u00ed glob\u00e1ln\u00ed l\u00e9ky\" \/>\n<meta property=\"og:description\" content=\"Koupit Cookies Gelato Marihuana na prodej online. Chem willie je Sativa Dominant Hybrid \u2013 70 % Sativa \/ 30 % Indica THC: 15 %\" \/>\n<meta property=\"og:url\" content=\"https:\/\/medicinasinc.com\/cs\/product\/koupit-cookies-gelato\/\" \/>\n<meta property=\"og:site_name\" content=\"Medicinas Inc\" \/>\n<meta property=\"article:modified_time\" content=\"2022-03-14T12:35:35+00:00\" \/>\n<meta property=\"og:image\" content=\"https:\/\/medicinasinc.com\/cs\/wp-content\/uploads\/sites\/2\/2022\/02\/Buy-Cookies-Gelato.jpg\" \/>\n\t<meta property=\"og:image:width\" content=\"420\" \/>\n\t<meta property=\"og:image:height\" content=\"630\" \/>\n\t<meta property=\"og:image:type\" content=\"image\/jpeg\" \/>\n<meta name=\"twitter:card\" content=\"summary_large_image\" \/>\n<meta name=\"twitter:label1\" content=\"Est. reading time\" \/>\n\t<meta name=\"twitter:data1\" content=\"2 minutes\" \/>\n<script type=\"application\/ld+json\" class=\"yoast-schema-graph\">{\"@context\":\"https:\\\/\\\/schema.org\",\"@graph\":[{\"@type\":\"WebPage\",\"@id\":\"https:\\\/\\\/medicinasinc.com\\\/cs\\\/product\\\/koupit-cookies-gelato\\\/\",\"url\":\"https:\\\/\\\/medicinasinc.com\\\/cs\\\/product\\\/koupit-cookies-gelato\\\/\",\"name\":\"Koupit Cookies Gelato - Cookies Gelato na prodej - Nejlep\u0161\u00ed nejlep\u0161\u00ed glob\u00e1ln\u00ed l\u00e9ky\",\"isPartOf\":{\"@id\":\"https:\\\/\\\/medicinasinc.com\\\/cs\\\/#website\"},\"primaryImageOfPage\":{\"@id\":\"https:\\\/\\\/medicinasinc.com\\\/cs\\\/product\\\/koupit-cookies-gelato\\\/#primaryimage\"},\"image\":{\"@id\":\"https:\\\/\\\/medicinasinc.com\\\/cs\\\/product\\\/koupit-cookies-gelato\\\/#primaryimage\"},\"thumbnailUrl\":\"https:\\\/\\\/medicinasinc.com\\\/cs\\\/wp-content\\\/uploads\\\/sites\\\/2\\\/2022\\\/02\\\/Buy-Cookies-Gelato.jpg\",\"datePublished\":\"2022-02-20T17:53:26+00:00\",\"dateModified\":\"2022-03-14T12:35:35+00:00\",\"description\":\"Koupit Cookies Gelato Marihuana na prodej online. Chem willie je Sativa Dominant Hybrid \u2013 70 % Sativa \\\/ 30 % Indica THC: 15 %\",\"breadcrumb\":{\"@id\":\"https:\\\/\\\/medicinasinc.com\\\/cs\\\/product\\\/koupit-cookies-gelato\\\/#breadcrumb\"},\"inLanguage\":\"en-US\",\"potentialAction\":[{\"@type\":\"ReadAction\",\"target\":[\"https:\\\/\\\/medicinasinc.com\\\/cs\\\/product\\\/koupit-cookies-gelato\\\/\"]}]},{\"@type\":\"ImageObject\",\"inLanguage\":\"en-US\",\"@id\":\"https:\\\/\\\/medicinasinc.com\\\/cs\\\/product\\\/koupit-cookies-gelato\\\/#primaryimage\",\"url\":\"https:\\\/\\\/medicinasinc.com\\\/cs\\\/wp-content\\\/uploads\\\/sites\\\/2\\\/2022\\\/02\\\/Buy-Cookies-Gelato.jpg\",\"contentUrl\":\"https:\\\/\\\/medicinasinc.com\\\/cs\\\/wp-content\\\/uploads\\\/sites\\\/2\\\/2022\\\/02\\\/Buy-Cookies-Gelato.jpg\",\"width\":420,\"height\":630},{\"@type\":\"BreadcrumbList\",\"@id\":\"https:\\\/\\\/medicinasinc.com\\\/cs\\\/product\\\/koupit-cookies-gelato\\\/#breadcrumb\",\"itemListElement\":[{\"@type\":\"ListItem\",\"position\":1,\"name\":\"Obchod\",\"item\":\"https:\\\/\\\/medicinasinc.com\\\/cs\\\/obchod\\\/\"},{\"@type\":\"ListItem\",\"position\":2,\"name\":\"Koupit Cookies Gelato\"}]},{\"@type\":\"WebSite\",\"@id\":\"https:\\\/\\\/medicinasinc.com\\\/cs\\\/#website\",\"url\":\"https:\\\/\\\/medicinasinc.com\\\/cs\\\/\",\"name\":\"Medicinas Inc\",\"description\":\"Health Medical Clinic\",\"potentialAction\":[{\"@type\":\"SearchAction\",\"target\":{\"@type\":\"EntryPoint\",\"urlTemplate\":\"https:\\\/\\\/medicinasinc.com\\\/cs\\\/?s={search_term_string}\"},\"query-input\":{\"@type\":\"PropertyValueSpecification\",\"valueRequired\":true,\"valueName\":\"search_term_string\"}}],\"inLanguage\":\"en-US\"}]}<\/script>\n<!-- \/ Yoast SEO plugin. -->","yoast_head_json":{"title":"Koupit Cookies Gelato - Cookies Gelato na prodej - Nejlep\u0161\u00ed nejlep\u0161\u00ed glob\u00e1ln\u00ed l\u00e9ky","description":"Koupit Cookies Gelato Marihuana na prodej online. Chem willie je Sativa Dominant Hybrid \u2013 70 % Sativa \/ 30 % Indica THC: 15 %","robots":{"index":"index","follow":"follow","max-snippet":"max-snippet:-1","max-image-preview":"max-image-preview:large","max-video-preview":"max-video-preview:-1"},"canonical":"https:\/\/medicinasinc.com\/cs\/product\/koupit-cookies-gelato\/","og_locale":"en_US","og_type":"article","og_title":"Koupit Cookies Gelato - Cookies Gelato na prodej - Nejlep\u0161\u00ed nejlep\u0161\u00ed glob\u00e1ln\u00ed l\u00e9ky","og_description":"Koupit Cookies Gelato Marihuana na prodej online. Chem willie je Sativa Dominant Hybrid \u2013 70 % Sativa \/ 30 % Indica THC: 15 %","og_url":"https:\/\/medicinasinc.com\/cs\/product\/koupit-cookies-gelato\/","og_site_name":"Medicinas Inc","article_modified_time":"2022-03-14T12:35:35+00:00","og_image":[{"width":420,"height":630,"url":"https:\/\/medicinasinc.com\/cs\/wp-content\/uploads\/sites\/2\/2022\/02\/Buy-Cookies-Gelato.jpg","type":"image\/jpeg"}],"twitter_card":"summary_large_image","twitter_misc":{"Est. reading time":"2 minutes"},"schema":{"@context":"https:\/\/schema.org","@graph":[{"@type":"WebPage","@id":"https:\/\/medicinasinc.com\/cs\/product\/koupit-cookies-gelato\/","url":"https:\/\/medicinasinc.com\/cs\/product\/koupit-cookies-gelato\/","name":"Koupit Cookies Gelato - Cookies Gelato na prodej - Nejlep\u0161\u00ed nejlep\u0161\u00ed glob\u00e1ln\u00ed l\u00e9ky","isPartOf":{"@id":"https:\/\/medicinasinc.com\/cs\/#website"},"primaryImageOfPage":{"@id":"https:\/\/medicinasinc.com\/cs\/product\/koupit-cookies-gelato\/#primaryimage"},"image":{"@id":"https:\/\/medicinasinc.com\/cs\/product\/koupit-cookies-gelato\/#primaryimage"},"thumbnailUrl":"https:\/\/medicinasinc.com\/cs\/wp-content\/uploads\/sites\/2\/2022\/02\/Buy-Cookies-Gelato.jpg","datePublished":"2022-02-20T17:53:26+00:00","dateModified":"2022-03-14T12:35:35+00:00","description":"Koupit Cookies Gelato Marihuana na prodej online. Chem willie je Sativa Dominant Hybrid \u2013 70 % Sativa \/ 30 % Indica THC: 15 %","breadcrumb":{"@id":"https:\/\/medicinasinc.com\/cs\/product\/koupit-cookies-gelato\/#breadcrumb"},"inLanguage":"en-US","potentialAction":[{"@type":"ReadAction","target":["https:\/\/medicinasinc.com\/cs\/product\/koupit-cookies-gelato\/"]}]},{"@type":"ImageObject","inLanguage":"en-US","@id":"https:\/\/medicinasinc.com\/cs\/product\/koupit-cookies-gelato\/#primaryimage","url":"https:\/\/medicinasinc.com\/cs\/wp-content\/uploads\/sites\/2\/2022\/02\/Buy-Cookies-Gelato.jpg","contentUrl":"https:\/\/medicinasinc.com\/cs\/wp-content\/uploads\/sites\/2\/2022\/02\/Buy-Cookies-Gelato.jpg","width":420,"height":630},{"@type":"BreadcrumbList","@id":"https:\/\/medicinasinc.com\/cs\/product\/koupit-cookies-gelato\/#breadcrumb","itemListElement":[{"@type":"ListItem","position":1,"name":"Obchod","item":"https:\/\/medicinasinc.com\/cs\/obchod\/"},{"@type":"ListItem","position":2,"name":"Koupit Cookies Gelato"}]},{"@type":"WebSite","@id":"https:\/\/medicinasinc.com\/cs\/#website","url":"https:\/\/medicinasinc.com\/cs\/","name":"Medicinas Inc","description":"Health Medical Clinic","potentialAction":[{"@type":"SearchAction","target":{"@type":"EntryPoint","urlTemplate":"https:\/\/medicinasinc.com\/cs\/?s={search_term_string}"},"query-input":{"@type":"PropertyValueSpecification","valueRequired":true,"valueName":"search_term_string"}}],"inLanguage":"en-US"}]}},"_links":{"self":[{"href":"https:\/\/medicinasinc.com\/cs\/wp-json\/wp\/v2\/product\/4928","targetHints":{"allow":["GET"]}}],"collection":[{"href":"https:\/\/medicinasinc.com\/cs\/wp-json\/wp\/v2\/product"}],"about":[{"href":"https:\/\/medicinasinc.com\/cs\/wp-json\/wp\/v2\/types\/product"}],"replies":[{"embeddable":true,"href":"https:\/\/medicinasinc.com\/cs\/wp-json\/wp\/v2\/comments?post=4928"}],"wp:featuredmedia":[{"embeddable":true,"href":"https:\/\/medicinasinc.com\/cs\/wp-json\/wp\/v2\/media\/4941"}],"wp:attachment":[{"href":"https:\/\/medicinasinc.com\/cs\/wp-json\/wp\/v2\/media?parent=4928"}],"wp:term":[{"taxonomy":"product_brand","embeddable":true,"href":"https:\/\/medicinasinc.com\/cs\/wp-json\/wp\/v2\/product_brand?post=4928"},{"taxonomy":"product_cat","embeddable":true,"href":"https:\/\/medicinasinc.com\/cs\/wp-json\/wp\/v2\/product_cat?post=4928"},{"taxonomy":"product_tag","embeddable":true,"href":"https:\/\/medicinasinc.com\/cs\/wp-json\/wp\/v2\/product_tag?post=4928"}],"curies":[{"name":"wp","href":"https:\/\/api.w.org\/{rel}","templated":true}]}}