{"id":4908,"date":"2022-02-20T17:37:57","date_gmt":"2022-02-20T17:37:57","guid":{"rendered":"https:\/\/medicinasinc.com\/cs\/?post_type=product&#038;p=4908"},"modified":"2022-03-14T12:38:33","modified_gmt":"2022-03-14T12:38:33","slug":"buy-triple-g-strain","status":"publish","type":"product","link":"https:\/\/medicinasinc.com\/cs\/product\/buy-triple-g-strain\/","title":{"rendered":"Koupit Triple G Strain"},"content":{"rendered":"<p>Ohledn\u011b tohoto hybridn\u00edho kmene<\/p>\n<p>Triple G, tak\u00e9 zn\u00e1m\u00fd jako Ghost OG, produkuje poupata, kter\u00e1 jsou vo\u0148av\u00e1, tropick\u00e1, ale lehce skunky, se sv\u011b\u017e\u00edmi, zemit\u00fdmi podt\u00f3ny. D\u00edky sv\u00e9 dominanci indiky mohou n\u011bkter\u00e9 pupeny vykazovat hlubok\u00e9 a l\u00e1kav\u00e9 fialov\u00e9 odst\u00edny. P\u0159i kou\u0159en\u00ed nebo odpa\u0159ov\u00e1n\u00ed se chu\u0165 p\u0159ikl\u00e1n\u00ed ke sladk\u00e9, ale limetkov\u00e9 v\u016fni.<\/p>\n<p>Hladiny THC se obvykle pohybuj\u00ed mezi n\u00edzk\u00fdm a st\u0159edn\u00edm dvac\u00e1t\u00fdm rokem a mnoho recenzent\u016f \u0161\u00edl\u00ed o potenci\u00e1lu tohoto kmene utlumit bolest spojenou s r\u016fzn\u00fdmi druhy stav\u016f a \u200b\u200bsymptom\u016f, v\u010detn\u011b nepohodl\u00ed p\u00e1te\u0159e.<\/p>\n<p>Fanou\u0161ci Triple G nav\u00edc uvedli, \u017ee je to vynikaj\u00edc\u00ed z\u00e1t\u011b\u017e pro uklidn\u011bn\u00ed nerv\u016f, zm\u00edrn\u011bn\u00ed psychick\u00e9ho stresu a umo\u017en\u011bn\u00ed mysli odpo\u010dinout si od n\u00e1poru my\u0161lenek, kter\u00e9 udr\u017eujte n\u00e1s v noci vzh\u016fru.<\/p>\n<p>Tento kmen s p\u0159evahou indiky m\u016f\u017ee vyvolat hlad nebo uklidn\u011bn\u00ed, m\u011bjte proto po ruce n\u011bjak\u00e9 zdrav\u00e9 sva\u010diny a pobl\u00ed\u017e pohodln\u00e9 m\u00edsto k leno\u0161en\u00ed nebo sp\u00e1nku.<\/p>\n<p>Kupte si modr\u00fd Dream Sativa AA s dopravou zdarma na jak\u00e9koli m\u00edsto v Evrop\u011b. BudStars je sv\u011btov\u011b nejl\u00e9pe hodnocen\u00fd online obchod s marihuanou. Z\u00edskejte v\u00fdrazn\u00e9 slevy na sv\u016fj prvn\u00ed n\u00e1kup.<\/p>\n<p>Blue Dream Sativa Strain lze zakoupit online.<\/p>\n<p>Marihuanu si m\u016f\u017eete zakoupit online s l\u00e9ka\u0159skou marihuanou kartou nebo bez n\u00ed. Marihuana po\u0161tou.<\/p>\n","protected":false},"excerpt":{"rendered":"<p>Kmen Triple G na prodej je hybrid a k\u0159\u00ed\u017eenec mezi dv\u011bma legend\u00e1rn\u00edmi kmeny v komunit\u011b konop\u00ed: Gorilla Glue a Gelato.<\/p>\n<table>\n<caption>Cannabinoid Lab Data<\/caption>\n<thead>\n<tr>\n<th>Kanabinoid<\/th>\n<th>Mno\u017estv\u00ed<\/th>\n<\/tr>\n<\/thead>\n<tbody>\n<tr>\n<td>THC:<\/td>\n<td>21,69 %<\/td>\n<\/tr>\n<tr>\n<td>\u03949-THC:<\/td>\n<td>1,04 %<\/td>\n<\/tr>\n<tr>\n<td>THC-A:<\/td>\n<td>23,54 % <\/td>\n<\/tr>\n<\/tbody>\n<\/table>\n<p>&nbsp;<\/p>\n<table>\n<caption>Data Terpenov\u00e9 laborato\u0159e<\/caption>\n<thead>\n<tr>\n<th>Terpene<\/th>\n<th>\u010c\u00e1stka<\/th>\n<\/tr>\n<\/thead>\n<tbody>\n<tr>\n<td>Limonen:<\/td>\n<td>0,68 %<\/td>\n<\/tr>\n<tr>\n<td>Beta karyofylen:<\/td>\n<td>0,27 %<\/td>\n<\/tr>\n<tr>\n<td>Beta myrcen:<\/td>\n<td>0,22 %<\/td>\n<\/tr>\n<\/tbody>\n<\/table>\n","protected":false},"featured_media":4922,"comment_status":"open","ping_status":"closed","template":"","meta":[],"product_brand":[],"product_cat":[778],"product_tag":[788,787,789,793,794,790,791,792],"class_list":{"0":"post-4908","1":"product","2":"type-product","3":"status-publish","4":"has-post-thumbnail","6":"product_cat-trava-na-prodej","7":"product_tag-hulkberry-strain","8":"product_tag-ggg-kmen","9":"product_tag-la-patron-strain-leafly","10":"product_tag-triple-g-strain-leafly","11":"product_tag-triple-g-strain-near-me","12":"product_tag-triple-g-grow-denk","13":"product_tag-triple-g-strain-allbud","14":"product_tag-triple-g-strain-flowing-time","16":"first","17":"instock","18":"shipping-taxable","19":"purchasable","20":"product-type-variable","21":"has-default-attributes"},"yoast_head":"<!-- This site is optimized with the Yoast SEO plugin v27.3 - https:\/\/yoast.com\/product\/yoast-seo-wordpress\/ -->\n<title>Koupit Triple G Strain \u2013 nejlep\u0161\u00ed nejlep\u0161\u00ed glob\u00e1ln\u00ed l\u00e9ky<\/title>\n<meta name=\"description\" content=\"Koupit kmen Triple G na prodej je hybrid a k\u0159\u00ed\u017eenec mezi dv\u011bma v\u00fdkonn\u00fdmi kmeny, kter\u00e9 se staly pojmem v komunit\u011b konop\u00ed: Gorilla Glue a Gelato.\" \/>\n<meta name=\"robots\" content=\"index, follow, max-snippet:-1, max-image-preview:large, max-video-preview:-1\" \/>\n<link rel=\"canonical\" href=\"https:\/\/medicinasinc.com\/cs\/product\/buy-triple-g-strain\/\" \/>\n<meta property=\"og:locale\" content=\"en_US\" \/>\n<meta property=\"og:type\" content=\"article\" \/>\n<meta property=\"og:title\" content=\"Koupit Triple G Strain \u2013 nejlep\u0161\u00ed nejlep\u0161\u00ed glob\u00e1ln\u00ed l\u00e9ky\" \/>\n<meta property=\"og:description\" content=\"Koupit kmen Triple G na prodej je hybrid a k\u0159\u00ed\u017eenec mezi dv\u011bma v\u00fdkonn\u00fdmi kmeny, kter\u00e9 se staly pojmem v komunit\u011b konop\u00ed: Gorilla Glue a Gelato.\" \/>\n<meta property=\"og:url\" content=\"https:\/\/medicinasinc.com\/cs\/product\/buy-triple-g-strain\/\" \/>\n<meta property=\"og:site_name\" content=\"Medicinas Inc\" \/>\n<meta property=\"article:modified_time\" content=\"2022-03-14T12:38:33+00:00\" \/>\n<meta property=\"og:image\" content=\"https:\/\/medicinasinc.com\/cs\/wp-content\/uploads\/sites\/2\/2022\/02\/Buy-Triple-G-Strain-1.jpg\" \/>\n\t<meta property=\"og:image:width\" content=\"800\" \/>\n\t<meta property=\"og:image:height\" content=\"800\" \/>\n\t<meta property=\"og:image:type\" content=\"image\/jpeg\" \/>\n<meta name=\"twitter:card\" content=\"summary_large_image\" \/>\n<meta name=\"twitter:label1\" content=\"Est. reading time\" \/>\n\t<meta name=\"twitter:data1\" content=\"1 minute\" \/>\n<script type=\"application\/ld+json\" class=\"yoast-schema-graph\">{\"@context\":\"https:\\\/\\\/schema.org\",\"@graph\":[{\"@type\":\"WebPage\",\"@id\":\"https:\\\/\\\/medicinasinc.com\\\/cs\\\/product\\\/buy-triple-g-strain\\\/\",\"url\":\"https:\\\/\\\/medicinasinc.com\\\/cs\\\/product\\\/buy-triple-g-strain\\\/\",\"name\":\"Koupit Triple G Strain \u2013 nejlep\u0161\u00ed nejlep\u0161\u00ed glob\u00e1ln\u00ed l\u00e9ky\",\"isPartOf\":{\"@id\":\"https:\\\/\\\/medicinasinc.com\\\/cs\\\/#website\"},\"primaryImageOfPage\":{\"@id\":\"https:\\\/\\\/medicinasinc.com\\\/cs\\\/product\\\/buy-triple-g-strain\\\/#primaryimage\"},\"image\":{\"@id\":\"https:\\\/\\\/medicinasinc.com\\\/cs\\\/product\\\/buy-triple-g-strain\\\/#primaryimage\"},\"thumbnailUrl\":\"https:\\\/\\\/medicinasinc.com\\\/cs\\\/wp-content\\\/uploads\\\/sites\\\/2\\\/2022\\\/02\\\/Buy-Triple-G-Strain-1.jpg\",\"datePublished\":\"2022-02-20T17:37:57+00:00\",\"dateModified\":\"2022-03-14T12:38:33+00:00\",\"description\":\"Koupit kmen Triple G na prodej je hybrid a k\u0159\u00ed\u017eenec mezi dv\u011bma v\u00fdkonn\u00fdmi kmeny, kter\u00e9 se staly pojmem v komunit\u011b konop\u00ed: Gorilla Glue a Gelato.\",\"breadcrumb\":{\"@id\":\"https:\\\/\\\/medicinasinc.com\\\/cs\\\/product\\\/buy-triple-g-strain\\\/#breadcrumb\"},\"inLanguage\":\"en-US\",\"potentialAction\":[{\"@type\":\"ReadAction\",\"target\":[\"https:\\\/\\\/medicinasinc.com\\\/cs\\\/product\\\/buy-triple-g-strain\\\/\"]}]},{\"@type\":\"ImageObject\",\"inLanguage\":\"en-US\",\"@id\":\"https:\\\/\\\/medicinasinc.com\\\/cs\\\/product\\\/buy-triple-g-strain\\\/#primaryimage\",\"url\":\"https:\\\/\\\/medicinasinc.com\\\/cs\\\/wp-content\\\/uploads\\\/sites\\\/2\\\/2022\\\/02\\\/Buy-Triple-G-Strain-1.jpg\",\"contentUrl\":\"https:\\\/\\\/medicinasinc.com\\\/cs\\\/wp-content\\\/uploads\\\/sites\\\/2\\\/2022\\\/02\\\/Buy-Triple-G-Strain-1.jpg\",\"width\":800,\"height\":800},{\"@type\":\"BreadcrumbList\",\"@id\":\"https:\\\/\\\/medicinasinc.com\\\/cs\\\/product\\\/buy-triple-g-strain\\\/#breadcrumb\",\"itemListElement\":[{\"@type\":\"ListItem\",\"position\":1,\"name\":\"Obchod\",\"item\":\"https:\\\/\\\/medicinasinc.com\\\/cs\\\/obchod\\\/\"},{\"@type\":\"ListItem\",\"position\":2,\"name\":\"Koupit Triple G Strain\"}]},{\"@type\":\"WebSite\",\"@id\":\"https:\\\/\\\/medicinasinc.com\\\/cs\\\/#website\",\"url\":\"https:\\\/\\\/medicinasinc.com\\\/cs\\\/\",\"name\":\"Medicinas Inc\",\"description\":\"Health Medical Clinic\",\"potentialAction\":[{\"@type\":\"SearchAction\",\"target\":{\"@type\":\"EntryPoint\",\"urlTemplate\":\"https:\\\/\\\/medicinasinc.com\\\/cs\\\/?s={search_term_string}\"},\"query-input\":{\"@type\":\"PropertyValueSpecification\",\"valueRequired\":true,\"valueName\":\"search_term_string\"}}],\"inLanguage\":\"en-US\"}]}<\/script>\n<!-- \/ Yoast SEO plugin. -->","yoast_head_json":{"title":"Koupit Triple G Strain \u2013 nejlep\u0161\u00ed nejlep\u0161\u00ed glob\u00e1ln\u00ed l\u00e9ky","description":"Koupit kmen Triple G na prodej je hybrid a k\u0159\u00ed\u017eenec mezi dv\u011bma v\u00fdkonn\u00fdmi kmeny, kter\u00e9 se staly pojmem v komunit\u011b konop\u00ed: Gorilla Glue a Gelato.","robots":{"index":"index","follow":"follow","max-snippet":"max-snippet:-1","max-image-preview":"max-image-preview:large","max-video-preview":"max-video-preview:-1"},"canonical":"https:\/\/medicinasinc.com\/cs\/product\/buy-triple-g-strain\/","og_locale":"en_US","og_type":"article","og_title":"Koupit Triple G Strain \u2013 nejlep\u0161\u00ed nejlep\u0161\u00ed glob\u00e1ln\u00ed l\u00e9ky","og_description":"Koupit kmen Triple G na prodej je hybrid a k\u0159\u00ed\u017eenec mezi dv\u011bma v\u00fdkonn\u00fdmi kmeny, kter\u00e9 se staly pojmem v komunit\u011b konop\u00ed: Gorilla Glue a Gelato.","og_url":"https:\/\/medicinasinc.com\/cs\/product\/buy-triple-g-strain\/","og_site_name":"Medicinas Inc","article_modified_time":"2022-03-14T12:38:33+00:00","og_image":[{"width":800,"height":800,"url":"https:\/\/medicinasinc.com\/cs\/wp-content\/uploads\/sites\/2\/2022\/02\/Buy-Triple-G-Strain-1.jpg","type":"image\/jpeg"}],"twitter_card":"summary_large_image","twitter_misc":{"Est. reading time":"1 minute"},"schema":{"@context":"https:\/\/schema.org","@graph":[{"@type":"WebPage","@id":"https:\/\/medicinasinc.com\/cs\/product\/buy-triple-g-strain\/","url":"https:\/\/medicinasinc.com\/cs\/product\/buy-triple-g-strain\/","name":"Koupit Triple G Strain \u2013 nejlep\u0161\u00ed nejlep\u0161\u00ed glob\u00e1ln\u00ed l\u00e9ky","isPartOf":{"@id":"https:\/\/medicinasinc.com\/cs\/#website"},"primaryImageOfPage":{"@id":"https:\/\/medicinasinc.com\/cs\/product\/buy-triple-g-strain\/#primaryimage"},"image":{"@id":"https:\/\/medicinasinc.com\/cs\/product\/buy-triple-g-strain\/#primaryimage"},"thumbnailUrl":"https:\/\/medicinasinc.com\/cs\/wp-content\/uploads\/sites\/2\/2022\/02\/Buy-Triple-G-Strain-1.jpg","datePublished":"2022-02-20T17:37:57+00:00","dateModified":"2022-03-14T12:38:33+00:00","description":"Koupit kmen Triple G na prodej je hybrid a k\u0159\u00ed\u017eenec mezi dv\u011bma v\u00fdkonn\u00fdmi kmeny, kter\u00e9 se staly pojmem v komunit\u011b konop\u00ed: Gorilla Glue a Gelato.","breadcrumb":{"@id":"https:\/\/medicinasinc.com\/cs\/product\/buy-triple-g-strain\/#breadcrumb"},"inLanguage":"en-US","potentialAction":[{"@type":"ReadAction","target":["https:\/\/medicinasinc.com\/cs\/product\/buy-triple-g-strain\/"]}]},{"@type":"ImageObject","inLanguage":"en-US","@id":"https:\/\/medicinasinc.com\/cs\/product\/buy-triple-g-strain\/#primaryimage","url":"https:\/\/medicinasinc.com\/cs\/wp-content\/uploads\/sites\/2\/2022\/02\/Buy-Triple-G-Strain-1.jpg","contentUrl":"https:\/\/medicinasinc.com\/cs\/wp-content\/uploads\/sites\/2\/2022\/02\/Buy-Triple-G-Strain-1.jpg","width":800,"height":800},{"@type":"BreadcrumbList","@id":"https:\/\/medicinasinc.com\/cs\/product\/buy-triple-g-strain\/#breadcrumb","itemListElement":[{"@type":"ListItem","position":1,"name":"Obchod","item":"https:\/\/medicinasinc.com\/cs\/obchod\/"},{"@type":"ListItem","position":2,"name":"Koupit Triple G Strain"}]},{"@type":"WebSite","@id":"https:\/\/medicinasinc.com\/cs\/#website","url":"https:\/\/medicinasinc.com\/cs\/","name":"Medicinas Inc","description":"Health Medical Clinic","potentialAction":[{"@type":"SearchAction","target":{"@type":"EntryPoint","urlTemplate":"https:\/\/medicinasinc.com\/cs\/?s={search_term_string}"},"query-input":{"@type":"PropertyValueSpecification","valueRequired":true,"valueName":"search_term_string"}}],"inLanguage":"en-US"}]}},"_links":{"self":[{"href":"https:\/\/medicinasinc.com\/cs\/wp-json\/wp\/v2\/product\/4908","targetHints":{"allow":["GET"]}}],"collection":[{"href":"https:\/\/medicinasinc.com\/cs\/wp-json\/wp\/v2\/product"}],"about":[{"href":"https:\/\/medicinasinc.com\/cs\/wp-json\/wp\/v2\/types\/product"}],"replies":[{"embeddable":true,"href":"https:\/\/medicinasinc.com\/cs\/wp-json\/wp\/v2\/comments?post=4908"}],"wp:featuredmedia":[{"embeddable":true,"href":"https:\/\/medicinasinc.com\/cs\/wp-json\/wp\/v2\/media\/4922"}],"wp:attachment":[{"href":"https:\/\/medicinasinc.com\/cs\/wp-json\/wp\/v2\/media?parent=4908"}],"wp:term":[{"taxonomy":"product_brand","embeddable":true,"href":"https:\/\/medicinasinc.com\/cs\/wp-json\/wp\/v2\/product_brand?post=4908"},{"taxonomy":"product_cat","embeddable":true,"href":"https:\/\/medicinasinc.com\/cs\/wp-json\/wp\/v2\/product_cat?post=4908"},{"taxonomy":"product_tag","embeddable":true,"href":"https:\/\/medicinasinc.com\/cs\/wp-json\/wp\/v2\/product_tag?post=4908"}],"curies":[{"name":"wp","href":"https:\/\/api.w.org\/{rel}","templated":true}]}}