{"id":4896,"date":"2022-02-20T17:28:28","date_gmt":"2022-02-20T17:28:28","guid":{"rendered":"https:\/\/medicinasinc.com\/cs\/?post_type=product&#038;p=4896"},"modified":"2022-03-14T12:38:45","modified_gmt":"2022-03-14T12:38:45","slug":"buy-apollo-11-marihuana","status":"publish","type":"product","link":"https:\/\/medicinasinc.com\/cs\/product\/buy-apollo-11-marihuana\/","title":{"rendered":"Kupte si marihuanu Apollo 11"},"content":{"rendered":"<div class=\"woocommerce-tabs wc-tabs-wrapper\">\n<div id=\"tab-description\" class=\"woocommerce-Tabs-panel woocommerce-Tabs-panel--description panel entry-content wc-tab\" role=\"tabpanel\" aria-labelledby=\"tab-title-description\">\n<p>KOUPIT KMEN MARIHUANA APOLLO 11<\/p>\n<p>Apollo 11 je vysoce \u00fa\u010dinn\u00fd hybridn\u00ed kmen konop\u00ed se siln\u00fdmi mozkov\u00fdmi \u00fa\u010dinky, kter\u00e9 mohou zp\u016fsobit, \u017ee se va\u0161e hlava bude c\u00edtit jako pokud se chyst\u00e1 p\u0159ist\u00e1t na M\u011bs\u00edci. Kmen marihuany Apollo 11 m\u00e1 uklid\u0148uj\u00edc\u00ed \u00fa\u010dinek a siln\u00fd pocit fyzick\u00e9 relaxace. Poupata jsou prot\u00e1hl\u00e1, sv\u011btle zelen\u00e1 a extr\u00e9mn\u011b prysky\u0159i\u010dn\u00e1.<\/p>\n<p>JAK POU\u017d\u00cdVAT KMEN MARIHUANA APOLLO 11?<\/p>\n<p>Apollo 11 je vhodn\u00e9 ke kou\u0159en\u00ed v jointu, bongu, d\u00fdmce nebo misce. <\/p>\n<p>Kanabinoidy se vst\u0159eb\u00e1vaj\u00ed do krevn\u00edho \u0159e\u010di\u0161t\u011b, kdy\u017e kou\u0159 vstupuje do plic. Toto odpoledn\u00ed pot\u011b\u0161en\u00ed je energizuj\u00edc\u00ed a kreativn\u00ed a m\u016f\u017ee v\u00e1m pomoci vyladit du\u0161evn\u00ed tlach\u00e1n\u00ed a soust\u0159edit se na to, co je p\u0159\u00edmo p\u0159ed v\u00e1mi.<\/p>\n<p>JAK\u00c9 JSOU NE\u017d\u00c1DOUC\u00cd \u00da\u010cINKY KMENU MARIHUANA APOLLO 11?<\/p>\n<p>Po kou\u0159en\u00ed Apolla 11 se m\u016f\u017eete setkat s n\u00e1sleduj\u00edc\u00edmi obt\u00ed\u017eemi:<br \/> \u2022 Z\u00e1vrat\u011b \u2022 Bezv\u011bdom\u00ed \u2022 Sucho v \u00fastech \u2022 Such\u00e9 o\u010di \u2022 Ztr\u00e1ta chuti k j\u00eddlu<\/p>\n<p>JAK\u00c9 JSOU INTERAKCE KMENU MARIHUANA APOLLO 11?<\/p>\n<p>Interakce s nemoc\u00ed:<br \/> \u2022 Kardiovaskul\u00e1rn\u00ed probl\u00e9my<br \/> \u2022 Sexu\u00e1ln\u00ed pot\u00ed\u017ee<\/p>\n<p>Interakce s j\u00eddlem a drogami zahrnuj\u00ed n\u00e1sleduj\u00edc\u00ed: \u2022 Alkohol \u2022 Steroidy<\/p>\n<p>CO JE NEJLEP\u0160\u00cd M\u00cdSTO PRO KOUPEN\u00cd KMEN MARIHUANA APOLLO 11?<\/p>\n<p>Dodavatel OTC konop\u00ed je nejlep\u0161\u00ed online l\u00e9k\u00e1rna, kter\u00e1 prod\u00e1v\u00e1 pouze origin\u00e1ln\u00ed, vysoce kvalitn\u00ed produkty. Apollo 11 Cannabis m\u016f\u017eete zakoupit online. Kupte si kmen Apollo 11 za nejlep\u0161\u00ed dostupn\u00e9 ceny zde.<\/p>\n<\/p><\/div><\/div>\n","protected":false},"excerpt":{"rendered":"<div class=\"woocommerce-product-details__short-description\">\n<p>Kupte si kmen marihuany Apollo 11. Tato psychoaktivn\u00ed kv\u011btina m\u00e1 vysok\u00fd obsah THC a nalad\u00ed v\u00e1s na l\u00e1sku.<\/p>\n<p>Kupte si 1\/2 unce Apollo 11 Marihuana Strain. Apollo 11 je sativa dominantn\u00ed kmen, kter\u00fd se vyzna\u010duje dlouh\u00fdmi, jasn\u011b zelen\u00fdmi pupeny, kter\u00e9 jsou pokryty dlouh\u00fdmi sv\u011btl\u00fdmi chloupky. Poupata jsou extr\u00e9mn\u011b prysky\u0159i\u010dn\u00e1, co\u017e m\u00e1 za n\u00e1sledek lepkav\u00fd pocit v ruce. Konop\u00ed na prodej, kde z\u00edskat marihuanu z mise Apollo 11.<\/p>\n<\/p><\/div>\n","protected":false},"featured_media":4911,"comment_status":"open","ping_status":"closed","template":"","meta":[],"product_brand":[],"product_cat":[778],"product_tag":[],"class_list":{"0":"post-4896","1":"product","2":"type-product","3":"status-publish","4":"has-post-thumbnail","6":"product_cat-trava-na-prodej","8":"first","9":"instock","10":"shipping-taxable","11":"purchasable","12":"product-type-variable","13":"has-default-attributes"},"yoast_head":"<!-- This site is optimized with the Yoast SEO plugin v27.3 - https:\/\/yoast.com\/product\/yoast-seo-wordpress\/ -->\n<title>Kupte si Apollo 11 Marihuana \u2013 nejlep\u0161\u00ed nejlep\u0161\u00ed glob\u00e1ln\u00ed l\u00e9ky<\/title>\n<meta name=\"description\" content=\"Prod\u00e1m kmen marihuany Apollo 11 na prodej. Tato psychoaktivn\u00ed kv\u011btina s vysok\u00fdm obsahem THC v\u00e1s nalad\u00ed na l\u00e1sku\" \/>\n<meta name=\"robots\" content=\"index, follow, max-snippet:-1, max-image-preview:large, max-video-preview:-1\" \/>\n<link rel=\"canonical\" href=\"https:\/\/medicinasinc.com\/cs\/product\/buy-apollo-11-marihuana\/\" \/>\n<meta property=\"og:locale\" content=\"en_US\" \/>\n<meta property=\"og:type\" content=\"article\" \/>\n<meta property=\"og:title\" content=\"Kupte si Apollo 11 Marihuana \u2013 nejlep\u0161\u00ed nejlep\u0161\u00ed glob\u00e1ln\u00ed l\u00e9ky\" \/>\n<meta property=\"og:description\" content=\"Prod\u00e1m kmen marihuany Apollo 11 na prodej. Tato psychoaktivn\u00ed kv\u011btina s vysok\u00fdm obsahem THC v\u00e1s nalad\u00ed na l\u00e1sku\" \/>\n<meta property=\"og:url\" content=\"https:\/\/medicinasinc.com\/cs\/product\/buy-apollo-11-marihuana\/\" \/>\n<meta property=\"og:site_name\" content=\"Medicinas Inc\" \/>\n<meta property=\"article:modified_time\" content=\"2022-03-14T12:38:45+00:00\" \/>\n<meta property=\"og:image\" content=\"https:\/\/medicinasinc.com\/cs\/wp-content\/uploads\/sites\/2\/2022\/02\/Buy-Apollo-11-Marijuana-1.jpg\" \/>\n\t<meta property=\"og:image:width\" content=\"243\" \/>\n\t<meta property=\"og:image:height\" content=\"207\" \/>\n\t<meta property=\"og:image:type\" content=\"image\/jpeg\" \/>\n<meta name=\"twitter:card\" content=\"summary_large_image\" \/>\n<meta name=\"twitter:label1\" content=\"Est. reading time\" \/>\n\t<meta name=\"twitter:data1\" content=\"1 minute\" \/>\n<script type=\"application\/ld+json\" class=\"yoast-schema-graph\">{\"@context\":\"https:\\\/\\\/schema.org\",\"@graph\":[{\"@type\":\"WebPage\",\"@id\":\"https:\\\/\\\/medicinasinc.com\\\/cs\\\/product\\\/buy-apollo-11-marihuana\\\/\",\"url\":\"https:\\\/\\\/medicinasinc.com\\\/cs\\\/product\\\/buy-apollo-11-marihuana\\\/\",\"name\":\"Kupte si Apollo 11 Marihuana \u2013 nejlep\u0161\u00ed nejlep\u0161\u00ed glob\u00e1ln\u00ed l\u00e9ky\",\"isPartOf\":{\"@id\":\"https:\\\/\\\/medicinasinc.com\\\/cs\\\/#website\"},\"primaryImageOfPage\":{\"@id\":\"https:\\\/\\\/medicinasinc.com\\\/cs\\\/product\\\/buy-apollo-11-marihuana\\\/#primaryimage\"},\"image\":{\"@id\":\"https:\\\/\\\/medicinasinc.com\\\/cs\\\/product\\\/buy-apollo-11-marihuana\\\/#primaryimage\"},\"thumbnailUrl\":\"https:\\\/\\\/medicinasinc.com\\\/cs\\\/wp-content\\\/uploads\\\/sites\\\/2\\\/2022\\\/02\\\/Buy-Apollo-11-Marijuana-1.jpg\",\"datePublished\":\"2022-02-20T17:28:28+00:00\",\"dateModified\":\"2022-03-14T12:38:45+00:00\",\"description\":\"Prod\u00e1m kmen marihuany Apollo 11 na prodej. Tato psychoaktivn\u00ed kv\u011btina s vysok\u00fdm obsahem THC v\u00e1s nalad\u00ed na l\u00e1sku\",\"breadcrumb\":{\"@id\":\"https:\\\/\\\/medicinasinc.com\\\/cs\\\/product\\\/buy-apollo-11-marihuana\\\/#breadcrumb\"},\"inLanguage\":\"en-US\",\"potentialAction\":[{\"@type\":\"ReadAction\",\"target\":[\"https:\\\/\\\/medicinasinc.com\\\/cs\\\/product\\\/buy-apollo-11-marihuana\\\/\"]}]},{\"@type\":\"ImageObject\",\"inLanguage\":\"en-US\",\"@id\":\"https:\\\/\\\/medicinasinc.com\\\/cs\\\/product\\\/buy-apollo-11-marihuana\\\/#primaryimage\",\"url\":\"https:\\\/\\\/medicinasinc.com\\\/cs\\\/wp-content\\\/uploads\\\/sites\\\/2\\\/2022\\\/02\\\/Buy-Apollo-11-Marijuana-1.jpg\",\"contentUrl\":\"https:\\\/\\\/medicinasinc.com\\\/cs\\\/wp-content\\\/uploads\\\/sites\\\/2\\\/2022\\\/02\\\/Buy-Apollo-11-Marijuana-1.jpg\",\"width\":243,\"height\":207},{\"@type\":\"BreadcrumbList\",\"@id\":\"https:\\\/\\\/medicinasinc.com\\\/cs\\\/product\\\/buy-apollo-11-marihuana\\\/#breadcrumb\",\"itemListElement\":[{\"@type\":\"ListItem\",\"position\":1,\"name\":\"Obchod\",\"item\":\"https:\\\/\\\/medicinasinc.com\\\/cs\\\/obchod\\\/\"},{\"@type\":\"ListItem\",\"position\":2,\"name\":\"Kupte si marihuanu Apollo 11\"}]},{\"@type\":\"WebSite\",\"@id\":\"https:\\\/\\\/medicinasinc.com\\\/cs\\\/#website\",\"url\":\"https:\\\/\\\/medicinasinc.com\\\/cs\\\/\",\"name\":\"Medicinas Inc\",\"description\":\"Health Medical Clinic\",\"potentialAction\":[{\"@type\":\"SearchAction\",\"target\":{\"@type\":\"EntryPoint\",\"urlTemplate\":\"https:\\\/\\\/medicinasinc.com\\\/cs\\\/?s={search_term_string}\"},\"query-input\":{\"@type\":\"PropertyValueSpecification\",\"valueRequired\":true,\"valueName\":\"search_term_string\"}}],\"inLanguage\":\"en-US\"}]}<\/script>\n<!-- \/ Yoast SEO plugin. -->","yoast_head_json":{"title":"Kupte si Apollo 11 Marihuana \u2013 nejlep\u0161\u00ed nejlep\u0161\u00ed glob\u00e1ln\u00ed l\u00e9ky","description":"Prod\u00e1m kmen marihuany Apollo 11 na prodej. Tato psychoaktivn\u00ed kv\u011btina s vysok\u00fdm obsahem THC v\u00e1s nalad\u00ed na l\u00e1sku","robots":{"index":"index","follow":"follow","max-snippet":"max-snippet:-1","max-image-preview":"max-image-preview:large","max-video-preview":"max-video-preview:-1"},"canonical":"https:\/\/medicinasinc.com\/cs\/product\/buy-apollo-11-marihuana\/","og_locale":"en_US","og_type":"article","og_title":"Kupte si Apollo 11 Marihuana \u2013 nejlep\u0161\u00ed nejlep\u0161\u00ed glob\u00e1ln\u00ed l\u00e9ky","og_description":"Prod\u00e1m kmen marihuany Apollo 11 na prodej. Tato psychoaktivn\u00ed kv\u011btina s vysok\u00fdm obsahem THC v\u00e1s nalad\u00ed na l\u00e1sku","og_url":"https:\/\/medicinasinc.com\/cs\/product\/buy-apollo-11-marihuana\/","og_site_name":"Medicinas Inc","article_modified_time":"2022-03-14T12:38:45+00:00","og_image":[{"width":243,"height":207,"url":"https:\/\/medicinasinc.com\/cs\/wp-content\/uploads\/sites\/2\/2022\/02\/Buy-Apollo-11-Marijuana-1.jpg","type":"image\/jpeg"}],"twitter_card":"summary_large_image","twitter_misc":{"Est. reading time":"1 minute"},"schema":{"@context":"https:\/\/schema.org","@graph":[{"@type":"WebPage","@id":"https:\/\/medicinasinc.com\/cs\/product\/buy-apollo-11-marihuana\/","url":"https:\/\/medicinasinc.com\/cs\/product\/buy-apollo-11-marihuana\/","name":"Kupte si Apollo 11 Marihuana \u2013 nejlep\u0161\u00ed nejlep\u0161\u00ed glob\u00e1ln\u00ed l\u00e9ky","isPartOf":{"@id":"https:\/\/medicinasinc.com\/cs\/#website"},"primaryImageOfPage":{"@id":"https:\/\/medicinasinc.com\/cs\/product\/buy-apollo-11-marihuana\/#primaryimage"},"image":{"@id":"https:\/\/medicinasinc.com\/cs\/product\/buy-apollo-11-marihuana\/#primaryimage"},"thumbnailUrl":"https:\/\/medicinasinc.com\/cs\/wp-content\/uploads\/sites\/2\/2022\/02\/Buy-Apollo-11-Marijuana-1.jpg","datePublished":"2022-02-20T17:28:28+00:00","dateModified":"2022-03-14T12:38:45+00:00","description":"Prod\u00e1m kmen marihuany Apollo 11 na prodej. Tato psychoaktivn\u00ed kv\u011btina s vysok\u00fdm obsahem THC v\u00e1s nalad\u00ed na l\u00e1sku","breadcrumb":{"@id":"https:\/\/medicinasinc.com\/cs\/product\/buy-apollo-11-marihuana\/#breadcrumb"},"inLanguage":"en-US","potentialAction":[{"@type":"ReadAction","target":["https:\/\/medicinasinc.com\/cs\/product\/buy-apollo-11-marihuana\/"]}]},{"@type":"ImageObject","inLanguage":"en-US","@id":"https:\/\/medicinasinc.com\/cs\/product\/buy-apollo-11-marihuana\/#primaryimage","url":"https:\/\/medicinasinc.com\/cs\/wp-content\/uploads\/sites\/2\/2022\/02\/Buy-Apollo-11-Marijuana-1.jpg","contentUrl":"https:\/\/medicinasinc.com\/cs\/wp-content\/uploads\/sites\/2\/2022\/02\/Buy-Apollo-11-Marijuana-1.jpg","width":243,"height":207},{"@type":"BreadcrumbList","@id":"https:\/\/medicinasinc.com\/cs\/product\/buy-apollo-11-marihuana\/#breadcrumb","itemListElement":[{"@type":"ListItem","position":1,"name":"Obchod","item":"https:\/\/medicinasinc.com\/cs\/obchod\/"},{"@type":"ListItem","position":2,"name":"Kupte si marihuanu Apollo 11"}]},{"@type":"WebSite","@id":"https:\/\/medicinasinc.com\/cs\/#website","url":"https:\/\/medicinasinc.com\/cs\/","name":"Medicinas Inc","description":"Health Medical Clinic","potentialAction":[{"@type":"SearchAction","target":{"@type":"EntryPoint","urlTemplate":"https:\/\/medicinasinc.com\/cs\/?s={search_term_string}"},"query-input":{"@type":"PropertyValueSpecification","valueRequired":true,"valueName":"search_term_string"}}],"inLanguage":"en-US"}]}},"_links":{"self":[{"href":"https:\/\/medicinasinc.com\/cs\/wp-json\/wp\/v2\/product\/4896","targetHints":{"allow":["GET"]}}],"collection":[{"href":"https:\/\/medicinasinc.com\/cs\/wp-json\/wp\/v2\/product"}],"about":[{"href":"https:\/\/medicinasinc.com\/cs\/wp-json\/wp\/v2\/types\/product"}],"replies":[{"embeddable":true,"href":"https:\/\/medicinasinc.com\/cs\/wp-json\/wp\/v2\/comments?post=4896"}],"wp:featuredmedia":[{"embeddable":true,"href":"https:\/\/medicinasinc.com\/cs\/wp-json\/wp\/v2\/media\/4911"}],"wp:attachment":[{"href":"https:\/\/medicinasinc.com\/cs\/wp-json\/wp\/v2\/media?parent=4896"}],"wp:term":[{"taxonomy":"product_brand","embeddable":true,"href":"https:\/\/medicinasinc.com\/cs\/wp-json\/wp\/v2\/product_brand?post=4896"},{"taxonomy":"product_cat","embeddable":true,"href":"https:\/\/medicinasinc.com\/cs\/wp-json\/wp\/v2\/product_cat?post=4896"},{"taxonomy":"product_tag","embeddable":true,"href":"https:\/\/medicinasinc.com\/cs\/wp-json\/wp\/v2\/product_tag?post=4896"}],"curies":[{"name":"wp","href":"https:\/\/api.w.org\/{rel}","templated":true}]}}