{"id":4895,"date":"2022-02-20T17:27:17","date_gmt":"2022-02-20T17:27:17","guid":{"rendered":"https:\/\/medicinasinc.com\/cs\/?post_type=product&#038;p=4895"},"modified":"2022-08-03T11:25:10","modified_gmt":"2022-08-03T11:25:10","slug":"buy-ak-47-marijuana","status":"publish","type":"product","link":"https:\/\/medicinasinc.com\/cs\/product\/buy-ak-47-marijuana\/","title":{"rendered":"Kupte si AK-47 Marihuana"},"content":{"rendered":"<p><strong>Kupte si kmen AK-47 Marihuana Sativa online.<\/strong><\/p>\n<p><strong>Online n\u00e1kup kmene AK-47 Marihuana Sativa.<\/strong><\/p>\n<p>AK-47 Marihuana je hybrid s dominantn\u00edm sativem \u2013 65 % sativa a 35 % indica. Indica<br \/>\nObsah THC se pohybuje mezi 13 % a 20 %, obsah CBD je 1 % a obsah CBN je 1 %.<\/p>\n<p>Kreativn\u00ed, energizuj\u00edc\u00ed, euforick\u00e9 a \u0161\u0165astn\u00e9 chut\u011b mohou zm\u00edrnit bipol\u00e1rn\u00ed poruchu, chronickou Bolest, deprese, bolesti hlavy, nespavost, ztr\u00e1ta chuti k j\u00eddlu, migr\u00e9ny, PTSD a stres<br \/>\nV\u016fn\u011b skunku, sladkosti a d\u0159eva<br \/>\nPronikav\u00e1, \u0161tiplav\u00e1, kysel\u00e1 a ko\u0159en\u011bn\u00e1<\/p>\n","protected":false},"excerpt":{"rendered":"<p>Kupte AK-47 Marihuana Sativa Strain na prodej online ve Spojen\u00e9m kr\u00e1lovstv\u00ed a Evrop\u011b. NAKUPUJTE PR\u00c1VINU ONLINE AUSTR\u00c1LIE<\/p>\n<p>&nbsp;<\/p>\n","protected":false},"featured_media":4909,"comment_status":"open","ping_status":"closed","template":"","meta":[],"product_brand":[],"product_cat":[778],"product_tag":[780,783,784,782,779,785,781,786],"class_list":{"0":"post-4895","1":"product","2":"type-product","3":"status-publish","4":"has-post-thumbnail","6":"product_cat-trava-na-prodej","7":"product_tag-ak-47-seeds-feminized-uk","8":"product_tag-ak-47-strain-price","9":"product_tag-ak-47-strain-smell","10":"product_tag-ak-47-napt-pro-zkost","11":"product_tag-ak-47-runtz-kmen","12":"product_tag-cherry-ak-47-semena","13":"product_tag-pokud-47-inky-kmeny","14":"product_tag-vn-semena-ak-47-recenze","16":"first","17":"instock","18":"shipping-taxable","19":"purchasable","20":"product-type-variable","21":"has-default-attributes"},"yoast_head":"<!-- This site is optimized with the Yoast SEO plugin v27.3 - https:\/\/yoast.com\/product\/yoast-seo-wordpress\/ -->\n<title>Kupte si AK-47 Marihuana - Nejlep\u0161\u00ed glob\u00e1ln\u00ed l\u00e9ky<\/title>\n<meta name=\"description\" content=\"Koupit kmen AK-47 Marihuana Sativa na prodej online ve Velk\u00e9 Brit\u00e1nii, Evrop\u011b. KOUPIT WEED ONLINE AUSTR\u00c1LIE koupit marihuanu online Austr\u00e1lie , Austr\u00e1lie tr\u00e1vu na prodej.\" \/>\n<meta name=\"robots\" content=\"index, follow, max-snippet:-1, max-image-preview:large, max-video-preview:-1\" \/>\n<link rel=\"canonical\" href=\"https:\/\/medicinasinc.com\/cs\/product\/buy-ak-47-marijuana\/\" \/>\n<meta property=\"og:locale\" content=\"en_US\" \/>\n<meta property=\"og:type\" content=\"article\" \/>\n<meta property=\"og:title\" content=\"Kupte si AK-47 Marihuana - Nejlep\u0161\u00ed glob\u00e1ln\u00ed l\u00e9ky\" \/>\n<meta property=\"og:description\" content=\"Koupit kmen AK-47 Marihuana Sativa na prodej online ve Velk\u00e9 Brit\u00e1nii, Evrop\u011b. KOUPIT WEED ONLINE AUSTR\u00c1LIE koupit marihuanu online Austr\u00e1lie , Austr\u00e1lie tr\u00e1vu na prodej.\" \/>\n<meta property=\"og:url\" content=\"https:\/\/medicinasinc.com\/cs\/product\/buy-ak-47-marijuana\/\" \/>\n<meta property=\"og:site_name\" content=\"Medicinas Inc\" \/>\n<meta property=\"article:modified_time\" content=\"2022-08-03T11:25:10+00:00\" \/>\n<meta property=\"og:image\" content=\"https:\/\/medicinasinc.com\/cs\/wp-content\/uploads\/sites\/2\/2022\/02\/Buy-AK-47-Marijuana.jpeg\" \/>\n\t<meta property=\"og:image:width\" content=\"1242\" \/>\n\t<meta property=\"og:image:height\" content=\"1051\" \/>\n\t<meta property=\"og:image:type\" content=\"image\/jpeg\" \/>\n<meta name=\"twitter:card\" content=\"summary_large_image\" \/>\n<meta name=\"twitter:label1\" content=\"Est. reading time\" \/>\n\t<meta name=\"twitter:data1\" content=\"1 minute\" \/>\n<script type=\"application\/ld+json\" class=\"yoast-schema-graph\">{\"@context\":\"https:\\\/\\\/schema.org\",\"@graph\":[{\"@type\":\"WebPage\",\"@id\":\"https:\\\/\\\/medicinasinc.com\\\/cs\\\/product\\\/buy-ak-47-marijuana\\\/\",\"url\":\"https:\\\/\\\/medicinasinc.com\\\/cs\\\/product\\\/buy-ak-47-marijuana\\\/\",\"name\":\"Kupte si AK-47 Marihuana - Nejlep\u0161\u00ed glob\u00e1ln\u00ed l\u00e9ky\",\"isPartOf\":{\"@id\":\"https:\\\/\\\/medicinasinc.com\\\/cs\\\/#website\"},\"primaryImageOfPage\":{\"@id\":\"https:\\\/\\\/medicinasinc.com\\\/cs\\\/product\\\/buy-ak-47-marijuana\\\/#primaryimage\"},\"image\":{\"@id\":\"https:\\\/\\\/medicinasinc.com\\\/cs\\\/product\\\/buy-ak-47-marijuana\\\/#primaryimage\"},\"thumbnailUrl\":\"https:\\\/\\\/medicinasinc.com\\\/cs\\\/wp-content\\\/uploads\\\/sites\\\/2\\\/2022\\\/02\\\/Buy-AK-47-Marijuana.jpeg\",\"datePublished\":\"2022-02-20T17:27:17+00:00\",\"dateModified\":\"2022-08-03T11:25:10+00:00\",\"description\":\"Koupit kmen AK-47 Marihuana Sativa na prodej online ve Velk\u00e9 Brit\u00e1nii, Evrop\u011b. KOUPIT WEED ONLINE AUSTR\u00c1LIE koupit marihuanu online Austr\u00e1lie , Austr\u00e1lie tr\u00e1vu na prodej.\",\"breadcrumb\":{\"@id\":\"https:\\\/\\\/medicinasinc.com\\\/cs\\\/product\\\/buy-ak-47-marijuana\\\/#breadcrumb\"},\"inLanguage\":\"en-US\",\"potentialAction\":[{\"@type\":\"ReadAction\",\"target\":[\"https:\\\/\\\/medicinasinc.com\\\/cs\\\/product\\\/buy-ak-47-marijuana\\\/\"]}]},{\"@type\":\"ImageObject\",\"inLanguage\":\"en-US\",\"@id\":\"https:\\\/\\\/medicinasinc.com\\\/cs\\\/product\\\/buy-ak-47-marijuana\\\/#primaryimage\",\"url\":\"https:\\\/\\\/medicinasinc.com\\\/cs\\\/wp-content\\\/uploads\\\/sites\\\/2\\\/2022\\\/02\\\/Buy-AK-47-Marijuana.jpeg\",\"contentUrl\":\"https:\\\/\\\/medicinasinc.com\\\/cs\\\/wp-content\\\/uploads\\\/sites\\\/2\\\/2022\\\/02\\\/Buy-AK-47-Marijuana.jpeg\",\"width\":1242,\"height\":1051},{\"@type\":\"BreadcrumbList\",\"@id\":\"https:\\\/\\\/medicinasinc.com\\\/cs\\\/product\\\/buy-ak-47-marijuana\\\/#breadcrumb\",\"itemListElement\":[{\"@type\":\"ListItem\",\"position\":1,\"name\":\"Obchod\",\"item\":\"https:\\\/\\\/medicinasinc.com\\\/cs\\\/obchod\\\/\"},{\"@type\":\"ListItem\",\"position\":2,\"name\":\"Kupte si AK-47 Marihuana\"}]},{\"@type\":\"WebSite\",\"@id\":\"https:\\\/\\\/medicinasinc.com\\\/cs\\\/#website\",\"url\":\"https:\\\/\\\/medicinasinc.com\\\/cs\\\/\",\"name\":\"Medicinas Inc\",\"description\":\"Health Medical Clinic\",\"potentialAction\":[{\"@type\":\"SearchAction\",\"target\":{\"@type\":\"EntryPoint\",\"urlTemplate\":\"https:\\\/\\\/medicinasinc.com\\\/cs\\\/?s={search_term_string}\"},\"query-input\":{\"@type\":\"PropertyValueSpecification\",\"valueRequired\":true,\"valueName\":\"search_term_string\"}}],\"inLanguage\":\"en-US\"}]}<\/script>\n<!-- \/ Yoast SEO plugin. -->","yoast_head_json":{"title":"Kupte si AK-47 Marihuana - Nejlep\u0161\u00ed glob\u00e1ln\u00ed l\u00e9ky","description":"Koupit kmen AK-47 Marihuana Sativa na prodej online ve Velk\u00e9 Brit\u00e1nii, Evrop\u011b. KOUPIT WEED ONLINE AUSTR\u00c1LIE koupit marihuanu online Austr\u00e1lie , Austr\u00e1lie tr\u00e1vu na prodej.","robots":{"index":"index","follow":"follow","max-snippet":"max-snippet:-1","max-image-preview":"max-image-preview:large","max-video-preview":"max-video-preview:-1"},"canonical":"https:\/\/medicinasinc.com\/cs\/product\/buy-ak-47-marijuana\/","og_locale":"en_US","og_type":"article","og_title":"Kupte si AK-47 Marihuana - Nejlep\u0161\u00ed glob\u00e1ln\u00ed l\u00e9ky","og_description":"Koupit kmen AK-47 Marihuana Sativa na prodej online ve Velk\u00e9 Brit\u00e1nii, Evrop\u011b. KOUPIT WEED ONLINE AUSTR\u00c1LIE koupit marihuanu online Austr\u00e1lie , Austr\u00e1lie tr\u00e1vu na prodej.","og_url":"https:\/\/medicinasinc.com\/cs\/product\/buy-ak-47-marijuana\/","og_site_name":"Medicinas Inc","article_modified_time":"2022-08-03T11:25:10+00:00","og_image":[{"width":1242,"height":1051,"url":"https:\/\/medicinasinc.com\/cs\/wp-content\/uploads\/sites\/2\/2022\/02\/Buy-AK-47-Marijuana.jpeg","type":"image\/jpeg"}],"twitter_card":"summary_large_image","twitter_misc":{"Est. reading time":"1 minute"},"schema":{"@context":"https:\/\/schema.org","@graph":[{"@type":"WebPage","@id":"https:\/\/medicinasinc.com\/cs\/product\/buy-ak-47-marijuana\/","url":"https:\/\/medicinasinc.com\/cs\/product\/buy-ak-47-marijuana\/","name":"Kupte si AK-47 Marihuana - Nejlep\u0161\u00ed glob\u00e1ln\u00ed l\u00e9ky","isPartOf":{"@id":"https:\/\/medicinasinc.com\/cs\/#website"},"primaryImageOfPage":{"@id":"https:\/\/medicinasinc.com\/cs\/product\/buy-ak-47-marijuana\/#primaryimage"},"image":{"@id":"https:\/\/medicinasinc.com\/cs\/product\/buy-ak-47-marijuana\/#primaryimage"},"thumbnailUrl":"https:\/\/medicinasinc.com\/cs\/wp-content\/uploads\/sites\/2\/2022\/02\/Buy-AK-47-Marijuana.jpeg","datePublished":"2022-02-20T17:27:17+00:00","dateModified":"2022-08-03T11:25:10+00:00","description":"Koupit kmen AK-47 Marihuana Sativa na prodej online ve Velk\u00e9 Brit\u00e1nii, Evrop\u011b. KOUPIT WEED ONLINE AUSTR\u00c1LIE koupit marihuanu online Austr\u00e1lie , Austr\u00e1lie tr\u00e1vu na prodej.","breadcrumb":{"@id":"https:\/\/medicinasinc.com\/cs\/product\/buy-ak-47-marijuana\/#breadcrumb"},"inLanguage":"en-US","potentialAction":[{"@type":"ReadAction","target":["https:\/\/medicinasinc.com\/cs\/product\/buy-ak-47-marijuana\/"]}]},{"@type":"ImageObject","inLanguage":"en-US","@id":"https:\/\/medicinasinc.com\/cs\/product\/buy-ak-47-marijuana\/#primaryimage","url":"https:\/\/medicinasinc.com\/cs\/wp-content\/uploads\/sites\/2\/2022\/02\/Buy-AK-47-Marijuana.jpeg","contentUrl":"https:\/\/medicinasinc.com\/cs\/wp-content\/uploads\/sites\/2\/2022\/02\/Buy-AK-47-Marijuana.jpeg","width":1242,"height":1051},{"@type":"BreadcrumbList","@id":"https:\/\/medicinasinc.com\/cs\/product\/buy-ak-47-marijuana\/#breadcrumb","itemListElement":[{"@type":"ListItem","position":1,"name":"Obchod","item":"https:\/\/medicinasinc.com\/cs\/obchod\/"},{"@type":"ListItem","position":2,"name":"Kupte si AK-47 Marihuana"}]},{"@type":"WebSite","@id":"https:\/\/medicinasinc.com\/cs\/#website","url":"https:\/\/medicinasinc.com\/cs\/","name":"Medicinas Inc","description":"Health Medical Clinic","potentialAction":[{"@type":"SearchAction","target":{"@type":"EntryPoint","urlTemplate":"https:\/\/medicinasinc.com\/cs\/?s={search_term_string}"},"query-input":{"@type":"PropertyValueSpecification","valueRequired":true,"valueName":"search_term_string"}}],"inLanguage":"en-US"}]}},"_links":{"self":[{"href":"https:\/\/medicinasinc.com\/cs\/wp-json\/wp\/v2\/product\/4895","targetHints":{"allow":["GET"]}}],"collection":[{"href":"https:\/\/medicinasinc.com\/cs\/wp-json\/wp\/v2\/product"}],"about":[{"href":"https:\/\/medicinasinc.com\/cs\/wp-json\/wp\/v2\/types\/product"}],"replies":[{"embeddable":true,"href":"https:\/\/medicinasinc.com\/cs\/wp-json\/wp\/v2\/comments?post=4895"}],"wp:featuredmedia":[{"embeddable":true,"href":"https:\/\/medicinasinc.com\/cs\/wp-json\/wp\/v2\/media\/4909"}],"wp:attachment":[{"href":"https:\/\/medicinasinc.com\/cs\/wp-json\/wp\/v2\/media?parent=4895"}],"wp:term":[{"taxonomy":"product_brand","embeddable":true,"href":"https:\/\/medicinasinc.com\/cs\/wp-json\/wp\/v2\/product_brand?post=4895"},{"taxonomy":"product_cat","embeddable":true,"href":"https:\/\/medicinasinc.com\/cs\/wp-json\/wp\/v2\/product_cat?post=4895"},{"taxonomy":"product_tag","embeddable":true,"href":"https:\/\/medicinasinc.com\/cs\/wp-json\/wp\/v2\/product_tag?post=4895"}],"curies":[{"name":"wp","href":"https:\/\/api.w.org\/{rel}","templated":true}]}}