{"id":4884,"date":"2022-02-20T17:19:27","date_gmt":"2022-02-20T17:19:27","guid":{"rendered":"https:\/\/medicinasinc.com\/cs\/?post_type=product&#038;p=4884"},"modified":"2022-08-03T12:05:54","modified_gmt":"2022-08-03T12:05:54","slug":"koupit-bila-vdova-rozbit","status":"publish","type":"product","link":"https:\/\/medicinasinc.com\/cs\/product\/koupit-bila-vdova-rozbit\/","title":{"rendered":"Koupit White Widow Shatter"},"content":{"rendered":"<p>NAKUPUJTE ONLINE V NEJLEP\u0160\u00cdM ONLINE OBCHODU WHITE WIDOW SHATTER<\/p>\n<p>Pokud si chcete koupit White Widow Shatter online, kontaktujte MJ Online Bud Store. Nab\u00edz\u00edme nejlep\u0161\u00ed ceny na White Widow Shatter. Jako nejlep\u0161\u00ed obchod na online trhu ve Spojen\u00fdch st\u00e1tech americk\u00fdch, Spojen\u00e9m kr\u00e1lovstv\u00ed, Kanad\u011b, N\u011bmecku a Austr\u00e1lii nep\u0159ehl\u00ed\u017e\u00edme \u017e\u00e1dn\u00fd aspekt pln\u011bn\u00ed po\u017eadavk\u016f specifikovan\u00fdch z\u00e1kazn\u00edky p\u0159i online objedn\u00e1vce White Widow Shatter.<\/p>\n<p>Pro\u010d by jednotlivci m\u011bli pou\u017e\u00edvat White Widow Shatter?<\/p>\n<p>White Widow Shatter je legend\u00e1rn\u00ed hybridn\u00ed kmen, kter\u00fd je celosv\u011btov\u011b zbo\u017e\u0148ov\u00e1n. Tento kmen se vyr\u00e1b\u00ed v\u00fdhradn\u011b k\u0159\u00ed\u017een\u00edm brazilsk\u00e9 sativy landrace s jihoindickou indikou. Jeho barva je tmav\u011b jantarov\u00e1. Tento koncentr\u00e1t m\u00e1 extr\u00e9mn\u011b k\u0159ehkou texturu, d\u00edky \u010demu\u017e se velmi snadno pou\u017e\u00edv\u00e1. P\u0159i kou\u0159en\u00ed tento kmen poskytuje tradi\u010dn\u00ed z\u00e1\u017eitek z konop\u00ed. Obsahuje mezi 75% a 80% THC. Krom\u011b toho je dob\u0159e zn\u00e1m\u00fd t\u00edm, \u017ee je skv\u011bl\u00fdm rann\u00edm nebo denn\u00edm dabem. Chu\u0165 tohoto kmene je typicky zemit\u00e1, d\u0159evit\u00e1 a kv\u011btinov\u00e1.<\/p>\n<p>Je to dob\u0159e zn\u00e1m\u00fd kmen pro sv\u00e9 euforick\u00e9 a mozkov\u00e9 \u00fa\u010dinky.<br \/>\nPoskytuje okam\u017eit\u00fd a euforick\u00fd mozkov\u00fd n\u00e1val.<br \/>\nNavozuje silnou euforii, kter\u00e1 m\u00e1 za n\u00e1sledek zv\u00fd\u0161enou kreativitu.<br \/>\nZm\u00edr\u0148uje bolest a podporuje maxim\u00e1ln\u00ed klid.<br \/>\nJe to ide\u00e1ln\u00ed kmen pro m\u00edrnou a\u017e st\u0159edn\u00ed bolest, stres, depresi a \u00fanavu.<br \/>\nPodporuje aktivity, jako je m\u00edrn\u00e1 pr\u00e1ce nebo fyzick\u00e1 aktivita, soci\u00e1ln\u00ed interakce, rekreace a kreativn\u00ed aktivity.<br \/>\nVe kter\u00e9m internetov\u00e9m obchod\u011b je nejlep\u0161\u00ed koupit White Widow Shatter?<\/p>\n<p>White Widow Shatter lze zakoupit u nikdo jin\u00fd ne\u017e MJ Online Bud Store. Va\u0161i online objedn\u00e1vku White Widow Shatter obdr\u017e\u00edte b\u011bhem kr\u00e1tk\u00e9 doby. Objednejte si White Widow Shatter online je\u0161t\u011b dnes a spojte se s nejlep\u0161\u00edmi prodejci a dodavateli v na\u0161\u00ed online v\u00fddejn\u011b.<\/p>\n","protected":false},"excerpt":{"rendered":"<p>Pokud si chcete koupit White Widow Shatter na prodej online, kontaktujte online obchod medicinasinc.com. M\u00e1me White Widow Shatter na prodej za nejlep\u0161\u00ed ceny.<\/p>\n<p>&nbsp;<\/p>\n<ul>\n<li>Celosv\u011btov\u00e1 doprava<\/li>\n<li><strong>Stupe\u0148: AAAAA<\/strong><\/li>\n<li><strong>Kontaktujte n\u00e1s<\/strong>\u00a0pro v\u011bt\u0161\u00ed objedn\u00e1vky<\/li>\n<\/ul>\n","protected":false},"featured_media":4899,"comment_status":"open","ping_status":"closed","template":"","meta":[],"product_brand":[],"product_cat":[777],"product_tag":[],"class_list":{"0":"post-4884","1":"product","2":"type-product","3":"status-publish","4":"has-post-thumbnail","6":"product_cat-koupit-shatter","8":"first","9":"instock","10":"shipping-taxable","11":"purchasable","12":"product-type-variable","13":"has-default-attributes"},"yoast_head":"<!-- This site is optimized with the Yoast SEO plugin v27.3 - https:\/\/yoast.com\/product\/yoast-seo-wordpress\/ -->\n<title>Koupit White Widow Shatter \u2013 nejlep\u0161\u00ed nejlep\u0161\u00ed glob\u00e1ln\u00ed l\u00e9ky<\/title>\n<meta name=\"description\" content=\"Pokud si chcete koupit White Widow Shatter na prodej online, kontaktujte online obchod medicinasinc.com. M\u00e1me White Widow Shatter na prodej za nejlep\u0161\u00ed ceny.\" \/>\n<meta name=\"robots\" content=\"index, follow, max-snippet:-1, max-image-preview:large, max-video-preview:-1\" \/>\n<link rel=\"canonical\" href=\"https:\/\/medicinasinc.com\/cs\/product\/koupit-bila-vdova-rozbit\/\" \/>\n<meta property=\"og:locale\" content=\"en_US\" \/>\n<meta property=\"og:type\" content=\"article\" \/>\n<meta property=\"og:title\" content=\"Koupit White Widow Shatter \u2013 nejlep\u0161\u00ed nejlep\u0161\u00ed glob\u00e1ln\u00ed l\u00e9ky\" \/>\n<meta property=\"og:description\" content=\"Pokud si chcete koupit White Widow Shatter na prodej online, kontaktujte online obchod medicinasinc.com. M\u00e1me White Widow Shatter na prodej za nejlep\u0161\u00ed ceny.\" \/>\n<meta property=\"og:url\" content=\"https:\/\/medicinasinc.com\/cs\/product\/koupit-bila-vdova-rozbit\/\" \/>\n<meta property=\"og:site_name\" content=\"Medicinas Inc\" \/>\n<meta property=\"article:modified_time\" content=\"2022-08-03T12:05:54+00:00\" \/>\n<meta property=\"og:image\" content=\"https:\/\/medicinasinc.com\/cs\/wp-content\/uploads\/sites\/2\/2022\/02\/Buy-White-Widow-Shatter.jpg\" \/>\n\t<meta property=\"og:image:width\" content=\"600\" \/>\n\t<meta property=\"og:image:height\" content=\"600\" \/>\n\t<meta property=\"og:image:type\" content=\"image\/jpeg\" \/>\n<meta name=\"twitter:card\" content=\"summary_large_image\" \/>\n<meta name=\"twitter:label1\" content=\"Est. reading time\" \/>\n\t<meta name=\"twitter:data1\" content=\"2 minutes\" \/>\n<script type=\"application\/ld+json\" class=\"yoast-schema-graph\">{\"@context\":\"https:\\\/\\\/schema.org\",\"@graph\":[{\"@type\":\"WebPage\",\"@id\":\"https:\\\/\\\/medicinasinc.com\\\/cs\\\/product\\\/koupit-bila-vdova-rozbit\\\/\",\"url\":\"https:\\\/\\\/medicinasinc.com\\\/cs\\\/product\\\/koupit-bila-vdova-rozbit\\\/\",\"name\":\"Koupit White Widow Shatter \u2013 nejlep\u0161\u00ed nejlep\u0161\u00ed glob\u00e1ln\u00ed l\u00e9ky\",\"isPartOf\":{\"@id\":\"https:\\\/\\\/medicinasinc.com\\\/cs\\\/#website\"},\"primaryImageOfPage\":{\"@id\":\"https:\\\/\\\/medicinasinc.com\\\/cs\\\/product\\\/koupit-bila-vdova-rozbit\\\/#primaryimage\"},\"image\":{\"@id\":\"https:\\\/\\\/medicinasinc.com\\\/cs\\\/product\\\/koupit-bila-vdova-rozbit\\\/#primaryimage\"},\"thumbnailUrl\":\"https:\\\/\\\/medicinasinc.com\\\/cs\\\/wp-content\\\/uploads\\\/sites\\\/2\\\/2022\\\/02\\\/Buy-White-Widow-Shatter.jpg\",\"datePublished\":\"2022-02-20T17:19:27+00:00\",\"dateModified\":\"2022-08-03T12:05:54+00:00\",\"description\":\"Pokud si chcete koupit White Widow Shatter na prodej online, kontaktujte online obchod medicinasinc.com. M\u00e1me White Widow Shatter na prodej za nejlep\u0161\u00ed ceny.\",\"breadcrumb\":{\"@id\":\"https:\\\/\\\/medicinasinc.com\\\/cs\\\/product\\\/koupit-bila-vdova-rozbit\\\/#breadcrumb\"},\"inLanguage\":\"en-US\",\"potentialAction\":[{\"@type\":\"ReadAction\",\"target\":[\"https:\\\/\\\/medicinasinc.com\\\/cs\\\/product\\\/koupit-bila-vdova-rozbit\\\/\"]}]},{\"@type\":\"ImageObject\",\"inLanguage\":\"en-US\",\"@id\":\"https:\\\/\\\/medicinasinc.com\\\/cs\\\/product\\\/koupit-bila-vdova-rozbit\\\/#primaryimage\",\"url\":\"https:\\\/\\\/medicinasinc.com\\\/cs\\\/wp-content\\\/uploads\\\/sites\\\/2\\\/2022\\\/02\\\/Buy-White-Widow-Shatter.jpg\",\"contentUrl\":\"https:\\\/\\\/medicinasinc.com\\\/cs\\\/wp-content\\\/uploads\\\/sites\\\/2\\\/2022\\\/02\\\/Buy-White-Widow-Shatter.jpg\",\"width\":600,\"height\":600},{\"@type\":\"BreadcrumbList\",\"@id\":\"https:\\\/\\\/medicinasinc.com\\\/cs\\\/product\\\/koupit-bila-vdova-rozbit\\\/#breadcrumb\",\"itemListElement\":[{\"@type\":\"ListItem\",\"position\":1,\"name\":\"Obchod\",\"item\":\"https:\\\/\\\/medicinasinc.com\\\/cs\\\/obchod\\\/\"},{\"@type\":\"ListItem\",\"position\":2,\"name\":\"Koupit White Widow Shatter\"}]},{\"@type\":\"WebSite\",\"@id\":\"https:\\\/\\\/medicinasinc.com\\\/cs\\\/#website\",\"url\":\"https:\\\/\\\/medicinasinc.com\\\/cs\\\/\",\"name\":\"Medicinas Inc\",\"description\":\"Health Medical Clinic\",\"potentialAction\":[{\"@type\":\"SearchAction\",\"target\":{\"@type\":\"EntryPoint\",\"urlTemplate\":\"https:\\\/\\\/medicinasinc.com\\\/cs\\\/?s={search_term_string}\"},\"query-input\":{\"@type\":\"PropertyValueSpecification\",\"valueRequired\":true,\"valueName\":\"search_term_string\"}}],\"inLanguage\":\"en-US\"}]}<\/script>\n<!-- \/ Yoast SEO plugin. -->","yoast_head_json":{"title":"Koupit White Widow Shatter \u2013 nejlep\u0161\u00ed nejlep\u0161\u00ed glob\u00e1ln\u00ed l\u00e9ky","description":"Pokud si chcete koupit White Widow Shatter na prodej online, kontaktujte online obchod medicinasinc.com. M\u00e1me White Widow Shatter na prodej za nejlep\u0161\u00ed ceny.","robots":{"index":"index","follow":"follow","max-snippet":"max-snippet:-1","max-image-preview":"max-image-preview:large","max-video-preview":"max-video-preview:-1"},"canonical":"https:\/\/medicinasinc.com\/cs\/product\/koupit-bila-vdova-rozbit\/","og_locale":"en_US","og_type":"article","og_title":"Koupit White Widow Shatter \u2013 nejlep\u0161\u00ed nejlep\u0161\u00ed glob\u00e1ln\u00ed l\u00e9ky","og_description":"Pokud si chcete koupit White Widow Shatter na prodej online, kontaktujte online obchod medicinasinc.com. M\u00e1me White Widow Shatter na prodej za nejlep\u0161\u00ed ceny.","og_url":"https:\/\/medicinasinc.com\/cs\/product\/koupit-bila-vdova-rozbit\/","og_site_name":"Medicinas Inc","article_modified_time":"2022-08-03T12:05:54+00:00","og_image":[{"width":600,"height":600,"url":"https:\/\/medicinasinc.com\/cs\/wp-content\/uploads\/sites\/2\/2022\/02\/Buy-White-Widow-Shatter.jpg","type":"image\/jpeg"}],"twitter_card":"summary_large_image","twitter_misc":{"Est. reading time":"2 minutes"},"schema":{"@context":"https:\/\/schema.org","@graph":[{"@type":"WebPage","@id":"https:\/\/medicinasinc.com\/cs\/product\/koupit-bila-vdova-rozbit\/","url":"https:\/\/medicinasinc.com\/cs\/product\/koupit-bila-vdova-rozbit\/","name":"Koupit White Widow Shatter \u2013 nejlep\u0161\u00ed nejlep\u0161\u00ed glob\u00e1ln\u00ed l\u00e9ky","isPartOf":{"@id":"https:\/\/medicinasinc.com\/cs\/#website"},"primaryImageOfPage":{"@id":"https:\/\/medicinasinc.com\/cs\/product\/koupit-bila-vdova-rozbit\/#primaryimage"},"image":{"@id":"https:\/\/medicinasinc.com\/cs\/product\/koupit-bila-vdova-rozbit\/#primaryimage"},"thumbnailUrl":"https:\/\/medicinasinc.com\/cs\/wp-content\/uploads\/sites\/2\/2022\/02\/Buy-White-Widow-Shatter.jpg","datePublished":"2022-02-20T17:19:27+00:00","dateModified":"2022-08-03T12:05:54+00:00","description":"Pokud si chcete koupit White Widow Shatter na prodej online, kontaktujte online obchod medicinasinc.com. M\u00e1me White Widow Shatter na prodej za nejlep\u0161\u00ed ceny.","breadcrumb":{"@id":"https:\/\/medicinasinc.com\/cs\/product\/koupit-bila-vdova-rozbit\/#breadcrumb"},"inLanguage":"en-US","potentialAction":[{"@type":"ReadAction","target":["https:\/\/medicinasinc.com\/cs\/product\/koupit-bila-vdova-rozbit\/"]}]},{"@type":"ImageObject","inLanguage":"en-US","@id":"https:\/\/medicinasinc.com\/cs\/product\/koupit-bila-vdova-rozbit\/#primaryimage","url":"https:\/\/medicinasinc.com\/cs\/wp-content\/uploads\/sites\/2\/2022\/02\/Buy-White-Widow-Shatter.jpg","contentUrl":"https:\/\/medicinasinc.com\/cs\/wp-content\/uploads\/sites\/2\/2022\/02\/Buy-White-Widow-Shatter.jpg","width":600,"height":600},{"@type":"BreadcrumbList","@id":"https:\/\/medicinasinc.com\/cs\/product\/koupit-bila-vdova-rozbit\/#breadcrumb","itemListElement":[{"@type":"ListItem","position":1,"name":"Obchod","item":"https:\/\/medicinasinc.com\/cs\/obchod\/"},{"@type":"ListItem","position":2,"name":"Koupit White Widow Shatter"}]},{"@type":"WebSite","@id":"https:\/\/medicinasinc.com\/cs\/#website","url":"https:\/\/medicinasinc.com\/cs\/","name":"Medicinas Inc","description":"Health Medical Clinic","potentialAction":[{"@type":"SearchAction","target":{"@type":"EntryPoint","urlTemplate":"https:\/\/medicinasinc.com\/cs\/?s={search_term_string}"},"query-input":{"@type":"PropertyValueSpecification","valueRequired":true,"valueName":"search_term_string"}}],"inLanguage":"en-US"}]}},"_links":{"self":[{"href":"https:\/\/medicinasinc.com\/cs\/wp-json\/wp\/v2\/product\/4884","targetHints":{"allow":["GET"]}}],"collection":[{"href":"https:\/\/medicinasinc.com\/cs\/wp-json\/wp\/v2\/product"}],"about":[{"href":"https:\/\/medicinasinc.com\/cs\/wp-json\/wp\/v2\/types\/product"}],"replies":[{"embeddable":true,"href":"https:\/\/medicinasinc.com\/cs\/wp-json\/wp\/v2\/comments?post=4884"}],"wp:featuredmedia":[{"embeddable":true,"href":"https:\/\/medicinasinc.com\/cs\/wp-json\/wp\/v2\/media\/4899"}],"wp:attachment":[{"href":"https:\/\/medicinasinc.com\/cs\/wp-json\/wp\/v2\/media?parent=4884"}],"wp:term":[{"taxonomy":"product_brand","embeddable":true,"href":"https:\/\/medicinasinc.com\/cs\/wp-json\/wp\/v2\/product_brand?post=4884"},{"taxonomy":"product_cat","embeddable":true,"href":"https:\/\/medicinasinc.com\/cs\/wp-json\/wp\/v2\/product_cat?post=4884"},{"taxonomy":"product_tag","embeddable":true,"href":"https:\/\/medicinasinc.com\/cs\/wp-json\/wp\/v2\/product_tag?post=4884"}],"curies":[{"name":"wp","href":"https:\/\/api.w.org\/{rel}","templated":true}]}}