{"id":4883,"date":"2022-02-20T17:18:33","date_gmt":"2022-02-20T17:18:33","guid":{"rendered":"https:\/\/medicinasinc.com\/cs\/?post_type=product&#038;p=4883"},"modified":"2022-03-14T12:41:36","modified_gmt":"2022-03-14T12:41:36","slug":"buy-sunset-sherbert-shatter","status":"publish","type":"product","link":"https:\/\/medicinasinc.com\/cs\/product\/buy-sunset-sherbert-shatter\/","title":{"rendered":"Koupit Sunset Sherbert Shatter"},"content":{"rendered":"<p>Koupit Sunset Sherbert Shatter \u2013 Premium Indica Dominant Hybrid \u2013 85 % Indica \/ 15 % Sativa<\/p>\n<p>Sunset Sherbert, jinak ozna\u010dovan\u00fd jako Sherbet, je zjevn\u00fdm d\u011bdicem tr\u016fnu Girl Scout Cookie. Sunset Sherbert zd\u011bdil genetick\u00e9 vlastnosti sv\u00e9ho rodi\u010de Girl Scout Cookies, kter\u00fd zahrnoval OG Kush, Durban Poison a Cherry Pie v jeho genetick\u00e9 linii. Tato genetika byla pot\u00e9 zk\u0159\u00ed\u017eena s Pink Panties, indica rodi\u010dem. Sunset Sherbert kombinuje siln\u00fd zvuk cel\u00e9ho t\u011bla s povzbuzuj\u00edc\u00edm v\u00fdbuchem kreativn\u00ed energie. Po kou\u0159en\u00ed u\u017eivatel\u00e9 poc\u00edt\u00ed okam\u017eit\u00fd p\u0159\u00edval energie \u2013 p\u0159edev\u0161\u00edm v mysli \u2013, kter\u00fd jim b\u011bhem n\u011bkolika minut zanech\u00e1 pocit soci\u00e1ln\u00ed a euforie. Jakmile se \u00fa\u010dinky za\u010dnou projevovat, jemn\u00fd h\u0159ejiv\u00fd pocit se roz\u0161\u00ed\u0159\u00ed po cel\u00e9m t\u011ble a zahal\u00ed u\u017eivatele do naprost\u00e9 relaxace a bla\u017een\u00e9ho \u0161t\u011bst\u00ed. Sunset Sherbert se pro sv\u00e9 siln\u00e9 \u00fa\u010dinky pou\u017e\u00edv\u00e1 k l\u00e9\u010db\u011b deprese, stresu, \u00fazkosti a m\u00edrn\u00e9 a\u017e st\u0159edn\u011b siln\u00e9 bolesti.<\/p>\n<p>&nbsp;<\/p>\n<p>Upozor\u0148ujeme, \u017ee kv\u016fli nep\u0159edv\u00eddan\u00fdm okolnostem, jako je nap\u0159. jako letn\u00ed vedro, vlhkost a dokonce i \u010das, v\u017edy existuje \u0161ance, \u017ee se v\u00e1mi objednan\u00fd st\u0159epina prom\u011bn\u00ed ve vosk nebo pupenec d\u0159\u00edve, ne\u017e se k v\u00e1m dostane.<\/p>\n<p>Bohu\u017eel, \u00falomky p\u0159em\u011bny na voskov\u00e9 pupeny nejsou p\u0159i vystaven\u00ed neobvykl\u00e9 zah\u0159\u00edvat, ale to v \u017e\u00e1dn\u00e9m p\u0159\u00edpad\u011b nesni\u017euje bezpe\u010dnost nebo s\u00edlu va\u0161eho rozbit\u00ed. Pokud k tomu skute\u010dn\u011b dojde, terpeny a arom\u00e1ty budou vylep\u0161eny, \u010d\u00edm\u017e se zv\u00fd\u0161\u00ed chu\u0165.<\/p>\n<p>Nenab\u00edz\u00edme vr\u00e1cen\u00ed pen\u011bz ani v\u00fdm\u011bnu, pokud se va\u0161e t\u0159\u00ed\u0161\u0165 p\u0159em\u011bn\u00ed na pupenec nebo vosk.<\/p>\n<div class=\"product-next-previous\">\n<div class=\"product-prev\"><\/div><\/div>\n","protected":false},"excerpt":{"rendered":"<p>Koupit Shatter &#8211; Sunset Sherbert je k dispozici k zakoupen\u00ed online v Evrop\u011b a Spojen\u00e9m kr\u00e1lovstv\u00ed u nejlep\u0161\u00edch sv\u011btov\u00fdch l\u00e9k\u016f. V Evrop\u011b m\u016f\u017eete naj\u00edt nejkvalitn\u011bj\u0161\u00ed Shatter &#8211; Produkty z konop\u00ed Sunset Sherbert.<\/p>\n<p>&nbsp;<\/p>\n<ul>\n<li>Celosv\u011btov\u00e1 doprava<\/li>\n<li><strong>Stupe\u0148: AAAAA<\/strong><\/li>\n<li> <strong>Kontaktujte n\u00e1s<\/strong>\u00a0pro v\u011bt\u0161\u00ed objedn\u00e1vky<\/li>\n<\/ul>\n","protected":false},"featured_media":4897,"comment_status":"open","ping_status":"closed","template":"","meta":[],"product_brand":[],"product_cat":[777],"product_tag":[],"class_list":{"0":"post-4883","1":"product","2":"type-product","3":"status-publish","4":"has-post-thumbnail","6":"product_cat-koupit-shatter","8":"first","9":"instock","10":"shipping-taxable","11":"purchasable","12":"product-type-variable","13":"has-default-attributes"},"yoast_head":"<!-- This site is optimized with the Yoast SEO plugin v27.3 - https:\/\/yoast.com\/product\/yoast-seo-wordpress\/ -->\n<title>Kupte si Sunset Sherbert Shatter \u2013 nejlep\u0161\u00ed nejlep\u0161\u00ed glob\u00e1ln\u00ed l\u00e9ky<\/title>\n<meta name=\"description\" content=\"Koupit Shatter - Sunset Sherbert na prodej online Evropa, Velk\u00e1 Brit\u00e1nie na The global medicinas. Najd\u011bte nejkvalitn\u011bj\u0161\u00ed konopn\u00e9 produkty Shatter - Sunset Sherbert v Evrop\u011b.\" \/>\n<meta name=\"robots\" content=\"index, follow, max-snippet:-1, max-image-preview:large, max-video-preview:-1\" \/>\n<link rel=\"canonical\" href=\"https:\/\/medicinasinc.com\/cs\/product\/buy-sunset-sherbert-shatter\/\" \/>\n<meta property=\"og:locale\" content=\"en_US\" \/>\n<meta property=\"og:type\" content=\"article\" \/>\n<meta property=\"og:title\" content=\"Kupte si Sunset Sherbert Shatter \u2013 nejlep\u0161\u00ed nejlep\u0161\u00ed glob\u00e1ln\u00ed l\u00e9ky\" \/>\n<meta property=\"og:description\" content=\"Koupit Shatter - Sunset Sherbert na prodej online Evropa, Velk\u00e1 Brit\u00e1nie na The global medicinas. Najd\u011bte nejkvalitn\u011bj\u0161\u00ed konopn\u00e9 produkty Shatter - Sunset Sherbert v Evrop\u011b.\" \/>\n<meta property=\"og:url\" content=\"https:\/\/medicinasinc.com\/cs\/product\/buy-sunset-sherbert-shatter\/\" \/>\n<meta property=\"og:site_name\" content=\"Medicinas Inc\" \/>\n<meta property=\"article:modified_time\" content=\"2022-03-14T12:41:36+00:00\" \/>\n<meta property=\"og:image\" content=\"https:\/\/medicinasinc.com\/cs\/wp-content\/uploads\/sites\/2\/2022\/02\/Buy-Sunset-Sherbert-Shatter.jpg\" \/>\n\t<meta property=\"og:image:width\" content=\"600\" \/>\n\t<meta property=\"og:image:height\" content=\"600\" \/>\n\t<meta property=\"og:image:type\" content=\"image\/jpeg\" \/>\n<meta name=\"twitter:card\" content=\"summary_large_image\" \/>\n<meta name=\"twitter:label1\" content=\"Est. reading time\" \/>\n\t<meta name=\"twitter:data1\" content=\"2 minutes\" \/>\n<script type=\"application\/ld+json\" class=\"yoast-schema-graph\">{\"@context\":\"https:\\\/\\\/schema.org\",\"@graph\":[{\"@type\":\"WebPage\",\"@id\":\"https:\\\/\\\/medicinasinc.com\\\/cs\\\/product\\\/buy-sunset-sherbert-shatter\\\/\",\"url\":\"https:\\\/\\\/medicinasinc.com\\\/cs\\\/product\\\/buy-sunset-sherbert-shatter\\\/\",\"name\":\"Kupte si Sunset Sherbert Shatter \u2013 nejlep\u0161\u00ed nejlep\u0161\u00ed glob\u00e1ln\u00ed l\u00e9ky\",\"isPartOf\":{\"@id\":\"https:\\\/\\\/medicinasinc.com\\\/cs\\\/#website\"},\"primaryImageOfPage\":{\"@id\":\"https:\\\/\\\/medicinasinc.com\\\/cs\\\/product\\\/buy-sunset-sherbert-shatter\\\/#primaryimage\"},\"image\":{\"@id\":\"https:\\\/\\\/medicinasinc.com\\\/cs\\\/product\\\/buy-sunset-sherbert-shatter\\\/#primaryimage\"},\"thumbnailUrl\":\"https:\\\/\\\/medicinasinc.com\\\/cs\\\/wp-content\\\/uploads\\\/sites\\\/2\\\/2022\\\/02\\\/Buy-Sunset-Sherbert-Shatter.jpg\",\"datePublished\":\"2022-02-20T17:18:33+00:00\",\"dateModified\":\"2022-03-14T12:41:36+00:00\",\"description\":\"Koupit Shatter - Sunset Sherbert na prodej online Evropa, Velk\u00e1 Brit\u00e1nie na The global medicinas. Najd\u011bte nejkvalitn\u011bj\u0161\u00ed konopn\u00e9 produkty Shatter - Sunset Sherbert v Evrop\u011b.\",\"breadcrumb\":{\"@id\":\"https:\\\/\\\/medicinasinc.com\\\/cs\\\/product\\\/buy-sunset-sherbert-shatter\\\/#breadcrumb\"},\"inLanguage\":\"en-US\",\"potentialAction\":[{\"@type\":\"ReadAction\",\"target\":[\"https:\\\/\\\/medicinasinc.com\\\/cs\\\/product\\\/buy-sunset-sherbert-shatter\\\/\"]}]},{\"@type\":\"ImageObject\",\"inLanguage\":\"en-US\",\"@id\":\"https:\\\/\\\/medicinasinc.com\\\/cs\\\/product\\\/buy-sunset-sherbert-shatter\\\/#primaryimage\",\"url\":\"https:\\\/\\\/medicinasinc.com\\\/cs\\\/wp-content\\\/uploads\\\/sites\\\/2\\\/2022\\\/02\\\/Buy-Sunset-Sherbert-Shatter.jpg\",\"contentUrl\":\"https:\\\/\\\/medicinasinc.com\\\/cs\\\/wp-content\\\/uploads\\\/sites\\\/2\\\/2022\\\/02\\\/Buy-Sunset-Sherbert-Shatter.jpg\",\"width\":600,\"height\":600},{\"@type\":\"BreadcrumbList\",\"@id\":\"https:\\\/\\\/medicinasinc.com\\\/cs\\\/product\\\/buy-sunset-sherbert-shatter\\\/#breadcrumb\",\"itemListElement\":[{\"@type\":\"ListItem\",\"position\":1,\"name\":\"Obchod\",\"item\":\"https:\\\/\\\/medicinasinc.com\\\/cs\\\/obchod\\\/\"},{\"@type\":\"ListItem\",\"position\":2,\"name\":\"Koupit Sunset Sherbert Shatter\"}]},{\"@type\":\"WebSite\",\"@id\":\"https:\\\/\\\/medicinasinc.com\\\/cs\\\/#website\",\"url\":\"https:\\\/\\\/medicinasinc.com\\\/cs\\\/\",\"name\":\"Medicinas Inc\",\"description\":\"Health Medical Clinic\",\"potentialAction\":[{\"@type\":\"SearchAction\",\"target\":{\"@type\":\"EntryPoint\",\"urlTemplate\":\"https:\\\/\\\/medicinasinc.com\\\/cs\\\/?s={search_term_string}\"},\"query-input\":{\"@type\":\"PropertyValueSpecification\",\"valueRequired\":true,\"valueName\":\"search_term_string\"}}],\"inLanguage\":\"en-US\"}]}<\/script>\n<!-- \/ Yoast SEO plugin. -->","yoast_head_json":{"title":"Kupte si Sunset Sherbert Shatter \u2013 nejlep\u0161\u00ed nejlep\u0161\u00ed glob\u00e1ln\u00ed l\u00e9ky","description":"Koupit Shatter - Sunset Sherbert na prodej online Evropa, Velk\u00e1 Brit\u00e1nie na The global medicinas. Najd\u011bte nejkvalitn\u011bj\u0161\u00ed konopn\u00e9 produkty Shatter - Sunset Sherbert v Evrop\u011b.","robots":{"index":"index","follow":"follow","max-snippet":"max-snippet:-1","max-image-preview":"max-image-preview:large","max-video-preview":"max-video-preview:-1"},"canonical":"https:\/\/medicinasinc.com\/cs\/product\/buy-sunset-sherbert-shatter\/","og_locale":"en_US","og_type":"article","og_title":"Kupte si Sunset Sherbert Shatter \u2013 nejlep\u0161\u00ed nejlep\u0161\u00ed glob\u00e1ln\u00ed l\u00e9ky","og_description":"Koupit Shatter - Sunset Sherbert na prodej online Evropa, Velk\u00e1 Brit\u00e1nie na The global medicinas. Najd\u011bte nejkvalitn\u011bj\u0161\u00ed konopn\u00e9 produkty Shatter - Sunset Sherbert v Evrop\u011b.","og_url":"https:\/\/medicinasinc.com\/cs\/product\/buy-sunset-sherbert-shatter\/","og_site_name":"Medicinas Inc","article_modified_time":"2022-03-14T12:41:36+00:00","og_image":[{"width":600,"height":600,"url":"https:\/\/medicinasinc.com\/cs\/wp-content\/uploads\/sites\/2\/2022\/02\/Buy-Sunset-Sherbert-Shatter.jpg","type":"image\/jpeg"}],"twitter_card":"summary_large_image","twitter_misc":{"Est. reading time":"2 minutes"},"schema":{"@context":"https:\/\/schema.org","@graph":[{"@type":"WebPage","@id":"https:\/\/medicinasinc.com\/cs\/product\/buy-sunset-sherbert-shatter\/","url":"https:\/\/medicinasinc.com\/cs\/product\/buy-sunset-sherbert-shatter\/","name":"Kupte si Sunset Sherbert Shatter \u2013 nejlep\u0161\u00ed nejlep\u0161\u00ed glob\u00e1ln\u00ed l\u00e9ky","isPartOf":{"@id":"https:\/\/medicinasinc.com\/cs\/#website"},"primaryImageOfPage":{"@id":"https:\/\/medicinasinc.com\/cs\/product\/buy-sunset-sherbert-shatter\/#primaryimage"},"image":{"@id":"https:\/\/medicinasinc.com\/cs\/product\/buy-sunset-sherbert-shatter\/#primaryimage"},"thumbnailUrl":"https:\/\/medicinasinc.com\/cs\/wp-content\/uploads\/sites\/2\/2022\/02\/Buy-Sunset-Sherbert-Shatter.jpg","datePublished":"2022-02-20T17:18:33+00:00","dateModified":"2022-03-14T12:41:36+00:00","description":"Koupit Shatter - Sunset Sherbert na prodej online Evropa, Velk\u00e1 Brit\u00e1nie na The global medicinas. Najd\u011bte nejkvalitn\u011bj\u0161\u00ed konopn\u00e9 produkty Shatter - Sunset Sherbert v Evrop\u011b.","breadcrumb":{"@id":"https:\/\/medicinasinc.com\/cs\/product\/buy-sunset-sherbert-shatter\/#breadcrumb"},"inLanguage":"en-US","potentialAction":[{"@type":"ReadAction","target":["https:\/\/medicinasinc.com\/cs\/product\/buy-sunset-sherbert-shatter\/"]}]},{"@type":"ImageObject","inLanguage":"en-US","@id":"https:\/\/medicinasinc.com\/cs\/product\/buy-sunset-sherbert-shatter\/#primaryimage","url":"https:\/\/medicinasinc.com\/cs\/wp-content\/uploads\/sites\/2\/2022\/02\/Buy-Sunset-Sherbert-Shatter.jpg","contentUrl":"https:\/\/medicinasinc.com\/cs\/wp-content\/uploads\/sites\/2\/2022\/02\/Buy-Sunset-Sherbert-Shatter.jpg","width":600,"height":600},{"@type":"BreadcrumbList","@id":"https:\/\/medicinasinc.com\/cs\/product\/buy-sunset-sherbert-shatter\/#breadcrumb","itemListElement":[{"@type":"ListItem","position":1,"name":"Obchod","item":"https:\/\/medicinasinc.com\/cs\/obchod\/"},{"@type":"ListItem","position":2,"name":"Koupit Sunset Sherbert Shatter"}]},{"@type":"WebSite","@id":"https:\/\/medicinasinc.com\/cs\/#website","url":"https:\/\/medicinasinc.com\/cs\/","name":"Medicinas Inc","description":"Health Medical Clinic","potentialAction":[{"@type":"SearchAction","target":{"@type":"EntryPoint","urlTemplate":"https:\/\/medicinasinc.com\/cs\/?s={search_term_string}"},"query-input":{"@type":"PropertyValueSpecification","valueRequired":true,"valueName":"search_term_string"}}],"inLanguage":"en-US"}]}},"_links":{"self":[{"href":"https:\/\/medicinasinc.com\/cs\/wp-json\/wp\/v2\/product\/4883","targetHints":{"allow":["GET"]}}],"collection":[{"href":"https:\/\/medicinasinc.com\/cs\/wp-json\/wp\/v2\/product"}],"about":[{"href":"https:\/\/medicinasinc.com\/cs\/wp-json\/wp\/v2\/types\/product"}],"replies":[{"embeddable":true,"href":"https:\/\/medicinasinc.com\/cs\/wp-json\/wp\/v2\/comments?post=4883"}],"wp:featuredmedia":[{"embeddable":true,"href":"https:\/\/medicinasinc.com\/cs\/wp-json\/wp\/v2\/media\/4897"}],"wp:attachment":[{"href":"https:\/\/medicinasinc.com\/cs\/wp-json\/wp\/v2\/media?parent=4883"}],"wp:term":[{"taxonomy":"product_brand","embeddable":true,"href":"https:\/\/medicinasinc.com\/cs\/wp-json\/wp\/v2\/product_brand?post=4883"},{"taxonomy":"product_cat","embeddable":true,"href":"https:\/\/medicinasinc.com\/cs\/wp-json\/wp\/v2\/product_cat?post=4883"},{"taxonomy":"product_tag","embeddable":true,"href":"https:\/\/medicinasinc.com\/cs\/wp-json\/wp\/v2\/product_tag?post=4883"}],"curies":[{"name":"wp","href":"https:\/\/api.w.org\/{rel}","templated":true}]}}