{"id":4871,"date":"2022-02-20T17:08:15","date_gmt":"2022-02-20T17:08:15","guid":{"rendered":"https:\/\/medicinasinc.com\/cs\/?post_type=product&#038;p=4871"},"modified":"2022-03-14T12:42:06","modified_gmt":"2022-03-14T12:42:06","slug":"buy-boruvka-nuken-shatter-top-police","status":"publish","type":"product","link":"https:\/\/medicinasinc.com\/cs\/product\/buy-boruvka-nuken-shatter-top-police\/","title":{"rendered":"Koupit Blueberry Nuken Shatter \u2013 horn\u00ed police"},"content":{"rendered":"<div class=\"descblock ff\">Nuken p\u0159in\u00e1\u0161\u00ed l\u00e9\u010div\u00e9 v\u00fdhody indicy bez \u00fanavy nebo sedace spojen\u00e9 s indikami. Nuken vytv\u00e1\u0159\u00ed dlouhotrvaj\u00edc\u00ed a extr\u00e9mn\u011b uvol\u0148uj\u00edc\u00ed t\u011blo a z\u00e1rove\u0148 umo\u017e\u0148uje u\u017eivateli prov\u00e1d\u011bt \u00fakoly a komunikovat s p\u0159\u00e1teli. Jak \u00fa\u010dinky kmene naberou na s\u00edle, u\u017eivatel\u00e9 za\u017eij\u00ed m\u00edrn\u00fd pocit zah\u0159\u00edv\u00e1n\u00ed, kter\u00fd za\u010d\u00edn\u00e1 v p\u00e1te\u0159i a postupn\u011b se \u0161\u00ed\u0159\u00ed po cel\u00e9m t\u011ble, \u010d\u00edm\u017e zm\u00edr\u0148uje jakoukoli bolest nebo svalov\u00e9 nepohodl\u00ed. Tyto \u00fa\u010dinky jsou doprov\u00e1zeny intenzivn\u00ed introspekc\u00ed, kter\u00e1 m\u016f\u017ee zp\u016fsobit, \u017ee se n\u011bkte\u0159\u00ed za\u010d\u00ednaj\u00edc\u00ed u\u017eivatel\u00e9 budou c\u00edtit trochu dezorientovan\u00ed. Nuken se pou\u017e\u00edv\u00e1 k l\u00e9\u010db\u011b chronick\u00e9 bolesti a z\u00e1n\u011btu, stejn\u011b jako m\u00edrn\u00e9 deprese, \u00fazkosti a chronick\u00e9ho stresu.<\/div>\n<div class=\"product-next-previous\">\n<div class=\"product-prev\"><\/div><\/div>\n","protected":false},"excerpt":{"rendered":"<p>Kupte si Blueberry Nuken Shatter UK, Europe Online od nejlep\u0161\u00ed online l\u00e9k\u00e1rny na sv\u011bt\u011b, EZ Weed Online Cannabis Dispensary.<\/p>\n<ul>\n<li>Celosv\u011btov\u00e1 doprava<\/li>\n<li><strong>Stupe\u0148: AAAAA<\/p>\n<p> strong&gt;<\/li>\n<li><strong>Kontaktujte n\u00e1s<\/strong>\u00a0pro v\u011bt\u0161\u00ed objedn\u00e1vky<\/li>\n<li>DPD Post Xpresspost Doprava ZDARMA pro objedn\u00e1vky nad 200 $<\/li>\n<\/ul>\n","protected":false},"featured_media":4885,"comment_status":"open","ping_status":"closed","template":"","meta":[],"product_brand":[],"product_cat":[777],"product_tag":[],"class_list":{"0":"post-4871","1":"product","2":"type-product","3":"status-publish","4":"has-post-thumbnail","6":"product_cat-koupit-shatter","8":"first","9":"instock","10":"shipping-taxable","11":"purchasable","12":"product-type-variable","13":"has-default-attributes"},"yoast_head":"<!-- This site is optimized with the Yoast SEO plugin v27.3 - https:\/\/yoast.com\/product\/yoast-seo-wordpress\/ -->\n<title>Koupit Blueberry Nuken Shatter \u2013 horn\u00ed police \u2013 nejlep\u0161\u00ed nejlep\u0161\u00ed glob\u00e1ln\u00ed l\u00e9ky<\/title>\n<meta name=\"description\" content=\"Kupte si Blueberry Nuken Shatter UK, Europe Online z kanadsk\u00e9 v\u00fddejny \u010d. 1 online, Nejlep\u0161\u00ed glob\u00e1ln\u00ed online v\u00fddejna konop\u00ed na tr\u00e1vu.\" \/>\n<meta name=\"robots\" content=\"index, follow, max-snippet:-1, max-image-preview:large, max-video-preview:-1\" \/>\n<link rel=\"canonical\" href=\"https:\/\/medicinasinc.com\/cs\/product\/buy-boruvka-nuken-shatter-top-police\/\" \/>\n<meta property=\"og:locale\" content=\"en_US\" \/>\n<meta property=\"og:type\" content=\"article\" \/>\n<meta property=\"og:title\" content=\"Koupit Blueberry Nuken Shatter \u2013 horn\u00ed police \u2013 nejlep\u0161\u00ed nejlep\u0161\u00ed glob\u00e1ln\u00ed l\u00e9ky\" \/>\n<meta property=\"og:description\" content=\"Kupte si Blueberry Nuken Shatter UK, Europe Online z kanadsk\u00e9 v\u00fddejny \u010d. 1 online, Nejlep\u0161\u00ed glob\u00e1ln\u00ed online v\u00fddejna konop\u00ed na tr\u00e1vu.\" \/>\n<meta property=\"og:url\" content=\"https:\/\/medicinasinc.com\/cs\/product\/buy-boruvka-nuken-shatter-top-police\/\" \/>\n<meta property=\"og:site_name\" content=\"Medicinas Inc\" \/>\n<meta property=\"article:modified_time\" content=\"2022-03-14T12:42:06+00:00\" \/>\n<meta property=\"og:image\" content=\"https:\/\/medicinasinc.com\/cs\/wp-content\/uploads\/sites\/2\/2022\/02\/Buy-Blueberry-Nuken-Shatter.jpg\" \/>\n\t<meta property=\"og:image:width\" content=\"600\" \/>\n\t<meta property=\"og:image:height\" content=\"600\" \/>\n\t<meta property=\"og:image:type\" content=\"image\/jpeg\" \/>\n<meta name=\"twitter:card\" content=\"summary_large_image\" \/>\n<meta name=\"twitter:label1\" content=\"Est. reading time\" \/>\n\t<meta name=\"twitter:data1\" content=\"1 minute\" \/>\n<script type=\"application\/ld+json\" class=\"yoast-schema-graph\">{\"@context\":\"https:\\\/\\\/schema.org\",\"@graph\":[{\"@type\":\"WebPage\",\"@id\":\"https:\\\/\\\/medicinasinc.com\\\/cs\\\/product\\\/buy-boruvka-nuken-shatter-top-police\\\/\",\"url\":\"https:\\\/\\\/medicinasinc.com\\\/cs\\\/product\\\/buy-boruvka-nuken-shatter-top-police\\\/\",\"name\":\"Koupit Blueberry Nuken Shatter \u2013 horn\u00ed police \u2013 nejlep\u0161\u00ed nejlep\u0161\u00ed glob\u00e1ln\u00ed l\u00e9ky\",\"isPartOf\":{\"@id\":\"https:\\\/\\\/medicinasinc.com\\\/cs\\\/#website\"},\"primaryImageOfPage\":{\"@id\":\"https:\\\/\\\/medicinasinc.com\\\/cs\\\/product\\\/buy-boruvka-nuken-shatter-top-police\\\/#primaryimage\"},\"image\":{\"@id\":\"https:\\\/\\\/medicinasinc.com\\\/cs\\\/product\\\/buy-boruvka-nuken-shatter-top-police\\\/#primaryimage\"},\"thumbnailUrl\":\"https:\\\/\\\/medicinasinc.com\\\/cs\\\/wp-content\\\/uploads\\\/sites\\\/2\\\/2022\\\/02\\\/Buy-Blueberry-Nuken-Shatter.jpg\",\"datePublished\":\"2022-02-20T17:08:15+00:00\",\"dateModified\":\"2022-03-14T12:42:06+00:00\",\"description\":\"Kupte si Blueberry Nuken Shatter UK, Europe Online z kanadsk\u00e9 v\u00fddejny \u010d. 1 online, Nejlep\u0161\u00ed glob\u00e1ln\u00ed online v\u00fddejna konop\u00ed na tr\u00e1vu.\",\"breadcrumb\":{\"@id\":\"https:\\\/\\\/medicinasinc.com\\\/cs\\\/product\\\/buy-boruvka-nuken-shatter-top-police\\\/#breadcrumb\"},\"inLanguage\":\"en-US\",\"potentialAction\":[{\"@type\":\"ReadAction\",\"target\":[\"https:\\\/\\\/medicinasinc.com\\\/cs\\\/product\\\/buy-boruvka-nuken-shatter-top-police\\\/\"]}]},{\"@type\":\"ImageObject\",\"inLanguage\":\"en-US\",\"@id\":\"https:\\\/\\\/medicinasinc.com\\\/cs\\\/product\\\/buy-boruvka-nuken-shatter-top-police\\\/#primaryimage\",\"url\":\"https:\\\/\\\/medicinasinc.com\\\/cs\\\/wp-content\\\/uploads\\\/sites\\\/2\\\/2022\\\/02\\\/Buy-Blueberry-Nuken-Shatter.jpg\",\"contentUrl\":\"https:\\\/\\\/medicinasinc.com\\\/cs\\\/wp-content\\\/uploads\\\/sites\\\/2\\\/2022\\\/02\\\/Buy-Blueberry-Nuken-Shatter.jpg\",\"width\":600,\"height\":600},{\"@type\":\"BreadcrumbList\",\"@id\":\"https:\\\/\\\/medicinasinc.com\\\/cs\\\/product\\\/buy-boruvka-nuken-shatter-top-police\\\/#breadcrumb\",\"itemListElement\":[{\"@type\":\"ListItem\",\"position\":1,\"name\":\"Obchod\",\"item\":\"https:\\\/\\\/medicinasinc.com\\\/cs\\\/obchod\\\/\"},{\"@type\":\"ListItem\",\"position\":2,\"name\":\"Koupit Blueberry Nuken Shatter \u2013 horn\u00ed police\"}]},{\"@type\":\"WebSite\",\"@id\":\"https:\\\/\\\/medicinasinc.com\\\/cs\\\/#website\",\"url\":\"https:\\\/\\\/medicinasinc.com\\\/cs\\\/\",\"name\":\"Medicinas Inc\",\"description\":\"Health Medical Clinic\",\"potentialAction\":[{\"@type\":\"SearchAction\",\"target\":{\"@type\":\"EntryPoint\",\"urlTemplate\":\"https:\\\/\\\/medicinasinc.com\\\/cs\\\/?s={search_term_string}\"},\"query-input\":{\"@type\":\"PropertyValueSpecification\",\"valueRequired\":true,\"valueName\":\"search_term_string\"}}],\"inLanguage\":\"en-US\"}]}<\/script>\n<!-- \/ Yoast SEO plugin. -->","yoast_head_json":{"title":"Koupit Blueberry Nuken Shatter \u2013 horn\u00ed police \u2013 nejlep\u0161\u00ed nejlep\u0161\u00ed glob\u00e1ln\u00ed l\u00e9ky","description":"Kupte si Blueberry Nuken Shatter UK, Europe Online z kanadsk\u00e9 v\u00fddejny \u010d. 1 online, Nejlep\u0161\u00ed glob\u00e1ln\u00ed online v\u00fddejna konop\u00ed na tr\u00e1vu.","robots":{"index":"index","follow":"follow","max-snippet":"max-snippet:-1","max-image-preview":"max-image-preview:large","max-video-preview":"max-video-preview:-1"},"canonical":"https:\/\/medicinasinc.com\/cs\/product\/buy-boruvka-nuken-shatter-top-police\/","og_locale":"en_US","og_type":"article","og_title":"Koupit Blueberry Nuken Shatter \u2013 horn\u00ed police \u2013 nejlep\u0161\u00ed nejlep\u0161\u00ed glob\u00e1ln\u00ed l\u00e9ky","og_description":"Kupte si Blueberry Nuken Shatter UK, Europe Online z kanadsk\u00e9 v\u00fddejny \u010d. 1 online, Nejlep\u0161\u00ed glob\u00e1ln\u00ed online v\u00fddejna konop\u00ed na tr\u00e1vu.","og_url":"https:\/\/medicinasinc.com\/cs\/product\/buy-boruvka-nuken-shatter-top-police\/","og_site_name":"Medicinas Inc","article_modified_time":"2022-03-14T12:42:06+00:00","og_image":[{"width":600,"height":600,"url":"https:\/\/medicinasinc.com\/cs\/wp-content\/uploads\/sites\/2\/2022\/02\/Buy-Blueberry-Nuken-Shatter.jpg","type":"image\/jpeg"}],"twitter_card":"summary_large_image","twitter_misc":{"Est. reading time":"1 minute"},"schema":{"@context":"https:\/\/schema.org","@graph":[{"@type":"WebPage","@id":"https:\/\/medicinasinc.com\/cs\/product\/buy-boruvka-nuken-shatter-top-police\/","url":"https:\/\/medicinasinc.com\/cs\/product\/buy-boruvka-nuken-shatter-top-police\/","name":"Koupit Blueberry Nuken Shatter \u2013 horn\u00ed police \u2013 nejlep\u0161\u00ed nejlep\u0161\u00ed glob\u00e1ln\u00ed l\u00e9ky","isPartOf":{"@id":"https:\/\/medicinasinc.com\/cs\/#website"},"primaryImageOfPage":{"@id":"https:\/\/medicinasinc.com\/cs\/product\/buy-boruvka-nuken-shatter-top-police\/#primaryimage"},"image":{"@id":"https:\/\/medicinasinc.com\/cs\/product\/buy-boruvka-nuken-shatter-top-police\/#primaryimage"},"thumbnailUrl":"https:\/\/medicinasinc.com\/cs\/wp-content\/uploads\/sites\/2\/2022\/02\/Buy-Blueberry-Nuken-Shatter.jpg","datePublished":"2022-02-20T17:08:15+00:00","dateModified":"2022-03-14T12:42:06+00:00","description":"Kupte si Blueberry Nuken Shatter UK, Europe Online z kanadsk\u00e9 v\u00fddejny \u010d. 1 online, Nejlep\u0161\u00ed glob\u00e1ln\u00ed online v\u00fddejna konop\u00ed na tr\u00e1vu.","breadcrumb":{"@id":"https:\/\/medicinasinc.com\/cs\/product\/buy-boruvka-nuken-shatter-top-police\/#breadcrumb"},"inLanguage":"en-US","potentialAction":[{"@type":"ReadAction","target":["https:\/\/medicinasinc.com\/cs\/product\/buy-boruvka-nuken-shatter-top-police\/"]}]},{"@type":"ImageObject","inLanguage":"en-US","@id":"https:\/\/medicinasinc.com\/cs\/product\/buy-boruvka-nuken-shatter-top-police\/#primaryimage","url":"https:\/\/medicinasinc.com\/cs\/wp-content\/uploads\/sites\/2\/2022\/02\/Buy-Blueberry-Nuken-Shatter.jpg","contentUrl":"https:\/\/medicinasinc.com\/cs\/wp-content\/uploads\/sites\/2\/2022\/02\/Buy-Blueberry-Nuken-Shatter.jpg","width":600,"height":600},{"@type":"BreadcrumbList","@id":"https:\/\/medicinasinc.com\/cs\/product\/buy-boruvka-nuken-shatter-top-police\/#breadcrumb","itemListElement":[{"@type":"ListItem","position":1,"name":"Obchod","item":"https:\/\/medicinasinc.com\/cs\/obchod\/"},{"@type":"ListItem","position":2,"name":"Koupit Blueberry Nuken Shatter \u2013 horn\u00ed police"}]},{"@type":"WebSite","@id":"https:\/\/medicinasinc.com\/cs\/#website","url":"https:\/\/medicinasinc.com\/cs\/","name":"Medicinas Inc","description":"Health Medical Clinic","potentialAction":[{"@type":"SearchAction","target":{"@type":"EntryPoint","urlTemplate":"https:\/\/medicinasinc.com\/cs\/?s={search_term_string}"},"query-input":{"@type":"PropertyValueSpecification","valueRequired":true,"valueName":"search_term_string"}}],"inLanguage":"en-US"}]}},"_links":{"self":[{"href":"https:\/\/medicinasinc.com\/cs\/wp-json\/wp\/v2\/product\/4871","targetHints":{"allow":["GET"]}}],"collection":[{"href":"https:\/\/medicinasinc.com\/cs\/wp-json\/wp\/v2\/product"}],"about":[{"href":"https:\/\/medicinasinc.com\/cs\/wp-json\/wp\/v2\/types\/product"}],"replies":[{"embeddable":true,"href":"https:\/\/medicinasinc.com\/cs\/wp-json\/wp\/v2\/comments?post=4871"}],"wp:featuredmedia":[{"embeddable":true,"href":"https:\/\/medicinasinc.com\/cs\/wp-json\/wp\/v2\/media\/4885"}],"wp:attachment":[{"href":"https:\/\/medicinasinc.com\/cs\/wp-json\/wp\/v2\/media?parent=4871"}],"wp:term":[{"taxonomy":"product_brand","embeddable":true,"href":"https:\/\/medicinasinc.com\/cs\/wp-json\/wp\/v2\/product_brand?post=4871"},{"taxonomy":"product_cat","embeddable":true,"href":"https:\/\/medicinasinc.com\/cs\/wp-json\/wp\/v2\/product_cat?post=4871"},{"taxonomy":"product_tag","embeddable":true,"href":"https:\/\/medicinasinc.com\/cs\/wp-json\/wp\/v2\/product_tag?post=4871"}],"curies":[{"name":"wp","href":"https:\/\/api.w.org\/{rel}","templated":true}]}}