{"id":4861,"date":"2022-02-20T17:01:48","date_gmt":"2022-02-20T17:01:48","guid":{"rendered":"https:\/\/medicinasinc.com\/cs\/?post_type=product&#038;p=4861"},"modified":"2022-03-14T12:42:14","modified_gmt":"2022-03-14T12:42:14","slug":"buy-lsd-100mcg-blotters","status":"publish","type":"product","link":"https:\/\/medicinasinc.com\/cs\/product\/buy-lsd-100mcg-blotters\/","title":{"rendered":"Koupit LSD 100mcg BLOTTERS"},"content":{"rendered":"<p>BLOTTERS LSD 100mcg lze zakoupit online.<\/p>\n<p>BLOTTERS LSD 100mcg lze zakoupit online. Prod\u00e1v\u00e1me tak\u00e9 karty LSD. Dal\u0161\u00ed informace o LSD naleznete na t\u00e9to str\u00e1nce.<\/p>\n<p>Online n\u00e1kup soln\u00e9ho\/sav\u00e9ho pap\u00edru LSD (diethylamid kyseliny lysergov\u00e9)<\/p>\n<p>&nbsp;<\/p>\n<p>LSD (Lysergic Acid Diethylamide), zkr\u00e1cen\u011b LSD nebo LSD-25, je semisyntetick\u00e1 psychedelick\u00e1 droga z rodiny ergolinu, kter\u00e1 je dob\u0159e zn\u00e1m\u00e1 pro sv\u00e9 psychologick\u00e9 \u00fa\u010dinky.<br \/> Levn\u00fd sav\u00fd pap\u00edr LSD (Lysergic Acid Diethylamide) si m\u016f\u017eete zakoupit online (za n\u00edzkou cenu )<br \/> Chemicals &amp; Pr\u00e1\u0161ky pro v\u00fdzkum<br \/> Nepropriet\u00e1rn\u00ed zna\u010dka<br \/> Kyselina, koupelov\u00e9 soli, sav\u00fd pap\u00edr, sav\u00fd pap\u00edr, chemik\u00e1lie, hity, LSD, LSD-25, kyselina lysergov\u00e1, diethylamid kyseliny lysergov\u00e9, pap\u00edr, v\u00fdzkumn\u00e9 chemik\u00e1lie a sav\u00e9 pap\u00edry, kyselina lysergov\u00e1, diethylamid kyseliny lysergov\u00e9, s\u016fl, list<\/p>\n","protected":false},"excerpt":{"rendered":"<div class=\"woocommerce-product-details__short-description\">\n<p>BLOTTERS LSD 100mcg lze zakoupit online. Kupte si pr\u00e1\u0161ek LSD 100mcg BLOTTERS za zv\u00fdhodn\u011bnou cenu | Kde koupit pr\u00e1\u0161ek LSD 100mcg BLOTTERS online. Online n\u00e1kup diethylamidu kyseliny lysergov\u00e9 &#8211; LSD BLOTTERS na prodej<\/p>\n<p>Online prodejci prod\u00e1vaj\u00ed LSD (Lysergic Acid Diethylamide) soln\u00fd\/blotterov\u00fd pap\u00edr.<br \/> Cena produktu je n\u00e1sleduj\u00edc\u00ed: za list (sac\u00ed pap\u00edr)<\/p>\n<\/p><\/div>\n","protected":false},"featured_media":4876,"comment_status":"open","ping_status":"closed","template":"","meta":[],"product_brand":[],"product_cat":[703],"product_tag":[745,746,748,771,750,772,754,755,756,747,775,751,752,753,757,758,760,763,764,765,768,769,770,761,762,759,774,749,776,773,766,767],"class_list":{"0":"post-4861","1":"product","2":"type-product","3":"status-publish","4":"has-post-thumbnail","6":"product_cat-kupte-si-psychedelicke-drogy","7":"product_tag-1p-lsd-buy-usa","8":"product_tag-1p-lsd-blotter-100-mcg","9":"product_tag-art-sheets-edible","10":"product_tag-lysergov-kyselina-diethylamid-bloterazzi","11":"product_tag-blotter-acid-for-sale","12":"product_tag-blottery-s-diethylamidem-kyseliny-lysergov","13":"product_tag-buy-lysergic-acid-diethylamide-blotter-list","14":"product_tag-jak-mete-prozradit-li-v-lsd-blotter-je-skuten-nebo-jeden-z-2c-rodiny","15":"product_tag-jak-vy-pouvte-lsd-blotter-tab","16":"product_tag-are-lsd","17":"product_tag-kde-mohu-si-koupit-blotter-paper","18":"product_tag-buy-1-p-lsd","19":"product_tag-buy-lsd-blotter-sheets","20":"product_tag-buy-lsd-blotters-legal-highs-online","21":"product_tag-lsd-andra-sakte-aven-efter","22":"product_tag-lsd-blotter-art-for-sale","23":"product_tag-lsd-blotter-hofmann","24":"product_tag-lsd-blotter-sheets","25":"product_tag-lsd-blotter-shop","26":"product_tag-lsd-blotter-site","27":"product_tag-lsd-blotters-dose","28":"product_tag-lsd-tabs-buy","29":"product_tag-lsd-to-buy","30":"product_tag-lsd-blotter-paper-acid","31":"product_tag-lsd-blotter-sheet","32":"product_tag-lsd-blotter-cost","33":"product_tag-lysergov-kyselina-diethylamid-nzvy-ulic","34":"product_tag-npoj-c3-a1k","35":"product_tag-pro-do-lsd-blotter-tabs-maj-nvrhy-na-nch","36":"product_tag-lysergov-kyselina-diethylamid-na-prodej","37":"product_tag-lsd-blotter-storage","38":"product_tag-lsd-blotter-tab-size","40":"first","41":"instock","42":"shipping-taxable","43":"purchasable","44":"product-type-variable","45":"has-default-attributes"},"yoast_head":"<!-- This site is optimized with the Yoast SEO plugin v27.3 - https:\/\/yoast.com\/product\/yoast-seo-wordpress\/ -->\n<title>Koupit LSD 100mcg BLOTTERS \u2013 nejlep\u0161\u00ed nejlep\u0161\u00ed glob\u00e1ln\u00ed l\u00e9ky<\/title>\n<meta name=\"description\" content=\"Kupte si blottery LSD 100 mcg v Evrop\u011b Spojen\u00e9 kr\u00e1lovstv\u00ed na prodej 1-propionyl-LSD (aka 1P-LSD blottery) za skv\u011blou cenu. Klikn\u011bte na web a objednejte je\u0161t\u011b dnes!\" \/>\n<meta name=\"robots\" content=\"index, follow, max-snippet:-1, max-image-preview:large, max-video-preview:-1\" \/>\n<link rel=\"canonical\" href=\"https:\/\/medicinasinc.com\/cs\/product\/buy-lsd-100mcg-blotters\/\" \/>\n<meta property=\"og:locale\" content=\"en_US\" \/>\n<meta property=\"og:type\" content=\"article\" \/>\n<meta property=\"og:title\" content=\"Koupit LSD 100mcg BLOTTERS \u2013 nejlep\u0161\u00ed nejlep\u0161\u00ed glob\u00e1ln\u00ed l\u00e9ky\" \/>\n<meta property=\"og:description\" content=\"Kupte si blottery LSD 100 mcg v Evrop\u011b Spojen\u00e9 kr\u00e1lovstv\u00ed na prodej 1-propionyl-LSD (aka 1P-LSD blottery) za skv\u011blou cenu. Klikn\u011bte na web a objednejte je\u0161t\u011b dnes!\" \/>\n<meta property=\"og:url\" content=\"https:\/\/medicinasinc.com\/cs\/product\/buy-lsd-100mcg-blotters\/\" \/>\n<meta property=\"og:site_name\" content=\"Medicinas Inc\" \/>\n<meta property=\"article:modified_time\" content=\"2022-03-14T12:42:14+00:00\" \/>\n<meta property=\"og:image\" content=\"https:\/\/medicinasinc.com\/cs\/wp-content\/uploads\/sites\/2\/2022\/02\/Buy-LSD-100mcg-blotters-1.jpg\" \/>\n\t<meta property=\"og:image:width\" content=\"960\" \/>\n\t<meta property=\"og:image:height\" content=\"720\" \/>\n\t<meta property=\"og:image:type\" content=\"image\/jpeg\" \/>\n<meta name=\"twitter:card\" content=\"summary_large_image\" \/>\n<meta name=\"twitter:label1\" content=\"Est. reading time\" \/>\n\t<meta name=\"twitter:data1\" content=\"1 minute\" \/>\n<script type=\"application\/ld+json\" class=\"yoast-schema-graph\">{\"@context\":\"https:\\\/\\\/schema.org\",\"@graph\":[{\"@type\":\"WebPage\",\"@id\":\"https:\\\/\\\/medicinasinc.com\\\/cs\\\/product\\\/buy-lsd-100mcg-blotters\\\/\",\"url\":\"https:\\\/\\\/medicinasinc.com\\\/cs\\\/product\\\/buy-lsd-100mcg-blotters\\\/\",\"name\":\"Koupit LSD 100mcg BLOTTERS \u2013 nejlep\u0161\u00ed nejlep\u0161\u00ed glob\u00e1ln\u00ed l\u00e9ky\",\"isPartOf\":{\"@id\":\"https:\\\/\\\/medicinasinc.com\\\/cs\\\/#website\"},\"primaryImageOfPage\":{\"@id\":\"https:\\\/\\\/medicinasinc.com\\\/cs\\\/product\\\/buy-lsd-100mcg-blotters\\\/#primaryimage\"},\"image\":{\"@id\":\"https:\\\/\\\/medicinasinc.com\\\/cs\\\/product\\\/buy-lsd-100mcg-blotters\\\/#primaryimage\"},\"thumbnailUrl\":\"https:\\\/\\\/medicinasinc.com\\\/cs\\\/wp-content\\\/uploads\\\/sites\\\/2\\\/2022\\\/02\\\/Buy-LSD-100mcg-blotters-1.jpg\",\"datePublished\":\"2022-02-20T17:01:48+00:00\",\"dateModified\":\"2022-03-14T12:42:14+00:00\",\"description\":\"Kupte si blottery LSD 100 mcg v Evrop\u011b Spojen\u00e9 kr\u00e1lovstv\u00ed na prodej 1-propionyl-LSD (aka 1P-LSD blottery) za skv\u011blou cenu. Klikn\u011bte na web a objednejte je\u0161t\u011b dnes!\",\"breadcrumb\":{\"@id\":\"https:\\\/\\\/medicinasinc.com\\\/cs\\\/product\\\/buy-lsd-100mcg-blotters\\\/#breadcrumb\"},\"inLanguage\":\"en-US\",\"potentialAction\":[{\"@type\":\"ReadAction\",\"target\":[\"https:\\\/\\\/medicinasinc.com\\\/cs\\\/product\\\/buy-lsd-100mcg-blotters\\\/\"]}]},{\"@type\":\"ImageObject\",\"inLanguage\":\"en-US\",\"@id\":\"https:\\\/\\\/medicinasinc.com\\\/cs\\\/product\\\/buy-lsd-100mcg-blotters\\\/#primaryimage\",\"url\":\"https:\\\/\\\/medicinasinc.com\\\/cs\\\/wp-content\\\/uploads\\\/sites\\\/2\\\/2022\\\/02\\\/Buy-LSD-100mcg-blotters-1.jpg\",\"contentUrl\":\"https:\\\/\\\/medicinasinc.com\\\/cs\\\/wp-content\\\/uploads\\\/sites\\\/2\\\/2022\\\/02\\\/Buy-LSD-100mcg-blotters-1.jpg\",\"width\":960,\"height\":720},{\"@type\":\"BreadcrumbList\",\"@id\":\"https:\\\/\\\/medicinasinc.com\\\/cs\\\/product\\\/buy-lsd-100mcg-blotters\\\/#breadcrumb\",\"itemListElement\":[{\"@type\":\"ListItem\",\"position\":1,\"name\":\"Obchod\",\"item\":\"https:\\\/\\\/medicinasinc.com\\\/cs\\\/obchod\\\/\"},{\"@type\":\"ListItem\",\"position\":2,\"name\":\"Koupit LSD 100mcg BLOTTERS\"}]},{\"@type\":\"WebSite\",\"@id\":\"https:\\\/\\\/medicinasinc.com\\\/cs\\\/#website\",\"url\":\"https:\\\/\\\/medicinasinc.com\\\/cs\\\/\",\"name\":\"Medicinas Inc\",\"description\":\"Health Medical Clinic\",\"potentialAction\":[{\"@type\":\"SearchAction\",\"target\":{\"@type\":\"EntryPoint\",\"urlTemplate\":\"https:\\\/\\\/medicinasinc.com\\\/cs\\\/?s={search_term_string}\"},\"query-input\":{\"@type\":\"PropertyValueSpecification\",\"valueRequired\":true,\"valueName\":\"search_term_string\"}}],\"inLanguage\":\"en-US\"}]}<\/script>\n<!-- \/ Yoast SEO plugin. -->","yoast_head_json":{"title":"Koupit LSD 100mcg BLOTTERS \u2013 nejlep\u0161\u00ed nejlep\u0161\u00ed glob\u00e1ln\u00ed l\u00e9ky","description":"Kupte si blottery LSD 100 mcg v Evrop\u011b Spojen\u00e9 kr\u00e1lovstv\u00ed na prodej 1-propionyl-LSD (aka 1P-LSD blottery) za skv\u011blou cenu. Klikn\u011bte na web a objednejte je\u0161t\u011b dnes!","robots":{"index":"index","follow":"follow","max-snippet":"max-snippet:-1","max-image-preview":"max-image-preview:large","max-video-preview":"max-video-preview:-1"},"canonical":"https:\/\/medicinasinc.com\/cs\/product\/buy-lsd-100mcg-blotters\/","og_locale":"en_US","og_type":"article","og_title":"Koupit LSD 100mcg BLOTTERS \u2013 nejlep\u0161\u00ed nejlep\u0161\u00ed glob\u00e1ln\u00ed l\u00e9ky","og_description":"Kupte si blottery LSD 100 mcg v Evrop\u011b Spojen\u00e9 kr\u00e1lovstv\u00ed na prodej 1-propionyl-LSD (aka 1P-LSD blottery) za skv\u011blou cenu. Klikn\u011bte na web a objednejte je\u0161t\u011b dnes!","og_url":"https:\/\/medicinasinc.com\/cs\/product\/buy-lsd-100mcg-blotters\/","og_site_name":"Medicinas Inc","article_modified_time":"2022-03-14T12:42:14+00:00","og_image":[{"width":960,"height":720,"url":"https:\/\/medicinasinc.com\/cs\/wp-content\/uploads\/sites\/2\/2022\/02\/Buy-LSD-100mcg-blotters-1.jpg","type":"image\/jpeg"}],"twitter_card":"summary_large_image","twitter_misc":{"Est. reading time":"1 minute"},"schema":{"@context":"https:\/\/schema.org","@graph":[{"@type":"WebPage","@id":"https:\/\/medicinasinc.com\/cs\/product\/buy-lsd-100mcg-blotters\/","url":"https:\/\/medicinasinc.com\/cs\/product\/buy-lsd-100mcg-blotters\/","name":"Koupit LSD 100mcg BLOTTERS \u2013 nejlep\u0161\u00ed nejlep\u0161\u00ed glob\u00e1ln\u00ed l\u00e9ky","isPartOf":{"@id":"https:\/\/medicinasinc.com\/cs\/#website"},"primaryImageOfPage":{"@id":"https:\/\/medicinasinc.com\/cs\/product\/buy-lsd-100mcg-blotters\/#primaryimage"},"image":{"@id":"https:\/\/medicinasinc.com\/cs\/product\/buy-lsd-100mcg-blotters\/#primaryimage"},"thumbnailUrl":"https:\/\/medicinasinc.com\/cs\/wp-content\/uploads\/sites\/2\/2022\/02\/Buy-LSD-100mcg-blotters-1.jpg","datePublished":"2022-02-20T17:01:48+00:00","dateModified":"2022-03-14T12:42:14+00:00","description":"Kupte si blottery LSD 100 mcg v Evrop\u011b Spojen\u00e9 kr\u00e1lovstv\u00ed na prodej 1-propionyl-LSD (aka 1P-LSD blottery) za skv\u011blou cenu. Klikn\u011bte na web a objednejte je\u0161t\u011b dnes!","breadcrumb":{"@id":"https:\/\/medicinasinc.com\/cs\/product\/buy-lsd-100mcg-blotters\/#breadcrumb"},"inLanguage":"en-US","potentialAction":[{"@type":"ReadAction","target":["https:\/\/medicinasinc.com\/cs\/product\/buy-lsd-100mcg-blotters\/"]}]},{"@type":"ImageObject","inLanguage":"en-US","@id":"https:\/\/medicinasinc.com\/cs\/product\/buy-lsd-100mcg-blotters\/#primaryimage","url":"https:\/\/medicinasinc.com\/cs\/wp-content\/uploads\/sites\/2\/2022\/02\/Buy-LSD-100mcg-blotters-1.jpg","contentUrl":"https:\/\/medicinasinc.com\/cs\/wp-content\/uploads\/sites\/2\/2022\/02\/Buy-LSD-100mcg-blotters-1.jpg","width":960,"height":720},{"@type":"BreadcrumbList","@id":"https:\/\/medicinasinc.com\/cs\/product\/buy-lsd-100mcg-blotters\/#breadcrumb","itemListElement":[{"@type":"ListItem","position":1,"name":"Obchod","item":"https:\/\/medicinasinc.com\/cs\/obchod\/"},{"@type":"ListItem","position":2,"name":"Koupit LSD 100mcg BLOTTERS"}]},{"@type":"WebSite","@id":"https:\/\/medicinasinc.com\/cs\/#website","url":"https:\/\/medicinasinc.com\/cs\/","name":"Medicinas Inc","description":"Health Medical Clinic","potentialAction":[{"@type":"SearchAction","target":{"@type":"EntryPoint","urlTemplate":"https:\/\/medicinasinc.com\/cs\/?s={search_term_string}"},"query-input":{"@type":"PropertyValueSpecification","valueRequired":true,"valueName":"search_term_string"}}],"inLanguage":"en-US"}]}},"_links":{"self":[{"href":"https:\/\/medicinasinc.com\/cs\/wp-json\/wp\/v2\/product\/4861","targetHints":{"allow":["GET"]}}],"collection":[{"href":"https:\/\/medicinasinc.com\/cs\/wp-json\/wp\/v2\/product"}],"about":[{"href":"https:\/\/medicinasinc.com\/cs\/wp-json\/wp\/v2\/types\/product"}],"replies":[{"embeddable":true,"href":"https:\/\/medicinasinc.com\/cs\/wp-json\/wp\/v2\/comments?post=4861"}],"wp:featuredmedia":[{"embeddable":true,"href":"https:\/\/medicinasinc.com\/cs\/wp-json\/wp\/v2\/media\/4876"}],"wp:attachment":[{"href":"https:\/\/medicinasinc.com\/cs\/wp-json\/wp\/v2\/media?parent=4861"}],"wp:term":[{"taxonomy":"product_brand","embeddable":true,"href":"https:\/\/medicinasinc.com\/cs\/wp-json\/wp\/v2\/product_brand?post=4861"},{"taxonomy":"product_cat","embeddable":true,"href":"https:\/\/medicinasinc.com\/cs\/wp-json\/wp\/v2\/product_cat?post=4861"},{"taxonomy":"product_tag","embeddable":true,"href":"https:\/\/medicinasinc.com\/cs\/wp-json\/wp\/v2\/product_tag?post=4861"}],"curies":[{"name":"wp","href":"https:\/\/api.w.org\/{rel}","templated":true}]}}