{"id":4859,"date":"2022-02-20T17:00:55","date_gmt":"2022-02-20T17:00:55","guid":{"rendered":"https:\/\/medicinasinc.com\/cs\/?post_type=product&#038;p=4859"},"modified":"2022-03-14T12:42:24","modified_gmt":"2022-03-14T12:42:24","slug":"koupit-kvalitni-al-lad-blotters","status":"publish","type":"product","link":"https:\/\/medicinasinc.com\/cs\/product\/koupit-kvalitni-al-lad-blotters\/","title":{"rendered":"Kupte si kvalitn\u00ed saje AL-LAD"},"content":{"rendered":"<p>Nakupujte levn\u00e9 saje AL-LAD online. 150mcg saje AL-LAD.<\/p>\n<p>Co p\u0159esn\u011b je AL-LAD?<\/p>\n<p>6-allyl-6-nor-<\/p>\n<p>AL-LAD, b\u011b\u017en\u011bji ozna\u010dovan\u00fd jako LSD je psychedelick\u00e1 droga s vlastnostmi podobn\u00fdmi LSD (diethylamid kyseliny lysergov\u00e9). Poprv\u00e9 byla syntetizov\u00e1na v roce 1976 a od t\u00e9 doby se stala popul\u00e1rn\u00ed drogou na trhu s \u201echemik\u00e1liemi pro v\u00fdzkum\u201c a \u201enov\u00fdmi psychoaktivn\u00edmi l\u00e1tkami\u201c. AL-LAD vytv\u00e1\u0159\u00ed psychoaktivn\u00ed &#8220;v\u00fdlet&#8221;, kter\u00fd je velmi podobn\u00fd LSD.<\/p>\n<p>AL-LAD byl poprv\u00e9 pou\u017eit rekrea\u010dn\u011b v Irsku a Spojen\u00e9m kr\u00e1lovstv\u00ed. Byl uveden v knize Alexandra Shulgina z roku 1997 TIHKAL (Tryptaminy, kter\u00e9 jsem znal a miloval). V d\u016fsledku toho se popularita drogy roz\u0161\u00ed\u0159ila po cel\u00e9m sv\u011bt\u011b. Nyn\u00ed s touto drogou experimentuj\u00ed lid\u00e9 po cel\u00e9m sv\u011bt\u011b, v\u010detn\u011b Spojen\u00fdch st\u00e1t\u016f.<\/p>\n<p>Pr\u00e1vn\u00ed status AL-LAD je pon\u011bkud nejednozna\u010dn\u00fd. Podle feder\u00e1ln\u00edho z\u00e1kona ve Spojen\u00fdch st\u00e1tech nen\u00ed klasifikov\u00e1na jako kontrolovan\u00e1 l\u00e1tka. Je to v\u0161ak analogie LSD, co\u017e znamen\u00e1, \u017ee prodej nebo dr\u017een\u00ed za \u00fa\u010delem distribuce m\u016f\u017ee m\u00edt za n\u00e1sledek st\u00edh\u00e1n\u00ed podle feder\u00e1ln\u00edho z\u00e1kona o analogii.<\/p>\n<p>V\u00fdlety AL-LAD se ve v\u011bt\u0161in\u011b ohled\u016f podobaj\u00ed v\u00fdlet\u016fm s LSD. Droga se u\u017e\u00edv\u00e1 peror\u00e1ln\u011b, \u010dasto prost\u0159ednictv\u00edm sav\u00fdch pap\u00edr\u016f. V d\u016fsledku toho se \u00fa\u010dinky za\u010dnou projevovat dvacet minut a\u017e hodinu po konzumaci. U\u017eivatel\u00e9 se setkaj\u00ed s n\u00e1sleduj\u00edc\u00edm:<\/p>\n<p>Stimulac\u00ed nebo zv\u00fd\u0161en\u00edm energie<br \/> Euforie<br \/> Brn\u011bn\u00ed nebo necitlivost kon\u010detin<br \/> Senzibilizace<br \/> Vizu\u00e1ln\u00ed dezorientace<br \/> Halucinace<\/p>\n<p>Mezi mo\u017en\u00e9 ne\u017e\u00e1douc\u00ed \u00fa\u010dinky u\u017e\u00edv\u00e1n\u00ed AL-LAD pat\u0159\u00ed:<br \/> Obt\u00ed\u017ee se soust\u0159ed\u011bn\u00edm nebo my\u0161len\u00edm<br \/> Zv\u00fd\u0161en\u00e1 srde\u010dn\u00ed frekvence<br \/> Kol\u00eds\u00e1n\u00ed teploty v t\u011ble<br \/> Nevolnost<br \/> Bludy<br \/> Smy\u010dky negativn\u00edch my\u0161lenek<br \/> Konstrikce c\u00e9v (stahov\u00e1n\u00ed c\u00e9v)<br \/> Z\u00e1chvaty<\/p>\n<p>LSD je jednou z nejrozs\u00e1hleji prozkouman\u00fdch psychedelick\u00fdch l\u00e1tek. Navzdory ozna\u010den\u00ed \u201ev\u00fdzkumn\u00e1 droga\u201c bylo na AL-LAD provedeno velmi m\u00e1lo skute\u010dn\u00e9ho v\u011bdeck\u00e9ho v\u00fdzkumu. To znamen\u00e1, \u017ee v\u00fd\u010det okam\u017eit\u00fdch n\u00e1sledk\u016f nemus\u00ed b\u00fdt vy\u010derp\u00e1vaj\u00edc\u00ed. Krom\u011b toho existuje jen mal\u00fd nebo \u017e\u00e1dn\u00fd v\u00fdzkum dlouhodob\u00fdch \u00fa\u010dink\u016f drogy.<\/p>\n<p>Dlouhotrvaj\u00edc\u00ed zneu\u017e\u00edv\u00e1n\u00ed halucinogen\u016f m\u016f\u017ee m\u00edt \u0159adu negativn\u00edch d\u016fsledk\u016f. HPPD je stav, kdy \u010dlov\u011bk za\u017e\u00edv\u00e1 spont\u00e1nn\u00ed vzplanut\u00ed zrakov\u00fdch zkreslen\u00ed nebo halucinac\u00ed. Tato chronick\u00e1 porucha byla pozorov\u00e1na u jedinc\u016f, kte\u0159\u00ed u\u017e\u00edvali r\u016fzn\u00e9 halucinogenn\u00ed l\u00e1tky, v\u010detn\u011b LSD, hub a DMT.<\/p>\n","protected":false},"excerpt":{"rendered":"<p>Koupit sav\u00fd pap\u00edr AL-LAD levn\u011b na prodej Velk\u00e1 Brit\u00e1nie, Evropa online. 6-allyl-6-nor-LSD je psychedelick\u00fd lysergamid zn\u00e1m\u00fd tak\u00e9 jako AL LAD (diethylamid kyseliny lysergov\u00e9). 150mcg AL-LAD pijavice.<\/p>\n<p>Minim\u00e1ln\u00ed objedn\u00e1vka je 15 pijavek.<\/p>\n","protected":false},"featured_media":4874,"comment_status":"open","ping_status":"closed","template":"","meta":[],"product_brand":[],"product_cat":[703],"product_tag":[],"class_list":{"0":"post-4859","1":"product","2":"type-product","3":"status-publish","4":"has-post-thumbnail","6":"product_cat-kupte-si-psychedelicke-drogy","8":"first","9":"instock","10":"shipping-taxable","11":"purchasable","12":"product-type-variable","13":"has-default-attributes"},"yoast_head":"<!-- This site is optimized with the Yoast SEO plugin v27.3 - https:\/\/yoast.com\/product\/yoast-seo-wordpress\/ -->\n<title>Kupte si kvalitn\u00ed saje AL-LAD \u2013 nejlep\u0161\u00ed nejlep\u0161\u00ed glob\u00e1ln\u00ed l\u00e9ky<\/title>\n<meta name=\"description\" content=\"Kupte si sa\u010dky AL-LAD levn\u011b na prodej Velk\u00e1 Brit\u00e1nie, Evropa Online. 6-allyl-6-nor-LSD je psychedelick\u00fd lysergamid zn\u00e1m\u00fd tak\u00e9 jako AL LAD (diethylamid kyseliny lysergov\u00e9). 150mcg AL-LAD pijavice.\" \/>\n<meta name=\"robots\" content=\"index, follow, max-snippet:-1, max-image-preview:large, max-video-preview:-1\" \/>\n<link rel=\"canonical\" href=\"https:\/\/medicinasinc.com\/cs\/product\/koupit-kvalitni-al-lad-blotters\/\" \/>\n<meta property=\"og:locale\" content=\"en_US\" \/>\n<meta property=\"og:type\" content=\"article\" \/>\n<meta property=\"og:title\" content=\"Kupte si kvalitn\u00ed saje AL-LAD \u2013 nejlep\u0161\u00ed nejlep\u0161\u00ed glob\u00e1ln\u00ed l\u00e9ky\" \/>\n<meta property=\"og:description\" content=\"Kupte si sa\u010dky AL-LAD levn\u011b na prodej Velk\u00e1 Brit\u00e1nie, Evropa Online. 6-allyl-6-nor-LSD je psychedelick\u00fd lysergamid zn\u00e1m\u00fd tak\u00e9 jako AL LAD (diethylamid kyseliny lysergov\u00e9). 150mcg AL-LAD pijavice.\" \/>\n<meta property=\"og:url\" content=\"https:\/\/medicinasinc.com\/cs\/product\/koupit-kvalitni-al-lad-blotters\/\" \/>\n<meta property=\"og:site_name\" content=\"Medicinas Inc\" \/>\n<meta property=\"article:modified_time\" content=\"2022-03-14T12:42:24+00:00\" \/>\n<meta property=\"og:image\" content=\"https:\/\/medicinasinc.com\/cs\/wp-content\/uploads\/sites\/2\/2022\/02\/Buy-Quality-AL-LAD-blotters.jpg\" \/>\n\t<meta property=\"og:image:width\" content=\"225\" \/>\n\t<meta property=\"og:image:height\" content=\"225\" \/>\n\t<meta property=\"og:image:type\" content=\"image\/jpeg\" \/>\n<meta name=\"twitter:card\" content=\"summary_large_image\" \/>\n<meta name=\"twitter:label1\" content=\"Est. reading time\" \/>\n\t<meta name=\"twitter:data1\" content=\"2 minutes\" \/>\n<script type=\"application\/ld+json\" class=\"yoast-schema-graph\">{\"@context\":\"https:\\\/\\\/schema.org\",\"@graph\":[{\"@type\":\"WebPage\",\"@id\":\"https:\\\/\\\/medicinasinc.com\\\/cs\\\/product\\\/koupit-kvalitni-al-lad-blotters\\\/\",\"url\":\"https:\\\/\\\/medicinasinc.com\\\/cs\\\/product\\\/koupit-kvalitni-al-lad-blotters\\\/\",\"name\":\"Kupte si kvalitn\u00ed saje AL-LAD \u2013 nejlep\u0161\u00ed nejlep\u0161\u00ed glob\u00e1ln\u00ed l\u00e9ky\",\"isPartOf\":{\"@id\":\"https:\\\/\\\/medicinasinc.com\\\/cs\\\/#website\"},\"primaryImageOfPage\":{\"@id\":\"https:\\\/\\\/medicinasinc.com\\\/cs\\\/product\\\/koupit-kvalitni-al-lad-blotters\\\/#primaryimage\"},\"image\":{\"@id\":\"https:\\\/\\\/medicinasinc.com\\\/cs\\\/product\\\/koupit-kvalitni-al-lad-blotters\\\/#primaryimage\"},\"thumbnailUrl\":\"https:\\\/\\\/medicinasinc.com\\\/cs\\\/wp-content\\\/uploads\\\/sites\\\/2\\\/2022\\\/02\\\/Buy-Quality-AL-LAD-blotters.jpg\",\"datePublished\":\"2022-02-20T17:00:55+00:00\",\"dateModified\":\"2022-03-14T12:42:24+00:00\",\"description\":\"Kupte si sa\u010dky AL-LAD levn\u011b na prodej Velk\u00e1 Brit\u00e1nie, Evropa Online. 6-allyl-6-nor-LSD je psychedelick\u00fd lysergamid zn\u00e1m\u00fd tak\u00e9 jako AL LAD (diethylamid kyseliny lysergov\u00e9). 150mcg AL-LAD pijavice.\",\"breadcrumb\":{\"@id\":\"https:\\\/\\\/medicinasinc.com\\\/cs\\\/product\\\/koupit-kvalitni-al-lad-blotters\\\/#breadcrumb\"},\"inLanguage\":\"en-US\",\"potentialAction\":[{\"@type\":\"ReadAction\",\"target\":[\"https:\\\/\\\/medicinasinc.com\\\/cs\\\/product\\\/koupit-kvalitni-al-lad-blotters\\\/\"]}]},{\"@type\":\"ImageObject\",\"inLanguage\":\"en-US\",\"@id\":\"https:\\\/\\\/medicinasinc.com\\\/cs\\\/product\\\/koupit-kvalitni-al-lad-blotters\\\/#primaryimage\",\"url\":\"https:\\\/\\\/medicinasinc.com\\\/cs\\\/wp-content\\\/uploads\\\/sites\\\/2\\\/2022\\\/02\\\/Buy-Quality-AL-LAD-blotters.jpg\",\"contentUrl\":\"https:\\\/\\\/medicinasinc.com\\\/cs\\\/wp-content\\\/uploads\\\/sites\\\/2\\\/2022\\\/02\\\/Buy-Quality-AL-LAD-blotters.jpg\",\"width\":225,\"height\":225},{\"@type\":\"BreadcrumbList\",\"@id\":\"https:\\\/\\\/medicinasinc.com\\\/cs\\\/product\\\/koupit-kvalitni-al-lad-blotters\\\/#breadcrumb\",\"itemListElement\":[{\"@type\":\"ListItem\",\"position\":1,\"name\":\"Obchod\",\"item\":\"https:\\\/\\\/medicinasinc.com\\\/cs\\\/obchod\\\/\"},{\"@type\":\"ListItem\",\"position\":2,\"name\":\"Kupte si kvalitn\u00ed saje AL-LAD\"}]},{\"@type\":\"WebSite\",\"@id\":\"https:\\\/\\\/medicinasinc.com\\\/cs\\\/#website\",\"url\":\"https:\\\/\\\/medicinasinc.com\\\/cs\\\/\",\"name\":\"Medicinas Inc\",\"description\":\"Health Medical Clinic\",\"potentialAction\":[{\"@type\":\"SearchAction\",\"target\":{\"@type\":\"EntryPoint\",\"urlTemplate\":\"https:\\\/\\\/medicinasinc.com\\\/cs\\\/?s={search_term_string}\"},\"query-input\":{\"@type\":\"PropertyValueSpecification\",\"valueRequired\":true,\"valueName\":\"search_term_string\"}}],\"inLanguage\":\"en-US\"}]}<\/script>\n<!-- \/ Yoast SEO plugin. -->","yoast_head_json":{"title":"Kupte si kvalitn\u00ed saje AL-LAD \u2013 nejlep\u0161\u00ed nejlep\u0161\u00ed glob\u00e1ln\u00ed l\u00e9ky","description":"Kupte si sa\u010dky AL-LAD levn\u011b na prodej Velk\u00e1 Brit\u00e1nie, Evropa Online. 6-allyl-6-nor-LSD je psychedelick\u00fd lysergamid zn\u00e1m\u00fd tak\u00e9 jako AL LAD (diethylamid kyseliny lysergov\u00e9). 150mcg AL-LAD pijavice.","robots":{"index":"index","follow":"follow","max-snippet":"max-snippet:-1","max-image-preview":"max-image-preview:large","max-video-preview":"max-video-preview:-1"},"canonical":"https:\/\/medicinasinc.com\/cs\/product\/koupit-kvalitni-al-lad-blotters\/","og_locale":"en_US","og_type":"article","og_title":"Kupte si kvalitn\u00ed saje AL-LAD \u2013 nejlep\u0161\u00ed nejlep\u0161\u00ed glob\u00e1ln\u00ed l\u00e9ky","og_description":"Kupte si sa\u010dky AL-LAD levn\u011b na prodej Velk\u00e1 Brit\u00e1nie, Evropa Online. 6-allyl-6-nor-LSD je psychedelick\u00fd lysergamid zn\u00e1m\u00fd tak\u00e9 jako AL LAD (diethylamid kyseliny lysergov\u00e9). 150mcg AL-LAD pijavice.","og_url":"https:\/\/medicinasinc.com\/cs\/product\/koupit-kvalitni-al-lad-blotters\/","og_site_name":"Medicinas Inc","article_modified_time":"2022-03-14T12:42:24+00:00","og_image":[{"width":225,"height":225,"url":"https:\/\/medicinasinc.com\/cs\/wp-content\/uploads\/sites\/2\/2022\/02\/Buy-Quality-AL-LAD-blotters.jpg","type":"image\/jpeg"}],"twitter_card":"summary_large_image","twitter_misc":{"Est. reading time":"2 minutes"},"schema":{"@context":"https:\/\/schema.org","@graph":[{"@type":"WebPage","@id":"https:\/\/medicinasinc.com\/cs\/product\/koupit-kvalitni-al-lad-blotters\/","url":"https:\/\/medicinasinc.com\/cs\/product\/koupit-kvalitni-al-lad-blotters\/","name":"Kupte si kvalitn\u00ed saje AL-LAD \u2013 nejlep\u0161\u00ed nejlep\u0161\u00ed glob\u00e1ln\u00ed l\u00e9ky","isPartOf":{"@id":"https:\/\/medicinasinc.com\/cs\/#website"},"primaryImageOfPage":{"@id":"https:\/\/medicinasinc.com\/cs\/product\/koupit-kvalitni-al-lad-blotters\/#primaryimage"},"image":{"@id":"https:\/\/medicinasinc.com\/cs\/product\/koupit-kvalitni-al-lad-blotters\/#primaryimage"},"thumbnailUrl":"https:\/\/medicinasinc.com\/cs\/wp-content\/uploads\/sites\/2\/2022\/02\/Buy-Quality-AL-LAD-blotters.jpg","datePublished":"2022-02-20T17:00:55+00:00","dateModified":"2022-03-14T12:42:24+00:00","description":"Kupte si sa\u010dky AL-LAD levn\u011b na prodej Velk\u00e1 Brit\u00e1nie, Evropa Online. 6-allyl-6-nor-LSD je psychedelick\u00fd lysergamid zn\u00e1m\u00fd tak\u00e9 jako AL LAD (diethylamid kyseliny lysergov\u00e9). 150mcg AL-LAD pijavice.","breadcrumb":{"@id":"https:\/\/medicinasinc.com\/cs\/product\/koupit-kvalitni-al-lad-blotters\/#breadcrumb"},"inLanguage":"en-US","potentialAction":[{"@type":"ReadAction","target":["https:\/\/medicinasinc.com\/cs\/product\/koupit-kvalitni-al-lad-blotters\/"]}]},{"@type":"ImageObject","inLanguage":"en-US","@id":"https:\/\/medicinasinc.com\/cs\/product\/koupit-kvalitni-al-lad-blotters\/#primaryimage","url":"https:\/\/medicinasinc.com\/cs\/wp-content\/uploads\/sites\/2\/2022\/02\/Buy-Quality-AL-LAD-blotters.jpg","contentUrl":"https:\/\/medicinasinc.com\/cs\/wp-content\/uploads\/sites\/2\/2022\/02\/Buy-Quality-AL-LAD-blotters.jpg","width":225,"height":225},{"@type":"BreadcrumbList","@id":"https:\/\/medicinasinc.com\/cs\/product\/koupit-kvalitni-al-lad-blotters\/#breadcrumb","itemListElement":[{"@type":"ListItem","position":1,"name":"Obchod","item":"https:\/\/medicinasinc.com\/cs\/obchod\/"},{"@type":"ListItem","position":2,"name":"Kupte si kvalitn\u00ed saje AL-LAD"}]},{"@type":"WebSite","@id":"https:\/\/medicinasinc.com\/cs\/#website","url":"https:\/\/medicinasinc.com\/cs\/","name":"Medicinas Inc","description":"Health Medical Clinic","potentialAction":[{"@type":"SearchAction","target":{"@type":"EntryPoint","urlTemplate":"https:\/\/medicinasinc.com\/cs\/?s={search_term_string}"},"query-input":{"@type":"PropertyValueSpecification","valueRequired":true,"valueName":"search_term_string"}}],"inLanguage":"en-US"}]}},"_links":{"self":[{"href":"https:\/\/medicinasinc.com\/cs\/wp-json\/wp\/v2\/product\/4859","targetHints":{"allow":["GET"]}}],"collection":[{"href":"https:\/\/medicinasinc.com\/cs\/wp-json\/wp\/v2\/product"}],"about":[{"href":"https:\/\/medicinasinc.com\/cs\/wp-json\/wp\/v2\/types\/product"}],"replies":[{"embeddable":true,"href":"https:\/\/medicinasinc.com\/cs\/wp-json\/wp\/v2\/comments?post=4859"}],"wp:featuredmedia":[{"embeddable":true,"href":"https:\/\/medicinasinc.com\/cs\/wp-json\/wp\/v2\/media\/4874"}],"wp:attachment":[{"href":"https:\/\/medicinasinc.com\/cs\/wp-json\/wp\/v2\/media?parent=4859"}],"wp:term":[{"taxonomy":"product_brand","embeddable":true,"href":"https:\/\/medicinasinc.com\/cs\/wp-json\/wp\/v2\/product_brand?post=4859"},{"taxonomy":"product_cat","embeddable":true,"href":"https:\/\/medicinasinc.com\/cs\/wp-json\/wp\/v2\/product_cat?post=4859"},{"taxonomy":"product_tag","embeddable":true,"href":"https:\/\/medicinasinc.com\/cs\/wp-json\/wp\/v2\/product_tag?post=4859"}],"curies":[{"name":"wp","href":"https:\/\/api.w.org\/{rel}","templated":true}]}}