{"id":4854,"date":"2022-02-20T16:56:44","date_gmt":"2022-02-20T16:56:44","guid":{"rendered":"https:\/\/medicinasinc.com\/cs\/?post_type=product&#038;p=4854"},"modified":"2022-03-14T12:44:47","modified_gmt":"2022-03-14T12:44:47","slug":"buy-lsd-liquid-200ug-drop","status":"publish","type":"product","link":"https:\/\/medicinasinc.com\/cs\/product\/buy-lsd-liquid-200ug-drop\/","title":{"rendered":"Koupit LSD liquid 200ug Drop"},"content":{"rendered":"<p>Koupit tekut\u00e9 LSD 200 ug &amp; nakupujte online za zv\u00fdhodn\u011bnou cenu.<\/p>\n<p>Co je tekut\u00e9 LSD?<\/p>\n<p>LSD, neboli diethylamid kyseliny lysergov\u00e9, je halucinogenn\u00ed l\u00e1tka odvozen\u00e1 z chemik\u00e1lie nalezen\u00e9 v \u017eitn\u00e9 houb\u011b. Nejzn\u00e1m\u011bj\u0161\u00ed je jeho pou\u017eit\u00ed v kontrakultu\u0159e 60. let a jeho n\u00e1sledn\u00fd z\u00e1kaz mu vynesl p\u0159ev\u00e1\u017en\u011b negativn\u00ed pov\u011bst.<\/p>\n<p>Albert Hofmann, \u0161v\u00fdcarsk\u00fd v\u011bdec, syntetizoval LSD v roce 1938 ve sv\u00e9 laborato\u0159i v Curychu. V roce 1943, kdy\u017e se jeho stopov\u00e9 mno\u017estv\u00ed dostalo do kontaktu s jeho k\u016f\u017e\u00ed, ne\u010dekan\u011b objevil jeho halucinogenn\u00ed vlastnosti.<\/p>\n<p>Kupte si LSD LSD je vysoce \u00fa\u010dinn\u00fd halucinogen s obrovsk\u00fdmi terapeutick\u00fdmi, duchovn\u00edmi a kulturn\u00edmi d\u016fsledky.<\/p>\n<p>Zakupte si tekut\u00e9 LSD 200 ug &amp; prodej online za zv\u00fdhodn\u011bnou cenu \u2013 Farmakologie<\/p>\n<p>P\u0159i po\u017eit\u00ed p\u016fsob\u00ed LSD jako aktiv\u00e1tor 5-HT (serotoninov\u00e9ho) receptoru a z\u00e1rove\u0148 v\u00fdznamn\u011b zvy\u0161uje hladiny serotoninu v mozku inhibic\u00ed syst\u00e9m\u016f reguluj\u00edc\u00edch serotonin. Koupit tekut\u00e9 LSD 200 ug &amp; online za zv\u00fdhodn\u011bnou cenu. Cena 200 ug tekut\u00e9ho LSD LSD LSD preferuje podtyp 2A z 15 serotoninov\u00fdch receptor\u016f nalezen\u00fdch v mozku (5-HT2A). 5-HT2A receptor se pod\u00edl\u00ed na kognitivn\u00edch procesech prefront\u00e1ln\u00edho kortexu. To je z\u00e1sadn\u00ed, proto\u017ee mnoho v\u00fdhod LSD je odvozeno z jeho zapojen\u00ed do prefront\u00e1ln\u00edho kortexu.<\/p>\n<p>Jak se LSD syntetizuje?<\/p>\n<p>V\u00fdroba LSD vy\u017eaduje siln\u00e9 pracovn\u00ed znalosti organick\u00e9 chemie, tzv. pln\u011b vybaven\u00e1 laborato\u0159 (v\u010detn\u011b mo\u017enosti sterilizace za\u0159\u00edzen\u00ed a p\u0159\u00edstupu do temn\u00e9 m\u00edstnosti) a n\u011bkolik chemik\u00e1li\u00ed, jejich\u017e prodej je bu\u010f v sou\u010dasn\u00e9 dob\u011b zak\u00e1z\u00e1n, nebo podl\u00e9haj\u00ed p\u0159\u00edsn\u00e9mu sledov\u00e1n\u00ed ze strany Agentury pro ochranu drog (DEA). Na rozd\u00edl od chemik\u00e1li\u00ed pou\u017e\u00edvan\u00fdch k v\u00fdrob\u011b metamfetaminu se nevyskytuj\u00ed v b\u011b\u017en\u011b pou\u017e\u00edvan\u00fdch dom\u00e1c\u00edch p\u0159edm\u011btech.<\/p>\n<p>P\u0159edpokl\u00e1d\u00e1 se, \u017ee prefront\u00e1ln\u00ed k\u016fra je zapojena do komplexn\u00edho pl\u00e1nov\u00e1n\u00ed kognitivn\u00edho chov\u00e1n\u00ed, vyjad\u0159ov\u00e1n\u00ed osobnosti, rozhodov\u00e1n\u00ed a moderov\u00e1n\u00ed soci\u00e1ln\u00edho chov\u00e1n\u00ed . Koupit tekut\u00e9 LSD 200 ug &amp; online za zv\u00fdhodn\u011bnou cenu. Krom\u011b toho je z\u00e1sadn\u00ed pro schopnost \u010dlov\u011bka zpracov\u00e1vat data ze v\u0161ech ostatn\u00edch mozkov\u00fdch syst\u00e9m\u016f a v d\u016fsledku toho \u010dinit c\u00edlen\u00e1 rozhodnut\u00ed.<\/p>\n<p>Diethylamid kyseliny lysergov\u00e9, b\u011b\u017en\u011bji ozna\u010dovan\u00fd jako LSD, je psychoaktivn\u00ed l\u00e1tka, kter\u00e1 m\u011bn\u00ed vn\u00edm\u00e1n\u00ed a zp\u016fsobuje halucinace.<\/p>\n","protected":false},"excerpt":{"rendered":"<p>LSD Liquid 200ug drop na prodej ve Velk\u00e9 Brit\u00e1nii, Evrop\u011b za nejlep\u0161\u00ed tr\u017en\u00ed cenu. V\u0161echny na\u0161e produkty jsou vyrobeny z \u010dist\u011b p\u0159\u00edrodn\u00edch slo\u017eek bez THC. Objednejte nyn\u00ed online!<\/p>\n<p>Kupte si tekut\u00fd lsd 200ug &amp; online za zv\u00fdhodn\u011bnou cenu. N\u00e1kup LSD je jednoduch\u00fd proces; je snadno dostupn\u00fd online ve Spojen\u00fdch st\u00e1tech americk\u00fdch.<\/p>\n<p>200 ug stoj\u00ed &#8211; 350<\/p>\n<p>&nbsp;<\/p>\n<p>&nbsp;<\/p>\n","protected":false},"featured_media":4868,"comment_status":"open","ping_status":"closed","template":"","meta":[],"product_brand":[],"product_cat":[703],"product_tag":[],"class_list":{"0":"post-4854","1":"product","2":"type-product","3":"status-publish","4":"has-post-thumbnail","6":"product_cat-kupte-si-psychedelicke-drogy","8":"first","9":"instock","10":"shipping-taxable","11":"purchasable","12":"product-type-simple"},"yoast_head":"<!-- This site is optimized with the Yoast SEO plugin v27.3 - https:\/\/yoast.com\/product\/yoast-seo-wordpress\/ -->\n<title>Koupit LSD liquid 200ug Drop - Best Best Global Meds<\/title>\n<meta name=\"description\" content=\"Koupit LSD Liquid 200ug drop ve Velk\u00e9 Brit\u00e1nii, Evrop\u011b na prodej za nejlep\u0161\u00ed tr\u017en\u00ed cenu. V\u0161echny na\u0161e produkty jsou vyrobeny z \u010dist\u011b p\u0159\u00edrodn\u00edch surovin bez THC. Objednejte nyn\u00ed online!\" \/>\n<meta name=\"robots\" content=\"index, follow, max-snippet:-1, max-image-preview:large, max-video-preview:-1\" \/>\n<link rel=\"canonical\" href=\"https:\/\/medicinasinc.com\/cs\/product\/buy-lsd-liquid-200ug-drop\/\" \/>\n<meta property=\"og:locale\" content=\"en_US\" \/>\n<meta property=\"og:type\" content=\"article\" \/>\n<meta property=\"og:title\" content=\"Koupit LSD liquid 200ug Drop - Best Best Global Meds\" \/>\n<meta property=\"og:description\" content=\"Koupit LSD Liquid 200ug drop ve Velk\u00e9 Brit\u00e1nii, Evrop\u011b na prodej za nejlep\u0161\u00ed tr\u017en\u00ed cenu. V\u0161echny na\u0161e produkty jsou vyrobeny z \u010dist\u011b p\u0159\u00edrodn\u00edch surovin bez THC. Objednejte nyn\u00ed online!\" \/>\n<meta property=\"og:url\" content=\"https:\/\/medicinasinc.com\/cs\/product\/buy-lsd-liquid-200ug-drop\/\" \/>\n<meta property=\"og:site_name\" content=\"Medicinas Inc\" \/>\n<meta property=\"article:modified_time\" content=\"2022-03-14T12:44:47+00:00\" \/>\n<meta property=\"og:image\" content=\"https:\/\/medicinasinc.com\/cs\/wp-content\/uploads\/sites\/2\/2022\/02\/Buy-LSD-liquid-200ug-Drop.jpg\" \/>\n\t<meta property=\"og:image:width\" content=\"363\" \/>\n\t<meta property=\"og:image:height\" content=\"445\" \/>\n\t<meta property=\"og:image:type\" content=\"image\/jpeg\" \/>\n<meta name=\"twitter:card\" content=\"summary_large_image\" \/>\n<meta name=\"twitter:label1\" content=\"Est. reading time\" \/>\n\t<meta name=\"twitter:data1\" content=\"2 minutes\" \/>\n<script type=\"application\/ld+json\" class=\"yoast-schema-graph\">{\"@context\":\"https:\\\/\\\/schema.org\",\"@graph\":[{\"@type\":\"WebPage\",\"@id\":\"https:\\\/\\\/medicinasinc.com\\\/cs\\\/product\\\/buy-lsd-liquid-200ug-drop\\\/\",\"url\":\"https:\\\/\\\/medicinasinc.com\\\/cs\\\/product\\\/buy-lsd-liquid-200ug-drop\\\/\",\"name\":\"Koupit LSD liquid 200ug Drop - Best Best Global Meds\",\"isPartOf\":{\"@id\":\"https:\\\/\\\/medicinasinc.com\\\/cs\\\/#website\"},\"primaryImageOfPage\":{\"@id\":\"https:\\\/\\\/medicinasinc.com\\\/cs\\\/product\\\/buy-lsd-liquid-200ug-drop\\\/#primaryimage\"},\"image\":{\"@id\":\"https:\\\/\\\/medicinasinc.com\\\/cs\\\/product\\\/buy-lsd-liquid-200ug-drop\\\/#primaryimage\"},\"thumbnailUrl\":\"https:\\\/\\\/medicinasinc.com\\\/cs\\\/wp-content\\\/uploads\\\/sites\\\/2\\\/2022\\\/02\\\/Buy-LSD-liquid-200ug-Drop.jpg\",\"datePublished\":\"2022-02-20T16:56:44+00:00\",\"dateModified\":\"2022-03-14T12:44:47+00:00\",\"description\":\"Koupit LSD Liquid 200ug drop ve Velk\u00e9 Brit\u00e1nii, Evrop\u011b na prodej za nejlep\u0161\u00ed tr\u017en\u00ed cenu. V\u0161echny na\u0161e produkty jsou vyrobeny z \u010dist\u011b p\u0159\u00edrodn\u00edch surovin bez THC. Objednejte nyn\u00ed online!\",\"breadcrumb\":{\"@id\":\"https:\\\/\\\/medicinasinc.com\\\/cs\\\/product\\\/buy-lsd-liquid-200ug-drop\\\/#breadcrumb\"},\"inLanguage\":\"en-US\",\"potentialAction\":[{\"@type\":\"ReadAction\",\"target\":[\"https:\\\/\\\/medicinasinc.com\\\/cs\\\/product\\\/buy-lsd-liquid-200ug-drop\\\/\"]}]},{\"@type\":\"ImageObject\",\"inLanguage\":\"en-US\",\"@id\":\"https:\\\/\\\/medicinasinc.com\\\/cs\\\/product\\\/buy-lsd-liquid-200ug-drop\\\/#primaryimage\",\"url\":\"https:\\\/\\\/medicinasinc.com\\\/cs\\\/wp-content\\\/uploads\\\/sites\\\/2\\\/2022\\\/02\\\/Buy-LSD-liquid-200ug-Drop.jpg\",\"contentUrl\":\"https:\\\/\\\/medicinasinc.com\\\/cs\\\/wp-content\\\/uploads\\\/sites\\\/2\\\/2022\\\/02\\\/Buy-LSD-liquid-200ug-Drop.jpg\",\"width\":363,\"height\":445},{\"@type\":\"BreadcrumbList\",\"@id\":\"https:\\\/\\\/medicinasinc.com\\\/cs\\\/product\\\/buy-lsd-liquid-200ug-drop\\\/#breadcrumb\",\"itemListElement\":[{\"@type\":\"ListItem\",\"position\":1,\"name\":\"Obchod\",\"item\":\"https:\\\/\\\/medicinasinc.com\\\/cs\\\/obchod\\\/\"},{\"@type\":\"ListItem\",\"position\":2,\"name\":\"Koupit LSD liquid 200ug Drop\"}]},{\"@type\":\"WebSite\",\"@id\":\"https:\\\/\\\/medicinasinc.com\\\/cs\\\/#website\",\"url\":\"https:\\\/\\\/medicinasinc.com\\\/cs\\\/\",\"name\":\"Medicinas Inc\",\"description\":\"Health Medical Clinic\",\"potentialAction\":[{\"@type\":\"SearchAction\",\"target\":{\"@type\":\"EntryPoint\",\"urlTemplate\":\"https:\\\/\\\/medicinasinc.com\\\/cs\\\/?s={search_term_string}\"},\"query-input\":{\"@type\":\"PropertyValueSpecification\",\"valueRequired\":true,\"valueName\":\"search_term_string\"}}],\"inLanguage\":\"en-US\"}]}<\/script>\n<!-- \/ Yoast SEO plugin. -->","yoast_head_json":{"title":"Koupit LSD liquid 200ug Drop - Best Best Global Meds","description":"Koupit LSD Liquid 200ug drop ve Velk\u00e9 Brit\u00e1nii, Evrop\u011b na prodej za nejlep\u0161\u00ed tr\u017en\u00ed cenu. V\u0161echny na\u0161e produkty jsou vyrobeny z \u010dist\u011b p\u0159\u00edrodn\u00edch surovin bez THC. Objednejte nyn\u00ed online!","robots":{"index":"index","follow":"follow","max-snippet":"max-snippet:-1","max-image-preview":"max-image-preview:large","max-video-preview":"max-video-preview:-1"},"canonical":"https:\/\/medicinasinc.com\/cs\/product\/buy-lsd-liquid-200ug-drop\/","og_locale":"en_US","og_type":"article","og_title":"Koupit LSD liquid 200ug Drop - Best Best Global Meds","og_description":"Koupit LSD Liquid 200ug drop ve Velk\u00e9 Brit\u00e1nii, Evrop\u011b na prodej za nejlep\u0161\u00ed tr\u017en\u00ed cenu. V\u0161echny na\u0161e produkty jsou vyrobeny z \u010dist\u011b p\u0159\u00edrodn\u00edch surovin bez THC. Objednejte nyn\u00ed online!","og_url":"https:\/\/medicinasinc.com\/cs\/product\/buy-lsd-liquid-200ug-drop\/","og_site_name":"Medicinas Inc","article_modified_time":"2022-03-14T12:44:47+00:00","og_image":[{"width":363,"height":445,"url":"https:\/\/medicinasinc.com\/cs\/wp-content\/uploads\/sites\/2\/2022\/02\/Buy-LSD-liquid-200ug-Drop.jpg","type":"image\/jpeg"}],"twitter_card":"summary_large_image","twitter_misc":{"Est. reading time":"2 minutes"},"schema":{"@context":"https:\/\/schema.org","@graph":[{"@type":"WebPage","@id":"https:\/\/medicinasinc.com\/cs\/product\/buy-lsd-liquid-200ug-drop\/","url":"https:\/\/medicinasinc.com\/cs\/product\/buy-lsd-liquid-200ug-drop\/","name":"Koupit LSD liquid 200ug Drop - Best Best Global Meds","isPartOf":{"@id":"https:\/\/medicinasinc.com\/cs\/#website"},"primaryImageOfPage":{"@id":"https:\/\/medicinasinc.com\/cs\/product\/buy-lsd-liquid-200ug-drop\/#primaryimage"},"image":{"@id":"https:\/\/medicinasinc.com\/cs\/product\/buy-lsd-liquid-200ug-drop\/#primaryimage"},"thumbnailUrl":"https:\/\/medicinasinc.com\/cs\/wp-content\/uploads\/sites\/2\/2022\/02\/Buy-LSD-liquid-200ug-Drop.jpg","datePublished":"2022-02-20T16:56:44+00:00","dateModified":"2022-03-14T12:44:47+00:00","description":"Koupit LSD Liquid 200ug drop ve Velk\u00e9 Brit\u00e1nii, Evrop\u011b na prodej za nejlep\u0161\u00ed tr\u017en\u00ed cenu. V\u0161echny na\u0161e produkty jsou vyrobeny z \u010dist\u011b p\u0159\u00edrodn\u00edch surovin bez THC. Objednejte nyn\u00ed online!","breadcrumb":{"@id":"https:\/\/medicinasinc.com\/cs\/product\/buy-lsd-liquid-200ug-drop\/#breadcrumb"},"inLanguage":"en-US","potentialAction":[{"@type":"ReadAction","target":["https:\/\/medicinasinc.com\/cs\/product\/buy-lsd-liquid-200ug-drop\/"]}]},{"@type":"ImageObject","inLanguage":"en-US","@id":"https:\/\/medicinasinc.com\/cs\/product\/buy-lsd-liquid-200ug-drop\/#primaryimage","url":"https:\/\/medicinasinc.com\/cs\/wp-content\/uploads\/sites\/2\/2022\/02\/Buy-LSD-liquid-200ug-Drop.jpg","contentUrl":"https:\/\/medicinasinc.com\/cs\/wp-content\/uploads\/sites\/2\/2022\/02\/Buy-LSD-liquid-200ug-Drop.jpg","width":363,"height":445},{"@type":"BreadcrumbList","@id":"https:\/\/medicinasinc.com\/cs\/product\/buy-lsd-liquid-200ug-drop\/#breadcrumb","itemListElement":[{"@type":"ListItem","position":1,"name":"Obchod","item":"https:\/\/medicinasinc.com\/cs\/obchod\/"},{"@type":"ListItem","position":2,"name":"Koupit LSD liquid 200ug Drop"}]},{"@type":"WebSite","@id":"https:\/\/medicinasinc.com\/cs\/#website","url":"https:\/\/medicinasinc.com\/cs\/","name":"Medicinas Inc","description":"Health Medical Clinic","potentialAction":[{"@type":"SearchAction","target":{"@type":"EntryPoint","urlTemplate":"https:\/\/medicinasinc.com\/cs\/?s={search_term_string}"},"query-input":{"@type":"PropertyValueSpecification","valueRequired":true,"valueName":"search_term_string"}}],"inLanguage":"en-US"}]}},"_links":{"self":[{"href":"https:\/\/medicinasinc.com\/cs\/wp-json\/wp\/v2\/product\/4854","targetHints":{"allow":["GET"]}}],"collection":[{"href":"https:\/\/medicinasinc.com\/cs\/wp-json\/wp\/v2\/product"}],"about":[{"href":"https:\/\/medicinasinc.com\/cs\/wp-json\/wp\/v2\/types\/product"}],"replies":[{"embeddable":true,"href":"https:\/\/medicinasinc.com\/cs\/wp-json\/wp\/v2\/comments?post=4854"}],"wp:featuredmedia":[{"embeddable":true,"href":"https:\/\/medicinasinc.com\/cs\/wp-json\/wp\/v2\/media\/4868"}],"wp:attachment":[{"href":"https:\/\/medicinasinc.com\/cs\/wp-json\/wp\/v2\/media?parent=4854"}],"wp:term":[{"taxonomy":"product_brand","embeddable":true,"href":"https:\/\/medicinasinc.com\/cs\/wp-json\/wp\/v2\/product_brand?post=4854"},{"taxonomy":"product_cat","embeddable":true,"href":"https:\/\/medicinasinc.com\/cs\/wp-json\/wp\/v2\/product_cat?post=4854"},{"taxonomy":"product_tag","embeddable":true,"href":"https:\/\/medicinasinc.com\/cs\/wp-json\/wp\/v2\/product_tag?post=4854"}],"curies":[{"name":"wp","href":"https:\/\/api.w.org\/{rel}","templated":true}]}}