{"id":4849,"date":"2022-02-20T16:51:26","date_gmt":"2022-02-20T16:51:26","guid":{"rendered":"https:\/\/medicinasinc.com\/cs\/?post_type=product&#038;p=4849"},"modified":"2022-03-14T12:45:01","modified_gmt":"2022-03-14T12:45:01","slug":"koupit-ibogain-prasek","status":"publish","type":"product","link":"https:\/\/medicinasinc.com\/cs\/product\/koupit-ibogain-prasek\/","title":{"rendered":"Koupit Ibogaine Powder"},"content":{"rendered":"<p>Ibogain hydrochlorid<\/p>\n<p>Ibogain HCL je p\u0159irozen\u011b se vyskytuj\u00edc\u00ed psychoaktivn\u00ed l\u00e1tka nach\u00e1zej\u00edc\u00ed se v rostlin\u00e1ch pat\u0159\u00edc\u00edch do \u010deledi Apocynaceae, v\u010detn\u011b Tabernanthe iboga, Voacanga africana a Tabernaemontana undulata.<\/p>\n<p>Jedn\u00e1 se o disociativn\u00ed psychedelick\u00e9. P\u0159edb\u011b\u017en\u00fd v\u00fdzkum nazna\u010duje, \u017ee m\u016f\u017ee b\u00fdt prosp\u011b\u0161n\u00fd p\u0159i l\u00e9\u010db\u011b drogov\u00e9 z\u00e1vislosti. Ibogaine je mo\u017en\u00e9 zakoupit. Ibogaine HCL lze zakoupit online. Pr\u00e1\u0161ek hydrochloridu ibogainu. Ibogain lze zakoupit online.<\/p>\n<p>Od roku 2016 je nav\u00edc k dispozici \u0159ada forem ibogainu, od ko\u0159enov\u00e9ho pr\u00e1\u0161ku, kter\u00fd obsahuje extr\u00e9mn\u011b stopov\u00e1 mno\u017estv\u00ed ibogainu a m\u00e1 velmi mal\u00fd \u00fa\u010dinek p\u0159i pou\u017eit\u00ed ke zm\u00edrn\u011bn\u00ed opioid\u016f. abstinen\u010dn\u00ed p\u0159\u00edznaky, na vysoce \u010di\u0161t\u011bn\u00fd, 99,7 procent \u010dist\u00fd Ibogain HCL. Ibogain HCL na prodej online<\/p>\n<p>Ibogain hydrochlorid na prodej<\/p>\n<p>Pro za\u010d\u00e1tek pou\u017e\u00edv\u00e1me 99,7% \u010dist\u00fd Ibogain HCL farmaceutick\u00e9 kvality v l\u00e9\u010debn\u00e9m centru ibogainu spole\u010dnosti Meds Consulting. Nepou\u017e\u00edv\u00e1me levn\u00fd polosyntetick\u00fd ibogain odvozen\u00fd z Voacanga africana, ani nepou\u017e\u00edv\u00e1me extrakty TA (celkov\u00fd alkaloid) nebo PTA (\u010di\u0161t\u011bn\u00fd celkov\u00fd alkaloid). Ibogaine lze zakoupit online.<\/p>\n<p>Na\u0161e suroviny poch\u00e1zej\u00ed z Kamerunu (nikoli z Gabonu), prost\u0159ednictv\u00edm farm\u00e1\u0159sk\u00e9ho dru\u017estva, kter\u00e9 pro na\u0161i pot\u0159ebu p\u011bstuje TA ibogu od poloviny 90. let, p\u0159i\u010dem\u017e vyu\u017e\u00edv\u00e1 ekologick\u00e9 a udr\u017eiteln\u00e9 zem\u011bd\u011blstv\u00ed praktiky. Nepou\u017e\u00edv\u00e1me materi\u00e1ly z \u010dern\u00e9ho nebo \u0161ed\u00e9ho trhu, kter\u00e9 jsou nezn\u00e1m\u00e9 z hlediska p\u016fvodu nebo \u010distoty. Ibogain HCL lze zakoupit online.<\/p>\n<p>N\u00e1\u0161 ibogain hydrochlorid byl vyroben v laborato\u0159i vyhovuj\u00edc\u00ed cGMP, kter\u00e1 vyhovuje v\u0161em sm\u011brnic\u00edm USFDA. Meds Consulting pou\u017e\u00edv\u00e1 nej\u010dist\u0161\u00ed dostupn\u00fd Ibogaine HCL p\u0159i vyu\u017eit\u00ed chemie p\u0159\u00edrodn\u00edch produkt\u016f; na\u0161e materi\u00e1ly jsou certifikov\u00e1ny na \u010distotu 99,7 % pomoc\u00ed testu HPLC.<\/p>\n<p>Psychoaktivn\u00ed vlastnosti ibogainu<\/p>\n<p>Za prv\u00e9, psychoaktivn\u00ed vlastnosti ibogainu vytv\u00e1\u0159ej\u00ed lep\u0161\u00ed duchovn\u00ed z\u00e1\u017eitek. Pacient z\u00edsk\u00e1 hlubok\u00fd vhled, kter\u00fd mu poskytne jasno v jeho \u017eivot\u011b a motivuje ho k psychick\u00fdm zm\u011bn\u00e1m a \u017eivotu bez drog. Ibogain je k dispozici ke koupi.<\/p>\n<p>Ibogain m\u00e1 podle studi\u00ed v\u00fdznamn\u00fd potenci\u00e1l pro l\u00e9\u010dbu z\u00e1vislost\u00ed na tvrd\u00fdch drog\u00e1ch, jako je heroin, metadon, kokain, crack a alkohol. Nav\u00edc existuj\u00ed d\u016fkazy, \u017ee je prosp\u011b\u0161n\u00fd p\u0159i l\u00e9\u010db\u011b z\u00e1vislosti na tab\u00e1ku. Ibogain lze zakoupit online.<\/p>\n<p>Ibogain nav\u00edc poskytuje p\u0159\u00edle\u017eitosti pro psychoterapii a duchovn\u00edho u\u010ditele. Krom\u011b toho m\u016f\u017ee b\u00fdt ibogain pou\u017eit v psychoterapii k l\u00e9\u010db\u011b \u00fa\u010dink\u016f traumatu nebo podm\u00edn\u011bnosti. Ibogain je mo\u017en\u00e9 zakoupit.<\/p>\n<p>Je terapie \u00fa\u010dinn\u00e1 a bezpe\u010dn\u00e1?<\/p>\n<p>Jednotlivci ob\u010das hledaj\u00ed ibogain na prodej v nad\u011bji, \u017ee podstoup\u00ed ibogainovou terapii z\u00e1vislosti na opi\u00e1tech. Stejn\u011b jako u ka\u017ed\u00e9 jin\u00e9 l\u00e9\u010dby v\u0161ak ibogainov\u00e1 terapie nezaru\u010duje \u00fasp\u011bch. Nejlep\u0161\u00ed pr\u00e1\u0161ek ibogain hydrochlorid<\/p>\n<p>Krom\u011b toho m\u016f\u017ee b\u00fdt terapie ibogainem HCL pou\u017eita k tomu, aby pomohla jednotlivci p\u0159ekonat z\u00e1vislost na opi\u00e1tech. Ibogain je k dispozici ke koupi.<\/p>\n<p>Ibogain nav\u00edc pom\u00e1h\u00e1 resetovat chemick\u00e9 hladiny v mozku, ale mozek se pom\u011brn\u011b rychle st\u00e1v\u00e1 fyzicky z\u00e1visl\u00fdm na ibogainu. Pokud tedy jedinec najednou zkonzumuje nadm\u011brn\u00e9 mno\u017estv\u00ed ibogainu, m\u016f\u017ee doj\u00edt k smrteln\u00e9mu p\u0159ed\u00e1vkov\u00e1n\u00ed. Ibogaine lze zakoupit online.<\/p>\n<p>Ne ka\u017ed\u00fd ibogain je stvo\u0159en sob\u011b rovn\u00fd. R\u016fzn\u00e9 materi\u00e1ly mohou m\u00edt v\u00fdrazn\u011b odli\u0161n\u00e9 \u00fa\u010dinky. N\u00e1\u0161 ibogain je identick\u00fd s t\u00edm, kter\u00fd byl pou\u017eit ve v\u0161ech monografi\u00edch dosud publikovan\u00fdch v recenzovan\u00fdch \u010dasopisech, co\u017e prokazuje domn\u011blou schopnost ibogainu zm\u00edr\u0148ovat abstinen\u010dn\u00ed p\u0159\u00edznaky spojen\u00e9 s poruchami spojen\u00fdmi s u\u017e\u00edv\u00e1n\u00edm v\u00edce l\u00e1tek. Ibogain lze zakoupit online.<\/p>\n<p>Poskytujeme sv\u011btov\u011b nejbezpe\u010dn\u011bj\u0161\u00ed a nej\u00fa\u010dinn\u011bj\u0161\u00ed detoxika\u010dn\u00ed program ibogainu s pou\u017eit\u00edm nej\u010dist\u0161\u00edho hydrochloridu ibogainu dostupn\u00e9ho na planet\u011b. Pr\u00e1\u0161ek hydrochloridu ibogainu.<\/p>\n","protected":false},"excerpt":{"rendered":"<div class=\"woocommerce-product-details__short-description\">\n<p>Kupte si Ibogaine Powder z Afriky ve Velk\u00e9 Brit\u00e1nii, Evrop\u011b na prodej na nejlep\u0161\u00ed webov\u00e9 str\u00e1nce, Ibogaine na prodej online. Z\u00edskejte k\u016fru ko\u0159ene Iboga, ibogain hcl, iboga TA, kapsli ibogainu a voacangu na z\u00edsk\u00e1n\u00ed ibogainu.<\/p>\n<p>Ibogaine HCL (Hydrochlorid) je izolov\u00e1n z na\u0161eho extraktu z Iboga TA a je ~95-99% \u010dist\u00fd Ibogain HCL.<\/p>\n<\/p><\/div>\n","protected":false},"featured_media":4862,"comment_status":"open","ping_status":"closed","template":"","meta":[],"product_brand":[],"product_cat":[703],"product_tag":[726,727,732,733,734,735,738,739,736,741,740,729,731,730,728,742,725,737,743,744],"class_list":{"0":"post-4849","1":"product","2":"type-product","3":"status-publish","4":"has-post-thumbnail","6":"product_cat-kupte-si-psychedelicke-drogy","7":"product_tag-buy-iboga","8":"product_tag-buy-iboga-root-back","9":"product_tag-buy-ibogaine-online","10":"product_tag-eboka","11":"product_tag-iboga-na-prodej","12":"product_tag-iboga-prek","13":"product_tag-iboga-root-bark-for-for-sale","14":"product_tag-iboga-root-bark-for-sale","15":"product_tag-iboga-root-back-na-prodej","16":"product_tag-ibogaine-na-prodej","17":"product_tag-iboga-koen-kra-na-prodej-online","18":"product_tag-koupit-iboga-koen-kra-ipy","19":"product_tag-buy-ibogaine","20":"product_tag-koupit-iboga-koen-kra-online","21":"product_tag-koupit-iboga-koen-kra","22":"product_tag-objednvka-iboga-online","23":"product_tag-posvtn-devo","24":"product_tag-iboga-koen-kra-tpky-na-prodej","25":"product_tag-ist-iboga-prek-na-prodej","26":"product_tag-tabernanthe-iboga","28":"first","29":"instock","30":"shipping-taxable","31":"purchasable","32":"product-type-variable","33":"has-default-attributes"},"yoast_head":"<!-- This site is optimized with the Yoast SEO plugin v27.3 - https:\/\/yoast.com\/product\/yoast-seo-wordpress\/ -->\n<title>Koupit Ibogaine Powder - Iboga na prodej - Nejlep\u0161\u00ed nejlep\u0161\u00ed glob\u00e1ln\u00ed l\u00e9ky<\/title>\n<meta name=\"description\" content=\"Kupte si Ibogaine Powder z Afriky ve Velk\u00e9 Brit\u00e1nii, Evrop\u011b na prodej z nejlep\u0161\u00edch webov\u00fdch str\u00e1nek, Ibogaine na prodej online. Z\u00edskejte ko\u0159enov\u00e9 k\u016fry Iboga, Ibogaine hcl, Iboga TA, Ibogaine kapsle a voacanga na z\u00edskat ibogain.\" \/>\n<meta name=\"robots\" content=\"index, follow, max-snippet:-1, max-image-preview:large, max-video-preview:-1\" \/>\n<link rel=\"canonical\" href=\"https:\/\/medicinasinc.com\/cs\/product\/koupit-ibogain-prasek\/\" \/>\n<meta property=\"og:locale\" content=\"en_US\" \/>\n<meta property=\"og:type\" content=\"article\" \/>\n<meta property=\"og:title\" content=\"Koupit Ibogaine Powder - Iboga na prodej - Nejlep\u0161\u00ed nejlep\u0161\u00ed glob\u00e1ln\u00ed l\u00e9ky\" \/>\n<meta property=\"og:description\" content=\"Kupte si Ibogaine Powder z Afriky ve Velk\u00e9 Brit\u00e1nii, Evrop\u011b na prodej z nejlep\u0161\u00edch webov\u00fdch str\u00e1nek, Ibogaine na prodej online. Z\u00edskejte ko\u0159enov\u00e9 k\u016fry Iboga, Ibogaine hcl, Iboga TA, Ibogaine kapsle a voacanga na z\u00edskat ibogain.\" \/>\n<meta property=\"og:url\" content=\"https:\/\/medicinasinc.com\/cs\/product\/koupit-ibogain-prasek\/\" \/>\n<meta property=\"og:site_name\" content=\"Medicinas Inc\" \/>\n<meta property=\"article:modified_time\" content=\"2022-03-14T12:45:01+00:00\" \/>\n<meta property=\"og:image\" content=\"https:\/\/medicinasinc.com\/cs\/wp-content\/uploads\/sites\/2\/2022\/02\/Buy-Ibogaine-Powder.webp\" \/>\n\t<meta property=\"og:image:width\" content=\"400\" \/>\n\t<meta property=\"og:image:height\" content=\"533\" \/>\n\t<meta property=\"og:image:type\" content=\"image\/webp\" \/>\n<meta name=\"twitter:card\" content=\"summary_large_image\" \/>\n<meta name=\"twitter:label1\" content=\"Est. reading time\" \/>\n\t<meta name=\"twitter:data1\" content=\"3 minutes\" \/>\n<script type=\"application\/ld+json\" class=\"yoast-schema-graph\">{\"@context\":\"https:\\\/\\\/schema.org\",\"@graph\":[{\"@type\":\"WebPage\",\"@id\":\"https:\\\/\\\/medicinasinc.com\\\/cs\\\/product\\\/koupit-ibogain-prasek\\\/\",\"url\":\"https:\\\/\\\/medicinasinc.com\\\/cs\\\/product\\\/koupit-ibogain-prasek\\\/\",\"name\":\"Koupit Ibogaine Powder - Iboga na prodej - Nejlep\u0161\u00ed nejlep\u0161\u00ed glob\u00e1ln\u00ed l\u00e9ky\",\"isPartOf\":{\"@id\":\"https:\\\/\\\/medicinasinc.com\\\/cs\\\/#website\"},\"primaryImageOfPage\":{\"@id\":\"https:\\\/\\\/medicinasinc.com\\\/cs\\\/product\\\/koupit-ibogain-prasek\\\/#primaryimage\"},\"image\":{\"@id\":\"https:\\\/\\\/medicinasinc.com\\\/cs\\\/product\\\/koupit-ibogain-prasek\\\/#primaryimage\"},\"thumbnailUrl\":\"https:\\\/\\\/medicinasinc.com\\\/cs\\\/wp-content\\\/uploads\\\/sites\\\/2\\\/2022\\\/02\\\/Buy-Ibogaine-Powder.webp\",\"datePublished\":\"2022-02-20T16:51:26+00:00\",\"dateModified\":\"2022-03-14T12:45:01+00:00\",\"description\":\"Kupte si Ibogaine Powder z Afriky ve Velk\u00e9 Brit\u00e1nii, Evrop\u011b na prodej z nejlep\u0161\u00edch webov\u00fdch str\u00e1nek, Ibogaine na prodej online. Z\u00edskejte ko\u0159enov\u00e9 k\u016fry Iboga, Ibogaine hcl, Iboga TA, Ibogaine kapsle a voacanga na z\u00edskat ibogain.\",\"breadcrumb\":{\"@id\":\"https:\\\/\\\/medicinasinc.com\\\/cs\\\/product\\\/koupit-ibogain-prasek\\\/#breadcrumb\"},\"inLanguage\":\"en-US\",\"potentialAction\":[{\"@type\":\"ReadAction\",\"target\":[\"https:\\\/\\\/medicinasinc.com\\\/cs\\\/product\\\/koupit-ibogain-prasek\\\/\"]}]},{\"@type\":\"ImageObject\",\"inLanguage\":\"en-US\",\"@id\":\"https:\\\/\\\/medicinasinc.com\\\/cs\\\/product\\\/koupit-ibogain-prasek\\\/#primaryimage\",\"url\":\"https:\\\/\\\/medicinasinc.com\\\/cs\\\/wp-content\\\/uploads\\\/sites\\\/2\\\/2022\\\/02\\\/Buy-Ibogaine-Powder.webp\",\"contentUrl\":\"https:\\\/\\\/medicinasinc.com\\\/cs\\\/wp-content\\\/uploads\\\/sites\\\/2\\\/2022\\\/02\\\/Buy-Ibogaine-Powder.webp\",\"width\":400,\"height\":533},{\"@type\":\"BreadcrumbList\",\"@id\":\"https:\\\/\\\/medicinasinc.com\\\/cs\\\/product\\\/koupit-ibogain-prasek\\\/#breadcrumb\",\"itemListElement\":[{\"@type\":\"ListItem\",\"position\":1,\"name\":\"Obchod\",\"item\":\"https:\\\/\\\/medicinasinc.com\\\/cs\\\/obchod\\\/\"},{\"@type\":\"ListItem\",\"position\":2,\"name\":\"Koupit Ibogaine Powder\"}]},{\"@type\":\"WebSite\",\"@id\":\"https:\\\/\\\/medicinasinc.com\\\/cs\\\/#website\",\"url\":\"https:\\\/\\\/medicinasinc.com\\\/cs\\\/\",\"name\":\"Medicinas Inc\",\"description\":\"Health Medical Clinic\",\"potentialAction\":[{\"@type\":\"SearchAction\",\"target\":{\"@type\":\"EntryPoint\",\"urlTemplate\":\"https:\\\/\\\/medicinasinc.com\\\/cs\\\/?s={search_term_string}\"},\"query-input\":{\"@type\":\"PropertyValueSpecification\",\"valueRequired\":true,\"valueName\":\"search_term_string\"}}],\"inLanguage\":\"en-US\"}]}<\/script>\n<!-- \/ Yoast SEO plugin. -->","yoast_head_json":{"title":"Koupit Ibogaine Powder - Iboga na prodej - Nejlep\u0161\u00ed nejlep\u0161\u00ed glob\u00e1ln\u00ed l\u00e9ky","description":"Kupte si Ibogaine Powder z Afriky ve Velk\u00e9 Brit\u00e1nii, Evrop\u011b na prodej z nejlep\u0161\u00edch webov\u00fdch str\u00e1nek, Ibogaine na prodej online. Z\u00edskejte ko\u0159enov\u00e9 k\u016fry Iboga, Ibogaine hcl, Iboga TA, Ibogaine kapsle a voacanga na z\u00edskat ibogain.","robots":{"index":"index","follow":"follow","max-snippet":"max-snippet:-1","max-image-preview":"max-image-preview:large","max-video-preview":"max-video-preview:-1"},"canonical":"https:\/\/medicinasinc.com\/cs\/product\/koupit-ibogain-prasek\/","og_locale":"en_US","og_type":"article","og_title":"Koupit Ibogaine Powder - Iboga na prodej - Nejlep\u0161\u00ed nejlep\u0161\u00ed glob\u00e1ln\u00ed l\u00e9ky","og_description":"Kupte si Ibogaine Powder z Afriky ve Velk\u00e9 Brit\u00e1nii, Evrop\u011b na prodej z nejlep\u0161\u00edch webov\u00fdch str\u00e1nek, Ibogaine na prodej online. Z\u00edskejte ko\u0159enov\u00e9 k\u016fry Iboga, Ibogaine hcl, Iboga TA, Ibogaine kapsle a voacanga na z\u00edskat ibogain.","og_url":"https:\/\/medicinasinc.com\/cs\/product\/koupit-ibogain-prasek\/","og_site_name":"Medicinas Inc","article_modified_time":"2022-03-14T12:45:01+00:00","og_image":[{"width":400,"height":533,"url":"https:\/\/medicinasinc.com\/cs\/wp-content\/uploads\/sites\/2\/2022\/02\/Buy-Ibogaine-Powder.webp","type":"image\/webp"}],"twitter_card":"summary_large_image","twitter_misc":{"Est. reading time":"3 minutes"},"schema":{"@context":"https:\/\/schema.org","@graph":[{"@type":"WebPage","@id":"https:\/\/medicinasinc.com\/cs\/product\/koupit-ibogain-prasek\/","url":"https:\/\/medicinasinc.com\/cs\/product\/koupit-ibogain-prasek\/","name":"Koupit Ibogaine Powder - Iboga na prodej - Nejlep\u0161\u00ed nejlep\u0161\u00ed glob\u00e1ln\u00ed l\u00e9ky","isPartOf":{"@id":"https:\/\/medicinasinc.com\/cs\/#website"},"primaryImageOfPage":{"@id":"https:\/\/medicinasinc.com\/cs\/product\/koupit-ibogain-prasek\/#primaryimage"},"image":{"@id":"https:\/\/medicinasinc.com\/cs\/product\/koupit-ibogain-prasek\/#primaryimage"},"thumbnailUrl":"https:\/\/medicinasinc.com\/cs\/wp-content\/uploads\/sites\/2\/2022\/02\/Buy-Ibogaine-Powder.webp","datePublished":"2022-02-20T16:51:26+00:00","dateModified":"2022-03-14T12:45:01+00:00","description":"Kupte si Ibogaine Powder z Afriky ve Velk\u00e9 Brit\u00e1nii, Evrop\u011b na prodej z nejlep\u0161\u00edch webov\u00fdch str\u00e1nek, Ibogaine na prodej online. Z\u00edskejte ko\u0159enov\u00e9 k\u016fry Iboga, Ibogaine hcl, Iboga TA, Ibogaine kapsle a voacanga na z\u00edskat ibogain.","breadcrumb":{"@id":"https:\/\/medicinasinc.com\/cs\/product\/koupit-ibogain-prasek\/#breadcrumb"},"inLanguage":"en-US","potentialAction":[{"@type":"ReadAction","target":["https:\/\/medicinasinc.com\/cs\/product\/koupit-ibogain-prasek\/"]}]},{"@type":"ImageObject","inLanguage":"en-US","@id":"https:\/\/medicinasinc.com\/cs\/product\/koupit-ibogain-prasek\/#primaryimage","url":"https:\/\/medicinasinc.com\/cs\/wp-content\/uploads\/sites\/2\/2022\/02\/Buy-Ibogaine-Powder.webp","contentUrl":"https:\/\/medicinasinc.com\/cs\/wp-content\/uploads\/sites\/2\/2022\/02\/Buy-Ibogaine-Powder.webp","width":400,"height":533},{"@type":"BreadcrumbList","@id":"https:\/\/medicinasinc.com\/cs\/product\/koupit-ibogain-prasek\/#breadcrumb","itemListElement":[{"@type":"ListItem","position":1,"name":"Obchod","item":"https:\/\/medicinasinc.com\/cs\/obchod\/"},{"@type":"ListItem","position":2,"name":"Koupit Ibogaine Powder"}]},{"@type":"WebSite","@id":"https:\/\/medicinasinc.com\/cs\/#website","url":"https:\/\/medicinasinc.com\/cs\/","name":"Medicinas Inc","description":"Health Medical Clinic","potentialAction":[{"@type":"SearchAction","target":{"@type":"EntryPoint","urlTemplate":"https:\/\/medicinasinc.com\/cs\/?s={search_term_string}"},"query-input":{"@type":"PropertyValueSpecification","valueRequired":true,"valueName":"search_term_string"}}],"inLanguage":"en-US"}]}},"_links":{"self":[{"href":"https:\/\/medicinasinc.com\/cs\/wp-json\/wp\/v2\/product\/4849","targetHints":{"allow":["GET"]}}],"collection":[{"href":"https:\/\/medicinasinc.com\/cs\/wp-json\/wp\/v2\/product"}],"about":[{"href":"https:\/\/medicinasinc.com\/cs\/wp-json\/wp\/v2\/types\/product"}],"replies":[{"embeddable":true,"href":"https:\/\/medicinasinc.com\/cs\/wp-json\/wp\/v2\/comments?post=4849"}],"wp:featuredmedia":[{"embeddable":true,"href":"https:\/\/medicinasinc.com\/cs\/wp-json\/wp\/v2\/media\/4862"}],"wp:attachment":[{"href":"https:\/\/medicinasinc.com\/cs\/wp-json\/wp\/v2\/media?parent=4849"}],"wp:term":[{"taxonomy":"product_brand","embeddable":true,"href":"https:\/\/medicinasinc.com\/cs\/wp-json\/wp\/v2\/product_brand?post=4849"},{"taxonomy":"product_cat","embeddable":true,"href":"https:\/\/medicinasinc.com\/cs\/wp-json\/wp\/v2\/product_cat?post=4849"},{"taxonomy":"product_tag","embeddable":true,"href":"https:\/\/medicinasinc.com\/cs\/wp-json\/wp\/v2\/product_tag?post=4849"}],"curies":[{"name":"wp","href":"https:\/\/api.w.org\/{rel}","templated":true}]}}