{"id":4848,"date":"2022-02-20T16:50:30","date_gmt":"2022-02-20T16:50:30","guid":{"rendered":"https:\/\/medicinasinc.com\/cs\/?post_type=product&#038;p=4848"},"modified":"2022-03-14T12:45:09","modified_gmt":"2022-03-14T12:45:09","slug":"koupit-ketamin-prasek","status":"publish","type":"product","link":"https:\/\/medicinasinc.com\/cs\/product\/koupit-ketamin-prasek\/","title":{"rendered":"Kupte si ketaminov\u00fd pr\u00e1\u0161ek"},"content":{"rendered":"<p>Ketaminov\u00fd pr\u00e1\u0161ek lze zakoupit online.<\/p>\n<p>Kupte si ketaminov\u00fd pr\u00e1\u0161ek pro zvl\u00e1d\u00e1n\u00ed poopera\u010dn\u00ed bolesti<br \/> Poopera\u010dn\u00ed bolest se objevuje po velk\u00e9 operaci, kter\u00e1 zahrnuje incizi a transplantaci. M\u016f\u017ee p\u0159etrv\u00e1vat dva a\u017e p\u011bt dn\u00ed a k jeho eradikaci je nezbytn\u00e1 spr\u00e1vn\u00e1 l\u00e9\u010dba. Nedostate\u010dn\u00e1 kontrola m\u016f\u017ee v\u00e9st k nehybnosti, obt\u00ed\u017en\u011bj\u0161\u00edmu obnoven\u00ed funkce a opo\u017ed\u011bn\u00e9mu zotaven\u00ed. C\u00edlem je zm\u00edrnit nepohodl\u00ed s co nejmen\u0161\u00edmi vedlej\u0161\u00edmi \u00fa\u010dinky. Navzdory mnoha let\u016fm pokroku v l\u00e9\u010db\u011b bolesti z\u016fst\u00e1vaj\u00ed prim\u00e1rn\u00edm z\u00e1kladem poopera\u010dn\u00ed terapie anestetika, jako je ketaminov\u00fd pr\u00e1\u0161ek na prodej. V\u00e1\u017eou se na receptory centr\u00e1ln\u00edho nervov\u00e9ho syst\u00e9mu a inhibuj\u00ed p\u0159enos sign\u00e1l\u016f bolesti. M\u00e1 rychl\u00fd n\u00e1stup \u00fa\u010dinku a dobu trv\u00e1n\u00ed \u00fa\u010dinku jednu hodinu. Osoby odpov\u011bdn\u00e9 za pod\u00e1v\u00e1n\u00ed l\u00e9ku by m\u011bly zajistit, aby nedoch\u00e1zelo k \u017e\u00e1dn\u00fdm smrteln\u00fdm interakc\u00edm.<\/p>\n<p>Nejlep\u0161\u00ed glob\u00e1ln\u00ed l\u00e9ky \u2013 jedin\u00fd a jedin\u00fd zdroj cenov\u011b dostupn\u00e9ho ketaminov\u00e9ho pr\u00e1\u0161ku<br \/> \u0160irok\u00e1 \u0161k\u00e1la l\u00e9k\u016f na p\u0159edpis je nyn\u00ed dostupn\u00e1 bez st\u011bhov\u00e1n\u00ed palec od m\u00edsta. V Best Global Meds si m\u016f\u017eete objednat ketaminov\u00fd pr\u00e1\u0161ek z pohodl\u00ed va\u0161eho domova nebo kancel\u00e1\u0159e. Sna\u017e\u00edme se, aby online nakupov\u00e1n\u00ed bylo pro na\u0161e klienty jednoduch\u00e9 a bezpe\u010dn\u00e9. To je d\u016fvod, pro\u010d p\u0159ij\u00edm\u00e1me r\u016fzn\u00e9 platebn\u00ed metody, v\u010detn\u011b kryptom\u011bny, a chr\u00e1n\u00edme informace o va\u0161\u00ed kreditn\u00ed kart\u011b pomoc\u00ed \u0161ifrov\u00e1n\u00ed kreditn\u00edch karet. Nav\u00edc je p\u0159epravn\u00ed postup bez rizika. Spolupracujeme s renomovan\u00fdmi p\u0159epravn\u00edmi slu\u017ebami, abychom zajistili va\u0161e l\u00e9ky a poslali je p\u0159\u00edmo k v\u00e1m dom\u016f.<\/p>\n<p>M\u00e1te-li n\u011bjak\u00e9 dotazy ohledn\u011b n\u00e1s nebo na\u0161ich produkt\u016f, kontaktujte pros\u00edm n\u011bkter\u00e9ho z na\u0161ich vedouc\u00edch pracovn\u00edk\u016f. R\u00e1di v\u00e1m zodpov\u00edme jak\u00e9koli dotazy!<\/p>\n","protected":false},"excerpt":{"rendered":"<div class=\"woocommerce-product-details__short-description\">\n<p>Koupit ketaminov\u00fd pr\u00e1\u0161ek Doprava do Evropsk\u00e9 unie, platba p\u0159es bitcoiny. Ketaminov\u00fd pr\u00e1\u0161ek ve slev\u011b &#8211; nakupovat v\u00fdzkumn\u00e9 chemik\u00e1lie v Evrop\u011b. Nejv\u011bt\u0161\u00ed evropsk\u00fd prodejce ketaminov\u00e9ho pr\u00e1\u0161ku.<\/p>\n<p>Ketaminov\u00fd pr\u00e1\u0161ek lze zakoupit online. Koupit ketamin HCL pr\u00e1\u0161ek online \u2013 Koupit ketaminov\u00fd pr\u00e1\u0161ek online \u2013 Objednat ketaminov\u00fd pr\u00e1\u0161ek<\/p>\n<\/p><\/div>\n","protected":false},"featured_media":4860,"comment_status":"open","ping_status":"closed","template":"","meta":[],"product_brand":[],"product_cat":[703],"product_tag":[],"class_list":{"0":"post-4848","1":"product","2":"type-product","3":"status-publish","4":"has-post-thumbnail","6":"product_cat-kupte-si-psychedelicke-drogy","8":"first","9":"instock","10":"shipping-taxable","11":"purchasable","12":"product-type-variable","13":"has-default-attributes"},"yoast_head":"<!-- This site is optimized with the Yoast SEO plugin v27.3 - https:\/\/yoast.com\/product\/yoast-seo-wordpress\/ -->\n<title>Koupit ketaminov\u00fd pr\u00e1\u0161ek \u2013 prodej ketaminu Evropa \u2013 nejlep\u0161\u00ed nejlep\u0161\u00ed glob\u00e1ln\u00ed l\u00e9ky<\/title>\n<meta name=\"description\" content=\"Koupit ketaminov\u00fd pr\u00e1\u0161ek na prodej doprava EU, platba bitcoiny. Levn\u00fd dodavatel ketaminov\u00e9ho pr\u00e1\u0161ku \u2013 nakupujte v\u00fdzkumn\u00e9 chemik\u00e1lie v Evrop\u011b. Prodejna ketaminov\u00e9ho pr\u00e1\u0161ku v Evrop\u011b.\" \/>\n<meta name=\"robots\" content=\"index, follow, max-snippet:-1, max-image-preview:large, max-video-preview:-1\" \/>\n<link rel=\"canonical\" href=\"https:\/\/medicinasinc.com\/cs\/product\/koupit-ketamin-prasek\/\" \/>\n<meta property=\"og:locale\" content=\"en_US\" \/>\n<meta property=\"og:type\" content=\"article\" \/>\n<meta property=\"og:title\" content=\"Koupit ketaminov\u00fd pr\u00e1\u0161ek \u2013 prodej ketaminu Evropa \u2013 nejlep\u0161\u00ed nejlep\u0161\u00ed glob\u00e1ln\u00ed l\u00e9ky\" \/>\n<meta property=\"og:description\" content=\"Koupit ketaminov\u00fd pr\u00e1\u0161ek na prodej doprava EU, platba bitcoiny. Levn\u00fd dodavatel ketaminov\u00e9ho pr\u00e1\u0161ku \u2013 nakupujte v\u00fdzkumn\u00e9 chemik\u00e1lie v Evrop\u011b. Prodejna ketaminov\u00e9ho pr\u00e1\u0161ku v Evrop\u011b.\" \/>\n<meta property=\"og:url\" content=\"https:\/\/medicinasinc.com\/cs\/product\/koupit-ketamin-prasek\/\" \/>\n<meta property=\"og:site_name\" content=\"Medicinas Inc\" \/>\n<meta property=\"article:modified_time\" content=\"2022-03-14T12:45:09+00:00\" \/>\n<meta property=\"og:image\" content=\"https:\/\/medicinasinc.com\/cs\/wp-content\/uploads\/sites\/2\/2022\/02\/Buy-Ketamine-powder.jpg\" \/>\n\t<meta property=\"og:image:width\" content=\"900\" \/>\n\t<meta property=\"og:image:height\" content=\"675\" \/>\n\t<meta property=\"og:image:type\" content=\"image\/jpeg\" \/>\n<meta name=\"twitter:card\" content=\"summary_large_image\" \/>\n<meta name=\"twitter:label1\" content=\"Est. reading time\" \/>\n\t<meta name=\"twitter:data1\" content=\"2 minutes\" \/>\n<script type=\"application\/ld+json\" class=\"yoast-schema-graph\">{\"@context\":\"https:\\\/\\\/schema.org\",\"@graph\":[{\"@type\":\"WebPage\",\"@id\":\"https:\\\/\\\/medicinasinc.com\\\/cs\\\/product\\\/koupit-ketamin-prasek\\\/\",\"url\":\"https:\\\/\\\/medicinasinc.com\\\/cs\\\/product\\\/koupit-ketamin-prasek\\\/\",\"name\":\"Koupit ketaminov\u00fd pr\u00e1\u0161ek \u2013 prodej ketaminu Evropa \u2013 nejlep\u0161\u00ed nejlep\u0161\u00ed glob\u00e1ln\u00ed l\u00e9ky\",\"isPartOf\":{\"@id\":\"https:\\\/\\\/medicinasinc.com\\\/cs\\\/#website\"},\"primaryImageOfPage\":{\"@id\":\"https:\\\/\\\/medicinasinc.com\\\/cs\\\/product\\\/koupit-ketamin-prasek\\\/#primaryimage\"},\"image\":{\"@id\":\"https:\\\/\\\/medicinasinc.com\\\/cs\\\/product\\\/koupit-ketamin-prasek\\\/#primaryimage\"},\"thumbnailUrl\":\"https:\\\/\\\/medicinasinc.com\\\/cs\\\/wp-content\\\/uploads\\\/sites\\\/2\\\/2022\\\/02\\\/Buy-Ketamine-powder.jpg\",\"datePublished\":\"2022-02-20T16:50:30+00:00\",\"dateModified\":\"2022-03-14T12:45:09+00:00\",\"description\":\"Koupit ketaminov\u00fd pr\u00e1\u0161ek na prodej doprava EU, platba bitcoiny. Levn\u00fd dodavatel ketaminov\u00e9ho pr\u00e1\u0161ku \u2013 nakupujte v\u00fdzkumn\u00e9 chemik\u00e1lie v Evrop\u011b. Prodejna ketaminov\u00e9ho pr\u00e1\u0161ku v Evrop\u011b.\",\"breadcrumb\":{\"@id\":\"https:\\\/\\\/medicinasinc.com\\\/cs\\\/product\\\/koupit-ketamin-prasek\\\/#breadcrumb\"},\"inLanguage\":\"en-US\",\"potentialAction\":[{\"@type\":\"ReadAction\",\"target\":[\"https:\\\/\\\/medicinasinc.com\\\/cs\\\/product\\\/koupit-ketamin-prasek\\\/\"]}]},{\"@type\":\"ImageObject\",\"inLanguage\":\"en-US\",\"@id\":\"https:\\\/\\\/medicinasinc.com\\\/cs\\\/product\\\/koupit-ketamin-prasek\\\/#primaryimage\",\"url\":\"https:\\\/\\\/medicinasinc.com\\\/cs\\\/wp-content\\\/uploads\\\/sites\\\/2\\\/2022\\\/02\\\/Buy-Ketamine-powder.jpg\",\"contentUrl\":\"https:\\\/\\\/medicinasinc.com\\\/cs\\\/wp-content\\\/uploads\\\/sites\\\/2\\\/2022\\\/02\\\/Buy-Ketamine-powder.jpg\",\"width\":900,\"height\":675},{\"@type\":\"BreadcrumbList\",\"@id\":\"https:\\\/\\\/medicinasinc.com\\\/cs\\\/product\\\/koupit-ketamin-prasek\\\/#breadcrumb\",\"itemListElement\":[{\"@type\":\"ListItem\",\"position\":1,\"name\":\"Obchod\",\"item\":\"https:\\\/\\\/medicinasinc.com\\\/cs\\\/obchod\\\/\"},{\"@type\":\"ListItem\",\"position\":2,\"name\":\"Kupte si ketaminov\u00fd pr\u00e1\u0161ek\"}]},{\"@type\":\"WebSite\",\"@id\":\"https:\\\/\\\/medicinasinc.com\\\/cs\\\/#website\",\"url\":\"https:\\\/\\\/medicinasinc.com\\\/cs\\\/\",\"name\":\"Medicinas Inc\",\"description\":\"Health Medical Clinic\",\"potentialAction\":[{\"@type\":\"SearchAction\",\"target\":{\"@type\":\"EntryPoint\",\"urlTemplate\":\"https:\\\/\\\/medicinasinc.com\\\/cs\\\/?s={search_term_string}\"},\"query-input\":{\"@type\":\"PropertyValueSpecification\",\"valueRequired\":true,\"valueName\":\"search_term_string\"}}],\"inLanguage\":\"en-US\"}]}<\/script>\n<!-- \/ Yoast SEO plugin. -->","yoast_head_json":{"title":"Koupit ketaminov\u00fd pr\u00e1\u0161ek \u2013 prodej ketaminu Evropa \u2013 nejlep\u0161\u00ed nejlep\u0161\u00ed glob\u00e1ln\u00ed l\u00e9ky","description":"Koupit ketaminov\u00fd pr\u00e1\u0161ek na prodej doprava EU, platba bitcoiny. Levn\u00fd dodavatel ketaminov\u00e9ho pr\u00e1\u0161ku \u2013 nakupujte v\u00fdzkumn\u00e9 chemik\u00e1lie v Evrop\u011b. Prodejna ketaminov\u00e9ho pr\u00e1\u0161ku v Evrop\u011b.","robots":{"index":"index","follow":"follow","max-snippet":"max-snippet:-1","max-image-preview":"max-image-preview:large","max-video-preview":"max-video-preview:-1"},"canonical":"https:\/\/medicinasinc.com\/cs\/product\/koupit-ketamin-prasek\/","og_locale":"en_US","og_type":"article","og_title":"Koupit ketaminov\u00fd pr\u00e1\u0161ek \u2013 prodej ketaminu Evropa \u2013 nejlep\u0161\u00ed nejlep\u0161\u00ed glob\u00e1ln\u00ed l\u00e9ky","og_description":"Koupit ketaminov\u00fd pr\u00e1\u0161ek na prodej doprava EU, platba bitcoiny. Levn\u00fd dodavatel ketaminov\u00e9ho pr\u00e1\u0161ku \u2013 nakupujte v\u00fdzkumn\u00e9 chemik\u00e1lie v Evrop\u011b. Prodejna ketaminov\u00e9ho pr\u00e1\u0161ku v Evrop\u011b.","og_url":"https:\/\/medicinasinc.com\/cs\/product\/koupit-ketamin-prasek\/","og_site_name":"Medicinas Inc","article_modified_time":"2022-03-14T12:45:09+00:00","og_image":[{"width":900,"height":675,"url":"https:\/\/medicinasinc.com\/cs\/wp-content\/uploads\/sites\/2\/2022\/02\/Buy-Ketamine-powder.jpg","type":"image\/jpeg"}],"twitter_card":"summary_large_image","twitter_misc":{"Est. reading time":"2 minutes"},"schema":{"@context":"https:\/\/schema.org","@graph":[{"@type":"WebPage","@id":"https:\/\/medicinasinc.com\/cs\/product\/koupit-ketamin-prasek\/","url":"https:\/\/medicinasinc.com\/cs\/product\/koupit-ketamin-prasek\/","name":"Koupit ketaminov\u00fd pr\u00e1\u0161ek \u2013 prodej ketaminu Evropa \u2013 nejlep\u0161\u00ed nejlep\u0161\u00ed glob\u00e1ln\u00ed l\u00e9ky","isPartOf":{"@id":"https:\/\/medicinasinc.com\/cs\/#website"},"primaryImageOfPage":{"@id":"https:\/\/medicinasinc.com\/cs\/product\/koupit-ketamin-prasek\/#primaryimage"},"image":{"@id":"https:\/\/medicinasinc.com\/cs\/product\/koupit-ketamin-prasek\/#primaryimage"},"thumbnailUrl":"https:\/\/medicinasinc.com\/cs\/wp-content\/uploads\/sites\/2\/2022\/02\/Buy-Ketamine-powder.jpg","datePublished":"2022-02-20T16:50:30+00:00","dateModified":"2022-03-14T12:45:09+00:00","description":"Koupit ketaminov\u00fd pr\u00e1\u0161ek na prodej doprava EU, platba bitcoiny. Levn\u00fd dodavatel ketaminov\u00e9ho pr\u00e1\u0161ku \u2013 nakupujte v\u00fdzkumn\u00e9 chemik\u00e1lie v Evrop\u011b. Prodejna ketaminov\u00e9ho pr\u00e1\u0161ku v Evrop\u011b.","breadcrumb":{"@id":"https:\/\/medicinasinc.com\/cs\/product\/koupit-ketamin-prasek\/#breadcrumb"},"inLanguage":"en-US","potentialAction":[{"@type":"ReadAction","target":["https:\/\/medicinasinc.com\/cs\/product\/koupit-ketamin-prasek\/"]}]},{"@type":"ImageObject","inLanguage":"en-US","@id":"https:\/\/medicinasinc.com\/cs\/product\/koupit-ketamin-prasek\/#primaryimage","url":"https:\/\/medicinasinc.com\/cs\/wp-content\/uploads\/sites\/2\/2022\/02\/Buy-Ketamine-powder.jpg","contentUrl":"https:\/\/medicinasinc.com\/cs\/wp-content\/uploads\/sites\/2\/2022\/02\/Buy-Ketamine-powder.jpg","width":900,"height":675},{"@type":"BreadcrumbList","@id":"https:\/\/medicinasinc.com\/cs\/product\/koupit-ketamin-prasek\/#breadcrumb","itemListElement":[{"@type":"ListItem","position":1,"name":"Obchod","item":"https:\/\/medicinasinc.com\/cs\/obchod\/"},{"@type":"ListItem","position":2,"name":"Kupte si ketaminov\u00fd pr\u00e1\u0161ek"}]},{"@type":"WebSite","@id":"https:\/\/medicinasinc.com\/cs\/#website","url":"https:\/\/medicinasinc.com\/cs\/","name":"Medicinas Inc","description":"Health Medical Clinic","potentialAction":[{"@type":"SearchAction","target":{"@type":"EntryPoint","urlTemplate":"https:\/\/medicinasinc.com\/cs\/?s={search_term_string}"},"query-input":{"@type":"PropertyValueSpecification","valueRequired":true,"valueName":"search_term_string"}}],"inLanguage":"en-US"}]}},"_links":{"self":[{"href":"https:\/\/medicinasinc.com\/cs\/wp-json\/wp\/v2\/product\/4848","targetHints":{"allow":["GET"]}}],"collection":[{"href":"https:\/\/medicinasinc.com\/cs\/wp-json\/wp\/v2\/product"}],"about":[{"href":"https:\/\/medicinasinc.com\/cs\/wp-json\/wp\/v2\/types\/product"}],"replies":[{"embeddable":true,"href":"https:\/\/medicinasinc.com\/cs\/wp-json\/wp\/v2\/comments?post=4848"}],"wp:featuredmedia":[{"embeddable":true,"href":"https:\/\/medicinasinc.com\/cs\/wp-json\/wp\/v2\/media\/4860"}],"wp:attachment":[{"href":"https:\/\/medicinasinc.com\/cs\/wp-json\/wp\/v2\/media?parent=4848"}],"wp:term":[{"taxonomy":"product_brand","embeddable":true,"href":"https:\/\/medicinasinc.com\/cs\/wp-json\/wp\/v2\/product_brand?post=4848"},{"taxonomy":"product_cat","embeddable":true,"href":"https:\/\/medicinasinc.com\/cs\/wp-json\/wp\/v2\/product_cat?post=4848"},{"taxonomy":"product_tag","embeddable":true,"href":"https:\/\/medicinasinc.com\/cs\/wp-json\/wp\/v2\/product_tag?post=4848"}],"curies":[{"name":"wp","href":"https:\/\/api.w.org\/{rel}","templated":true}]}}