{"id":4830,"date":"2022-02-20T16:34:51","date_gmt":"2022-02-20T16:34:51","guid":{"rendered":"https:\/\/medicinasinc.com\/cs\/?post_type=product&#038;p=4830"},"modified":"2022-03-14T12:45:22","modified_gmt":"2022-03-14T12:45:22","slug":"koupit-krystal-meth","status":"publish","type":"product","link":"https:\/\/medicinasinc.com\/cs\/product\/koupit-krystal-meth\/","title":{"rendered":"Kupte si Crystal Meth"},"content":{"rendered":"<p>Kde koupit Crystal Meth \u2013 metamfetamin<\/p>\n<p>Ochota koupit Crystal Meth, tak\u00e9 zn\u00e1m\u00fd jako pervitin z drah\u00fdch kamen\u016f, je stimulant centr\u00e1ln\u00edho nervov\u00e9ho syst\u00e9mu (CNS), kter\u00fd m\u00e1 \u0159adu podobnost\u00ed s amfetaminy, druh\u00fdm sv\u011btov\u00fdm nejobl\u00edben\u011bj\u0161\u00ed t\u0159\u00edda neleg\u00e1ln\u00edch l\u00e9k\u016f hned za maryjane.<br \/> Stejn\u011b jako amfetamin podporuje zv\u00fd\u0161enou aktivitu, sn\u00ed\u017een\u00ed hladu a celkov\u00fd pocit pohody.<\/p>\n<p>Existuje n\u011bkolik uzn\u00e1van\u00fdch l\u00e9\u010debn\u00fdch pou\u017eit\u00ed pro Crystal Meth \u2013 metamfetamin, v\u010detn\u011b l\u00e9\u010dby narkolepsie, nedostate\u010dn\u00e9 schopnosti soust\u0159edit se d\u016fsledn\u011b a pro chvilkov\u00e9 pou\u017eit\u00ed, jako je ztuhlost; tato l\u00e9\u010div\u00e1 pou\u017eit\u00ed jsou v\u0161ak omezen\u00e1.<\/p>\n<p>K\u0159i\u0161\u0165\u00e1lov\u00fd metan, stejn\u011b jako kokain, lze kou\u0159it. Chemical Inc. prod\u00e1v\u00e1 Crystal Meth \u2013 metamfetamin.<\/p>\n<p>Metamfetaminy se pou\u017e\u00edvaj\u00ed k l\u00e9\u010db\u011b n\u00e1sleduj\u00edc\u00edch stav\u016f:<\/p>\n<p>ADHDsNarkolepsie<\/p>\n<p>L\u00e9ka\u0159sk\u00e9 aplikace jsou omezen\u00e9.<\/p>\n<p>Crystal Meth \u2013 Metamfetamin, podobn\u011b jako kokain, lze kou\u0159it.<\/p>\n<p>Kupte si Crystal Meth za bitcoiny<\/p>\n<p>Crystal Meth \u2013 Metamfetamin se pou\u017e\u00edv\u00e1 k l\u00e9\u010db\u011b n\u00e1sleduj\u00edc\u00edch stav\u016f:<\/p>\n<p>Obezita Porucha hyperaktivity Narkolepsie V d\u016fsledku toho podporuje zv\u00fd\u0161enou aktivitu, sni\u017euje hlad a celkov\u00fd pocit blahobytu. P\u0159i nadm\u011brn\u00e9m u\u017e\u00edv\u00e1n\u00ed m\u00e1 progresivn\u011b destruktivn\u00ed \u00fa\u010dinky na prim\u00e1rn\u00ed smyslov\u00fd syst\u00e9m.<br \/> Pokud se domn\u00edv\u00e1te, \u017ee jste mohla ot\u011bhotn\u011bt b\u011bhem u\u017e\u00edv\u00e1n\u00ed l\u00e9k\u016f, okam\u017eit\u011b kontaktujte sv\u00e9ho specialistu, abyste p\u0159ede\u0161li komplikac\u00edm.<br \/> Pokud trp\u00edte srde\u010dn\u00ed probl\u00e9my,<\/p>\n<p>Metamfetaminy maj\u00ed \u0159adu negativn\u00edch d\u016fsledk\u016f, v\u010detn\u011b n\u00e1sleduj\u00edc\u00edch:<\/p>\n<p>Zv\u00fd\u0161en\u00ed tepov\u00e9 frekvence<br \/> Zv\u00fd\u0161en\u00ed t\u011blesn\u00e9 teploty<br \/> Zv\u00fd\u0161en\u00ed frekvence p\u0159i kter\u00e9 se uvol\u0148uj\u00ed<br \/> Studenti s roz\u0161\u00ed\u0159en\u00fdmi zorni\u010dkami<br \/> T\u0159es Emoce podobn\u00e9 vytr\u017een\u00ed<br \/> Zv\u00fd\u0161en\u00e1 \u00fazkost<br \/> Podr\u00e1\u017ed\u011bnost<br \/> Paranoia<br \/> N\u00e1siln\u00e9 a vyh\u00fdbav\u00e9 chov\u00e1n\u00ed<br \/> Hyperaktivita na do\u010dasn\u011b Pora\u010fte se s odborn\u00edkem ohledn\u011b terapeutick\u00fdch mo\u017enost\u00ed.<\/p>\n<p>Vyhnout se \u010d\u00e1sti metamfetamin\u016f nen\u00ed obt\u00ed\u017en\u00e9, ale m\u011bli byste se vyhnout dvoj\u00edmu m\u011b\u0159en\u00ed.<\/p>\n<p>&nbsp;<\/p>\n<p> &nbsp;<\/p>\n<p>&nbsp;<\/p>\n<p>&nbsp;<\/p>\n<p>&nbsp;<\/p>\n<p>&nbsp;<\/p>\n<p>Zat\u00edmco metamfetamin je ur\u010den k udr\u017eet pozornost, wh en zneu\u017e\u00edv\u00e1n, m\u016f\u017ee snadno v\u00e9st k v\u00e1\u017en\u00fdm zdravotn\u00edm probl\u00e9m\u016fm, a proto je nejlep\u0161\u00edm \u0159e\u0161en\u00edm vyhledat krizovou pomoc kvalifikovan\u00fdch zdravotn\u00edk\u016f.<\/p>\n<p>&nbsp;<\/p>\n<p>&nbsp;<\/p>\n<p>&nbsp;<\/p>\n<p>&nbsp;<\/p>\n<p>&nbsp;<\/p>\n<p>&nbsp;<\/p>\n<p>Nejlep\u0161\u00ed glob\u00e1ln\u00ed l\u00e9ky. nab\u00edz\u00ed Crystal Meth \u2013 metamfetamin na prodej online.<\/p>\n<p>Nav\u00edc udr\u017eujte metamfetaminy p\u0159i pokojov\u00e9 teplot\u011b v oblastech bez sv\u011btla a tepla. Podobn\u011b tento l\u00e9k nevyplachujte. Va\u0161e d\u011bti a dom\u00e1c\u00ed mazl\u00ed\u010dci nesm\u00ed b\u00fdt \u017e\u00e1dn\u00fdm zp\u016fsobem vystaveni tomuto l\u00e9ku.<\/p>\n<p>M\u016f\u017eete si v\u0161ak zakoupit Crystal Meth \u2013 metamfetamin online od nejuzn\u00e1van\u011bj\u0161\u00edho online prodejce \u2013 Chemical Inc.<\/p>\n<p> Kupte si metamfetaminy bez l\u00e9ka\u0159sk\u00e9ho p\u0159edpisu, metamfetaminy jsou k dispozici ke koupi online za nejlep\u0161\u00ed mo\u017enou cenu.<br \/> Kupte si nej\u00fa\u010dinn\u011bj\u0161\u00ed l\u00e9ky pr\u00e1v\u011b te\u010f!<br \/> Online n\u00e1kup Crystal Meth<\/p>\n<p>U\u017eivatel\u00e9 pervitinu by m\u011bli hledat okam\u017eitou l\u00e9\u010dbu.<\/p>\n<p>Zat\u00edmco mnoho fyzick\u00fdch p\u0159\u00edznak\u016f lze zvr\u00e1tit spr\u00e1vnou l\u00e9\u010dbou, pokro\u010dil\u00e9 st\u00e1rnut\u00ed a zubn\u00ed kaz je obt\u00ed\u017en\u011bj\u0161\u00ed zvr\u00e1tit a po\u0161kozen\u00ed je \u010dasto nevratn\u00e9.<\/p>\n<p>Nav\u00edc u\u017e\u00edv\u00e1n\u00ed metamfetaminu m\u016f\u017ee vy\u00fastit v psych\u00f3zu nebo psychotick\u00e9 chov\u00e1n\u00ed, p\u0159i kter\u00e9m u\u017eivatel\u00e9 ztr\u00e1cej\u00ed kontakt s realitou a za\u017e\u00edvaj\u00ed v\u00e1\u017en\u00e9 bludy, paranoiu, halucinace a obsedantn\u00ed chov\u00e1n\u00ed, kter\u00e9 jim br\u00e1n\u00ed skute\u010dn\u011b porozum\u011bt \u0161kod\u011b, kterou sami sob\u011b zp\u016fsobuj\u00ed.<\/p>\n<p>To je pro z\u00e1visl\u00e9ho rozhoduj\u00edc\u00ed okam\u017eit\u011b vyhledejte pomoc, jinak budou trp\u011bt t\u011bmito fyzick\u00fdmi a psychick\u00fdmi n\u00e1sledky, stejn\u011b jako dal\u0161\u00edmi b\u011b\u017en\u00fdmi p\u0159\u00edznaky, jako jsou zni\u010den\u00e9 vztahy, finan\u010dn\u00ed b\u00edda a obvin\u011bn\u00ed z trestn\u00e9ho \u010dinu.<\/p>\n<p>T\u00e9m\u011b\u0159 ka\u017ed\u00e1 rodina je posti\u017eena z\u00e1vislost\u00ed, kter\u00e1 zp\u016fsobuje zmatek pro fyzick\u00e9 a du\u0161evn\u00ed zdrav\u00ed, vztahy a osobn\u00ed finance. matky, otcov\u00e9, brat\u0159i, sestry, dcery a synov\u00e9 jsou v\u0161ichni zahrnuti do t\u00e9to kategorie.<\/p>\n<p>Nikdo nen\u00ed imunn\u00ed v\u016f\u010di d\u011bsiv\u00fdm dlouhodob\u00fdm n\u00e1sledk\u016fm zneu\u017e\u00edv\u00e1n\u00ed tvrd\u00fdch drog.<br \/> N\u00e1sleduje st\u0159\u00edzliv\u00fd obraz SKUTE\u010cN\u00cd lid\u00e9.<\/p>\n<p>Podlehli jsme l\u00e1kadlu u\u017e\u00edv\u00e1n\u00ed drog \u2013 v tomto p\u0159\u00edpad\u011b metamfetaminu \u2013 a jeho ni\u010div\u00e9 n\u00e1sledky jsou a\u017e p\u0159\u00edli\u0161 z\u0159ejm\u00e9.<br \/> Pokud vy nebo v\u00e1\u0161 bl\u00edzk\u00fd bojujete s z\u00e1vislost na metamfetaminu, nebo pokud se chcete dozv\u011bd\u011bt v\u00edce, nav\u0161tivte pros\u00edm n\u00e1sleduj\u00edc\u00ed webov\u00e9 str\u00e1nky, kde v\u00e1m pomohou s uzdraven\u00edm.<\/p>\n<p>&nbsp;<\/p>\n<p>ne\u017e\u00e1douc\u00ed \u00fa\u010dinky metamfetaminu, struktura metamfetaminu, jak dlouho metamfetamin trv\u00e1 z\u016fsta\u0148te ve sv\u00e9m syst\u00e9mu, jak kou\u0159\u00edte metamfetamin, heroin, kokain, metamfetamin, cigarety a alkohol, to v\u0161e jsou p\u0159\u00edklady ________., r\u016f\u017eov\u00fd metamfetamin, \u0161\u0148up\u00e1n\u00ed k\u0159i\u0161\u0165\u00e1lov\u00e9ho metamfetaminu, ceny metamfetaminu Jak chutn\u00e1 metamfetamin, jak dlouho z\u016fst\u00e1v\u00e1 ve va\u0161\u00ed mo\u010di a jak vypad\u00e1 metamfetamin? super metamfetamin, vedlej\u0161\u00ed \u00fa\u010dinky metamfetaminu, struktura metamfetaminu, jak dlouho z\u016fst\u00e1v\u00e1 metamfetamin ve va\u0161em syst\u00e9mu, jak kou\u0159it metamfetamin, heroin, kokain, metamfetamin, cigarety a alkohol, to v\u0161e jsou p\u0159\u00edklady ________., r\u016f\u017eov\u00fd metamfetamin, ceny metamfetaminu z \u0161\u0148upac\u00edho krystalu, metamfetamin Jak chutn\u00e1 metamfetamin, jak dlouho z\u016fst\u00e1v\u00e1 v mo\u010di a jak pervitin vypad\u00e1? metamfetamin supr\u00eame<\/p>\n","protected":false},"excerpt":{"rendered":"<p>Kupte si k\u0159i\u0161\u0165\u00e1lov\u00fd metamfetamin na prodej Velk\u00e1 Brit\u00e1nie, Evropa Asie, metamfetamin online kupte metamfetamin s n\u00e1mi, m\u016f\u017eeme v\u00e1m ho doru\u010dit odkudkoli po cel\u00e9m sv\u011bt\u011b.<\/p>\n<p>Kupte si pervitin online \u2013 96,8% \u010dist\u00fd krystalick\u00fd metamfetamin \u2013 Kde koupit krystalick\u00fd pervitin online \u2013 Koupit 96,8% \u010dist\u00fd ledov\u00fd pervitin \u2013 Koupit metamfetamin online<\/p>\n","protected":false},"featured_media":4844,"comment_status":"open","ping_status":"closed","template":"","meta":[],"product_brand":[],"product_cat":[703],"product_tag":[707,724,708,709,710,711,712,715,716,717,719,720,706,705,714,704,713,721,722,718,723],"class_list":{"0":"post-4830","1":"product","2":"type-product","3":"status-publish","4":"has-post-thumbnail","6":"product_cat-kupte-si-psychedelicke-drogy","7":"product_tag-buy-crystal-meth-in-spain","8":"product_tag-co-je-krystal-meth","9":"product_tag-crystal-meth","10":"product_tag-crystal-meth-australia","11":"product_tag-crystal-meth-drugs","12":"product_tag-crystal-meth-effects","13":"product_tag-crystal-meth-nmecko","14":"product_tag-crystal-meth-spain","15":"product_tag-crystal-meth-sweden","16":"product_tag-crystal-meth-vendor-france","17":"product_tag-falen-krystal-meth","18":"product_tag-jak-je-krystal-meth-kouen","19":"product_tag-koupit-krystalick-meth-v-nmecku","20":"product_tag-koupit-krystalick-meth-ve-francii","21":"product_tag-krystal-meth-pipe","22":"product_tag-koupit-krystalick-meth-v-australii","23":"product_tag-krystal-meth-obr","24":"product_tag-meth-krystal","25":"product_tag-pictures-of-crystal-meth","26":"product_tag-crystal-meth-vendor-usa","27":"product_tag-upn-krystal-meth","29":"first","30":"instock","31":"shipping-taxable","32":"purchasable","33":"product-type-variable"},"yoast_head":"<!-- This site is optimized with the Yoast SEO plugin v27.3 - https:\/\/yoast.com\/product\/yoast-seo-wordpress\/ -->\n<title>Koupit Crystal Meth - Metamfetamin - Nejlep\u0161\u00ed nejlep\u0161\u00ed glob\u00e1ln\u00ed l\u00e9ky<\/title>\n<meta name=\"description\" content=\"Koupit Crystal Meth na prodej Velk\u00e1 Brit\u00e1nie, Evropa Asie, metamfetamin Online n\u00e1kup metamfetaminu s n\u00e1mi v\u00e1m m\u016f\u017eeme dodat odkudkoli po cel\u00e9m sv\u011bt\u011b.\" \/>\n<meta name=\"robots\" content=\"index, follow, max-snippet:-1, max-image-preview:large, max-video-preview:-1\" \/>\n<link rel=\"canonical\" href=\"https:\/\/medicinasinc.com\/cs\/product\/koupit-krystal-meth\/\" \/>\n<meta property=\"og:locale\" content=\"en_US\" \/>\n<meta property=\"og:type\" content=\"article\" \/>\n<meta property=\"og:title\" content=\"Koupit Crystal Meth - Metamfetamin - Nejlep\u0161\u00ed nejlep\u0161\u00ed glob\u00e1ln\u00ed l\u00e9ky\" \/>\n<meta property=\"og:description\" content=\"Koupit Crystal Meth na prodej Velk\u00e1 Brit\u00e1nie, Evropa Asie, metamfetamin Online n\u00e1kup metamfetaminu s n\u00e1mi v\u00e1m m\u016f\u017eeme dodat odkudkoli po cel\u00e9m sv\u011bt\u011b.\" \/>\n<meta property=\"og:url\" content=\"https:\/\/medicinasinc.com\/cs\/product\/koupit-krystal-meth\/\" \/>\n<meta property=\"og:site_name\" content=\"Medicinas Inc\" \/>\n<meta property=\"article:modified_time\" content=\"2022-03-14T12:45:22+00:00\" \/>\n<meta property=\"og:image\" content=\"https:\/\/medicinasinc.com\/cs\/wp-content\/uploads\/sites\/2\/2022\/02\/Buy-Crystal-Meth-1.jpg\" \/>\n\t<meta property=\"og:image:width\" content=\"1024\" \/>\n\t<meta property=\"og:image:height\" content=\"768\" \/>\n\t<meta property=\"og:image:type\" content=\"image\/jpeg\" \/>\n<meta name=\"twitter:card\" content=\"summary_large_image\" \/>\n<meta name=\"twitter:label1\" content=\"Est. reading time\" \/>\n\t<meta name=\"twitter:data1\" content=\"4 minutes\" \/>\n<script type=\"application\/ld+json\" class=\"yoast-schema-graph\">{\"@context\":\"https:\\\/\\\/schema.org\",\"@graph\":[{\"@type\":\"WebPage\",\"@id\":\"https:\\\/\\\/medicinasinc.com\\\/cs\\\/product\\\/koupit-krystal-meth\\\/\",\"url\":\"https:\\\/\\\/medicinasinc.com\\\/cs\\\/product\\\/koupit-krystal-meth\\\/\",\"name\":\"Koupit Crystal Meth - Metamfetamin - Nejlep\u0161\u00ed nejlep\u0161\u00ed glob\u00e1ln\u00ed l\u00e9ky\",\"isPartOf\":{\"@id\":\"https:\\\/\\\/medicinasinc.com\\\/cs\\\/#website\"},\"primaryImageOfPage\":{\"@id\":\"https:\\\/\\\/medicinasinc.com\\\/cs\\\/product\\\/koupit-krystal-meth\\\/#primaryimage\"},\"image\":{\"@id\":\"https:\\\/\\\/medicinasinc.com\\\/cs\\\/product\\\/koupit-krystal-meth\\\/#primaryimage\"},\"thumbnailUrl\":\"https:\\\/\\\/medicinasinc.com\\\/cs\\\/wp-content\\\/uploads\\\/sites\\\/2\\\/2022\\\/02\\\/Buy-Crystal-Meth-1.jpg\",\"datePublished\":\"2022-02-20T16:34:51+00:00\",\"dateModified\":\"2022-03-14T12:45:22+00:00\",\"description\":\"Koupit Crystal Meth na prodej Velk\u00e1 Brit\u00e1nie, Evropa Asie, metamfetamin Online n\u00e1kup metamfetaminu s n\u00e1mi v\u00e1m m\u016f\u017eeme dodat odkudkoli po cel\u00e9m sv\u011bt\u011b.\",\"breadcrumb\":{\"@id\":\"https:\\\/\\\/medicinasinc.com\\\/cs\\\/product\\\/koupit-krystal-meth\\\/#breadcrumb\"},\"inLanguage\":\"en-US\",\"potentialAction\":[{\"@type\":\"ReadAction\",\"target\":[\"https:\\\/\\\/medicinasinc.com\\\/cs\\\/product\\\/koupit-krystal-meth\\\/\"]}]},{\"@type\":\"ImageObject\",\"inLanguage\":\"en-US\",\"@id\":\"https:\\\/\\\/medicinasinc.com\\\/cs\\\/product\\\/koupit-krystal-meth\\\/#primaryimage\",\"url\":\"https:\\\/\\\/medicinasinc.com\\\/cs\\\/wp-content\\\/uploads\\\/sites\\\/2\\\/2022\\\/02\\\/Buy-Crystal-Meth-1.jpg\",\"contentUrl\":\"https:\\\/\\\/medicinasinc.com\\\/cs\\\/wp-content\\\/uploads\\\/sites\\\/2\\\/2022\\\/02\\\/Buy-Crystal-Meth-1.jpg\",\"width\":1024,\"height\":768},{\"@type\":\"BreadcrumbList\",\"@id\":\"https:\\\/\\\/medicinasinc.com\\\/cs\\\/product\\\/koupit-krystal-meth\\\/#breadcrumb\",\"itemListElement\":[{\"@type\":\"ListItem\",\"position\":1,\"name\":\"Obchod\",\"item\":\"https:\\\/\\\/medicinasinc.com\\\/cs\\\/obchod\\\/\"},{\"@type\":\"ListItem\",\"position\":2,\"name\":\"Kupte si Crystal Meth\"}]},{\"@type\":\"WebSite\",\"@id\":\"https:\\\/\\\/medicinasinc.com\\\/cs\\\/#website\",\"url\":\"https:\\\/\\\/medicinasinc.com\\\/cs\\\/\",\"name\":\"Medicinas Inc\",\"description\":\"Health Medical Clinic\",\"potentialAction\":[{\"@type\":\"SearchAction\",\"target\":{\"@type\":\"EntryPoint\",\"urlTemplate\":\"https:\\\/\\\/medicinasinc.com\\\/cs\\\/?s={search_term_string}\"},\"query-input\":{\"@type\":\"PropertyValueSpecification\",\"valueRequired\":true,\"valueName\":\"search_term_string\"}}],\"inLanguage\":\"en-US\"}]}<\/script>\n<!-- \/ Yoast SEO plugin. -->","yoast_head_json":{"title":"Koupit Crystal Meth - Metamfetamin - Nejlep\u0161\u00ed nejlep\u0161\u00ed glob\u00e1ln\u00ed l\u00e9ky","description":"Koupit Crystal Meth na prodej Velk\u00e1 Brit\u00e1nie, Evropa Asie, metamfetamin Online n\u00e1kup metamfetaminu s n\u00e1mi v\u00e1m m\u016f\u017eeme dodat odkudkoli po cel\u00e9m sv\u011bt\u011b.","robots":{"index":"index","follow":"follow","max-snippet":"max-snippet:-1","max-image-preview":"max-image-preview:large","max-video-preview":"max-video-preview:-1"},"canonical":"https:\/\/medicinasinc.com\/cs\/product\/koupit-krystal-meth\/","og_locale":"en_US","og_type":"article","og_title":"Koupit Crystal Meth - Metamfetamin - Nejlep\u0161\u00ed nejlep\u0161\u00ed glob\u00e1ln\u00ed l\u00e9ky","og_description":"Koupit Crystal Meth na prodej Velk\u00e1 Brit\u00e1nie, Evropa Asie, metamfetamin Online n\u00e1kup metamfetaminu s n\u00e1mi v\u00e1m m\u016f\u017eeme dodat odkudkoli po cel\u00e9m sv\u011bt\u011b.","og_url":"https:\/\/medicinasinc.com\/cs\/product\/koupit-krystal-meth\/","og_site_name":"Medicinas Inc","article_modified_time":"2022-03-14T12:45:22+00:00","og_image":[{"width":1024,"height":768,"url":"https:\/\/medicinasinc.com\/cs\/wp-content\/uploads\/sites\/2\/2022\/02\/Buy-Crystal-Meth-1.jpg","type":"image\/jpeg"}],"twitter_card":"summary_large_image","twitter_misc":{"Est. reading time":"4 minutes"},"schema":{"@context":"https:\/\/schema.org","@graph":[{"@type":"WebPage","@id":"https:\/\/medicinasinc.com\/cs\/product\/koupit-krystal-meth\/","url":"https:\/\/medicinasinc.com\/cs\/product\/koupit-krystal-meth\/","name":"Koupit Crystal Meth - Metamfetamin - Nejlep\u0161\u00ed nejlep\u0161\u00ed glob\u00e1ln\u00ed l\u00e9ky","isPartOf":{"@id":"https:\/\/medicinasinc.com\/cs\/#website"},"primaryImageOfPage":{"@id":"https:\/\/medicinasinc.com\/cs\/product\/koupit-krystal-meth\/#primaryimage"},"image":{"@id":"https:\/\/medicinasinc.com\/cs\/product\/koupit-krystal-meth\/#primaryimage"},"thumbnailUrl":"https:\/\/medicinasinc.com\/cs\/wp-content\/uploads\/sites\/2\/2022\/02\/Buy-Crystal-Meth-1.jpg","datePublished":"2022-02-20T16:34:51+00:00","dateModified":"2022-03-14T12:45:22+00:00","description":"Koupit Crystal Meth na prodej Velk\u00e1 Brit\u00e1nie, Evropa Asie, metamfetamin Online n\u00e1kup metamfetaminu s n\u00e1mi v\u00e1m m\u016f\u017eeme dodat odkudkoli po cel\u00e9m sv\u011bt\u011b.","breadcrumb":{"@id":"https:\/\/medicinasinc.com\/cs\/product\/koupit-krystal-meth\/#breadcrumb"},"inLanguage":"en-US","potentialAction":[{"@type":"ReadAction","target":["https:\/\/medicinasinc.com\/cs\/product\/koupit-krystal-meth\/"]}]},{"@type":"ImageObject","inLanguage":"en-US","@id":"https:\/\/medicinasinc.com\/cs\/product\/koupit-krystal-meth\/#primaryimage","url":"https:\/\/medicinasinc.com\/cs\/wp-content\/uploads\/sites\/2\/2022\/02\/Buy-Crystal-Meth-1.jpg","contentUrl":"https:\/\/medicinasinc.com\/cs\/wp-content\/uploads\/sites\/2\/2022\/02\/Buy-Crystal-Meth-1.jpg","width":1024,"height":768},{"@type":"BreadcrumbList","@id":"https:\/\/medicinasinc.com\/cs\/product\/koupit-krystal-meth\/#breadcrumb","itemListElement":[{"@type":"ListItem","position":1,"name":"Obchod","item":"https:\/\/medicinasinc.com\/cs\/obchod\/"},{"@type":"ListItem","position":2,"name":"Kupte si Crystal Meth"}]},{"@type":"WebSite","@id":"https:\/\/medicinasinc.com\/cs\/#website","url":"https:\/\/medicinasinc.com\/cs\/","name":"Medicinas Inc","description":"Health Medical Clinic","potentialAction":[{"@type":"SearchAction","target":{"@type":"EntryPoint","urlTemplate":"https:\/\/medicinasinc.com\/cs\/?s={search_term_string}"},"query-input":{"@type":"PropertyValueSpecification","valueRequired":true,"valueName":"search_term_string"}}],"inLanguage":"en-US"}]}},"_links":{"self":[{"href":"https:\/\/medicinasinc.com\/cs\/wp-json\/wp\/v2\/product\/4830","targetHints":{"allow":["GET"]}}],"collection":[{"href":"https:\/\/medicinasinc.com\/cs\/wp-json\/wp\/v2\/product"}],"about":[{"href":"https:\/\/medicinasinc.com\/cs\/wp-json\/wp\/v2\/types\/product"}],"replies":[{"embeddable":true,"href":"https:\/\/medicinasinc.com\/cs\/wp-json\/wp\/v2\/comments?post=4830"}],"wp:featuredmedia":[{"embeddable":true,"href":"https:\/\/medicinasinc.com\/cs\/wp-json\/wp\/v2\/media\/4844"}],"wp:attachment":[{"href":"https:\/\/medicinasinc.com\/cs\/wp-json\/wp\/v2\/media?parent=4830"}],"wp:term":[{"taxonomy":"product_brand","embeddable":true,"href":"https:\/\/medicinasinc.com\/cs\/wp-json\/wp\/v2\/product_brand?post=4830"},{"taxonomy":"product_cat","embeddable":true,"href":"https:\/\/medicinasinc.com\/cs\/wp-json\/wp\/v2\/product_cat?post=4830"},{"taxonomy":"product_tag","embeddable":true,"href":"https:\/\/medicinasinc.com\/cs\/wp-json\/wp\/v2\/product_tag?post=4830"}],"curies":[{"name":"wp","href":"https:\/\/api.w.org\/{rel}","templated":true}]}}