{"id":4829,"date":"2022-02-20T16:33:58","date_gmt":"2022-02-20T16:33:58","guid":{"rendered":"https:\/\/medicinasinc.com\/cs\/?post_type=product&#038;p=4829"},"modified":"2022-03-14T12:45:35","modified_gmt":"2022-03-14T12:45:35","slug":"buy-liquid-lsd","status":"publish","type":"product","link":"https:\/\/medicinasinc.com\/cs\/product\/buy-liquid-lsd\/","title":{"rendered":"Kupte si tekut\u00e9 LSD"},"content":{"rendered":"<p>Kupte si tekut\u00e9 LSD se slevou online<\/p>\n<p>Stejn\u011b jako u Green Crack (a nezam\u011b\u0148ujte s LSD) je Acid kmen pojmenovan\u00fd po m\u00edrn\u011b psychoaktivn\u00ed l\u00e1tce. Kdy\u017e vezmeme v \u00favahu v\u0161echny v\u011bci, Acid m\u00e1 s\u00edlu a kombinuje protiintuitivn\u00ed \u00fa\u010dinky s matouc\u00ed v\u016fn\u00ed. Acid je kmen vyvinut\u00fd spole\u010dnost\u00ed Paradise Seeds, \u0161lechtiteli Delahaze a Sensi Star. Je odvozen z d\u011bdi\u010dn\u00fdch vlastnost\u00ed nejpopul\u00e1rn\u011bj\u0161\u00edho kmene New York Sour Diesel. Jeho p\u016fvab mu vynesl t\u0159et\u00ed m\u00edsto ve \u0161pan\u011blsk\u00e9m Copa THC Valencia 2016 za nejlep\u0161\u00ed kv\u011btinu p\u011bstovanou v interi\u00e9ru. Obsah THC v \u017e\u00edrav\u00e9m se odhaduje na 16 a\u017e 23 %.<\/p>\n<p>\u017d\u00edrav\u00fd osl\u0148uje st\u0159edn\u00edmi a\u017e obrovsk\u00fdmi odhadovan\u00fdmi kv\u011bty, kter\u00e9 maj\u00ed kloubovit\u00fd r\u00fd\u010dovit\u00fd tvar p\u0159ipom\u00ednaj\u00edc\u00ed miniaturn\u00ed v\u00e1no\u010dn\u00ed stromky, stahuj\u00edc\u00ed se od \u0161irok\u00e9 kulat\u00e9 z\u00e1kladny k \u0161pi\u010dat\u00fd hrot. D\u00edky sv\u00e9 kompaktn\u00ed, hust\u00e9 struktu\u0159e jsou tyto pupeny nezam\u011bniteln\u011b dominantn\u00ed. Listy jsou matn\u011b p\u0159erostl\u00e9 zelen\u00e9 a jsou zkroucen\u00e9 vlnit\u00fdmi zemit\u00fdmi pest\u00edky. Kone\u010dn\u011b, jisk\u0159iv\u00e9 b\u00edl\u00e9 trichomy pokr\u00fdvaj\u00ed vnit\u0159n\u00ed a vn\u011bj\u0161\u00ed povrch Acidov\u00fdch kv\u011bt\u016f, prop\u016fj\u010duj\u00ed kmenu psychoaktivn\u00ed vlastnosti a \u010din\u00ed pupeny mimo\u0159\u00e1dn\u011b obt\u00ed\u017en\u011b odd\u011bliteln\u00e9 bez pomoci procesoru.<\/p>\n<p>Kdy\u017e se Acid spr\u00e1vn\u011b uvoln\u00ed, m\u00e1 lehce kysel\u00e1 v\u016fn\u011b, kterou kompenzuje ostr\u00fd citrusov\u00fd n\u00e1dech. Stejn\u011b tak jsou zde pevn\u00e9 pi\u017emov\u00e9 z\u00e1kladn\u00ed t\u00f3ny p\u0159ipom\u00ednaj\u00edc\u00ed vlhkou p\u016fdu a kadidlo. Mezit\u00edm odd\u011blen\u00edm nebo granulac\u00ed t\u011bchto hust\u00fdch pecek vznik\u00e1 sv\u00edrav\u00fd v\u00fdfukov\u00fd plyn, kter\u00fd dod\u00e1v\u00e1 mate\u0159sk\u00e9mu kmeni New York Sour Diesel jeho ostrou a dob\u0159e zn\u00e1mou chu\u0165. Kdy\u017e jsou ho\u0159laviny zap\u00e1leny v \u0159ad\u011b nebo ve spoji, kyselina produkuje hladk\u00fd, snadno po\u017eit\u00fd kou\u0159. P\u0159i v\u00fddechu zanech\u00e1v\u00e1 tento hust\u00fd kou\u0159 dochu\u0165 citronu a nafty.<\/p>\n<p>\u017d\u00edrav\u00fd \u00fa\u010dinek za\u010d\u00edn\u00e1 postupn\u011b a zkresluje ku\u0159\u00e1kovo vn\u00edm\u00e1n\u00ed jejich vylep\u0161en\u00ed exteri\u00e9ru. N\u011bkter\u00e9 zvuky mohou b\u00fdt zes\u00edleny, jako by byly generov\u00e1ny uvnit\u0159 dozvukov\u00e9 komory. Krom\u011b toho mohou v\u00fdrazn\u00e9 t\u00f3ny a jasn\u00e1 sv\u011btla z\u00edskat nov\u00fd v\u00fdznam. Kdy\u017e se tyto hmatateln\u00e9 \u00fa\u010dinky stanou ohromuj\u00edc\u00edmi, za\u010dnou se projevovat \u017eiv\u011bj\u0161\u00ed halucinogenn\u00ed z\u00e1zraky, podobn\u00e9 zkroucen\u00ed vnit\u0159n\u00edho a vn\u011bj\u0161\u00edho vhledu a solidn\u00edmu pocitu expanze \u010dasu. Ku\u0159\u00e1ci mohou v pr\u016fb\u011bhu \u010dasu zaznamenat z\u00e1m\u011brn\u00e9 zat\u00ed\u017een\u00ed kolem svatyn\u00ed a lymfatick\u00fdch org\u00e1n\u016f a tak\u00e9 m\u00edrn\u00e9 zv\u00fd\u0161en\u00ed slin\u011bn\u00ed. Tyto chv\u011bn\u00ed se rozvinou v z\u00e1plavy uvoln\u011bn\u00ed, kter\u00e9 putuj\u00ed po p\u00e1te\u0159i a ven p\u0159es centr\u00e1ln\u00ed nervov\u00fd syst\u00e9m a p\u0159\u00edv\u011bsky. I kdy\u017e tyto \u00falevov\u00e9 \u00fa\u010dinky nemus\u00ed klienty \u00fapln\u011b znehybnit, mohou se c\u00edtit nuceni uvolnit se v nejbli\u017e\u0161\u00edch p\u0159\u00edjemn\u00fdch okoln\u00edch faktorech.<\/p>\n<p>\u017d\u00edrav\u00fd je tak\u00e9 charakterizov\u00e1n mozkovou mentalitou, ve kter\u00e9 se ku\u0159\u00e1k m\u016f\u017ee spojit s neobvykl\u00fdmi my\u0161lenkami nebo n\u00e1pady. a pova\u017euje je za fascinuj\u00edc\u00ed, ne\u017e jsou v ka\u017ed\u00e9m p\u0159\u00edpad\u011b. Takov\u00e9to otev\u0159en\u00e9 uva\u017eov\u00e1n\u00ed m\u016f\u017ee b\u00fdt \u00fa\u010dinnou metodou pro objevov\u00e1n\u00ed nov\u00fdch \u0159e\u0161en\u00ed matouc\u00edch probl\u00e9m\u016f nebo pro \u0159\u00edzen\u00ed konkr\u00e9tn\u00edch pracovn\u00edch poch\u016fzek. Postupem \u010dasu \u2013 nebo se zvy\u0161uj\u00edc\u00edm se m\u011b\u0159en\u00edm \u2013 se psychologick\u00e9 \u00fa\u010dinky kyseliny st\u00e1vaj\u00ed \u00fa\u017easn\u011bj\u0161\u00edmi ne\u017e z\u0159ejm\u00fdmi, tak\u017ee jak\u00e1koli p\u0159edchoz\u00ed \u00fa\u010dinnost je neplatn\u00e1. Kv\u016fli jeho progresivn\u00ed ztr\u00e1t\u011b energie si tento kmen nejl\u00e9pe vychutn\u00e1te pozd\u011b ve\u010der nebo v noci.<\/p>\n<p>Tekut\u00e9 LSD 200 ug\/kapku, kyselina na prodej online, LSD na prodej online, n\u00e1kup lsd online, kyselina LSD na prodej online, internetov\u00fd obchod lsd, prodej tekut\u00fdch lsd, online prodej kyseliny<\/p>\n","protected":false},"excerpt":{"rendered":"<p>Kupte si LSD online tekut\u00e9 LSD, podrobnosti Lysergid (LSD) je polosyntetick\u00fd halucinogen a je jednou z nej\u00fa\u010dinn\u011bj\u0161\u00edch zn\u00e1m\u00fdch drog. Rekrea\u010dn\u00ed vyu\u017eit\u00ed .<\/p>\n<p>Nakupujte levn\u00e9 tekut\u00e9 LSD online. Origin\u00e1ln\u00ed tekut\u00e9 LSD na prodej online | Koupit tekut\u00e9 LSD online | Koupit tekut\u00e9 LSD na prodej| Nakupujte levn\u00e9 tekut\u00e9 LSD | Kde koupit tekut\u00e9 LSD online<\/p>\n","protected":false},"featured_media":4842,"comment_status":"open","ping_status":"closed","template":"","meta":[],"product_brand":[],"product_cat":[703],"product_tag":[],"class_list":{"0":"post-4829","1":"product","2":"type-product","3":"status-publish","4":"has-post-thumbnail","6":"product_cat-kupte-si-psychedelicke-drogy","8":"first","9":"instock","10":"shipping-taxable","11":"purchasable","12":"product-type-variable","13":"has-default-attributes"},"yoast_head":"<!-- This site is optimized with the Yoast SEO plugin v27.3 - https:\/\/yoast.com\/product\/yoast-seo-wordpress\/ -->\n<title>Koupit tekut\u00e9 LSD \u2013 nejlep\u0161\u00ed nejlep\u0161\u00ed glob\u00e1ln\u00ed l\u00e9ky<\/title>\n<meta name=\"description\" content=\"Koupit LSD online Liquid LSD, Details Lysergid (LSD) je polosyntetick\u00fd halucinogen a je jednou z nej\u00fa\u010dinn\u011bj\u0161\u00edch zn\u00e1m\u00fdch drog. Rekrea\u010dn\u00ed vyu\u017eit\u00ed.\" \/>\n<meta name=\"robots\" content=\"index, follow, max-snippet:-1, max-image-preview:large, max-video-preview:-1\" \/>\n<link rel=\"canonical\" href=\"https:\/\/medicinasinc.com\/cs\/product\/buy-liquid-lsd\/\" \/>\n<meta property=\"og:locale\" content=\"en_US\" \/>\n<meta property=\"og:type\" content=\"article\" \/>\n<meta property=\"og:title\" content=\"Koupit tekut\u00e9 LSD \u2013 nejlep\u0161\u00ed nejlep\u0161\u00ed glob\u00e1ln\u00ed l\u00e9ky\" \/>\n<meta property=\"og:description\" content=\"Koupit LSD online Liquid LSD, Details Lysergid (LSD) je polosyntetick\u00fd halucinogen a je jednou z nej\u00fa\u010dinn\u011bj\u0161\u00edch zn\u00e1m\u00fdch drog. Rekrea\u010dn\u00ed vyu\u017eit\u00ed.\" \/>\n<meta property=\"og:url\" content=\"https:\/\/medicinasinc.com\/cs\/product\/buy-liquid-lsd\/\" \/>\n<meta property=\"og:site_name\" content=\"Medicinas Inc\" \/>\n<meta property=\"article:modified_time\" content=\"2022-03-14T12:45:35+00:00\" \/>\n<meta property=\"og:image\" content=\"https:\/\/medicinasinc.com\/cs\/wp-content\/uploads\/sites\/2\/2022\/02\/Buy-Liquid-LSD.jpg\" \/>\n\t<meta property=\"og:image:width\" content=\"512\" \/>\n\t<meta property=\"og:image:height\" content=\"512\" \/>\n\t<meta property=\"og:image:type\" content=\"image\/jpeg\" \/>\n<meta name=\"twitter:card\" content=\"summary_large_image\" \/>\n<meta name=\"twitter:label1\" content=\"Est. reading time\" \/>\n\t<meta name=\"twitter:data1\" content=\"3 minutes\" \/>\n<script type=\"application\/ld+json\" class=\"yoast-schema-graph\">{\"@context\":\"https:\\\/\\\/schema.org\",\"@graph\":[{\"@type\":\"WebPage\",\"@id\":\"https:\\\/\\\/medicinasinc.com\\\/cs\\\/product\\\/buy-liquid-lsd\\\/\",\"url\":\"https:\\\/\\\/medicinasinc.com\\\/cs\\\/product\\\/buy-liquid-lsd\\\/\",\"name\":\"Koupit tekut\u00e9 LSD \u2013 nejlep\u0161\u00ed nejlep\u0161\u00ed glob\u00e1ln\u00ed l\u00e9ky\",\"isPartOf\":{\"@id\":\"https:\\\/\\\/medicinasinc.com\\\/cs\\\/#website\"},\"primaryImageOfPage\":{\"@id\":\"https:\\\/\\\/medicinasinc.com\\\/cs\\\/product\\\/buy-liquid-lsd\\\/#primaryimage\"},\"image\":{\"@id\":\"https:\\\/\\\/medicinasinc.com\\\/cs\\\/product\\\/buy-liquid-lsd\\\/#primaryimage\"},\"thumbnailUrl\":\"https:\\\/\\\/medicinasinc.com\\\/cs\\\/wp-content\\\/uploads\\\/sites\\\/2\\\/2022\\\/02\\\/Buy-Liquid-LSD.jpg\",\"datePublished\":\"2022-02-20T16:33:58+00:00\",\"dateModified\":\"2022-03-14T12:45:35+00:00\",\"description\":\"Koupit LSD online Liquid LSD, Details Lysergid (LSD) je polosyntetick\u00fd halucinogen a je jednou z nej\u00fa\u010dinn\u011bj\u0161\u00edch zn\u00e1m\u00fdch drog. Rekrea\u010dn\u00ed vyu\u017eit\u00ed.\",\"breadcrumb\":{\"@id\":\"https:\\\/\\\/medicinasinc.com\\\/cs\\\/product\\\/buy-liquid-lsd\\\/#breadcrumb\"},\"inLanguage\":\"en-US\",\"potentialAction\":[{\"@type\":\"ReadAction\",\"target\":[\"https:\\\/\\\/medicinasinc.com\\\/cs\\\/product\\\/buy-liquid-lsd\\\/\"]}]},{\"@type\":\"ImageObject\",\"inLanguage\":\"en-US\",\"@id\":\"https:\\\/\\\/medicinasinc.com\\\/cs\\\/product\\\/buy-liquid-lsd\\\/#primaryimage\",\"url\":\"https:\\\/\\\/medicinasinc.com\\\/cs\\\/wp-content\\\/uploads\\\/sites\\\/2\\\/2022\\\/02\\\/Buy-Liquid-LSD.jpg\",\"contentUrl\":\"https:\\\/\\\/medicinasinc.com\\\/cs\\\/wp-content\\\/uploads\\\/sites\\\/2\\\/2022\\\/02\\\/Buy-Liquid-LSD.jpg\",\"width\":512,\"height\":512},{\"@type\":\"BreadcrumbList\",\"@id\":\"https:\\\/\\\/medicinasinc.com\\\/cs\\\/product\\\/buy-liquid-lsd\\\/#breadcrumb\",\"itemListElement\":[{\"@type\":\"ListItem\",\"position\":1,\"name\":\"Obchod\",\"item\":\"https:\\\/\\\/medicinasinc.com\\\/cs\\\/obchod\\\/\"},{\"@type\":\"ListItem\",\"position\":2,\"name\":\"Kupte si tekut\u00e9 LSD\"}]},{\"@type\":\"WebSite\",\"@id\":\"https:\\\/\\\/medicinasinc.com\\\/cs\\\/#website\",\"url\":\"https:\\\/\\\/medicinasinc.com\\\/cs\\\/\",\"name\":\"Medicinas Inc\",\"description\":\"Health Medical Clinic\",\"potentialAction\":[{\"@type\":\"SearchAction\",\"target\":{\"@type\":\"EntryPoint\",\"urlTemplate\":\"https:\\\/\\\/medicinasinc.com\\\/cs\\\/?s={search_term_string}\"},\"query-input\":{\"@type\":\"PropertyValueSpecification\",\"valueRequired\":true,\"valueName\":\"search_term_string\"}}],\"inLanguage\":\"en-US\"}]}<\/script>\n<!-- \/ Yoast SEO plugin. -->","yoast_head_json":{"title":"Koupit tekut\u00e9 LSD \u2013 nejlep\u0161\u00ed nejlep\u0161\u00ed glob\u00e1ln\u00ed l\u00e9ky","description":"Koupit LSD online Liquid LSD, Details Lysergid (LSD) je polosyntetick\u00fd halucinogen a je jednou z nej\u00fa\u010dinn\u011bj\u0161\u00edch zn\u00e1m\u00fdch drog. Rekrea\u010dn\u00ed vyu\u017eit\u00ed.","robots":{"index":"index","follow":"follow","max-snippet":"max-snippet:-1","max-image-preview":"max-image-preview:large","max-video-preview":"max-video-preview:-1"},"canonical":"https:\/\/medicinasinc.com\/cs\/product\/buy-liquid-lsd\/","og_locale":"en_US","og_type":"article","og_title":"Koupit tekut\u00e9 LSD \u2013 nejlep\u0161\u00ed nejlep\u0161\u00ed glob\u00e1ln\u00ed l\u00e9ky","og_description":"Koupit LSD online Liquid LSD, Details Lysergid (LSD) je polosyntetick\u00fd halucinogen a je jednou z nej\u00fa\u010dinn\u011bj\u0161\u00edch zn\u00e1m\u00fdch drog. Rekrea\u010dn\u00ed vyu\u017eit\u00ed.","og_url":"https:\/\/medicinasinc.com\/cs\/product\/buy-liquid-lsd\/","og_site_name":"Medicinas Inc","article_modified_time":"2022-03-14T12:45:35+00:00","og_image":[{"width":512,"height":512,"url":"https:\/\/medicinasinc.com\/cs\/wp-content\/uploads\/sites\/2\/2022\/02\/Buy-Liquid-LSD.jpg","type":"image\/jpeg"}],"twitter_card":"summary_large_image","twitter_misc":{"Est. reading time":"3 minutes"},"schema":{"@context":"https:\/\/schema.org","@graph":[{"@type":"WebPage","@id":"https:\/\/medicinasinc.com\/cs\/product\/buy-liquid-lsd\/","url":"https:\/\/medicinasinc.com\/cs\/product\/buy-liquid-lsd\/","name":"Koupit tekut\u00e9 LSD \u2013 nejlep\u0161\u00ed nejlep\u0161\u00ed glob\u00e1ln\u00ed l\u00e9ky","isPartOf":{"@id":"https:\/\/medicinasinc.com\/cs\/#website"},"primaryImageOfPage":{"@id":"https:\/\/medicinasinc.com\/cs\/product\/buy-liquid-lsd\/#primaryimage"},"image":{"@id":"https:\/\/medicinasinc.com\/cs\/product\/buy-liquid-lsd\/#primaryimage"},"thumbnailUrl":"https:\/\/medicinasinc.com\/cs\/wp-content\/uploads\/sites\/2\/2022\/02\/Buy-Liquid-LSD.jpg","datePublished":"2022-02-20T16:33:58+00:00","dateModified":"2022-03-14T12:45:35+00:00","description":"Koupit LSD online Liquid LSD, Details Lysergid (LSD) je polosyntetick\u00fd halucinogen a je jednou z nej\u00fa\u010dinn\u011bj\u0161\u00edch zn\u00e1m\u00fdch drog. Rekrea\u010dn\u00ed vyu\u017eit\u00ed.","breadcrumb":{"@id":"https:\/\/medicinasinc.com\/cs\/product\/buy-liquid-lsd\/#breadcrumb"},"inLanguage":"en-US","potentialAction":[{"@type":"ReadAction","target":["https:\/\/medicinasinc.com\/cs\/product\/buy-liquid-lsd\/"]}]},{"@type":"ImageObject","inLanguage":"en-US","@id":"https:\/\/medicinasinc.com\/cs\/product\/buy-liquid-lsd\/#primaryimage","url":"https:\/\/medicinasinc.com\/cs\/wp-content\/uploads\/sites\/2\/2022\/02\/Buy-Liquid-LSD.jpg","contentUrl":"https:\/\/medicinasinc.com\/cs\/wp-content\/uploads\/sites\/2\/2022\/02\/Buy-Liquid-LSD.jpg","width":512,"height":512},{"@type":"BreadcrumbList","@id":"https:\/\/medicinasinc.com\/cs\/product\/buy-liquid-lsd\/#breadcrumb","itemListElement":[{"@type":"ListItem","position":1,"name":"Obchod","item":"https:\/\/medicinasinc.com\/cs\/obchod\/"},{"@type":"ListItem","position":2,"name":"Kupte si tekut\u00e9 LSD"}]},{"@type":"WebSite","@id":"https:\/\/medicinasinc.com\/cs\/#website","url":"https:\/\/medicinasinc.com\/cs\/","name":"Medicinas Inc","description":"Health Medical Clinic","potentialAction":[{"@type":"SearchAction","target":{"@type":"EntryPoint","urlTemplate":"https:\/\/medicinasinc.com\/cs\/?s={search_term_string}"},"query-input":{"@type":"PropertyValueSpecification","valueRequired":true,"valueName":"search_term_string"}}],"inLanguage":"en-US"}]}},"_links":{"self":[{"href":"https:\/\/medicinasinc.com\/cs\/wp-json\/wp\/v2\/product\/4829","targetHints":{"allow":["GET"]}}],"collection":[{"href":"https:\/\/medicinasinc.com\/cs\/wp-json\/wp\/v2\/product"}],"about":[{"href":"https:\/\/medicinasinc.com\/cs\/wp-json\/wp\/v2\/types\/product"}],"replies":[{"embeddable":true,"href":"https:\/\/medicinasinc.com\/cs\/wp-json\/wp\/v2\/comments?post=4829"}],"wp:featuredmedia":[{"embeddable":true,"href":"https:\/\/medicinasinc.com\/cs\/wp-json\/wp\/v2\/media\/4842"}],"wp:attachment":[{"href":"https:\/\/medicinasinc.com\/cs\/wp-json\/wp\/v2\/media?parent=4829"}],"wp:term":[{"taxonomy":"product_brand","embeddable":true,"href":"https:\/\/medicinasinc.com\/cs\/wp-json\/wp\/v2\/product_brand?post=4829"},{"taxonomy":"product_cat","embeddable":true,"href":"https:\/\/medicinasinc.com\/cs\/wp-json\/wp\/v2\/product_cat?post=4829"},{"taxonomy":"product_tag","embeddable":true,"href":"https:\/\/medicinasinc.com\/cs\/wp-json\/wp\/v2\/product_tag?post=4829"}],"curies":[{"name":"wp","href":"https:\/\/api.w.org\/{rel}","templated":true}]}}