{"id":4810,"date":"2022-02-20T16:18:47","date_gmt":"2022-02-20T16:18:47","guid":{"rendered":"https:\/\/medicinasinc.com\/cs\/?post_type=product&#038;p=4810"},"modified":"2022-03-14T12:48:14","modified_gmt":"2022-03-14T12:48:14","slug":"buy-thca-crystals-top-police","status":"publish","type":"product","link":"https:\/\/medicinasinc.com\/cs\/product\/buy-thca-crystals-top-police\/","title":{"rendered":"Kupte si krystaly THCA \u2013 horn\u00ed police"},"content":{"rendered":"<p>Krystalick\u00e9 THCA<\/p>\n<p>THCA Crystalline, alternativn\u011b ozna\u010dovan\u00e9 jako \u201ekrystaly\u201c, \u201ekrystaly THC\u201c nebo \u201ediamanty\u201c, je koncentr\u00e1t konop\u00ed v pevn\u00e9m skupenstv\u00ed. M\u00e1 vzhled hrub\u00e9ho cukru, typu, kter\u00fd se obvykle pou\u017e\u00edv\u00e1 ke zdoben\u00ed cukrov\u00ed nebo k t\u0159pytu vr\u0161k\u016f pe\u010den\u00fdch ovocn\u00fdch kol\u00e1\u010d\u016f. Crystalline se vyr\u00e1b\u00ed tak, aby odstranil rostlinnou hmotu a terpeny, co\u017e jsou charakteristick\u00e9 aromatick\u00e9 a chu\u0165ov\u00e9 vlastnosti kultivaru nebo kmene konop\u00ed.<\/p>\n<p>V\u00ddZNAM THCA Crystalline<\/p>\n<p>Mo\u017en\u00e1 jste ji\u017e sly\u0161eli v\u00fdraz &#8220;&#8221; Krystaly THC&#8221; nebo &#8220;krystalick\u00e9 THC&#8221; pou\u017e\u00edvan\u00e9 k ozna\u010den\u00ed krystalick\u00e9ho, ale THC, kter\u00e9 vytv\u00e1\u0159\u00ed opojnou n\u00e1ladu, nen\u00ed krystalick\u00e9; chemicky nen\u00ed THC schopno tvo\u0159it krystalickou strukturu. Jin\u00fdmi slovy, to, co se \u010dasto naz\u00fdv\u00e1 \u201ekrystaly THC\u201c, nen\u00ed \u010dist\u00e9 THC, ale forma \u010dist\u00e9ho THCA. V dob\u011b spot\u0159eby THCA krystalizuje na aktivn\u00ed THC dekarboxylac\u00ed. Krystalick\u00fd se vyr\u00e1b\u00ed s jedin\u00fdm kanabinoidem. THCA, CBDA a CBD jsou jedin\u00e9 kanabinoidy dostupn\u00e9 v krystalick\u00e9 form\u011b. Ka\u017ed\u00fd, kdo konzumuje THCA, CBDA nebo CBD, neza\u017eije omamnou nad\u00fdchanost, i kdy\u017e se THCA p\u0159i zah\u0159\u00e1t\u00ed p\u0159em\u011bn\u00ed na THC, \u010d\u00edm\u017e se krystalick\u00e1 l\u00e1tka stane opojnou.<\/p>\n<p>JAK VYTVO\u0158IT KRYSTALICK\u00c9 THCA<\/p>\n<p>Krystalick\u00e9 se \u010dasto kou\u0159\u00ed nebo pot\u00edr\u00e1 n\u00e1vazcem. Dab rig je ku\u0159\u00e1ck\u00fd p\u0159\u00edstroj, podobn\u00fd mal\u00e9mu vodn\u00edmu bongu, kter\u00fd odpa\u0159uje zah\u0159\u00e1t\u00fd krystal pro inhalaci v jednotliv\u00fdch odm\u011b\u0159en\u00fdch d\u00e1vk\u00e1ch. Krystalick\u00e9 se \u010dasto konzumuj\u00ed or\u00e1ln\u011b, bu\u010f jako p\u0159\u00edsada do po\u017eivatin nebo rozpu\u0161t\u011bn\u00e9 v oleji, aby se vytvo\u0159il produkt podobn\u00fd tinktu\u0159e. Krystaly se \u010dasto rozpou\u0161t\u011bj\u00ed v rostlinn\u00e9m oleji nebo m\u00e1sle a pou\u017e\u00edvaj\u00ed se jako p\u0159\u00edsada do dom\u00e1c\u00edch potravin. Rostlinn\u00e9 a koprov\u00e9 oleje jsou nej\u010dast\u011bji pou\u017e\u00edvan\u00e1 rozpou\u0161t\u011bdla pro rozpou\u0161t\u011bn\u00ed krystal\u016f za \u00fa\u010delem vytvo\u0159en\u00ed produktu podobn\u00e9ho tinktu\u0159e.<\/p>\n","protected":false},"excerpt":{"rendered":"<p>Nakupte thca crystalline online v Evrop\u011b, thca crystal na prodej, krystalick\u00e9 diamanty v Nizozemsku, thc crystalline v m\u00e9m okol\u00ed, thc crystalline na prodej v Evrop\u011b.<\/p>\n<ul>\n<li>Celosv\u011btov\u00e1 doprava<\/li>\n<li><strong>Koncentr\u00e1t slo\u017een\u00fd z 97\u201399 % THC<\/strong><\/li>\n<li><strong>99 % \u010dist\u00e9ho THC-A<\/strong><\/li>\n<li><strong>Kontaktujte n\u00e1s <\/strong>\u00a0pro v\u011bt\u0161\u00ed objedn\u00e1vky<\/li>\n<\/ul>\n","protected":false},"featured_media":4823,"comment_status":"open","ping_status":"closed","template":"","meta":[],"product_brand":[],"product_cat":[702],"product_tag":[],"class_list":{"0":"post-4810","1":"product","2":"type-product","3":"status-publish","4":"has-post-thumbnail","6":"product_cat-koupit-konopi-vosk","8":"first","9":"instock","10":"shipping-taxable","11":"purchasable","12":"product-type-variable","13":"has-default-attributes"},"yoast_head":"<!-- This site is optimized with the Yoast SEO plugin v27.3 - https:\/\/yoast.com\/product\/yoast-seo-wordpress\/ -->\n<title>Kupte si krystaly THCA \u2013 horn\u00ed police \u2013 nejlep\u0161\u00ed nejlep\u0161\u00ed glob\u00e1ln\u00ed l\u00e9ky<\/title>\n<meta name=\"description\" content=\"Koupit thca crystalline online Evropa, thca krystal na prodej, krystalick\u00e9 diamanty NL, thc crystalline v m\u00e9m okol\u00ed, koupit thc krystaly v Evrop\u011b.\" \/>\n<meta name=\"robots\" content=\"index, follow, max-snippet:-1, max-image-preview:large, max-video-preview:-1\" \/>\n<link rel=\"canonical\" href=\"https:\/\/medicinasinc.com\/cs\/product\/buy-thca-crystals-top-police\/\" \/>\n<meta property=\"og:locale\" content=\"en_US\" \/>\n<meta property=\"og:type\" content=\"article\" \/>\n<meta property=\"og:title\" content=\"Kupte si krystaly THCA \u2013 horn\u00ed police \u2013 nejlep\u0161\u00ed nejlep\u0161\u00ed glob\u00e1ln\u00ed l\u00e9ky\" \/>\n<meta property=\"og:description\" content=\"Koupit thca crystalline online Evropa, thca krystal na prodej, krystalick\u00e9 diamanty NL, thc crystalline v m\u00e9m okol\u00ed, koupit thc krystaly v Evrop\u011b.\" \/>\n<meta property=\"og:url\" content=\"https:\/\/medicinasinc.com\/cs\/product\/buy-thca-crystals-top-police\/\" \/>\n<meta property=\"og:site_name\" content=\"Medicinas Inc\" \/>\n<meta property=\"article:modified_time\" content=\"2022-03-14T12:48:14+00:00\" \/>\n<meta property=\"og:image\" content=\"https:\/\/medicinasinc.com\/cs\/wp-content\/uploads\/sites\/2\/2022\/02\/Buy-THCA-Crystals-Top-Shelf.jpg\" \/>\n\t<meta property=\"og:image:width\" content=\"600\" \/>\n\t<meta property=\"og:image:height\" content=\"600\" \/>\n\t<meta property=\"og:image:type\" content=\"image\/jpeg\" \/>\n<meta name=\"twitter:card\" content=\"summary_large_image\" \/>\n<meta name=\"twitter:label1\" content=\"Est. reading time\" \/>\n\t<meta name=\"twitter:data1\" content=\"2 minutes\" \/>\n<script type=\"application\/ld+json\" class=\"yoast-schema-graph\">{\"@context\":\"https:\\\/\\\/schema.org\",\"@graph\":[{\"@type\":\"WebPage\",\"@id\":\"https:\\\/\\\/medicinasinc.com\\\/cs\\\/product\\\/buy-thca-crystals-top-police\\\/\",\"url\":\"https:\\\/\\\/medicinasinc.com\\\/cs\\\/product\\\/buy-thca-crystals-top-police\\\/\",\"name\":\"Kupte si krystaly THCA \u2013 horn\u00ed police \u2013 nejlep\u0161\u00ed nejlep\u0161\u00ed glob\u00e1ln\u00ed l\u00e9ky\",\"isPartOf\":{\"@id\":\"https:\\\/\\\/medicinasinc.com\\\/cs\\\/#website\"},\"primaryImageOfPage\":{\"@id\":\"https:\\\/\\\/medicinasinc.com\\\/cs\\\/product\\\/buy-thca-crystals-top-police\\\/#primaryimage\"},\"image\":{\"@id\":\"https:\\\/\\\/medicinasinc.com\\\/cs\\\/product\\\/buy-thca-crystals-top-police\\\/#primaryimage\"},\"thumbnailUrl\":\"https:\\\/\\\/medicinasinc.com\\\/cs\\\/wp-content\\\/uploads\\\/sites\\\/2\\\/2022\\\/02\\\/Buy-THCA-Crystals-Top-Shelf.jpg\",\"datePublished\":\"2022-02-20T16:18:47+00:00\",\"dateModified\":\"2022-03-14T12:48:14+00:00\",\"description\":\"Koupit thca crystalline online Evropa, thca krystal na prodej, krystalick\u00e9 diamanty NL, thc crystalline v m\u00e9m okol\u00ed, koupit thc krystaly v Evrop\u011b.\",\"breadcrumb\":{\"@id\":\"https:\\\/\\\/medicinasinc.com\\\/cs\\\/product\\\/buy-thca-crystals-top-police\\\/#breadcrumb\"},\"inLanguage\":\"en-US\",\"potentialAction\":[{\"@type\":\"ReadAction\",\"target\":[\"https:\\\/\\\/medicinasinc.com\\\/cs\\\/product\\\/buy-thca-crystals-top-police\\\/\"]}]},{\"@type\":\"ImageObject\",\"inLanguage\":\"en-US\",\"@id\":\"https:\\\/\\\/medicinasinc.com\\\/cs\\\/product\\\/buy-thca-crystals-top-police\\\/#primaryimage\",\"url\":\"https:\\\/\\\/medicinasinc.com\\\/cs\\\/wp-content\\\/uploads\\\/sites\\\/2\\\/2022\\\/02\\\/Buy-THCA-Crystals-Top-Shelf.jpg\",\"contentUrl\":\"https:\\\/\\\/medicinasinc.com\\\/cs\\\/wp-content\\\/uploads\\\/sites\\\/2\\\/2022\\\/02\\\/Buy-THCA-Crystals-Top-Shelf.jpg\",\"width\":600,\"height\":600},{\"@type\":\"BreadcrumbList\",\"@id\":\"https:\\\/\\\/medicinasinc.com\\\/cs\\\/product\\\/buy-thca-crystals-top-police\\\/#breadcrumb\",\"itemListElement\":[{\"@type\":\"ListItem\",\"position\":1,\"name\":\"Obchod\",\"item\":\"https:\\\/\\\/medicinasinc.com\\\/cs\\\/obchod\\\/\"},{\"@type\":\"ListItem\",\"position\":2,\"name\":\"Kupte si krystaly THCA \u2013 horn\u00ed police\"}]},{\"@type\":\"WebSite\",\"@id\":\"https:\\\/\\\/medicinasinc.com\\\/cs\\\/#website\",\"url\":\"https:\\\/\\\/medicinasinc.com\\\/cs\\\/\",\"name\":\"Medicinas Inc\",\"description\":\"Health Medical Clinic\",\"potentialAction\":[{\"@type\":\"SearchAction\",\"target\":{\"@type\":\"EntryPoint\",\"urlTemplate\":\"https:\\\/\\\/medicinasinc.com\\\/cs\\\/?s={search_term_string}\"},\"query-input\":{\"@type\":\"PropertyValueSpecification\",\"valueRequired\":true,\"valueName\":\"search_term_string\"}}],\"inLanguage\":\"en-US\"}]}<\/script>\n<!-- \/ Yoast SEO plugin. -->","yoast_head_json":{"title":"Kupte si krystaly THCA \u2013 horn\u00ed police \u2013 nejlep\u0161\u00ed nejlep\u0161\u00ed glob\u00e1ln\u00ed l\u00e9ky","description":"Koupit thca crystalline online Evropa, thca krystal na prodej, krystalick\u00e9 diamanty NL, thc crystalline v m\u00e9m okol\u00ed, koupit thc krystaly v Evrop\u011b.","robots":{"index":"index","follow":"follow","max-snippet":"max-snippet:-1","max-image-preview":"max-image-preview:large","max-video-preview":"max-video-preview:-1"},"canonical":"https:\/\/medicinasinc.com\/cs\/product\/buy-thca-crystals-top-police\/","og_locale":"en_US","og_type":"article","og_title":"Kupte si krystaly THCA \u2013 horn\u00ed police \u2013 nejlep\u0161\u00ed nejlep\u0161\u00ed glob\u00e1ln\u00ed l\u00e9ky","og_description":"Koupit thca crystalline online Evropa, thca krystal na prodej, krystalick\u00e9 diamanty NL, thc crystalline v m\u00e9m okol\u00ed, koupit thc krystaly v Evrop\u011b.","og_url":"https:\/\/medicinasinc.com\/cs\/product\/buy-thca-crystals-top-police\/","og_site_name":"Medicinas Inc","article_modified_time":"2022-03-14T12:48:14+00:00","og_image":[{"width":600,"height":600,"url":"https:\/\/medicinasinc.com\/cs\/wp-content\/uploads\/sites\/2\/2022\/02\/Buy-THCA-Crystals-Top-Shelf.jpg","type":"image\/jpeg"}],"twitter_card":"summary_large_image","twitter_misc":{"Est. reading time":"2 minutes"},"schema":{"@context":"https:\/\/schema.org","@graph":[{"@type":"WebPage","@id":"https:\/\/medicinasinc.com\/cs\/product\/buy-thca-crystals-top-police\/","url":"https:\/\/medicinasinc.com\/cs\/product\/buy-thca-crystals-top-police\/","name":"Kupte si krystaly THCA \u2013 horn\u00ed police \u2013 nejlep\u0161\u00ed nejlep\u0161\u00ed glob\u00e1ln\u00ed l\u00e9ky","isPartOf":{"@id":"https:\/\/medicinasinc.com\/cs\/#website"},"primaryImageOfPage":{"@id":"https:\/\/medicinasinc.com\/cs\/product\/buy-thca-crystals-top-police\/#primaryimage"},"image":{"@id":"https:\/\/medicinasinc.com\/cs\/product\/buy-thca-crystals-top-police\/#primaryimage"},"thumbnailUrl":"https:\/\/medicinasinc.com\/cs\/wp-content\/uploads\/sites\/2\/2022\/02\/Buy-THCA-Crystals-Top-Shelf.jpg","datePublished":"2022-02-20T16:18:47+00:00","dateModified":"2022-03-14T12:48:14+00:00","description":"Koupit thca crystalline online Evropa, thca krystal na prodej, krystalick\u00e9 diamanty NL, thc crystalline v m\u00e9m okol\u00ed, koupit thc krystaly v Evrop\u011b.","breadcrumb":{"@id":"https:\/\/medicinasinc.com\/cs\/product\/buy-thca-crystals-top-police\/#breadcrumb"},"inLanguage":"en-US","potentialAction":[{"@type":"ReadAction","target":["https:\/\/medicinasinc.com\/cs\/product\/buy-thca-crystals-top-police\/"]}]},{"@type":"ImageObject","inLanguage":"en-US","@id":"https:\/\/medicinasinc.com\/cs\/product\/buy-thca-crystals-top-police\/#primaryimage","url":"https:\/\/medicinasinc.com\/cs\/wp-content\/uploads\/sites\/2\/2022\/02\/Buy-THCA-Crystals-Top-Shelf.jpg","contentUrl":"https:\/\/medicinasinc.com\/cs\/wp-content\/uploads\/sites\/2\/2022\/02\/Buy-THCA-Crystals-Top-Shelf.jpg","width":600,"height":600},{"@type":"BreadcrumbList","@id":"https:\/\/medicinasinc.com\/cs\/product\/buy-thca-crystals-top-police\/#breadcrumb","itemListElement":[{"@type":"ListItem","position":1,"name":"Obchod","item":"https:\/\/medicinasinc.com\/cs\/obchod\/"},{"@type":"ListItem","position":2,"name":"Kupte si krystaly THCA \u2013 horn\u00ed police"}]},{"@type":"WebSite","@id":"https:\/\/medicinasinc.com\/cs\/#website","url":"https:\/\/medicinasinc.com\/cs\/","name":"Medicinas Inc","description":"Health Medical Clinic","potentialAction":[{"@type":"SearchAction","target":{"@type":"EntryPoint","urlTemplate":"https:\/\/medicinasinc.com\/cs\/?s={search_term_string}"},"query-input":{"@type":"PropertyValueSpecification","valueRequired":true,"valueName":"search_term_string"}}],"inLanguage":"en-US"}]}},"_links":{"self":[{"href":"https:\/\/medicinasinc.com\/cs\/wp-json\/wp\/v2\/product\/4810","targetHints":{"allow":["GET"]}}],"collection":[{"href":"https:\/\/medicinasinc.com\/cs\/wp-json\/wp\/v2\/product"}],"about":[{"href":"https:\/\/medicinasinc.com\/cs\/wp-json\/wp\/v2\/types\/product"}],"replies":[{"embeddable":true,"href":"https:\/\/medicinasinc.com\/cs\/wp-json\/wp\/v2\/comments?post=4810"}],"wp:featuredmedia":[{"embeddable":true,"href":"https:\/\/medicinasinc.com\/cs\/wp-json\/wp\/v2\/media\/4823"}],"wp:attachment":[{"href":"https:\/\/medicinasinc.com\/cs\/wp-json\/wp\/v2\/media?parent=4810"}],"wp:term":[{"taxonomy":"product_brand","embeddable":true,"href":"https:\/\/medicinasinc.com\/cs\/wp-json\/wp\/v2\/product_brand?post=4810"},{"taxonomy":"product_cat","embeddable":true,"href":"https:\/\/medicinasinc.com\/cs\/wp-json\/wp\/v2\/product_cat?post=4810"},{"taxonomy":"product_tag","embeddable":true,"href":"https:\/\/medicinasinc.com\/cs\/wp-json\/wp\/v2\/product_tag?post=4810"}],"curies":[{"name":"wp","href":"https:\/\/api.w.org\/{rel}","templated":true}]}}