{"id":4808,"date":"2022-02-20T16:17:53","date_gmt":"2022-02-20T16:17:53","guid":{"rendered":"https:\/\/medicinasinc.com\/cs\/?post_type=product&#038;p=4808"},"modified":"2022-03-14T12:48:24","modified_gmt":"2022-03-14T12:48:24","slug":"buy-1p-lsd-100mcg-blotters","status":"publish","type":"product","link":"https:\/\/medicinasinc.com\/cs\/product\/buy-1p-lsd-100mcg-blotters\/","title":{"rendered":"Kupte si blottery 1P-LSD 100mcg"},"content":{"rendered":"<p>Kupte si 1P-LSD 100mcg blottery se slevou online.<\/p>\n<p>L.S.D. je p\u0159ev\u00e1\u017en\u011b kmen Indica, kter\u00fd byl pojmenov\u00e1n po extr\u00e9mn\u011b halucinogenn\u00edm l\u00e9ku kv\u016fli extr\u00e9mn\u011b halucinogenn\u00edmu a cerebr\u00e1ln\u00edmu opojen\u00ed tohoto kmene. Nap\u011bt\u00ed za\u010d\u00edn\u00e1 energick\u00fdm pocitem radosti, kter\u00fd m\u00e1 potenci\u00e1l zatemnit mysl a nechat n\u011bkolik klient\u016f zcela zmaten\u00fdch a \u201eintelektu\u00e1ln\u011b zaseknut\u00fdch\u201c. Navzdory siln\u00e9 mozkov\u00e9 stimulaci n\u011bkte\u0159\u00ed klienti uv\u00e1d\u011bj\u00ed, \u017ee se po u\u017eit\u00ed LSD c\u00edt\u00ed inovativn\u011bji nebo soci\u00e1ln\u011b<\/p>\n<p>Nakupujte 1P-LSD 100mcg blottery online za zv\u00fdhodn\u011bnou cenu.<\/p>\n<p>Tato \u00farove\u0148 ment\u00e1ln\u00ed stimulace je extr\u00e9mn\u011b neobvykl\u00e1 pro Indica. Jak by se dalo o\u010dek\u00e1vat od l\u00e1tky odvozen\u00e9 od Indiky, L.S.D. m\u00e1 tak\u00e9 typick\u00e9 t\u011blesn\u00e9 \u00fa\u010dinky odvozen\u00e9 od Indiky. Klienti \u010dasto zaznamenaj\u00ed revolu\u010dn\u00ed desenzibiliza\u010dn\u00ed \u00fa\u010dinek na t\u011blo jednu a\u017e dv\u011b hodiny po po\u017eit\u00ed, kdy v\u011bt\u0161ina mozkov\u00e9ho \u00fa\u010dinku odezn\u011bla. Ne\u017e\u00e1douc\u00ed \u00fa\u010dinky mohou zahrnovat bavlnu v \u00fastech, such\u00e9 o\u010di, ospalost, bolesti hlavy a m\u00edrnou ned\u016fv\u011bru.<\/p>\n<p>U v\u011bt\u0161iny lze tento kmen pou\u017e\u00edt kdykoli b\u011bhem dne ke zm\u00edrn\u011bn\u00ed m\u00edrn\u00e9 a\u017e siln\u00e9 p\u0159etrv\u00e1vaj\u00edc\u00ed pulzuj\u00edc\u00ed bolesti. LSD se \u010dasto p\u0159edepisuje jako pomoc p\u0159i zvl\u00e1d\u00e1n\u00ed tlaku, neklidu nebo b\u00eddy. Krom\u011b toho pacienti kmen pou\u017e\u00edvaj\u00ed k l\u00e9\u010db\u011b nespavosti a n\u011bkte\u0159\u00ed jej pou\u017e\u00edvaj\u00ed k boji proti bolestem hlavy.<\/p>\n<p>L.S.D. je k\u0159\u00ed\u017eenec mezi Mazarem a extr\u00e9mn\u011b star\u00fdm skunkov\u00fdm sortimentem, Skunk #1, vytvo\u0159en\u00fdm Barney&#8217;s Farm. I kdy\u017e se tento kmen nedoporu\u010duje pro nov\u00e9 producenty, je extr\u00e9mn\u011b snadn\u00e9 ho p\u011bstovat d\u00edky sv\u00e9 odolnosti v\u016f\u010di \u010detn\u00fdm infekc\u00edm a schopnosti p\u011bstovat venku i uvnit\u0159. S dobou kv\u011btu mezi 65 a 78 dny, L.S.D. dok\u00e1\u017ee vyrobit a\u017e 650 gram\u016f na metr \u010dtvere\u010dn\u00ed. P\u0159\u00edle\u017eitostn\u011b p\u0159esahuj\u00edc\u00ed 60 centimetr\u016f na d\u00e9lku, kmen obvykle kon\u010d\u00ed v dubnu na ji\u017en\u00edm rovn\u00edku a v \u0159\u00edjnu na severn\u00edm. Tento kmen m\u00e1 obsah THC a\u017e 24 %.<\/p>\n","protected":false},"excerpt":{"rendered":"<p>Kde si mohu koupit blottery 1P-LSD? Nejlep\u0161\u00ed v\u00fdzkumn\u00e9 chemik\u00e1lie na trhu &#8211; Rychl\u00e9 doru\u010den\u00ed! Nakupujte blottery 1P-LSD p\u0159es bitcoiny, bankovn\u00ed p\u0159evod a dal\u0161\u00ed metody.<\/p>\n","protected":false},"featured_media":4821,"comment_status":"open","ping_status":"closed","template":"","meta":[],"product_brand":[],"product_cat":[703],"product_tag":[],"class_list":{"0":"post-4808","1":"product","2":"type-product","3":"status-publish","4":"has-post-thumbnail","6":"product_cat-kupte-si-psychedelicke-drogy","8":"first","9":"instock","10":"shipping-taxable","11":"purchasable","12":"product-type-variable","13":"has-default-attributes"},"yoast_head":"<!-- This site is optimized with the Yoast SEO plugin v27.3 - https:\/\/yoast.com\/product\/yoast-seo-wordpress\/ -->\n<title>Kupte si 1P-LSD levn\u00e9 100mcg blottery \u2013 nejlep\u0161\u00ed glob\u00e1ln\u00ed l\u00e9ky<\/title>\n<meta name=\"description\" content=\"Objednat blottery 1P-LSD? Nejlep\u0161\u00ed v\u00fdzkumn\u00e9 chemik\u00e1lie \u2013 rychl\u00e9 dod\u00e1n\u00ed! Kupte si blottery 1P-LSD s bitcoiny, bankovn\u00edm p\u0159evodem a dal\u0161\u00edmi.\" \/>\n<meta name=\"robots\" content=\"index, follow, max-snippet:-1, max-image-preview:large, max-video-preview:-1\" \/>\n<link rel=\"canonical\" href=\"https:\/\/medicinasinc.com\/cs\/product\/buy-1p-lsd-100mcg-blotters\/\" \/>\n<meta property=\"og:locale\" content=\"en_US\" \/>\n<meta property=\"og:type\" content=\"article\" \/>\n<meta property=\"og:title\" content=\"Kupte si 1P-LSD levn\u00e9 100mcg blottery \u2013 nejlep\u0161\u00ed glob\u00e1ln\u00ed l\u00e9ky\" \/>\n<meta property=\"og:description\" content=\"Objednat blottery 1P-LSD? Nejlep\u0161\u00ed v\u00fdzkumn\u00e9 chemik\u00e1lie \u2013 rychl\u00e9 dod\u00e1n\u00ed! Kupte si blottery 1P-LSD s bitcoiny, bankovn\u00edm p\u0159evodem a dal\u0161\u00edmi.\" \/>\n<meta property=\"og:url\" content=\"https:\/\/medicinasinc.com\/cs\/product\/buy-1p-lsd-100mcg-blotters\/\" \/>\n<meta property=\"og:site_name\" content=\"Medicinas Inc\" \/>\n<meta property=\"article:modified_time\" content=\"2022-03-14T12:48:24+00:00\" \/>\n<meta property=\"og:image\" content=\"https:\/\/medicinasinc.com\/cs\/wp-content\/uploads\/sites\/2\/2022\/02\/Buy-1P-LSD-100mcg-Blotters-cheap-online.jpg\" \/>\n\t<meta property=\"og:image:width\" content=\"600\" \/>\n\t<meta property=\"og:image:height\" content=\"600\" \/>\n\t<meta property=\"og:image:type\" content=\"image\/jpeg\" \/>\n<meta name=\"twitter:card\" content=\"summary_large_image\" \/>\n<meta name=\"twitter:label1\" content=\"Est. reading time\" \/>\n\t<meta name=\"twitter:data1\" content=\"2 minutes\" \/>\n<script type=\"application\/ld+json\" class=\"yoast-schema-graph\">{\"@context\":\"https:\\\/\\\/schema.org\",\"@graph\":[{\"@type\":\"WebPage\",\"@id\":\"https:\\\/\\\/medicinasinc.com\\\/cs\\\/product\\\/buy-1p-lsd-100mcg-blotters\\\/\",\"url\":\"https:\\\/\\\/medicinasinc.com\\\/cs\\\/product\\\/buy-1p-lsd-100mcg-blotters\\\/\",\"name\":\"Kupte si 1P-LSD levn\u00e9 100mcg blottery \u2013 nejlep\u0161\u00ed glob\u00e1ln\u00ed l\u00e9ky\",\"isPartOf\":{\"@id\":\"https:\\\/\\\/medicinasinc.com\\\/cs\\\/#website\"},\"primaryImageOfPage\":{\"@id\":\"https:\\\/\\\/medicinasinc.com\\\/cs\\\/product\\\/buy-1p-lsd-100mcg-blotters\\\/#primaryimage\"},\"image\":{\"@id\":\"https:\\\/\\\/medicinasinc.com\\\/cs\\\/product\\\/buy-1p-lsd-100mcg-blotters\\\/#primaryimage\"},\"thumbnailUrl\":\"https:\\\/\\\/medicinasinc.com\\\/cs\\\/wp-content\\\/uploads\\\/sites\\\/2\\\/2022\\\/02\\\/Buy-1P-LSD-100mcg-Blotters-cheap-online.jpg\",\"datePublished\":\"2022-02-20T16:17:53+00:00\",\"dateModified\":\"2022-03-14T12:48:24+00:00\",\"description\":\"Objednat blottery 1P-LSD? Nejlep\u0161\u00ed v\u00fdzkumn\u00e9 chemik\u00e1lie \u2013 rychl\u00e9 dod\u00e1n\u00ed! Kupte si blottery 1P-LSD s bitcoiny, bankovn\u00edm p\u0159evodem a dal\u0161\u00edmi.\",\"breadcrumb\":{\"@id\":\"https:\\\/\\\/medicinasinc.com\\\/cs\\\/product\\\/buy-1p-lsd-100mcg-blotters\\\/#breadcrumb\"},\"inLanguage\":\"en-US\",\"potentialAction\":[{\"@type\":\"ReadAction\",\"target\":[\"https:\\\/\\\/medicinasinc.com\\\/cs\\\/product\\\/buy-1p-lsd-100mcg-blotters\\\/\"]}]},{\"@type\":\"ImageObject\",\"inLanguage\":\"en-US\",\"@id\":\"https:\\\/\\\/medicinasinc.com\\\/cs\\\/product\\\/buy-1p-lsd-100mcg-blotters\\\/#primaryimage\",\"url\":\"https:\\\/\\\/medicinasinc.com\\\/cs\\\/wp-content\\\/uploads\\\/sites\\\/2\\\/2022\\\/02\\\/Buy-1P-LSD-100mcg-Blotters-cheap-online.jpg\",\"contentUrl\":\"https:\\\/\\\/medicinasinc.com\\\/cs\\\/wp-content\\\/uploads\\\/sites\\\/2\\\/2022\\\/02\\\/Buy-1P-LSD-100mcg-Blotters-cheap-online.jpg\",\"width\":600,\"height\":600},{\"@type\":\"BreadcrumbList\",\"@id\":\"https:\\\/\\\/medicinasinc.com\\\/cs\\\/product\\\/buy-1p-lsd-100mcg-blotters\\\/#breadcrumb\",\"itemListElement\":[{\"@type\":\"ListItem\",\"position\":1,\"name\":\"Obchod\",\"item\":\"https:\\\/\\\/medicinasinc.com\\\/cs\\\/obchod\\\/\"},{\"@type\":\"ListItem\",\"position\":2,\"name\":\"Kupte si blottery 1P-LSD 100mcg\"}]},{\"@type\":\"WebSite\",\"@id\":\"https:\\\/\\\/medicinasinc.com\\\/cs\\\/#website\",\"url\":\"https:\\\/\\\/medicinasinc.com\\\/cs\\\/\",\"name\":\"Medicinas Inc\",\"description\":\"Health Medical Clinic\",\"potentialAction\":[{\"@type\":\"SearchAction\",\"target\":{\"@type\":\"EntryPoint\",\"urlTemplate\":\"https:\\\/\\\/medicinasinc.com\\\/cs\\\/?s={search_term_string}\"},\"query-input\":{\"@type\":\"PropertyValueSpecification\",\"valueRequired\":true,\"valueName\":\"search_term_string\"}}],\"inLanguage\":\"en-US\"}]}<\/script>\n<!-- \/ Yoast SEO plugin. -->","yoast_head_json":{"title":"Kupte si 1P-LSD levn\u00e9 100mcg blottery \u2013 nejlep\u0161\u00ed glob\u00e1ln\u00ed l\u00e9ky","description":"Objednat blottery 1P-LSD? Nejlep\u0161\u00ed v\u00fdzkumn\u00e9 chemik\u00e1lie \u2013 rychl\u00e9 dod\u00e1n\u00ed! Kupte si blottery 1P-LSD s bitcoiny, bankovn\u00edm p\u0159evodem a dal\u0161\u00edmi.","robots":{"index":"index","follow":"follow","max-snippet":"max-snippet:-1","max-image-preview":"max-image-preview:large","max-video-preview":"max-video-preview:-1"},"canonical":"https:\/\/medicinasinc.com\/cs\/product\/buy-1p-lsd-100mcg-blotters\/","og_locale":"en_US","og_type":"article","og_title":"Kupte si 1P-LSD levn\u00e9 100mcg blottery \u2013 nejlep\u0161\u00ed glob\u00e1ln\u00ed l\u00e9ky","og_description":"Objednat blottery 1P-LSD? Nejlep\u0161\u00ed v\u00fdzkumn\u00e9 chemik\u00e1lie \u2013 rychl\u00e9 dod\u00e1n\u00ed! Kupte si blottery 1P-LSD s bitcoiny, bankovn\u00edm p\u0159evodem a dal\u0161\u00edmi.","og_url":"https:\/\/medicinasinc.com\/cs\/product\/buy-1p-lsd-100mcg-blotters\/","og_site_name":"Medicinas Inc","article_modified_time":"2022-03-14T12:48:24+00:00","og_image":[{"width":600,"height":600,"url":"https:\/\/medicinasinc.com\/cs\/wp-content\/uploads\/sites\/2\/2022\/02\/Buy-1P-LSD-100mcg-Blotters-cheap-online.jpg","type":"image\/jpeg"}],"twitter_card":"summary_large_image","twitter_misc":{"Est. reading time":"2 minutes"},"schema":{"@context":"https:\/\/schema.org","@graph":[{"@type":"WebPage","@id":"https:\/\/medicinasinc.com\/cs\/product\/buy-1p-lsd-100mcg-blotters\/","url":"https:\/\/medicinasinc.com\/cs\/product\/buy-1p-lsd-100mcg-blotters\/","name":"Kupte si 1P-LSD levn\u00e9 100mcg blottery \u2013 nejlep\u0161\u00ed glob\u00e1ln\u00ed l\u00e9ky","isPartOf":{"@id":"https:\/\/medicinasinc.com\/cs\/#website"},"primaryImageOfPage":{"@id":"https:\/\/medicinasinc.com\/cs\/product\/buy-1p-lsd-100mcg-blotters\/#primaryimage"},"image":{"@id":"https:\/\/medicinasinc.com\/cs\/product\/buy-1p-lsd-100mcg-blotters\/#primaryimage"},"thumbnailUrl":"https:\/\/medicinasinc.com\/cs\/wp-content\/uploads\/sites\/2\/2022\/02\/Buy-1P-LSD-100mcg-Blotters-cheap-online.jpg","datePublished":"2022-02-20T16:17:53+00:00","dateModified":"2022-03-14T12:48:24+00:00","description":"Objednat blottery 1P-LSD? Nejlep\u0161\u00ed v\u00fdzkumn\u00e9 chemik\u00e1lie \u2013 rychl\u00e9 dod\u00e1n\u00ed! Kupte si blottery 1P-LSD s bitcoiny, bankovn\u00edm p\u0159evodem a dal\u0161\u00edmi.","breadcrumb":{"@id":"https:\/\/medicinasinc.com\/cs\/product\/buy-1p-lsd-100mcg-blotters\/#breadcrumb"},"inLanguage":"en-US","potentialAction":[{"@type":"ReadAction","target":["https:\/\/medicinasinc.com\/cs\/product\/buy-1p-lsd-100mcg-blotters\/"]}]},{"@type":"ImageObject","inLanguage":"en-US","@id":"https:\/\/medicinasinc.com\/cs\/product\/buy-1p-lsd-100mcg-blotters\/#primaryimage","url":"https:\/\/medicinasinc.com\/cs\/wp-content\/uploads\/sites\/2\/2022\/02\/Buy-1P-LSD-100mcg-Blotters-cheap-online.jpg","contentUrl":"https:\/\/medicinasinc.com\/cs\/wp-content\/uploads\/sites\/2\/2022\/02\/Buy-1P-LSD-100mcg-Blotters-cheap-online.jpg","width":600,"height":600},{"@type":"BreadcrumbList","@id":"https:\/\/medicinasinc.com\/cs\/product\/buy-1p-lsd-100mcg-blotters\/#breadcrumb","itemListElement":[{"@type":"ListItem","position":1,"name":"Obchod","item":"https:\/\/medicinasinc.com\/cs\/obchod\/"},{"@type":"ListItem","position":2,"name":"Kupte si blottery 1P-LSD 100mcg"}]},{"@type":"WebSite","@id":"https:\/\/medicinasinc.com\/cs\/#website","url":"https:\/\/medicinasinc.com\/cs\/","name":"Medicinas Inc","description":"Health Medical Clinic","potentialAction":[{"@type":"SearchAction","target":{"@type":"EntryPoint","urlTemplate":"https:\/\/medicinasinc.com\/cs\/?s={search_term_string}"},"query-input":{"@type":"PropertyValueSpecification","valueRequired":true,"valueName":"search_term_string"}}],"inLanguage":"en-US"}]}},"_links":{"self":[{"href":"https:\/\/medicinasinc.com\/cs\/wp-json\/wp\/v2\/product\/4808","targetHints":{"allow":["GET"]}}],"collection":[{"href":"https:\/\/medicinasinc.com\/cs\/wp-json\/wp\/v2\/product"}],"about":[{"href":"https:\/\/medicinasinc.com\/cs\/wp-json\/wp\/v2\/types\/product"}],"replies":[{"embeddable":true,"href":"https:\/\/medicinasinc.com\/cs\/wp-json\/wp\/v2\/comments?post=4808"}],"wp:featuredmedia":[{"embeddable":true,"href":"https:\/\/medicinasinc.com\/cs\/wp-json\/wp\/v2\/media\/4821"}],"wp:attachment":[{"href":"https:\/\/medicinasinc.com\/cs\/wp-json\/wp\/v2\/media?parent=4808"}],"wp:term":[{"taxonomy":"product_brand","embeddable":true,"href":"https:\/\/medicinasinc.com\/cs\/wp-json\/wp\/v2\/product_brand?post=4808"},{"taxonomy":"product_cat","embeddable":true,"href":"https:\/\/medicinasinc.com\/cs\/wp-json\/wp\/v2\/product_cat?post=4808"},{"taxonomy":"product_tag","embeddable":true,"href":"https:\/\/medicinasinc.com\/cs\/wp-json\/wp\/v2\/product_tag?post=4808"}],"curies":[{"name":"wp","href":"https:\/\/api.w.org\/{rel}","templated":true}]}}