{"id":4794,"date":"2022-02-20T16:06:08","date_gmt":"2022-02-20T16:06:08","guid":{"rendered":"https:\/\/medicinasinc.com\/cs\/?post_type=product&#038;p=4794"},"modified":"2022-03-14T12:51:02","modified_gmt":"2022-03-14T12:51:02","slug":"buy-nyc-diesel-budder-top-police","status":"publish","type":"product","link":"https:\/\/medicinasinc.com\/cs\/product\/buy-nyc-diesel-budder-top-police\/","title":{"rendered":"Kupte si NYC Diesel Budder \u2013 horn\u00ed police"},"content":{"rendered":"<p>Kupte si New York City Diesel Budder \u2013 Top Shelf<\/p>\n<p>NYC Diesel je 60% kmen Sativa, kter\u00fd je k\u0159\u00ed\u017eencem mexick\u00e9 a afgh\u00e1nsk\u00e9 landrace genetiky. Siln\u011b von\u00ed po kysel\u00fdch grapefruitech a kysel\u00fdch citrusov\u00fdch plodech. NYC Diesel je vynikaj\u00edc\u00ed denn\u00ed z\u00e1t\u011b\u017e d\u00edky sv\u00e9 vysok\u00e9 mozkov\u00e9 stimulaci, kter\u00e1 podporuje du\u0161evn\u00ed jasnost a bd\u011blost. Krom\u011b sv\u00fdch energizuj\u00edc\u00edch \u00fa\u010dink\u016f NYC Diesel pozved\u00e1v\u00e1 n\u00e1ladu a stimuluje kreativitu, co\u017e z n\u011bj d\u011bl\u00e1 \u00fa\u010dinnou l\u00e9\u010dbu deprese. V pr\u016fb\u011bhu \u010dasu \u00fa\u010dinky tohoto kmene navozuj\u00ed v t\u011ble m\u00edrn\u00fd stav relaxace, kter\u00fd nevede k ospalosti, ale m\u016f\u017ee u n\u011bkter\u00fdch u\u017eivatel\u016f stimulovat chu\u0165 k j\u00eddlu. Nej\u00fa\u010dinn\u011bj\u0161\u00ed pou\u017eit\u00ed NYC Diesel je p\u0159i l\u00e9\u010db\u011b \u00fazkosti \/ soci\u00e1ln\u00ed \u00fazkosti, deprese, chronick\u00e9 bolesti, ztr\u00e1ty chuti k j\u00eddlu a \u0161patn\u00e9 n\u00e1lady.<\/p>\n","protected":false},"excerpt":{"rendered":"<p>Kupte si NYC Diesel Budderl &#8211; K\u0159\u00ed\u017eenec mezi mexick\u00fdmi a afgh\u00e1nsk\u00fdmi krajov\u00fdmi rasami, tento kmen s p\u0159evahou 60 procent Sativa je nyn\u00ed dostupn\u00fd za nejlep\u0161\u00ed cenu.<\/p>\n<ul>\n<li>Celosv\u011btov\u00e1 doprava<\/li>\n<li><strong>Koncentr\u00e1t slo\u017een\u00fd z 97 -99% THC<\/strong><\/li>\n<li><strong>99% \u010dist\u00e9 THC-A<\/strong><\/li>\n<li><strong>Kontaktujte n\u00e1s<\/strong>\u00a0pro v\u011bt\u0161\u00ed objedn\u00e1vky<\/li>\n<\/ul>\n","protected":false},"featured_media":4807,"comment_status":"open","ping_status":"closed","template":"","meta":[],"product_brand":[],"product_cat":[702],"product_tag":[],"class_list":{"0":"post-4794","1":"product","2":"type-product","3":"status-publish","4":"has-post-thumbnail","6":"product_cat-koupit-konopi-vosk","8":"first","9":"instock","10":"shipping-taxable","11":"purchasable","12":"product-type-variable","13":"has-default-attributes"},"yoast_head":"<!-- This site is optimized with the Yoast SEO plugin v27.3 - https:\/\/yoast.com\/product\/yoast-seo-wordpress\/ -->\n<title>Koupit NYC Diesel Budder \u2013 horn\u00ed police \u2013 nejlep\u0161\u00ed nejlep\u0161\u00ed glob\u00e1ln\u00ed l\u00e9ky<\/title>\n<meta name=\"description\" content=\"Koupit NYC Diesel Budderl \u2013 k\u0159\u00ed\u017eenec mezi mexick\u00fdmi a afgh\u00e1nsk\u00fdmi krajov\u00fdmi rasami, je 60% kmen s dominantn\u00edm Sativa, nyn\u00ed dostupn\u00fd k prodeji za nejlep\u0161\u00ed cenu.\" \/>\n<meta name=\"robots\" content=\"index, follow, max-snippet:-1, max-image-preview:large, max-video-preview:-1\" \/>\n<link rel=\"canonical\" href=\"https:\/\/medicinasinc.com\/cs\/product\/buy-nyc-diesel-budder-top-police\/\" \/>\n<meta property=\"og:locale\" content=\"en_US\" \/>\n<meta property=\"og:type\" content=\"article\" \/>\n<meta property=\"og:title\" content=\"Koupit NYC Diesel Budder \u2013 horn\u00ed police \u2013 nejlep\u0161\u00ed nejlep\u0161\u00ed glob\u00e1ln\u00ed l\u00e9ky\" \/>\n<meta property=\"og:description\" content=\"Koupit NYC Diesel Budderl \u2013 k\u0159\u00ed\u017eenec mezi mexick\u00fdmi a afgh\u00e1nsk\u00fdmi krajov\u00fdmi rasami, je 60% kmen s dominantn\u00edm Sativa, nyn\u00ed dostupn\u00fd k prodeji za nejlep\u0161\u00ed cenu.\" \/>\n<meta property=\"og:url\" content=\"https:\/\/medicinasinc.com\/cs\/product\/buy-nyc-diesel-budder-top-police\/\" \/>\n<meta property=\"og:site_name\" content=\"Medicinas Inc\" \/>\n<meta property=\"article:modified_time\" content=\"2022-03-14T12:51:02+00:00\" \/>\n<meta property=\"og:image\" content=\"https:\/\/medicinasinc.com\/cs\/wp-content\/uploads\/sites\/2\/2022\/02\/Buy-NYC-Diesel-Budder..jpg\" \/>\n\t<meta property=\"og:image:width\" content=\"600\" \/>\n\t<meta property=\"og:image:height\" content=\"600\" \/>\n\t<meta property=\"og:image:type\" content=\"image\/jpeg\" \/>\n<meta name=\"twitter:card\" content=\"summary_large_image\" \/>\n<meta name=\"twitter:label1\" content=\"Est. reading time\" \/>\n\t<meta name=\"twitter:data1\" content=\"1 minute\" \/>\n<script type=\"application\/ld+json\" class=\"yoast-schema-graph\">{\"@context\":\"https:\\\/\\\/schema.org\",\"@graph\":[{\"@type\":\"WebPage\",\"@id\":\"https:\\\/\\\/medicinasinc.com\\\/cs\\\/product\\\/buy-nyc-diesel-budder-top-police\\\/\",\"url\":\"https:\\\/\\\/medicinasinc.com\\\/cs\\\/product\\\/buy-nyc-diesel-budder-top-police\\\/\",\"name\":\"Koupit NYC Diesel Budder \u2013 horn\u00ed police \u2013 nejlep\u0161\u00ed nejlep\u0161\u00ed glob\u00e1ln\u00ed l\u00e9ky\",\"isPartOf\":{\"@id\":\"https:\\\/\\\/medicinasinc.com\\\/cs\\\/#website\"},\"primaryImageOfPage\":{\"@id\":\"https:\\\/\\\/medicinasinc.com\\\/cs\\\/product\\\/buy-nyc-diesel-budder-top-police\\\/#primaryimage\"},\"image\":{\"@id\":\"https:\\\/\\\/medicinasinc.com\\\/cs\\\/product\\\/buy-nyc-diesel-budder-top-police\\\/#primaryimage\"},\"thumbnailUrl\":\"https:\\\/\\\/medicinasinc.com\\\/cs\\\/wp-content\\\/uploads\\\/sites\\\/2\\\/2022\\\/02\\\/Buy-NYC-Diesel-Budder..jpg\",\"datePublished\":\"2022-02-20T16:06:08+00:00\",\"dateModified\":\"2022-03-14T12:51:02+00:00\",\"description\":\"Koupit NYC Diesel Budderl \u2013 k\u0159\u00ed\u017eenec mezi mexick\u00fdmi a afgh\u00e1nsk\u00fdmi krajov\u00fdmi rasami, je 60% kmen s dominantn\u00edm Sativa, nyn\u00ed dostupn\u00fd k prodeji za nejlep\u0161\u00ed cenu.\",\"breadcrumb\":{\"@id\":\"https:\\\/\\\/medicinasinc.com\\\/cs\\\/product\\\/buy-nyc-diesel-budder-top-police\\\/#breadcrumb\"},\"inLanguage\":\"en-US\",\"potentialAction\":[{\"@type\":\"ReadAction\",\"target\":[\"https:\\\/\\\/medicinasinc.com\\\/cs\\\/product\\\/buy-nyc-diesel-budder-top-police\\\/\"]}]},{\"@type\":\"ImageObject\",\"inLanguage\":\"en-US\",\"@id\":\"https:\\\/\\\/medicinasinc.com\\\/cs\\\/product\\\/buy-nyc-diesel-budder-top-police\\\/#primaryimage\",\"url\":\"https:\\\/\\\/medicinasinc.com\\\/cs\\\/wp-content\\\/uploads\\\/sites\\\/2\\\/2022\\\/02\\\/Buy-NYC-Diesel-Budder..jpg\",\"contentUrl\":\"https:\\\/\\\/medicinasinc.com\\\/cs\\\/wp-content\\\/uploads\\\/sites\\\/2\\\/2022\\\/02\\\/Buy-NYC-Diesel-Budder..jpg\",\"width\":600,\"height\":600},{\"@type\":\"BreadcrumbList\",\"@id\":\"https:\\\/\\\/medicinasinc.com\\\/cs\\\/product\\\/buy-nyc-diesel-budder-top-police\\\/#breadcrumb\",\"itemListElement\":[{\"@type\":\"ListItem\",\"position\":1,\"name\":\"Obchod\",\"item\":\"https:\\\/\\\/medicinasinc.com\\\/cs\\\/obchod\\\/\"},{\"@type\":\"ListItem\",\"position\":2,\"name\":\"Kupte si NYC Diesel Budder \u2013 horn\u00ed police\"}]},{\"@type\":\"WebSite\",\"@id\":\"https:\\\/\\\/medicinasinc.com\\\/cs\\\/#website\",\"url\":\"https:\\\/\\\/medicinasinc.com\\\/cs\\\/\",\"name\":\"Medicinas Inc\",\"description\":\"Health Medical Clinic\",\"potentialAction\":[{\"@type\":\"SearchAction\",\"target\":{\"@type\":\"EntryPoint\",\"urlTemplate\":\"https:\\\/\\\/medicinasinc.com\\\/cs\\\/?s={search_term_string}\"},\"query-input\":{\"@type\":\"PropertyValueSpecification\",\"valueRequired\":true,\"valueName\":\"search_term_string\"}}],\"inLanguage\":\"en-US\"}]}<\/script>\n<!-- \/ Yoast SEO plugin. -->","yoast_head_json":{"title":"Koupit NYC Diesel Budder \u2013 horn\u00ed police \u2013 nejlep\u0161\u00ed nejlep\u0161\u00ed glob\u00e1ln\u00ed l\u00e9ky","description":"Koupit NYC Diesel Budderl \u2013 k\u0159\u00ed\u017eenec mezi mexick\u00fdmi a afgh\u00e1nsk\u00fdmi krajov\u00fdmi rasami, je 60% kmen s dominantn\u00edm Sativa, nyn\u00ed dostupn\u00fd k prodeji za nejlep\u0161\u00ed cenu.","robots":{"index":"index","follow":"follow","max-snippet":"max-snippet:-1","max-image-preview":"max-image-preview:large","max-video-preview":"max-video-preview:-1"},"canonical":"https:\/\/medicinasinc.com\/cs\/product\/buy-nyc-diesel-budder-top-police\/","og_locale":"en_US","og_type":"article","og_title":"Koupit NYC Diesel Budder \u2013 horn\u00ed police \u2013 nejlep\u0161\u00ed nejlep\u0161\u00ed glob\u00e1ln\u00ed l\u00e9ky","og_description":"Koupit NYC Diesel Budderl \u2013 k\u0159\u00ed\u017eenec mezi mexick\u00fdmi a afgh\u00e1nsk\u00fdmi krajov\u00fdmi rasami, je 60% kmen s dominantn\u00edm Sativa, nyn\u00ed dostupn\u00fd k prodeji za nejlep\u0161\u00ed cenu.","og_url":"https:\/\/medicinasinc.com\/cs\/product\/buy-nyc-diesel-budder-top-police\/","og_site_name":"Medicinas Inc","article_modified_time":"2022-03-14T12:51:02+00:00","og_image":[{"width":600,"height":600,"url":"https:\/\/medicinasinc.com\/cs\/wp-content\/uploads\/sites\/2\/2022\/02\/Buy-NYC-Diesel-Budder..jpg","type":"image\/jpeg"}],"twitter_card":"summary_large_image","twitter_misc":{"Est. reading time":"1 minute"},"schema":{"@context":"https:\/\/schema.org","@graph":[{"@type":"WebPage","@id":"https:\/\/medicinasinc.com\/cs\/product\/buy-nyc-diesel-budder-top-police\/","url":"https:\/\/medicinasinc.com\/cs\/product\/buy-nyc-diesel-budder-top-police\/","name":"Koupit NYC Diesel Budder \u2013 horn\u00ed police \u2013 nejlep\u0161\u00ed nejlep\u0161\u00ed glob\u00e1ln\u00ed l\u00e9ky","isPartOf":{"@id":"https:\/\/medicinasinc.com\/cs\/#website"},"primaryImageOfPage":{"@id":"https:\/\/medicinasinc.com\/cs\/product\/buy-nyc-diesel-budder-top-police\/#primaryimage"},"image":{"@id":"https:\/\/medicinasinc.com\/cs\/product\/buy-nyc-diesel-budder-top-police\/#primaryimage"},"thumbnailUrl":"https:\/\/medicinasinc.com\/cs\/wp-content\/uploads\/sites\/2\/2022\/02\/Buy-NYC-Diesel-Budder..jpg","datePublished":"2022-02-20T16:06:08+00:00","dateModified":"2022-03-14T12:51:02+00:00","description":"Koupit NYC Diesel Budderl \u2013 k\u0159\u00ed\u017eenec mezi mexick\u00fdmi a afgh\u00e1nsk\u00fdmi krajov\u00fdmi rasami, je 60% kmen s dominantn\u00edm Sativa, nyn\u00ed dostupn\u00fd k prodeji za nejlep\u0161\u00ed cenu.","breadcrumb":{"@id":"https:\/\/medicinasinc.com\/cs\/product\/buy-nyc-diesel-budder-top-police\/#breadcrumb"},"inLanguage":"en-US","potentialAction":[{"@type":"ReadAction","target":["https:\/\/medicinasinc.com\/cs\/product\/buy-nyc-diesel-budder-top-police\/"]}]},{"@type":"ImageObject","inLanguage":"en-US","@id":"https:\/\/medicinasinc.com\/cs\/product\/buy-nyc-diesel-budder-top-police\/#primaryimage","url":"https:\/\/medicinasinc.com\/cs\/wp-content\/uploads\/sites\/2\/2022\/02\/Buy-NYC-Diesel-Budder..jpg","contentUrl":"https:\/\/medicinasinc.com\/cs\/wp-content\/uploads\/sites\/2\/2022\/02\/Buy-NYC-Diesel-Budder..jpg","width":600,"height":600},{"@type":"BreadcrumbList","@id":"https:\/\/medicinasinc.com\/cs\/product\/buy-nyc-diesel-budder-top-police\/#breadcrumb","itemListElement":[{"@type":"ListItem","position":1,"name":"Obchod","item":"https:\/\/medicinasinc.com\/cs\/obchod\/"},{"@type":"ListItem","position":2,"name":"Kupte si NYC Diesel Budder \u2013 horn\u00ed police"}]},{"@type":"WebSite","@id":"https:\/\/medicinasinc.com\/cs\/#website","url":"https:\/\/medicinasinc.com\/cs\/","name":"Medicinas Inc","description":"Health Medical Clinic","potentialAction":[{"@type":"SearchAction","target":{"@type":"EntryPoint","urlTemplate":"https:\/\/medicinasinc.com\/cs\/?s={search_term_string}"},"query-input":{"@type":"PropertyValueSpecification","valueRequired":true,"valueName":"search_term_string"}}],"inLanguage":"en-US"}]}},"_links":{"self":[{"href":"https:\/\/medicinasinc.com\/cs\/wp-json\/wp\/v2\/product\/4794","targetHints":{"allow":["GET"]}}],"collection":[{"href":"https:\/\/medicinasinc.com\/cs\/wp-json\/wp\/v2\/product"}],"about":[{"href":"https:\/\/medicinasinc.com\/cs\/wp-json\/wp\/v2\/types\/product"}],"replies":[{"embeddable":true,"href":"https:\/\/medicinasinc.com\/cs\/wp-json\/wp\/v2\/comments?post=4794"}],"wp:featuredmedia":[{"embeddable":true,"href":"https:\/\/medicinasinc.com\/cs\/wp-json\/wp\/v2\/media\/4807"}],"wp:attachment":[{"href":"https:\/\/medicinasinc.com\/cs\/wp-json\/wp\/v2\/media?parent=4794"}],"wp:term":[{"taxonomy":"product_brand","embeddable":true,"href":"https:\/\/medicinasinc.com\/cs\/wp-json\/wp\/v2\/product_brand?post=4794"},{"taxonomy":"product_cat","embeddable":true,"href":"https:\/\/medicinasinc.com\/cs\/wp-json\/wp\/v2\/product_cat?post=4794"},{"taxonomy":"product_tag","embeddable":true,"href":"https:\/\/medicinasinc.com\/cs\/wp-json\/wp\/v2\/product_tag?post=4794"}],"curies":[{"name":"wp","href":"https:\/\/api.w.org\/{rel}","templated":true}]}}