{"id":4779,"date":"2022-02-20T15:55:42","date_gmt":"2022-02-20T15:55:42","guid":{"rendered":"https:\/\/medicinasinc.com\/cs\/?post_type=product&#038;p=4779"},"modified":"2022-03-14T12:51:22","modified_gmt":"2022-03-14T12:51:22","slug":"buy-alaskan-thunder-fuck-budder-top-police","status":"publish","type":"product","link":"https:\/\/medicinasinc.com\/cs\/product\/buy-alaskan-thunder-fuck-budder-top-police\/","title":{"rendered":"Koupit Alaskan Thunder Fuck Budder \u2013 horn\u00ed police"},"content":{"rendered":"<p>Kupte si Alaskan Thunder Fuck Budder \u2013 pr\u00e9miov\u00e1 kvalita<\/p>\n<p>Alaskan Thunder Fuck, zkr\u00e1cen\u011b ATF, Matanuska Thunder Fuck nebo Matanuska Tundra, je vz\u00e1cn\u00fd kmen s dominantn\u00ed sativou, kter\u00fd poch\u00e1z\u00ed z alja\u0161sk\u00e9ho \u00fadol\u00ed Matanuska. P\u0159edpokl\u00e1d\u00e1 se, \u017ee vznikl jako k\u0159\u00ed\u017eenec mezi sativou ze severn\u00ed Kalifornie a rusk\u00fdm ruderalisem, ne\u017e byl koncem 70. let zk\u0159\u00ed\u017een\u00fd s afgh\u00e1nskou genetikou. Tento kmen m\u00e1 \u0161tiplav\u00e9 aroma, kter\u00e9 m\u00eds\u00ed borovici a citron s t\u00f3ny skunku a mentolu. ATF je zbo\u017e\u0148ov\u00e1n pro sv\u00e9 vlastnosti stimuluj\u00edc\u00ed chu\u0165 k j\u00eddlu a vlastnosti podobn\u00e9 pop\u00ednav\u00e9 rostlin\u011b. ATF high za\u010d\u00edn\u00e1 v\u00fdbuchem mozkov\u00e9 stimulace, kter\u00e1 podporuje soci\u00e1ln\u00ed interakci a kreativitu. Jak se intenzita euforie zvy\u0161uje, t\u011blo se za\u010d\u00edn\u00e1 uvol\u0148ovat a dostavuje se hlad. Alaskan Thunder Fuck lze pou\u017e\u00edt k l\u00e9\u010db\u011b chronick\u00e9ho stresu, deprese a m\u00edrn\u00e9 a\u017e st\u0159edn\u011b siln\u00e9 bolesti.<\/p>\n","protected":false},"excerpt":{"rendered":"<p>Kupte si Alaskan Thunder Fuck Budder \u2013 pr\u00e9miov\u00e1 kvalita<\/p>\n<p>&nbsp;<\/p>\n<ul>\n<li>Celosv\u011btov\u00e1 doprava<\/li>\n<li>Minim\u00e1ln\u00ed mno\u017estv\u00ed objedn\u00e1vky je <strong>3<\/li>\n<p> strong&gt;<\/li>\n<li><strong>Kontaktujte n\u00e1s<\/strong>\u00a0pro v\u011bt\u0161\u00ed objedn\u00e1vky<\/li>\n<\/ul>\n","protected":false},"featured_media":4793,"comment_status":"open","ping_status":"closed","template":"","meta":[],"product_brand":[],"product_cat":[702],"product_tag":[],"class_list":{"0":"post-4779","1":"product","2":"type-product","3":"status-publish","4":"has-post-thumbnail","6":"product_cat-koupit-konopi-vosk","8":"first","9":"instock","10":"shipping-taxable","11":"purchasable","12":"product-type-variable","13":"has-default-attributes"},"yoast_head":"<!-- This site is optimized with the Yoast SEO plugin v27.3 - https:\/\/yoast.com\/product\/yoast-seo-wordpress\/ -->\n<title>Koupit Alaskan Thunder Fuck Budder \u2013 horn\u00ed police - Medicinas Inc<\/title>\n<meta name=\"description\" content=\"Kupte si Alaskan Thunder Fuck Budder \u2013 pr\u00e9miov\u00e1 kvalita\" \/>\n<meta name=\"robots\" content=\"index, follow, max-snippet:-1, max-image-preview:large, max-video-preview:-1\" \/>\n<link rel=\"canonical\" href=\"https:\/\/medicinasinc.com\/cs\/product\/buy-alaskan-thunder-fuck-budder-top-police\/\" \/>\n<meta property=\"og:locale\" content=\"en_US\" \/>\n<meta property=\"og:type\" content=\"article\" \/>\n<meta property=\"og:title\" content=\"Koupit Alaskan Thunder Fuck Budder \u2013 horn\u00ed police - Medicinas Inc\" \/>\n<meta property=\"og:description\" content=\"Kupte si Alaskan Thunder Fuck Budder \u2013 pr\u00e9miov\u00e1 kvalita\" \/>\n<meta property=\"og:url\" content=\"https:\/\/medicinasinc.com\/cs\/product\/buy-alaskan-thunder-fuck-budder-top-police\/\" \/>\n<meta property=\"og:site_name\" content=\"Medicinas Inc\" \/>\n<meta property=\"article:modified_time\" content=\"2022-03-14T12:51:22+00:00\" \/>\n<meta property=\"og:image\" content=\"https:\/\/medicinasinc.com\/cs\/wp-content\/uploads\/sites\/2\/2022\/02\/Buy-Alaskan-Thunder-Fuck-Budder.jpg\" \/>\n\t<meta property=\"og:image:width\" content=\"600\" \/>\n\t<meta property=\"og:image:height\" content=\"600\" \/>\n\t<meta property=\"og:image:type\" content=\"image\/jpeg\" \/>\n<meta name=\"twitter:card\" content=\"summary_large_image\" \/>\n<meta name=\"twitter:label1\" content=\"Est. reading time\" \/>\n\t<meta name=\"twitter:data1\" content=\"1 minute\" \/>\n<script type=\"application\/ld+json\" class=\"yoast-schema-graph\">{\"@context\":\"https:\\\/\\\/schema.org\",\"@graph\":[{\"@type\":\"WebPage\",\"@id\":\"https:\\\/\\\/medicinasinc.com\\\/cs\\\/product\\\/buy-alaskan-thunder-fuck-budder-top-police\\\/\",\"url\":\"https:\\\/\\\/medicinasinc.com\\\/cs\\\/product\\\/buy-alaskan-thunder-fuck-budder-top-police\\\/\",\"name\":\"Koupit Alaskan Thunder Fuck Budder \u2013 horn\u00ed police - Medicinas Inc\",\"isPartOf\":{\"@id\":\"https:\\\/\\\/medicinasinc.com\\\/cs\\\/#website\"},\"primaryImageOfPage\":{\"@id\":\"https:\\\/\\\/medicinasinc.com\\\/cs\\\/product\\\/buy-alaskan-thunder-fuck-budder-top-police\\\/#primaryimage\"},\"image\":{\"@id\":\"https:\\\/\\\/medicinasinc.com\\\/cs\\\/product\\\/buy-alaskan-thunder-fuck-budder-top-police\\\/#primaryimage\"},\"thumbnailUrl\":\"https:\\\/\\\/medicinasinc.com\\\/cs\\\/wp-content\\\/uploads\\\/sites\\\/2\\\/2022\\\/02\\\/Buy-Alaskan-Thunder-Fuck-Budder.jpg\",\"datePublished\":\"2022-02-20T15:55:42+00:00\",\"dateModified\":\"2022-03-14T12:51:22+00:00\",\"description\":\"Kupte si Alaskan Thunder Fuck Budder \u2013 pr\u00e9miov\u00e1 kvalita\",\"breadcrumb\":{\"@id\":\"https:\\\/\\\/medicinasinc.com\\\/cs\\\/product\\\/buy-alaskan-thunder-fuck-budder-top-police\\\/#breadcrumb\"},\"inLanguage\":\"en-US\",\"potentialAction\":[{\"@type\":\"ReadAction\",\"target\":[\"https:\\\/\\\/medicinasinc.com\\\/cs\\\/product\\\/buy-alaskan-thunder-fuck-budder-top-police\\\/\"]}]},{\"@type\":\"ImageObject\",\"inLanguage\":\"en-US\",\"@id\":\"https:\\\/\\\/medicinasinc.com\\\/cs\\\/product\\\/buy-alaskan-thunder-fuck-budder-top-police\\\/#primaryimage\",\"url\":\"https:\\\/\\\/medicinasinc.com\\\/cs\\\/wp-content\\\/uploads\\\/sites\\\/2\\\/2022\\\/02\\\/Buy-Alaskan-Thunder-Fuck-Budder.jpg\",\"contentUrl\":\"https:\\\/\\\/medicinasinc.com\\\/cs\\\/wp-content\\\/uploads\\\/sites\\\/2\\\/2022\\\/02\\\/Buy-Alaskan-Thunder-Fuck-Budder.jpg\",\"width\":600,\"height\":600},{\"@type\":\"BreadcrumbList\",\"@id\":\"https:\\\/\\\/medicinasinc.com\\\/cs\\\/product\\\/buy-alaskan-thunder-fuck-budder-top-police\\\/#breadcrumb\",\"itemListElement\":[{\"@type\":\"ListItem\",\"position\":1,\"name\":\"Obchod\",\"item\":\"https:\\\/\\\/medicinasinc.com\\\/cs\\\/obchod\\\/\"},{\"@type\":\"ListItem\",\"position\":2,\"name\":\"Koupit Alaskan Thunder Fuck Budder \u2013 horn\u00ed police\"}]},{\"@type\":\"WebSite\",\"@id\":\"https:\\\/\\\/medicinasinc.com\\\/cs\\\/#website\",\"url\":\"https:\\\/\\\/medicinasinc.com\\\/cs\\\/\",\"name\":\"Medicinas Inc\",\"description\":\"Health Medical Clinic\",\"potentialAction\":[{\"@type\":\"SearchAction\",\"target\":{\"@type\":\"EntryPoint\",\"urlTemplate\":\"https:\\\/\\\/medicinasinc.com\\\/cs\\\/?s={search_term_string}\"},\"query-input\":{\"@type\":\"PropertyValueSpecification\",\"valueRequired\":true,\"valueName\":\"search_term_string\"}}],\"inLanguage\":\"en-US\"}]}<\/script>\n<!-- \/ Yoast SEO plugin. -->","yoast_head_json":{"title":"Koupit Alaskan Thunder Fuck Budder \u2013 horn\u00ed police - Medicinas Inc","description":"Kupte si Alaskan Thunder Fuck Budder \u2013 pr\u00e9miov\u00e1 kvalita","robots":{"index":"index","follow":"follow","max-snippet":"max-snippet:-1","max-image-preview":"max-image-preview:large","max-video-preview":"max-video-preview:-1"},"canonical":"https:\/\/medicinasinc.com\/cs\/product\/buy-alaskan-thunder-fuck-budder-top-police\/","og_locale":"en_US","og_type":"article","og_title":"Koupit Alaskan Thunder Fuck Budder \u2013 horn\u00ed police - Medicinas Inc","og_description":"Kupte si Alaskan Thunder Fuck Budder \u2013 pr\u00e9miov\u00e1 kvalita","og_url":"https:\/\/medicinasinc.com\/cs\/product\/buy-alaskan-thunder-fuck-budder-top-police\/","og_site_name":"Medicinas Inc","article_modified_time":"2022-03-14T12:51:22+00:00","og_image":[{"width":600,"height":600,"url":"https:\/\/medicinasinc.com\/cs\/wp-content\/uploads\/sites\/2\/2022\/02\/Buy-Alaskan-Thunder-Fuck-Budder.jpg","type":"image\/jpeg"}],"twitter_card":"summary_large_image","twitter_misc":{"Est. reading time":"1 minute"},"schema":{"@context":"https:\/\/schema.org","@graph":[{"@type":"WebPage","@id":"https:\/\/medicinasinc.com\/cs\/product\/buy-alaskan-thunder-fuck-budder-top-police\/","url":"https:\/\/medicinasinc.com\/cs\/product\/buy-alaskan-thunder-fuck-budder-top-police\/","name":"Koupit Alaskan Thunder Fuck Budder \u2013 horn\u00ed police - Medicinas Inc","isPartOf":{"@id":"https:\/\/medicinasinc.com\/cs\/#website"},"primaryImageOfPage":{"@id":"https:\/\/medicinasinc.com\/cs\/product\/buy-alaskan-thunder-fuck-budder-top-police\/#primaryimage"},"image":{"@id":"https:\/\/medicinasinc.com\/cs\/product\/buy-alaskan-thunder-fuck-budder-top-police\/#primaryimage"},"thumbnailUrl":"https:\/\/medicinasinc.com\/cs\/wp-content\/uploads\/sites\/2\/2022\/02\/Buy-Alaskan-Thunder-Fuck-Budder.jpg","datePublished":"2022-02-20T15:55:42+00:00","dateModified":"2022-03-14T12:51:22+00:00","description":"Kupte si Alaskan Thunder Fuck Budder \u2013 pr\u00e9miov\u00e1 kvalita","breadcrumb":{"@id":"https:\/\/medicinasinc.com\/cs\/product\/buy-alaskan-thunder-fuck-budder-top-police\/#breadcrumb"},"inLanguage":"en-US","potentialAction":[{"@type":"ReadAction","target":["https:\/\/medicinasinc.com\/cs\/product\/buy-alaskan-thunder-fuck-budder-top-police\/"]}]},{"@type":"ImageObject","inLanguage":"en-US","@id":"https:\/\/medicinasinc.com\/cs\/product\/buy-alaskan-thunder-fuck-budder-top-police\/#primaryimage","url":"https:\/\/medicinasinc.com\/cs\/wp-content\/uploads\/sites\/2\/2022\/02\/Buy-Alaskan-Thunder-Fuck-Budder.jpg","contentUrl":"https:\/\/medicinasinc.com\/cs\/wp-content\/uploads\/sites\/2\/2022\/02\/Buy-Alaskan-Thunder-Fuck-Budder.jpg","width":600,"height":600},{"@type":"BreadcrumbList","@id":"https:\/\/medicinasinc.com\/cs\/product\/buy-alaskan-thunder-fuck-budder-top-police\/#breadcrumb","itemListElement":[{"@type":"ListItem","position":1,"name":"Obchod","item":"https:\/\/medicinasinc.com\/cs\/obchod\/"},{"@type":"ListItem","position":2,"name":"Koupit Alaskan Thunder Fuck Budder \u2013 horn\u00ed police"}]},{"@type":"WebSite","@id":"https:\/\/medicinasinc.com\/cs\/#website","url":"https:\/\/medicinasinc.com\/cs\/","name":"Medicinas Inc","description":"Health Medical Clinic","potentialAction":[{"@type":"SearchAction","target":{"@type":"EntryPoint","urlTemplate":"https:\/\/medicinasinc.com\/cs\/?s={search_term_string}"},"query-input":{"@type":"PropertyValueSpecification","valueRequired":true,"valueName":"search_term_string"}}],"inLanguage":"en-US"}]}},"_links":{"self":[{"href":"https:\/\/medicinasinc.com\/cs\/wp-json\/wp\/v2\/product\/4779","targetHints":{"allow":["GET"]}}],"collection":[{"href":"https:\/\/medicinasinc.com\/cs\/wp-json\/wp\/v2\/product"}],"about":[{"href":"https:\/\/medicinasinc.com\/cs\/wp-json\/wp\/v2\/types\/product"}],"replies":[{"embeddable":true,"href":"https:\/\/medicinasinc.com\/cs\/wp-json\/wp\/v2\/comments?post=4779"}],"wp:featuredmedia":[{"embeddable":true,"href":"https:\/\/medicinasinc.com\/cs\/wp-json\/wp\/v2\/media\/4793"}],"wp:attachment":[{"href":"https:\/\/medicinasinc.com\/cs\/wp-json\/wp\/v2\/media?parent=4779"}],"wp:term":[{"taxonomy":"product_brand","embeddable":true,"href":"https:\/\/medicinasinc.com\/cs\/wp-json\/wp\/v2\/product_brand?post=4779"},{"taxonomy":"product_cat","embeddable":true,"href":"https:\/\/medicinasinc.com\/cs\/wp-json\/wp\/v2\/product_cat?post=4779"},{"taxonomy":"product_tag","embeddable":true,"href":"https:\/\/medicinasinc.com\/cs\/wp-json\/wp\/v2\/product_tag?post=4779"}],"curies":[{"name":"wp","href":"https:\/\/api.w.org\/{rel}","templated":true}]}}